{"id":10822,"date":"2022-11-04T11:14:43","date_gmt":"2022-11-04T11:14:43","guid":{"rendered":"https:\/\/transformiran.com\/mit-amazon-smile-spenden\/"},"modified":"2025-04-02T11:05:30","modified_gmt":"2025-04-02T10:05:30","slug":"mit-amazon-smile-spenden","status":"publish","type":"page","link":"https:\/\/transformiran.com\/de\/spenden-sie\/mit-amazon-smile-spenden\/","title":{"rendered":"Mit Amazon Smile spenden"},"content":{"rendered":"\n<h2 class=\"wp-block-heading\">Was ist AmazonSmile?<\/h2>\n\n<p>AmazonSmile bietet Ihnen eine einfache M\u00f6glichkeit, bei jedem Einkauf Ihre bevorzugte Wohlt\u00e4tigkeitsorganisation zu unterst\u00fctzen, ohne dass Ihnen dadurch Kosten entstehen. AmazonSmile ist unter smile.amazon.com oder smile.amazon.co.uk in Ihrem Webbrowser verf\u00fcgbar und kann in der Amazon Shopping-App f\u00fcr iOS- und Android-Handys aktiviert werden. Wenn Sie bei AmazonSmile einkaufen, finden Sie genau die gleichen niedrigen Preise, die gro\u00dfe Auswahl und das bequeme Einkaufserlebnis wie bei Amazon.com oder Amazon.co.uk, mit dem zus\u00e4tzlichen Vorteil, dass AmazonSmile 0,5% Ihrer berechtigten Eink\u00e4ufe an Transform Iran spenden wird.<\/p>\n\n<p>Besuchen Sie einfach <a href=\"http:\/\/smile.amazon.com\/charitylists\" target=\"_blank\" rel=\"noreferrer noopener\">smile.amazon.com\/charitylists<\/a> oder <a href=\"http:\/\/smile.amazon.com\/charitylists\" target=\"_blank\" rel=\"noreferrer noopener\">smile.amazon.co.uk\/charitylists<\/a> oder tippen Sie auf Charity Lists im Men\u00fc &#8220;Programme &amp; Funktionen&#8221; in der Amazon Shopping App auf Ihrem Mobiltelefon, suchen Sie dann nach Transform Iran und w\u00e4hlen Sie es aus. (AmazonSmile ist f\u00fcr Amazon-Kunden mit der neuesten Version der Amazon Shopping-App auf ihrem Mobiltelefon verf\u00fcgbar, einschlie\u00dflich Android-Ger\u00e4te mit Version 7.0+ oder iOS-Ger\u00e4te mit Version 12+. Um AmazonSmile in der Amazon Shopping-App zu aktivieren, tippen Sie einfach auf &#8220;AmazonSmile&#8221; im Men\u00fc &#8220;Programme &amp; Funktionen&#8221; oder &#8220;Einstellungen&#8221; und folgen Sie den Anweisungen auf dem Bildschirm).<\/p>\n\n<p>Ihr Einkaufserlebnis wird sich nicht \u00e4ndern, und Sie m\u00fcssen kein neues Konto anlegen &#8211; aber diese einfache Ma\u00dfnahme wird es Ihnen erm\u00f6glichen, den Iran mit jedem Ihrer Eink\u00e4ufe zu unterst\u00fctzen!<\/p>\n\n<p>Bei Ihrem ersten Besuch auf AmazonSmile werden Sie aufgefordert, eine Wohlt\u00e4tigkeitsorganisation auszuw\u00e4hlen, die Spenden von Ihren zuk\u00fcnftigen berechtigten AmazonSmile-Eink\u00e4ufen erhalten soll. Amazon wird bei jedem Einkauf an die von Ihnen gew\u00e4hlte Wohlt\u00e4tigkeitsorganisation denken. AmazonSmile wird Sie gelegentlich \u00fcber die an die von Ihnen gew\u00e4hlte Wohlt\u00e4tigkeitsorganisation gezahlten Spendenbetr\u00e4ge oder \u00fcber das Programm informieren.<\/p>\n","protected":false},"excerpt":{"rendered":"<p>Was ist AmazonSmile? AmazonSmile bietet Ihnen eine einfache M\u00f6glichkeit, bei jedem Einkauf Ihre bevorzugte Wohlt\u00e4tigkeitsorganisation zu unterst\u00fctzen, ohne dass Ihnen dadurch Kosten entstehen. AmazonSmile ist unter smile.amazon.com oder smile.amazon.co.uk in Ihrem Webbrowser verf\u00fcgbar und kann in der Amazon Shopping-App f\u00fcr iOS- und Android-Handys aktiviert werden. Wenn Sie bei AmazonSmile einkaufen, finden Sie genau die gleichen [&hellip;]<\/p>\n","protected":false},"author":1,"featured_media":0,"parent":10842,"menu_order":0,"comment_status":"closed","ping_status":"closed","template":"page-basic.php","meta":{"_acf_changed":false,"give_campaign_id":0,"om_disable_all_campaigns":false,"_mi_skip_tracking":false,"footnotes":""},"class_list":["post-10822","page","type-page","status-publish","hentry"],"acf":[],"yoast_head":"<!-- This site is optimized with the Yoast SEO plugin v27.2 - https:\/\/yoast.com\/product\/yoast-seo-wordpress\/ -->\n<title>Mit Amazon Smile spenden - Transform Iran<\/title>\n<meta name=\"robots\" content=\"index, follow, max-snippet:-1, max-image-preview:large, max-video-preview:-1\" \/>\n<link rel=\"canonical\" href=\"https:\/\/transformiran.com\/de\/spenden-sie\/mit-amazon-smile-spenden\/\" \/>\n<meta property=\"og:locale\" content=\"de_DE\" \/>\n<meta property=\"og:type\" content=\"article\" \/>\n<meta property=\"og:title\" content=\"Mit Amazon Smile spenden - Transform Iran\" \/>\n<meta property=\"og:description\" content=\"Was ist AmazonSmile? AmazonSmile bietet Ihnen eine einfache M\u00f6glichkeit, bei jedem Einkauf Ihre bevorzugte Wohlt\u00e4tigkeitsorganisation zu unterst\u00fctzen, ohne dass Ihnen dadurch Kosten entstehen. AmazonSmile ist unter smile.amazon.com oder smile.amazon.co.uk in Ihrem Webbrowser verf\u00fcgbar und kann in der Amazon Shopping-App f\u00fcr iOS- und Android-Handys aktiviert werden. Wenn Sie bei AmazonSmile einkaufen, finden Sie genau die gleichen [&hellip;]\" \/>\n<meta property=\"og:url\" content=\"https:\/\/transformiran.com\/de\/spenden-sie\/mit-amazon-smile-spenden\/\" \/>\n<meta property=\"og:site_name\" content=\"Transform Iran\" \/>\n<meta property=\"article:publisher\" content=\"https:\/\/www.facebook.com\/222MinistriesUSAInc\" \/>\n<meta property=\"article:modified_time\" content=\"2025-04-02T10:05:30+00:00\" \/>\n<meta name=\"twitter:card\" content=\"summary_large_image\" \/>\n<meta name=\"twitter:site\" content=\"@222minint\" \/>\n<meta name=\"twitter:label1\" content=\"Gesch\u00e4tzte Lesezeit\" \/>\n\t<meta name=\"twitter:data1\" content=\"1\u00a0Minute\" \/>\n<script type=\"application\/ld+json\" class=\"yoast-schema-graph\">{\"@context\":\"https:\/\/schema.org\",\"@graph\":[{\"@type\":\"WebPage\",\"@id\":\"https:\/\/transformiran.com\/de\/spenden-sie\/mit-amazon-smile-spenden\/\",\"url\":\"https:\/\/transformiran.com\/de\/spenden-sie\/mit-amazon-smile-spenden\/\",\"name\":\"Mit Amazon Smile spenden - Transform Iran\",\"isPartOf\":{\"@id\":\"https:\/\/transformiran.com\/de\/#website\"},\"datePublished\":\"2022-11-04T11:14:43+00:00\",\"dateModified\":\"2025-04-02T10:05:30+00:00\",\"breadcrumb\":{\"@id\":\"https:\/\/transformiran.com\/de\/spenden-sie\/mit-amazon-smile-spenden\/#breadcrumb\"},\"inLanguage\":\"de\",\"potentialAction\":[{\"@type\":\"ReadAction\",\"target\":[\"https:\/\/transformiran.com\/de\/spenden-sie\/mit-amazon-smile-spenden\/\"]}]},{\"@type\":\"BreadcrumbList\",\"@id\":\"https:\/\/transformiran.com\/de\/spenden-sie\/mit-amazon-smile-spenden\/#breadcrumb\",\"itemListElement\":[{\"@type\":\"ListItem\",\"position\":1,\"name\":\"Home\",\"item\":\"https:\/\/transformiran.com\/de\/startseite\/\"},{\"@type\":\"ListItem\",\"position\":2,\"name\":\"Spenden Sie\",\"item\":\"https:\/\/transformiran.com\/de\/spenden-sie\/\"},{\"@type\":\"ListItem\",\"position\":3,\"name\":\"Mit Amazon Smile spenden\"}]},{\"@type\":\"WebSite\",\"@id\":\"https:\/\/transformiran.com\/de\/#website\",\"url\":\"https:\/\/transformiran.com\/de\/\",\"name\":\"Transform Iran\",\"description\":\"Bringing the love and power of Christ to Iran - and beyond\",\"publisher\":{\"@id\":\"https:\/\/transformiran.com\/de\/#organization\"},\"potentialAction\":[{\"@type\":\"SearchAction\",\"target\":{\"@type\":\"EntryPoint\",\"urlTemplate\":\"https:\/\/transformiran.com\/de\/?s={search_term_string}\"},\"query-input\":{\"@type\":\"PropertyValueSpecification\",\"valueRequired\":true,\"valueName\":\"search_term_string\"}}],\"inLanguage\":\"de\"},{\"@type\":\"Organization\",\"@id\":\"https:\/\/transformiran.com\/de\/#organization\",\"name\":\"Transform Iran\",\"url\":\"https:\/\/transformiran.com\/de\/\",\"logo\":{\"@type\":\"ImageObject\",\"inLanguage\":\"de\",\"@id\":\"https:\/\/transformiran.com\/de\/#\/schema\/logo\/image\/\",\"url\":\"https:\/\/transformiran.com\/app\/uploads\/2022\/11\/logo_grey.jpg\",\"contentUrl\":\"https:\/\/transformiran.com\/app\/uploads\/2022\/11\/logo_grey.jpg\",\"width\":528,\"height\":90,\"caption\":\"Transform Iran\"},\"image\":{\"@id\":\"https:\/\/transformiran.com\/de\/#\/schema\/logo\/image\/\"},\"sameAs\":[\"https:\/\/www.facebook.com\/222MinistriesUSAInc\",\"https:\/\/x.com\/222minint\",\"https:\/\/www.instagram.com\/222ministriesinternational\/\"]}]}<\/script>\n<!-- \/ Yoast SEO plugin. -->","yoast_head_json":{"title":"Mit Amazon Smile spenden - Transform Iran","robots":{"index":"index","follow":"follow","max-snippet":"max-snippet:-1","max-image-preview":"max-image-preview:large","max-video-preview":"max-video-preview:-1"},"canonical":"https:\/\/transformiran.com\/de\/spenden-sie\/mit-amazon-smile-spenden\/","og_locale":"de_DE","og_type":"article","og_title":"Mit Amazon Smile spenden - Transform Iran","og_description":"Was ist AmazonSmile? AmazonSmile bietet Ihnen eine einfache M\u00f6glichkeit, bei jedem Einkauf Ihre bevorzugte Wohlt\u00e4tigkeitsorganisation zu unterst\u00fctzen, ohne dass Ihnen dadurch Kosten entstehen. AmazonSmile ist unter smile.amazon.com oder smile.amazon.co.uk in Ihrem Webbrowser verf\u00fcgbar und kann in der Amazon Shopping-App f\u00fcr iOS- und Android-Handys aktiviert werden. Wenn Sie bei AmazonSmile einkaufen, finden Sie genau die gleichen [&hellip;]","og_url":"https:\/\/transformiran.com\/de\/spenden-sie\/mit-amazon-smile-spenden\/","og_site_name":"Transform Iran","article_publisher":"https:\/\/www.facebook.com\/222MinistriesUSAInc","article_modified_time":"2025-04-02T10:05:30+00:00","twitter_card":"summary_large_image","twitter_site":"@222minint","twitter_misc":{"Gesch\u00e4tzte Lesezeit":"1\u00a0Minute"},"schema":{"@context":"https:\/\/schema.org","@graph":[{"@type":"WebPage","@id":"https:\/\/transformiran.com\/de\/spenden-sie\/mit-amazon-smile-spenden\/","url":"https:\/\/transformiran.com\/de\/spenden-sie\/mit-amazon-smile-spenden\/","name":"Mit Amazon Smile spenden - Transform Iran","isPartOf":{"@id":"https:\/\/transformiran.com\/de\/#website"},"datePublished":"2022-11-04T11:14:43+00:00","dateModified":"2025-04-02T10:05:30+00:00","breadcrumb":{"@id":"https:\/\/transformiran.com\/de\/spenden-sie\/mit-amazon-smile-spenden\/#breadcrumb"},"inLanguage":"de","potentialAction":[{"@type":"ReadAction","target":["https:\/\/transformiran.com\/de\/spenden-sie\/mit-amazon-smile-spenden\/"]}]},{"@type":"BreadcrumbList","@id":"https:\/\/transformiran.com\/de\/spenden-sie\/mit-amazon-smile-spenden\/#breadcrumb","itemListElement":[{"@type":"ListItem","position":1,"name":"Home","item":"https:\/\/transformiran.com\/de\/startseite\/"},{"@type":"ListItem","position":2,"name":"Spenden Sie","item":"https:\/\/transformiran.com\/de\/spenden-sie\/"},{"@type":"ListItem","position":3,"name":"Mit Amazon Smile spenden"}]},{"@type":"WebSite","@id":"https:\/\/transformiran.com\/de\/#website","url":"https:\/\/transformiran.com\/de\/","name":"Transform Iran","description":"Bringing the love and power of Christ to Iran - and beyond","publisher":{"@id":"https:\/\/transformiran.com\/de\/#organization"},"potentialAction":[{"@type":"SearchAction","target":{"@type":"EntryPoint","urlTemplate":"https:\/\/transformiran.com\/de\/?s={search_term_string}"},"query-input":{"@type":"PropertyValueSpecification","valueRequired":true,"valueName":"search_term_string"}}],"inLanguage":"de"},{"@type":"Organization","@id":"https:\/\/transformiran.com\/de\/#organization","name":"Transform Iran","url":"https:\/\/transformiran.com\/de\/","logo":{"@type":"ImageObject","inLanguage":"de","@id":"https:\/\/transformiran.com\/de\/#\/schema\/logo\/image\/","url":"https:\/\/transformiran.com\/app\/uploads\/2022\/11\/logo_grey.jpg","contentUrl":"https:\/\/transformiran.com\/app\/uploads\/2022\/11\/logo_grey.jpg","width":528,"height":90,"caption":"Transform Iran"},"image":{"@id":"https:\/\/transformiran.com\/de\/#\/schema\/logo\/image\/"},"sameAs":["https:\/\/www.facebook.com\/222MinistriesUSAInc","https:\/\/x.com\/222minint","https:\/\/www.instagram.com\/222ministriesinternational\/"]}]}},"campaignId":"","_links":{"self":[{"href":"https:\/\/transformiran.com\/de\/wp-json\/wp\/v2\/pages\/10822","targetHints":{"allow":["GET"]}}],"collection":[{"href":"https:\/\/transformiran.com\/de\/wp-json\/wp\/v2\/pages"}],"about":[{"href":"https:\/\/transformiran.com\/de\/wp-json\/wp\/v2\/types\/page"}],"author":[{"embeddable":true,"href":"https:\/\/transformiran.com\/de\/wp-json\/wp\/v2\/users\/1"}],"replies":[{"embeddable":true,"href":"https:\/\/transformiran.com\/de\/wp-json\/wp\/v2\/comments?post=10822"}],"version-history":[{"count":0,"href":"https:\/\/transformiran.com\/de\/wp-json\/wp\/v2\/pages\/10822\/revisions"}],"up":[{"embeddable":true,"href":"https:\/\/transformiran.com\/de\/wp-json\/wp\/v2\/pages\/10842"}],"wp:attachment":[{"href":"https:\/\/transformiran.com\/de\/wp-json\/wp\/v2\/media?parent=10822"}],"curies":[{"name":"wp","href":"https:\/\/api.w.org\/{rel}","templated":true}]}}