{"id":10826,"date":"2022-11-03T12:18:35","date_gmt":"2022-11-03T12:18:35","guid":{"rendered":"https:\/\/transformiran.com\/digitale-kirche\/"},"modified":"2025-09-16T00:10:04","modified_gmt":"2025-09-15T23:10:04","slug":"digitale-kirche","status":"publish","type":"page","link":"https:\/\/transformiran.com\/de\/unsere-arbeit\/digitale-kirche\/","title":{"rendered":"Digitale Kirche"},"content":{"rendered":"\n<h2 class=\"wp-block-heading\"><mark style=\"background-color:rgba(0, 0, 0, 0);color:#b38e44\" class=\"has-inline-color\">Der Bedarf an einer digitalen Kirche<\/mark><\/h2>\n\n<p class=\"has-medium-font-size\">Die Vision der digitalen Kirche ist kein Ersatz f\u00fcr die &#8220;pers\u00f6nliche&#8221; Gemeinschaft. F\u00fcr Suchende und neue Gl\u00e4ubige im Iran kann dies jedoch ein leichterer, anonymer erster Schritt sein, und manchmal eine Notwendigkeit f\u00fcr diejenigen, die physisch nicht in der Lage sind, pers\u00f6nlich an den Treffen teilzunehmen (geografische oder sprachliche Einschr\u00e4nkungen oder sogar Lebensgefahr).<\/p>\n\n<h2 class=\"wp-block-heading\"><mark style=\"background-color:rgba(0, 0, 0, 0);color:#b38e44\" class=\"has-inline-color\">Wie funktioniert die digitale Kirche?<\/mark><\/h2>\n\n<p>Die im April 2018 gegr\u00fcndete Persian Community Church (PCC) bietet isolierten iranischen Christen eine Familie, eine Gemeinschaft und eine M\u00f6glichkeit, in ihrem Glauben zu wachsen und ausger\u00fcstet zu werden, um andere f\u00fcr Christus zu erreichen. Die Sitzungen sind interaktiv, und die Teilnehmer werden ermutigt, an Gottesdiensten und Gebeten teilzunehmen und sich an Diskussionen zu beteiligen.<\/p>\n\n<p>Die PCC blickt auch auf die Zeit voraus, in der die T\u00fcren f\u00fcr den Iran ge\u00f6ffnet sind, wo die Kirche im ganzen Land in der Lage sein wird, Kontakte zu kn\u00fcpfen und erbaut zu werden, w\u00e4hrend wir den Bed\u00fcrftigen helfen und Hunderttausende von Menschen zur Liebe Christi f\u00fchren. PCC bringt jeden Monat mehr als 20.000 Gl\u00e4ubige und Suchende zusammen.<\/p>\n\n<p><\/p>\n\n<p><a href=\"https:\/\/transformiran.com\/de\/unsere-arbeit\/gemeindegruendung\/\">Lesen Sie mehr \u00fcber unsere Vision, bl\u00fchende, sich vervielf\u00e4ltigende Kirchen in jeder Stadt im Iran zu gr\u00fcnden, zu pflegen und wachsen zu lassen.<\/a><\/p>\n\n<p><\/p>\n\n<figure class=\"wp-block-embed is-type-video is-provider-youtube wp-block-embed-youtube wp-embed-aspect-16-9 wp-has-aspect-ratio\"><div class=\"wp-block-embed__wrapper\">\n<iframe title=\"Creating Christian Community in Iran - A Safe Space to Learn and Grow\" width=\"500\" height=\"281\" src=\"https:\/\/www.youtube.com\/embed\/tI5OgWB3ul4?feature=oembed\" frameborder=\"0\" allow=\"accelerometer; autoplay; clipboard-write; encrypted-media; gyroscope; picture-in-picture; web-share\" referrerpolicy=\"strict-origin-when-cross-origin\" allowfullscreen><\/iframe>\n<\/div><figcaption class=\"wp-element-caption\">Transform IranDie digitale Kirche schafft einen sicheren Raum f\u00fcr Einzelpersonen oder Gruppen von Gl\u00e4ubigen, um sich auszutauschen, zu lernen und gemeinsam zu wachsen.<\/figcaption><\/figure>\n\n<p><\/p>\n\n<figure class=\"wp-block-embed is-type-video is-provider-youtube wp-block-embed-youtube wp-embed-aspect-16-9 wp-has-aspect-ratio\"><div class=\"wp-block-embed__wrapper\">\n<iframe title=\"Leading a Church in Secret: A Pastor\u2019s Testimony from Iran\" width=\"500\" height=\"281\" src=\"https:\/\/www.youtube.com\/embed\/M1g4JpTK9zk?feature=oembed\" frameborder=\"0\" allow=\"accelerometer; autoplay; clipboard-write; encrypted-media; gyroscope; picture-in-picture; web-share\" referrerpolicy=\"strict-origin-when-cross-origin\" allowfullscreen><\/iframe>\n<\/div><figcaption class=\"wp-element-caption\">H\u00f6ren Sie die Stimme eines Pastors, der im Geheimen eine Untergrundkirche leitet und f\u00fcr das Evangelium alles riskiert.<\/figcaption><\/figure>\n\n<p><\/p>\n\n<h2 class=\"wp-block-heading\"><mark style=\"background-color:rgba(0, 0, 0, 0);color:#b38e44\" class=\"has-inline-color\">Interaktives Gebet durch die digitale Kirche<\/mark><\/h2>\n\n<p><\/p>\n\n<p>Im Jahr 2020 f\u00fchrte Transform Iran das <strong>Meeting Tent<\/strong> ein, die digitalen Gebetsr\u00e4ume der PCC, die iranischen Gl\u00e4ubigen und Suchenden einen sicheren, zug\u00e4nglichen Raum bieten, um zu beten, sich zu verbinden und Gottes Gegenwart zu erfahren. Das Meeting Tent ist jeden Tag (au\u00dfer sonntags) f\u00fcr <strong>vier Stunden<\/strong> ge\u00f6ffnet und bietet regelm\u00e4\u00dfige Gelegenheiten f\u00fcr Gebet und Gemeinschaft. <\/p>\n\n<h3 class=\"wp-block-heading\">Intimes Gebet in der Kleingruppe<\/h3>\n\n<p>Meeting Tent veranstaltet <strong>kleinere, konzentrierte Treffen<\/strong>, bei denen die Teilnehmer spezielle Bed\u00fcrfnisse einbringen, gemeinsam beten und Gott auf sehr pers\u00f6nliche Weise begegnen k\u00f6nnen. Diese intimen Sitzungen sind digitale Gebetsr\u00e4ume f\u00fcr die Untergrundkirche, die Gemeinschaft aufbauen, den Glauben st\u00e4rken und zu lebensver\u00e4ndernden Begegnungen inspirieren.   <\/p>\n\n<h3 class=\"wp-block-heading\">Gemeinsame Gebetsversammlungen<\/h3>\n\n<p>Zus\u00e4tzlich zu den kleinen Gruppen organisiert Meeting Tent auch <strong>gr\u00f6\u00dfere Gebets- und Fastenveranstaltungen<\/strong>, die sich \u00fcber mehrere Tage oder Wochen erstrecken. Im Oktober 2022 zum Beispiel, nach dem Tod von Mahsa Amini, veranstaltete Meeting Tent <strong>zwei Wochen lang Gebet und Fasten<\/strong>, die in einem ganzen Tag <strong>konzentrierter F\u00fcrbitte f\u00fcr den Iran<\/strong> gipfelten. Diese gemeinsamen Versammlungen erm\u00f6glichen es Tausenden, sich zu vereinen, die Nation vor Gott zu erheben und das Wirken des Geistes auf kraftvolle Weise zu erleben.  <\/p>\n\n<h3 class=\"wp-block-heading\">Wirkung und Reichweite des Gebetsraums<\/h3>\n\n<p>Zeugnisse von <strong>erh\u00f6rten Gebeten, Heilungen und Errettungen<\/strong> sind an der Tagesordnung. Tausende von Teilnehmern kommen jeden Monat zusammen, bauen Gemeinschaft und Glauben auf und sehen die Bewegung Gottes im Iran wachsen. Meeting Tent bietet iranischen Christen und Suchenden auf der ganzen Welt einen <strong>kostenlosen und einfachen Zugang<\/strong> zum pers\u00f6nlichen und gemeinsamen Gebet in mehreren der iranischen Herzenssprachen und plant eine Ausweitung auf weitere Sprachen.  <\/p>\n\n<p><\/p>\n\n<p><a href=\"https:\/\/transformiran.com\/de\/auswirkungen\/wunder-hinter-verschlossenen-tueren-im-iran\/\">Lesen Sie einige kraftvolle Zeugnisse aus unseren Meeting Tent Gebetsr\u00e4umen<\/a><\/p>\n\n<div class=\"wp-block-buttons is-content-justification-center is-layout-flex wp-container-core-buttons-is-layout-16018d1d wp-block-buttons-is-layout-flex\">\n<div class=\"wp-block-button\"><a class=\"wp-block-button__link has-white-color has-vivid-red-background-color has-text-color has-background has-link-color wp-element-button\" href=\"https:\/\/transformiran.com\/de\/anmeldung-zum-newsletter\/\">Erhalten Sie aktuelle Informationen \u00fcber den Dienst und bevorstehende Gebetsveranstaltungen<\/a><\/div>\n<\/div>\n\n<p><\/p>\n\n<h2 class=\"wp-block-heading\"><mark style=\"background-color:rgba(0, 0, 0, 0);color:#b38e44\" class=\"has-inline-color\">Digitale Kirche in den Herzsprachen unerreichter Bev\u00f6lkerungsgruppen<\/mark><\/h2>\n\n<p>Transform Iran hat es sich zur Aufgabe gemacht, Gemeinden in allen Kernsprachen des Irans zu gr\u00fcnden. Eine digitale Gemeindeplattform ist ein strategischer Weg, um weit verstreute Gl\u00e4ubige einer Volksgruppe zu versammeln, die bisher nur in ihren lokalen Farsi (Persisch) sprechenden Gemeinden Farsi lernen, beten und anbeten konnten. Stellen Sie sich den Tag vor, an dem einem Gilaki-Gl\u00e4ubigen zum ersten Mal eine Gilaki-Bibel ausgeh\u00e4ndigt wird und er eingeladen wird, mit anderen Gilaki-Sprechern in ihrer eigenen Herzenssprache in der neuen &#8220;Gilaki Community Church&#8221; zu beten. Diese Tr\u00e4ume werden langsam zur Realit\u00e4t. Durch die Gnade Gottes wird jede Volksgruppe im Iran nach und nach in der Lage sein, sich zu versammeln und den Herrn in ihrer eigenen Sprache anzubeten.<\/p>\n\n<blockquote class=\"wp-block-quote is-layout-flow wp-block-quote-is-layout-flow\">\n<p>Die Persian Community Church hat eine Plattform geschaffen, auf der ich Gemeinschaft haben kann und ein Gef\u00fchl der Zugeh\u00f6rigkeit zu einem gr\u00f6\u00dferen Leib Christi in der ganzen Welt habe. Wir treffen uns sonntags und beten Jesus an. Das ist ein gro\u00dfer Segen f\u00fcr mich.<\/p>\n<\/blockquote>\n\n<blockquote class=\"wp-block-quote is-layout-flow wp-block-quote-is-layout-flow\">\n<p>Ich bin in einer fanatischen muslimischen Familie aufgewachsen, hatte nie einen christlichen Freund und war nie in einer Kirche. Inmitten einer pers\u00f6nlichen Trag\u00f6die erinnerte ich mich an Jesus und rief zu ihm: &#8220;Bitte! Erl\u00f6se mich von dieser Schande und Trag\u00f6die&#8221;, und er kam und begegnete mir in meinem Schmerz, und er ver\u00e4nderte mein Leben. Ich hatte mein Leben noch nicht an Christus gebunden, wollte ihn aber unbedingt kennen lernen.<\/p>\n\n\n\n<p>Ich war auf der Suche nach einem christlichen Pastor, und dann fand ich den Link zur Persian Community Church, und einer der Leiter half mir, mein Leben an Christus zu binden. Nun sind ein Jahr und 6 Monate vergangen. Jeden Sonntag und jeden Freitag nehme ich an der Persian Community Church teil. Ich bin in meinem Glauben sehr gewachsen.  <mark style=\"background-color:rgba(0, 0, 0, 0);color:#e62d31\" class=\"has-inline-color\">Das Sch\u00f6ne an dieser Reise ist, dass alle Mitglieder meiner Familie und Freunde, die die Ver\u00e4nderung in meinem Leben sahen &#8211; zw\u00f6lf an der Zahl &#8211; sich daf\u00fcr interessierten, mit demselben Pastor sprachen und alle ihr Leben Christus anvertrauten. Jetzt treffen wir uns jede Woche mit ihm zur J\u00fcngerschaft.<\/mark><\/p>\n<\/blockquote>\n\n<div class=\"wp-block-buttons is-content-justification-center is-layout-flex wp-container-core-buttons-is-layout-16018d1d wp-block-buttons-is-layout-flex\">\n<div class=\"wp-block-button\"><a class=\"wp-block-button__link has-white-color has-vivid-red-background-color has-text-color has-background has-link-color wp-element-button\" href=\"https:\/\/transformiran.com\/de\/spenden-sie\/\">Unterst\u00fctzen Sie heute die digitale Kirche in Iran<\/a><\/div>\n<\/div>\n\n<p><a href=\"https:\/\/transformiran.com\/de\/auswirkungen\/eine-geschichte-von-heilung-glaube-und-digitaler-kirchengemeinschaft\/\">Lesen Sie ein Zeugnis \u00fcber Heilung und das Finden des Glaubens durch unsere interaktive digitale Kirchengemeinschaft<\/a><\/p>\n\n<p><\/p>\n","protected":false},"excerpt":{"rendered":"<p>Der Bedarf an einer digitalen Kirche Die Vision der digitalen Kirche ist kein Ersatz f\u00fcr die &#8220;pers\u00f6nliche&#8221; Gemeinschaft. F\u00fcr Suchende und neue Gl\u00e4ubige im Iran kann dies jedoch ein leichterer, anonymer erster Schritt sein, und manchmal eine Notwendigkeit f\u00fcr diejenigen, die physisch nicht in der Lage sind, pers\u00f6nlich an den Treffen teilzunehmen (geografische oder sprachliche [&hellip;]<\/p>\n","protected":false},"author":1,"featured_media":0,"parent":10875,"menu_order":0,"comment_status":"closed","ping_status":"closed","template":"page-work.php","meta":{"_acf_changed":false,"give_campaign_id":0,"om_disable_all_campaigns":false,"_mi_skip_tracking":false,"footnotes":""},"class_list":["post-10826","page","type-page","status-publish","hentry"],"acf":[],"yoast_head":"<!-- This site is optimized with the Yoast SEO plugin v27.2 - https:\/\/yoast.com\/product\/yoast-seo-wordpress\/ -->\n<title>Digitale Kirche - Transform Iran<\/title>\n<meta name=\"robots\" content=\"index, follow, max-snippet:-1, max-image-preview:large, max-video-preview:-1\" \/>\n<link rel=\"canonical\" href=\"https:\/\/transformiran.com\/de\/unsere-arbeit\/digitale-kirche\/\" \/>\n<meta property=\"og:locale\" content=\"de_DE\" \/>\n<meta property=\"og:type\" content=\"article\" \/>\n<meta property=\"og:title\" content=\"Digitale Kirche - Transform Iran\" \/>\n<meta property=\"og:description\" content=\"Der Bedarf an einer digitalen Kirche Die Vision der digitalen Kirche ist kein Ersatz f\u00fcr die &#8220;pers\u00f6nliche&#8221; Gemeinschaft. F\u00fcr Suchende und neue Gl\u00e4ubige im Iran kann dies jedoch ein leichterer, anonymer erster Schritt sein, und manchmal eine Notwendigkeit f\u00fcr diejenigen, die physisch nicht in der Lage sind, pers\u00f6nlich an den Treffen teilzunehmen (geografische oder sprachliche [&hellip;]\" \/>\n<meta property=\"og:url\" content=\"https:\/\/transformiran.com\/de\/unsere-arbeit\/digitale-kirche\/\" \/>\n<meta property=\"og:site_name\" content=\"Transform Iran\" \/>\n<meta property=\"article:publisher\" content=\"https:\/\/www.facebook.com\/222MinistriesUSAInc\" \/>\n<meta property=\"article:modified_time\" content=\"2025-09-15T23:10:04+00:00\" \/>\n<meta name=\"twitter:card\" content=\"summary_large_image\" \/>\n<meta name=\"twitter:site\" content=\"@222minint\" \/>\n<meta name=\"twitter:label1\" content=\"Gesch\u00e4tzte Lesezeit\" \/>\n\t<meta name=\"twitter:data1\" content=\"5\u00a0Minuten\" \/>\n<script type=\"application\/ld+json\" class=\"yoast-schema-graph\">{\"@context\":\"https:\/\/schema.org\",\"@graph\":[{\"@type\":\"WebPage\",\"@id\":\"https:\/\/transformiran.com\/de\/unsere-arbeit\/digitale-kirche\/\",\"url\":\"https:\/\/transformiran.com\/de\/unsere-arbeit\/digitale-kirche\/\",\"name\":\"Digitale Kirche - Transform Iran\",\"isPartOf\":{\"@id\":\"https:\/\/transformiran.com\/de\/#website\"},\"datePublished\":\"2022-11-03T12:18:35+00:00\",\"dateModified\":\"2025-09-15T23:10:04+00:00\",\"breadcrumb\":{\"@id\":\"https:\/\/transformiran.com\/de\/unsere-arbeit\/digitale-kirche\/#breadcrumb\"},\"inLanguage\":\"de\",\"potentialAction\":[{\"@type\":\"ReadAction\",\"target\":[\"https:\/\/transformiran.com\/de\/unsere-arbeit\/digitale-kirche\/\"]}]},{\"@type\":\"BreadcrumbList\",\"@id\":\"https:\/\/transformiran.com\/de\/unsere-arbeit\/digitale-kirche\/#breadcrumb\",\"itemListElement\":[{\"@type\":\"ListItem\",\"position\":1,\"name\":\"Home\",\"item\":\"https:\/\/transformiran.com\/de\/startseite\/\"},{\"@type\":\"ListItem\",\"position\":2,\"name\":\"Unsere Arbeit\",\"item\":\"https:\/\/transformiran.com\/de\/unsere-arbeit\/\"},{\"@type\":\"ListItem\",\"position\":3,\"name\":\"Digitale Kirche\"}]},{\"@type\":\"WebSite\",\"@id\":\"https:\/\/transformiran.com\/de\/#website\",\"url\":\"https:\/\/transformiran.com\/de\/\",\"name\":\"Transform Iran\",\"description\":\"Bringing the love and power of Christ to Iran - and beyond\",\"publisher\":{\"@id\":\"https:\/\/transformiran.com\/de\/#organization\"},\"potentialAction\":[{\"@type\":\"SearchAction\",\"target\":{\"@type\":\"EntryPoint\",\"urlTemplate\":\"https:\/\/transformiran.com\/de\/?s={search_term_string}\"},\"query-input\":{\"@type\":\"PropertyValueSpecification\",\"valueRequired\":true,\"valueName\":\"search_term_string\"}}],\"inLanguage\":\"de\"},{\"@type\":\"Organization\",\"@id\":\"https:\/\/transformiran.com\/de\/#organization\",\"name\":\"Transform Iran\",\"url\":\"https:\/\/transformiran.com\/de\/\",\"logo\":{\"@type\":\"ImageObject\",\"inLanguage\":\"de\",\"@id\":\"https:\/\/transformiran.com\/de\/#\/schema\/logo\/image\/\",\"url\":\"https:\/\/transformiran.com\/app\/uploads\/2022\/11\/logo_grey.jpg\",\"contentUrl\":\"https:\/\/transformiran.com\/app\/uploads\/2022\/11\/logo_grey.jpg\",\"width\":528,\"height\":90,\"caption\":\"Transform Iran\"},\"image\":{\"@id\":\"https:\/\/transformiran.com\/de\/#\/schema\/logo\/image\/\"},\"sameAs\":[\"https:\/\/www.facebook.com\/222MinistriesUSAInc\",\"https:\/\/x.com\/222minint\",\"https:\/\/www.instagram.com\/222ministriesinternational\/\"]}]}<\/script>\n<!-- \/ Yoast SEO plugin. -->","yoast_head_json":{"title":"Digitale Kirche - Transform Iran","robots":{"index":"index","follow":"follow","max-snippet":"max-snippet:-1","max-image-preview":"max-image-preview:large","max-video-preview":"max-video-preview:-1"},"canonical":"https:\/\/transformiran.com\/de\/unsere-arbeit\/digitale-kirche\/","og_locale":"de_DE","og_type":"article","og_title":"Digitale Kirche - Transform Iran","og_description":"Der Bedarf an einer digitalen Kirche Die Vision der digitalen Kirche ist kein Ersatz f\u00fcr die &#8220;pers\u00f6nliche&#8221; Gemeinschaft. F\u00fcr Suchende und neue Gl\u00e4ubige im Iran kann dies jedoch ein leichterer, anonymer erster Schritt sein, und manchmal eine Notwendigkeit f\u00fcr diejenigen, die physisch nicht in der Lage sind, pers\u00f6nlich an den Treffen teilzunehmen (geografische oder sprachliche [&hellip;]","og_url":"https:\/\/transformiran.com\/de\/unsere-arbeit\/digitale-kirche\/","og_site_name":"Transform Iran","article_publisher":"https:\/\/www.facebook.com\/222MinistriesUSAInc","article_modified_time":"2025-09-15T23:10:04+00:00","twitter_card":"summary_large_image","twitter_site":"@222minint","twitter_misc":{"Gesch\u00e4tzte Lesezeit":"5\u00a0Minuten"},"schema":{"@context":"https:\/\/schema.org","@graph":[{"@type":"WebPage","@id":"https:\/\/transformiran.com\/de\/unsere-arbeit\/digitale-kirche\/","url":"https:\/\/transformiran.com\/de\/unsere-arbeit\/digitale-kirche\/","name":"Digitale Kirche - Transform Iran","isPartOf":{"@id":"https:\/\/transformiran.com\/de\/#website"},"datePublished":"2022-11-03T12:18:35+00:00","dateModified":"2025-09-15T23:10:04+00:00","breadcrumb":{"@id":"https:\/\/transformiran.com\/de\/unsere-arbeit\/digitale-kirche\/#breadcrumb"},"inLanguage":"de","potentialAction":[{"@type":"ReadAction","target":["https:\/\/transformiran.com\/de\/unsere-arbeit\/digitale-kirche\/"]}]},{"@type":"BreadcrumbList","@id":"https:\/\/transformiran.com\/de\/unsere-arbeit\/digitale-kirche\/#breadcrumb","itemListElement":[{"@type":"ListItem","position":1,"name":"Home","item":"https:\/\/transformiran.com\/de\/startseite\/"},{"@type":"ListItem","position":2,"name":"Unsere Arbeit","item":"https:\/\/transformiran.com\/de\/unsere-arbeit\/"},{"@type":"ListItem","position":3,"name":"Digitale Kirche"}]},{"@type":"WebSite","@id":"https:\/\/transformiran.com\/de\/#website","url":"https:\/\/transformiran.com\/de\/","name":"Transform Iran","description":"Bringing the love and power of Christ to Iran - and beyond","publisher":{"@id":"https:\/\/transformiran.com\/de\/#organization"},"potentialAction":[{"@type":"SearchAction","target":{"@type":"EntryPoint","urlTemplate":"https:\/\/transformiran.com\/de\/?s={search_term_string}"},"query-input":{"@type":"PropertyValueSpecification","valueRequired":true,"valueName":"search_term_string"}}],"inLanguage":"de"},{"@type":"Organization","@id":"https:\/\/transformiran.com\/de\/#organization","name":"Transform Iran","url":"https:\/\/transformiran.com\/de\/","logo":{"@type":"ImageObject","inLanguage":"de","@id":"https:\/\/transformiran.com\/de\/#\/schema\/logo\/image\/","url":"https:\/\/transformiran.com\/app\/uploads\/2022\/11\/logo_grey.jpg","contentUrl":"https:\/\/transformiran.com\/app\/uploads\/2022\/11\/logo_grey.jpg","width":528,"height":90,"caption":"Transform Iran"},"image":{"@id":"https:\/\/transformiran.com\/de\/#\/schema\/logo\/image\/"},"sameAs":["https:\/\/www.facebook.com\/222MinistriesUSAInc","https:\/\/x.com\/222minint","https:\/\/www.instagram.com\/222ministriesinternational\/"]}]}},"campaignId":"","_links":{"self":[{"href":"https:\/\/transformiran.com\/de\/wp-json\/wp\/v2\/pages\/10826","targetHints":{"allow":["GET"]}}],"collection":[{"href":"https:\/\/transformiran.com\/de\/wp-json\/wp\/v2\/pages"}],"about":[{"href":"https:\/\/transformiran.com\/de\/wp-json\/wp\/v2\/types\/page"}],"author":[{"embeddable":true,"href":"https:\/\/transformiran.com\/de\/wp-json\/wp\/v2\/users\/1"}],"replies":[{"embeddable":true,"href":"https:\/\/transformiran.com\/de\/wp-json\/wp\/v2\/comments?post=10826"}],"version-history":[{"count":2,"href":"https:\/\/transformiran.com\/de\/wp-json\/wp\/v2\/pages\/10826\/revisions"}],"predecessor-version":[{"id":32895,"href":"https:\/\/transformiran.com\/de\/wp-json\/wp\/v2\/pages\/10826\/revisions\/32895"}],"up":[{"embeddable":true,"href":"https:\/\/transformiran.com\/de\/wp-json\/wp\/v2\/pages\/10875"}],"wp:attachment":[{"href":"https:\/\/transformiran.com\/de\/wp-json\/wp\/v2\/media?parent=10826"}],"curies":[{"name":"wp","href":"https:\/\/api.w.org\/{rel}","templated":true}]}}