{"id":10838,"date":"2022-11-03T12:16:01","date_gmt":"2022-11-03T12:16:01","guid":{"rendered":"https:\/\/transformiran.com\/evangelisation\/"},"modified":"2025-12-08T21:40:39","modified_gmt":"2025-12-08T21:40:39","slug":"evangelisation","status":"publish","type":"page","link":"https:\/\/transformiran.com\/de\/unsere-arbeit\/evangelisation\/","title":{"rendered":"Evangelisation"},"content":{"rendered":"\n<h2 class=\"wp-block-heading\"><mark style=\"background-color:rgba(0, 0, 0, 0);color:#b38e44\" class=\"has-inline-color\">Der \u00fcbernat\u00fcrliche Hunger der Iraner nach dem Evangelium<\/mark><\/h2>\n\n<p>Im Iran gibt es eine \u00fcbernat\u00fcrliche Gnade &#8211; wie nie zuvor. Die Menschen sind hungrig nach der Wahrheit und offen f\u00fcr das Evangelium. Aber das Evangelium muss weitergegeben werden, denn <strong><em>&#8220;wie k\u00f6nnen sie an den glauben, von dem sie nichts geh\u00f6rt haben?&#8221;<\/em><\/strong> R\u00f6mer 10:14  <\/p>\n\n<p>Transform Iran predigt den Iranern das Evangelium \u00fcber eine Vielzahl von Medien und pers\u00f6nlich. Unser geschultes Follow-up-Team ist bereit, sich 1:1 mit den Suchenden zu unterhalten.  <\/p>\n\n<p>Wir leisten Pionierarbeit f\u00fcr Initiativen, die sicherstellen, dass jede Bev\u00f6lkerungsgruppe im Iran, unabh\u00e4ngig von sozialem Status, Bildung oder ethnischer Zugeh\u00f6rigkeit, die M\u00f6glichkeit hat, das Evangelium in ihrer eigenen &#8220;Herzenssprache&#8221; zu h\u00f6ren und durch die Liebe Christi verwandelt zu werden. Zu diesen Initiativen geh\u00f6ren <mark style=\"background-color:rgba(0, 0, 0, 0);color:#b38e44\" class=\"has-inline-color\">Bibel\u00fcbersetzungen<\/mark> (um sicherzustellen, dass wir in einer Sprache kommunizieren, die das Herz ber\u00fchrt), <mark style=\"background-color:rgba(0, 0, 0, 0);color:#b38e44\" class=\"has-inline-color\">Medien<\/mark> (um sicherzustellen, dass das Evangelium \u00fcber eine Reihe von Medien weithin zug\u00e4nglich ist), <mark style=\"background-color:rgba(0, 0, 0, 0);color:#b38e44\" class=\"has-inline-color\">Apologetik<\/mark> (um Antworten auf die Fragen der Iraner zu geben) und vieles mehr.<\/p>\n\n<p><\/p>\n\n<div class=\"wp-block-buttons is-content-justification-center is-layout-flex wp-container-core-buttons-is-layout-16018d1d wp-block-buttons-is-layout-flex\">\n<div class=\"wp-block-button\"><a class=\"wp-block-button__link has-white-color has-vivid-red-background-color has-text-color has-background has-link-color wp-element-button\" href=\"https:\/\/transformiran.com\/de\/anmeldung-zum-newsletter\/\">Beten Sie f\u00fcr die Ausbreitung des Evangeliums im Iran &#8211; erhalten Sie monatliche Emails, die Sie leiten<\/a><\/div>\n<\/div>\n\n<figure class=\"wp-block-image size-large\"><img decoding=\"async\" width=\"1024\" height=\"174\" src=\"https:\/\/transformiran.com\/app\/uploads\/2024\/08\/man-casting-net-landscape-lite-1024x174.jpeg\" alt=\"Fischernetz auswerfen\" class=\"wp-image-24918\" srcset=\"https:\/\/transformiran.com\/app\/uploads\/2024\/08\/man-casting-net-landscape-lite-1024x174.jpeg 1024w, https:\/\/transformiran.com\/app\/uploads\/2024\/08\/man-casting-net-landscape-lite-300x51.jpeg 300w, https:\/\/transformiran.com\/app\/uploads\/2024\/08\/man-casting-net-landscape-lite-768x131.jpeg 768w, https:\/\/transformiran.com\/app\/uploads\/2024\/08\/man-casting-net-landscape-lite.jpeg 1280w\" sizes=\"(max-width: 1024px) 100vw, 1024px\" \/><\/figure>\n\n<h2 class=\"wp-block-heading\"><mark style=\"background-color:rgba(0, 0, 0, 0);color:#b38e44\" class=\"has-inline-color\">Wie Transform Iran daf\u00fcr sorgt, dass die Iraner die Botschaft des Evangeliums h\u00f6ren und verstehen<\/mark><\/h2>\n\n<h3 class=\"wp-block-heading\"><strong>Der dringende Bedarf an Bibel\u00fcbersetzungen im Iran<\/strong><\/h3>\n\n<p>Etwa 26 Millionen Iraner haben das Wort Gottes nicht in ihrer eigenen &#8220;Herzenssprache&#8221;. Transform Iran ist damit besch\u00e4ftigt, diese biblische Armut zu bek\u00e4mpfen, damit die Evangelisation unter den ethnischen Gruppen des Irans effektiver sein kann und Gemeinden gegr\u00fcndet werden k\u00f6nnen, die Bestand haben und wachsen. Lesen Sie mehr \u00fcber <a data-type=\"page\" data-id=\"6304\" href=\"https:\/\/transformiran.com\/de\/unsere-arbeit\/bibeluebersetzung\/\">Bibel\u00fcbersetzung<\/a>.  <\/p>\n\n<h3 class=\"wp-block-heading\"><strong>Mit den Medien Millionen von Iranern mit dem Evangelium erreichen<\/strong><\/h3>\n\n<p>Wir senden live und voraufgezeichnete Evangeliumsvortr\u00e4ge \u00fcber Satellitenfernsehen, Radio und soziale Medien. Millionen von Menschen haben das Evangelium durch unsere <a data-type=\"page\" data-id=\"6302\" href=\"https:\/\/transformiran.com\/de\/unsere-arbeit\/medien\/\">Medienarbeit<\/a> geh\u00f6rt.  <\/p>\n\n<h3 class=\"wp-block-heading\"><strong>Apologetik: Antworten auf die Fragen, die die Iraner stellen<\/strong><\/h3>\n\n<p>Porpasokh&#8221; bedeutet &#8220;Frage und Antwort&#8221; und das ist das Herzst\u00fcck unseres Apologetikzentrums. Transform IranDie Porpasokh-Website zieht jeden Monat Zehntausende von Besuchern an und befasst sich direkt mit den Fragen der Suchenden. Die Antworten werden auf der Website ver\u00f6ffentlicht, damit andere davon profitieren k\u00f6nnen. Bis heute wurden rund 7.000 Fragen auf der Website beantwortet und viele sind dadurch zur Erl\u00f6sung gekommen. <a data-type=\"page\" data-id=\"6306\" href=\"https:\/\/transformiran.com\/de\/unsere-arbeit\/zentrum-fuer-apologetik\/\">Lesen Sie hier mehr<\/a>. Um in der Lage zu sein, individuelle Fragen in gro\u00dfem Umfang zu beantworten und einen intelligenten Dialog mit Suchenden zu beginnen, haben wir <g id=\"gid_1\">Kairos<\/g> entwickelt. Kairos ist ein KI-gest\u00fctztes Werkzeug f\u00fcr J\u00fcngerschaft und Evangelisation, das es Iranern erm\u00f6glicht, ihre Fragen zum Glauben &#8220;jederzeit und \u00fcberall&#8221; zu stellen und interaktive Antworten in Echtzeit zu erhalten, w\u00e4hrend sie gleichzeitig ihr Bed\u00fcrfnis nach Anonymit\u00e4t aus Angst vor einer \u00fcberwachenden Regierung wahren k\u00f6nnen.  <\/p>\n\n<h3 class=\"wp-block-heading\"><strong>Erreichen Sie die Opfer von Trauma, Missbrauch und Sucht<\/strong><\/h3>\n\n<p>F\u00fcr die Millionen Menschen im Iran, die mit fr\u00fcheren und aktuellen Traumata, Missbrauch und Sucht zu k\u00e4mpfen haben, ist das Gef\u00fchl der Unw\u00fcrdigkeit und Hoffnungslosigkeit besonders gro\u00df. Der Dienst <a data-type=\"page\" data-id=\"6308\" href=\"https:\/\/transformiran.com\/de\/unsere-arbeit\/perle-von-persien\/\">Pearl of Persia<\/a> von Transform Iran k\u00fcmmert sich speziell um diese Menschen und entwickelt ma\u00dfgeschneiderte Evangelisationen, die von Hoffnung, Heilung und Identit\u00e4t erz\u00e4hlen.  <\/p>\n\n<h3 class=\"wp-block-heading\"><strong>Pers\u00f6nliche Eins\u00e4tze im Iran<\/strong><\/h3>\n\n<p>Die Gl\u00e4ubigen im Iran sind leidenschaftlich darum bem\u00fcht, dass andere die lebensver\u00e4ndernde Kraft Christi in ihrem Leben erfahren und aktiv mit anderen teilen. Viele reisen sogar von Ort zu Ort mit der Botschaft der Hoffnung, die sie tragen. Wir unterst\u00fctzen die Fernhilfe durch Schulungen, die Bereitstellung von Bibeln und <a data-type=\"page\" data-id=\"6294\" href=\"https:\/\/transformiran.com\/de\/unsere-arbeit\/juengerschaft\/\">J\u00fcngerschaftsprogramme<\/a> f\u00fcr diejenigen, die zum Glauben gekommen sind.  <\/p>\n\n<p><\/p>\n\n<figure class=\"wp-block-embed is-type-video is-provider-youtube wp-block-embed-youtube wp-embed-aspect-16-9 wp-has-aspect-ratio\"><div class=\"wp-block-embed__wrapper\">\n<iframe title=\"The Risk of Sharing Your Faith in Iran (60-Second Reel)\" width=\"500\" height=\"281\" src=\"https:\/\/www.youtube.com\/embed\/C2pdLblzp2Q?feature=oembed\" frameborder=\"0\" allow=\"accelerometer; autoplay; clipboard-write; encrypted-media; gyroscope; picture-in-picture; web-share\" referrerpolicy=\"strict-origin-when-cross-origin\" allowfullscreen><\/iframe>\n<\/div><figcaption class=\"wp-element-caption\">Obwohl es im Iran illegal ist, den christlichen Glauben weiterzugeben, f\u00fchren \u00fcbernat\u00fcrliche Begegnungen mit Jesus zu organischem Gemeindewachstum.<\/figcaption><\/figure>\n\n<h3 class=\"wp-block-heading\"><strong>Pers\u00f6nliche Kontaktaufnahme \u00fcber die T\u00fcrkei<\/strong><\/h3>\n\n<p>Transform Iran f\u00fchrt jedes Jahr gezielte Informationsveranstaltungen in der T\u00fcrkei durch &#8211; dem beliebtesten Reiseziel f\u00fcr Iraner. Jedes Jahr besuchen mehr als 2 Millionen Iraner die T\u00fcrkei. Auch Iraner reisen regelm\u00e4\u00dfig aus gesch\u00e4ftlichen Gr\u00fcnden in die T\u00fcrkei und kaufen jedes Jahr Tausende von Immobilien.   Unsere geschulten Evangelisten reisen in Gegenden, die bei den Iranern beliebt sind, und teilen mit ihnen das Evangelium. Viele sind auf diese Weise gerettet worden und in den Iran zur\u00fcckgekehrt, wo sie Hauskirchen gegr\u00fcndet haben. Unser Follow-up-Team unterst\u00fctzt diese Gemeinden dann aus der Ferne (siehe <a data-type=\"page\" data-id=\"6294\" href=\"https:\/\/transformiran.com\/de\/unsere-arbeit\/juengerschaft\/\">J\u00fcngerschaft<\/a>).<\/p>\n\n<p><\/p>\n\n<blockquote class=\"wp-block-quote is-layout-flow wp-block-quote-is-layout-flow\">\n<p>Ich war als Teil eines Einsatzteams in der Stadt Istanbul unterwegs. Wir waren auf der Suche nach iranischen Touristen. Wir trafen eine Familie und teilten ihr die gute Nachricht mit. Wir haben ihnen auch Geschenke gemacht, die ihnen kostenlosen Zugang zur Bibel und anderen christlichen Online-Ressourcen verschaffen.<\/p>\n\n\n\n<p><em>Der Vater erz\u00e4hlte mir, dass er an Jesus glaube und Christ werden wolle, aber nicht wisse, wo er anfangen oder was er tun solle.<\/em><\/p>\n\n\n\n<p>Dies war der letzte Tag ihrer Reise nach Istanbul &#8211; sie wollten noch am selben Nachmittag in den Iran zur\u00fcckkehren. Auch seine Frau wurde immer fr\u00f6hlicher, je mehr sie von uns erfuhr. Sie war begierig darauf, ihr Herz Jesus Christus zu schenken, was sie auch gleich tat und gl\u00e4ubig wurde.<\/p>\n\n\n\n<p>Ihr Ehemann sah, wie sie ihr Leben Jesus \u00fcbergab, und auch er bekannte seine Liebe zu Jesus, bereute seine S\u00fcnden und \u00fcbergab sein Herz Jesus. Sie waren so gl\u00fccklich \u00fcber diesen Moment! Sie wollten uns zur Feier des Tages zum Eisessen einladen!<\/p>\n\n\n\n<p>Sie sind jetzt wieder im Iran, und ich stehe mit der Frau in Kontakt und helfe ihr, in ihrem Glauben zu wachsen.<\/p>\n<\/blockquote>\n\n<div class=\"wp-block-buttons is-content-justification-center is-layout-flex wp-container-core-buttons-is-layout-16018d1d wp-block-buttons-is-layout-flex\">\n<div class=\"wp-block-button\"><a class=\"wp-block-button__link has-white-color has-vivid-red-background-color has-text-color has-background has-link-color wp-element-button\" href=\"https:\/\/transformiran.com\/de\/anmeldung-zum-newsletter\/\">Beten Sie f\u00fcr die Ausbreitung des Evangeliums im Iran &#8211; erhalten Sie monatliche Emails, die Sie leiten<\/a><\/div>\n<\/div>\n\n<p><\/p>\n","protected":false},"excerpt":{"rendered":"<p>Der \u00fcbernat\u00fcrliche Hunger der Iraner nach dem Evangelium Im Iran gibt es eine \u00fcbernat\u00fcrliche Gnade &#8211; wie nie zuvor. Die Menschen sind hungrig nach der Wahrheit und offen f\u00fcr das Evangelium. Aber das Evangelium muss weitergegeben werden, denn &#8220;wie k\u00f6nnen sie an den glauben, von dem sie nichts geh\u00f6rt haben?&#8221; R\u00f6mer 10:14 Transform Iran predigt [&hellip;]<\/p>\n","protected":false},"author":1,"featured_media":0,"parent":10875,"menu_order":0,"comment_status":"closed","ping_status":"closed","template":"page-work.php","meta":{"_acf_changed":false,"give_campaign_id":0,"om_disable_all_campaigns":false,"_mi_skip_tracking":false,"footnotes":""},"class_list":["post-10838","page","type-page","status-publish","hentry"],"acf":[],"yoast_head":"<!-- This site is optimized with the Yoast SEO plugin v27.3 - https:\/\/yoast.com\/product\/yoast-seo-wordpress\/ -->\n<title>Evangelisation - Transform Iran<\/title>\n<meta name=\"robots\" content=\"index, follow, max-snippet:-1, max-image-preview:large, max-video-preview:-1\" \/>\n<link rel=\"canonical\" href=\"https:\/\/transformiran.com\/de\/unsere-arbeit\/evangelisation\/\" \/>\n<meta property=\"og:locale\" content=\"de_DE\" \/>\n<meta property=\"og:type\" content=\"article\" \/>\n<meta property=\"og:title\" content=\"Evangelisation - Transform Iran\" \/>\n<meta property=\"og:description\" content=\"Der \u00fcbernat\u00fcrliche Hunger der Iraner nach dem Evangelium Im Iran gibt es eine \u00fcbernat\u00fcrliche Gnade &#8211; wie nie zuvor. Die Menschen sind hungrig nach der Wahrheit und offen f\u00fcr das Evangelium. Aber das Evangelium muss weitergegeben werden, denn &#8220;wie k\u00f6nnen sie an den glauben, von dem sie nichts geh\u00f6rt haben?&#8221; R\u00f6mer 10:14 Transform Iran predigt [&hellip;]\" \/>\n<meta property=\"og:url\" content=\"https:\/\/transformiran.com\/de\/unsere-arbeit\/evangelisation\/\" \/>\n<meta property=\"og:site_name\" content=\"Transform Iran\" \/>\n<meta property=\"article:publisher\" content=\"https:\/\/www.facebook.com\/222MinistriesUSAInc\" \/>\n<meta property=\"article:modified_time\" content=\"2025-12-08T21:40:39+00:00\" \/>\n<meta property=\"og:image\" content=\"https:\/\/transformiran.com\/app\/uploads\/2024\/08\/man-casting-net-landscape-lite.jpeg\" \/>\n\t<meta property=\"og:image:width\" content=\"1280\" \/>\n\t<meta property=\"og:image:height\" content=\"218\" \/>\n\t<meta property=\"og:image:type\" content=\"image\/jpeg\" \/>\n<meta name=\"twitter:card\" content=\"summary_large_image\" \/>\n<meta name=\"twitter:site\" content=\"@222minint\" \/>\n<meta name=\"twitter:label1\" content=\"Gesch\u00e4tzte Lesezeit\" \/>\n\t<meta name=\"twitter:data1\" content=\"5\u00a0Minuten\" \/>\n<script type=\"application\/ld+json\" class=\"yoast-schema-graph\">{\"@context\":\"https:\\\/\\\/schema.org\",\"@graph\":[{\"@type\":\"WebPage\",\"@id\":\"https:\\\/\\\/transformiran.com\\\/de\\\/unsere-arbeit\\\/evangelisation\\\/\",\"url\":\"https:\\\/\\\/transformiran.com\\\/de\\\/unsere-arbeit\\\/evangelisation\\\/\",\"name\":\"Evangelisation - Transform Iran\",\"isPartOf\":{\"@id\":\"https:\\\/\\\/transformiran.com\\\/de\\\/#website\"},\"primaryImageOfPage\":{\"@id\":\"https:\\\/\\\/transformiran.com\\\/de\\\/unsere-arbeit\\\/evangelisation\\\/#primaryimage\"},\"image\":{\"@id\":\"https:\\\/\\\/transformiran.com\\\/de\\\/unsere-arbeit\\\/evangelisation\\\/#primaryimage\"},\"thumbnailUrl\":\"https:\\\/\\\/transformiran.com\\\/app\\\/uploads\\\/2024\\\/08\\\/man-casting-net-landscape-lite-1024x174.jpeg\",\"datePublished\":\"2022-11-03T12:16:01+00:00\",\"dateModified\":\"2025-12-08T21:40:39+00:00\",\"breadcrumb\":{\"@id\":\"https:\\\/\\\/transformiran.com\\\/de\\\/unsere-arbeit\\\/evangelisation\\\/#breadcrumb\"},\"inLanguage\":\"de\",\"potentialAction\":[{\"@type\":\"ReadAction\",\"target\":[\"https:\\\/\\\/transformiran.com\\\/de\\\/unsere-arbeit\\\/evangelisation\\\/\"]}]},{\"@type\":\"ImageObject\",\"inLanguage\":\"de\",\"@id\":\"https:\\\/\\\/transformiran.com\\\/de\\\/unsere-arbeit\\\/evangelisation\\\/#primaryimage\",\"url\":\"https:\\\/\\\/transformiran.com\\\/app\\\/uploads\\\/2024\\\/08\\\/man-casting-net-landscape-lite-1024x174.jpeg\",\"contentUrl\":\"https:\\\/\\\/transformiran.com\\\/app\\\/uploads\\\/2024\\\/08\\\/man-casting-net-landscape-lite-1024x174.jpeg\"},{\"@type\":\"BreadcrumbList\",\"@id\":\"https:\\\/\\\/transformiran.com\\\/de\\\/unsere-arbeit\\\/evangelisation\\\/#breadcrumb\",\"itemListElement\":[{\"@type\":\"ListItem\",\"position\":1,\"name\":\"Home\",\"item\":\"https:\\\/\\\/transformiran.com\\\/de\\\/startseite\\\/\"},{\"@type\":\"ListItem\",\"position\":2,\"name\":\"Unsere Arbeit\",\"item\":\"https:\\\/\\\/transformiran.com\\\/de\\\/unsere-arbeit\\\/\"},{\"@type\":\"ListItem\",\"position\":3,\"name\":\"Evangelisation\"}]},{\"@type\":\"WebSite\",\"@id\":\"https:\\\/\\\/transformiran.com\\\/de\\\/#website\",\"url\":\"https:\\\/\\\/transformiran.com\\\/de\\\/\",\"name\":\"Transform Iran\",\"description\":\"Bringing the love and power of Christ to Iran - and beyond\",\"publisher\":{\"@id\":\"https:\\\/\\\/transformiran.com\\\/de\\\/#organization\"},\"potentialAction\":[{\"@type\":\"SearchAction\",\"target\":{\"@type\":\"EntryPoint\",\"urlTemplate\":\"https:\\\/\\\/transformiran.com\\\/de\\\/?s={search_term_string}\"},\"query-input\":{\"@type\":\"PropertyValueSpecification\",\"valueRequired\":true,\"valueName\":\"search_term_string\"}}],\"inLanguage\":\"de\"},{\"@type\":\"Organization\",\"@id\":\"https:\\\/\\\/transformiran.com\\\/de\\\/#organization\",\"name\":\"Transform Iran\",\"url\":\"https:\\\/\\\/transformiran.com\\\/de\\\/\",\"logo\":{\"@type\":\"ImageObject\",\"inLanguage\":\"de\",\"@id\":\"https:\\\/\\\/transformiran.com\\\/de\\\/#\\\/schema\\\/logo\\\/image\\\/\",\"url\":\"https:\\\/\\\/transformiran.com\\\/app\\\/uploads\\\/2022\\\/11\\\/logo_grey.jpg\",\"contentUrl\":\"https:\\\/\\\/transformiran.com\\\/app\\\/uploads\\\/2022\\\/11\\\/logo_grey.jpg\",\"width\":528,\"height\":90,\"caption\":\"Transform Iran\"},\"image\":{\"@id\":\"https:\\\/\\\/transformiran.com\\\/de\\\/#\\\/schema\\\/logo\\\/image\\\/\"},\"sameAs\":[\"https:\\\/\\\/www.facebook.com\\\/222MinistriesUSAInc\",\"https:\\\/\\\/x.com\\\/222minint\",\"https:\\\/\\\/www.instagram.com\\\/222ministriesinternational\\\/\"]}]}<\/script>\n<!-- \/ Yoast SEO plugin. -->","yoast_head_json":{"title":"Evangelisation - Transform Iran","robots":{"index":"index","follow":"follow","max-snippet":"max-snippet:-1","max-image-preview":"max-image-preview:large","max-video-preview":"max-video-preview:-1"},"canonical":"https:\/\/transformiran.com\/de\/unsere-arbeit\/evangelisation\/","og_locale":"de_DE","og_type":"article","og_title":"Evangelisation - Transform Iran","og_description":"Der \u00fcbernat\u00fcrliche Hunger der Iraner nach dem Evangelium Im Iran gibt es eine \u00fcbernat\u00fcrliche Gnade &#8211; wie nie zuvor. Die Menschen sind hungrig nach der Wahrheit und offen f\u00fcr das Evangelium. Aber das Evangelium muss weitergegeben werden, denn &#8220;wie k\u00f6nnen sie an den glauben, von dem sie nichts geh\u00f6rt haben?&#8221; R\u00f6mer 10:14 Transform Iran predigt [&hellip;]","og_url":"https:\/\/transformiran.com\/de\/unsere-arbeit\/evangelisation\/","og_site_name":"Transform Iran","article_publisher":"https:\/\/www.facebook.com\/222MinistriesUSAInc","article_modified_time":"2025-12-08T21:40:39+00:00","og_image":[{"width":1280,"height":218,"url":"https:\/\/transformiran.com\/app\/uploads\/2024\/08\/man-casting-net-landscape-lite.jpeg","type":"image\/jpeg"}],"twitter_card":"summary_large_image","twitter_site":"@222minint","twitter_misc":{"Gesch\u00e4tzte Lesezeit":"5\u00a0Minuten"},"schema":{"@context":"https:\/\/schema.org","@graph":[{"@type":"WebPage","@id":"https:\/\/transformiran.com\/de\/unsere-arbeit\/evangelisation\/","url":"https:\/\/transformiran.com\/de\/unsere-arbeit\/evangelisation\/","name":"Evangelisation - Transform Iran","isPartOf":{"@id":"https:\/\/transformiran.com\/de\/#website"},"primaryImageOfPage":{"@id":"https:\/\/transformiran.com\/de\/unsere-arbeit\/evangelisation\/#primaryimage"},"image":{"@id":"https:\/\/transformiran.com\/de\/unsere-arbeit\/evangelisation\/#primaryimage"},"thumbnailUrl":"https:\/\/transformiran.com\/app\/uploads\/2024\/08\/man-casting-net-landscape-lite-1024x174.jpeg","datePublished":"2022-11-03T12:16:01+00:00","dateModified":"2025-12-08T21:40:39+00:00","breadcrumb":{"@id":"https:\/\/transformiran.com\/de\/unsere-arbeit\/evangelisation\/#breadcrumb"},"inLanguage":"de","potentialAction":[{"@type":"ReadAction","target":["https:\/\/transformiran.com\/de\/unsere-arbeit\/evangelisation\/"]}]},{"@type":"ImageObject","inLanguage":"de","@id":"https:\/\/transformiran.com\/de\/unsere-arbeit\/evangelisation\/#primaryimage","url":"https:\/\/transformiran.com\/app\/uploads\/2024\/08\/man-casting-net-landscape-lite-1024x174.jpeg","contentUrl":"https:\/\/transformiran.com\/app\/uploads\/2024\/08\/man-casting-net-landscape-lite-1024x174.jpeg"},{"@type":"BreadcrumbList","@id":"https:\/\/transformiran.com\/de\/unsere-arbeit\/evangelisation\/#breadcrumb","itemListElement":[{"@type":"ListItem","position":1,"name":"Home","item":"https:\/\/transformiran.com\/de\/startseite\/"},{"@type":"ListItem","position":2,"name":"Unsere Arbeit","item":"https:\/\/transformiran.com\/de\/unsere-arbeit\/"},{"@type":"ListItem","position":3,"name":"Evangelisation"}]},{"@type":"WebSite","@id":"https:\/\/transformiran.com\/de\/#website","url":"https:\/\/transformiran.com\/de\/","name":"Transform Iran","description":"Bringing the love and power of Christ to Iran - and beyond","publisher":{"@id":"https:\/\/transformiran.com\/de\/#organization"},"potentialAction":[{"@type":"SearchAction","target":{"@type":"EntryPoint","urlTemplate":"https:\/\/transformiran.com\/de\/?s={search_term_string}"},"query-input":{"@type":"PropertyValueSpecification","valueRequired":true,"valueName":"search_term_string"}}],"inLanguage":"de"},{"@type":"Organization","@id":"https:\/\/transformiran.com\/de\/#organization","name":"Transform Iran","url":"https:\/\/transformiran.com\/de\/","logo":{"@type":"ImageObject","inLanguage":"de","@id":"https:\/\/transformiran.com\/de\/#\/schema\/logo\/image\/","url":"https:\/\/transformiran.com\/app\/uploads\/2022\/11\/logo_grey.jpg","contentUrl":"https:\/\/transformiran.com\/app\/uploads\/2022\/11\/logo_grey.jpg","width":528,"height":90,"caption":"Transform Iran"},"image":{"@id":"https:\/\/transformiran.com\/de\/#\/schema\/logo\/image\/"},"sameAs":["https:\/\/www.facebook.com\/222MinistriesUSAInc","https:\/\/x.com\/222minint","https:\/\/www.instagram.com\/222ministriesinternational\/"]}]}},"campaignId":"","_links":{"self":[{"href":"https:\/\/transformiran.com\/de\/wp-json\/wp\/v2\/pages\/10838","targetHints":{"allow":["GET"]}}],"collection":[{"href":"https:\/\/transformiran.com\/de\/wp-json\/wp\/v2\/pages"}],"about":[{"href":"https:\/\/transformiran.com\/de\/wp-json\/wp\/v2\/types\/page"}],"author":[{"embeddable":true,"href":"https:\/\/transformiran.com\/de\/wp-json\/wp\/v2\/users\/1"}],"replies":[{"embeddable":true,"href":"https:\/\/transformiran.com\/de\/wp-json\/wp\/v2\/comments?post=10838"}],"version-history":[{"count":2,"href":"https:\/\/transformiran.com\/de\/wp-json\/wp\/v2\/pages\/10838\/revisions"}],"predecessor-version":[{"id":33975,"href":"https:\/\/transformiran.com\/de\/wp-json\/wp\/v2\/pages\/10838\/revisions\/33975"}],"up":[{"embeddable":true,"href":"https:\/\/transformiran.com\/de\/wp-json\/wp\/v2\/pages\/10875"}],"wp:attachment":[{"href":"https:\/\/transformiran.com\/de\/wp-json\/wp\/v2\/media?parent=10838"}],"curies":[{"name":"wp","href":"https:\/\/api.w.org\/{rel}","templated":true}]}}