{"id":10844,"date":"2022-11-04T11:16:19","date_gmt":"2022-11-04T11:16:19","guid":{"rendered":"https:\/\/transformiran.com\/offline-oder-per-bankueberweisung-spenden\/"},"modified":"2025-04-02T11:05:21","modified_gmt":"2025-04-02T10:05:21","slug":"offline-oder-per-bankueberweisung-spenden","status":"publish","type":"page","link":"https:\/\/transformiran.com\/de\/spenden-sie\/offline-oder-per-bankueberweisung-spenden\/","title":{"rendered":"Offline oder per Bank\u00fcberweisung spenden"},"content":{"rendered":"\n<p>Vielen Dank, dass Sie sich f\u00fcr eine Partnerschaft mit uns entschieden haben!<\/p>\n\n<p>Wir sind in der Lage, Schecks in USD und GBP entgegenzunehmen. Wir sind auch in der Lage, Bank\u00fcberweisungen in Euro und GBP entgegenzunehmen.<\/p>\n\n<h2 class=\"wp-block-heading\">Bitte senden Sie Schecks in US Dollar an:<\/h2>\n\n<p>Transform Iran<br\/>PO Box 1926<br\/>Glendale, CA 91209 USA<\/p>\n\n<p>Stellen Sie den Scheck auf &#8220;Transform Iran&#8221; aus.<\/p>\n\n<h2 class=\"wp-block-heading\">Bitte senden Sie Schecks in britischen Pfund Sterling an:<\/h2>\n\n<p>Transform Iran<br\/>PO Box 890<br\/>Camberley, Surrey<br\/>GU15 9AU, UK<\/p>\n\n<p>Stellen Sie den Scheck an &#8220;222 Ministries International&#8221; aus.<\/p>\n\n<h2 class=\"wp-block-heading\">F\u00fcr \u00dcberweisungen auf ein Euro-Konto:<\/h2>\n\n<p>Kontoname: Stichting 222 Ministry<br\/>Kontonummer: 0251875296<br\/>IBAN: NL 39 ABNA 0251875296<br\/>SWIFT \/ BIC: ABNANL2A<br\/>Bankadresse: Bordes5, 1315TN Almere, Die Niederlande<\/p>\n\n<p>W\u00e4hrung: Euro<\/p>\n\n<h2 class=\"wp-block-heading\">F\u00fcr Bank\u00fcberweisungen auf ein britisches Konto:<\/h2>\n\n<p>Kontoname: 222 Ministries International<br\/>Kontonummer: 03310419<br\/>Bankleitzahl: 30-91-53<br\/>IBAN: GB86 LOYD 3091 5303 3104 19<br\/>SWIFT \/ BIC: LOYDGB21141<br\/>Bankadresse: Lloyds Bank plc, 18 Prince of Wales Walk, Camberley GU15 3SJ, Vereinigtes K\u00f6nigreich<\/p>\n\n<p>W\u00e4hrung: Britisches Pfund Sterling<\/p>\n\n<p><\/p>\n\n<p>Leider k\u00f6nnen wir derzeit keine Spenden in anderen W\u00e4hrungen \u00fcber diese Methode entgegennehmen.<\/p>\n","protected":false},"excerpt":{"rendered":"<p>Vielen Dank, dass Sie sich f\u00fcr eine Partnerschaft mit uns entschieden haben! Wir sind in der Lage, Schecks in USD und GBP entgegenzunehmen. Wir sind auch in der Lage, Bank\u00fcberweisungen in Euro und GBP entgegenzunehmen. Bitte senden Sie Schecks in US Dollar an: Transform IranPO Box 1926Glendale, CA 91209 USA Stellen Sie den Scheck auf [&hellip;]<\/p>\n","protected":false},"author":1,"featured_media":0,"parent":10842,"menu_order":0,"comment_status":"closed","ping_status":"closed","template":"page-basic.php","meta":{"_acf_changed":false,"give_campaign_id":0,"om_disable_all_campaigns":false,"_mi_skip_tracking":false,"footnotes":""},"class_list":["post-10844","page","type-page","status-publish","hentry"],"acf":[],"yoast_head":"<!-- This site is optimized with the Yoast SEO plugin v27.2 - https:\/\/yoast.com\/product\/yoast-seo-wordpress\/ -->\n<title>Offline oder per Bank\u00fcberweisung spenden - Transform Iran<\/title>\n<meta name=\"robots\" content=\"index, follow, max-snippet:-1, max-image-preview:large, max-video-preview:-1\" \/>\n<link rel=\"canonical\" href=\"https:\/\/transformiran.com\/de\/spenden-sie\/offline-oder-per-bankueberweisung-spenden\/\" \/>\n<meta property=\"og:locale\" content=\"de_DE\" \/>\n<meta property=\"og:type\" content=\"article\" \/>\n<meta property=\"og:title\" content=\"Offline oder per Bank\u00fcberweisung spenden - Transform Iran\" \/>\n<meta property=\"og:description\" content=\"Vielen Dank, dass Sie sich f\u00fcr eine Partnerschaft mit uns entschieden haben! Wir sind in der Lage, Schecks in USD und GBP entgegenzunehmen. Wir sind auch in der Lage, Bank\u00fcberweisungen in Euro und GBP entgegenzunehmen. Bitte senden Sie Schecks in US Dollar an: Transform IranPO Box 1926Glendale, CA 91209 USA Stellen Sie den Scheck auf [&hellip;]\" \/>\n<meta property=\"og:url\" content=\"https:\/\/transformiran.com\/de\/spenden-sie\/offline-oder-per-bankueberweisung-spenden\/\" \/>\n<meta property=\"og:site_name\" content=\"Transform Iran\" \/>\n<meta property=\"article:publisher\" content=\"https:\/\/www.facebook.com\/222MinistriesUSAInc\" \/>\n<meta property=\"article:modified_time\" content=\"2025-04-02T10:05:21+00:00\" \/>\n<meta name=\"twitter:card\" content=\"summary_large_image\" \/>\n<meta name=\"twitter:site\" content=\"@222minint\" \/>\n<meta name=\"twitter:label1\" content=\"Gesch\u00e4tzte Lesezeit\" \/>\n\t<meta name=\"twitter:data1\" content=\"1\u00a0Minute\" \/>\n<script type=\"application\/ld+json\" class=\"yoast-schema-graph\">{\"@context\":\"https:\/\/schema.org\",\"@graph\":[{\"@type\":\"WebPage\",\"@id\":\"https:\/\/transformiran.com\/de\/spenden-sie\/offline-oder-per-bankueberweisung-spenden\/\",\"url\":\"https:\/\/transformiran.com\/de\/spenden-sie\/offline-oder-per-bankueberweisung-spenden\/\",\"name\":\"Offline oder per Bank\u00fcberweisung spenden - Transform Iran\",\"isPartOf\":{\"@id\":\"https:\/\/transformiran.com\/de\/#website\"},\"datePublished\":\"2022-11-04T11:16:19+00:00\",\"dateModified\":\"2025-04-02T10:05:21+00:00\",\"breadcrumb\":{\"@id\":\"https:\/\/transformiran.com\/de\/spenden-sie\/offline-oder-per-bankueberweisung-spenden\/#breadcrumb\"},\"inLanguage\":\"de\",\"potentialAction\":[{\"@type\":\"ReadAction\",\"target\":[\"https:\/\/transformiran.com\/de\/spenden-sie\/offline-oder-per-bankueberweisung-spenden\/\"]}]},{\"@type\":\"BreadcrumbList\",\"@id\":\"https:\/\/transformiran.com\/de\/spenden-sie\/offline-oder-per-bankueberweisung-spenden\/#breadcrumb\",\"itemListElement\":[{\"@type\":\"ListItem\",\"position\":1,\"name\":\"Home\",\"item\":\"https:\/\/transformiran.com\/de\/startseite\/\"},{\"@type\":\"ListItem\",\"position\":2,\"name\":\"Spenden Sie\",\"item\":\"https:\/\/transformiran.com\/de\/spenden-sie\/\"},{\"@type\":\"ListItem\",\"position\":3,\"name\":\"Offline oder per Bank\u00fcberweisung spenden\"}]},{\"@type\":\"WebSite\",\"@id\":\"https:\/\/transformiran.com\/de\/#website\",\"url\":\"https:\/\/transformiran.com\/de\/\",\"name\":\"Transform Iran\",\"description\":\"Bringing the love and power of Christ to Iran - and beyond\",\"publisher\":{\"@id\":\"https:\/\/transformiran.com\/de\/#organization\"},\"potentialAction\":[{\"@type\":\"SearchAction\",\"target\":{\"@type\":\"EntryPoint\",\"urlTemplate\":\"https:\/\/transformiran.com\/de\/?s={search_term_string}\"},\"query-input\":{\"@type\":\"PropertyValueSpecification\",\"valueRequired\":true,\"valueName\":\"search_term_string\"}}],\"inLanguage\":\"de\"},{\"@type\":\"Organization\",\"@id\":\"https:\/\/transformiran.com\/de\/#organization\",\"name\":\"Transform Iran\",\"url\":\"https:\/\/transformiran.com\/de\/\",\"logo\":{\"@type\":\"ImageObject\",\"inLanguage\":\"de\",\"@id\":\"https:\/\/transformiran.com\/de\/#\/schema\/logo\/image\/\",\"url\":\"https:\/\/transformiran.com\/app\/uploads\/2022\/11\/logo_grey.jpg\",\"contentUrl\":\"https:\/\/transformiran.com\/app\/uploads\/2022\/11\/logo_grey.jpg\",\"width\":528,\"height\":90,\"caption\":\"Transform Iran\"},\"image\":{\"@id\":\"https:\/\/transformiran.com\/de\/#\/schema\/logo\/image\/\"},\"sameAs\":[\"https:\/\/www.facebook.com\/222MinistriesUSAInc\",\"https:\/\/x.com\/222minint\",\"https:\/\/www.instagram.com\/222ministriesinternational\/\"]}]}<\/script>\n<!-- \/ Yoast SEO plugin. -->","yoast_head_json":{"title":"Offline oder per Bank\u00fcberweisung spenden - Transform Iran","robots":{"index":"index","follow":"follow","max-snippet":"max-snippet:-1","max-image-preview":"max-image-preview:large","max-video-preview":"max-video-preview:-1"},"canonical":"https:\/\/transformiran.com\/de\/spenden-sie\/offline-oder-per-bankueberweisung-spenden\/","og_locale":"de_DE","og_type":"article","og_title":"Offline oder per Bank\u00fcberweisung spenden - Transform Iran","og_description":"Vielen Dank, dass Sie sich f\u00fcr eine Partnerschaft mit uns entschieden haben! Wir sind in der Lage, Schecks in USD und GBP entgegenzunehmen. Wir sind auch in der Lage, Bank\u00fcberweisungen in Euro und GBP entgegenzunehmen. Bitte senden Sie Schecks in US Dollar an: Transform IranPO Box 1926Glendale, CA 91209 USA Stellen Sie den Scheck auf [&hellip;]","og_url":"https:\/\/transformiran.com\/de\/spenden-sie\/offline-oder-per-bankueberweisung-spenden\/","og_site_name":"Transform Iran","article_publisher":"https:\/\/www.facebook.com\/222MinistriesUSAInc","article_modified_time":"2025-04-02T10:05:21+00:00","twitter_card":"summary_large_image","twitter_site":"@222minint","twitter_misc":{"Gesch\u00e4tzte Lesezeit":"1\u00a0Minute"},"schema":{"@context":"https:\/\/schema.org","@graph":[{"@type":"WebPage","@id":"https:\/\/transformiran.com\/de\/spenden-sie\/offline-oder-per-bankueberweisung-spenden\/","url":"https:\/\/transformiran.com\/de\/spenden-sie\/offline-oder-per-bankueberweisung-spenden\/","name":"Offline oder per Bank\u00fcberweisung spenden - Transform Iran","isPartOf":{"@id":"https:\/\/transformiran.com\/de\/#website"},"datePublished":"2022-11-04T11:16:19+00:00","dateModified":"2025-04-02T10:05:21+00:00","breadcrumb":{"@id":"https:\/\/transformiran.com\/de\/spenden-sie\/offline-oder-per-bankueberweisung-spenden\/#breadcrumb"},"inLanguage":"de","potentialAction":[{"@type":"ReadAction","target":["https:\/\/transformiran.com\/de\/spenden-sie\/offline-oder-per-bankueberweisung-spenden\/"]}]},{"@type":"BreadcrumbList","@id":"https:\/\/transformiran.com\/de\/spenden-sie\/offline-oder-per-bankueberweisung-spenden\/#breadcrumb","itemListElement":[{"@type":"ListItem","position":1,"name":"Home","item":"https:\/\/transformiran.com\/de\/startseite\/"},{"@type":"ListItem","position":2,"name":"Spenden Sie","item":"https:\/\/transformiran.com\/de\/spenden-sie\/"},{"@type":"ListItem","position":3,"name":"Offline oder per Bank\u00fcberweisung spenden"}]},{"@type":"WebSite","@id":"https:\/\/transformiran.com\/de\/#website","url":"https:\/\/transformiran.com\/de\/","name":"Transform Iran","description":"Bringing the love and power of Christ to Iran - and beyond","publisher":{"@id":"https:\/\/transformiran.com\/de\/#organization"},"potentialAction":[{"@type":"SearchAction","target":{"@type":"EntryPoint","urlTemplate":"https:\/\/transformiran.com\/de\/?s={search_term_string}"},"query-input":{"@type":"PropertyValueSpecification","valueRequired":true,"valueName":"search_term_string"}}],"inLanguage":"de"},{"@type":"Organization","@id":"https:\/\/transformiran.com\/de\/#organization","name":"Transform Iran","url":"https:\/\/transformiran.com\/de\/","logo":{"@type":"ImageObject","inLanguage":"de","@id":"https:\/\/transformiran.com\/de\/#\/schema\/logo\/image\/","url":"https:\/\/transformiran.com\/app\/uploads\/2022\/11\/logo_grey.jpg","contentUrl":"https:\/\/transformiran.com\/app\/uploads\/2022\/11\/logo_grey.jpg","width":528,"height":90,"caption":"Transform Iran"},"image":{"@id":"https:\/\/transformiran.com\/de\/#\/schema\/logo\/image\/"},"sameAs":["https:\/\/www.facebook.com\/222MinistriesUSAInc","https:\/\/x.com\/222minint","https:\/\/www.instagram.com\/222ministriesinternational\/"]}]}},"campaignId":"","_links":{"self":[{"href":"https:\/\/transformiran.com\/de\/wp-json\/wp\/v2\/pages\/10844","targetHints":{"allow":["GET"]}}],"collection":[{"href":"https:\/\/transformiran.com\/de\/wp-json\/wp\/v2\/pages"}],"about":[{"href":"https:\/\/transformiran.com\/de\/wp-json\/wp\/v2\/types\/page"}],"author":[{"embeddable":true,"href":"https:\/\/transformiran.com\/de\/wp-json\/wp\/v2\/users\/1"}],"replies":[{"embeddable":true,"href":"https:\/\/transformiran.com\/de\/wp-json\/wp\/v2\/comments?post=10844"}],"version-history":[{"count":0,"href":"https:\/\/transformiran.com\/de\/wp-json\/wp\/v2\/pages\/10844\/revisions"}],"up":[{"embeddable":true,"href":"https:\/\/transformiran.com\/de\/wp-json\/wp\/v2\/pages\/10842"}],"wp:attachment":[{"href":"https:\/\/transformiran.com\/de\/wp-json\/wp\/v2\/media?parent=10844"}],"curies":[{"name":"wp","href":"https:\/\/api.w.org\/{rel}","templated":true}]}}