{"id":10849,"date":"2023-03-29T14:50:45","date_gmt":"2023-03-29T13:50:45","guid":{"rendered":"https:\/\/transformiran.com\/entwicklung-von-fuehrungsqualitaeten\/"},"modified":"2025-10-16T23:07:40","modified_gmt":"2025-10-16T22:07:40","slug":"entwicklung-von-fuehrungsqualitaeten","status":"publish","type":"page","link":"https:\/\/transformiran.com\/de\/unsere-arbeit\/entwicklung-von-fuehrungsqualitaeten\/","title":{"rendered":"Entwicklung von F\u00fchrungsqualit\u00e4ten"},"content":{"rendered":"\n<p><\/p>\n\n<h2 class=\"wp-block-heading\">F\u00fchrungspers\u00f6nlichkeiten aufr\u00fcsten Transform Iran<\/h2>\n\n<p><\/p>\n\n<p class=\"has-medium-font-size\">Transform Iran engagiert sich f\u00fcr die Entwicklung von F\u00fchrungskr\u00e4ften, die den Iran und die umliegende Region ver\u00e4ndern werden. Unsere Arbeit konzentriert sich auf die drei Grundpfeiler Evangelisation, J\u00fcngerschaft und Transformation.  <\/p>\n\n<p><\/p>\n\n<p><strong>Das Herzst\u00fcck unseres J\u00fcngerschaftsmodells ist die Entwicklung von F\u00fchrungskr\u00e4ften<\/strong>. Wir glauben, dass wahre J\u00fcngerschaft immer zur Multiplikation f\u00fchrt &#8211; jeder J\u00fcnger ist dazu berufen, in irgendeiner Funktion zu f\u00fchren und andere f\u00fcr das Reich Gottes zu beeinflussen. <\/p>\n\n<p><\/p>\n\n<h3 class=\"wp-block-heading\">J\u00fcngerschaft, die sich fortpflanzt<\/h3>\n\n<p><\/p>\n\n<p>Wir glauben, dass jedem Nachfolger von Jesus Einfluss anvertraut ist:<\/p>\n\n<p><strong>\u201e<em>Und das, was Sie von mir vor vielen Zeugen geh\u00f6rt haben, vertrauen Sie zuverl\u00e4ssigen Menschen an, die auch bef\u00e4higt sein werden, andere zu lehren<\/em>.\u201c<\/strong> 2 Timotheus 2:2<\/p>\n\n<p><\/p>\n\n<p>Nicht alle sind zu traditionellen F\u00fchrungsaufgaben berufen, aber <strong>alle sind zu lebenslangem Wachstum, geistlicher Reife und fruchtbarer Wirkung berufen<\/strong>. Deshalb fragen unsere leitenden Pastoren immer: Was ist die Berufung dieser Person? Wie kann ich ihr helfen, das zu werden, wozu Gott sie berufen hat? Wie kann ich sie ausr\u00fcsten und in ihr eigenes Missionsfeld entlassen?   <\/p>\n\n<p><\/p>\n\n<h2 class=\"wp-block-heading\">Entwicklung von F\u00fchrungskr\u00e4ften in Aktion<\/h2>\n\n<p><\/p>\n\n<p>Und so geht J\u00fcngerschaft in die Entwicklung von F\u00fchrungskr\u00e4ften \u00fcber. J\u00fcnger machen J\u00fcnger. Leiter, die Leiter erziehen.  Jeder reift und gibt das, was er gelernt hat, an andere weiter. So sehen wir, wie Gottes K\u00f6nigreich voranschreitet.<\/p>\n\n<p><\/p>\n\n<p>Transform Iran bietet <strong>strategische F\u00fchrungsentwicklung<\/strong> f\u00fcr aufstrebende und erfahrene F\u00fchrungskr\u00e4fte. Unser Modell umfasst pers\u00f6nliches Mentoring, intensives Training und eine Reihe praktischer Werkzeuge und Ressourcen, die F\u00fchrungskr\u00e4fte f\u00fcr einen fruchtbaren Dienst ausr\u00fcsten, w\u00e4hrend sie in der Salbung und in der Reife wachsen. <\/p>\n\n<p><\/p>\n\n<h3 class=\"wp-block-heading\">Mentoring<\/h3>\n\n<p><\/p>\n\n<p>\u00c4ltere Pastoren begleiten Leiter 1:1, indem sie sie zu J\u00fcngern machen und sie dazu ausr\u00fcsten, Dienste zu leiten, Gemeinden zu gr\u00fcnden und andere Leiter zu vervielf\u00e4ltigen.<\/p>\n\n<p><\/p>\n\n<h3 class=\"wp-block-heading\">Veranstaltungen zur Schulung von F\u00fchrungskr\u00e4ften<\/h3>\n\n<p><\/p>\n\n<p>Aufstrebende Leiter und Leiter von Untergrund-Hausgemeinden werden zu einw\u00f6chigen Intensiv-Trainingswochen eingeladen, in denen sie tief in das Wort Gottes eintauchen, wichtige F\u00fchrungsf\u00e4higkeiten erlernen und Gemeinschaft mit anderen Dienern des Transform Iran Netzwerks aufbauen. Diese Schulungs- und Ausbildungsveranstaltungen, die an sicheren Orten im Nahen Osten durchgef\u00fchrt werden, dienen dem Aufbau, der Unterst\u00fctzung und dem Wachstum der Untergrundkirche im Iran. Tausende wurden auf diese Weise ausgebildet und weiterentwickelt.<\/p>\n\n<p><\/p>\n\n<blockquote class=\"wp-block-quote is-layout-flow wp-block-quote-is-layout-flow\">\n<p>Dieses Training hat meine Vision erweitert, meine Leidenschaft vertieft und mir praktische Schritte an die Hand gegeben, um anderen zu dienen und sie zum Glauben zu f\u00fchren. Ich bin motivierter denn je, dabei zu helfen, treue, engagierte J\u00fcnger Christi aufzubauen. <\/p>\n<\/blockquote>\n\n<div class=\"wp-block-columns is-layout-flex wp-container-core-columns-is-layout-9d6595d7 wp-block-columns-is-layout-flex\">\n<div class=\"wp-block-column is-layout-flow wp-block-column-is-layout-flow\">\n<figure class=\"wp-block-image size-large\"><img loading=\"lazy\" decoding=\"async\" width=\"1024\" height=\"547\" src=\"https:\/\/transformiran.com\/app\/uploads\/2025\/05\/Leaders-Meeting-4-1024x547.jpeg\" alt=\"\" class=\"wp-image-31109\" style=\"aspect-ratio:1;object-fit:cover\" srcset=\"https:\/\/transformiran.com\/app\/uploads\/2025\/05\/Leaders-Meeting-4-1024x547.jpeg 1024w, https:\/\/transformiran.com\/app\/uploads\/2025\/05\/Leaders-Meeting-4-300x160.jpeg 300w, https:\/\/transformiran.com\/app\/uploads\/2025\/05\/Leaders-Meeting-4-768x410.jpeg 768w, https:\/\/transformiran.com\/app\/uploads\/2025\/05\/Leaders-Meeting-4-1536x820.jpeg 1536w, https:\/\/transformiran.com\/app\/uploads\/2025\/05\/Leaders-Meeting-4-2048x1093.jpeg 2048w\" sizes=\"auto, (max-width: 1024px) 100vw, 1024px\" \/><\/figure>\n<\/div>\n\n\n\n<div class=\"wp-block-column is-layout-flow wp-block-column-is-layout-flow\">\n<figure class=\"wp-block-image size-large\"><img loading=\"lazy\" decoding=\"async\" width=\"1024\" height=\"576\" src=\"https:\/\/transformiran.com\/app\/uploads\/2025\/05\/DSC04956-1024x576.jpg\" alt=\"\" class=\"wp-image-31130\" style=\"aspect-ratio:1;object-fit:cover\" srcset=\"https:\/\/transformiran.com\/app\/uploads\/2025\/05\/DSC04956-1024x576.jpg 1024w, https:\/\/transformiran.com\/app\/uploads\/2025\/05\/DSC04956-300x169.jpg 300w, https:\/\/transformiran.com\/app\/uploads\/2025\/05\/DSC04956-768x432.jpg 768w, https:\/\/transformiran.com\/app\/uploads\/2025\/05\/DSC04956-1536x864.jpg 1536w, https:\/\/transformiran.com\/app\/uploads\/2025\/05\/DSC04956-2048x1152.jpg 2048w\" sizes=\"auto, (max-width: 1024px) 100vw, 1024px\" \/><\/figure>\n<\/div>\n\n\n\n<div class=\"wp-block-column is-layout-flow wp-block-column-is-layout-flow\">\n<figure class=\"wp-block-image size-large\"><img loading=\"lazy\" decoding=\"async\" width=\"1024\" height=\"576\" src=\"https:\/\/transformiran.com\/app\/uploads\/2025\/05\/DSC05071-LY-teaching-1024x576.jpg\" alt=\"\" class=\"wp-image-31116\" style=\"aspect-ratio:1;object-fit:cover\" srcset=\"https:\/\/transformiran.com\/app\/uploads\/2025\/05\/DSC05071-LY-teaching-1024x576.jpg 1024w, https:\/\/transformiran.com\/app\/uploads\/2025\/05\/DSC05071-LY-teaching-300x169.jpg 300w, https:\/\/transformiran.com\/app\/uploads\/2025\/05\/DSC05071-LY-teaching-768x432.jpg 768w, https:\/\/transformiran.com\/app\/uploads\/2025\/05\/DSC05071-LY-teaching-1536x864.jpg 1536w, https:\/\/transformiran.com\/app\/uploads\/2025\/05\/DSC05071-LY-teaching-2048x1152.jpg 2048w\" sizes=\"auto, (max-width: 1024px) 100vw, 1024px\" \/><\/figure>\n<\/div>\n<\/div>\n\n<p><\/p>\n\n<h3 class=\"wp-block-heading\">Online Bibelschule<\/h3>\n\n<p><\/p>\n\n<p>Unser kostenloser <a href=\"http:\/\/www.222bc.com\/\">Online-Bibelkurs<\/a> in Farsi (mit fast 1.000 aktiven registrierten Studenten) beseitigt die Kostenbarriere f\u00fcr ein solch tiefgehendes Studium des Wortes Gottes und bietet klare, gut vorbereitete theologische Lektionen, die in die Tiefe gehen, um farsisprachigen Christen zu helfen, in ihrem Glauben zu reifen und sie f\u00fcr den Dienst auszur\u00fcsten.  <\/p>\n\n<p><\/p>\n\n<h2 class=\"wp-block-heading\">Werkzeuge zur Ausr\u00fcstung und St\u00e4rkung von F\u00fchrungskr\u00e4ften<\/h2>\n\n<p><\/p>\n\n<h3 class=\"wp-block-heading\">Apologetik: Porpasokh<\/h3>\n\n<p><\/p>\n\n<p><em>Porpasokh<\/em>&#8221; bedeutet &#8220;Frage und Antwort&#8221; und das ist das Herzst\u00fcck unseres Apologetikzentrums. Transform IranDie <em>Porpasokh-Website<\/em> zieht jeden Monat Zehntausende von Besuchern an und besch\u00e4ftigt sich direkt mit den Fragen derjenigen, die noch versuchen, bestimmte Aspekte des Glaubens und der Theologie zu verstehen. Die Antworten werden auf der Website ver\u00f6ffentlicht, damit andere davon profitieren k\u00f6nnen. Bis heute wurden mehr als 5.900 Antworten ver\u00f6ffentlicht, und viele sind dadurch in ihrem Glauben gest\u00e4rkt worden. <em>Porpasokh<\/em> ist nicht nur ein leistungsf\u00e4higes Werkzeug f\u00fcr die Evangelisation, sondern unterst\u00fctzt auch junge Pastoren, die sich auf das Hilfsmittel verlassen, um die Fragen zu beantworten, die ihre Bekehrten ihnen stellen.  <\/p>\n\n<p><\/p>\n\n<p><a href=\"https:\/\/transformiran.com\/de\/unsere-arbeit\/zentrum-fuer-apologetik\/\">Lesen Sie mehr \u00fcber unseren Apologetik-Dienst<\/a><\/p>\n\n<p><\/p>\n\n<h3 class=\"wp-block-heading\">Freiheit in Christus<\/h3>\n\n<p><\/p>\n\n<p>Wir haben uns mit den wunderbaren Autoren des Kurses &#8220;Freiheit in Christus&#8221; zusammengetan, das Material ins Farsi \u00fcbersetzt und es f\u00fcr ein iranisches Publikum angepasst und erweitert. Dies ist ein wichtiges biblisches Werkzeug f\u00fcr Christen in der J\u00fcngerschaft und zur Befreiung, das sicherstellt, dass Gemeinden durch pers\u00f6nlichen Durchbruch, Freiheit und Fruchtbarkeit der Gl\u00e4ubigen gesund wachsen. Bis heute haben mehr als 1.600 Personen das Programm abgeschlossen. Alle F\u00fchrungskr\u00e4fte bei Transform Iran absolvieren diesen Kurs als Teil ihrer eigenen pers\u00f6nlichen Entwicklung und ihres Wachstums.<\/p>\n\n<p><\/p>\n\n<h3 class=\"wp-block-heading\">222 Ver\u00f6ffentlichungen<\/h3>\n\n<p><\/p>\n\n<p>Transform Iran sch\u00fctzt die lehrm\u00e4\u00dfige Integrit\u00e4t der Kirche im Iran, indem sie \u00fcber ihren Verlag <a href=\"http:\/\/www.222publications.com\/\">222 Publications<\/a> eine breite Palette an biblischen Ressourcen (gedruckt und digital) bereitstellt. 222 Publications identifiziert L\u00fccken in gedruckten und digitalen Medien f\u00fcr die Farsi sprechende Kirche und ver\u00f6ffentlicht die Materialien, die ben\u00f6tigt werden, um diese L\u00fccken f\u00fcr eine wachsende globale Kirche zu schlie\u00dfen. 222 Publications tut dies so nahe am Selbstkostenpreis wie m\u00f6glich, um den gr\u00f6\u00dftm\u00f6glichen Zugang zu diesen Ressourcen f\u00fcr diejenigen zu gew\u00e4hrleisten, die sie ben\u00f6tigen.  <\/p>\n\n<p><\/p>\n\n<h2 class=\"wp-block-heading\">Bibel\u00fcbersetzung: Eine Grundlage f\u00fcr F\u00fchrungsqualit\u00e4ten<\/h2>\n\n<p><\/p>\n\n<p>Etwa 26 Millionen Iraner haben immer noch keinen Zugang zum Wort Gottes in ihrer eigenen <em>Herzenssprache<\/em>. W\u00e4hrend das Hauptziel unserer Bibel\u00fcbersetzung die Evangelisation und die fr\u00fche J\u00fcngerschaft ist, spielen die Schriften in der Herzenssprache auch eine wichtige Rolle bei der Entwicklung von F\u00fchrungskr\u00e4ften. Wenn Gl\u00e4ubige die Tiefe und Bedeutung des Wortes Gottes in ihrer Muttersprache vollst\u00e4ndig erfassen k\u00f6nnen, sind sie besser ger\u00fcstet, um es gr\u00fcndlich zu studieren, es effektiv zu lehren und andere mit Zuversicht zu f\u00fchren. Dies f\u00fchrt zu st\u00e4rkeren, best\u00e4ndigeren Kirchen, die in ihren Gemeinden echte Ver\u00e4nderungen bewirken.     <\/p>\n\n<p><\/p>\n\n<p><a href=\"https:\/\/transformiran.com\/de\/unsere-arbeit\/bibeluebersetzung\/\">Lesen Sie mehr \u00fcber unsere Arbeit als Bibel\u00fcbersetzer<\/a><\/p>\n\n<p><\/p>\n\n<h2 class=\"wp-block-heading\">Lebenslanges Engagement f\u00fcr das Wachstum des K\u00f6nigreichs<\/h2>\n\n<p><\/p>\n\n<p>Bei Transform Iran geht es bei der F\u00fchrung nicht um Titel oder Positionen &#8211; es geht darum, Leben zu ver\u00e4ndern, Gemeinden zu gr\u00fcnden und Nationen f\u00fcr Jesus zu beeinflussen.<\/p>\n\n<p><\/p>\n\n<blockquote class=\"wp-block-quote is-layout-flow wp-block-quote-is-layout-flow\">\n<p>Danke, dass du in mein Leben getreten bist und mich all die Jahre begleitet hast. Ich bin f\u00fcr immer dankbar und verpflichtet, Gott nach besten Kr\u00e4ften zu dienen.<\/p>\n<\/blockquote>\n\n<p><\/p>\n\n<h2 class=\"wp-block-heading\">Geschichten der Wirkung<\/h2>\n\n<p><\/p>\n\n<blockquote class=\"wp-block-quote is-layout-flow wp-block-quote-is-layout-flow\">\n<p class=\"has-off-white-background-color has-background\">Weil Transform vielen Menschen eine Chance gibt. Menschen, die in den Augen anderer vielleicht &#8220;klein&#8221; waren, bekommen hier die M\u00f6glichkeit, wirklich zu dienen und zu wachsen. Das Ergebnis ist ein wundervolles Netzwerk von F\u00fchrungspers\u00f6nlichkeiten, die gemeinsam etwas bewegen!<\/p>\n<\/blockquote>\n\n<p><\/p>\n\n<blockquote class=\"wp-block-quote is-layout-flow wp-block-quote-is-layout-flow\">\n<p class=\"has-light-gold-background-color has-background\">Ich habe in der Kirche und auf Konferenzen gesehen, dass die Menschen nicht unterdr\u00fcckt werden. Man vertraut ihnen den Raum an, um dort zu wachsen, wo sie sind. Und SCHNELL werden diese jungen Sch\u00fcler zu potenziellen F\u00fchrungskr\u00e4ften. Ich habe selbst davon profitiert! Ich lernte den Herrn kennen, wurde zu einem J\u00fcnger, und innerhalb von zwei Jahren gr\u00fcndete ich eine Gemeinde. Jetzt diene ich als Aufsichtspfarrer und Dienstleiter. Gelobt sei Gott!<\/p>\n<\/blockquote>\n\n<p><\/p>\n\n<blockquote class=\"wp-block-quote is-layout-flow wp-block-quote-is-layout-flow\">\n<p class=\"has-off-white-background-color has-background\">Es gibt hier einen Eifer und eine Integrit\u00e4t unter den F\u00fchrungskr\u00e4ften. Niemand baut einzelne K\u00f6nigreiche auf. Wir sind in einer Sache vereint, aber es geht auch gar nicht um die Arbeit, die wir tun &#8211; es geht um die liebevolle Beziehung, die wir zu Gott und zueinander haben. Es ist wirklich eine Gemeinschaft, die gemeinsam im Einsatz ist.<\/p>\n<\/blockquote>\n\n<p><\/p>\n\n<p><\/p>\n","protected":false},"excerpt":{"rendered":"<p>F\u00fchrungspers\u00f6nlichkeiten aufr\u00fcsten Transform Iran Transform Iran engagiert sich f\u00fcr die Entwicklung von F\u00fchrungskr\u00e4ften, die den Iran und die umliegende Region ver\u00e4ndern werden. Unsere Arbeit konzentriert sich auf die drei Grundpfeiler Evangelisation, J\u00fcngerschaft und Transformation. Das Herzst\u00fcck unseres J\u00fcngerschaftsmodells ist die Entwicklung von F\u00fchrungskr\u00e4ften. Wir glauben, dass wahre J\u00fcngerschaft immer zur Multiplikation f\u00fchrt &#8211; jeder J\u00fcnger [&hellip;]<\/p>\n","protected":false},"author":4,"featured_media":0,"parent":10875,"menu_order":0,"comment_status":"closed","ping_status":"closed","template":"page-work.php","meta":{"_acf_changed":false,"give_campaign_id":0,"om_disable_all_campaigns":false,"_mi_skip_tracking":false,"footnotes":""},"class_list":["post-10849","page","type-page","status-publish","hentry"],"acf":[],"yoast_head":"<!-- This site is optimized with the Yoast SEO plugin v27.3 - https:\/\/yoast.com\/product\/yoast-seo-wordpress\/ -->\n<title>Entwicklung von F\u00fchrungsqualit\u00e4ten - Transform Iran<\/title>\n<meta name=\"description\" content=\"Transform Iran engagiert sich f\u00fcr die Entwicklung von F\u00fchrungspers\u00f6nlichkeiten, die das Land Iran und die umliegende Region ver\u00e4ndern werden.\" \/>\n<meta name=\"robots\" content=\"index, follow, max-snippet:-1, max-image-preview:large, max-video-preview:-1\" \/>\n<link rel=\"canonical\" href=\"https:\/\/transformiran.com\/de\/unsere-arbeit\/entwicklung-von-fuehrungsqualitaeten\/\" \/>\n<meta property=\"og:locale\" content=\"de_DE\" \/>\n<meta property=\"og:type\" content=\"article\" \/>\n<meta property=\"og:title\" content=\"Entwicklung von F\u00fchrungsqualit\u00e4ten - Transform Iran\" \/>\n<meta property=\"og:description\" content=\"Transform Iran engagiert sich f\u00fcr die Entwicklung von F\u00fchrungspers\u00f6nlichkeiten, die das Land Iran und die umliegende Region ver\u00e4ndern werden.\" \/>\n<meta property=\"og:url\" content=\"https:\/\/transformiran.com\/de\/unsere-arbeit\/entwicklung-von-fuehrungsqualitaeten\/\" \/>\n<meta property=\"og:site_name\" content=\"Transform Iran\" \/>\n<meta property=\"article:publisher\" content=\"https:\/\/www.facebook.com\/222MinistriesUSAInc\" \/>\n<meta property=\"article:modified_time\" content=\"2025-10-16T22:07:40+00:00\" \/>\n<meta property=\"og:image\" content=\"https:\/\/transformiran.com\/app\/uploads\/2025\/05\/Leaders-Meeting-4-scaled.jpeg\" \/>\n\t<meta property=\"og:image:width\" content=\"3000\" \/>\n\t<meta property=\"og:image:height\" content=\"1601\" \/>\n\t<meta property=\"og:image:type\" content=\"image\/jpeg\" \/>\n<meta name=\"twitter:card\" content=\"summary_large_image\" \/>\n<meta name=\"twitter:site\" content=\"@222minint\" \/>\n<meta name=\"twitter:label1\" content=\"Gesch\u00e4tzte Lesezeit\" \/>\n\t<meta name=\"twitter:data1\" content=\"6\u00a0Minuten\" \/>\n<script type=\"application\/ld+json\" class=\"yoast-schema-graph\">{\"@context\":\"https:\\\/\\\/schema.org\",\"@graph\":[{\"@type\":\"WebPage\",\"@id\":\"https:\\\/\\\/transformiran.com\\\/de\\\/unsere-arbeit\\\/entwicklung-von-fuehrungsqualitaeten\\\/\",\"url\":\"https:\\\/\\\/transformiran.com\\\/de\\\/unsere-arbeit\\\/entwicklung-von-fuehrungsqualitaeten\\\/\",\"name\":\"Entwicklung von F\u00fchrungsqualit\u00e4ten - Transform Iran\",\"isPartOf\":{\"@id\":\"https:\\\/\\\/transformiran.com\\\/de\\\/#website\"},\"primaryImageOfPage\":{\"@id\":\"https:\\\/\\\/transformiran.com\\\/de\\\/unsere-arbeit\\\/entwicklung-von-fuehrungsqualitaeten\\\/#primaryimage\"},\"image\":{\"@id\":\"https:\\\/\\\/transformiran.com\\\/de\\\/unsere-arbeit\\\/entwicklung-von-fuehrungsqualitaeten\\\/#primaryimage\"},\"thumbnailUrl\":\"https:\\\/\\\/transformiran.com\\\/app\\\/uploads\\\/2025\\\/05\\\/Leaders-Meeting-4-1024x547.jpeg\",\"datePublished\":\"2023-03-29T13:50:45+00:00\",\"dateModified\":\"2025-10-16T22:07:40+00:00\",\"description\":\"Transform Iran engagiert sich f\u00fcr die Entwicklung von F\u00fchrungspers\u00f6nlichkeiten, die das Land Iran und die umliegende Region ver\u00e4ndern werden.\",\"breadcrumb\":{\"@id\":\"https:\\\/\\\/transformiran.com\\\/de\\\/unsere-arbeit\\\/entwicklung-von-fuehrungsqualitaeten\\\/#breadcrumb\"},\"inLanguage\":\"de\",\"potentialAction\":[{\"@type\":\"ReadAction\",\"target\":[\"https:\\\/\\\/transformiran.com\\\/de\\\/unsere-arbeit\\\/entwicklung-von-fuehrungsqualitaeten\\\/\"]}]},{\"@type\":\"ImageObject\",\"inLanguage\":\"de\",\"@id\":\"https:\\\/\\\/transformiran.com\\\/de\\\/unsere-arbeit\\\/entwicklung-von-fuehrungsqualitaeten\\\/#primaryimage\",\"url\":\"https:\\\/\\\/transformiran.com\\\/app\\\/uploads\\\/2025\\\/05\\\/Leaders-Meeting-4-1024x547.jpeg\",\"contentUrl\":\"https:\\\/\\\/transformiran.com\\\/app\\\/uploads\\\/2025\\\/05\\\/Leaders-Meeting-4-1024x547.jpeg\"},{\"@type\":\"BreadcrumbList\",\"@id\":\"https:\\\/\\\/transformiran.com\\\/de\\\/unsere-arbeit\\\/entwicklung-von-fuehrungsqualitaeten\\\/#breadcrumb\",\"itemListElement\":[{\"@type\":\"ListItem\",\"position\":1,\"name\":\"Home\",\"item\":\"https:\\\/\\\/transformiran.com\\\/de\\\/startseite\\\/\"},{\"@type\":\"ListItem\",\"position\":2,\"name\":\"Unsere Arbeit\",\"item\":\"https:\\\/\\\/transformiran.com\\\/de\\\/unsere-arbeit\\\/\"},{\"@type\":\"ListItem\",\"position\":3,\"name\":\"Entwicklung von F\u00fchrungsqualit\u00e4ten\"}]},{\"@type\":\"WebSite\",\"@id\":\"https:\\\/\\\/transformiran.com\\\/de\\\/#website\",\"url\":\"https:\\\/\\\/transformiran.com\\\/de\\\/\",\"name\":\"Transform Iran\",\"description\":\"Bringing the love and power of Christ to Iran - and beyond\",\"publisher\":{\"@id\":\"https:\\\/\\\/transformiran.com\\\/de\\\/#organization\"},\"potentialAction\":[{\"@type\":\"SearchAction\",\"target\":{\"@type\":\"EntryPoint\",\"urlTemplate\":\"https:\\\/\\\/transformiran.com\\\/de\\\/?s={search_term_string}\"},\"query-input\":{\"@type\":\"PropertyValueSpecification\",\"valueRequired\":true,\"valueName\":\"search_term_string\"}}],\"inLanguage\":\"de\"},{\"@type\":\"Organization\",\"@id\":\"https:\\\/\\\/transformiran.com\\\/de\\\/#organization\",\"name\":\"Transform Iran\",\"url\":\"https:\\\/\\\/transformiran.com\\\/de\\\/\",\"logo\":{\"@type\":\"ImageObject\",\"inLanguage\":\"de\",\"@id\":\"https:\\\/\\\/transformiran.com\\\/de\\\/#\\\/schema\\\/logo\\\/image\\\/\",\"url\":\"https:\\\/\\\/transformiran.com\\\/app\\\/uploads\\\/2022\\\/11\\\/logo_grey.jpg\",\"contentUrl\":\"https:\\\/\\\/transformiran.com\\\/app\\\/uploads\\\/2022\\\/11\\\/logo_grey.jpg\",\"width\":528,\"height\":90,\"caption\":\"Transform Iran\"},\"image\":{\"@id\":\"https:\\\/\\\/transformiran.com\\\/de\\\/#\\\/schema\\\/logo\\\/image\\\/\"},\"sameAs\":[\"https:\\\/\\\/www.facebook.com\\\/222MinistriesUSAInc\",\"https:\\\/\\\/x.com\\\/222minint\",\"https:\\\/\\\/www.instagram.com\\\/222ministriesinternational\\\/\"]}]}<\/script>\n<!-- \/ Yoast SEO plugin. -->","yoast_head_json":{"title":"Entwicklung von F\u00fchrungsqualit\u00e4ten - Transform Iran","description":"Transform Iran engagiert sich f\u00fcr die Entwicklung von F\u00fchrungspers\u00f6nlichkeiten, die das Land Iran und die umliegende Region ver\u00e4ndern werden.","robots":{"index":"index","follow":"follow","max-snippet":"max-snippet:-1","max-image-preview":"max-image-preview:large","max-video-preview":"max-video-preview:-1"},"canonical":"https:\/\/transformiran.com\/de\/unsere-arbeit\/entwicklung-von-fuehrungsqualitaeten\/","og_locale":"de_DE","og_type":"article","og_title":"Entwicklung von F\u00fchrungsqualit\u00e4ten - Transform Iran","og_description":"Transform Iran engagiert sich f\u00fcr die Entwicklung von F\u00fchrungspers\u00f6nlichkeiten, die das Land Iran und die umliegende Region ver\u00e4ndern werden.","og_url":"https:\/\/transformiran.com\/de\/unsere-arbeit\/entwicklung-von-fuehrungsqualitaeten\/","og_site_name":"Transform Iran","article_publisher":"https:\/\/www.facebook.com\/222MinistriesUSAInc","article_modified_time":"2025-10-16T22:07:40+00:00","og_image":[{"width":3000,"height":1601,"url":"https:\/\/transformiran.com\/app\/uploads\/2025\/05\/Leaders-Meeting-4-scaled.jpeg","type":"image\/jpeg"}],"twitter_card":"summary_large_image","twitter_site":"@222minint","twitter_misc":{"Gesch\u00e4tzte Lesezeit":"6\u00a0Minuten"},"schema":{"@context":"https:\/\/schema.org","@graph":[{"@type":"WebPage","@id":"https:\/\/transformiran.com\/de\/unsere-arbeit\/entwicklung-von-fuehrungsqualitaeten\/","url":"https:\/\/transformiran.com\/de\/unsere-arbeit\/entwicklung-von-fuehrungsqualitaeten\/","name":"Entwicklung von F\u00fchrungsqualit\u00e4ten - Transform Iran","isPartOf":{"@id":"https:\/\/transformiran.com\/de\/#website"},"primaryImageOfPage":{"@id":"https:\/\/transformiran.com\/de\/unsere-arbeit\/entwicklung-von-fuehrungsqualitaeten\/#primaryimage"},"image":{"@id":"https:\/\/transformiran.com\/de\/unsere-arbeit\/entwicklung-von-fuehrungsqualitaeten\/#primaryimage"},"thumbnailUrl":"https:\/\/transformiran.com\/app\/uploads\/2025\/05\/Leaders-Meeting-4-1024x547.jpeg","datePublished":"2023-03-29T13:50:45+00:00","dateModified":"2025-10-16T22:07:40+00:00","description":"Transform Iran engagiert sich f\u00fcr die Entwicklung von F\u00fchrungspers\u00f6nlichkeiten, die das Land Iran und die umliegende Region ver\u00e4ndern werden.","breadcrumb":{"@id":"https:\/\/transformiran.com\/de\/unsere-arbeit\/entwicklung-von-fuehrungsqualitaeten\/#breadcrumb"},"inLanguage":"de","potentialAction":[{"@type":"ReadAction","target":["https:\/\/transformiran.com\/de\/unsere-arbeit\/entwicklung-von-fuehrungsqualitaeten\/"]}]},{"@type":"ImageObject","inLanguage":"de","@id":"https:\/\/transformiran.com\/de\/unsere-arbeit\/entwicklung-von-fuehrungsqualitaeten\/#primaryimage","url":"https:\/\/transformiran.com\/app\/uploads\/2025\/05\/Leaders-Meeting-4-1024x547.jpeg","contentUrl":"https:\/\/transformiran.com\/app\/uploads\/2025\/05\/Leaders-Meeting-4-1024x547.jpeg"},{"@type":"BreadcrumbList","@id":"https:\/\/transformiran.com\/de\/unsere-arbeit\/entwicklung-von-fuehrungsqualitaeten\/#breadcrumb","itemListElement":[{"@type":"ListItem","position":1,"name":"Home","item":"https:\/\/transformiran.com\/de\/startseite\/"},{"@type":"ListItem","position":2,"name":"Unsere Arbeit","item":"https:\/\/transformiran.com\/de\/unsere-arbeit\/"},{"@type":"ListItem","position":3,"name":"Entwicklung von F\u00fchrungsqualit\u00e4ten"}]},{"@type":"WebSite","@id":"https:\/\/transformiran.com\/de\/#website","url":"https:\/\/transformiran.com\/de\/","name":"Transform Iran","description":"Bringing the love and power of Christ to Iran - and beyond","publisher":{"@id":"https:\/\/transformiran.com\/de\/#organization"},"potentialAction":[{"@type":"SearchAction","target":{"@type":"EntryPoint","urlTemplate":"https:\/\/transformiran.com\/de\/?s={search_term_string}"},"query-input":{"@type":"PropertyValueSpecification","valueRequired":true,"valueName":"search_term_string"}}],"inLanguage":"de"},{"@type":"Organization","@id":"https:\/\/transformiran.com\/de\/#organization","name":"Transform Iran","url":"https:\/\/transformiran.com\/de\/","logo":{"@type":"ImageObject","inLanguage":"de","@id":"https:\/\/transformiran.com\/de\/#\/schema\/logo\/image\/","url":"https:\/\/transformiran.com\/app\/uploads\/2022\/11\/logo_grey.jpg","contentUrl":"https:\/\/transformiran.com\/app\/uploads\/2022\/11\/logo_grey.jpg","width":528,"height":90,"caption":"Transform Iran"},"image":{"@id":"https:\/\/transformiran.com\/de\/#\/schema\/logo\/image\/"},"sameAs":["https:\/\/www.facebook.com\/222MinistriesUSAInc","https:\/\/x.com\/222minint","https:\/\/www.instagram.com\/222ministriesinternational\/"]}]}},"campaignId":"","_links":{"self":[{"href":"https:\/\/transformiran.com\/de\/wp-json\/wp\/v2\/pages\/10849","targetHints":{"allow":["GET"]}}],"collection":[{"href":"https:\/\/transformiran.com\/de\/wp-json\/wp\/v2\/pages"}],"about":[{"href":"https:\/\/transformiran.com\/de\/wp-json\/wp\/v2\/types\/page"}],"author":[{"embeddable":true,"href":"https:\/\/transformiran.com\/de\/wp-json\/wp\/v2\/users\/4"}],"replies":[{"embeddable":true,"href":"https:\/\/transformiran.com\/de\/wp-json\/wp\/v2\/comments?post=10849"}],"version-history":[{"count":3,"href":"https:\/\/transformiran.com\/de\/wp-json\/wp\/v2\/pages\/10849\/revisions"}],"predecessor-version":[{"id":33469,"href":"https:\/\/transformiran.com\/de\/wp-json\/wp\/v2\/pages\/10849\/revisions\/33469"}],"up":[{"embeddable":true,"href":"https:\/\/transformiran.com\/de\/wp-json\/wp\/v2\/pages\/10875"}],"wp:attachment":[{"href":"https:\/\/transformiran.com\/de\/wp-json\/wp\/v2\/media?parent=10849"}],"curies":[{"name":"wp","href":"https:\/\/api.w.org\/{rel}","templated":true}]}}