{"id":10853,"date":"2022-11-03T12:16:56","date_gmt":"2022-11-03T12:16:56","guid":{"rendered":"https:\/\/transformiran.com\/juengerschaft\/"},"modified":"2025-04-02T10:57:15","modified_gmt":"2025-04-02T09:57:15","slug":"juengerschaft","status":"publish","type":"page","link":"https:\/\/transformiran.com\/de\/unsere-arbeit\/juengerschaft\/","title":{"rendered":"J\u00fcngerschaft"},"content":{"rendered":"\n<h2 class=\"wp-block-heading\"><mark style=\"background-color:rgba(0, 0, 0, 0);color:#b38e44\" class=\"has-inline-color\">Geh und mach J\u00fcnger<\/mark><\/h2>\n\n<p>Die Kirche w\u00e4chst und Transform Iran setzt sich daf\u00fcr ein, Konvertiten zu J\u00fcngern zu machen, um sicherzustellen, dass ihr Glaube tief im Wort Gottes verwurzelt ist. Unser geschultes Nachfolgeteam begleitet neue Gl\u00e4ubige durch ein einj\u00e4hriges Programm, das sicherstellt, dass sie die Grundlagen der christlichen Lehre verstehen, f\u00fcr die Evangelisierung ausger\u00fcstet sind und bei der Gr\u00fcndung neuer Gemeinden in ihrer Heimat unterst\u00fctzt werden.  <\/p>\n\n<p>Transform IranDas Modell der J\u00fcngerschaft basiert auf 2 Timotheus 2:2. <strong><em>&#8220;Was du aber von mir geh\u00f6rt hast vor vielen Zeugen, das vertraue zuverl\u00e4ssigen Menschen an, die auch bef\u00e4higt sein werden, andere zu lehren&#8221;.<\/em><\/strong> J\u00fcnger machen J\u00fcnger machen J\u00fcnger; Leiter erziehen Leiter erziehen Leiter. Jeder reift und gibt das, was er gelernt hat, an andere weiter.  <\/p>\n\n<p>Transform Iran ist bestrebt, die notwendigen Ressourcen und Werkzeuge zur Verf\u00fcgung zu stellen, um eine effektive J\u00fcngerschaft und F\u00fchrungsentwicklung zu unterst\u00fctzen &#8211; dazu geh\u00f6ren  <mark style=\"background-color:rgba(0, 0, 0, 0);color:#b38e44\" class=\"has-inline-color\">Bibeln<\/mark>,  <mark style=\"background-color:rgba(0, 0, 0, 0);color:#b38e44\" class=\"has-inline-color\">Anbetung<\/mark>,  <mark style=\"background-color:rgba(0, 0, 0, 0);color:#b38e44\" class=\"has-inline-color\">Gebet<\/mark>  und  <mark style=\"background-color:rgba(0, 0, 0, 0);color:#b38e44\" class=\"has-inline-color\">Devotionalien<\/mark>, <mark style=\"background-color:rgba(0, 0, 0, 0);color:#b38e44\" class=\"has-inline-color\">Hilfsmittel f\u00fcr das Bibelstudium<\/mark>, <mark style=\"background-color:rgba(0, 0, 0, 0);color:#b38e44\" class=\"has-inline-color\">1:1-Mentoring<\/mark>, <mark style=\"background-color:rgba(0, 0, 0, 0);color:#b38e44\" class=\"has-inline-color\">Trauma-Beratung<\/mark>, <mark style=\"background-color:rgba(0, 0, 0, 0);color:#b38e44\" class=\"has-inline-color\">strategische Trainingsveranstaltungen<\/mark> und mehr. <\/p>\n\n<div class=\"wp-block-buttons is-content-justification-center is-layout-flex wp-container-core-buttons-is-layout-16018d1d wp-block-buttons-is-layout-flex\">\n<div class=\"wp-block-button\"><a class=\"wp-block-button__link has-white-color has-vivid-red-background-color has-text-color has-background has-link-color wp-element-button\" href=\"https:\/\/transformiran.com\/de\/anmeldung-zum-newsletter\/\">Beten Sie f\u00fcr J\u00fcngerschaft im Iran &#8211; erhalten Sie monatliche E-Mail-Updates, die Sie leiten<\/a><\/div>\n<\/div>\n\n<figure class=\"wp-block-image size-large\"><img decoding=\"async\" width=\"1024\" height=\"355\" src=\"https:\/\/transformiran.com\/app\/uploads\/2024\/08\/shutterstock_2258588037-Bible-reading-prayer-landscape-lite-1024x355.jpeg\" alt=\"Bibellesen Gebet Digitale Verbindung\" class=\"wp-image-24984\" srcset=\"https:\/\/transformiran.com\/app\/uploads\/2024\/08\/shutterstock_2258588037-Bible-reading-prayer-landscape-lite-1024x355.jpeg 1024w, https:\/\/transformiran.com\/app\/uploads\/2024\/08\/shutterstock_2258588037-Bible-reading-prayer-landscape-lite-300x104.jpeg 300w, https:\/\/transformiran.com\/app\/uploads\/2024\/08\/shutterstock_2258588037-Bible-reading-prayer-landscape-lite-768x266.jpeg 768w, https:\/\/transformiran.com\/app\/uploads\/2024\/08\/shutterstock_2258588037-Bible-reading-prayer-landscape-lite.jpeg 1280w\" sizes=\"(max-width: 1024px) 100vw, 1024px\" \/><\/figure>\n\n<h2 class=\"wp-block-heading\"><mark style=\"background-color:rgba(0, 0, 0, 0);color:#b38e44\" class=\"has-inline-color\">Wie Transform Iran sicherstellt, dass iranische Konvertiten diszipliniert werden<\/mark><\/h2>\n\n<h3 class=\"wp-block-heading\"><strong>Nachfassen: 1:1 J\u00fcngerschaft f\u00fcr alle iranischen Konvertiten<\/strong><\/h3>\n\n<p>Das Follow-up-Team untermauert fast jeden Bereich des Dienstes auf Transform Iran. Das geschulte Beraterteam antwortet 1:1 auf E-Mails, soziale Medien und Telefonanrufe aus dem Iran, beantwortet Fragen, f\u00fchrt Suchende zum Heil, macht neue Gl\u00e4ubige zu J\u00fcngern und gr\u00fcndet Hauskirchen in ihren H\u00e4usern. F\u00fcr diejenigen, die dazu bereit sind, bietet das Team ein einj\u00e4hriges, w\u00f6chentliches J\u00fcngerschaftsprogramm an, das die Bekehrten durch alle Grundlagen der christlichen Lehre f\u00fchrt, ihre Fragen beantwortet, w\u00e4hrend sie im Glauben wachsen, sie in der Evangelisation schult und sie dazu ausr\u00fcstet, Hauskirchen in ihren H\u00e4usern zu leiten.  <\/p>\n\n<p><\/p>\n\n<figure class=\"wp-block-embed is-type-video is-provider-youtube wp-block-embed-youtube wp-embed-aspect-16-9 wp-has-aspect-ratio\"><div class=\"wp-block-embed__wrapper\">\n<iframe title=\"When Discipleship Turns To Church Planting\" width=\"500\" height=\"281\" src=\"https:\/\/www.youtube.com\/embed\/lxtSxR-dC54?feature=oembed\" frameborder=\"0\" allow=\"accelerometer; autoplay; clipboard-write; encrypted-media; gyroscope; picture-in-picture; web-share\" referrerpolicy=\"strict-origin-when-cross-origin\" allowfullscreen><\/iframe>\n<\/div><figcaption class=\"wp-element-caption\">Wenn Gl\u00e4ubige im Iran durch den Prozess der J\u00fcngerschaft eine lebensver\u00e4ndernde Beziehung zu Jesus erfahren, werden viele von ihnen ungewollt zu Gemeindegr\u00fcndern.<\/figcaption><\/figure>\n\n<h3 class=\"wp-block-heading\"><strong>Schulungsveranstaltungen: Die Macht der pers\u00f6nlichen Entwicklung von F\u00fchrungskr\u00e4ften<\/strong><\/h3>\n\n<p>Veranstaltungen sind ein wichtiger Schritt in unserem J\u00fcngerschaftsprogramm. Diese Schulungs- und Ausbildungsveranstaltungen dienen dem Aufbau, der Unterst\u00fctzung und dem Wachstum der Untergrundkirche im Iran. Die Delegierten sind eingeladen, sich zu versammeln, zu lernen, erbaut zu werden, aufzutanken und sich zu erfrischen, bevor sie mit neuem Eifer und Feuer auf das Missionsfeld zur\u00fcckkehren. F\u00fcr viele wird es das erste Mal sein, dass sie sich in einer solchen Zahl versammeln oder so frei verehren. F\u00fcr andere wird es die erste Gelegenheit sein, sich \u00f6ffentlich taufen zu lassen. Sie sind zweifellos ein wesentlicher Teil des Weges zur Unterst\u00fctzung und Entwicklung junger Konvertiten zu starken F\u00fchrungskr\u00e4ften. Transform Iran f\u00fchrt diese Veranstaltungen an sicheren Orten im Nahen Osten durch. Tausende sind auf diese Weise geschult und ausgebildet worden.  <\/p>\n\n<h3 class=\"wp-block-heading\"><strong>Die Notwendigkeit von Bibel\u00fcbersetzungen in Herzsprache  <\/strong><\/h3>\n\n<p>Etwa 26 Millionen Iraner haben das Wort Gottes nicht in ihrer eigenen &#8220;Herzenssprache&#8221;. Transform Iran ist damit besch\u00e4ftigt, diese Bibelarmut zu beheben, damit die Konvertiten in den ethnischen Gruppen des Iran das Wort Gottes in ihrer Herzenssprache lesen und studieren k\u00f6nnen, was ein leichteres Verst\u00e4ndnis und eine tiefere Verbindung gew\u00e4hrleistet. Neue Kirchen in ethnischen Gemeinschaften profitieren ebenfalls von diesen \u00dcbersetzungen, die J\u00fcngerschaft, Lehre, Gebet und Gottesdienst in den Kernsprachen der jeweiligen ethnischen Gruppe unterst\u00fctzen. Auf diese Weise entstehen st\u00e4rkere, dauerhaftere Kirchen, die einen echten Einfluss auf ihre Gemeinden haben. Lesen Sie mehr \u00fcber unsere <a data-type=\"page\" data-id=\"6304\" href=\"https:\/\/transformiran.com\/de\/unsere-arbeit\/bibeluebersetzung\/\">Bibel\u00fcbersetzung<\/a>.<\/p>\n\n<h3 class=\"wp-block-heading\"><strong>Medien nutzen, um Gl\u00e4ubige in ihrem Glauben wachsen zu lassen<\/strong><\/h3>\n\n<p>Wir senden live und vorab aufgezeichnete J\u00fcngerschaftslektionen \u00fcber Satellitenfernsehen, Radio und soziale Medien. Millionen von Menschen haben unsere biblischen Lehren durch die <a data-type=\"page\" data-id=\"6302\" href=\"https:\/\/transformiran.com\/de\/unsere-arbeit\/medien\/\">Medienarbeit<\/a> von Transform Irangeh\u00f6rt.  <\/p>\n\n<h3 class=\"wp-block-heading\"><strong>Apologetik zur St\u00e4rkung der Gl\u00e4ubigen einsetzen<\/strong><\/h3>\n\n<p>Porpasokh&#8221; bedeutet &#8220;Frage und Antwort&#8221; und das ist das Herzst\u00fcck unseres Apologetikzentrums. Transform IranDie Porpasokh-Website zieht jeden Monat Zehntausende von Besuchern an und besch\u00e4ftigt sich direkt mit den Fragen derjenigen, die noch versuchen, bestimmte Aspekte des Glaubens und der Theologie zu verstehen. Die Antworten werden auf der Website ver\u00f6ffentlicht, damit andere davon profitieren k\u00f6nnen. Bis heute wurden mehr als 5.900 Antworten ver\u00f6ffentlicht, und viele sind dadurch in ihrem Glauben gest\u00e4rkt worden. <a data-type=\"page\" data-id=\"6306\" href=\"https:\/\/transformiran.com\/de\/unsere-arbeit\/zentrum-fuer-apologetik\/\">Lesen Sie hier mehr<\/a>.<\/p>\n\n<h3 class=\"wp-block-heading\"><strong>Freiheit in Christus: Ein kontextbezogenes Werkzeug f\u00fcr die iranische Kirche<\/strong><\/h3>\n\n<p>Wir haben uns mit den wunderbaren Autoren des Kurses &#8220;Freiheit in Christus&#8221; zusammengetan, das Material ins Farsi \u00fcbersetzt und es f\u00fcr ein iranisches Publikum angepasst und erweitert. Dies ist ein wichtiges biblisches Werkzeug f\u00fcr Christen in der J\u00fcngerschaft und zur Befreiung, das sicherstellt, dass Gemeinden durch pers\u00f6nlichen Durchbruch, Freiheit und Fruchtbarkeit der Gl\u00e4ubigen gesund wachsen. Bis heute haben mehr als 1.600 Personen das Programm abgeschlossen.  <\/p>\n\n<h3 class=\"wp-block-heading\"><strong>Befreiung f\u00fcr Opfer von Trauma, Missbrauch und Sucht<\/strong><\/h3>\n\n<p>Transform IranDer Dienst <a data-type=\"page\" data-id=\"6308\" href=\"https:\/\/transformiran.com\/de\/unsere-arbeit\/perle-von-persien\/\">Pearl of Persia<\/a> arbeitet speziell mit \u00dcberlebenden von Traumata, Missbrauch und Sucht. Er bietet ihnen fachkundige Beratung und Nachfolge an, damit sie vollst\u00e4ndige Heilung und Freiheit von ihrer Vergangenheit finden, ihre wahre Identit\u00e4t in Christus entdecken und befreit werden, um die F\u00fclle ihrer Berufung zu verfolgen.  <\/p>\n\n<h3 class=\"wp-block-heading\"><strong>Digitale Kirche und Gemeindegr\u00fcndungen im Iran<\/strong><\/h3>\n\n<p>J\u00fcngerschaft ist beziehungsorientiert. Jesus machte zw\u00f6lf Menschen zu J\u00fcngern, und zwar durch eine absichtliche, langfristige Beziehung. Transform IranDie vielen Kirchen der Stadt sind auf einem Modell der J\u00fcngerschaft und des st\u00e4ndigen Wachstums aufgebaut. F\u00fcr die verstreuten, isolierten und gef\u00e4hrdeten Menschen bieten wir eine digitale Kirche. Die Persian Community Church versammelt Tausende von Farsi (Persisch) sprechenden Christen aus dem ganzen Iran und der ganzen Welt und baut eine interaktive Gemeinschaft auf, in der sie gemeinsam beten, Gottesdienst feiern, lernen und wachsen k\u00f6nnen. Wir sind gerade dabei, dieses Angebot auf die Kernsprachen des Iran auszuweiten. Lesen Sie mehr dar\u00fcber, wie wir <a data-type=\"page\" data-id=\"6298\" href=\"https:\/\/transformiran.com\/de\/unsere-arbeit\/gemeindegruendung\/\">&#8216;physische&#8217; Kirchen<\/a> und <a data-type=\"page\" data-id=\"6300\" href=\"https:\/\/transformiran.com\/de\/unsere-arbeit\/digitale-kirche\/\">&#8216;digitale Kirchen&#8217; bauen .<\/a> <\/p>\n\n<h3 class=\"wp-block-heading\"><strong>Bibelschule: Ausbildung iranischer Gl\u00e4ubiger in christlicher Theologie<\/strong><\/h3>\n\n<p>F\u00fcr diejenigen, die tiefer eintauchen wollen, bieten wir einen kostenlosen Online-Bibelkurs in Farsi an. Unser <a href=\"http:\/\/www.222bc.com\">Online-Bibelkolleg<\/a> (mit fast 1.000 aktiven registrierten Studenten) beseitigt die Kostenbarrieren f\u00fcr ein solch tiefgehendes Studium des Wortes Gottes und bietet klare, gut vorbereitete theologische Lektionen, die in die Tiefe gehen, um Persisch sprechenden Christen zu helfen, in ihrem Glauben zu reifen und sie f\u00fcr ihren Dienst auszur\u00fcsten.  <\/p>\n\n<h3 class=\"wp-block-heading\"><strong>Publikationen und gedruckte Ressourcen f\u00fcr eine wachsende Kirche<\/strong><\/h3>\n\n<p>Transform Iran sch\u00fctzt die lehrm\u00e4\u00dfige Integrit\u00e4t der Kirche im Iran, indem sie \u00fcber ihren Verlag <a data-type=\"URL\" data-id=\"www.222publications.com\" href=\"http:\/\/www.222publications.com\">222 Publications<\/a> ein breites Spektrum an bibelbasierten Ressourcen f\u00fcr die Nachfolge bereitstellt (gedruckt und digital). 222 Publications identifiziert L\u00fccken in gedruckten und digitalen Medien f\u00fcr die Farsi sprechende Kirche und ver\u00f6ffentlicht die Materialien, die ben\u00f6tigt werden, um diese L\u00fccken f\u00fcr eine wachsende globale Kirche zu schlie\u00dfen. 222 Publications tut dies so nahe am Selbstkostenpreis wie m\u00f6glich, um den gr\u00f6\u00dftm\u00f6glichen Zugang zu diesen Ressourcen f\u00fcr diejenigen zu gew\u00e4hrleisten, die sie ben\u00f6tigen.  <\/p>\n\n<blockquote class=\"wp-block-quote is-layout-flow wp-block-quote-is-layout-flow\">\n<p>Mein Name ist Shiva und ich bin eine iranische Medizinstudentin, die im Ausland studiert. Eines Tages war ich aufgrund von Depressionen und Angstzust\u00e4nden w\u00e4hrend einer Pause vor dem Krankenhaus und weinte. Zwei Studenten aus Indien kamen und luden mich ein, mit ihnen in die Kirche zu gehen. Ich ging hin und war begeistert von der Atmosph\u00e4re, aber w\u00e4hrend des Gottesdienstes sagte ich: &#8220;Ich w\u00fcnschte, ich k\u00f6nnte den Gottesdienst auf Farsi abhalten. Ich hatte mein Leben noch nicht an Christus \u00fcbergeben. Ich suchte im Internet und fand Transform Iran&#8217;s Persian Community Church.  <\/p>\n\n\n\n<p>Als ich mich an sie wandte, vermittelten sie mich an einen Pfarrer, der mit mir sprach und meine Fragen beantwortete. Ich habe mein Leben Christus anvertraut. Ich war voller Freude. \u00dcber die Persian Community Church nahm ich an den Gebetstreffen des Meeting Tent teil. In der Zwischenzeit wurde ich von demselben Pastor unterrichtet, der mich (aus der Ferne) zum Herrn gef\u00fchrt hatte. Als mein Glaube wuchs, traf sich Transform Iranweiterhin regelm\u00e4\u00dfig mit mir und machte mich zum J\u00fcnger. Diese Reise f\u00fchrte mich dazu, mich an der Bibelschule einzuschreiben, wo ich jetzt studiere. \u00dcbrigens hatte ich die Gelegenheit, in den Iran zu reisen. Ich habe mit meiner Schwester geteilt. Sie wollte den Pastor kennen lernen, der mich in die Lehre geschickt hatte. Wir nahmen Kontakt auf und er f\u00fchrte auch sie zum Herrn!<\/p>\n<\/blockquote>\n\n<div class=\"wp-block-buttons is-content-justification-center is-layout-flex wp-container-core-buttons-is-layout-16018d1d wp-block-buttons-is-layout-flex\">\n<div class=\"wp-block-button\"><a class=\"wp-block-button__link has-white-color has-vivid-red-background-color has-text-color has-background has-link-color wp-element-button\" href=\"https:\/\/transformiran.com\/de\/anmeldung-zum-newsletter\/\">Beten Sie f\u00fcr J\u00fcngerschaft im Iran &#8211; erhalten Sie monatliche E-Mail-Updates, die Sie leiten<\/a><\/div>\n<\/div>\n","protected":false},"excerpt":{"rendered":"<p>Geh und mach J\u00fcnger Die Kirche w\u00e4chst und Transform Iran setzt sich daf\u00fcr ein, Konvertiten zu J\u00fcngern zu machen, um sicherzustellen, dass ihr Glaube tief im Wort Gottes verwurzelt ist. Unser geschultes Nachfolgeteam begleitet neue Gl\u00e4ubige durch ein einj\u00e4hriges Programm, das sicherstellt, dass sie die Grundlagen der christlichen Lehre verstehen, f\u00fcr die Evangelisierung ausger\u00fcstet sind [&hellip;]<\/p>\n","protected":false},"author":1,"featured_media":0,"parent":10875,"menu_order":0,"comment_status":"closed","ping_status":"closed","template":"page-work.php","meta":{"_acf_changed":false,"give_campaign_id":0,"om_disable_all_campaigns":false,"_mi_skip_tracking":false,"footnotes":""},"class_list":["post-10853","page","type-page","status-publish","hentry"],"acf":[],"yoast_head":"<!-- This site is optimized with the Yoast SEO plugin v27.2 - https:\/\/yoast.com\/product\/yoast-seo-wordpress\/ -->\n<title>J\u00fcngerschaft - Transform Iran<\/title>\n<meta name=\"robots\" content=\"index, follow, max-snippet:-1, max-image-preview:large, max-video-preview:-1\" \/>\n<link rel=\"canonical\" href=\"https:\/\/transformiran.com\/de\/unsere-arbeit\/juengerschaft\/\" \/>\n<meta property=\"og:locale\" content=\"de_DE\" \/>\n<meta property=\"og:type\" content=\"article\" \/>\n<meta property=\"og:title\" content=\"J\u00fcngerschaft - Transform Iran\" \/>\n<meta property=\"og:description\" content=\"Geh und mach J\u00fcnger Die Kirche w\u00e4chst und Transform Iran setzt sich daf\u00fcr ein, Konvertiten zu J\u00fcngern zu machen, um sicherzustellen, dass ihr Glaube tief im Wort Gottes verwurzelt ist. Unser geschultes Nachfolgeteam begleitet neue Gl\u00e4ubige durch ein einj\u00e4hriges Programm, das sicherstellt, dass sie die Grundlagen der christlichen Lehre verstehen, f\u00fcr die Evangelisierung ausger\u00fcstet sind [&hellip;]\" \/>\n<meta property=\"og:url\" content=\"https:\/\/transformiran.com\/de\/unsere-arbeit\/juengerschaft\/\" \/>\n<meta property=\"og:site_name\" content=\"Transform Iran\" \/>\n<meta property=\"article:publisher\" content=\"https:\/\/www.facebook.com\/222MinistriesUSAInc\" \/>\n<meta property=\"article:modified_time\" content=\"2025-04-02T09:57:15+00:00\" \/>\n<meta property=\"og:image\" content=\"https:\/\/transformiran.com\/app\/uploads\/2024\/08\/shutterstock_2258588037-Bible-reading-prayer-landscape-lite.jpeg\" \/>\n\t<meta property=\"og:image:width\" content=\"1280\" \/>\n\t<meta property=\"og:image:height\" content=\"444\" \/>\n\t<meta property=\"og:image:type\" content=\"image\/jpeg\" \/>\n<meta name=\"twitter:card\" content=\"summary_large_image\" \/>\n<meta name=\"twitter:site\" content=\"@222minint\" \/>\n<meta name=\"twitter:label1\" content=\"Gesch\u00e4tzte Lesezeit\" \/>\n\t<meta name=\"twitter:data1\" content=\"7\u00a0Minuten\" \/>\n<script type=\"application\/ld+json\" class=\"yoast-schema-graph\">{\"@context\":\"https:\/\/schema.org\",\"@graph\":[{\"@type\":\"WebPage\",\"@id\":\"https:\/\/transformiran.com\/de\/unsere-arbeit\/juengerschaft\/\",\"url\":\"https:\/\/transformiran.com\/de\/unsere-arbeit\/juengerschaft\/\",\"name\":\"J\u00fcngerschaft - Transform Iran\",\"isPartOf\":{\"@id\":\"https:\/\/transformiran.com\/de\/#website\"},\"primaryImageOfPage\":{\"@id\":\"https:\/\/transformiran.com\/de\/unsere-arbeit\/juengerschaft\/#primaryimage\"},\"image\":{\"@id\":\"https:\/\/transformiran.com\/de\/unsere-arbeit\/juengerschaft\/#primaryimage\"},\"thumbnailUrl\":\"https:\/\/transformiran.com\/app\/uploads\/2024\/08\/shutterstock_2258588037-Bible-reading-prayer-landscape-lite-1024x355.jpeg\",\"datePublished\":\"2022-11-03T12:16:56+00:00\",\"dateModified\":\"2025-04-02T09:57:15+00:00\",\"breadcrumb\":{\"@id\":\"https:\/\/transformiran.com\/de\/unsere-arbeit\/juengerschaft\/#breadcrumb\"},\"inLanguage\":\"de\",\"potentialAction\":[{\"@type\":\"ReadAction\",\"target\":[\"https:\/\/transformiran.com\/de\/unsere-arbeit\/juengerschaft\/\"]}]},{\"@type\":\"ImageObject\",\"inLanguage\":\"de\",\"@id\":\"https:\/\/transformiran.com\/de\/unsere-arbeit\/juengerschaft\/#primaryimage\",\"url\":\"https:\/\/transformiran.com\/app\/uploads\/2024\/08\/shutterstock_2258588037-Bible-reading-prayer-landscape-lite-1024x355.jpeg\",\"contentUrl\":\"https:\/\/transformiran.com\/app\/uploads\/2024\/08\/shutterstock_2258588037-Bible-reading-prayer-landscape-lite-1024x355.jpeg\"},{\"@type\":\"BreadcrumbList\",\"@id\":\"https:\/\/transformiran.com\/de\/unsere-arbeit\/juengerschaft\/#breadcrumb\",\"itemListElement\":[{\"@type\":\"ListItem\",\"position\":1,\"name\":\"Home\",\"item\":\"https:\/\/transformiran.com\/de\/startseite\/\"},{\"@type\":\"ListItem\",\"position\":2,\"name\":\"Unsere Arbeit\",\"item\":\"https:\/\/transformiran.com\/de\/unsere-arbeit\/\"},{\"@type\":\"ListItem\",\"position\":3,\"name\":\"J\u00fcngerschaft\"}]},{\"@type\":\"WebSite\",\"@id\":\"https:\/\/transformiran.com\/de\/#website\",\"url\":\"https:\/\/transformiran.com\/de\/\",\"name\":\"Transform Iran\",\"description\":\"Bringing the love and power of Christ to Iran - and beyond\",\"publisher\":{\"@id\":\"https:\/\/transformiran.com\/de\/#organization\"},\"potentialAction\":[{\"@type\":\"SearchAction\",\"target\":{\"@type\":\"EntryPoint\",\"urlTemplate\":\"https:\/\/transformiran.com\/de\/?s={search_term_string}\"},\"query-input\":{\"@type\":\"PropertyValueSpecification\",\"valueRequired\":true,\"valueName\":\"search_term_string\"}}],\"inLanguage\":\"de\"},{\"@type\":\"Organization\",\"@id\":\"https:\/\/transformiran.com\/de\/#organization\",\"name\":\"Transform Iran\",\"url\":\"https:\/\/transformiran.com\/de\/\",\"logo\":{\"@type\":\"ImageObject\",\"inLanguage\":\"de\",\"@id\":\"https:\/\/transformiran.com\/de\/#\/schema\/logo\/image\/\",\"url\":\"https:\/\/transformiran.com\/app\/uploads\/2022\/11\/logo_grey.jpg\",\"contentUrl\":\"https:\/\/transformiran.com\/app\/uploads\/2022\/11\/logo_grey.jpg\",\"width\":528,\"height\":90,\"caption\":\"Transform Iran\"},\"image\":{\"@id\":\"https:\/\/transformiran.com\/de\/#\/schema\/logo\/image\/\"},\"sameAs\":[\"https:\/\/www.facebook.com\/222MinistriesUSAInc\",\"https:\/\/x.com\/222minint\",\"https:\/\/www.instagram.com\/222ministriesinternational\/\"]}]}<\/script>\n<!-- \/ Yoast SEO plugin. -->","yoast_head_json":{"title":"J\u00fcngerschaft - Transform Iran","robots":{"index":"index","follow":"follow","max-snippet":"max-snippet:-1","max-image-preview":"max-image-preview:large","max-video-preview":"max-video-preview:-1"},"canonical":"https:\/\/transformiran.com\/de\/unsere-arbeit\/juengerschaft\/","og_locale":"de_DE","og_type":"article","og_title":"J\u00fcngerschaft - Transform Iran","og_description":"Geh und mach J\u00fcnger Die Kirche w\u00e4chst und Transform Iran setzt sich daf\u00fcr ein, Konvertiten zu J\u00fcngern zu machen, um sicherzustellen, dass ihr Glaube tief im Wort Gottes verwurzelt ist. Unser geschultes Nachfolgeteam begleitet neue Gl\u00e4ubige durch ein einj\u00e4hriges Programm, das sicherstellt, dass sie die Grundlagen der christlichen Lehre verstehen, f\u00fcr die Evangelisierung ausger\u00fcstet sind [&hellip;]","og_url":"https:\/\/transformiran.com\/de\/unsere-arbeit\/juengerschaft\/","og_site_name":"Transform Iran","article_publisher":"https:\/\/www.facebook.com\/222MinistriesUSAInc","article_modified_time":"2025-04-02T09:57:15+00:00","og_image":[{"width":1280,"height":444,"url":"https:\/\/transformiran.com\/app\/uploads\/2024\/08\/shutterstock_2258588037-Bible-reading-prayer-landscape-lite.jpeg","type":"image\/jpeg"}],"twitter_card":"summary_large_image","twitter_site":"@222minint","twitter_misc":{"Gesch\u00e4tzte Lesezeit":"7\u00a0Minuten"},"schema":{"@context":"https:\/\/schema.org","@graph":[{"@type":"WebPage","@id":"https:\/\/transformiran.com\/de\/unsere-arbeit\/juengerschaft\/","url":"https:\/\/transformiran.com\/de\/unsere-arbeit\/juengerschaft\/","name":"J\u00fcngerschaft - Transform Iran","isPartOf":{"@id":"https:\/\/transformiran.com\/de\/#website"},"primaryImageOfPage":{"@id":"https:\/\/transformiran.com\/de\/unsere-arbeit\/juengerschaft\/#primaryimage"},"image":{"@id":"https:\/\/transformiran.com\/de\/unsere-arbeit\/juengerschaft\/#primaryimage"},"thumbnailUrl":"https:\/\/transformiran.com\/app\/uploads\/2024\/08\/shutterstock_2258588037-Bible-reading-prayer-landscape-lite-1024x355.jpeg","datePublished":"2022-11-03T12:16:56+00:00","dateModified":"2025-04-02T09:57:15+00:00","breadcrumb":{"@id":"https:\/\/transformiran.com\/de\/unsere-arbeit\/juengerschaft\/#breadcrumb"},"inLanguage":"de","potentialAction":[{"@type":"ReadAction","target":["https:\/\/transformiran.com\/de\/unsere-arbeit\/juengerschaft\/"]}]},{"@type":"ImageObject","inLanguage":"de","@id":"https:\/\/transformiran.com\/de\/unsere-arbeit\/juengerschaft\/#primaryimage","url":"https:\/\/transformiran.com\/app\/uploads\/2024\/08\/shutterstock_2258588037-Bible-reading-prayer-landscape-lite-1024x355.jpeg","contentUrl":"https:\/\/transformiran.com\/app\/uploads\/2024\/08\/shutterstock_2258588037-Bible-reading-prayer-landscape-lite-1024x355.jpeg"},{"@type":"BreadcrumbList","@id":"https:\/\/transformiran.com\/de\/unsere-arbeit\/juengerschaft\/#breadcrumb","itemListElement":[{"@type":"ListItem","position":1,"name":"Home","item":"https:\/\/transformiran.com\/de\/startseite\/"},{"@type":"ListItem","position":2,"name":"Unsere Arbeit","item":"https:\/\/transformiran.com\/de\/unsere-arbeit\/"},{"@type":"ListItem","position":3,"name":"J\u00fcngerschaft"}]},{"@type":"WebSite","@id":"https:\/\/transformiran.com\/de\/#website","url":"https:\/\/transformiran.com\/de\/","name":"Transform Iran","description":"Bringing the love and power of Christ to Iran - and beyond","publisher":{"@id":"https:\/\/transformiran.com\/de\/#organization"},"potentialAction":[{"@type":"SearchAction","target":{"@type":"EntryPoint","urlTemplate":"https:\/\/transformiran.com\/de\/?s={search_term_string}"},"query-input":{"@type":"PropertyValueSpecification","valueRequired":true,"valueName":"search_term_string"}}],"inLanguage":"de"},{"@type":"Organization","@id":"https:\/\/transformiran.com\/de\/#organization","name":"Transform Iran","url":"https:\/\/transformiran.com\/de\/","logo":{"@type":"ImageObject","inLanguage":"de","@id":"https:\/\/transformiran.com\/de\/#\/schema\/logo\/image\/","url":"https:\/\/transformiran.com\/app\/uploads\/2022\/11\/logo_grey.jpg","contentUrl":"https:\/\/transformiran.com\/app\/uploads\/2022\/11\/logo_grey.jpg","width":528,"height":90,"caption":"Transform Iran"},"image":{"@id":"https:\/\/transformiran.com\/de\/#\/schema\/logo\/image\/"},"sameAs":["https:\/\/www.facebook.com\/222MinistriesUSAInc","https:\/\/x.com\/222minint","https:\/\/www.instagram.com\/222ministriesinternational\/"]}]}},"campaignId":"","_links":{"self":[{"href":"https:\/\/transformiran.com\/de\/wp-json\/wp\/v2\/pages\/10853","targetHints":{"allow":["GET"]}}],"collection":[{"href":"https:\/\/transformiran.com\/de\/wp-json\/wp\/v2\/pages"}],"about":[{"href":"https:\/\/transformiran.com\/de\/wp-json\/wp\/v2\/types\/page"}],"author":[{"embeddable":true,"href":"https:\/\/transformiran.com\/de\/wp-json\/wp\/v2\/users\/1"}],"replies":[{"embeddable":true,"href":"https:\/\/transformiran.com\/de\/wp-json\/wp\/v2\/comments?post=10853"}],"version-history":[{"count":0,"href":"https:\/\/transformiran.com\/de\/wp-json\/wp\/v2\/pages\/10853\/revisions"}],"up":[{"embeddable":true,"href":"https:\/\/transformiran.com\/de\/wp-json\/wp\/v2\/pages\/10875"}],"wp:attachment":[{"href":"https:\/\/transformiran.com\/de\/wp-json\/wp\/v2\/media?parent=10853"}],"curies":[{"name":"wp","href":"https:\/\/api.w.org\/{rel}","templated":true}]}}