{"id":10854,"date":"2022-11-03T12:23:11","date_gmt":"2022-11-03T12:23:11","guid":{"rendered":"https:\/\/transformiran.com\/afghanistan\/"},"modified":"2025-04-02T10:55:59","modified_gmt":"2025-04-02T09:55:59","slug":"afghanistan","status":"publish","type":"page","link":"https:\/\/transformiran.com\/de\/unsere-arbeit\/afghanistan\/","title":{"rendered":"Afghanistan"},"content":{"rendered":"\n<p>Warum sollte sich eine Organisation, die sich auf den Iran konzentriert, daf\u00fcr interessieren, was in Afghanistan passiert?  <\/p>\n\n<p>Im Iran leben mehr als zwei Millionen Afghanen, viele von ihnen sind Fl\u00fcchtlinge. Tats\u00e4chlich beherbergt der Iran eine der gr\u00f6\u00dften Fl\u00fcchtlingsgruppen der Welt, und die gro\u00dfe Mehrheit von ihnen stammt aus Afghanistan. Es gibt etwa 800.000 registrierte afghanische Fl\u00fcchtlinge, aber mehr als zwei Millionen ohne Papiere.  <\/p>\n\n<p>Afghanen machen einen bedeutenden Teil der ethnischen Vielfalt des Irans aus. Ihre Sprache, Dari, ist dem Farsi sehr \u00e4hnlich. Mit einer gemeinsamen Sprache und so vielen Menschen, die unter uns leben, sind die Afghanen absolut Teil unserer Berufung. Au\u00dferdem werden die Afghanen im Iran sehr schlecht behandelt. Exodus 22:21 warnt das Volk Gottes davor, die in seinem Land lebenden Fremden zu misshandeln oder zu unterdr\u00fccken. Amnesty International hat viele ern\u00fcchternde Beispiele f\u00fcr die Misshandlung von Afghanen durch die Beh\u00f6rden im Iran dokumentiert. Die Kirche muss anders sein.  <\/p>\n\n<p>Die St\u00e4rkung der afghanischen Kirche unterst\u00fctzt nicht nur eine wunderbare Gemeinschaft von Gl\u00e4ubigen in Afghanistan, sondern wir wissen, dass sie letztlich auch die iranische Kirche st\u00e4rken wird. Wir sehen den Tag, an dem Iraner als Missionare nach Afghanistan gehen werden und afghanische Gl\u00e4ubige dasselbe im Iran tun werden. Unsere Gemeinschaften sind miteinander verflochten.  <\/p>\n\n<p>Transform Iran erreicht die Afghanen mit dem Evangelium, unterst\u00fctzt geflohene Verfolgungsopfer, macht Neubekehrte zu J\u00fcngern und entwickelt F\u00fchrungskr\u00e4fte. Unsere Familie in Afghanistan besteht aus sieben Kirchen in verschiedenen Distrikten.  <\/p>\n\n<p>Im Februar 2021 erhielt die F\u00fchrung von Transform Iran ein prophetisches Wort, das uns vor dem bevorstehenden Fall von Kabul warnte. Dank dieser Vorwarnung sechs Monate vor den Ereignissen konnten wir uns vorbereiten. Die meisten Mitglieder unseres Teams hatten keine P\u00e4sse. Wir hatten Zeit, die erforderlichen Papiere zu besorgen, um diejenigen, die gehen wollten, sicher umzusiedeln. Einige waren fest entschlossen, zu bleiben und ein Licht in der kommenden Dunkelheit zu sein. Wir konnten uns auf ihre Sicherheit vorbereiten, indem wir sie, falls n\u00f6tig, innerhalb des Landes umgesiedelt haben, bessere Kommunikationsmittel zur Verf\u00fcgung stellten und uns darauf vorbereiteten, mit Nahrungsmittelhilfe zu helfen. Nach dem gro\u00dfen R\u00fcckzug und der faktischen Isolierung der Taliban sind Entlassungen und Konkurse in die H\u00f6he geschnellt. Armut ist gnadenlos (selbst f\u00fcr gebildete, normalerweise gut verdienende Familien). Frauen, die in vielen Haushalten die Hauptverdienerinnen waren, sind ans Haus gefesselt und die ganze Familie leidet darunter.  <\/p>\n\n<p>Seit dem Zusammenbruch im August 2021 unterst\u00fctzen wir die Kirche in Afghanistan sowie die vertriebenen christlichen Familien und die mit ihnen verbundenen muslimischen Suchenden. Unsere unmittelbare Aufgabe ist es, die verstreuten und versteckten afghanischen Christen in und au\u00dferhalb Afghanistans mit lebenswichtiger humanit\u00e4rer Hilfe zu unterst\u00fctzen, die es ihnen erm\u00f6glicht zu \u00fcberleben, wieder auf die Beine zu kommen, ihre Hoffnung wiederherzustellen und sie neu zu inspirieren, ihr Land f\u00fcr Christus zu erreichen. Wo es m\u00f6glich ist, unterst\u00fctzen wir auch nichtchristliche Freunde afghanischer Christen, um ihnen die Kraft der bedingungslosen Liebe Christi zu zeigen und zu sehen, wie sie zum Heil kommen und zu J\u00fcngern werden.  <\/p>\n\n<p>Transform Iran hat humanit\u00e4re Hilfe f\u00fcr fast 1.700 Afghanen geleistet, davon mehr als 1.000 im Land selbst. Dazu geh\u00f6ren Lebensmittel, Hygienematerial, Heizung im Winter, Miete, Evakuierungskosten, medizinische Notf\u00e4lle, Medikamente und Transport.  <\/p>\n\n<blockquote class=\"wp-block-quote is-layout-flow wp-block-quote-is-layout-flow\"><p>Seit dem Tag, an dem wir Ihre Hilfe erhalten haben, kann ich ehrlich sagen, dass es in meinem Leben ein Erwachen, ja sogar eine Erweckung gegeben hat. Meine Familie ist st\u00e4ndig voller Freude. Gott sei gelobt, dass es seine Art ist, uns immer zur rechten Zeit zu helfen. So wie der Hirte seine Herde durch die W\u00fcste f\u00fchrt und sich um jedes seiner Schafe k\u00fcmmert, so k\u00f6nnen wir voller Demut sagen, dass Gott uns in Afghanistan, unter diesen schwierigen Umst\u00e4nden, nicht im Stich l\u00e4sst.  <\/p><p>Vorher war meine Frau krank und hatte schreckliche Angst um uns alle. Unsere Lebensumst\u00e4nde waren wirklich nicht gut. Wir waren alle in tiefer Trauer, aber seit dem Tag, an dem wir zum Glauben an Christus gekommen sind und Gott unsere H\u00e4nde gehalten hat, hat sich sogar die schwere Angst meiner Frau beruhigt, und auch ihre k\u00f6rperlichen Beschwerden sind geheilt worden.<\/p><\/blockquote>\n","protected":false},"excerpt":{"rendered":"<p>Warum sollte sich eine Organisation, die sich auf den Iran konzentriert, daf\u00fcr interessieren, was in Afghanistan passiert? Im Iran leben mehr als zwei Millionen Afghanen, viele von ihnen sind Fl\u00fcchtlinge. Tats\u00e4chlich beherbergt der Iran eine der gr\u00f6\u00dften Fl\u00fcchtlingsgruppen der Welt, und die gro\u00dfe Mehrheit von ihnen stammt aus Afghanistan. Es gibt etwa 800.000 registrierte afghanische [&hellip;]<\/p>\n","protected":false},"author":1,"featured_media":0,"parent":10875,"menu_order":0,"comment_status":"closed","ping_status":"closed","template":"page-work.php","meta":{"_acf_changed":false,"give_campaign_id":0,"om_disable_all_campaigns":false,"_mi_skip_tracking":false,"footnotes":""},"class_list":["post-10854","page","type-page","status-publish","hentry"],"acf":[],"yoast_head":"<!-- This site is optimized with the Yoast SEO plugin v27.3 - https:\/\/yoast.com\/product\/yoast-seo-wordpress\/ -->\n<title>Afghanistan - Transform Iran<\/title>\n<meta name=\"robots\" content=\"index, follow, max-snippet:-1, max-image-preview:large, max-video-preview:-1\" \/>\n<link rel=\"canonical\" href=\"https:\/\/transformiran.com\/de\/unsere-arbeit\/afghanistan\/\" \/>\n<meta property=\"og:locale\" content=\"de_DE\" \/>\n<meta property=\"og:type\" content=\"article\" \/>\n<meta property=\"og:title\" content=\"Afghanistan - Transform Iran\" \/>\n<meta property=\"og:description\" content=\"Warum sollte sich eine Organisation, die sich auf den Iran konzentriert, daf\u00fcr interessieren, was in Afghanistan passiert? Im Iran leben mehr als zwei Millionen Afghanen, viele von ihnen sind Fl\u00fcchtlinge. Tats\u00e4chlich beherbergt der Iran eine der gr\u00f6\u00dften Fl\u00fcchtlingsgruppen der Welt, und die gro\u00dfe Mehrheit von ihnen stammt aus Afghanistan. Es gibt etwa 800.000 registrierte afghanische [&hellip;]\" \/>\n<meta property=\"og:url\" content=\"https:\/\/transformiran.com\/de\/unsere-arbeit\/afghanistan\/\" \/>\n<meta property=\"og:site_name\" content=\"Transform Iran\" \/>\n<meta property=\"article:publisher\" content=\"https:\/\/www.facebook.com\/222MinistriesUSAInc\" \/>\n<meta property=\"article:modified_time\" content=\"2025-04-02T09:55:59+00:00\" \/>\n<meta name=\"twitter:card\" content=\"summary_large_image\" \/>\n<meta name=\"twitter:site\" content=\"@222minint\" \/>\n<meta name=\"twitter:label1\" content=\"Gesch\u00e4tzte Lesezeit\" \/>\n\t<meta name=\"twitter:data1\" content=\"4\u00a0Minuten\" \/>\n<script type=\"application\/ld+json\" class=\"yoast-schema-graph\">{\"@context\":\"https:\\\/\\\/schema.org\",\"@graph\":[{\"@type\":\"WebPage\",\"@id\":\"https:\\\/\\\/transformiran.com\\\/de\\\/unsere-arbeit\\\/afghanistan\\\/\",\"url\":\"https:\\\/\\\/transformiran.com\\\/de\\\/unsere-arbeit\\\/afghanistan\\\/\",\"name\":\"Afghanistan - Transform Iran\",\"isPartOf\":{\"@id\":\"https:\\\/\\\/transformiran.com\\\/de\\\/#website\"},\"datePublished\":\"2022-11-03T12:23:11+00:00\",\"dateModified\":\"2025-04-02T09:55:59+00:00\",\"breadcrumb\":{\"@id\":\"https:\\\/\\\/transformiran.com\\\/de\\\/unsere-arbeit\\\/afghanistan\\\/#breadcrumb\"},\"inLanguage\":\"de\",\"potentialAction\":[{\"@type\":\"ReadAction\",\"target\":[\"https:\\\/\\\/transformiran.com\\\/de\\\/unsere-arbeit\\\/afghanistan\\\/\"]}]},{\"@type\":\"BreadcrumbList\",\"@id\":\"https:\\\/\\\/transformiran.com\\\/de\\\/unsere-arbeit\\\/afghanistan\\\/#breadcrumb\",\"itemListElement\":[{\"@type\":\"ListItem\",\"position\":1,\"name\":\"Home\",\"item\":\"https:\\\/\\\/transformiran.com\\\/de\\\/startseite\\\/\"},{\"@type\":\"ListItem\",\"position\":2,\"name\":\"Unsere Arbeit\",\"item\":\"https:\\\/\\\/transformiran.com\\\/de\\\/unsere-arbeit\\\/\"},{\"@type\":\"ListItem\",\"position\":3,\"name\":\"Afghanistan\"}]},{\"@type\":\"WebSite\",\"@id\":\"https:\\\/\\\/transformiran.com\\\/de\\\/#website\",\"url\":\"https:\\\/\\\/transformiran.com\\\/de\\\/\",\"name\":\"Transform Iran\",\"description\":\"Bringing the love and power of Christ to Iran - and beyond\",\"publisher\":{\"@id\":\"https:\\\/\\\/transformiran.com\\\/de\\\/#organization\"},\"potentialAction\":[{\"@type\":\"SearchAction\",\"target\":{\"@type\":\"EntryPoint\",\"urlTemplate\":\"https:\\\/\\\/transformiran.com\\\/de\\\/?s={search_term_string}\"},\"query-input\":{\"@type\":\"PropertyValueSpecification\",\"valueRequired\":true,\"valueName\":\"search_term_string\"}}],\"inLanguage\":\"de\"},{\"@type\":\"Organization\",\"@id\":\"https:\\\/\\\/transformiran.com\\\/de\\\/#organization\",\"name\":\"Transform Iran\",\"url\":\"https:\\\/\\\/transformiran.com\\\/de\\\/\",\"logo\":{\"@type\":\"ImageObject\",\"inLanguage\":\"de\",\"@id\":\"https:\\\/\\\/transformiran.com\\\/de\\\/#\\\/schema\\\/logo\\\/image\\\/\",\"url\":\"https:\\\/\\\/transformiran.com\\\/app\\\/uploads\\\/2022\\\/11\\\/logo_grey.jpg\",\"contentUrl\":\"https:\\\/\\\/transformiran.com\\\/app\\\/uploads\\\/2022\\\/11\\\/logo_grey.jpg\",\"width\":528,\"height\":90,\"caption\":\"Transform Iran\"},\"image\":{\"@id\":\"https:\\\/\\\/transformiran.com\\\/de\\\/#\\\/schema\\\/logo\\\/image\\\/\"},\"sameAs\":[\"https:\\\/\\\/www.facebook.com\\\/222MinistriesUSAInc\",\"https:\\\/\\\/x.com\\\/222minint\",\"https:\\\/\\\/www.instagram.com\\\/222ministriesinternational\\\/\"]}]}<\/script>\n<!-- \/ Yoast SEO plugin. -->","yoast_head_json":{"title":"Afghanistan - Transform Iran","robots":{"index":"index","follow":"follow","max-snippet":"max-snippet:-1","max-image-preview":"max-image-preview:large","max-video-preview":"max-video-preview:-1"},"canonical":"https:\/\/transformiran.com\/de\/unsere-arbeit\/afghanistan\/","og_locale":"de_DE","og_type":"article","og_title":"Afghanistan - Transform Iran","og_description":"Warum sollte sich eine Organisation, die sich auf den Iran konzentriert, daf\u00fcr interessieren, was in Afghanistan passiert? Im Iran leben mehr als zwei Millionen Afghanen, viele von ihnen sind Fl\u00fcchtlinge. Tats\u00e4chlich beherbergt der Iran eine der gr\u00f6\u00dften Fl\u00fcchtlingsgruppen der Welt, und die gro\u00dfe Mehrheit von ihnen stammt aus Afghanistan. Es gibt etwa 800.000 registrierte afghanische [&hellip;]","og_url":"https:\/\/transformiran.com\/de\/unsere-arbeit\/afghanistan\/","og_site_name":"Transform Iran","article_publisher":"https:\/\/www.facebook.com\/222MinistriesUSAInc","article_modified_time":"2025-04-02T09:55:59+00:00","twitter_card":"summary_large_image","twitter_site":"@222minint","twitter_misc":{"Gesch\u00e4tzte Lesezeit":"4\u00a0Minuten"},"schema":{"@context":"https:\/\/schema.org","@graph":[{"@type":"WebPage","@id":"https:\/\/transformiran.com\/de\/unsere-arbeit\/afghanistan\/","url":"https:\/\/transformiran.com\/de\/unsere-arbeit\/afghanistan\/","name":"Afghanistan - Transform Iran","isPartOf":{"@id":"https:\/\/transformiran.com\/de\/#website"},"datePublished":"2022-11-03T12:23:11+00:00","dateModified":"2025-04-02T09:55:59+00:00","breadcrumb":{"@id":"https:\/\/transformiran.com\/de\/unsere-arbeit\/afghanistan\/#breadcrumb"},"inLanguage":"de","potentialAction":[{"@type":"ReadAction","target":["https:\/\/transformiran.com\/de\/unsere-arbeit\/afghanistan\/"]}]},{"@type":"BreadcrumbList","@id":"https:\/\/transformiran.com\/de\/unsere-arbeit\/afghanistan\/#breadcrumb","itemListElement":[{"@type":"ListItem","position":1,"name":"Home","item":"https:\/\/transformiran.com\/de\/startseite\/"},{"@type":"ListItem","position":2,"name":"Unsere Arbeit","item":"https:\/\/transformiran.com\/de\/unsere-arbeit\/"},{"@type":"ListItem","position":3,"name":"Afghanistan"}]},{"@type":"WebSite","@id":"https:\/\/transformiran.com\/de\/#website","url":"https:\/\/transformiran.com\/de\/","name":"Transform Iran","description":"Bringing the love and power of Christ to Iran - and beyond","publisher":{"@id":"https:\/\/transformiran.com\/de\/#organization"},"potentialAction":[{"@type":"SearchAction","target":{"@type":"EntryPoint","urlTemplate":"https:\/\/transformiran.com\/de\/?s={search_term_string}"},"query-input":{"@type":"PropertyValueSpecification","valueRequired":true,"valueName":"search_term_string"}}],"inLanguage":"de"},{"@type":"Organization","@id":"https:\/\/transformiran.com\/de\/#organization","name":"Transform Iran","url":"https:\/\/transformiran.com\/de\/","logo":{"@type":"ImageObject","inLanguage":"de","@id":"https:\/\/transformiran.com\/de\/#\/schema\/logo\/image\/","url":"https:\/\/transformiran.com\/app\/uploads\/2022\/11\/logo_grey.jpg","contentUrl":"https:\/\/transformiran.com\/app\/uploads\/2022\/11\/logo_grey.jpg","width":528,"height":90,"caption":"Transform Iran"},"image":{"@id":"https:\/\/transformiran.com\/de\/#\/schema\/logo\/image\/"},"sameAs":["https:\/\/www.facebook.com\/222MinistriesUSAInc","https:\/\/x.com\/222minint","https:\/\/www.instagram.com\/222ministriesinternational\/"]}]}},"campaignId":"","_links":{"self":[{"href":"https:\/\/transformiran.com\/de\/wp-json\/wp\/v2\/pages\/10854","targetHints":{"allow":["GET"]}}],"collection":[{"href":"https:\/\/transformiran.com\/de\/wp-json\/wp\/v2\/pages"}],"about":[{"href":"https:\/\/transformiran.com\/de\/wp-json\/wp\/v2\/types\/page"}],"author":[{"embeddable":true,"href":"https:\/\/transformiran.com\/de\/wp-json\/wp\/v2\/users\/1"}],"replies":[{"embeddable":true,"href":"https:\/\/transformiran.com\/de\/wp-json\/wp\/v2\/comments?post=10854"}],"version-history":[{"count":0,"href":"https:\/\/transformiran.com\/de\/wp-json\/wp\/v2\/pages\/10854\/revisions"}],"up":[{"embeddable":true,"href":"https:\/\/transformiran.com\/de\/wp-json\/wp\/v2\/pages\/10875"}],"wp:attachment":[{"href":"https:\/\/transformiran.com\/de\/wp-json\/wp\/v2\/media?parent=10854"}],"curies":[{"name":"wp","href":"https:\/\/api.w.org\/{rel}","templated":true}]}}