{"id":10855,"date":"2022-11-04T11:16:59","date_gmt":"2022-11-04T11:16:59","guid":{"rendered":"https:\/\/transformiran.com\/spenden-sie\/legatspenden\/"},"modified":"2025-04-02T11:05:23","modified_gmt":"2025-04-02T10:05:23","slug":"legatspenden","status":"publish","type":"page","link":"https:\/\/transformiran.com\/de\/spenden-sie\/legatspenden\/","title":{"rendered":"Legatspenden"},"content":{"rendered":"\n<p>Wenn Sie eine Investition in die Iran-Mission planen, haben Sie vielleicht noch nicht an das Verm\u00e4chtnis und den gro\u00dfen Segen gedacht, den es darstellen kann.<\/p>\n\n<p><\/p>\n\n<p>Ein <strong>&#8220;Heute&#8221;-Geschenk segnet uns sofort<\/strong>. Ob es sich um Bargeld, Aktien, Immobilien oder andere Wertpapiere handelt, die Fr\u00fcchte k\u00f6nnen sofort sichtbar sein.<\/p>\n\n<p>Aber ein <strong>Verm\u00e4chtnis ist ein Geschenk f\u00fcr die Zukunft, das das Reich Gottes weit \u00fcber Ihre Lebenszeit hinaus aufbauen wird<\/strong>.<\/p>\n\n<p>Als Verm\u00e4chtnis werden Spenden bezeichnet, die Unterst\u00fctzer nach ihrem Tod an eine gemeinn\u00fctzige Organisation weitergeben wollen. Sie wird auch als geplante Schenkung bezeichnet, da die Spender diese Schenkungen oft schon Jahre vor der Verteilung an die Empf\u00e4nger planen.<\/p>\n\n<p>Ein Verm\u00e4chtnis oder eine geplante Spende kann in Form von Geld, Verm\u00f6genswerten oder sogar einer wohlt\u00e4tigen Rente oder eines Trusts erfolgen.<\/p>\n\n<p>Die Einzelheiten eines jeden Geschenks sind einzigartig und k\u00f6nnen sogar Bedingungen f\u00fcr die Verwendung der Spende enthalten. Verm\u00e4chtnisse k\u00f6nnen den Auftrag einer gemeinn\u00fctzigen Organisation \u00fcber Jahre hinweg unterst\u00fctzen und ehren das Verm\u00e4chtnis des Spenders, der den Beitrag geleistet hat.<\/p>\n\n<p>Der Nutzen f\u00fcr die gemeinn\u00fctzige Organisation liegt auf der Hand, aber auch f\u00fcr die Spender gibt es Vorteile, z. B. das Verm\u00e4chtnis des Spenders und zahlreiche Steuervorteile, die eine Beteiligung ihren Familien bringen kann.<\/p>\n\n<p>Ein Verm\u00e4chtnis wird mit Ihrem Anwalt vereinbart und ist an Ihr Testament gebunden. Sie kann viele Formen annehmen. Wir w\u00fcrden uns geehrt f\u00fchlen, wenn Sie die Mission im Iran auf diese Weise unterst\u00fctzen w\u00fcrden.<\/p>\n\n<p><strong>Beispiele f\u00fcr ein Verm\u00e4chtnis oder eine geplante Spende<\/strong><\/p>\n\n<ol class=\"wp-block-list\">\n<li><strong>Wird<\/strong>. Dies ist Ihr letztes juristisches Dokument, das sicherstellt, dass Ihr Besitz nach Ihren W\u00fcnschen verteilt wird. In Ihrem Testament k\u00f6nnen Sie nicht nur sicherstellen, dass Ihre Angeh\u00f6rigen versorgt sind, sondern auch eine Spende f\u00fcr den Dienst bestimmen (oft als Verm\u00e4chtnis bezeichnet).<\/li>\n\n\n\n<li><strong>Vertrauen<\/strong>. Diese rechtliche Regelung erfordert einen Treuh\u00e4nder, der nach Ihrem Ableben die Verwaltung Ihres Verm\u00f6gens \u00fcbernimmt. Trusts k\u00f6nnen viele Formen annehmen (widerrufliche und unwiderrufliche Trusts, Unitrusts, Annuity Trusts, Charitable Lead Trusts) und unterliegen nicht dem Erbrecht.<\/li>\n\n\n\n<li><strong>Bargeldlose Geschenke<\/strong>. Viele Sachwerte k\u00f6nnen zur Unterst\u00fctzung des Dienstes gegeben werden. Spenden sind steuerlich absetzbar. Beispiele sind Fahrzeuge, Goldschmuck und Edelmetalle.<\/li>\n\n\n\n<li><strong>Aktien und Wertpapiere.<\/strong>  Wenn Sie wertgesch\u00e4tzte marktf\u00e4hige Aktien, Anleihen oder Investmentfonds an ein Ministerium verschenken, erh\u00e4lt dieses den Marktwert der Wertpapiere. Sie k\u00f6nnen auch die Besteuerung von Kapitalgewinnen auf \u00fcbertragene Verm\u00f6genswerte vermeiden.<\/li>\n\n\n\n<li><strong>Annuit\u00e4ten f\u00fcr wohlt\u00e4tige Zwecke<\/strong>. Auf diese Weise k\u00f6nnen Sie eine zuk\u00fcnftige Spende f\u00fcr einen Dienst bestimmen und gleichzeitig feste Zahlungen aus dieser Spende jetzt oder in der Zukunft erhalten. In dem Jahr, in dem die Schenkung erfolgt, gibt es Steuervorteile, und ein Teil der Zahlungen kann auch steuerfrei sein.<\/li>\n\n\n\n<li><strong>Ruhestandsverm\u00f6gen<\/strong>. Dazu geh\u00f6ren steuerlich aufgeschobene Rentenkonten, IRAs, 401(k)s, 301(b)s sowie Keogh- und Rentenpl\u00e4ne. Ein beliebiger Prozentsatz Ihres Altersguthabens kann f\u00fcr einen Dienst verwendet werden. Sie k\u00f6nnen dies durch Ihr Testament oder durch die Benennung von Beg\u00fcnstigten tun. Anders als bei der Benennung von Einzelpersonen als Beg\u00fcnstigte Ihres traditionellen Steueraufschubplans bedeutet die Benennung von Wohlt\u00e4tigkeitsorganisationen, dass der Empf\u00e4nger Ihres Geschenks nicht besteuert wird.<\/li>\n\n\n\n<li><strong>Immobilien<\/strong>. Jede Art von marktf\u00e4higen, wertvollen Immobilien kann dem Ministerium gespendet werden.<\/li>\n\n\n\n<li><strong>Lebensversicherung<\/strong>. Es ist m\u00f6glich, ein Ministerium als Beg\u00fcnstigten Ihrer Lebensversicherungspolice hinzuzuf\u00fcgen. Sie k\u00f6nnen auch j\u00e4hrliche Dividenden an das Ministerium abtreten oder einfach den Barwert Ihrer Police spenden.<\/li>\n\n\n\n<li><strong>Zahlbar auf Konten im Todesfall<\/strong>. Diese funktionieren wie Trusts, da sie nicht der Erbfolge unterliegen. Mit dem POD k\u00f6nnen Sie festlegen, wer das Guthaben auf Ihrem Bankkonto, Einlagenzertifikat, Rentenkonto, Anlagekonto oder Pensionsfonds nach Ihrem Tod erhalten soll.<\/li>\n<\/ol>\n\n<p><\/p>\n\n<p>Ein Verm\u00e4chtnis ist eine wunderbare M\u00f6glichkeit, einen Dienst auch \u00fcber die Zeit hinaus zu unterst\u00fctzen, in der der Herr Sie nach Hause ruft. Wir danken Ihnen f\u00fcr Ihr Gebet und Ihre Aufmerksamkeit.<\/p>\n\n<p>Wenn Sie bereit sind, diese Option in Betracht zu ziehen, w\u00fcrden wir uns gerne mit Ihnen treffen.\nBitte <a href=\"https:\/\/transformiran.com\/de\/kontakt\/\">kontaktieren Sie Ihr \u00f6rtliches Transform Iran B\u00fcro<\/a>. <\/p>\n\n<div class=\"wp-block-columns is-layout-flex wp-container-core-columns-is-layout-9d6595d7 wp-block-columns-is-layout-flex\">\n<div class=\"wp-block-column is-layout-flow wp-block-column-is-layout-flow\">\n<div class=\"wp-block-columns is-layout-flex wp-container-core-columns-is-layout-9d6595d7 wp-block-columns-is-layout-flex\">\n<div class=\"wp-block-column is-layout-flow wp-block-column-is-layout-flow\">\n<p class=\"has-light-gold-background-color has-background\"><strong>Diese Seite wird automatisch in die verschiedenen Sprachen unserer Website \u00fcbersetzt.<\/strong> Ratschl\u00e4ge zu Erbschaftsangelegenheiten, insbesondere in Bezug auf unsere niederl\u00e4ndischen Partner, finden Sie in <a href=\"https:\/\/transformiran.com\/app\/uploads\/2025\/02\/TI-Legacy-Giving-Dutch.pdf\">diesem PDF<\/a>.<\/p>\n<\/div>\n<\/div>\n<\/div>\n<\/div>\n\n<p class=\"has-white-background-color has-background\"><\/p>\n","protected":false},"excerpt":{"rendered":"<p>Wenn Sie eine Investition in die Iran-Mission planen, haben Sie vielleicht noch nicht an das Verm\u00e4chtnis und den gro\u00dfen Segen gedacht, den es darstellen kann. Ein &#8220;Heute&#8221;-Geschenk segnet uns sofort. Ob es sich um Bargeld, Aktien, Immobilien oder andere Wertpapiere handelt, die Fr\u00fcchte k\u00f6nnen sofort sichtbar sein. Aber ein Verm\u00e4chtnis ist ein Geschenk f\u00fcr die [&hellip;]<\/p>\n","protected":false},"author":1,"featured_media":0,"parent":10842,"menu_order":0,"comment_status":"closed","ping_status":"closed","template":"page-basic.php","meta":{"_acf_changed":false,"give_campaign_id":0,"om_disable_all_campaigns":false,"_mi_skip_tracking":false,"footnotes":""},"class_list":["post-10855","page","type-page","status-publish","hentry"],"acf":[],"yoast_head":"<!-- This site is optimized with the Yoast SEO plugin v27.2 - https:\/\/yoast.com\/product\/yoast-seo-wordpress\/ -->\n<title>Legatspenden - Transform Iran<\/title>\n<meta name=\"robots\" content=\"index, follow, max-snippet:-1, max-image-preview:large, max-video-preview:-1\" \/>\n<link rel=\"canonical\" href=\"https:\/\/transformiran.com\/de\/spenden-sie\/legatspenden\/\" \/>\n<meta property=\"og:locale\" content=\"de_DE\" \/>\n<meta property=\"og:type\" content=\"article\" \/>\n<meta property=\"og:title\" content=\"Legatspenden - Transform Iran\" \/>\n<meta property=\"og:description\" content=\"Wenn Sie eine Investition in die Iran-Mission planen, haben Sie vielleicht noch nicht an das Verm\u00e4chtnis und den gro\u00dfen Segen gedacht, den es darstellen kann. Ein &#8220;Heute&#8221;-Geschenk segnet uns sofort. Ob es sich um Bargeld, Aktien, Immobilien oder andere Wertpapiere handelt, die Fr\u00fcchte k\u00f6nnen sofort sichtbar sein. Aber ein Verm\u00e4chtnis ist ein Geschenk f\u00fcr die [&hellip;]\" \/>\n<meta property=\"og:url\" content=\"https:\/\/transformiran.com\/de\/spenden-sie\/legatspenden\/\" \/>\n<meta property=\"og:site_name\" content=\"Transform Iran\" \/>\n<meta property=\"article:publisher\" content=\"https:\/\/www.facebook.com\/222MinistriesUSAInc\" \/>\n<meta property=\"article:modified_time\" content=\"2025-04-02T10:05:23+00:00\" \/>\n<meta name=\"twitter:card\" content=\"summary_large_image\" \/>\n<meta name=\"twitter:site\" content=\"@222minint\" \/>\n<meta name=\"twitter:label1\" content=\"Gesch\u00e4tzte Lesezeit\" \/>\n\t<meta name=\"twitter:data1\" content=\"4\u00a0Minuten\" \/>\n<script type=\"application\/ld+json\" class=\"yoast-schema-graph\">{\"@context\":\"https:\/\/schema.org\",\"@graph\":[{\"@type\":\"WebPage\",\"@id\":\"https:\/\/transformiran.com\/de\/spenden-sie\/legatspenden\/\",\"url\":\"https:\/\/transformiran.com\/de\/spenden-sie\/legatspenden\/\",\"name\":\"Legatspenden - Transform Iran\",\"isPartOf\":{\"@id\":\"https:\/\/transformiran.com\/de\/#website\"},\"datePublished\":\"2022-11-04T11:16:59+00:00\",\"dateModified\":\"2025-04-02T10:05:23+00:00\",\"breadcrumb\":{\"@id\":\"https:\/\/transformiran.com\/de\/spenden-sie\/legatspenden\/#breadcrumb\"},\"inLanguage\":\"de\",\"potentialAction\":[{\"@type\":\"ReadAction\",\"target\":[\"https:\/\/transformiran.com\/de\/spenden-sie\/legatspenden\/\"]}]},{\"@type\":\"BreadcrumbList\",\"@id\":\"https:\/\/transformiran.com\/de\/spenden-sie\/legatspenden\/#breadcrumb\",\"itemListElement\":[{\"@type\":\"ListItem\",\"position\":1,\"name\":\"Home\",\"item\":\"https:\/\/transformiran.com\/de\/startseite\/\"},{\"@type\":\"ListItem\",\"position\":2,\"name\":\"Spenden Sie\",\"item\":\"https:\/\/transformiran.com\/de\/spenden-sie\/\"},{\"@type\":\"ListItem\",\"position\":3,\"name\":\"Legatspenden\"}]},{\"@type\":\"WebSite\",\"@id\":\"https:\/\/transformiran.com\/de\/#website\",\"url\":\"https:\/\/transformiran.com\/de\/\",\"name\":\"Transform Iran\",\"description\":\"Bringing the love and power of Christ to Iran - and beyond\",\"publisher\":{\"@id\":\"https:\/\/transformiran.com\/de\/#organization\"},\"potentialAction\":[{\"@type\":\"SearchAction\",\"target\":{\"@type\":\"EntryPoint\",\"urlTemplate\":\"https:\/\/transformiran.com\/de\/?s={search_term_string}\"},\"query-input\":{\"@type\":\"PropertyValueSpecification\",\"valueRequired\":true,\"valueName\":\"search_term_string\"}}],\"inLanguage\":\"de\"},{\"@type\":\"Organization\",\"@id\":\"https:\/\/transformiran.com\/de\/#organization\",\"name\":\"Transform Iran\",\"url\":\"https:\/\/transformiran.com\/de\/\",\"logo\":{\"@type\":\"ImageObject\",\"inLanguage\":\"de\",\"@id\":\"https:\/\/transformiran.com\/de\/#\/schema\/logo\/image\/\",\"url\":\"https:\/\/transformiran.com\/app\/uploads\/2022\/11\/logo_grey.jpg\",\"contentUrl\":\"https:\/\/transformiran.com\/app\/uploads\/2022\/11\/logo_grey.jpg\",\"width\":528,\"height\":90,\"caption\":\"Transform Iran\"},\"image\":{\"@id\":\"https:\/\/transformiran.com\/de\/#\/schema\/logo\/image\/\"},\"sameAs\":[\"https:\/\/www.facebook.com\/222MinistriesUSAInc\",\"https:\/\/x.com\/222minint\",\"https:\/\/www.instagram.com\/222ministriesinternational\/\"]}]}<\/script>\n<!-- \/ Yoast SEO plugin. -->","yoast_head_json":{"title":"Legatspenden - Transform Iran","robots":{"index":"index","follow":"follow","max-snippet":"max-snippet:-1","max-image-preview":"max-image-preview:large","max-video-preview":"max-video-preview:-1"},"canonical":"https:\/\/transformiran.com\/de\/spenden-sie\/legatspenden\/","og_locale":"de_DE","og_type":"article","og_title":"Legatspenden - Transform Iran","og_description":"Wenn Sie eine Investition in die Iran-Mission planen, haben Sie vielleicht noch nicht an das Verm\u00e4chtnis und den gro\u00dfen Segen gedacht, den es darstellen kann. Ein &#8220;Heute&#8221;-Geschenk segnet uns sofort. Ob es sich um Bargeld, Aktien, Immobilien oder andere Wertpapiere handelt, die Fr\u00fcchte k\u00f6nnen sofort sichtbar sein. Aber ein Verm\u00e4chtnis ist ein Geschenk f\u00fcr die [&hellip;]","og_url":"https:\/\/transformiran.com\/de\/spenden-sie\/legatspenden\/","og_site_name":"Transform Iran","article_publisher":"https:\/\/www.facebook.com\/222MinistriesUSAInc","article_modified_time":"2025-04-02T10:05:23+00:00","twitter_card":"summary_large_image","twitter_site":"@222minint","twitter_misc":{"Gesch\u00e4tzte Lesezeit":"4\u00a0Minuten"},"schema":{"@context":"https:\/\/schema.org","@graph":[{"@type":"WebPage","@id":"https:\/\/transformiran.com\/de\/spenden-sie\/legatspenden\/","url":"https:\/\/transformiran.com\/de\/spenden-sie\/legatspenden\/","name":"Legatspenden - Transform Iran","isPartOf":{"@id":"https:\/\/transformiran.com\/de\/#website"},"datePublished":"2022-11-04T11:16:59+00:00","dateModified":"2025-04-02T10:05:23+00:00","breadcrumb":{"@id":"https:\/\/transformiran.com\/de\/spenden-sie\/legatspenden\/#breadcrumb"},"inLanguage":"de","potentialAction":[{"@type":"ReadAction","target":["https:\/\/transformiran.com\/de\/spenden-sie\/legatspenden\/"]}]},{"@type":"BreadcrumbList","@id":"https:\/\/transformiran.com\/de\/spenden-sie\/legatspenden\/#breadcrumb","itemListElement":[{"@type":"ListItem","position":1,"name":"Home","item":"https:\/\/transformiran.com\/de\/startseite\/"},{"@type":"ListItem","position":2,"name":"Spenden Sie","item":"https:\/\/transformiran.com\/de\/spenden-sie\/"},{"@type":"ListItem","position":3,"name":"Legatspenden"}]},{"@type":"WebSite","@id":"https:\/\/transformiran.com\/de\/#website","url":"https:\/\/transformiran.com\/de\/","name":"Transform Iran","description":"Bringing the love and power of Christ to Iran - and beyond","publisher":{"@id":"https:\/\/transformiran.com\/de\/#organization"},"potentialAction":[{"@type":"SearchAction","target":{"@type":"EntryPoint","urlTemplate":"https:\/\/transformiran.com\/de\/?s={search_term_string}"},"query-input":{"@type":"PropertyValueSpecification","valueRequired":true,"valueName":"search_term_string"}}],"inLanguage":"de"},{"@type":"Organization","@id":"https:\/\/transformiran.com\/de\/#organization","name":"Transform Iran","url":"https:\/\/transformiran.com\/de\/","logo":{"@type":"ImageObject","inLanguage":"de","@id":"https:\/\/transformiran.com\/de\/#\/schema\/logo\/image\/","url":"https:\/\/transformiran.com\/app\/uploads\/2022\/11\/logo_grey.jpg","contentUrl":"https:\/\/transformiran.com\/app\/uploads\/2022\/11\/logo_grey.jpg","width":528,"height":90,"caption":"Transform Iran"},"image":{"@id":"https:\/\/transformiran.com\/de\/#\/schema\/logo\/image\/"},"sameAs":["https:\/\/www.facebook.com\/222MinistriesUSAInc","https:\/\/x.com\/222minint","https:\/\/www.instagram.com\/222ministriesinternational\/"]}]}},"campaignId":"","_links":{"self":[{"href":"https:\/\/transformiran.com\/de\/wp-json\/wp\/v2\/pages\/10855","targetHints":{"allow":["GET"]}}],"collection":[{"href":"https:\/\/transformiran.com\/de\/wp-json\/wp\/v2\/pages"}],"about":[{"href":"https:\/\/transformiran.com\/de\/wp-json\/wp\/v2\/types\/page"}],"author":[{"embeddable":true,"href":"https:\/\/transformiran.com\/de\/wp-json\/wp\/v2\/users\/1"}],"replies":[{"embeddable":true,"href":"https:\/\/transformiran.com\/de\/wp-json\/wp\/v2\/comments?post=10855"}],"version-history":[{"count":0,"href":"https:\/\/transformiran.com\/de\/wp-json\/wp\/v2\/pages\/10855\/revisions"}],"up":[{"embeddable":true,"href":"https:\/\/transformiran.com\/de\/wp-json\/wp\/v2\/pages\/10842"}],"wp:attachment":[{"href":"https:\/\/transformiran.com\/de\/wp-json\/wp\/v2\/media?parent=10855"}],"curies":[{"name":"wp","href":"https:\/\/api.w.org\/{rel}","templated":true}]}}