{"id":10869,"date":"2022-11-03T12:17:33","date_gmt":"2022-11-03T12:17:33","guid":{"rendered":"https:\/\/transformiran.com\/umwandlung\/"},"modified":"2025-04-02T10:57:02","modified_gmt":"2025-04-02T09:57:02","slug":"umwandlung","status":"publish","type":"page","link":"https:\/\/transformiran.com\/de\/unsere-arbeit\/umwandlung\/","title":{"rendered":"Transformation"},"content":{"rendered":"\n<p>Das Ziel ist nicht eine gro\u00dfe, vom Rest der Bev\u00f6lkerung getrennte Kirche. Wir w\u00fcnschen uns eine Kirche, die vollst\u00e4ndig in die Gesellschaft integriert ist, die jede Volksgruppe in ihrer eigenen &#8220;Herzenssprache&#8221; erreicht und jeden Menschen, von den angesehensten Akademikern, einflussreichen Wirtschaftsf\u00fchrern und Religionslehrern bis hin zu den Armen, Vernachl\u00e4ssigten und Analphabeten. Eine Kirche, die die ver\u00e4ndernde, heilende Kraft des Evangeliums quer durch das Land tr\u00e4gt und wirklich Leben und eine ganze Nation &#8211; den Iran &#8211; f\u00fcr Christus ver\u00e4ndert. Wir glauben, dass der Iran von dort aus die ganze Region mit der Liebe und Kraft Jesu Christi erf\u00fcllen wird. Dauerhafte, transformative Ver\u00e4nderung.<\/p>\n\n<div class=\"wp-block-buttons is-content-justification-center is-layout-flex wp-container-core-buttons-is-layout-16018d1d wp-block-buttons-is-layout-flex\">\n<div class=\"wp-block-button\"><a class=\"wp-block-button__link has-white-color has-vivid-red-background-color has-text-color has-background wp-element-button\" href=\"https:\/\/transformiran.com\/de\/spenden-sie\/\">Helfen Sie uns bei der Mission, den Iran zu ver\u00e4ndern<\/a><\/div>\n<\/div>\n\n<p>Die Initiativen auf Transform Iran sind auf die langfristige Vision einer wiederhergestellten Nation ausgerichtet. Wir ziehen alle M\u00f6glichkeiten und Szenarien in Betracht, h\u00f6ren auf die F\u00fchrung des Heiligen Geistes und leisten st\u00e4ndig Pionierarbeit bei der Frage, wie der Dienst im Iran aussieht. Wir sind bestrebt, das Beste aus jeder technologischen Entwicklung zu machen, auf jede Ver\u00e4nderung in der gesellschaftspolitischen Landschaft zu reagieren und strategisch zu bauen. Die Zukunft einer ganzen Nation steht auf dem Spiel.  <\/p>\n\n<p>Diese Vision der Transformation wird durch die Hunderte von Untergrundkirchen, die wir im Iran gegr\u00fcndet haben, umgesetzt. Kirchen, die in ihren Gemeinden und in ihrem Land aktiv etwas bewirken wollen.<\/p>\n\n<div class=\"wp-block-buttons is-content-justification-center is-layout-flex wp-container-core-buttons-is-layout-16018d1d wp-block-buttons-is-layout-flex\">\n<div class=\"wp-block-button\"><a class=\"wp-block-button__link has-white-color has-vivid-red-background-color has-text-color has-background wp-element-button\" href=\"https:\/\/transformiran.com\/de\/anmeldung-zum-newsletter\/\">Erhalten Sie monatliche Updates, die Ihnen helfen, effektiv zu beten<\/a><\/div>\n<\/div>\n\n<p>Wir treffen auch praktische Vorbereitungen f\u00fcr den Zeitpunkt, an dem sich die T\u00fcren im Iran \u00f6ffnen werden, damit die Kirche, wenn es so weit ist, bereit, ausgestattet und f\u00e4hig ist, die Ernte f\u00fcr Christus einzubringen. Es beginnt mit der Entwicklung von F\u00fchrungskr\u00e4ften. Menschen sind die W\u00e4hrung des Himmels! Transform Iran ist bestrebt, F\u00fchrungskr\u00e4fte mit einem breiten Spektrum an F\u00e4higkeiten, Leidenschaften und Berufungen zu entwickeln, die bereit sind, ihren Platz einzunehmen, wenn sich die T\u00fcren wieder \u00f6ffnen. Unsere Aufgabe ist es, dienende F\u00fchrungskr\u00e4fte mit dem n\u00f6tigen Einfluss, der Autorit\u00e4t und der Salbung auszustatten und vorzubereiten, um einen dauerhaften Wandel zu bewirken.  <\/p>\n\n<p>Strategische Initiativen haben die verschiedenen Bev\u00f6lkerungsgruppen im Iran im Blick. Bibeln in allen Herzenssprachen, Hilfe f\u00fcr Menschen in praktischer Not, gesellschaftspolitische L\u00f6sungen, Seelsorger f\u00fcr gebrochene Menschen, Lehrer und Lehrmaterial f\u00fcr Kinder, F\u00fchrungskr\u00e4fte aus der Wirtschaft, Einflussnehmer in Medien und Kunst, Wissenschaftler und Evangelisten.  <\/p>\n\n<blockquote class=\"wp-block-quote is-layout-flow wp-block-quote-is-layout-flow\">\n<p>Ich kam als Fremder zu meinen Familienmitgliedern, leer von Gef\u00fchlen und Wut, leer von mir selbst und verwirrt, zwischen Sein und Nichtsein. Ich sah mich selbst als eine W\u00fcste, die zu schreien und mit der Trockenheit ihrer Stille zu k\u00e4mpfen versuchte. Ich sehe mich jetzt als lebendige Erde, die atmen kann. Ich habe entdeckt, wie ich das Leben leben und es an andere weitergeben kann. Jetzt bin ich in der Lage, ohne Wut und Groll, Angst und Ablehnung zu leben. Ich bin wiedergeboren.<\/p>\n<\/blockquote>\n","protected":false},"excerpt":{"rendered":"<p>Das Ziel ist nicht eine gro\u00dfe, vom Rest der Bev\u00f6lkerung getrennte Kirche. Wir w\u00fcnschen uns eine Kirche, die vollst\u00e4ndig in die Gesellschaft integriert ist, die jede Volksgruppe in ihrer eigenen &#8220;Herzenssprache&#8221; erreicht und jeden Menschen, von den angesehensten Akademikern, einflussreichen Wirtschaftsf\u00fchrern und Religionslehrern bis hin zu den Armen, Vernachl\u00e4ssigten und Analphabeten. Eine Kirche, die die [&hellip;]<\/p>\n","protected":false},"author":1,"featured_media":0,"parent":10875,"menu_order":0,"comment_status":"closed","ping_status":"closed","template":"page-work.php","meta":{"_acf_changed":false,"give_campaign_id":0,"om_disable_all_campaigns":false,"_mi_skip_tracking":false,"footnotes":""},"class_list":["post-10869","page","type-page","status-publish","hentry"],"acf":[],"yoast_head":"<!-- This site is optimized with the Yoast SEO plugin v27.3 - https:\/\/yoast.com\/product\/yoast-seo-wordpress\/ -->\n<title>Transformation - Transform Iran<\/title>\n<meta name=\"robots\" content=\"index, follow, max-snippet:-1, max-image-preview:large, max-video-preview:-1\" \/>\n<link rel=\"canonical\" href=\"https:\/\/transformiran.com\/de\/unsere-arbeit\/umwandlung\/\" \/>\n<meta property=\"og:locale\" content=\"de_DE\" \/>\n<meta property=\"og:type\" content=\"article\" \/>\n<meta property=\"og:title\" content=\"Transformation - Transform Iran\" \/>\n<meta property=\"og:description\" content=\"Das Ziel ist nicht eine gro\u00dfe, vom Rest der Bev\u00f6lkerung getrennte Kirche. Wir w\u00fcnschen uns eine Kirche, die vollst\u00e4ndig in die Gesellschaft integriert ist, die jede Volksgruppe in ihrer eigenen &#8220;Herzenssprache&#8221; erreicht und jeden Menschen, von den angesehensten Akademikern, einflussreichen Wirtschaftsf\u00fchrern und Religionslehrern bis hin zu den Armen, Vernachl\u00e4ssigten und Analphabeten. Eine Kirche, die die [&hellip;]\" \/>\n<meta property=\"og:url\" content=\"https:\/\/transformiran.com\/de\/unsere-arbeit\/umwandlung\/\" \/>\n<meta property=\"og:site_name\" content=\"Transform Iran\" \/>\n<meta property=\"article:publisher\" content=\"https:\/\/www.facebook.com\/222MinistriesUSAInc\" \/>\n<meta property=\"article:modified_time\" content=\"2025-04-02T09:57:02+00:00\" \/>\n<meta name=\"twitter:card\" content=\"summary_large_image\" \/>\n<meta name=\"twitter:site\" content=\"@222minint\" \/>\n<meta name=\"twitter:label1\" content=\"Gesch\u00e4tzte Lesezeit\" \/>\n\t<meta name=\"twitter:data1\" content=\"2\u00a0Minuten\" \/>\n<script type=\"application\/ld+json\" class=\"yoast-schema-graph\">{\"@context\":\"https:\\\/\\\/schema.org\",\"@graph\":[{\"@type\":\"WebPage\",\"@id\":\"https:\\\/\\\/transformiran.com\\\/de\\\/unsere-arbeit\\\/umwandlung\\\/\",\"url\":\"https:\\\/\\\/transformiran.com\\\/de\\\/unsere-arbeit\\\/umwandlung\\\/\",\"name\":\"Transformation - Transform Iran\",\"isPartOf\":{\"@id\":\"https:\\\/\\\/transformiran.com\\\/de\\\/#website\"},\"datePublished\":\"2022-11-03T12:17:33+00:00\",\"dateModified\":\"2025-04-02T09:57:02+00:00\",\"breadcrumb\":{\"@id\":\"https:\\\/\\\/transformiran.com\\\/de\\\/unsere-arbeit\\\/umwandlung\\\/#breadcrumb\"},\"inLanguage\":\"de\",\"potentialAction\":[{\"@type\":\"ReadAction\",\"target\":[\"https:\\\/\\\/transformiran.com\\\/de\\\/unsere-arbeit\\\/umwandlung\\\/\"]}]},{\"@type\":\"BreadcrumbList\",\"@id\":\"https:\\\/\\\/transformiran.com\\\/de\\\/unsere-arbeit\\\/umwandlung\\\/#breadcrumb\",\"itemListElement\":[{\"@type\":\"ListItem\",\"position\":1,\"name\":\"Home\",\"item\":\"https:\\\/\\\/transformiran.com\\\/de\\\/startseite\\\/\"},{\"@type\":\"ListItem\",\"position\":2,\"name\":\"Unsere Arbeit\",\"item\":\"https:\\\/\\\/transformiran.com\\\/de\\\/unsere-arbeit\\\/\"},{\"@type\":\"ListItem\",\"position\":3,\"name\":\"Transformation\"}]},{\"@type\":\"WebSite\",\"@id\":\"https:\\\/\\\/transformiran.com\\\/de\\\/#website\",\"url\":\"https:\\\/\\\/transformiran.com\\\/de\\\/\",\"name\":\"Transform Iran\",\"description\":\"Bringing the love and power of Christ to Iran - and beyond\",\"publisher\":{\"@id\":\"https:\\\/\\\/transformiran.com\\\/de\\\/#organization\"},\"potentialAction\":[{\"@type\":\"SearchAction\",\"target\":{\"@type\":\"EntryPoint\",\"urlTemplate\":\"https:\\\/\\\/transformiran.com\\\/de\\\/?s={search_term_string}\"},\"query-input\":{\"@type\":\"PropertyValueSpecification\",\"valueRequired\":true,\"valueName\":\"search_term_string\"}}],\"inLanguage\":\"de\"},{\"@type\":\"Organization\",\"@id\":\"https:\\\/\\\/transformiran.com\\\/de\\\/#organization\",\"name\":\"Transform Iran\",\"url\":\"https:\\\/\\\/transformiran.com\\\/de\\\/\",\"logo\":{\"@type\":\"ImageObject\",\"inLanguage\":\"de\",\"@id\":\"https:\\\/\\\/transformiran.com\\\/de\\\/#\\\/schema\\\/logo\\\/image\\\/\",\"url\":\"https:\\\/\\\/transformiran.com\\\/app\\\/uploads\\\/2022\\\/11\\\/logo_grey.jpg\",\"contentUrl\":\"https:\\\/\\\/transformiran.com\\\/app\\\/uploads\\\/2022\\\/11\\\/logo_grey.jpg\",\"width\":528,\"height\":90,\"caption\":\"Transform Iran\"},\"image\":{\"@id\":\"https:\\\/\\\/transformiran.com\\\/de\\\/#\\\/schema\\\/logo\\\/image\\\/\"},\"sameAs\":[\"https:\\\/\\\/www.facebook.com\\\/222MinistriesUSAInc\",\"https:\\\/\\\/x.com\\\/222minint\",\"https:\\\/\\\/www.instagram.com\\\/222ministriesinternational\\\/\"]}]}<\/script>\n<!-- \/ Yoast SEO plugin. -->","yoast_head_json":{"title":"Transformation - Transform Iran","robots":{"index":"index","follow":"follow","max-snippet":"max-snippet:-1","max-image-preview":"max-image-preview:large","max-video-preview":"max-video-preview:-1"},"canonical":"https:\/\/transformiran.com\/de\/unsere-arbeit\/umwandlung\/","og_locale":"de_DE","og_type":"article","og_title":"Transformation - Transform Iran","og_description":"Das Ziel ist nicht eine gro\u00dfe, vom Rest der Bev\u00f6lkerung getrennte Kirche. Wir w\u00fcnschen uns eine Kirche, die vollst\u00e4ndig in die Gesellschaft integriert ist, die jede Volksgruppe in ihrer eigenen &#8220;Herzenssprache&#8221; erreicht und jeden Menschen, von den angesehensten Akademikern, einflussreichen Wirtschaftsf\u00fchrern und Religionslehrern bis hin zu den Armen, Vernachl\u00e4ssigten und Analphabeten. Eine Kirche, die die [&hellip;]","og_url":"https:\/\/transformiran.com\/de\/unsere-arbeit\/umwandlung\/","og_site_name":"Transform Iran","article_publisher":"https:\/\/www.facebook.com\/222MinistriesUSAInc","article_modified_time":"2025-04-02T09:57:02+00:00","twitter_card":"summary_large_image","twitter_site":"@222minint","twitter_misc":{"Gesch\u00e4tzte Lesezeit":"2\u00a0Minuten"},"schema":{"@context":"https:\/\/schema.org","@graph":[{"@type":"WebPage","@id":"https:\/\/transformiran.com\/de\/unsere-arbeit\/umwandlung\/","url":"https:\/\/transformiran.com\/de\/unsere-arbeit\/umwandlung\/","name":"Transformation - Transform Iran","isPartOf":{"@id":"https:\/\/transformiran.com\/de\/#website"},"datePublished":"2022-11-03T12:17:33+00:00","dateModified":"2025-04-02T09:57:02+00:00","breadcrumb":{"@id":"https:\/\/transformiran.com\/de\/unsere-arbeit\/umwandlung\/#breadcrumb"},"inLanguage":"de","potentialAction":[{"@type":"ReadAction","target":["https:\/\/transformiran.com\/de\/unsere-arbeit\/umwandlung\/"]}]},{"@type":"BreadcrumbList","@id":"https:\/\/transformiran.com\/de\/unsere-arbeit\/umwandlung\/#breadcrumb","itemListElement":[{"@type":"ListItem","position":1,"name":"Home","item":"https:\/\/transformiran.com\/de\/startseite\/"},{"@type":"ListItem","position":2,"name":"Unsere Arbeit","item":"https:\/\/transformiran.com\/de\/unsere-arbeit\/"},{"@type":"ListItem","position":3,"name":"Transformation"}]},{"@type":"WebSite","@id":"https:\/\/transformiran.com\/de\/#website","url":"https:\/\/transformiran.com\/de\/","name":"Transform Iran","description":"Bringing the love and power of Christ to Iran - and beyond","publisher":{"@id":"https:\/\/transformiran.com\/de\/#organization"},"potentialAction":[{"@type":"SearchAction","target":{"@type":"EntryPoint","urlTemplate":"https:\/\/transformiran.com\/de\/?s={search_term_string}"},"query-input":{"@type":"PropertyValueSpecification","valueRequired":true,"valueName":"search_term_string"}}],"inLanguage":"de"},{"@type":"Organization","@id":"https:\/\/transformiran.com\/de\/#organization","name":"Transform Iran","url":"https:\/\/transformiran.com\/de\/","logo":{"@type":"ImageObject","inLanguage":"de","@id":"https:\/\/transformiran.com\/de\/#\/schema\/logo\/image\/","url":"https:\/\/transformiran.com\/app\/uploads\/2022\/11\/logo_grey.jpg","contentUrl":"https:\/\/transformiran.com\/app\/uploads\/2022\/11\/logo_grey.jpg","width":528,"height":90,"caption":"Transform Iran"},"image":{"@id":"https:\/\/transformiran.com\/de\/#\/schema\/logo\/image\/"},"sameAs":["https:\/\/www.facebook.com\/222MinistriesUSAInc","https:\/\/x.com\/222minint","https:\/\/www.instagram.com\/222ministriesinternational\/"]}]}},"campaignId":"","_links":{"self":[{"href":"https:\/\/transformiran.com\/de\/wp-json\/wp\/v2\/pages\/10869","targetHints":{"allow":["GET"]}}],"collection":[{"href":"https:\/\/transformiran.com\/de\/wp-json\/wp\/v2\/pages"}],"about":[{"href":"https:\/\/transformiran.com\/de\/wp-json\/wp\/v2\/types\/page"}],"author":[{"embeddable":true,"href":"https:\/\/transformiran.com\/de\/wp-json\/wp\/v2\/users\/1"}],"replies":[{"embeddable":true,"href":"https:\/\/transformiran.com\/de\/wp-json\/wp\/v2\/comments?post=10869"}],"version-history":[{"count":0,"href":"https:\/\/transformiran.com\/de\/wp-json\/wp\/v2\/pages\/10869\/revisions"}],"up":[{"embeddable":true,"href":"https:\/\/transformiran.com\/de\/wp-json\/wp\/v2\/pages\/10875"}],"wp:attachment":[{"href":"https:\/\/transformiran.com\/de\/wp-json\/wp\/v2\/media?parent=10869"}],"curies":[{"name":"wp","href":"https:\/\/api.w.org\/{rel}","templated":true}]}}