{"id":10872,"date":"2022-11-03T12:20:57","date_gmt":"2022-11-03T12:20:57","guid":{"rendered":"https:\/\/transformiran.com\/zentrum-fuer-apologetik\/"},"modified":"2026-02-11T15:21:47","modified_gmt":"2026-02-11T15:21:47","slug":"zentrum-fuer-apologetik","status":"publish","type":"page","link":"https:\/\/transformiran.com\/de\/unsere-arbeit\/zentrum-fuer-apologetik\/","title":{"rendered":"Zentrum f\u00fcr Apologetik"},"content":{"rendered":"\n<div class=\"wp-block-buttons is-content-justification-center is-layout-flex wp-container-core-buttons-is-layout-16018d1d wp-block-buttons-is-layout-flex\">\n<div class=\"wp-block-button\"><a class=\"wp-block-button__link has-white-color has-vivid-red-background-color has-text-color has-background has-link-color wp-element-button\" href=\"https:\/\/transformiran.com\/de\/spenden-sie\/\">Investieren Sie noch heute in die christliche Apologetik auf Farsi<\/a><\/div>\n<\/div>\n\n<h2 class=\"wp-block-heading\"><mark style=\"background-color:rgba(0, 0, 0, 0);color:#b38e44\" class=\"has-inline-color\">Der Bedarf an christlicher Apologetik: Die Fragen der Suchenden mit Wahrheit und Respekt beantworten<\/mark><\/h2>\n\n<p><\/p>\n\n<p class=\"has-medium-font-size\"><em>&#8220;Seien Sie stets bereit, jedem, der Sie nach dem Grund Ihrer Hoffnung fragt, eine Antwort zu geben. Tut dies aber mit Sanftmut und Respekt&#8221;<\/em> 1 Petrus 3:15<\/p>\n\n<p><\/p>\n\n<p class=\"has-medium-font-size\">Die christliche Apologetik gibt eine klare und \u00fcberzeugende Antwort auf echte Einw\u00e4nde gegen den Glauben. Es besteht ein gro\u00dfer Bedarf, christliche Apologetik in Farsi anzubieten und dabei auf die spezifischen Fragen der Iraner einzugehen, die mit einer schiitischen Weltanschauung aufgewachsen sind.<\/p>\n\n<p><\/p>\n\n<figure class=\"wp-block-embed is-type-video is-provider-youtube wp-block-embed-youtube wp-embed-aspect-16-9 wp-has-aspect-ratio\"><div class=\"wp-block-embed__wrapper\">\n<iframe title=\"Answering the Questions of Iranian Seekers (1 Minute)\" width=\"500\" height=\"281\" src=\"https:\/\/www.youtube.com\/embed\/ynBhBkZiAC4?feature=oembed\" frameborder=\"0\" allow=\"accelerometer; autoplay; clipboard-write; encrypted-media; gyroscope; picture-in-picture; web-share\" referrerpolicy=\"strict-origin-when-cross-origin\" allowfullscreen><\/iframe>\n<\/div><figcaption class=\"wp-element-caption\">Die Iraner verlassen den Islam und wenden sich aktiv anderen Religionen zu. Sie sind desillusioniert und voller Fragen.&nbsp;Transform Iran &#8216;s erfahrenes Team von Apologeten und Theologen beantwortet sie alle.<\/figcaption><\/figure>\n\n<p><\/p>\n\n<h2 class=\"wp-block-heading has-black-color has-text-color has-link-color wp-elements-3e3c1cbe1c3682fca16af9bffca4798f\"><mark style=\"background-color:rgba(0, 0, 0, 0);color:#b38e44\" class=\"has-inline-color\">Antworten auf die gestellten Fragen<\/mark><\/h2>\n\n<p><\/p>\n\n<p>Transform IranDie Website <a href=\"https:\/\/porpasokh.com\/\">Porpasokh<\/a> (=Fragen &amp; Antworten) zieht jeden Monat Zehntausende von Besuchern an und befasst sich direkt mit den Fragen der Suchenden. Die Themen umfassen Leben, Sinn, Glaube, Theologie, Spiritualit\u00e4t und Philosophie. Unser erfahrenes Team von Apologeten und Theologen beantwortet sie alle. Bei Fragen, die von allgemeinem Interesse sind, werden die Antworten in Form von Artikeln auf der Website ver\u00f6ffentlicht, damit mehr Menschen davon profitieren k\u00f6nnen.  <\/p>\n\n<p>Bis heute wurden mehr als 6.400 Antworten auf wichtige Fragen auf der Website ver\u00f6ffentlicht, und viele sind dadurch zur Rettung gekommen. Die Website wird auch f\u00fcr J\u00fcngerschaft, pers\u00f6nliches Wachstum und die Entwicklung von F\u00fchrungskr\u00e4ften genutzt. Die Gl\u00e4ubigen kommen f\u00fcr sich selbst oder um ihnen bei der Leitung ihrer Kirche und der Evangelisation zu helfen. Leiter von Hauskirchen wenden sich regelm\u00e4\u00dfig an uns, um uns f\u00fcr die Website zu danken. Es ist eine unsch\u00e4tzbare Ressource f\u00fcr sie.<\/p>\n\n<p><\/p>\n\n<h2 class=\"wp-block-heading has-black-color has-text-color has-link-color wp-elements-a4c074ce35abe2c5311cbb8284de187e\"><mark style=\"background-color:rgba(0, 0, 0, 0);color:#b38e44\" class=\"has-inline-color\">Die Macht und Reichweite der Medien nutzen<\/mark><\/h2>\n\n<p><\/p>\n\n<p>Die Website von Porpasokh arbeitet mit einer engagierten Pr\u00e4senz in den sozialen Medien und unterst\u00fctzenden Programmen, die im Satellitenfernsehen ausgestrahlt werden, zusammen, um sicherzustellen, dass Iraner, die Fragen zum Glauben haben, ihre Antworten leicht finden k\u00f6nnen.<\/p>\n\n<p>Rev. Vrezh, der Leiter dieses Dienstes, teilt seine Leidenschaft:<\/p>\n\n<p><\/p>\n\n<blockquote class=\"wp-block-quote is-layout-flow wp-block-quote-is-layout-flow\">\n<p>Ich glaube, dass Jesus selbst in den K\u00f6pfen der Menschen gewirkt hat, nicht nur in ihren Herzen. Er hat sich mit geistigen Festungen auseinandergesetzt und sie entwurzelt. Dann ging er mit seiner m\u00e4chtigen Liebe hinein und heilte sie. Der Apostel Paulus sagt, dass wir die dem Evangelium entgegengesetzten Denkweisen zur Erkenntnis Gottes niederrei\u00dfen m\u00fcssen. Das ist es, was wir tun! Wir erziehen und befreien. Wir entfernen die Festungen in den K\u00f6pfen der Menschen, die sich selbst \u00fcber die Wahrheit des Evangeliums erheben wollen, so dass wir dann in ihr Leben eindringen und die Erl\u00f6sung sehen k\u00f6nnen.<\/p>\n<\/blockquote>\n\n<p><\/p>\n\n<p><strong>Porpasokh hat die Vision einer verwurzelten, wachsenden und gest\u00e4rkten Kirche im Iran und in der Farsi sprechenden Welt, in der Mentalit\u00e4ten und Festungen, die sich dem Evangelium Christi widersetzen, durch die Wahrheit des Wortes Gottes abgebaut und beseitigt werden.  <\/strong><\/p>\n\n<p><\/p>\n\n<p><a href=\"https:\/\/transformiran.com\/de\/auswirkungen\/ausbildung-von-suchtberatern\/\">Lesen Sie, wie Transform Iran Apologeten f\u00fcr den Iran ausbildet<\/a><\/p>\n\n<div class=\"wp-block-columns is-layout-flex wp-container-core-columns-is-layout-9d6595d7 wp-block-columns-is-layout-flex\">\n<div class=\"wp-block-column is-layout-flow wp-block-column-is-layout-flow\">\n<figure class=\"wp-block-image size-large\"><img decoding=\"async\" width=\"1024\" height=\"1024\" src=\"https:\/\/transformiran.com\/app\/uploads\/2025\/02\/1-1024x1024.png\" alt=\"Die Iraner haben die Nase voll von der Religion, die sie kontrolliert und manipuliert hat. Aber die Iraner sind von Natur aus spirituelle Menschen und bleiben hungrig nach der Wahrheit. Der Iran braucht geschulte Apologeten, die verstehen, auf welcher Reise die Iraner sind, die den Islam verlassen und eine Alternative suchen.  \" class=\"wp-image-29176\" style=\"aspect-ratio:1;object-fit:cover\" srcset=\"https:\/\/transformiran.com\/app\/uploads\/2025\/02\/1-1024x1024.png 1024w, https:\/\/transformiran.com\/app\/uploads\/2025\/02\/1-300x300.png 300w, https:\/\/transformiran.com\/app\/uploads\/2025\/02\/1-150x150.png 150w, https:\/\/transformiran.com\/app\/uploads\/2025\/02\/1-768x768.png 768w, https:\/\/transformiran.com\/app\/uploads\/2025\/02\/1-1536x1536.png 1536w, https:\/\/transformiran.com\/app\/uploads\/2025\/02\/1-400x400.png 400w, https:\/\/transformiran.com\/app\/uploads\/2025\/02\/1-600x600.png 600w, https:\/\/transformiran.com\/app\/uploads\/2025\/02\/1.png 1890w\" sizes=\"(max-width: 1024px) 100vw, 1024px\" \/><\/figure>\n<\/div>\n\n\n\n<div class=\"wp-block-column is-layout-flow wp-block-column-is-layout-flow\">\n<figure class=\"wp-block-image size-large\"><img decoding=\"async\" width=\"1024\" height=\"1024\" src=\"https:\/\/transformiran.com\/app\/uploads\/2025\/02\/2-1024x1024.png\" alt=\"\" class=\"wp-image-29183\" style=\"aspect-ratio:1;object-fit:cover\" srcset=\"https:\/\/transformiran.com\/app\/uploads\/2025\/02\/2-1024x1024.png 1024w, https:\/\/transformiran.com\/app\/uploads\/2025\/02\/2-300x300.png 300w, https:\/\/transformiran.com\/app\/uploads\/2025\/02\/2-150x150.png 150w, https:\/\/transformiran.com\/app\/uploads\/2025\/02\/2-768x768.png 768w, https:\/\/transformiran.com\/app\/uploads\/2025\/02\/2-1536x1536.png 1536w, https:\/\/transformiran.com\/app\/uploads\/2025\/02\/2-400x400.png 400w, https:\/\/transformiran.com\/app\/uploads\/2025\/02\/2-600x600.png 600w, https:\/\/transformiran.com\/app\/uploads\/2025\/02\/2.png 1890w\" sizes=\"(max-width: 1024px) 100vw, 1024px\" \/><\/figure>\n<\/div>\n<\/div>\n\n<h2 class=\"wp-block-heading\">Transform Iran f\u00fchrt christliches KI-Tool ein<\/h2>\n\n<p>Am 23. Juli 2025, nach sieben Monaten intensiver Entwicklung und zwei weiteren Monaten sorgf\u00e4ltiger inhaltlicher \u00dcberarbeitung, ver\u00f6ffentlichte Transform Iran <a href=\"https:\/\/ai.porpasokh.com\/\" target=\"_blank\" rel=\"noreferrer noopener\">https:\/\/ai.porpasokh.com,<\/a> die erste iranische christliche KI, die Fragen zu Glaube, Spiritualit\u00e4t, Theologie und Wahrheit sowie herausfordernde Fragen von Muslimen zum Christentum beantworten soll.<\/p>\n\n<p><\/p>\n\n<p>Die internationale Zusammensetzung des Teams von 17 Entwicklern, Forschern und Analysten, die an diesem Projekt arbeiten (darunter auch Mitglieder aus dem Iran), spiegelt sowohl die globale Reichweite der iranischen christlichen Diaspora als auch den f\u00fcr ein Projekt dieser Gr\u00f6\u00dfenordnung notwendigen Gemeinschaftsgeist wider. Die Website ist in 254 Sprachen frei zug\u00e4nglich. Wir laden Sie ein, <a href=\"https:\/\/kairosai.nl\/\" target=\"_blank\" rel=\"noreferrer noopener\">sie auszuprobieren<\/a> und von diesem leistungsstarken christlichen Werkzeug zu profitieren.  <\/p>\n\n<p><\/p>\n\n<p><a href=\"https:\/\/transformiran.com\/de\/unsere-arbeit\/entwicklung-von-fuhrungsqualitaten\/\">Lesen Sie mehr \u00fcber Kairos, das bahnbrechende christliche KI-Tool von Transform Iran<\/a><\/p>\n\n<p><\/p>\n\n<h2 class=\"wp-block-heading\">Zeugnisse der Transformation<\/h2>\n\n<p><\/p>\n\n<blockquote class=\"wp-block-quote is-layout-flow wp-block-quote-is-layout-flow\">\n<p>Ich suchte im Internet, recherchierte und die Taufe wurde f\u00fcr mich zu einem wichtigen Thema. Schlie\u00dflich fand ich die Porpasokh-Website und sah, dass viele Gl\u00e4ubige ihre Fragen stellen und Antworten erhalten. Ich wurde ermutigt und fragte nach der Taufe, und ich erhielt eine E-Mail, in der mir ein Pastor vorgestellt wurde, der meine Fragen beantwortete und mich beriet.<\/p>\n<\/blockquote>\n\n<p><\/p>\n\n<blockquote class=\"wp-block-quote is-layout-flow wp-block-quote-is-layout-flow\">\n<p>Ihre Website hat uns bei der pastoralen Arbeit und bei der Evangelisation geholfen. Wir verweisen die Leute an Sie.<\/p>\n<\/blockquote>\n\n<p><\/p>\n\n<div class=\"wp-block-columns is-layout-flex wp-container-core-columns-is-layout-9d6595d7 wp-block-columns-is-layout-flex\">\n<div class=\"wp-block-column is-layout-flow wp-block-column-is-layout-flow\">\n<figure class=\"wp-block-image size-large\"><img decoding=\"async\" width=\"1024\" height=\"1024\" src=\"https:\/\/transformiran.com\/app\/uploads\/2026\/02\/202602-Salvation-Testimony-Apologetics-Ministry-Amid-Protests-Suffering-and-Scrutiny-1024x1024.jpg\" alt=\"\" class=\"wp-image-35733\" srcset=\"https:\/\/transformiran.com\/app\/uploads\/2026\/02\/202602-Salvation-Testimony-Apologetics-Ministry-Amid-Protests-Suffering-and-Scrutiny-1024x1024.jpg 1024w, https:\/\/transformiran.com\/app\/uploads\/2026\/02\/202602-Salvation-Testimony-Apologetics-Ministry-Amid-Protests-Suffering-and-Scrutiny-300x300.jpg 300w, https:\/\/transformiran.com\/app\/uploads\/2026\/02\/202602-Salvation-Testimony-Apologetics-Ministry-Amid-Protests-Suffering-and-Scrutiny-150x150.jpg 150w, https:\/\/transformiran.com\/app\/uploads\/2026\/02\/202602-Salvation-Testimony-Apologetics-Ministry-Amid-Protests-Suffering-and-Scrutiny-768x768.jpg 768w, https:\/\/transformiran.com\/app\/uploads\/2026\/02\/202602-Salvation-Testimony-Apologetics-Ministry-Amid-Protests-Suffering-and-Scrutiny.jpg 1080w\" sizes=\"(max-width: 1024px) 100vw, 1024px\" \/><\/figure>\n<\/div>\n\n\n\n<div class=\"wp-block-column is-layout-flow wp-block-column-is-layout-flow\">\n<figure class=\"wp-block-image size-large\"><img decoding=\"async\" width=\"1024\" height=\"1024\" src=\"https:\/\/transformiran.com\/app\/uploads\/2026\/02\/20250312-Apologetics-testimonies-for-SM-1-1024x1024.png\" alt=\"\" class=\"wp-image-35741\" srcset=\"https:\/\/transformiran.com\/app\/uploads\/2026\/02\/20250312-Apologetics-testimonies-for-SM-1-1024x1024.png 1024w, https:\/\/transformiran.com\/app\/uploads\/2026\/02\/20250312-Apologetics-testimonies-for-SM-1-300x300.png 300w, https:\/\/transformiran.com\/app\/uploads\/2026\/02\/20250312-Apologetics-testimonies-for-SM-1-150x150.png 150w, https:\/\/transformiran.com\/app\/uploads\/2026\/02\/20250312-Apologetics-testimonies-for-SM-1-768x768.png 768w, https:\/\/transformiran.com\/app\/uploads\/2026\/02\/20250312-Apologetics-testimonies-for-SM-1.png 1080w\" sizes=\"(max-width: 1024px) 100vw, 1024px\" \/><\/figure>\n<\/div>\n<\/div>\n\n<h3 class=\"wp-block-heading has-black-color has-text-color has-link-color wp-elements-746ee18212345c815344e0c338ca145a\">Vom Zweifeln zum Glauben: Arezoos Reise des Glaubens durch das Porpasokh Ministerium<\/h3>\n\n<p><\/p>\n\n<blockquote class=\"wp-block-quote is-layout-flow wp-block-quote-is-layout-flow\">\n<p>Arezoo, die Christus durch den Dienst von Porpasokh kennengelernt hat, erz\u00e4hlte ein eindrucksvolles Zeugnis. Nachdem ihre ersten Fragen beantwortet worden waren, wurde sie mit dem Nachfolgeteam in Verbindung gebracht, das sie weiterhin in der J\u00fcngerschaft anleitete. Durch diese Gespr\u00e4che empfing Arezoo die Wahrheit, gab ihr Herz an Christus und suchte eifrig nach mehr Verst\u00e4ndnis. Bald darauf litt ihr zweij\u00e4hriger Neffe mehrere N\u00e4chte lang an schwerem Reflux. Nacht f\u00fcr Nacht weinte er vor Schmerzen und sein kleiner K\u00f6rper wurde immer schw\u00e4cher, w\u00e4hrend sich sein Zustand verschlimmerte. Arezoos Herz brach, als sie ihn in solchen Qualen sah. In ihrer Verzweiflung betete sie inbr\u00fcnstig, las in der Bibel und bat Gott, ihn zu heilen. Am n\u00e4chsten Morgen geschah ein Wunder: Das Kind wachte v\u00f6llig geheilt auf, a\u00df und spielte wie gewohnt. Seine Mutter war so ger\u00fchrt, dass sie in Tr\u00e4nen ausbrach.        <\/p>\n<\/blockquote>\n\n<p><\/p>\n\n<p><strong>Arezoos Geschichte offenbart eine tiefe Wahrheit &#8211; aufrichtiger Glaube bringt eine barmherzige Antwort von unserem himmlischen Vater. In nur einem Monat, in dem sie Christus durch Porpasokh kennengelernt hat, hat Arezoo aus erster Hand erfahren, dass Gott lebendig ist, ihre Gebete erh\u00f6rt und sie mit Liebe beantwortet. <\/strong><\/p>\n\n<p><\/p>\n\n<p class=\"has-red-color has-text-color has-link-color has-medium-font-size wp-elements-57946ed6ce4451bd877db57b5ba0e384\">Das Porpasokh-Ministerium dient weiterhin als Leuchtfeuer der Hoffnung, gibt Antworten und f\u00f6rdert den Glauben, w\u00e4hrend es eine wachsende Gemeinschaft von Gl\u00e4ubigen im Iran und dar\u00fcber hinaus aufbaut.<\/p>\n\n<div class=\"wp-block-buttons is-content-justification-center is-layout-flex wp-container-core-buttons-is-layout-16018d1d wp-block-buttons-is-layout-flex\">\n<div class=\"wp-block-button\"><a class=\"wp-block-button__link has-white-color has-vivid-red-background-color has-text-color has-background has-link-color wp-element-button\" href=\"https:\/\/transformiran.com\/de\/spenden-sie\/\">Investieren Sie noch heute in die christliche Apologetik auf Farsi<\/a><\/div>\n<\/div>\n\n<p><\/p>\n","protected":false},"excerpt":{"rendered":"<p>Der Bedarf an christlicher Apologetik: Die Fragen der Suchenden mit Wahrheit und Respekt beantworten &#8220;Seien Sie stets bereit, jedem, der Sie nach dem Grund Ihrer Hoffnung fragt, eine Antwort zu geben. Tut dies aber mit Sanftmut und Respekt&#8221; 1 Petrus 3:15 Die christliche Apologetik gibt eine klare und \u00fcberzeugende Antwort auf echte Einw\u00e4nde gegen den [&hellip;]<\/p>\n","protected":false},"author":1,"featured_media":0,"parent":10875,"menu_order":0,"comment_status":"closed","ping_status":"closed","template":"page-work.php","meta":{"_acf_changed":false,"give_campaign_id":0,"om_disable_all_campaigns":false,"_mi_skip_tracking":false,"footnotes":""},"class_list":["post-10872","page","type-page","status-publish","hentry"],"acf":[],"yoast_head":"<!-- This site is optimized with the Yoast SEO plugin v27.3 - https:\/\/yoast.com\/product\/yoast-seo-wordpress\/ -->\n<title>Zentrum f\u00fcr Apologetik - Transform Iran<\/title>\n<meta name=\"robots\" content=\"index, follow, max-snippet:-1, max-image-preview:large, max-video-preview:-1\" \/>\n<link rel=\"canonical\" href=\"https:\/\/transformiran.com\/de\/unsere-arbeit\/zentrum-fuer-apologetik\/\" \/>\n<meta property=\"og:locale\" content=\"de_DE\" \/>\n<meta property=\"og:type\" content=\"article\" \/>\n<meta property=\"og:title\" content=\"Zentrum f\u00fcr Apologetik - Transform Iran\" \/>\n<meta property=\"og:description\" content=\"Der Bedarf an christlicher Apologetik: Die Fragen der Suchenden mit Wahrheit und Respekt beantworten &#8220;Seien Sie stets bereit, jedem, der Sie nach dem Grund Ihrer Hoffnung fragt, eine Antwort zu geben. Tut dies aber mit Sanftmut und Respekt&#8221; 1 Petrus 3:15 Die christliche Apologetik gibt eine klare und \u00fcberzeugende Antwort auf echte Einw\u00e4nde gegen den [&hellip;]\" \/>\n<meta property=\"og:url\" content=\"https:\/\/transformiran.com\/de\/unsere-arbeit\/zentrum-fuer-apologetik\/\" \/>\n<meta property=\"og:site_name\" content=\"Transform Iran\" \/>\n<meta property=\"article:publisher\" content=\"https:\/\/www.facebook.com\/222MinistriesUSAInc\" \/>\n<meta property=\"article:modified_time\" content=\"2026-02-11T15:21:47+00:00\" \/>\n<meta property=\"og:image\" content=\"https:\/\/transformiran.com\/app\/uploads\/2025\/02\/1.png\" \/>\n\t<meta property=\"og:image:width\" content=\"1890\" \/>\n\t<meta property=\"og:image:height\" content=\"1890\" \/>\n\t<meta property=\"og:image:type\" content=\"image\/png\" \/>\n<meta name=\"twitter:card\" content=\"summary_large_image\" \/>\n<meta name=\"twitter:site\" content=\"@222minint\" \/>\n<meta name=\"twitter:label1\" content=\"Gesch\u00e4tzte Lesezeit\" \/>\n\t<meta name=\"twitter:data1\" content=\"5\u00a0Minuten\" \/>\n<script type=\"application\/ld+json\" class=\"yoast-schema-graph\">{\"@context\":\"https:\\\/\\\/schema.org\",\"@graph\":[{\"@type\":\"WebPage\",\"@id\":\"https:\\\/\\\/transformiran.com\\\/de\\\/unsere-arbeit\\\/zentrum-fuer-apologetik\\\/\",\"url\":\"https:\\\/\\\/transformiran.com\\\/de\\\/unsere-arbeit\\\/zentrum-fuer-apologetik\\\/\",\"name\":\"Zentrum f\u00fcr Apologetik - Transform Iran\",\"isPartOf\":{\"@id\":\"https:\\\/\\\/transformiran.com\\\/de\\\/#website\"},\"primaryImageOfPage\":{\"@id\":\"https:\\\/\\\/transformiran.com\\\/de\\\/unsere-arbeit\\\/zentrum-fuer-apologetik\\\/#primaryimage\"},\"image\":{\"@id\":\"https:\\\/\\\/transformiran.com\\\/de\\\/unsere-arbeit\\\/zentrum-fuer-apologetik\\\/#primaryimage\"},\"thumbnailUrl\":\"https:\\\/\\\/transformiran.com\\\/app\\\/uploads\\\/2025\\\/02\\\/1-1024x1024.png\",\"datePublished\":\"2022-11-03T12:20:57+00:00\",\"dateModified\":\"2026-02-11T15:21:47+00:00\",\"breadcrumb\":{\"@id\":\"https:\\\/\\\/transformiran.com\\\/de\\\/unsere-arbeit\\\/zentrum-fuer-apologetik\\\/#breadcrumb\"},\"inLanguage\":\"de\",\"potentialAction\":[{\"@type\":\"ReadAction\",\"target\":[\"https:\\\/\\\/transformiran.com\\\/de\\\/unsere-arbeit\\\/zentrum-fuer-apologetik\\\/\"]}]},{\"@type\":\"ImageObject\",\"inLanguage\":\"de\",\"@id\":\"https:\\\/\\\/transformiran.com\\\/de\\\/unsere-arbeit\\\/zentrum-fuer-apologetik\\\/#primaryimage\",\"url\":\"https:\\\/\\\/transformiran.com\\\/app\\\/uploads\\\/2025\\\/02\\\/1-1024x1024.png\",\"contentUrl\":\"https:\\\/\\\/transformiran.com\\\/app\\\/uploads\\\/2025\\\/02\\\/1-1024x1024.png\"},{\"@type\":\"BreadcrumbList\",\"@id\":\"https:\\\/\\\/transformiran.com\\\/de\\\/unsere-arbeit\\\/zentrum-fuer-apologetik\\\/#breadcrumb\",\"itemListElement\":[{\"@type\":\"ListItem\",\"position\":1,\"name\":\"Home\",\"item\":\"https:\\\/\\\/transformiran.com\\\/de\\\/startseite\\\/\"},{\"@type\":\"ListItem\",\"position\":2,\"name\":\"Unsere Arbeit\",\"item\":\"https:\\\/\\\/transformiran.com\\\/de\\\/unsere-arbeit\\\/\"},{\"@type\":\"ListItem\",\"position\":3,\"name\":\"Zentrum f\u00fcr Apologetik\"}]},{\"@type\":\"WebSite\",\"@id\":\"https:\\\/\\\/transformiran.com\\\/de\\\/#website\",\"url\":\"https:\\\/\\\/transformiran.com\\\/de\\\/\",\"name\":\"Transform Iran\",\"description\":\"Bringing the love and power of Christ to Iran - and beyond\",\"publisher\":{\"@id\":\"https:\\\/\\\/transformiran.com\\\/de\\\/#organization\"},\"potentialAction\":[{\"@type\":\"SearchAction\",\"target\":{\"@type\":\"EntryPoint\",\"urlTemplate\":\"https:\\\/\\\/transformiran.com\\\/de\\\/?s={search_term_string}\"},\"query-input\":{\"@type\":\"PropertyValueSpecification\",\"valueRequired\":true,\"valueName\":\"search_term_string\"}}],\"inLanguage\":\"de\"},{\"@type\":\"Organization\",\"@id\":\"https:\\\/\\\/transformiran.com\\\/de\\\/#organization\",\"name\":\"Transform Iran\",\"url\":\"https:\\\/\\\/transformiran.com\\\/de\\\/\",\"logo\":{\"@type\":\"ImageObject\",\"inLanguage\":\"de\",\"@id\":\"https:\\\/\\\/transformiran.com\\\/de\\\/#\\\/schema\\\/logo\\\/image\\\/\",\"url\":\"https:\\\/\\\/transformiran.com\\\/app\\\/uploads\\\/2022\\\/11\\\/logo_grey.jpg\",\"contentUrl\":\"https:\\\/\\\/transformiran.com\\\/app\\\/uploads\\\/2022\\\/11\\\/logo_grey.jpg\",\"width\":528,\"height\":90,\"caption\":\"Transform Iran\"},\"image\":{\"@id\":\"https:\\\/\\\/transformiran.com\\\/de\\\/#\\\/schema\\\/logo\\\/image\\\/\"},\"sameAs\":[\"https:\\\/\\\/www.facebook.com\\\/222MinistriesUSAInc\",\"https:\\\/\\\/x.com\\\/222minint\",\"https:\\\/\\\/www.instagram.com\\\/222ministriesinternational\\\/\"]}]}<\/script>\n<!-- \/ Yoast SEO plugin. -->","yoast_head_json":{"title":"Zentrum f\u00fcr Apologetik - Transform Iran","robots":{"index":"index","follow":"follow","max-snippet":"max-snippet:-1","max-image-preview":"max-image-preview:large","max-video-preview":"max-video-preview:-1"},"canonical":"https:\/\/transformiran.com\/de\/unsere-arbeit\/zentrum-fuer-apologetik\/","og_locale":"de_DE","og_type":"article","og_title":"Zentrum f\u00fcr Apologetik - Transform Iran","og_description":"Der Bedarf an christlicher Apologetik: Die Fragen der Suchenden mit Wahrheit und Respekt beantworten &#8220;Seien Sie stets bereit, jedem, der Sie nach dem Grund Ihrer Hoffnung fragt, eine Antwort zu geben. Tut dies aber mit Sanftmut und Respekt&#8221; 1 Petrus 3:15 Die christliche Apologetik gibt eine klare und \u00fcberzeugende Antwort auf echte Einw\u00e4nde gegen den [&hellip;]","og_url":"https:\/\/transformiran.com\/de\/unsere-arbeit\/zentrum-fuer-apologetik\/","og_site_name":"Transform Iran","article_publisher":"https:\/\/www.facebook.com\/222MinistriesUSAInc","article_modified_time":"2026-02-11T15:21:47+00:00","og_image":[{"width":1890,"height":1890,"url":"https:\/\/transformiran.com\/app\/uploads\/2025\/02\/1.png","type":"image\/png"}],"twitter_card":"summary_large_image","twitter_site":"@222minint","twitter_misc":{"Gesch\u00e4tzte Lesezeit":"5\u00a0Minuten"},"schema":{"@context":"https:\/\/schema.org","@graph":[{"@type":"WebPage","@id":"https:\/\/transformiran.com\/de\/unsere-arbeit\/zentrum-fuer-apologetik\/","url":"https:\/\/transformiran.com\/de\/unsere-arbeit\/zentrum-fuer-apologetik\/","name":"Zentrum f\u00fcr Apologetik - Transform Iran","isPartOf":{"@id":"https:\/\/transformiran.com\/de\/#website"},"primaryImageOfPage":{"@id":"https:\/\/transformiran.com\/de\/unsere-arbeit\/zentrum-fuer-apologetik\/#primaryimage"},"image":{"@id":"https:\/\/transformiran.com\/de\/unsere-arbeit\/zentrum-fuer-apologetik\/#primaryimage"},"thumbnailUrl":"https:\/\/transformiran.com\/app\/uploads\/2025\/02\/1-1024x1024.png","datePublished":"2022-11-03T12:20:57+00:00","dateModified":"2026-02-11T15:21:47+00:00","breadcrumb":{"@id":"https:\/\/transformiran.com\/de\/unsere-arbeit\/zentrum-fuer-apologetik\/#breadcrumb"},"inLanguage":"de","potentialAction":[{"@type":"ReadAction","target":["https:\/\/transformiran.com\/de\/unsere-arbeit\/zentrum-fuer-apologetik\/"]}]},{"@type":"ImageObject","inLanguage":"de","@id":"https:\/\/transformiran.com\/de\/unsere-arbeit\/zentrum-fuer-apologetik\/#primaryimage","url":"https:\/\/transformiran.com\/app\/uploads\/2025\/02\/1-1024x1024.png","contentUrl":"https:\/\/transformiran.com\/app\/uploads\/2025\/02\/1-1024x1024.png"},{"@type":"BreadcrumbList","@id":"https:\/\/transformiran.com\/de\/unsere-arbeit\/zentrum-fuer-apologetik\/#breadcrumb","itemListElement":[{"@type":"ListItem","position":1,"name":"Home","item":"https:\/\/transformiran.com\/de\/startseite\/"},{"@type":"ListItem","position":2,"name":"Unsere Arbeit","item":"https:\/\/transformiran.com\/de\/unsere-arbeit\/"},{"@type":"ListItem","position":3,"name":"Zentrum f\u00fcr Apologetik"}]},{"@type":"WebSite","@id":"https:\/\/transformiran.com\/de\/#website","url":"https:\/\/transformiran.com\/de\/","name":"Transform Iran","description":"Bringing the love and power of Christ to Iran - and beyond","publisher":{"@id":"https:\/\/transformiran.com\/de\/#organization"},"potentialAction":[{"@type":"SearchAction","target":{"@type":"EntryPoint","urlTemplate":"https:\/\/transformiran.com\/de\/?s={search_term_string}"},"query-input":{"@type":"PropertyValueSpecification","valueRequired":true,"valueName":"search_term_string"}}],"inLanguage":"de"},{"@type":"Organization","@id":"https:\/\/transformiran.com\/de\/#organization","name":"Transform Iran","url":"https:\/\/transformiran.com\/de\/","logo":{"@type":"ImageObject","inLanguage":"de","@id":"https:\/\/transformiran.com\/de\/#\/schema\/logo\/image\/","url":"https:\/\/transformiran.com\/app\/uploads\/2022\/11\/logo_grey.jpg","contentUrl":"https:\/\/transformiran.com\/app\/uploads\/2022\/11\/logo_grey.jpg","width":528,"height":90,"caption":"Transform Iran"},"image":{"@id":"https:\/\/transformiran.com\/de\/#\/schema\/logo\/image\/"},"sameAs":["https:\/\/www.facebook.com\/222MinistriesUSAInc","https:\/\/x.com\/222minint","https:\/\/www.instagram.com\/222ministriesinternational\/"]}]}},"campaignId":"","_links":{"self":[{"href":"https:\/\/transformiran.com\/de\/wp-json\/wp\/v2\/pages\/10872","targetHints":{"allow":["GET"]}}],"collection":[{"href":"https:\/\/transformiran.com\/de\/wp-json\/wp\/v2\/pages"}],"about":[{"href":"https:\/\/transformiran.com\/de\/wp-json\/wp\/v2\/types\/page"}],"author":[{"embeddable":true,"href":"https:\/\/transformiran.com\/de\/wp-json\/wp\/v2\/users\/1"}],"replies":[{"embeddable":true,"href":"https:\/\/transformiran.com\/de\/wp-json\/wp\/v2\/comments?post=10872"}],"version-history":[{"count":6,"href":"https:\/\/transformiran.com\/de\/wp-json\/wp\/v2\/pages\/10872\/revisions"}],"predecessor-version":[{"id":35752,"href":"https:\/\/transformiran.com\/de\/wp-json\/wp\/v2\/pages\/10872\/revisions\/35752"}],"up":[{"embeddable":true,"href":"https:\/\/transformiran.com\/de\/wp-json\/wp\/v2\/pages\/10875"}],"wp:attachment":[{"href":"https:\/\/transformiran.com\/de\/wp-json\/wp\/v2\/media?parent=10872"}],"curies":[{"name":"wp","href":"https:\/\/api.w.org\/{rel}","templated":true}]}}