{"id":11067,"date":"2022-11-03T12:18:06","date_gmt":"2022-11-03T12:18:06","guid":{"rendered":"https:\/\/transformiran.com\/unsere-arbeit\/gemeindegruendung\/"},"modified":"2025-04-02T10:57:03","modified_gmt":"2025-04-02T09:57:03","slug":"gemeindegruendung","status":"publish","type":"page","link":"https:\/\/transformiran.com\/de\/unsere-arbeit\/gemeindegruendung\/","title":{"rendered":"Gemeindegr\u00fcndung"},"content":{"rendered":"\n<p>&#8220;Ich werde meine Kirche bauen, und die Pforten des Hades[c] werden sie nicht \u00fcberw\u00e4ltigen.&#8221; Matth\u00e4us 16:18<\/p>\n\n<p><\/p>\n\n<h2 class=\"wp-block-heading has-text-color has-link-color wp-elements-3bde1eff5cc36161d55567f73dc79c8f\" style=\"color:#b38e44\">Glaube und Kirchenwachstum im Iran<\/h2>\n\n<p>In seinem Kern ist Transform Iran ein Gemeindegr\u00fcndungsdienst. Die Gemeinde ist die Braut Christi und ein wundersch\u00f6ner Abglanz der Herrlichkeit, Liebe und Macht Christi f\u00fcr eine Welt, die einen Erl\u00f6ser braucht. Transform Iran Gemeinden (bekannt als &#8216;222 Gemeinden&#8217;) werden auf den Prinzipien von 2. Timotheus 2:2 aufgebaut, wobei die J\u00fcngerschaft im Mittelpunkt steht und fruchtbare, geisterf\u00fcllte, gesalbte Leiter entwickelt werden. Leiter, die die Verlorenen wirklich lieben und den Leib Christi zu einer die Nation ver\u00e4ndernden Mission aktivieren.   <\/p>\n\n<p><mark style=\"background-color:rgba(0, 0, 0, 0);color:#b38e44\" class=\"has-inline-color\">Die Vision ist es, in jeder Stadt im Iran bl\u00fchende, sich vervielf\u00e4ltigende Kirchen zu gr\u00fcnden, zu pflegen und zu wachsen, und zwar in den Herzenssprachen aller Volksgruppen des Irans. So wird die Botschaft des Evangeliums von allen Iranern klar verstanden und aufgenommen, und die Gemeinschaft der Heiligen ist f\u00fcr alle zug\u00e4nglich.  <\/mark><\/p>\n\n<p><\/p>\n\n<h2 class=\"wp-block-heading has-text-color has-link-color wp-elements-0afe3d49e3ce0b348977ff7e342949a7\" style=\"color:#b38e44\">Die iranische Kirche ist f\u00fcr die Mission ger\u00fcstet<\/h2>\n\n<p>Transform Iran gr\u00fcndet Kirchen, die im Wort Gottes verwurzelt sind, die gest\u00e4rkt, mit Ressourcen ausgestattet und ausger\u00fcstet sind und die sich aktiv an der Mission zur Ver\u00e4nderung des Landes beteiligen.  <\/p>\n\n<p><mark style=\"background-color:rgba(0, 0, 0, 0);color:#b38e44\" class=\"has-inline-color\">Unsere Familie der &#8216;222 Kirchen&#8217; erstreckt sich \u00fcber 18 L\u00e4nder, darunter Hunderte von Kirchen in mehr als 50 St\u00e4dten im Iran.  <\/mark><\/p>\n\n<p>Die Kirchen in der Diaspora beteiligen sich aktiv an der Mission, den Iran zu erreichen, indem sie sich ehrenamtlich engagieren und f\u00fcr die verschiedenen Projekte und Initiativen von Transform Iran arbeiten.  <\/p>\n\n<p>Auch die Kirchen im Iran sind trotz der Risiken, denen sie ausgesetzt sind, aktiv in der Mission t\u00e4tig.  <mark style=\"background-color:rgba(0, 0, 0, 0);color:#b38e44\" class=\"has-inline-color\">Das Herz f\u00fcr die Verlorenen \u00fcberwiegt jede Angst vor der Gefahr.  <\/mark><\/p>\n\n<p><\/p>\n\n<p><a href=\"https:\/\/transformiran.com\/de\/unsere-arbeit\/digitale-kirche\/\">Lesen Sie \u00fcber unsere digitale Kirche, die monatlich mehr als 20.000 Iraner mit einer sicheren christlichen Gemeinschaft verbindet.<\/a><\/p>\n\n<p><\/p>\n\n<figure class=\"wp-block-gallery has-nested-images columns-default is-cropped wp-block-gallery-1 is-layout-flex wp-block-gallery-is-layout-flex\">\n<figure class=\"wp-block-image size-full\"><img loading=\"lazy\" decoding=\"async\" width=\"3000\" height=\"2562\" data-id=\"25950\" src=\"https:\/\/transformiran.com\/app\/uploads\/2024\/09\/LeadDev09_19-26-scaled.jpeg\" alt=\"\" class=\"wp-image-25950\" srcset=\"https:\/\/transformiran.com\/app\/uploads\/2024\/09\/LeadDev09_19-26-scaled.jpeg 3000w, https:\/\/transformiran.com\/app\/uploads\/2024\/09\/LeadDev09_19-26-300x256.jpeg 300w, https:\/\/transformiran.com\/app\/uploads\/2024\/09\/LeadDev09_19-26-1024x875.jpeg 1024w, https:\/\/transformiran.com\/app\/uploads\/2024\/09\/LeadDev09_19-26-768x656.jpeg 768w, https:\/\/transformiran.com\/app\/uploads\/2024\/09\/LeadDev09_19-26-1536x1312.jpeg 1536w, https:\/\/transformiran.com\/app\/uploads\/2024\/09\/LeadDev09_19-26-2048x1749.jpeg 2048w\" sizes=\"auto, (max-width: 3000px) 100vw, 3000px\" \/><\/figure>\n\n\n\n<figure class=\"wp-block-image size-full\"><img loading=\"lazy\" decoding=\"async\" width=\"1024\" height=\"576\" data-id=\"25943\" src=\"https:\/\/transformiran.com\/app\/uploads\/2024\/09\/OCJ-2023_Armenia_a.jpg\" alt=\"\" class=\"wp-image-25943\" srcset=\"https:\/\/transformiran.com\/app\/uploads\/2024\/09\/OCJ-2023_Armenia_a.jpg 1024w, https:\/\/transformiran.com\/app\/uploads\/2024\/09\/OCJ-2023_Armenia_a-300x169.jpg 300w, https:\/\/transformiran.com\/app\/uploads\/2024\/09\/OCJ-2023_Armenia_a-768x432.jpg 768w\" sizes=\"auto, (max-width: 1024px) 100vw, 1024px\" \/><\/figure>\n<\/figure>\n\n<p><\/p>\n\n<h2 class=\"wp-block-heading has-text-color has-link-color wp-elements-0a24ea80d7bac87c64de11346895b030\" style=\"color:#b38e44\">\u00dcbernat\u00fcrliche Begegnungen und organisches Kirchenwachstum<\/h2>\n\n<p>Der Geist Gottes ist heute im Iran am Werk und die Kirche ist aktiv und w\u00e4chst schneller als je zuvor &#8211; manche sagen, schneller als irgendwo sonst auf der Welt.  <\/p>\n\n<p><\/p>\n\n<p>Nachdem sie jahrzehntelang unter staatlicher Unterdr\u00fcckung und einer islamischen Theokratie gelebt haben, sind die Iraner verzweifelt hungrig nach der Wahrheit und suchen aktiv nach ihr; sie suchen nach der Botschaft, die ihre Regierung so hartn\u00e4ckig unterdr\u00fcckt. Es ist f\u00fcr Iraner illegal, den Islam zu verlassen, aber Jesus durchbricht alle Barrieren und erreicht die Muslime direkt durch Tr\u00e4ume und \u00fcbernat\u00fcrliche Begegnungen. Er befreit sie von S\u00fcchten, heilt Krankheiten und stellt Beziehungen wieder her. Familie und Freunde sehen ein ver\u00e4ndertes Leben und wollen mehr wissen. Je mehr Menschen dem Leib hinzugef\u00fcgt werden, desto mehr Hauskirchen werden organisch gegr\u00fcndet.    <\/p>\n\n<p><\/p>\n\n<p>Vor der Islamischen Revolution von 1979 gab es nur Hunderte von Gl\u00e4ubigen mit muslimischem Hintergrund, jetzt sind es \u00fcber eine MILLION!<\/p>\n\n<p><\/p>\n\n<figure class=\"wp-block-embed is-type-video is-provider-youtube wp-block-embed-youtube wp-embed-aspect-16-9 wp-has-aspect-ratio\"><div class=\"wp-block-embed__wrapper\">\n<iframe loading=\"lazy\" title=\"The Church in Iran: A Light In The Darkness (2-Minute Reel)\" width=\"500\" height=\"281\" src=\"https:\/\/www.youtube.com\/embed\/l_atkc85C2s?feature=oembed\" frameborder=\"0\" allow=\"accelerometer; autoplay; clipboard-write; encrypted-media; gyroscope; picture-in-picture; web-share\" referrerpolicy=\"strict-origin-when-cross-origin\" allowfullscreen><\/iframe>\n<\/div><figcaption class=\"wp-element-caption\">Es ist f\u00fcr Iraner illegal, den Islam zu verlassen, und doch w\u00e4chst die Kirche im Iran schneller als irgendwo sonst auf der Welt.<\/figcaption><\/figure>\n\n<div class=\"wp-block-buttons is-layout-flex wp-block-buttons-is-layout-flex\">\n<div class=\"wp-block-button\"><a class=\"wp-block-button__link has-white-color has-vivid-red-background-color has-text-color has-background has-link-color wp-element-button\" href=\"https:\/\/transformiran.com\/de\/anmeldung-zum-newsletter\/\"><strong>Wachsen Sie im Glauben: Erhalten Sie monatliche Zeugnisse von der verfolgten Kirche im Iran<\/strong><\/a><\/div>\n<\/div>\n\n<p><\/p>\n\n<h2 class=\"wp-block-heading has-text-color has-link-color wp-elements-5b625b59c0f1358dadc672e92d6fd811\" style=\"color:#b38e44\">Unterst\u00fctzung f\u00fcr die iranische Hauskirchen-Bewegung<\/h2>\n\n<p>Transform Iran bietet eine breite Palette von <a href=\"https:\/\/transformiran.com\/de\/unsere-arbeit\/medien\/\">Medien<\/a>, die den Suchenden das Evangelium nahebringen und zum pers\u00f6nlichen Kontakt mit unserem engagierten Betreuungsteam einladen. Ausgebildete Seelsorger beten f\u00fcr Menschen in Not, f\u00fchren Suchende zu Christus und bieten 1: <a href=\"https:\/\/transformiran.com\/de\/unsere-arbeit\/juengerschaft\/\">1-J\u00fcngerschaft<\/a> an.   <\/p>\n\n<p><\/p>\n\n<p>Auf diesem Weg der J\u00fcngerschaft werden Themen wie Evangelisation, Apologetik und Gemeindegr\u00fcndung behandelt &#8211; denn oft wird die Person, die in der J\u00fcngerschaft steht, durch diesen Prozess ungewollt zu einem Gemeindegr\u00fcnder.<\/p>\n\n<p><\/p>\n\n<blockquote class=\"wp-block-quote is-layout-flow wp-block-quote-is-layout-flow\">\n<p>So oft kommt es vor, dass der Berater anruft und die Person sagt: &#8220;Ich habe all meinen Freunden und meiner Familie erz\u00e4hlt, was Sie mir gesagt haben, und jetzt hoffe ich, dass es Ihnen nichts ausmacht, dass ich Sie auf den Lautsprecher gestellt habe und dass 30 von uns im Raum sind und wir es alle wissen wollen. So gr\u00fcndet jemand, der erst vor vier oder f\u00fcnf Monaten gl\u00e4ubig geworden ist, versehentlich eine neue Hauskirche. <\/p>\n<\/blockquote>\n\n<p><br\/>Wenn sich die Beziehung entwickelt, geben wir ihnen Anleitung, wie sie sich um diese &#8216;Hauskirche&#8217; k\u00fcmmern k\u00f6nnen. Die meisten Gemeinden im Iran werden auf diese Weise gegr\u00fcndet. Echte Menschen, die ein authentisches Leben f\u00fchren, leuchten f\u00fcr Jesus und das f\u00e4ngt an, sich auszubreiten und neue Gemeinden zu gr\u00fcnden.  <\/p>\n\n<p><\/p>\n\n<figure class=\"wp-block-embed is-type-video is-provider-youtube wp-block-embed-youtube wp-embed-aspect-16-9 wp-has-aspect-ratio\"><div class=\"wp-block-embed__wrapper\">\n<iframe loading=\"lazy\" title=\"Jesus Makes Himself Known to Muslims (90-Second Reel)\" width=\"500\" height=\"281\" src=\"https:\/\/www.youtube.com\/embed\/6ppYVjwmtwA?feature=oembed\" frameborder=\"0\" allow=\"accelerometer; autoplay; clipboard-write; encrypted-media; gyroscope; picture-in-picture; web-share\" referrerpolicy=\"strict-origin-when-cross-origin\" allowfullscreen><\/iframe>\n<\/div><figcaption class=\"wp-element-caption\">Die meisten Zeugnisse von muslimischen Bekehrungen zum Christentum beruhen auf einer \u00fcbernat\u00fcrlichen Begegnung mit Jesus.<\/figcaption><\/figure>\n\n<h2 class=\"wp-block-heading has-text-color has-link-color wp-elements-1b5f87ad6d8b48d7ca2878cf2c86da81\" style=\"color:#b38e44\">Die verfolgte Kirche im Iran: Ein Licht, das in der Dunkelheit leuchtet<\/h2>\n\n<p><\/p>\n\n<p>&#8220;Das Licht scheint in der Finsternis, und die Finsternis hat es nicht \u00fcberwunden.&#8221; Johannes 1:5 <\/p>\n\n<p><\/p>\n\n<p>Der Iran ist in eine dichte Dunkelheit aus Verfolgung, Unterdr\u00fcckung, Propaganda und religi\u00f6ser Kontrolle geh\u00fcllt. Wenn also das Licht Jesu leuchtet, ist es besonders hell. Wo es Unruhe und Hoffnungslosigkeit gibt, haben Christen einen Frieden, der das Verst\u00e4ndnis \u00fcbersteigt; wo es Verzweiflung gibt, haben Christen Freude. Wenn Gemeinschaften erleben, wie sich das Leben auf \u00fcbernat\u00fcrliche Weise und authentisch durch Jesus ver\u00e4ndert, k\u00f6nnen sie nicht anders, als zu fragen, wie das geschehen konnte.   <\/p>\n\n<p><\/p>\n\n<p>Die Strafen f\u00fcr die Abkehr vom Islam sind hart. Daher riskieren iranische Christen alles, um Jesus zu folgen, und ihr Glaube wird auf eine harte Probe gestellt, die wir im Westen nicht nachvollziehen k\u00f6nnen. Ihre Beziehung zu Jesus wird wahrhaft kostbar und unbezahlbar und ist es wert, daf\u00fcr zu sterben. Es gibt keine lauwarmen Christen im Iran.   <\/p>\n\n<p><\/p>\n\n<p><a href=\"https:\/\/transformiran.com\/de\/unsere-arbeit\/digitale-kirche\/\">Lesen Sie \u00fcber unsere digitale Kirche, die monatlich mehr als 20.000 Iraner mit einer sicheren christlichen Gemeinschaft verbindet.<\/a><\/p>\n\n<p><\/p>\n\n<h2 class=\"wp-block-heading has-text-color has-link-color wp-elements-8cbf981afaa0a9efc71699155e10229e\" style=\"color:#b38e44\">Kirche im Auftrag: Muslimischer Kleriker wendet sich Christus zu<\/h2>\n\n<blockquote class=\"wp-block-quote is-layout-flow wp-block-quote-is-layout-flow\">\n<p>Ich war ein Mullah, der Religionsunterricht gab. Vor zwei Jahren erfuhr ich, dass ich Brustkrebs hatte. Ich hatte Kontakt zu einem der Pastoren, der mich mit Jesus bekannt machte, und trotz meiner Krankheit wurde in meinem Herzen ein Hoffnungsschimmer entz\u00fcndet, dass ich geheilt werden w\u00fcrde. W\u00e4hrend meiner Behandlung half mir die Kirche sehr mit Lehren, Gebeten und auch mit emotionaler und finanzieller Hilfe.  <\/p>\n\n\n\n<p>Heute bin ich vollst\u00e4ndig geheilt und mit Hilfe des Ministeriums absolviere ich einen Universit\u00e4tskurs, um Lehrer zu werden und die j\u00fcngere Generation mit Jesus bekannt zu machen.  <\/p>\n\n\n\n<p>In den letzten zwei Jahren, in denen ich Gott kenne, habe ich erkannt, dass er mein Versorger und ein gro\u00dfer und liebender Gott ist. Ich habe seine Gegenwart jeden Tag in meinem Leben gesp\u00fcrt, und obwohl ich ein muslimischer Geistlicher war, hatte ich nie dieses Gef\u00fchl der Gegenwart Gottes, das ich jetzt habe. Mein Herr Jesus Christus f\u00fchrt und lehrt mich und hat mir ein neues Leben geschenkt. Jetzt bin ich sehr gl\u00fccklich, ihn in meinem Leben zu haben, ich sp\u00fcre seine Gegenwart jeden Tag und \u00fcberall, und ich bin so froh, dass er mich erw\u00e4hlt hat, den wahren Gott kennenzulernen.<\/p>\n<\/blockquote>\n\n<div class=\"wp-block-buttons is-layout-flex wp-block-buttons-is-layout-flex\">\n<div class=\"wp-block-button\"><a class=\"wp-block-button__link has-white-color has-vivid-red-background-color has-text-color has-background has-link-color has-text-align-center wp-element-button\" href=\"https:\/\/transformiran.com\/de\/anmeldung-zum-newsletter\/\"><strong>Wachsen Sie im Glauben: Erhalten Sie monatliche Zeugnisse von der verfolgten Kirche im Iran<\/strong><\/a><\/div>\n<\/div>\n\n<p><\/p>\n\n<p><\/p>\n","protected":false},"excerpt":{"rendered":"<p>&#8220;Ich werde meine Kirche bauen, und die Pforten des Hades[c] werden sie nicht \u00fcberw\u00e4ltigen.&#8221; Matth\u00e4us 16:18 Glaube und Kirchenwachstum im Iran In seinem Kern ist Transform Iran ein Gemeindegr\u00fcndungsdienst. Die Gemeinde ist die Braut Christi und ein wundersch\u00f6ner Abglanz der Herrlichkeit, Liebe und Macht Christi f\u00fcr eine Welt, die einen Erl\u00f6ser braucht. Transform Iran Gemeinden [&hellip;]<\/p>\n","protected":false},"author":1,"featured_media":0,"parent":10875,"menu_order":0,"comment_status":"closed","ping_status":"closed","template":"page-work.php","meta":{"_acf_changed":false,"give_campaign_id":0,"om_disable_all_campaigns":false,"_mi_skip_tracking":false,"footnotes":""},"class_list":["post-11067","page","type-page","status-publish","hentry"],"acf":[],"yoast_head":"<!-- This site is optimized with the Yoast SEO plugin v27.3 - https:\/\/yoast.com\/product\/yoast-seo-wordpress\/ -->\n<title>Gemeindegr\u00fcndung - Transform Iran<\/title>\n<meta name=\"robots\" content=\"index, follow, max-snippet:-1, max-image-preview:large, max-video-preview:-1\" \/>\n<link rel=\"canonical\" href=\"https:\/\/transformiran.com\/de\/unsere-arbeit\/gemeindegruendung\/\" \/>\n<meta property=\"og:locale\" content=\"de_DE\" \/>\n<meta property=\"og:type\" content=\"article\" \/>\n<meta property=\"og:title\" content=\"Gemeindegr\u00fcndung - Transform Iran\" \/>\n<meta property=\"og:description\" content=\"&#8220;Ich werde meine Kirche bauen, und die Pforten des Hades[c] werden sie nicht \u00fcberw\u00e4ltigen.&#8221; Matth\u00e4us 16:18 Glaube und Kirchenwachstum im Iran In seinem Kern ist Transform Iran ein Gemeindegr\u00fcndungsdienst. Die Gemeinde ist die Braut Christi und ein wundersch\u00f6ner Abglanz der Herrlichkeit, Liebe und Macht Christi f\u00fcr eine Welt, die einen Erl\u00f6ser braucht. Transform Iran Gemeinden [&hellip;]\" \/>\n<meta property=\"og:url\" content=\"https:\/\/transformiran.com\/de\/unsere-arbeit\/gemeindegruendung\/\" \/>\n<meta property=\"og:site_name\" content=\"Transform Iran\" \/>\n<meta property=\"article:publisher\" content=\"https:\/\/www.facebook.com\/222MinistriesUSAInc\" \/>\n<meta property=\"article:modified_time\" content=\"2025-04-02T09:57:03+00:00\" \/>\n<meta property=\"og:image\" content=\"https:\/\/transformiran.com\/app\/uploads\/2024\/09\/LeadDev09_19-26-scaled.jpeg\" \/>\n\t<meta property=\"og:image:width\" content=\"3000\" \/>\n\t<meta property=\"og:image:height\" content=\"2562\" \/>\n\t<meta property=\"og:image:type\" content=\"image\/jpeg\" \/>\n<meta name=\"twitter:card\" content=\"summary_large_image\" \/>\n<meta name=\"twitter:site\" content=\"@222minint\" \/>\n<meta name=\"twitter:label1\" content=\"Gesch\u00e4tzte Lesezeit\" \/>\n\t<meta name=\"twitter:data1\" content=\"6\u00a0Minuten\" \/>\n<script type=\"application\/ld+json\" class=\"yoast-schema-graph\">{\"@context\":\"https:\\\/\\\/schema.org\",\"@graph\":[{\"@type\":\"WebPage\",\"@id\":\"https:\\\/\\\/transformiran.com\\\/de\\\/unsere-arbeit\\\/gemeindegruendung\\\/\",\"url\":\"https:\\\/\\\/transformiran.com\\\/de\\\/unsere-arbeit\\\/gemeindegruendung\\\/\",\"name\":\"Gemeindegr\u00fcndung - Transform Iran\",\"isPartOf\":{\"@id\":\"https:\\\/\\\/transformiran.com\\\/de\\\/#website\"},\"primaryImageOfPage\":{\"@id\":\"https:\\\/\\\/transformiran.com\\\/de\\\/unsere-arbeit\\\/gemeindegruendung\\\/#primaryimage\"},\"image\":{\"@id\":\"https:\\\/\\\/transformiran.com\\\/de\\\/unsere-arbeit\\\/gemeindegruendung\\\/#primaryimage\"},\"thumbnailUrl\":\"https:\\\/\\\/transformiran.com\\\/app\\\/uploads\\\/2024\\\/09\\\/LeadDev09_19-26-scaled.jpeg\",\"datePublished\":\"2022-11-03T12:18:06+00:00\",\"dateModified\":\"2025-04-02T09:57:03+00:00\",\"breadcrumb\":{\"@id\":\"https:\\\/\\\/transformiran.com\\\/de\\\/unsere-arbeit\\\/gemeindegruendung\\\/#breadcrumb\"},\"inLanguage\":\"de\",\"potentialAction\":[{\"@type\":\"ReadAction\",\"target\":[\"https:\\\/\\\/transformiran.com\\\/de\\\/unsere-arbeit\\\/gemeindegruendung\\\/\"]}]},{\"@type\":\"ImageObject\",\"inLanguage\":\"de\",\"@id\":\"https:\\\/\\\/transformiran.com\\\/de\\\/unsere-arbeit\\\/gemeindegruendung\\\/#primaryimage\",\"url\":\"https:\\\/\\\/transformiran.com\\\/app\\\/uploads\\\/2024\\\/09\\\/LeadDev09_19-26-scaled.jpeg\",\"contentUrl\":\"https:\\\/\\\/transformiran.com\\\/app\\\/uploads\\\/2024\\\/09\\\/LeadDev09_19-26-scaled.jpeg\"},{\"@type\":\"BreadcrumbList\",\"@id\":\"https:\\\/\\\/transformiran.com\\\/de\\\/unsere-arbeit\\\/gemeindegruendung\\\/#breadcrumb\",\"itemListElement\":[{\"@type\":\"ListItem\",\"position\":1,\"name\":\"Home\",\"item\":\"https:\\\/\\\/transformiran.com\\\/de\\\/startseite\\\/\"},{\"@type\":\"ListItem\",\"position\":2,\"name\":\"Unsere Arbeit\",\"item\":\"https:\\\/\\\/transformiran.com\\\/de\\\/unsere-arbeit\\\/\"},{\"@type\":\"ListItem\",\"position\":3,\"name\":\"Gemeindegr\u00fcndung\"}]},{\"@type\":\"WebSite\",\"@id\":\"https:\\\/\\\/transformiran.com\\\/de\\\/#website\",\"url\":\"https:\\\/\\\/transformiran.com\\\/de\\\/\",\"name\":\"Transform Iran\",\"description\":\"Bringing the love and power of Christ to Iran - and beyond\",\"publisher\":{\"@id\":\"https:\\\/\\\/transformiran.com\\\/de\\\/#organization\"},\"potentialAction\":[{\"@type\":\"SearchAction\",\"target\":{\"@type\":\"EntryPoint\",\"urlTemplate\":\"https:\\\/\\\/transformiran.com\\\/de\\\/?s={search_term_string}\"},\"query-input\":{\"@type\":\"PropertyValueSpecification\",\"valueRequired\":true,\"valueName\":\"search_term_string\"}}],\"inLanguage\":\"de\"},{\"@type\":\"Organization\",\"@id\":\"https:\\\/\\\/transformiran.com\\\/de\\\/#organization\",\"name\":\"Transform Iran\",\"url\":\"https:\\\/\\\/transformiran.com\\\/de\\\/\",\"logo\":{\"@type\":\"ImageObject\",\"inLanguage\":\"de\",\"@id\":\"https:\\\/\\\/transformiran.com\\\/de\\\/#\\\/schema\\\/logo\\\/image\\\/\",\"url\":\"https:\\\/\\\/transformiran.com\\\/app\\\/uploads\\\/2022\\\/11\\\/logo_grey.jpg\",\"contentUrl\":\"https:\\\/\\\/transformiran.com\\\/app\\\/uploads\\\/2022\\\/11\\\/logo_grey.jpg\",\"width\":528,\"height\":90,\"caption\":\"Transform Iran\"},\"image\":{\"@id\":\"https:\\\/\\\/transformiran.com\\\/de\\\/#\\\/schema\\\/logo\\\/image\\\/\"},\"sameAs\":[\"https:\\\/\\\/www.facebook.com\\\/222MinistriesUSAInc\",\"https:\\\/\\\/x.com\\\/222minint\",\"https:\\\/\\\/www.instagram.com\\\/222ministriesinternational\\\/\"]}]}<\/script>\n<!-- \/ Yoast SEO plugin. -->","yoast_head_json":{"title":"Gemeindegr\u00fcndung - Transform Iran","robots":{"index":"index","follow":"follow","max-snippet":"max-snippet:-1","max-image-preview":"max-image-preview:large","max-video-preview":"max-video-preview:-1"},"canonical":"https:\/\/transformiran.com\/de\/unsere-arbeit\/gemeindegruendung\/","og_locale":"de_DE","og_type":"article","og_title":"Gemeindegr\u00fcndung - Transform Iran","og_description":"&#8220;Ich werde meine Kirche bauen, und die Pforten des Hades[c] werden sie nicht \u00fcberw\u00e4ltigen.&#8221; Matth\u00e4us 16:18 Glaube und Kirchenwachstum im Iran In seinem Kern ist Transform Iran ein Gemeindegr\u00fcndungsdienst. Die Gemeinde ist die Braut Christi und ein wundersch\u00f6ner Abglanz der Herrlichkeit, Liebe und Macht Christi f\u00fcr eine Welt, die einen Erl\u00f6ser braucht. Transform Iran Gemeinden [&hellip;]","og_url":"https:\/\/transformiran.com\/de\/unsere-arbeit\/gemeindegruendung\/","og_site_name":"Transform Iran","article_publisher":"https:\/\/www.facebook.com\/222MinistriesUSAInc","article_modified_time":"2025-04-02T09:57:03+00:00","og_image":[{"width":3000,"height":2562,"url":"https:\/\/transformiran.com\/app\/uploads\/2024\/09\/LeadDev09_19-26-scaled.jpeg","type":"image\/jpeg"}],"twitter_card":"summary_large_image","twitter_site":"@222minint","twitter_misc":{"Gesch\u00e4tzte Lesezeit":"6\u00a0Minuten"},"schema":{"@context":"https:\/\/schema.org","@graph":[{"@type":"WebPage","@id":"https:\/\/transformiran.com\/de\/unsere-arbeit\/gemeindegruendung\/","url":"https:\/\/transformiran.com\/de\/unsere-arbeit\/gemeindegruendung\/","name":"Gemeindegr\u00fcndung - Transform Iran","isPartOf":{"@id":"https:\/\/transformiran.com\/de\/#website"},"primaryImageOfPage":{"@id":"https:\/\/transformiran.com\/de\/unsere-arbeit\/gemeindegruendung\/#primaryimage"},"image":{"@id":"https:\/\/transformiran.com\/de\/unsere-arbeit\/gemeindegruendung\/#primaryimage"},"thumbnailUrl":"https:\/\/transformiran.com\/app\/uploads\/2024\/09\/LeadDev09_19-26-scaled.jpeg","datePublished":"2022-11-03T12:18:06+00:00","dateModified":"2025-04-02T09:57:03+00:00","breadcrumb":{"@id":"https:\/\/transformiran.com\/de\/unsere-arbeit\/gemeindegruendung\/#breadcrumb"},"inLanguage":"de","potentialAction":[{"@type":"ReadAction","target":["https:\/\/transformiran.com\/de\/unsere-arbeit\/gemeindegruendung\/"]}]},{"@type":"ImageObject","inLanguage":"de","@id":"https:\/\/transformiran.com\/de\/unsere-arbeit\/gemeindegruendung\/#primaryimage","url":"https:\/\/transformiran.com\/app\/uploads\/2024\/09\/LeadDev09_19-26-scaled.jpeg","contentUrl":"https:\/\/transformiran.com\/app\/uploads\/2024\/09\/LeadDev09_19-26-scaled.jpeg"},{"@type":"BreadcrumbList","@id":"https:\/\/transformiran.com\/de\/unsere-arbeit\/gemeindegruendung\/#breadcrumb","itemListElement":[{"@type":"ListItem","position":1,"name":"Home","item":"https:\/\/transformiran.com\/de\/startseite\/"},{"@type":"ListItem","position":2,"name":"Unsere Arbeit","item":"https:\/\/transformiran.com\/de\/unsere-arbeit\/"},{"@type":"ListItem","position":3,"name":"Gemeindegr\u00fcndung"}]},{"@type":"WebSite","@id":"https:\/\/transformiran.com\/de\/#website","url":"https:\/\/transformiran.com\/de\/","name":"Transform Iran","description":"Bringing the love and power of Christ to Iran - and beyond","publisher":{"@id":"https:\/\/transformiran.com\/de\/#organization"},"potentialAction":[{"@type":"SearchAction","target":{"@type":"EntryPoint","urlTemplate":"https:\/\/transformiran.com\/de\/?s={search_term_string}"},"query-input":{"@type":"PropertyValueSpecification","valueRequired":true,"valueName":"search_term_string"}}],"inLanguage":"de"},{"@type":"Organization","@id":"https:\/\/transformiran.com\/de\/#organization","name":"Transform Iran","url":"https:\/\/transformiran.com\/de\/","logo":{"@type":"ImageObject","inLanguage":"de","@id":"https:\/\/transformiran.com\/de\/#\/schema\/logo\/image\/","url":"https:\/\/transformiran.com\/app\/uploads\/2022\/11\/logo_grey.jpg","contentUrl":"https:\/\/transformiran.com\/app\/uploads\/2022\/11\/logo_grey.jpg","width":528,"height":90,"caption":"Transform Iran"},"image":{"@id":"https:\/\/transformiran.com\/de\/#\/schema\/logo\/image\/"},"sameAs":["https:\/\/www.facebook.com\/222MinistriesUSAInc","https:\/\/x.com\/222minint","https:\/\/www.instagram.com\/222ministriesinternational\/"]}]}},"campaignId":"","_links":{"self":[{"href":"https:\/\/transformiran.com\/de\/wp-json\/wp\/v2\/pages\/11067","targetHints":{"allow":["GET"]}}],"collection":[{"href":"https:\/\/transformiran.com\/de\/wp-json\/wp\/v2\/pages"}],"about":[{"href":"https:\/\/transformiran.com\/de\/wp-json\/wp\/v2\/types\/page"}],"author":[{"embeddable":true,"href":"https:\/\/transformiran.com\/de\/wp-json\/wp\/v2\/users\/1"}],"replies":[{"embeddable":true,"href":"https:\/\/transformiran.com\/de\/wp-json\/wp\/v2\/comments?post=11067"}],"version-history":[{"count":0,"href":"https:\/\/transformiran.com\/de\/wp-json\/wp\/v2\/pages\/11067\/revisions"}],"up":[{"embeddable":true,"href":"https:\/\/transformiran.com\/de\/wp-json\/wp\/v2\/pages\/10875"}],"wp:attachment":[{"href":"https:\/\/transformiran.com\/de\/wp-json\/wp\/v2\/media?parent=11067"}],"curies":[{"name":"wp","href":"https:\/\/api.w.org\/{rel}","templated":true}]}}