{"id":11068,"date":"2022-11-03T12:21:27","date_gmt":"2022-11-03T12:21:27","guid":{"rendered":"https:\/\/transformiran.com\/unsere-arbeit\/perle-von-persien\/"},"modified":"2025-04-02T10:56:27","modified_gmt":"2025-04-02T09:56:27","slug":"perle-von-persien","status":"publish","type":"page","link":"https:\/\/transformiran.com\/de\/unsere-arbeit\/perle-von-persien\/","title":{"rendered":"Perle von Persien"},"content":{"rendered":"\n<div class=\"wp-block-buttons is-content-justification-center is-layout-flex wp-container-core-buttons-is-layout-16018d1d wp-block-buttons-is-layout-flex\">\n<div class=\"wp-block-button\"><a class=\"wp-block-button__link has-white-color has-vivid-red-background-color has-text-color has-background has-link-color wp-element-button\" href=\"https:\/\/transformiran.com\/de\/spenden-sie\/\">Unterst\u00fctzen Sie die Arbeit von Pearl of Persia noch heute!<\/a><\/div>\n<\/div>\n\n<p><\/p>\n\n<p>Pearl of Persia will die gebrochenen Menschen im Iran mit der Liebe und der Kraft des Evangeliums erreichen. Dass die 5 Millionen Prostituierten, Opfer sexueller S\u00fcnde und Drogenabh\u00e4ngigen im Iran gerettet, geheilt, wiederhergestellt und verwandelt werden.<\/p>\n\n<p><\/p>\n\n<p>Der Iran steht vor einer gro\u00df angelegten Erweckung und einem Vormarsch der Kirche. Doch selbst nach 30-40 Jahren solchen Wachstums ist die Kirche immer noch nicht in der Lage, den Millionen von Drogenabh\u00e4ngigen, Prostituierten und Opfern sexuellen Missbrauchs, die in hoffnungslosen Verh\u00e4ltnissen leben, kompetent und angemessen zu helfen.<\/p>\n\n<p><\/p>\n\n<p>Wir brauchen eine besser ausgestattete, besser vorbereitete Kirche. Wenn wir wollen, dass der Iran durch die Liebe und die Kraft des Evangeliums ver\u00e4ndert wird, k\u00f6nnen wir diesen Teil der Gesellschaft nicht ausgrenzen. Dazu geh\u00f6ren die Verlorenen, die sich an die liebende, rettende Kraft Jesu wenden, um aus ihrer hoffnungslosen Lage herauszukommen, und die Geretteten, die noch Beratung und Hilfe brauchen, um wirklich geheilt und vom Trauma ihrer Vergangenheit befreit zu werden.<\/p>\n\n<p><\/p>\n\n<p>Pearl bringt eine Botschaft der Hoffnung, qualitativ hochwertige fachliche Beratung und Unterst\u00fctzung f\u00fcr diejenigen, die sich von einem Lebensstil der Sucht und Selbstzerst\u00f6rung befreien wollen. Die Aufgabe besteht darin, die Familie wiederherzustellen.<\/p>\n\n<div class=\"wp-block-buttons is-content-justification-center is-layout-flex wp-container-core-buttons-is-layout-16018d1d wp-block-buttons-is-layout-flex\">\n<div class=\"wp-block-button\"><a class=\"wp-block-button__link has-white-color has-vivid-red-background-color has-text-color has-background has-link-color wp-element-button\" href=\"https:\/\/transformiran.com\/de\/lernen-sie\/prostitution-eheschliessungen-mit-minderjaehrigen-und-drogensucht-im-iran\/\">Lesen Sie die verheerende Realit\u00e4t der Prostitution, der Ehen von Minderj\u00e4hrigen und der Drogensucht im Iran<\/a><\/div>\n<\/div>\n\n<p>Der Bedarf ist gro\u00df. Und es ist nicht etwas, das auf die &#8220;Ausgesto\u00dfenen&#8221; der Gesellschaft beschr\u00e4nkt ist oder etwas, das mit einer Reha-Klinik gel\u00f6st werden kann. Sie geht viel tiefer. Dies ist eine Krise der Kultur. Prostitution, Missbrauch, Sucht und Depression sind in Familien und Ehen verwoben. Sie sind in das Gef\u00fcge der Familie eingedrungen und zerst\u00f6ren Leben, ohne R\u00fccksicht auf Bildung oder sozialen Status. Das iranische AIDS-Forschungszentrum, eine Wohlfahrtsorganisation, behauptet, dass 50 % der Frauen im Iran, die der Prostitution nachgehen, Hausfrauen sind.<\/p>\n\n<p><\/p>\n\n<p>Tausende von M\u00e4dchen im Alter zwischen 5 und 14 Jahren werden jedes Jahr zwangsverheiratet, und es wird von Schwangerschaften im Alter von 10 Jahren berichtet, was zu einer wachsenden Zahl von geschiedenen und nun mittellosen jungen M\u00e4dchen f\u00fchrt. In Ahvaz, einer Stadt im S\u00fcdwesten Irans, werden Berichten zufolge jeden Tag ein bis drei M\u00e4dchen unter 15 Jahren verheiratet. Die Leiterin des Frauenkomitees im Gouvernorat Ahvaz (Pooneh Pilram) erkl\u00e4rte <em>: &#8220;Wenn eine Familie nicht f\u00fcr ihre Kinder sorgen kann, entledigt sie sich zuerst ihrer Tochter&#8221;.<\/em><\/p>\n\n<p><\/p>\n\n<p>Es gibt keine zuverl\u00e4ssigen Statistiken \u00fcber die Zahl der Betroffenen, aber die verschiedenen Studien zeichnen ein verheerendes Bild eines gebrochenen Volkes:<\/p>\n\n<p><\/p>\n\n<ul class=\"wp-block-list\">\n<li>Die Prostitution beginnt im Alter von 12 Jahren &#8211; mehr als 1 Million Iranerinnen sind in dieser Welt gefangen. Die &#8220;Sighe&#8221;-Ehe legalisiert die Vergewaltigung von M\u00e4dchen jeden Alters.<\/li>\n\n\n\n<li>Kinderehen machen ein F\u00fcnftel aller Eheschlie\u00dfungen aus, wobei M\u00e4dchen bereits im Alter von f\u00fcnf Jahren verheiratet werden. Jedes Jahr werden Hunderte von Babys von M\u00fcttern im Alter von 10-14 Jahren geboren.<\/li>\n\n\n\n<li>Ein ernstes nationales Drogenproblem betrifft mehr als 4,4 Millionen Iraner.<\/li>\n\n\n\n<li>18-22 Millionen Iraner (21-25 % der Bev\u00f6lkerung) leiden an psychischen St\u00f6rungen oder Entwicklungsst\u00f6rungen, insbesondere an Depressionen und Angstzust\u00e4nden. Im Jahr 2021 gab der iranische Gesundheitsminister bekannt, dass 25 % der Iraner klinisch depressiv sind. Am 3. September 2023 erkl\u00e4rte Ahmad Jalili, der Leiter der iranischen Psychiatrievereinigung, dass &#8220;nach durchgef\u00fchrten Untersuchungen die Depressionsrate unter den in Teheran lebenden B\u00fcrgern bei fast 34 Prozent liegt&#8221;.<\/li>\n\n\n\n<li>Die Selbstmordrate ist in den letzten 20 Jahren um 44 % gestiegen.<\/li>\n\n\n\n<li>Die Iraner sind ein zutiefst traumatisiertes Volk, das Hoffnung und Heilung braucht.<\/li>\n<\/ul>\n\n<p><\/p>\n\n<p>Pearl of Persia ist ein Dienst der Heilung und Hoffnung f\u00fcr Opfer von Traumata, sexuellem Missbrauch, Drogenmissbrauch und Suchtkrankheiten. Pearl setzt sich auch daf\u00fcr ein, dass die vielen zerr\u00fctteten Familien und Ehen im Iran wiederhergestellt werden.<\/p>\n\n<div class=\"wp-block-buttons is-content-justification-center is-layout-flex wp-container-core-buttons-is-layout-16018d1d wp-block-buttons-is-layout-flex\">\n<div class=\"wp-block-button\"><a class=\"wp-block-button__link has-white-color has-vivid-red-background-color has-text-color has-background has-link-color wp-element-button\" href=\"https:\/\/transformiran.com\/de\/auswirkungen\/wie-ein-instagram-post-meine-ehe-rettete\/\">Erfahren Sie, wie ein &#8220;Perlen&#8221;-Posting in den sozialen Medien eine Ehe rettete und ein Paar zur Erl\u00f6sung f\u00fchrte<\/a><\/div>\n<\/div>\n\n<p>Es ist an der Zeit, dass die Kirche einen besseren Weg aufzeigt, die iranische Jugend wieder aufbaut und die Integrit\u00e4t der Familieneinheit im Iran wiederherstellt. Wir verk\u00fcnden die gute Nachricht in einer Weise, die diesen Teil der Gesellschaft direkt anspricht, wir bieten fachliche Beratung und praktische Unterst\u00fctzung.  <\/p>\n\n<p>[Video auf dieser Seite eingef\u00fcgt: Pearl of Persia Working Kids]  <\/p>\n\n<blockquote class=\"wp-block-quote is-layout-flow wp-block-quote-is-layout-flow\">\n<p>Wie kann ich meine Geschichte in wenigen Worten erz\u00e4hlen? Ich habe in meiner Kindheit schrecklichen Missbrauch erlebt. Das hatte zur Folge, dass ich in Beziehungen mit vielen M\u00e4nnern landete (einschlie\u00dflich Sighe). Ich war gefangen in einem Kreislauf aus Stehlen, L\u00fcgen und mehr. Eines Tages suchte ich nach Fernsehkan\u00e4len und fand die Sendungen von Pearl of Persia. Ich rief an und sprach mit einem Berater. Sie erkl\u00e4rte mir viele Dinge. Ich \u00fcbergab mein Leben Jesus, erhielt eine 1:1-Beratung durch die Beraterin von Pearl of Persia und fand meine Freiheit wieder. Mit der Ermutigung meines Beraters lernte ich etwas \u00fcber Hautpflege und Schmuckherstellung und gr\u00fcndete mein eigenes Unternehmen. Ich konnte die Freude dar\u00fcber, was Jesus f\u00fcr mich getan hatte, nicht fassen. Ich begann, den Menschen um mich herum Zeugnis zu geben. Zu diesem Zeitpunkt hatte ich bereits ein erfolgreiches Unternehmen aufgebaut und begann, anderen zu helfen. Die Regierung sah dies und verhaftete mich. Sie haben mich wegen meiner Evangelisation ins Gef\u00e4ngnis geworfen und mir mein Gesch\u00e4ft weggenommen. Nach meiner Freilassung floh ich in die T\u00fcrkei. Das war vor 4 Jahren. Ich bin jetzt in Istanbul. Transform Iran hat mir in all diesen Jahren zur Seite gestanden. Sie haben mir bei der Wohnungssuche geholfen und ich erhalte Beratung und Heilung f\u00fcr das Trauma all der Jahre zuvor. Ich w\u00fcrde gerne hauptberuflich f\u00fcr Pearl of Persia arbeiten und anderen wie mir helfen, indem ich Frauen bei der Gr\u00fcndung ihres eigenen Unternehmens berate.<\/p>\n<\/blockquote>\n\n<div class=\"wp-block-buttons is-content-justification-center is-layout-flex wp-container-core-buttons-is-layout-16018d1d wp-block-buttons-is-layout-flex\">\n<div class=\"wp-block-button\"><a class=\"wp-block-button__link has-white-color has-vivid-red-background-color has-text-color has-background has-link-color wp-element-button\" href=\"https:\/\/transformiran.com\/de\/spenden-sie\/\">Sie k\u00f6nnen die Arbeit von Pearl unterst\u00fctzen, indem Sie heute hier spenden<\/a><\/div>\n<\/div>\n","protected":false},"excerpt":{"rendered":"<p>Pearl of Persia will die gebrochenen Menschen im Iran mit der Liebe und der Kraft des Evangeliums erreichen. Dass die 5 Millionen Prostituierten, Opfer sexueller S\u00fcnde und Drogenabh\u00e4ngigen im Iran gerettet, geheilt, wiederhergestellt und verwandelt werden. Der Iran steht vor einer gro\u00df angelegten Erweckung und einem Vormarsch der Kirche. Doch selbst nach 30-40 Jahren solchen [&hellip;]<\/p>\n","protected":false},"author":1,"featured_media":0,"parent":10875,"menu_order":0,"comment_status":"closed","ping_status":"closed","template":"page-work.php","meta":{"_acf_changed":false,"give_campaign_id":0,"om_disable_all_campaigns":false,"_mi_skip_tracking":false,"footnotes":""},"class_list":["post-11068","page","type-page","status-publish","hentry"],"acf":[],"yoast_head":"<!-- This site is optimized with the Yoast SEO plugin v27.2 - https:\/\/yoast.com\/product\/yoast-seo-wordpress\/ -->\n<title>Perle von Persien - Transform Iran<\/title>\n<meta name=\"robots\" content=\"index, follow, max-snippet:-1, max-image-preview:large, max-video-preview:-1\" \/>\n<link rel=\"canonical\" href=\"https:\/\/transformiran.com\/de\/unsere-arbeit\/perle-von-persien\/\" \/>\n<meta property=\"og:locale\" content=\"de_DE\" \/>\n<meta property=\"og:type\" content=\"article\" \/>\n<meta property=\"og:title\" content=\"Perle von Persien - Transform Iran\" \/>\n<meta property=\"og:description\" content=\"Pearl of Persia will die gebrochenen Menschen im Iran mit der Liebe und der Kraft des Evangeliums erreichen. Dass die 5 Millionen Prostituierten, Opfer sexueller S\u00fcnde und Drogenabh\u00e4ngigen im Iran gerettet, geheilt, wiederhergestellt und verwandelt werden. Der Iran steht vor einer gro\u00df angelegten Erweckung und einem Vormarsch der Kirche. Doch selbst nach 30-40 Jahren solchen [&hellip;]\" \/>\n<meta property=\"og:url\" content=\"https:\/\/transformiran.com\/de\/unsere-arbeit\/perle-von-persien\/\" \/>\n<meta property=\"og:site_name\" content=\"Transform Iran\" \/>\n<meta property=\"article:publisher\" content=\"https:\/\/www.facebook.com\/222MinistriesUSAInc\" \/>\n<meta property=\"article:modified_time\" content=\"2025-04-02T09:56:27+00:00\" \/>\n<meta name=\"twitter:card\" content=\"summary_large_image\" \/>\n<meta name=\"twitter:site\" content=\"@222minint\" \/>\n<meta name=\"twitter:label1\" content=\"Gesch\u00e4tzte Lesezeit\" \/>\n\t<meta name=\"twitter:data1\" content=\"5\u00a0Minuten\" \/>\n<script type=\"application\/ld+json\" class=\"yoast-schema-graph\">{\"@context\":\"https:\/\/schema.org\",\"@graph\":[{\"@type\":\"WebPage\",\"@id\":\"https:\/\/transformiran.com\/de\/unsere-arbeit\/perle-von-persien\/\",\"url\":\"https:\/\/transformiran.com\/de\/unsere-arbeit\/perle-von-persien\/\",\"name\":\"Perle von Persien - Transform Iran\",\"isPartOf\":{\"@id\":\"https:\/\/transformiran.com\/de\/#website\"},\"datePublished\":\"2022-11-03T12:21:27+00:00\",\"dateModified\":\"2025-04-02T09:56:27+00:00\",\"breadcrumb\":{\"@id\":\"https:\/\/transformiran.com\/de\/unsere-arbeit\/perle-von-persien\/#breadcrumb\"},\"inLanguage\":\"de\",\"potentialAction\":[{\"@type\":\"ReadAction\",\"target\":[\"https:\/\/transformiran.com\/de\/unsere-arbeit\/perle-von-persien\/\"]}]},{\"@type\":\"BreadcrumbList\",\"@id\":\"https:\/\/transformiran.com\/de\/unsere-arbeit\/perle-von-persien\/#breadcrumb\",\"itemListElement\":[{\"@type\":\"ListItem\",\"position\":1,\"name\":\"Home\",\"item\":\"https:\/\/transformiran.com\/de\/startseite\/\"},{\"@type\":\"ListItem\",\"position\":2,\"name\":\"Unsere Arbeit\",\"item\":\"https:\/\/transformiran.com\/de\/unsere-arbeit\/\"},{\"@type\":\"ListItem\",\"position\":3,\"name\":\"Perle von Persien\"}]},{\"@type\":\"WebSite\",\"@id\":\"https:\/\/transformiran.com\/de\/#website\",\"url\":\"https:\/\/transformiran.com\/de\/\",\"name\":\"Transform Iran\",\"description\":\"Bringing the love and power of Christ to Iran - and beyond\",\"publisher\":{\"@id\":\"https:\/\/transformiran.com\/de\/#organization\"},\"potentialAction\":[{\"@type\":\"SearchAction\",\"target\":{\"@type\":\"EntryPoint\",\"urlTemplate\":\"https:\/\/transformiran.com\/de\/?s={search_term_string}\"},\"query-input\":{\"@type\":\"PropertyValueSpecification\",\"valueRequired\":true,\"valueName\":\"search_term_string\"}}],\"inLanguage\":\"de\"},{\"@type\":\"Organization\",\"@id\":\"https:\/\/transformiran.com\/de\/#organization\",\"name\":\"Transform Iran\",\"url\":\"https:\/\/transformiran.com\/de\/\",\"logo\":{\"@type\":\"ImageObject\",\"inLanguage\":\"de\",\"@id\":\"https:\/\/transformiran.com\/de\/#\/schema\/logo\/image\/\",\"url\":\"https:\/\/transformiran.com\/app\/uploads\/2022\/11\/logo_grey.jpg\",\"contentUrl\":\"https:\/\/transformiran.com\/app\/uploads\/2022\/11\/logo_grey.jpg\",\"width\":528,\"height\":90,\"caption\":\"Transform Iran\"},\"image\":{\"@id\":\"https:\/\/transformiran.com\/de\/#\/schema\/logo\/image\/\"},\"sameAs\":[\"https:\/\/www.facebook.com\/222MinistriesUSAInc\",\"https:\/\/x.com\/222minint\",\"https:\/\/www.instagram.com\/222ministriesinternational\/\"]}]}<\/script>\n<!-- \/ Yoast SEO plugin. -->","yoast_head_json":{"title":"Perle von Persien - Transform Iran","robots":{"index":"index","follow":"follow","max-snippet":"max-snippet:-1","max-image-preview":"max-image-preview:large","max-video-preview":"max-video-preview:-1"},"canonical":"https:\/\/transformiran.com\/de\/unsere-arbeit\/perle-von-persien\/","og_locale":"de_DE","og_type":"article","og_title":"Perle von Persien - Transform Iran","og_description":"Pearl of Persia will die gebrochenen Menschen im Iran mit der Liebe und der Kraft des Evangeliums erreichen. Dass die 5 Millionen Prostituierten, Opfer sexueller S\u00fcnde und Drogenabh\u00e4ngigen im Iran gerettet, geheilt, wiederhergestellt und verwandelt werden. Der Iran steht vor einer gro\u00df angelegten Erweckung und einem Vormarsch der Kirche. Doch selbst nach 30-40 Jahren solchen [&hellip;]","og_url":"https:\/\/transformiran.com\/de\/unsere-arbeit\/perle-von-persien\/","og_site_name":"Transform Iran","article_publisher":"https:\/\/www.facebook.com\/222MinistriesUSAInc","article_modified_time":"2025-04-02T09:56:27+00:00","twitter_card":"summary_large_image","twitter_site":"@222minint","twitter_misc":{"Gesch\u00e4tzte Lesezeit":"5\u00a0Minuten"},"schema":{"@context":"https:\/\/schema.org","@graph":[{"@type":"WebPage","@id":"https:\/\/transformiran.com\/de\/unsere-arbeit\/perle-von-persien\/","url":"https:\/\/transformiran.com\/de\/unsere-arbeit\/perle-von-persien\/","name":"Perle von Persien - Transform Iran","isPartOf":{"@id":"https:\/\/transformiran.com\/de\/#website"},"datePublished":"2022-11-03T12:21:27+00:00","dateModified":"2025-04-02T09:56:27+00:00","breadcrumb":{"@id":"https:\/\/transformiran.com\/de\/unsere-arbeit\/perle-von-persien\/#breadcrumb"},"inLanguage":"de","potentialAction":[{"@type":"ReadAction","target":["https:\/\/transformiran.com\/de\/unsere-arbeit\/perle-von-persien\/"]}]},{"@type":"BreadcrumbList","@id":"https:\/\/transformiran.com\/de\/unsere-arbeit\/perle-von-persien\/#breadcrumb","itemListElement":[{"@type":"ListItem","position":1,"name":"Home","item":"https:\/\/transformiran.com\/de\/startseite\/"},{"@type":"ListItem","position":2,"name":"Unsere Arbeit","item":"https:\/\/transformiran.com\/de\/unsere-arbeit\/"},{"@type":"ListItem","position":3,"name":"Perle von Persien"}]},{"@type":"WebSite","@id":"https:\/\/transformiran.com\/de\/#website","url":"https:\/\/transformiran.com\/de\/","name":"Transform Iran","description":"Bringing the love and power of Christ to Iran - and beyond","publisher":{"@id":"https:\/\/transformiran.com\/de\/#organization"},"potentialAction":[{"@type":"SearchAction","target":{"@type":"EntryPoint","urlTemplate":"https:\/\/transformiran.com\/de\/?s={search_term_string}"},"query-input":{"@type":"PropertyValueSpecification","valueRequired":true,"valueName":"search_term_string"}}],"inLanguage":"de"},{"@type":"Organization","@id":"https:\/\/transformiran.com\/de\/#organization","name":"Transform Iran","url":"https:\/\/transformiran.com\/de\/","logo":{"@type":"ImageObject","inLanguage":"de","@id":"https:\/\/transformiran.com\/de\/#\/schema\/logo\/image\/","url":"https:\/\/transformiran.com\/app\/uploads\/2022\/11\/logo_grey.jpg","contentUrl":"https:\/\/transformiran.com\/app\/uploads\/2022\/11\/logo_grey.jpg","width":528,"height":90,"caption":"Transform Iran"},"image":{"@id":"https:\/\/transformiran.com\/de\/#\/schema\/logo\/image\/"},"sameAs":["https:\/\/www.facebook.com\/222MinistriesUSAInc","https:\/\/x.com\/222minint","https:\/\/www.instagram.com\/222ministriesinternational\/"]}]}},"campaignId":"","_links":{"self":[{"href":"https:\/\/transformiran.com\/de\/wp-json\/wp\/v2\/pages\/11068","targetHints":{"allow":["GET"]}}],"collection":[{"href":"https:\/\/transformiran.com\/de\/wp-json\/wp\/v2\/pages"}],"about":[{"href":"https:\/\/transformiran.com\/de\/wp-json\/wp\/v2\/types\/page"}],"author":[{"embeddable":true,"href":"https:\/\/transformiran.com\/de\/wp-json\/wp\/v2\/users\/1"}],"replies":[{"embeddable":true,"href":"https:\/\/transformiran.com\/de\/wp-json\/wp\/v2\/comments?post=11068"}],"version-history":[{"count":0,"href":"https:\/\/transformiran.com\/de\/wp-json\/wp\/v2\/pages\/11068\/revisions"}],"up":[{"embeddable":true,"href":"https:\/\/transformiran.com\/de\/wp-json\/wp\/v2\/pages\/10875"}],"wp:attachment":[{"href":"https:\/\/transformiran.com\/de\/wp-json\/wp\/v2\/media?parent=11068"}],"curies":[{"name":"wp","href":"https:\/\/api.w.org\/{rel}","templated":true}]}}