{"id":11069,"date":"2022-11-04T11:02:40","date_gmt":"2022-11-04T11:02:40","guid":{"rendered":"https:\/\/transformiran.com\/unsere-geschichte\/"},"modified":"2026-04-10T00:30:09","modified_gmt":"2026-04-09T23:30:09","slug":"unsere-geschichte","status":"publish","type":"page","link":"https:\/\/transformiran.com\/de\/unsere-geschichte\/","title":{"rendered":"Unsere Geschichte"},"content":{"rendered":"\n<p><\/p>\n\n<h2 class=\"wp-block-heading\">Ein Verm\u00e4chtnis des Glaubens: Die Geschichte hinter Transform Iran<\/h2>\n\n<p>Lazarus und Maggie Yeghnazar sind im Iran geboren und aufgewachsen und haben der iranischen Kirche ihr ganzes Leben lang gedient. Im Jahr 1988 sp\u00fcrten sie den Ruf Gottes, ihre junge Familie nach Westen zu bringen. Mit dieser Entscheidung haben sie gerungen, da ihr Herz an den Iran und die dort zunehmend verfolgte Kirche gebunden ist. In ihren eigenen Worten: &#8220;Wir wollten unsere Herde nicht im Stich lassen&#8221;. Doch durch eine Reihe von \u00fcbernat\u00fcrlichen Eingriffen machte Gott ihnen und den Pastoren, die sie respektieren, klar, dass er einen anderen Plan f\u00fcr sie hatte.  <\/p>\n\n<h3 class=\"wp-block-heading\">Ein prophetisches Mandat<\/h3>\n\n<p>Im Gehorsam reisten sie 1988 nach Europa. Nach ihrem Umzug sprach Gott:<\/p>\n\n<p><\/p>\n\n<blockquote class=\"wp-block-quote is-layout-flow wp-block-quote-is-layout-flow\">\n<p>Die Kirche im Iran wird bald in den Untergrund getrieben werden. Doch eines Tages wird der Iran f\u00fcr das Evangelium offen sein. Ihre Aufgabe ist es, der iranischen Kirche zu helfen, sich auf diese \u00d6ffnung und die damit verbundene Ernte vorzubereiten. Ziehen Sie Leiter heran, die den Staffelstab weitergeben und andere heranziehen k\u00f6nnen. Bereiten Sie die Arbeiter vor. Machen Sie die Menschen bereit!     <\/p>\n<\/blockquote>\n\n<p><\/p>\n\n<h3 class=\"wp-block-heading\">Eine verstreute Kirche vereinen<\/h3>\n\n<p><\/p>\n\n<p>Sie begannen damit, die wachsende Zahl iranischer Christen, die in den Westen auswanderten, zu vereinen und sie f\u00fcr ihr Land, den Iran, neu zu begeistern. Im Jahr 1991 versammelten sie eine gro\u00dfe Zahl verstreuter iranischer Christen zu einer Konferenz in D\u00e4nemark. Dies wurde zu einer wichtigen Zeit der Gemeinschaft und Nachfolge, in der sie gemeinsam beteten und von Gott h\u00f6rten. Als die Gemeinschaft wuchs, sahen Lazarus und Maggie die Notwendigkeit, einen gemeinsamen Namen einzuf\u00fchren, um alle Teile zu vereinen. W\u00e4hrend sie beteten, sp\u00fcrten sie, wie Gott ihnen das Wort &#8220;2, 2, 2&#8221; ins Herz dr\u00fcckte. Sie suchten in der Bibel und fanden, dass 2. Timotheus 2:2 die Vision des Dienstes, der ihnen \u00fcbertragen worden war, klar darlegte:<\/p>\n\n<p><\/p>\n\n<blockquote class=\"wp-block-quote is-layout-flow wp-block-quote-is-layout-flow\">\n<p>&#8230;und das, was Sie mich vor vielen Zeugen haben sagen h\u00f6ren, vertrauen Sie zuverl\u00e4ssigen M\u00e4nnern an, die auch bef\u00e4higt sein werden, andere zu lehren.  <\/p>\n<\/blockquote>\n\n<p><\/p>\n\n<p>Es sollte ein Dienst sein, der Menschen f\u00fcr den Dienst im Iran sieht, vorsieht, beauftragt und ausr\u00fcstet. Menschen, die dann dasselbe f\u00fcr andere tun w\u00fcrden &#8211; und so wurde die Arbeit &#8216;222 Ministries&#8217; genannt.<\/p>\n\n<p><\/p>\n\n<p>\u00dcber drei Jahrzehnte lang arbeiteten und dienten sie gemeinsam als 222 Ministries und wuchsen in ihrer Wirkung und Vision. Im Jahr 2022 wurde klar, dass die J\u00fcngerschaft und die Entwicklung von F\u00fchrungskr\u00e4ften zwar immer noch im Mittelpunkt der Arbeit standen, die Vision jedoch auf die Transformation des gesamten Irans ausgerichtet war.  <\/p>\n\n<p><\/p>\n\n<p>Im November 2022 wurde &#8216;222 Ministries&#8217; in &#8216;Transform Iran&#8217; umbenannt und die mehr als 100 Kirchen des Netzwerks traten unter dem Banner von &#8216;222 Churches&#8217; auf, wobei sie sich an den Auftrag erinnerten, Menschen zu J\u00fcngern zu machen, die andere zu J\u00fcngern machen werden, w\u00e4hrend die Kirche expandiert.<\/p>\n\n<p><\/p>\n\n<h3 class=\"wp-block-heading\">Eine Bewegung, die sich vervielf\u00e4ltigt<\/h3>\n\n<p>Transform Iran bildet weiterhin Leiter aus, um Gemeinden zu gr\u00fcnden, die das Ziel haben, das Land Iran zu ver\u00e4ndern. Durch diesen Dienst und durch die Gnade Gottes sind in 17 L\u00e4ndern Gemeinden gegr\u00fcndet worden, darunter Hunderte von Untergrundgemeinden im Iran und sieben in Afghanistan.   <strong>Mehr als 100.000 Menschen sind zu Nachfolgern Christi geworden, Tausende wurden direkt zu J\u00fcngern gemacht, und Tausende von Leitern wurden geschult und in den Dienst entlassen.<\/strong><\/p>\n\n<p><\/p>\n\n<h3 class=\"wp-block-heading\">Innovation, um alle Schichten der Gesellschaft zu erreichen<\/h3>\n\n<p>Transform Iran hat bei einer Vielzahl strategischer Initiativen Pionierarbeit geleistet und f\u00fchlt sich geehrt, den Weg f\u00fcr viele andere Ministerien geebnet zu haben, da wir gemeinsam der iranischen Nation dienen. Dazu geh\u00f6ren das christliche Fernsehen in Farsi, die digitale Kirche in Farsi, Apologetik in Farsi, christliche Nachrichten in Farsi sowie eine breite Palette anderer Aktivit\u00e4ten, die sicherstellen, dass jeder Aspekt der Gesellschaft im Iran mit der kraftvollen Botschaft des Evangeliums erreicht wird.<\/p>\n\n<h2 class=\"wp-block-heading\">Treffen mit den Gr\u00fcndern<\/h2>\n\n<figure class=\"wp-block-image size-full\"><img decoding=\"async\" width=\"1024\" height=\"683\" src=\"https:\/\/transformiran.com\/app\/uploads\/2022\/11\/laz2.jpeg\" alt=\"\" class=\"wp-image-6653\" style=\"aspect-ratio:16\/9;object-fit:cover\" srcset=\"https:\/\/transformiran.com\/app\/uploads\/2022\/11\/laz2.jpeg 1024w, https:\/\/transformiran.com\/app\/uploads\/2022\/11\/laz2-300x200.jpeg 300w, https:\/\/transformiran.com\/app\/uploads\/2022\/11\/laz2-768x512.jpeg 768w\" sizes=\"(max-width: 1024px) 100vw, 1024px\" \/><\/figure>\n\n<h3 class=\"wp-block-heading\">LAZARUS<\/h3>\n\n<h3 class=\"wp-block-heading\">Ein Pionier. Ein Stratege. Ein Anf\u00fchrer, der sieht, was getan werden muss &#8211; und handelt.  <\/h3>\n\n<p>Lazarus Yeghnazar wurde 1949 in Teheran, Iran, in einer armenisch-christlichen Familie geboren. Im Alter von sechs Jahren sah er eine Vision von Jesus und stellte sein Leben in seinen Dienst. Mit 21 Jahren wurde Lazarus zum \u00c4ltesten der Zentralen Jamaate Rabani Kirche in Teheran ordiniert und zum Mitglied der allgemeinen Leitung dieser Kirchen im Iran ernannt.<\/p>\n\n<p>Mit 23 Jahren, obwohl er sich selbst Englisch beigebracht hatte, wurde Lazarus Leiter der \u00dcbersetzungsabteilung des iranischen Kriegsministeriums und offizieller \u00dcbersetzer des stellvertretenden iranischen Kriegsministers.<\/p>\n\n<p>Er wurde zweimal inhaftiert, bevor er 25 Jahre alt war, weil er in verschiedenen St\u00e4dten im Iran (w\u00e4hrend der Zeit des Schahs) das Evangelium verk\u00fcndete. Im Alter von 27 Jahren hatte er eine offizielle Audienz beim K\u00f6nig und der K\u00f6nigin von Iran. Jahre sp\u00e4ter traf er auf besondere Einladung mit dem gekr\u00f6nten Prinzen Reza Pahlavi (damals im Exil) zusammen und betete zu ihm.<\/p>\n\n<p>Nach der islamischen Revolution, als die Geiseln in der amerikanischen Botschaft gefangen genommen wurden, war er der Einzige, der die Weihnachts- und Ostergottesdienste f\u00fcr die Geiseln hielt.<\/p>\n\n<p>Lazarus gr\u00fcndete auch Pars Link, eine der f\u00fchrenden Elektronikfirmen im Iran, und wurde ein erfolgreicher internationaler Gesch\u00e4ftsmann. Mit 30 Jahren gr\u00fcndete und leitete er die erste Teheraner Ortsgruppe der Full Gospel Businessmen&#8217;s Fellowship International.<\/p>\n\n<p>1988, nach dem Ende des achtj\u00e4hrigen Krieges zwischen dem Iran und dem Irak, sp\u00fcrten Lazarus und Maggie die F\u00fchrung Gottes, den Iran zu verlassen und sich in Europa niederzulassen. Im Jahr 1991 gr\u00fcndeten sie 222 Ministries im Gehorsam gegen\u00fcber dem Ruf Gottes. Im Jahr 2022 wurde &#8216;222 Ministries&#8217; zu &#8216;Transform Iran&#8217;, um die erweiterte Vision, die sie vom Herrn erhalten hatten, besser zu vermitteln. Im Jahr 2026 \u00fcbergab Lazarus die Leitung von Transform Iran an seine Tochter Lana, die weiterhin als Overseer von 222 Churches dient. In seiner neuen Rolle widmet Lazarus seine Zeit dem Aufbau, der Ausbildung, dem Mentoring und der Entlassung begabter Pastoren sowie der Aufsicht \u00fcber die Hunderte von Kirchen im Transform Iran Netzwerk. <\/p>\n\n<p>Lazarus hat einen strategischen Pioniergeist. Er sieht, was geschieht und was getan werden muss, und er hat den Mut und die Stimme, dorthin zu gehen, wo andere vielleicht z\u00f6gern.<\/p>\n\n<figure class=\"wp-block-image size-full\"><img decoding=\"async\" width=\"1024\" height=\"683\" src=\"https:\/\/transformiran.com\/app\/uploads\/2022\/11\/mag2.jpeg\" alt=\"\" class=\"wp-image-6654\" style=\"aspect-ratio:16\/9;object-fit:cover\" srcset=\"https:\/\/transformiran.com\/app\/uploads\/2022\/11\/mag2.jpeg 1024w, https:\/\/transformiran.com\/app\/uploads\/2022\/11\/mag2-300x200.jpeg 300w, https:\/\/transformiran.com\/app\/uploads\/2022\/11\/mag2-768x512.jpeg 768w\" sizes=\"(max-width: 1024px) 100vw, 1024px\" \/><\/figure>\n\n<h3 class=\"wp-block-heading\">MAGGIE<\/h3>\n\n<h3 class=\"wp-block-heading\">Ein Lehrer. Ein Theologe. Eine Stimme, die Generationen pr\u00e4gt.  <\/h3>\n\n<p>Maggie Yeghnazar (geborene Minassian) wurde 1953 in Teheran, Iran, in einer armenischen, nominell christlichen Familie geboren. Im Alter von zehn Jahren nahm sie Jesus als ihren Herrn und Erl\u00f6ser an und vertiefte sich in alle Aspekte des geistlichen Lebens und Dienstes in der neu gegr\u00fcndeten iranischen Kirche in Teheran.<\/p>\n\n<p>Seit ihren Teenagerjahren hat Maggie sich verpflichtet, \u00fcberall dort zu helfen, wo Not am Mann war. Ihre gr\u00f6\u00dfte Leidenschaft war schon immer das Studium und die Lehre des Wortes Gottes &#8211; ein Bereich mit gro\u00dfer Begabung. Sie hat in verschiedenen Bibelschulen, auf Konferenzen und in Fernsehsendungen innerhalb und au\u00dferhalb des Irans gelehrt, unz\u00e4hlige B\u00fccher zur Auferbauung des Leibes beschafft und \u00fcbersetzt und strategische, bahnbrechende J\u00fcngerschaftskurse f\u00fcr die wachsende Kirche im Iran entwickelt.<\/p>\n\n<p>Als ordinierte Pfarrerin ist sie eine der f\u00fchrenden weiblichen Stimmen in der iranischen Kirche und hat vielen Frauen den Weg geebnet, in der Mission aufzustehen und gez\u00e4hlt zu werden. Sie inspiriert und ber\u00e4t weiterhin M\u00e4nner und Frauen im Iran und in der iranischen Diaspora, dem Ruf Gottes in ihrem Leben zu folgen.<\/p>\n\n<p>Im Jahr 1991 gr\u00fcndete sie zusammen mit Lazarus 222 Ministries, wo sie als Vorstandsmitglied, Leiterin der Bibelschule, Leiterin der Frauenarbeit und Leiterin der Publikationen t\u00e4tig war. Heute ist sie als Direktorin f\u00fcr Theologie und Lehrpl\u00e4ne daf\u00fcr verantwortlich, dass alle wachsenden Produkte und Programme von Transform Iran weiterhin tief in der biblischen Lehre verwurzelt sind. <\/p>\n\n<p>Maggie hat einen Bachelor of Arts in englischer Literatur vom Damavand College in Teheran, Iran, und einen Bachelor of Arts in Bibel und Theologie.<\/p>\n\n<p>Sie ist eine begabte, bahnbrechende, wegweisende Leiterin, Lehrerin und Mentorin mit einer Leidenschaft f\u00fcr das Wort Gottes.<\/p>\n\n<h2 class=\"wp-block-heading\">Treffen Sie den Pr\u00e4sidenten &amp; CEO<\/h2>\n\n<figure class=\"wp-block-image size-large\"><img decoding=\"async\" width=\"1024\" height=\"683\" src=\"https:\/\/transformiran.com\/app\/uploads\/2026\/04\/Lana-Silk_1a-landscape-full-span-Large-1024x683.png\" alt=\"\" class=\"wp-image-37146\" style=\"aspect-ratio:16\/9;object-fit:cover\" srcset=\"https:\/\/transformiran.com\/app\/uploads\/2026\/04\/Lana-Silk_1a-landscape-full-span-Large-1024x683.png 1024w, https:\/\/transformiran.com\/app\/uploads\/2026\/04\/Lana-Silk_1a-landscape-full-span-Large-300x200.png 300w, https:\/\/transformiran.com\/app\/uploads\/2026\/04\/Lana-Silk_1a-landscape-full-span-Large-768x512.png 768w, https:\/\/transformiran.com\/app\/uploads\/2026\/04\/Lana-Silk_1a-landscape-full-span-Large.png 1280w\" sizes=\"(max-width: 1024px) 100vw, 1024px\" \/><\/figure>\n\n<h3 class=\"wp-block-heading\">LANA<\/h3>\n\n<h3 class=\"wp-block-heading\">Eine Br\u00fccke zwischen den Generationen. Eine F\u00fchrungspers\u00f6nlichkeit f\u00fcr eine Zeit wie diese. <\/h3>\n\n<p>Lana wurde am &#8216;Schwarzen Freitag&#8217; im Iran geboren (8. September 1978) &#8211; dem Tag, der die meisten Todesopfer forderte, als die Iraner verzweifelt f\u00fcr die Errichtung einer islamischen Herrschaft im Iran demonstrierten und k\u00e4mpften. Sie verbrachte ihre fr\u00fchen Jahre damit, in einem zunehmend &#8216;islamischen&#8217; Iran aufzuwachsen, wo sie gezwungen war, jeden Tag &#8216;Tod f\u00fcr Amerika! Tod f\u00fcr Israel!&#8217; zu rufen, bevor ihr Schultag begann. Nachdem die Familie im Juli 1988 nach Europa ausgewandert war, hatte Lana das Gef\u00fchl, ihr Herz zur\u00fcckgelassen zu haben. Sie trug eine tiefe \u00dcberzeugung in sich: <strong>Ihre Zukunft war an den Iran gebunden.<\/strong>   <\/p>\n\n<p>Sie las weiterhin treu in ihrer Bibel auf Farsi, denn sie wusste, dass der Herr sie eines Tages dazu berufen w\u00fcrde, dem Land zu dienen, das sie so sehr liebt.<\/p>\n\n<p><\/p>\n\n<p>Im Alter von f\u00fcnfzehn Jahren, an dem Tag, an dem Lana im Wasser getauft wurde, beeindruckte der Herr diese Berufung erneut, als die Gemeinde durch die Nachricht vom M\u00e4rtyrertod ihres engen Freundes und angesehenen iranischen F\u00fchrers Rev. Haik Hovsepian Mehr ersch\u00fcttert wurde.  <\/p>\n\n<p>Der Herr sprach deutlich zu Lana:  <\/p>\n\n<blockquote class=\"wp-block-quote is-layout-flow wp-block-quote-is-layout-flow\">\n<p>Lassen Sie sich daran erinnern, dass Sie soeben \u00f6ffentlich erkl\u00e4rt haben, dass Sie mir voll und ganz folgen werden, egal was es kostet. Dies ist ein Alles-oder-Nichts-Glaube, zu dem ich Sie aufrufe. <\/p>\n<\/blockquote>\n\n<p><\/p>\n\n<p>Sie schloss ihre Ausbildung in Gro\u00dfbritannien ab, wo sie einen Abschluss mit Auszeichnung in Computertechnik und ein Aufbaustudium in Marketing-Kommunikationsstrategie und psychischer Gesundheit und Jugendschutz absolvierte. Sie verbrachte zwei Jahrzehnte damit, ihre F\u00e4higkeiten in den Bereichen Organisationsf\u00fchrung, Strategie und Kommunikation in der Unternehmenswelt zu verfeinern. Nach jahrelanger ehrenamtlicher T\u00e4tigkeit in verschiedenen Funktionen wurde Lana im Januar 2022 CEO von Transform Iran in den USA und \u00fcbernahm im Januar 2026 die Rolle der Pr\u00e4sidentin und CEO der globalen Organisation.  <\/p>\n\n<p><\/p>\n\n<p>Heute setzt sich Lana aktiv f\u00fcr die Freiheit und Transformation des Irans ein. Sie setzt sich leidenschaftlich daf\u00fcr ein, den Leib Christi zu bef\u00e4higen, in seiner vollen Identit\u00e4t und seinem Erbe zu wandeln und ein Leben in \u00fcbernat\u00fcrlicher Kraft und Autorit\u00e4t zu f\u00fchren, w\u00e4hrend sie in der globalen Mission t\u00e4tig ist. Nachdem sie als Gemeindepastorin, Lobpreisleiterin und Hochschulseelsorgerin gedient hat, konzentriert sich Silk nun darauf, Gottes Absichten im Iran zu erf\u00fcllen und die am schnellsten wachsende Untergrundkirche zu unterst\u00fctzen und zu st\u00e4rken.  <\/p>\n\n<figure class=\"wp-block-embed is-type-video is-provider-youtube wp-block-embed-youtube wp-embed-aspect-16-9 wp-has-aspect-ratio\"><div class=\"wp-block-embed__wrapper\">\n<iframe title=\"Prophetic Visions About Iran | Lana Silk\" width=\"500\" height=\"281\" src=\"https:\/\/www.youtube.com\/embed\/fEgyPElPQio?feature=oembed\" frameborder=\"0\" allow=\"accelerometer; autoplay; clipboard-write; encrypted-media; gyroscope; picture-in-picture; web-share\" referrerpolicy=\"strict-origin-when-cross-origin\" allowfullscreen><\/iframe>\n<\/div><figcaption class=\"wp-element-caption\">In dieser Folge von Heaven Meets Earth erz\u00e4hlt Lana von ihrer ganz pers\u00f6nlichen Reise von der Geburt im islamischen Iran bis zum Erleben der unbestreitbaren Bewegung Gottes in einer der geistlich hungrigsten Regionen der Welt.<\/figcaption><\/figure>\n\n<p><\/p>\n","protected":false},"excerpt":{"rendered":"<p>Ein Verm\u00e4chtnis des Glaubens: Die Geschichte hinter Transform Iran Lazarus und Maggie Yeghnazar sind im Iran geboren und aufgewachsen und haben der iranischen Kirche ihr ganzes Leben lang gedient. Im Jahr 1988 sp\u00fcrten sie den Ruf Gottes, ihre junge Familie nach Westen zu bringen. Mit dieser Entscheidung haben sie gerungen, da ihr Herz an den [&hellip;]<\/p>\n","protected":false},"author":1,"featured_media":10625,"parent":0,"menu_order":0,"comment_status":"closed","ping_status":"closed","template":"page-basic.php","meta":{"_acf_changed":false,"give_campaign_id":0,"om_disable_all_campaigns":false,"_mi_skip_tracking":false,"footnotes":""},"class_list":["post-11069","page","type-page","status-publish","has-post-thumbnail","hentry"],"acf":[],"yoast_head":"<!-- This site is optimized with the Yoast SEO plugin v27.2 - https:\/\/yoast.com\/product\/yoast-seo-wordpress\/ -->\n<title>Unsere Geschichte - Transform Iran<\/title>\n<meta name=\"robots\" content=\"index, follow, max-snippet:-1, max-image-preview:large, max-video-preview:-1\" \/>\n<link rel=\"canonical\" href=\"https:\/\/transformiran.com\/de\/unsere-geschichte\/\" \/>\n<meta property=\"og:locale\" content=\"de_DE\" \/>\n<meta property=\"og:type\" content=\"article\" \/>\n<meta property=\"og:title\" content=\"Unsere Geschichte - Transform Iran\" \/>\n<meta property=\"og:description\" content=\"Ein Verm\u00e4chtnis des Glaubens: Die Geschichte hinter Transform Iran Lazarus und Maggie Yeghnazar sind im Iran geboren und aufgewachsen und haben der iranischen Kirche ihr ganzes Leben lang gedient. Im Jahr 1988 sp\u00fcrten sie den Ruf Gottes, ihre junge Familie nach Westen zu bringen. Mit dieser Entscheidung haben sie gerungen, da ihr Herz an den [&hellip;]\" \/>\n<meta property=\"og:url\" content=\"https:\/\/transformiran.com\/de\/unsere-geschichte\/\" \/>\n<meta property=\"og:site_name\" content=\"Transform Iran\" \/>\n<meta property=\"article:publisher\" content=\"https:\/\/www.facebook.com\/222MinistriesUSAInc\" \/>\n<meta property=\"article:modified_time\" content=\"2026-04-09T23:30:09+00:00\" \/>\n<meta property=\"og:image\" content=\"https:\/\/transformiran.com\/app\/uploads\/2022\/11\/Our-story-cropped.jpg\" \/>\n\t<meta property=\"og:image:width\" content=\"1920\" \/>\n\t<meta property=\"og:image:height\" content=\"555\" \/>\n\t<meta property=\"og:image:type\" content=\"image\/jpeg\" \/>\n<meta name=\"twitter:card\" content=\"summary_large_image\" \/>\n<meta name=\"twitter:site\" content=\"@222minint\" \/>\n<meta name=\"twitter:label1\" content=\"Gesch\u00e4tzte Lesezeit\" \/>\n\t<meta name=\"twitter:data1\" content=\"9\u00a0Minuten\" \/>\n<script type=\"application\/ld+json\" class=\"yoast-schema-graph\">{\"@context\":\"https:\/\/schema.org\",\"@graph\":[{\"@type\":\"WebPage\",\"@id\":\"https:\/\/transformiran.com\/de\/unsere-geschichte\/\",\"url\":\"https:\/\/transformiran.com\/de\/unsere-geschichte\/\",\"name\":\"Unsere Geschichte - Transform Iran\",\"isPartOf\":{\"@id\":\"https:\/\/transformiran.com\/de\/#website\"},\"primaryImageOfPage\":{\"@id\":\"https:\/\/transformiran.com\/de\/unsere-geschichte\/#primaryimage\"},\"image\":{\"@id\":\"https:\/\/transformiran.com\/de\/unsere-geschichte\/#primaryimage\"},\"thumbnailUrl\":\"https:\/\/transformiran.com\/app\/uploads\/2022\/11\/Our-story-cropped.jpg\",\"datePublished\":\"2022-11-04T11:02:40+00:00\",\"dateModified\":\"2026-04-09T23:30:09+00:00\",\"breadcrumb\":{\"@id\":\"https:\/\/transformiran.com\/de\/unsere-geschichte\/#breadcrumb\"},\"inLanguage\":\"de\",\"potentialAction\":[{\"@type\":\"ReadAction\",\"target\":[\"https:\/\/transformiran.com\/de\/unsere-geschichte\/\"]}]},{\"@type\":\"ImageObject\",\"inLanguage\":\"de\",\"@id\":\"https:\/\/transformiran.com\/de\/unsere-geschichte\/#primaryimage\",\"url\":\"https:\/\/transformiran.com\/app\/uploads\/2022\/11\/Our-story-cropped.jpg\",\"contentUrl\":\"https:\/\/transformiran.com\/app\/uploads\/2022\/11\/Our-story-cropped.jpg\",\"width\":1920,\"height\":555},{\"@type\":\"BreadcrumbList\",\"@id\":\"https:\/\/transformiran.com\/de\/unsere-geschichte\/#breadcrumb\",\"itemListElement\":[{\"@type\":\"ListItem\",\"position\":1,\"name\":\"Home\",\"item\":\"https:\/\/transformiran.com\/de\/startseite\/\"},{\"@type\":\"ListItem\",\"position\":2,\"name\":\"Unsere Geschichte\"}]},{\"@type\":\"WebSite\",\"@id\":\"https:\/\/transformiran.com\/de\/#website\",\"url\":\"https:\/\/transformiran.com\/de\/\",\"name\":\"Transform Iran\",\"description\":\"Bringing the love and power of Christ to Iran - and beyond\",\"publisher\":{\"@id\":\"https:\/\/transformiran.com\/de\/#organization\"},\"potentialAction\":[{\"@type\":\"SearchAction\",\"target\":{\"@type\":\"EntryPoint\",\"urlTemplate\":\"https:\/\/transformiran.com\/de\/?s={search_term_string}\"},\"query-input\":{\"@type\":\"PropertyValueSpecification\",\"valueRequired\":true,\"valueName\":\"search_term_string\"}}],\"inLanguage\":\"de\"},{\"@type\":\"Organization\",\"@id\":\"https:\/\/transformiran.com\/de\/#organization\",\"name\":\"Transform Iran\",\"url\":\"https:\/\/transformiran.com\/de\/\",\"logo\":{\"@type\":\"ImageObject\",\"inLanguage\":\"de\",\"@id\":\"https:\/\/transformiran.com\/de\/#\/schema\/logo\/image\/\",\"url\":\"https:\/\/transformiran.com\/app\/uploads\/2022\/11\/logo_grey.jpg\",\"contentUrl\":\"https:\/\/transformiran.com\/app\/uploads\/2022\/11\/logo_grey.jpg\",\"width\":528,\"height\":90,\"caption\":\"Transform Iran\"},\"image\":{\"@id\":\"https:\/\/transformiran.com\/de\/#\/schema\/logo\/image\/\"},\"sameAs\":[\"https:\/\/www.facebook.com\/222MinistriesUSAInc\",\"https:\/\/x.com\/222minint\",\"https:\/\/www.instagram.com\/222ministriesinternational\/\"]}]}<\/script>\n<!-- \/ Yoast SEO plugin. -->","yoast_head_json":{"title":"Unsere Geschichte - Transform Iran","robots":{"index":"index","follow":"follow","max-snippet":"max-snippet:-1","max-image-preview":"max-image-preview:large","max-video-preview":"max-video-preview:-1"},"canonical":"https:\/\/transformiran.com\/de\/unsere-geschichte\/","og_locale":"de_DE","og_type":"article","og_title":"Unsere Geschichte - Transform Iran","og_description":"Ein Verm\u00e4chtnis des Glaubens: Die Geschichte hinter Transform Iran Lazarus und Maggie Yeghnazar sind im Iran geboren und aufgewachsen und haben der iranischen Kirche ihr ganzes Leben lang gedient. Im Jahr 1988 sp\u00fcrten sie den Ruf Gottes, ihre junge Familie nach Westen zu bringen. Mit dieser Entscheidung haben sie gerungen, da ihr Herz an den [&hellip;]","og_url":"https:\/\/transformiran.com\/de\/unsere-geschichte\/","og_site_name":"Transform Iran","article_publisher":"https:\/\/www.facebook.com\/222MinistriesUSAInc","article_modified_time":"2026-04-09T23:30:09+00:00","og_image":[{"width":1920,"height":555,"url":"https:\/\/transformiran.com\/app\/uploads\/2022\/11\/Our-story-cropped.jpg","type":"image\/jpeg"}],"twitter_card":"summary_large_image","twitter_site":"@222minint","twitter_misc":{"Gesch\u00e4tzte Lesezeit":"9\u00a0Minuten"},"schema":{"@context":"https:\/\/schema.org","@graph":[{"@type":"WebPage","@id":"https:\/\/transformiran.com\/de\/unsere-geschichte\/","url":"https:\/\/transformiran.com\/de\/unsere-geschichte\/","name":"Unsere Geschichte - Transform Iran","isPartOf":{"@id":"https:\/\/transformiran.com\/de\/#website"},"primaryImageOfPage":{"@id":"https:\/\/transformiran.com\/de\/unsere-geschichte\/#primaryimage"},"image":{"@id":"https:\/\/transformiran.com\/de\/unsere-geschichte\/#primaryimage"},"thumbnailUrl":"https:\/\/transformiran.com\/app\/uploads\/2022\/11\/Our-story-cropped.jpg","datePublished":"2022-11-04T11:02:40+00:00","dateModified":"2026-04-09T23:30:09+00:00","breadcrumb":{"@id":"https:\/\/transformiran.com\/de\/unsere-geschichte\/#breadcrumb"},"inLanguage":"de","potentialAction":[{"@type":"ReadAction","target":["https:\/\/transformiran.com\/de\/unsere-geschichte\/"]}]},{"@type":"ImageObject","inLanguage":"de","@id":"https:\/\/transformiran.com\/de\/unsere-geschichte\/#primaryimage","url":"https:\/\/transformiran.com\/app\/uploads\/2022\/11\/Our-story-cropped.jpg","contentUrl":"https:\/\/transformiran.com\/app\/uploads\/2022\/11\/Our-story-cropped.jpg","width":1920,"height":555},{"@type":"BreadcrumbList","@id":"https:\/\/transformiran.com\/de\/unsere-geschichte\/#breadcrumb","itemListElement":[{"@type":"ListItem","position":1,"name":"Home","item":"https:\/\/transformiran.com\/de\/startseite\/"},{"@type":"ListItem","position":2,"name":"Unsere Geschichte"}]},{"@type":"WebSite","@id":"https:\/\/transformiran.com\/de\/#website","url":"https:\/\/transformiran.com\/de\/","name":"Transform Iran","description":"Bringing the love and power of Christ to Iran - and beyond","publisher":{"@id":"https:\/\/transformiran.com\/de\/#organization"},"potentialAction":[{"@type":"SearchAction","target":{"@type":"EntryPoint","urlTemplate":"https:\/\/transformiran.com\/de\/?s={search_term_string}"},"query-input":{"@type":"PropertyValueSpecification","valueRequired":true,"valueName":"search_term_string"}}],"inLanguage":"de"},{"@type":"Organization","@id":"https:\/\/transformiran.com\/de\/#organization","name":"Transform Iran","url":"https:\/\/transformiran.com\/de\/","logo":{"@type":"ImageObject","inLanguage":"de","@id":"https:\/\/transformiran.com\/de\/#\/schema\/logo\/image\/","url":"https:\/\/transformiran.com\/app\/uploads\/2022\/11\/logo_grey.jpg","contentUrl":"https:\/\/transformiran.com\/app\/uploads\/2022\/11\/logo_grey.jpg","width":528,"height":90,"caption":"Transform Iran"},"image":{"@id":"https:\/\/transformiran.com\/de\/#\/schema\/logo\/image\/"},"sameAs":["https:\/\/www.facebook.com\/222MinistriesUSAInc","https:\/\/x.com\/222minint","https:\/\/www.instagram.com\/222ministriesinternational\/"]}]}},"campaignId":"","_links":{"self":[{"href":"https:\/\/transformiran.com\/de\/wp-json\/wp\/v2\/pages\/11069","targetHints":{"allow":["GET"]}}],"collection":[{"href":"https:\/\/transformiran.com\/de\/wp-json\/wp\/v2\/pages"}],"about":[{"href":"https:\/\/transformiran.com\/de\/wp-json\/wp\/v2\/types\/page"}],"author":[{"embeddable":true,"href":"https:\/\/transformiran.com\/de\/wp-json\/wp\/v2\/users\/1"}],"replies":[{"embeddable":true,"href":"https:\/\/transformiran.com\/de\/wp-json\/wp\/v2\/comments?post=11069"}],"version-history":[{"count":14,"href":"https:\/\/transformiran.com\/de\/wp-json\/wp\/v2\/pages\/11069\/revisions"}],"predecessor-version":[{"id":37240,"href":"https:\/\/transformiran.com\/de\/wp-json\/wp\/v2\/pages\/11069\/revisions\/37240"}],"wp:featuredmedia":[{"embeddable":true,"href":"https:\/\/transformiran.com\/de\/wp-json\/wp\/v2\/media\/10625"}],"wp:attachment":[{"href":"https:\/\/transformiran.com\/de\/wp-json\/wp\/v2\/media?parent=11069"}],"curies":[{"name":"wp","href":"https:\/\/api.w.org\/{rel}","templated":true}]}}