{"id":23639,"date":"2024-06-03T23:45:38","date_gmt":"2024-06-03T22:45:38","guid":{"rendered":"https:\/\/transformiran.com\/unsere-arbeit\/die-kinder-erreichen\/"},"modified":"2025-04-25T22:08:50","modified_gmt":"2025-04-25T21:08:50","slug":"die-kinder-erreichen","status":"publish","type":"page","link":"https:\/\/transformiran.com\/de\/unsere-arbeit\/die-kinder-erreichen\/","title":{"rendered":"Die Kinder erreichen"},"content":{"rendered":"\n<p><strong><em>&#8220;Jesus sagte: &#8216;Lasst die kleinen Kinder zu mir kommen und hindert sie nicht daran, denn solchen geh\u00f6rt das Himmelreich.'&#8221;<\/em><\/strong> Matth\u00e4us 19:14<\/p>\n\n<p><\/p>\n\n<h2 class=\"wp-block-heading\">St\u00e4rkung der n\u00e4chsten Generation im Iran<\/h2>\n\n<h3 class=\"wp-block-heading\">Wie wichtig es ist, die Kinder des Iran zu erreichen<\/h3>\n\n<p><\/p>\n\n<p>Die Kinder im Iran stehen vor immensen Herausforderungen: unterdr\u00fcckende Regime, Armut, Krieg und eine wachsende Krise der psychischen Gesundheit. Viele von ihnen haben mit Erwachsenen zu tun, die mit Depressionen, Angstzust\u00e4nden oder Suchtproblemen zu k\u00e4mpfen haben, was sie einem hohen Risiko f\u00fcr Traumata aussetzt. Diese Kinder befinden sich in einem kritischen Alter, in dem sie ihre Weltanschauung formen, Entscheidungen \u00fcber ihre Zukunft treffen und ihre Identit\u00e4t entdecken.  <\/p>\n\n<p><\/p>\n\n<blockquote class=\"wp-block-quote has-black-color has-text-color has-link-color wp-elements-2ff8772caf5fb2d9ab19709a94c79937 is-layout-flow wp-block-quote-is-layout-flow\">\n<p class=\"has-black-color has-text-color has-link-color has-medium-font-size wp-elements-03ffbdeff53086776810569937c8937d\">Bei Transform Iran widmen wir uns der Unterst\u00fctzung christlicher Kinder aus dem Iran, indem wir ihnen Hoffnung, Ressourcen und Gemeinschaft bieten, damit sie nicht nur \u00fcberleben, sondern auch gedeihen k\u00f6nnen. Wir bef\u00e4higen sie, in ihrem Glauben stark zu sein und ihre Identit\u00e4t in Christus selbstbewusst anzunehmen. Unsere Vision ist es, sie dazu zu bef\u00e4higen, kraftvolle Zeugen f\u00fcr ihre Altersgenossen zu sein und das Evangelium mit den Menschen um sie herum zu teilen.  <\/p>\n<\/blockquote>\n\n<p><\/p>\n\n<h2 class=\"wp-block-heading\">Warum ist es so wichtig, die Kinder im Iran zu erreichen?<\/h2>\n\n<p>Diese Kinder sind die Zukunft des Iran. Wir m\u00fcssen sie unbedingt mit der Botschaft des Evangeliums erreichen, solange sie noch jung sind, damit wir unser ganzes Land effektiv f\u00fcr Christus erreichen k\u00f6nnen. Dies ist das Alter, in dem sich Weltanschauungen herausbilden. Es ist auch das Alter, in dem Kinder Entscheidungen treffen, die ihre Zukunft und ihr Verst\u00e4ndnis von ihrem Wert und ihrer Identit\u00e4t beeinflussen.<\/p>\n\n<p><\/p>\n\n<h3 class=\"wp-block-heading\">Die Gefahren von Irrlehren und Unterdr\u00fcckung<\/h3>\n\n<p><\/p>\n\n<p>Die iranische Regierung bringt den Kindern bei, dass ihre Stimme nicht z\u00e4hlt, dass ihre Zukunft von ihrem n\u00e4chsten m\u00e4nnlichen Verwandten entschieden werden kann und muss, dass Frauen verh\u00fcllt, den M\u00e4nnern untergeordnet, als Objekte behandelt, zum Vergn\u00fcgen benutzt und nach Belieben entsorgt werden sollten und dass Kinder, die aus missbr\u00e4uchlichen Beziehungen stammen, unehelich und f\u00fcr die Gesellschaft weniger wertvoll sind.<\/p>\n\n<p><\/p>\n\n<p>Den Kindern wird ein Bild von Gott vermittelt, das unberechenbar ist, das dem Zorn unterliegt, das immer auf die Taten (und nicht auf das Herz) schaut, das Gehorsam verlangt und bereit ist, diejenigen zu bestrafen, die ihn entt\u00e4uschen. Ihnen wird beigebracht, dass sie Gott nicht in Frage stellen d\u00fcrfen, dass sie ihre religi\u00f6sen Routinen und ihre Hingabe \u00fcber alles andere stellen m\u00fcssen, dass der Dschihad ehrenhaft ist und dass Juden und Christen eliminiert werden m\u00fcssen.<\/p>\n\n<p><\/p>\n\n<p><a href=\"https:\/\/transformiran.com\/de\/lernen-sie\/herausforderungen-mit-denen-iranische-kinder-heute-konfrontiert-sind\/\">Lesen Sie mehr \u00fcber die Herausforderungen, mit denen Irans Kinder heute konfrontiert sind<\/a><\/p>\n\n<p><\/p>\n\n<p class=\"has-medium-font-size\"><strong>Unter diesen schwierigen Umst\u00e4nden besteht ein dringender Bedarf an christlichen Gemeinschaften, die Unterst\u00fctzung, Ermutigung und Anleitung bieten k\u00f6nnen.<\/strong><\/p>\n\n<figure class=\"wp-block-embed is-type-video is-provider-youtube wp-block-embed-youtube wp-embed-aspect-16-9 wp-has-aspect-ratio\"><div class=\"wp-block-embed__wrapper\">\n<iframe title=\"Bringing Hope to Iran&#039;s Children\" width=\"500\" height=\"281\" src=\"https:\/\/www.youtube.com\/embed\/UqlVFgh2xqQ?feature=oembed\" frameborder=\"0\" allow=\"accelerometer; autoplay; clipboard-write; encrypted-media; gyroscope; picture-in-picture; web-share\" referrerpolicy=\"strict-origin-when-cross-origin\" allowfullscreen><\/iframe>\n<\/div><\/figure>\n\n<blockquote class=\"wp-block-quote is-layout-flow wp-block-quote-is-layout-flow\">\n<p>Wir wollen diese Kinder mit der Hoffnung Jesu erreichen und sie bef\u00e4higen, die t\u00e4gliche Verfolgung zu \u00fcberwinden und falsche Lehren zu erkennen, bevor sie Wurzeln schlagen. Wenn wir sie vor sch\u00e4dlichen Weltanschauungen und falschen Vorstellungen \u00fcber ihren liebevollen himmlischen Vater sch\u00fctzen, k\u00f6nnen sie die Botschaft von Christus und ihre Identit\u00e4t in ihm besser verstehen.<\/p>\n<\/blockquote>\n\n<h2 class=\"wp-block-heading\">Wie erreicht Transform Iran die Kinder im Iran?<\/h2>\n\n<p><\/p>\n\n<p><\/p>\n\n<h3 class=\"wp-block-heading has-black-color has-text-color has-link-color wp-elements-06f70d5c737fee8f417c250502beca5f\">Die Medien nutzen, um die Kinder im Iran mit dem Evangelium zu erreichen<\/h3>\n\n<p><\/p>\n\n<p class=\"has-black-color has-text-color has-link-color wp-elements-01d2f0687e615047f61ac1bc08e4194c\">Durch eigens daf\u00fcr geschaffene Medien, die von geschulten Kinderseelsorgern unterst\u00fctzt werden, k\u00f6nnen wir sicherstellen, dass die Botschaft des Evangeliums von den Kindern im Iran geh\u00f6rt und verstanden wird und dass diejenigen, die darauf reagieren, angeleitet und betreut werden, damit sie in einem bedeutsamen pers\u00f6nlichen Glauben an Jesus Christus wachsen k\u00f6nnen.<\/p>\n\n<p><\/p>\n\n<p><strong>Die Entwicklung einer nationalen Ikone:<\/strong> Seit mehr als 20 Jahren lieben Irans Kinder eine freche, neugierige Fernsehpuppe namens &#8216;Chera&#8217; (=Warum). Laut einer Statistik des iranischen Fernsehens haben 10 Millionen Kinder Chera-Sendungen gesehen.<\/p>\n\n<p>Im Jahr 2014 schlossen sich der Produzent und der Puppenspieler dieser nationalen Ikone mit Transform Iran zusammen und halfen, eine direkte Antwort zu schaffen: &#8216;Chonke&#8217; (=Weil). Chonke verwendet die Originalstimme der Puppe Chera. Es wurden etwa 100 Episoden erstellt, die seither viele Male ausgestrahlt wurden, mit \u00fcberw\u00e4ltigend positiver Resonanz. Wir bereiten derzeit einen Relaunch vor, bei dem das geliebte Chonke in die Animation \u00fcberf\u00fchrt wird.<\/p>\n\n<div class=\"wp-block-columns is-layout-flex wp-container-core-columns-is-layout-9d6595d7 wp-block-columns-is-layout-flex\">\n<div class=\"wp-block-column is-layout-flow wp-block-column-is-layout-flow\">\n<figure class=\"wp-block-image size-large\"><img decoding=\"async\" width=\"1024\" height=\"790\" src=\"https:\/\/transformiran.com\/app\/uploads\/2024\/06\/222TV-Chonke-lite-1024x790.jpeg\" alt=\"Transform IranChonke Puppet\" class=\"wp-image-23623\" srcset=\"https:\/\/transformiran.com\/app\/uploads\/2024\/06\/222TV-Chonke-lite-1024x790.jpeg 1024w, https:\/\/transformiran.com\/app\/uploads\/2024\/06\/222TV-Chonke-lite-300x231.jpeg 300w, https:\/\/transformiran.com\/app\/uploads\/2024\/06\/222TV-Chonke-lite-768x592.jpeg 768w, https:\/\/transformiran.com\/app\/uploads\/2024\/06\/222TV-Chonke-lite-1536x1185.jpeg 1536w, https:\/\/transformiran.com\/app\/uploads\/2024\/06\/222TV-Chonke-lite-2048x1579.jpeg 2048w\" sizes=\"(max-width: 1024px) 100vw, 1024px\" \/><figcaption class=\"wp-element-caption\">2014 Chonke Puppe erstellt von Transform Iran<\/figcaption><\/figure>\n<\/div>\n\n\n\n<div class=\"wp-block-column is-layout-flow wp-block-column-is-layout-flow\">\n<figure class=\"wp-block-image size-large\"><img decoding=\"async\" width=\"1024\" height=\"791\" src=\"https:\/\/transformiran.com\/app\/uploads\/2024\/11\/CheraChonke-website-homepage-Nov-2024-lite-1-1024x791.jpg\" alt=\"CheraChonke Homepage\" class=\"wp-image-27060\" srcset=\"https:\/\/transformiran.com\/app\/uploads\/2024\/11\/CheraChonke-website-homepage-Nov-2024-lite-1-1024x791.jpg 1024w, https:\/\/transformiran.com\/app\/uploads\/2024\/11\/CheraChonke-website-homepage-Nov-2024-lite-1-300x232.jpg 300w, https:\/\/transformiran.com\/app\/uploads\/2024\/11\/CheraChonke-website-homepage-Nov-2024-lite-1-768x593.jpg 768w, https:\/\/transformiran.com\/app\/uploads\/2024\/11\/CheraChonke-website-homepage-Nov-2024-lite-1-1536x1186.jpg 1536w, https:\/\/transformiran.com\/app\/uploads\/2024\/11\/CheraChonke-website-homepage-Nov-2024-lite-1.jpg 1861w\" sizes=\"(max-width: 1024px) 100vw, 1024px\" \/><figcaption class=\"wp-element-caption\">Ma\u00dfgeschneiderte christliche Website f\u00fcr iranische Kinder<\/figcaption><\/figure>\n<\/div>\n<\/div>\n\n<h3 class=\"wp-block-heading\">Interaktive christliche Ressourcen f\u00fcr iranische Kinder<\/h3>\n\n<p><\/p>\n\n<p><strong>Entwicklung eines digitalen Ressourcenzentrums:<\/strong> Durch gro\u00dfz\u00fcgige Investitionen strategischer Partner haben wir eine ma\u00dfgeschneiderte Kinderwebsite mit einer wachsenden F\u00fclle von Ressourcen f\u00fcr Eltern, Kinderpastoren und Lehrer sowie Evangeliumsvortr\u00e4ge f\u00fcr Kinder, interaktive Spiele, christliche Fernseh- und Audioprogramme f\u00fcr Kinder und vieles mehr geschaffen. <a href=\"http:\/\/www.cherachonke.com\/\" target=\"_blank\" rel=\"noreferrer noopener\">www.cherachonke.com<\/a> ist ein bahnbrechendes Evangelisierungsinstrument f\u00fcr die Kinder im Iran.  <\/p>\n\n<p><\/p>\n\n<h3 class=\"wp-block-heading has-black-color has-text-color has-link-color wp-elements-f3c6ffe0e554c7e4176fbf29937a8965\">Community Outreach und pers\u00f6nliche Unterst\u00fctzung<\/h3>\n\n<p><\/p>\n\n<p>Durch eine Reihe ma\u00dfgeschneiderter w\u00f6chentlicher Programme f\u00fcr den Einsatz in der Gemeinde (OCJ) werden christliche Kinder &#8211; und diejenigen, die sie erreichen wollen &#8211; zusammengebracht, um eine Gemeinschaft aufzubauen, sich an lehrreichen Freizeitaktivit\u00e4ten zu beteiligen, etwas \u00fcber Jesus zu lernen und in ihrer eigenen Identit\u00e4t und ihrem Glauben zu wachsen. Die Gemeinschaft unter Gleichaltrigen st\u00e4rkt die Kinder in ihrem Verst\u00e4ndnis des Evangeliums und in ihrem Vertrauen in die Evangelisation.   <\/p>\n\n<p><\/p>\n\n<p>Humanit\u00e4re Hilfe deckt ihre physischen Bed\u00fcrfnisse, einschlie\u00dflich nahrhafter Mahlzeiten, Winterkleidung und pers\u00f6nlicher Geschenke. Gebet und geistliche Unterst\u00fctzung f\u00fcr die ganze Familie. <\/p>\n\n<p><\/p>\n\n<blockquote class=\"wp-block-quote is-layout-flow wp-block-quote-is-layout-flow\">\n<p>Dies ist eine aufregende Art und Weise, Kindern die M\u00f6glichkeit zu geben, wirklich zu verstehen, wer Jesus ist, was er f\u00fcr sie getan hat, und ihm pers\u00f6nlich zu begegnen.<\/p>\n<\/blockquote>\n\n<p><\/p>\n\n<p>In geschlossenen L\u00e4ndern wie dem Iran und Afghanistan tun wir dies in viel kleineren Gruppen zu Hause, wobei wir sorgf\u00e4ltig auf ihre Sicherheit achten. Hier ist die Verf\u00fcgbarkeit von qualitativ hochwertigen digitalen Medien \u00fcber <a href=\"http:\/\/www.cherachonke.com\" target=\"_blank\" rel=\"noreferrer noopener\">www.cherachonke.com<\/a> unerl\u00e4sslich. <\/p>\n\n<p><a href=\"https:\/\/transformiran.com\/de\/unsere-arbeit\/operation-weihnachtsfreude\/\">Lesen Sie mehr \u00fcber Operation Christmas Joy (OCJ)<\/a><\/p>\n\n<p><\/p>\n\n<h3 class=\"wp-block-heading has-black-color has-text-color has-link-color wp-elements-843fd3d21f85786e04b8c7c74dfc613a\">Ausbildung von Kinderseelsorgern und Evangelisten<\/h3>\n\n<p><\/p>\n\n<p>Transform Iran bietet eine gr\u00fcndliche und pers\u00f6nliche Ausbildung an, damit Kinderpastoren und Evangelisten heranwachsen, die sicherstellen, dass die Botschaft des Evangeliums den Kindern auf eine Art und Weise vermittelt wird, die sie leicht verdauen k\u00f6nnen und die ihre Herzen anspricht.<\/p>\n\n<p><\/p>\n\n<div class=\"wp-block-group has-blue-background-color has-background\"><div class=\"wp-block-group__inner-container is-layout-constrained wp-block-group-is-layout-constrained\">\n<h2 class=\"wp-block-heading has-white-color has-text-color has-link-color wp-elements-07e8096f9a88a01a97def0795c1cc94e\">Werden Sie helfen, christliche Kinder zur \u00dcberwindung zu bef\u00e4higen?<\/h2>\n\n\n\n<p>Die Kinder im Iran brauchen unsere Hilfe, um die Herausforderungen zu meistern, mit denen sie konfrontiert sind, und um fest in ihrem Glauben zu stehen. Ihre Unterst\u00fctzung kann das Leben der iranischen Kinder ver\u00e4ndern und ihnen helfen, eine dauerhafte Beziehung zu Jesus aufzubauen und in ihren Gemeinden mutige Zeugen f\u00fcr Christus zu werden. <\/p>\n\n\n\n<div class=\"wp-block-buttons is-layout-flex wp-block-buttons-is-layout-flex\">\n<div class=\"wp-block-button\"><a class=\"wp-block-button__link wp-element-button\" href=\"https:\/\/transformiran.com\/de\/spenden-sie\/\">Jetzt spenden<\/a><\/div>\n<\/div>\n<\/div><\/div>\n\n<p><\/p>\n","protected":false},"excerpt":{"rendered":"<p>&#8220;Jesus sagte: &#8216;Lasst die kleinen Kinder zu mir kommen und hindert sie nicht daran, denn solchen geh\u00f6rt das Himmelreich.&#8217;&#8221; Matth\u00e4us 19:14 St\u00e4rkung der n\u00e4chsten Generation im Iran Wie wichtig es ist, die Kinder des Iran zu erreichen Die Kinder im Iran stehen vor immensen Herausforderungen: unterdr\u00fcckende Regime, Armut, Krieg und eine wachsende Krise der psychischen [&hellip;]<\/p>\n","protected":false},"author":4,"featured_media":23445,"parent":10875,"menu_order":0,"comment_status":"closed","ping_status":"closed","template":"page-work.php","meta":{"_acf_changed":false,"give_campaign_id":0,"om_disable_all_campaigns":false,"_mi_skip_tracking":false,"footnotes":""},"class_list":["post-23639","page","type-page","status-publish","has-post-thumbnail","hentry"],"acf":[],"yoast_head":"<!-- This site is optimized with the Yoast SEO plugin v27.2 - https:\/\/yoast.com\/product\/yoast-seo-wordpress\/ -->\n<title>Die Kinder erreichen - Transform Iran<\/title>\n<meta name=\"robots\" content=\"index, follow, max-snippet:-1, max-image-preview:large, max-video-preview:-1\" \/>\n<link rel=\"canonical\" href=\"https:\/\/transformiran.com\/de\/unsere-arbeit\/die-kinder-erreichen\/\" \/>\n<meta property=\"og:locale\" content=\"de_DE\" \/>\n<meta property=\"og:type\" content=\"article\" \/>\n<meta property=\"og:title\" content=\"Die Kinder erreichen - Transform Iran\" \/>\n<meta property=\"og:description\" content=\"&#8220;Jesus sagte: &#8216;Lasst die kleinen Kinder zu mir kommen und hindert sie nicht daran, denn solchen geh\u00f6rt das Himmelreich.&#039;&#8221; Matth\u00e4us 19:14 St\u00e4rkung der n\u00e4chsten Generation im Iran Wie wichtig es ist, die Kinder des Iran zu erreichen Die Kinder im Iran stehen vor immensen Herausforderungen: unterdr\u00fcckende Regime, Armut, Krieg und eine wachsende Krise der psychischen [&hellip;]\" \/>\n<meta property=\"og:url\" content=\"https:\/\/transformiran.com\/de\/unsere-arbeit\/die-kinder-erreichen\/\" \/>\n<meta property=\"og:site_name\" content=\"Transform Iran\" \/>\n<meta property=\"article:publisher\" content=\"https:\/\/www.facebook.com\/222MinistriesUSAInc\" \/>\n<meta property=\"article:modified_time\" content=\"2025-04-25T21:08:50+00:00\" \/>\n<meta property=\"og:image\" content=\"https:\/\/transformiran.com\/app\/uploads\/2024\/06\/child-looking-up-landscape-scaled.jpg\" \/>\n\t<meta property=\"og:image:width\" content=\"3000\" \/>\n\t<meta property=\"og:image:height\" content=\"2369\" \/>\n\t<meta property=\"og:image:type\" content=\"image\/jpeg\" \/>\n<meta name=\"twitter:card\" content=\"summary_large_image\" \/>\n<meta name=\"twitter:site\" content=\"@222minint\" \/>\n<meta name=\"twitter:label1\" content=\"Gesch\u00e4tzte Lesezeit\" \/>\n\t<meta name=\"twitter:data1\" content=\"5\u00a0Minuten\" \/>\n<script type=\"application\/ld+json\" class=\"yoast-schema-graph\">{\"@context\":\"https:\/\/schema.org\",\"@graph\":[{\"@type\":\"WebPage\",\"@id\":\"https:\/\/transformiran.com\/de\/unsere-arbeit\/die-kinder-erreichen\/\",\"url\":\"https:\/\/transformiran.com\/de\/unsere-arbeit\/die-kinder-erreichen\/\",\"name\":\"Die Kinder erreichen - Transform Iran\",\"isPartOf\":{\"@id\":\"https:\/\/transformiran.com\/de\/#website\"},\"primaryImageOfPage\":{\"@id\":\"https:\/\/transformiran.com\/de\/unsere-arbeit\/die-kinder-erreichen\/#primaryimage\"},\"image\":{\"@id\":\"https:\/\/transformiran.com\/de\/unsere-arbeit\/die-kinder-erreichen\/#primaryimage\"},\"thumbnailUrl\":\"https:\/\/transformiran.com\/app\/uploads\/2024\/06\/child-looking-up-landscape-scaled.jpg\",\"datePublished\":\"2024-06-03T22:45:38+00:00\",\"dateModified\":\"2025-04-25T21:08:50+00:00\",\"breadcrumb\":{\"@id\":\"https:\/\/transformiran.com\/de\/unsere-arbeit\/die-kinder-erreichen\/#breadcrumb\"},\"inLanguage\":\"de\",\"potentialAction\":[{\"@type\":\"ReadAction\",\"target\":[\"https:\/\/transformiran.com\/de\/unsere-arbeit\/die-kinder-erreichen\/\"]}]},{\"@type\":\"ImageObject\",\"inLanguage\":\"de\",\"@id\":\"https:\/\/transformiran.com\/de\/unsere-arbeit\/die-kinder-erreichen\/#primaryimage\",\"url\":\"https:\/\/transformiran.com\/app\/uploads\/2024\/06\/child-looking-up-landscape-scaled.jpg\",\"contentUrl\":\"https:\/\/transformiran.com\/app\/uploads\/2024\/06\/child-looking-up-landscape-scaled.jpg\",\"width\":3000,\"height\":2369},{\"@type\":\"BreadcrumbList\",\"@id\":\"https:\/\/transformiran.com\/de\/unsere-arbeit\/die-kinder-erreichen\/#breadcrumb\",\"itemListElement\":[{\"@type\":\"ListItem\",\"position\":1,\"name\":\"Home\",\"item\":\"https:\/\/transformiran.com\/de\/startseite\/\"},{\"@type\":\"ListItem\",\"position\":2,\"name\":\"Unsere Arbeit\",\"item\":\"https:\/\/transformiran.com\/de\/unsere-arbeit\/\"},{\"@type\":\"ListItem\",\"position\":3,\"name\":\"Die Kinder erreichen\"}]},{\"@type\":\"WebSite\",\"@id\":\"https:\/\/transformiran.com\/de\/#website\",\"url\":\"https:\/\/transformiran.com\/de\/\",\"name\":\"Transform Iran\",\"description\":\"Bringing the love and power of Christ to Iran - and beyond\",\"publisher\":{\"@id\":\"https:\/\/transformiran.com\/de\/#organization\"},\"potentialAction\":[{\"@type\":\"SearchAction\",\"target\":{\"@type\":\"EntryPoint\",\"urlTemplate\":\"https:\/\/transformiran.com\/de\/?s={search_term_string}\"},\"query-input\":{\"@type\":\"PropertyValueSpecification\",\"valueRequired\":true,\"valueName\":\"search_term_string\"}}],\"inLanguage\":\"de\"},{\"@type\":\"Organization\",\"@id\":\"https:\/\/transformiran.com\/de\/#organization\",\"name\":\"Transform Iran\",\"url\":\"https:\/\/transformiran.com\/de\/\",\"logo\":{\"@type\":\"ImageObject\",\"inLanguage\":\"de\",\"@id\":\"https:\/\/transformiran.com\/de\/#\/schema\/logo\/image\/\",\"url\":\"https:\/\/transformiran.com\/app\/uploads\/2022\/11\/logo_grey.jpg\",\"contentUrl\":\"https:\/\/transformiran.com\/app\/uploads\/2022\/11\/logo_grey.jpg\",\"width\":528,\"height\":90,\"caption\":\"Transform Iran\"},\"image\":{\"@id\":\"https:\/\/transformiran.com\/de\/#\/schema\/logo\/image\/\"},\"sameAs\":[\"https:\/\/www.facebook.com\/222MinistriesUSAInc\",\"https:\/\/x.com\/222minint\",\"https:\/\/www.instagram.com\/222ministriesinternational\/\"]}]}<\/script>\n<!-- \/ Yoast SEO plugin. -->","yoast_head_json":{"title":"Die Kinder erreichen - Transform Iran","robots":{"index":"index","follow":"follow","max-snippet":"max-snippet:-1","max-image-preview":"max-image-preview:large","max-video-preview":"max-video-preview:-1"},"canonical":"https:\/\/transformiran.com\/de\/unsere-arbeit\/die-kinder-erreichen\/","og_locale":"de_DE","og_type":"article","og_title":"Die Kinder erreichen - Transform Iran","og_description":"&#8220;Jesus sagte: &#8216;Lasst die kleinen Kinder zu mir kommen und hindert sie nicht daran, denn solchen geh\u00f6rt das Himmelreich.'&#8221; Matth\u00e4us 19:14 St\u00e4rkung der n\u00e4chsten Generation im Iran Wie wichtig es ist, die Kinder des Iran zu erreichen Die Kinder im Iran stehen vor immensen Herausforderungen: unterdr\u00fcckende Regime, Armut, Krieg und eine wachsende Krise der psychischen [&hellip;]","og_url":"https:\/\/transformiran.com\/de\/unsere-arbeit\/die-kinder-erreichen\/","og_site_name":"Transform Iran","article_publisher":"https:\/\/www.facebook.com\/222MinistriesUSAInc","article_modified_time":"2025-04-25T21:08:50+00:00","og_image":[{"width":3000,"height":2369,"url":"https:\/\/transformiran.com\/app\/uploads\/2024\/06\/child-looking-up-landscape-scaled.jpg","type":"image\/jpeg"}],"twitter_card":"summary_large_image","twitter_site":"@222minint","twitter_misc":{"Gesch\u00e4tzte Lesezeit":"5\u00a0Minuten"},"schema":{"@context":"https:\/\/schema.org","@graph":[{"@type":"WebPage","@id":"https:\/\/transformiran.com\/de\/unsere-arbeit\/die-kinder-erreichen\/","url":"https:\/\/transformiran.com\/de\/unsere-arbeit\/die-kinder-erreichen\/","name":"Die Kinder erreichen - Transform Iran","isPartOf":{"@id":"https:\/\/transformiran.com\/de\/#website"},"primaryImageOfPage":{"@id":"https:\/\/transformiran.com\/de\/unsere-arbeit\/die-kinder-erreichen\/#primaryimage"},"image":{"@id":"https:\/\/transformiran.com\/de\/unsere-arbeit\/die-kinder-erreichen\/#primaryimage"},"thumbnailUrl":"https:\/\/transformiran.com\/app\/uploads\/2024\/06\/child-looking-up-landscape-scaled.jpg","datePublished":"2024-06-03T22:45:38+00:00","dateModified":"2025-04-25T21:08:50+00:00","breadcrumb":{"@id":"https:\/\/transformiran.com\/de\/unsere-arbeit\/die-kinder-erreichen\/#breadcrumb"},"inLanguage":"de","potentialAction":[{"@type":"ReadAction","target":["https:\/\/transformiran.com\/de\/unsere-arbeit\/die-kinder-erreichen\/"]}]},{"@type":"ImageObject","inLanguage":"de","@id":"https:\/\/transformiran.com\/de\/unsere-arbeit\/die-kinder-erreichen\/#primaryimage","url":"https:\/\/transformiran.com\/app\/uploads\/2024\/06\/child-looking-up-landscape-scaled.jpg","contentUrl":"https:\/\/transformiran.com\/app\/uploads\/2024\/06\/child-looking-up-landscape-scaled.jpg","width":3000,"height":2369},{"@type":"BreadcrumbList","@id":"https:\/\/transformiran.com\/de\/unsere-arbeit\/die-kinder-erreichen\/#breadcrumb","itemListElement":[{"@type":"ListItem","position":1,"name":"Home","item":"https:\/\/transformiran.com\/de\/startseite\/"},{"@type":"ListItem","position":2,"name":"Unsere Arbeit","item":"https:\/\/transformiran.com\/de\/unsere-arbeit\/"},{"@type":"ListItem","position":3,"name":"Die Kinder erreichen"}]},{"@type":"WebSite","@id":"https:\/\/transformiran.com\/de\/#website","url":"https:\/\/transformiran.com\/de\/","name":"Transform Iran","description":"Bringing the love and power of Christ to Iran - and beyond","publisher":{"@id":"https:\/\/transformiran.com\/de\/#organization"},"potentialAction":[{"@type":"SearchAction","target":{"@type":"EntryPoint","urlTemplate":"https:\/\/transformiran.com\/de\/?s={search_term_string}"},"query-input":{"@type":"PropertyValueSpecification","valueRequired":true,"valueName":"search_term_string"}}],"inLanguage":"de"},{"@type":"Organization","@id":"https:\/\/transformiran.com\/de\/#organization","name":"Transform Iran","url":"https:\/\/transformiran.com\/de\/","logo":{"@type":"ImageObject","inLanguage":"de","@id":"https:\/\/transformiran.com\/de\/#\/schema\/logo\/image\/","url":"https:\/\/transformiran.com\/app\/uploads\/2022\/11\/logo_grey.jpg","contentUrl":"https:\/\/transformiran.com\/app\/uploads\/2022\/11\/logo_grey.jpg","width":528,"height":90,"caption":"Transform Iran"},"image":{"@id":"https:\/\/transformiran.com\/de\/#\/schema\/logo\/image\/"},"sameAs":["https:\/\/www.facebook.com\/222MinistriesUSAInc","https:\/\/x.com\/222minint","https:\/\/www.instagram.com\/222ministriesinternational\/"]}]}},"campaignId":"","_links":{"self":[{"href":"https:\/\/transformiran.com\/de\/wp-json\/wp\/v2\/pages\/23639","targetHints":{"allow":["GET"]}}],"collection":[{"href":"https:\/\/transformiran.com\/de\/wp-json\/wp\/v2\/pages"}],"about":[{"href":"https:\/\/transformiran.com\/de\/wp-json\/wp\/v2\/types\/page"}],"author":[{"embeddable":true,"href":"https:\/\/transformiran.com\/de\/wp-json\/wp\/v2\/users\/4"}],"replies":[{"embeddable":true,"href":"https:\/\/transformiran.com\/de\/wp-json\/wp\/v2\/comments?post=23639"}],"version-history":[{"count":0,"href":"https:\/\/transformiran.com\/de\/wp-json\/wp\/v2\/pages\/23639\/revisions"}],"up":[{"embeddable":true,"href":"https:\/\/transformiran.com\/de\/wp-json\/wp\/v2\/pages\/10875"}],"wp:featuredmedia":[{"embeddable":true,"href":"https:\/\/transformiran.com\/de\/wp-json\/wp\/v2\/media\/23445"}],"wp:attachment":[{"href":"https:\/\/transformiran.com\/de\/wp-json\/wp\/v2\/media?parent=23639"}],"curies":[{"name":"wp","href":"https:\/\/api.w.org\/{rel}","templated":true}]}}