{"id":11588,"date":"2022-11-03T12:20:57","date_gmt":"2022-11-03T12:20:57","guid":{"rendered":"https:\/\/transformiran.com\/centro-de-apologetica\/"},"modified":"2026-02-11T15:21:47","modified_gmt":"2026-02-11T15:21:47","slug":"centro-de-apologetica","status":"publish","type":"page","link":"https:\/\/transformiran.com\/es\/nuestro-trabajo\/centro-de-apologetica\/","title":{"rendered":"Centro de Apolog\u00e9tica"},"content":{"rendered":"\n<div class=\"wp-block-buttons is-content-justification-center is-layout-flex wp-container-core-buttons-is-layout-16018d1d wp-block-buttons-is-layout-flex\">\n<div class=\"wp-block-button\"><a class=\"wp-block-button__link has-white-color has-vivid-red-background-color has-text-color has-background has-link-color wp-element-button\" href=\"https:\/\/transformiran.com\/es\/donar\/\">Invierte hoy en Apolog\u00e9tica Cristiana Farsi<\/a><\/div>\n<\/div>\n\n<h2 class=\"wp-block-heading\"><mark style=\"background-color:rgba(0, 0, 0, 0);color:#b38e44\" class=\"has-inline-color\">La Necesidad de la Apolog\u00e9tica Cristiana: Responder a las Preguntas de los Buscadores con la Verdad y el Respeto<\/mark><\/h2>\n\n<p><\/p>\n\n<p class=\"has-medium-font-size\"><em>&#8220;Estad siempre preparados para responder a todo el que os pida raz\u00f3n de la esperanza que ten\u00e9is. Pero hacedlo con mansedumbre y respeto&#8221;<\/em> 1 Pedro 3:15<\/p>\n\n<p><\/p>\n\n<p class=\"has-medium-font-size\">La apolog\u00e9tica cristiana da una respuesta clara y convincente a las aut\u00e9nticas objeciones a la fe. Existe una gran necesidad de proporcionar apolog\u00e9tica cristiana en lengua farsi, prestando atenci\u00f3n a las preguntas espec\u00edficas que tendr\u00e1n los iran\u00edes que se han criado con una cosmovisi\u00f3n musulmana chi\u00edta.<\/p>\n\n<p><\/p>\n\n<figure class=\"wp-block-embed is-type-video is-provider-youtube wp-block-embed-youtube wp-embed-aspect-16-9 wp-has-aspect-ratio\"><div class=\"wp-block-embed__wrapper\">\n<iframe title=\"Answering the Questions of Iranian Seekers (1 Minute)\" width=\"500\" height=\"281\" src=\"https:\/\/www.youtube.com\/embed\/ynBhBkZiAC4?feature=oembed\" frameborder=\"0\" allow=\"accelerometer; autoplay; clipboard-write; encrypted-media; gyroscope; picture-in-picture; web-share\" referrerpolicy=\"strict-origin-when-cross-origin\" allowfullscreen><\/iframe>\n<\/div><figcaption class=\"wp-element-caption\">Los iran\u00edes est\u00e1n abandonando el Islam y buscan activamente otras religiones. Est\u00e1n desilusionados y llenos de preguntas.&nbsp; El experimentado equipo de apologistas y te\u00f3logos deTransform Iran responde a todas ellas.<\/figcaption><\/figure>\n\n<p><\/p>\n\n<h2 class=\"wp-block-heading has-black-color has-text-color has-link-color wp-elements-a3d84127488e5efdf28ae3799d4da819\"><mark style=\"background-color:rgba(0, 0, 0, 0);color:#b38e44\" class=\"has-inline-color\">Responder a las preguntas que se plantean<\/mark><\/h2>\n\n<p><\/p>\n\n<p>Transform IranEl sitio <a href=\"https:\/\/porpasokh.com\/\">Porpasokh (=Preguntas y Respuestas) de Porpasokh<\/a> atrae a decenas de miles de visitantes cada mes y responde directamente a las preguntas de los buscadores. Los temas abarcan la vida, el sentido, la fe, la teolog\u00eda, la espiritualidad y la filosof\u00eda. Nuestro experimentado equipo de apologistas y te\u00f3logos responde a todas ellas. En el caso de las preguntas de mayor inter\u00e9s, las respuestas se publican en forma de art\u00edculos en el sitio web para que puedan beneficiarse m\u00e1s personas.  <\/p>\n\n<p>Hasta la fecha se han publicado en el sitio m\u00e1s de 6.400 respuestas a preguntas clave y muchos han llegado a la salvaci\u00f3n gracias a ello. El sitio tambi\u00e9n se utiliza para el discipulado, el crecimiento personal y el desarrollo del liderazgo. Los creyentes vienen por s\u00ed mismos, o para ayudarles en su liderazgo eclesi\u00e1stico y en la evangelizaci\u00f3n. Los l\u00edderes de las iglesias en casa se ponen en contacto con nosotros regularmente para darnos las gracias por el sitio. Es un recurso inestimable para ellos.<\/p>\n\n<p><\/p>\n\n<h2 class=\"wp-block-heading has-black-color has-text-color has-link-color wp-elements-76d0a0983e32ce6033803b64d7ab6bbc\"><mark style=\"background-color:rgba(0, 0, 0, 0);color:#b38e44\" class=\"has-inline-color\">Utilizar el poder y el alcance de los medios de comunicaci\u00f3n<\/mark><\/h2>\n\n<p><\/p>\n\n<p>El sitio web de Porpasokh funciona junto con una presencia dedicada en las redes sociales y programas de apoyo emitidos por televisi\u00f3n v\u00eda sat\u00e9lite que, juntos, garantizan que los iran\u00edes que tengan preguntas sobre la fe puedan encontrar f\u00e1cilmente sus respuestas.<\/p>\n\n<p>El Rev. Vrezh, director de este ministerio, comparte su pasi\u00f3n:<\/p>\n\n<p><\/p>\n\n<blockquote class=\"wp-block-quote is-layout-flow wp-block-quote-is-layout-flow\">\n<p>Creo que Jes\u00fas mismo actuaba en la mente de la gente, no s\u00f3lo en su coraz\u00f3n. Trat\u00f3 y desarraig\u00f3 fortalezas mentales. Entonces entr\u00f3 con su poderoso amor y los cur\u00f3. El ap\u00f3stol Pablo dice que tenemos que derribar las mentalidades que se oponen al evangelio, al conocimiento de Dios. Eso es lo que hacemos. Educamos y liberamos. Quitamos esas fortalezas de la mente de las personas que querr\u00edan exaltarse a s\u00ed mismas por encima de la verdad del Evangelio, para que entonces podamos entrar y ver la salvaci\u00f3n en sus vidas.<\/p>\n<\/blockquote>\n\n<p><\/p>\n\n<p><strong>Porpasokh tiene la visi\u00f3n de ver una iglesia arraigada, creciente y fortalecida, en Ir\u00e1n y en el mundo de habla farsi, donde las mentalidades y las fortalezas opuestas al evangelio de Cristo sean desmanteladas y derribadas por la verdad de la palabra de Dios.  <\/strong><\/p>\n\n<p><\/p>\n\n<p><a href=\"https:\/\/transformiran.com\/es\/impacto\/formacion-de-consejeros-en-adicciones-2\/\">Lee c\u00f3mo Transform Iran forma a los apologistas de Ir\u00e1n<\/a><\/p>\n\n<div class=\"wp-block-columns is-layout-flex wp-container-core-columns-is-layout-9d6595d7 wp-block-columns-is-layout-flex\">\n<div class=\"wp-block-column is-layout-flow wp-block-column-is-layout-flow\">\n<figure class=\"wp-block-image size-large\"><img decoding=\"async\" width=\"1024\" height=\"1024\" src=\"https:\/\/transformiran.com\/app\/uploads\/2025\/02\/1-1024x1024.png\" alt=\"Los iran&#xED;es est&#xE1;n hartos de la religi&#xF3;n, que les ha controlado y manipulado. Pero los iran&#xED;es son personas innatamente espirituales y siguen hambrientos de verdad. Ir&#xE1;n necesita apologistas formados que comprendan el viaje que emprenden los iran&#xED;es cuando intentan abandonar el Islam y buscar una alternativa.  \" class=\"wp-image-29176\" style=\"aspect-ratio:1;object-fit:cover\" srcset=\"https:\/\/transformiran.com\/app\/uploads\/2025\/02\/1-1024x1024.png 1024w, https:\/\/transformiran.com\/app\/uploads\/2025\/02\/1-300x300.png 300w, https:\/\/transformiran.com\/app\/uploads\/2025\/02\/1-150x150.png 150w, https:\/\/transformiran.com\/app\/uploads\/2025\/02\/1-768x768.png 768w, https:\/\/transformiran.com\/app\/uploads\/2025\/02\/1-1536x1536.png 1536w, https:\/\/transformiran.com\/app\/uploads\/2025\/02\/1-400x400.png 400w, https:\/\/transformiran.com\/app\/uploads\/2025\/02\/1-600x600.png 600w, https:\/\/transformiran.com\/app\/uploads\/2025\/02\/1.png 1890w\" sizes=\"(max-width: 1024px) 100vw, 1024px\" \/><\/figure>\n<\/div>\n\n\n\n<div class=\"wp-block-column is-layout-flow wp-block-column-is-layout-flow\">\n<figure class=\"wp-block-image size-large\"><img decoding=\"async\" width=\"1024\" height=\"1024\" src=\"https:\/\/transformiran.com\/app\/uploads\/2025\/02\/2-1024x1024.png\" alt=\"\" class=\"wp-image-29183\" style=\"aspect-ratio:1;object-fit:cover\" srcset=\"https:\/\/transformiran.com\/app\/uploads\/2025\/02\/2-1024x1024.png 1024w, https:\/\/transformiran.com\/app\/uploads\/2025\/02\/2-300x300.png 300w, https:\/\/transformiran.com\/app\/uploads\/2025\/02\/2-150x150.png 150w, https:\/\/transformiran.com\/app\/uploads\/2025\/02\/2-768x768.png 768w, https:\/\/transformiran.com\/app\/uploads\/2025\/02\/2-1536x1536.png 1536w, https:\/\/transformiran.com\/app\/uploads\/2025\/02\/2-400x400.png 400w, https:\/\/transformiran.com\/app\/uploads\/2025\/02\/2-600x600.png 600w, https:\/\/transformiran.com\/app\/uploads\/2025\/02\/2.png 1890w\" sizes=\"(max-width: 1024px) 100vw, 1024px\" \/><\/figure>\n<\/div>\n<\/div>\n\n<h2 class=\"wp-block-heading\">Transform Iran lanza una herramienta de IA cristiana<\/h2>\n\n<p>El 23 de julio de 2025, tras siete meses de intenso desarrollo y dos meses m\u00e1s de meticulosa revisi\u00f3n de contenidos, Transform Iran lanz\u00f3 <a href=\"https:\/\/ai.porpasokh.com\/\" target=\"_blank\" rel=\"noreferrer noopener\">https:\/\/ai.porpasokh.com<\/a>, la primera IA cristiana iran\u00ed dise\u00f1ada para responder a preguntas sobre la fe, la espiritualidad, la teolog\u00eda y la verdad, as\u00ed como a las preguntas desafiantes que plantean los musulmanes sobre el cristianismo.<\/p>\n\n<p><\/p>\n\n<p>La composici\u00f3n internacional del equipo de 17 desarrolladores, investigadores y analistas que trabajan en este proyecto (incluidos miembros de Ir\u00e1n) refleja tanto el alcance mundial de la di\u00e1spora cristiana iran\u00ed como el esp\u00edritu de colaboraci\u00f3n necesario para un proyecto de esta envergadura. El sitio est\u00e1 disponible gratuitamente en 254 idiomas. Te invitamos a que <a href=\"https:\/\/kairosai.nl\/\" target=\"_blank\" rel=\"noreferrer noopener\">lo pruebes<\/a> y te beneficies de esta poderosa herramienta cristiana.  <\/p>\n\n<p><\/p>\n\n<p><a href=\"https:\/\/transformiran.com\/es\/nuestro-trabajo\/desarrollo-de-liderazgo\/\">Leer m\u00e1s sobre Kairos, la innovadora herramienta de IA cristiana de Transform Iran<\/a><\/p>\n\n<p><\/p>\n\n<h2 class=\"wp-block-heading\">Testimonios de transformaci\u00f3n<\/h2>\n\n<p><\/p>\n\n<blockquote class=\"wp-block-quote is-layout-flow wp-block-quote-is-layout-flow\">\n<p>Estuve buscando en Internet, investigando y el bautismo se convirti\u00f3 en un tema cr\u00edtico para m\u00ed. Finalmente encontr\u00e9 el sitio Porpasokh y vi que muchos creyentes hacen sus preguntas y obtienen respuesta, y me anim\u00e9 y pregunt\u00e9 sobre el bautismo, y me lleg\u00f3 un correo electr\u00f3nico present\u00e1ndome a un pastor que respondi\u00f3 a mis preguntas y me aconsej\u00f3.<\/p>\n<\/blockquote>\n\n<p><\/p>\n\n<blockquote class=\"wp-block-quote is-layout-flow wp-block-quote-is-layout-flow\">\n<p>Su p\u00e1gina web nos ha ayudado en el trabajo pastoral y en la evangelizaci\u00f3n. Le remitimos a la gente.<\/p>\n<\/blockquote>\n\n<p><\/p>\n\n<div class=\"wp-block-columns is-layout-flex wp-container-core-columns-is-layout-9d6595d7 wp-block-columns-is-layout-flex\">\n<div class=\"wp-block-column is-layout-flow wp-block-column-is-layout-flow\">\n<figure class=\"wp-block-image size-large\"><img decoding=\"async\" width=\"1024\" height=\"1024\" src=\"https:\/\/transformiran.com\/app\/uploads\/2026\/02\/202602-Salvation-Testimony-Apologetics-Ministry-Amid-Protests-Suffering-and-Scrutiny-1024x1024.jpg\" alt=\"\" class=\"wp-image-35733\" srcset=\"https:\/\/transformiran.com\/app\/uploads\/2026\/02\/202602-Salvation-Testimony-Apologetics-Ministry-Amid-Protests-Suffering-and-Scrutiny-1024x1024.jpg 1024w, https:\/\/transformiran.com\/app\/uploads\/2026\/02\/202602-Salvation-Testimony-Apologetics-Ministry-Amid-Protests-Suffering-and-Scrutiny-300x300.jpg 300w, https:\/\/transformiran.com\/app\/uploads\/2026\/02\/202602-Salvation-Testimony-Apologetics-Ministry-Amid-Protests-Suffering-and-Scrutiny-150x150.jpg 150w, https:\/\/transformiran.com\/app\/uploads\/2026\/02\/202602-Salvation-Testimony-Apologetics-Ministry-Amid-Protests-Suffering-and-Scrutiny-768x768.jpg 768w, https:\/\/transformiran.com\/app\/uploads\/2026\/02\/202602-Salvation-Testimony-Apologetics-Ministry-Amid-Protests-Suffering-and-Scrutiny.jpg 1080w\" sizes=\"(max-width: 1024px) 100vw, 1024px\" \/><\/figure>\n<\/div>\n\n\n\n<div class=\"wp-block-column is-layout-flow wp-block-column-is-layout-flow\">\n<figure class=\"wp-block-image size-large\"><img decoding=\"async\" width=\"1024\" height=\"1024\" src=\"https:\/\/transformiran.com\/app\/uploads\/2026\/02\/20250312-Apologetics-testimonies-for-SM-1-1024x1024.png\" alt=\"\" class=\"wp-image-35741\" srcset=\"https:\/\/transformiran.com\/app\/uploads\/2026\/02\/20250312-Apologetics-testimonies-for-SM-1-1024x1024.png 1024w, https:\/\/transformiran.com\/app\/uploads\/2026\/02\/20250312-Apologetics-testimonies-for-SM-1-300x300.png 300w, https:\/\/transformiran.com\/app\/uploads\/2026\/02\/20250312-Apologetics-testimonies-for-SM-1-150x150.png 150w, https:\/\/transformiran.com\/app\/uploads\/2026\/02\/20250312-Apologetics-testimonies-for-SM-1-768x768.png 768w, https:\/\/transformiran.com\/app\/uploads\/2026\/02\/20250312-Apologetics-testimonies-for-SM-1.png 1080w\" sizes=\"(max-width: 1024px) 100vw, 1024px\" \/><\/figure>\n<\/div>\n<\/div>\n\n<h3 class=\"wp-block-heading has-black-color has-text-color has-link-color wp-elements-47904e8acdf2bcd99847e304de80632f\">De cuestionar a creer: El viaje de fe de Arezoo a trav\u00e9s del Ministerio Porpasokh<\/h3>\n\n<p><\/p>\n\n<blockquote class=\"wp-block-quote is-layout-flow wp-block-quote-is-layout-flow\">\n<p>Arezoo, que conoci\u00f3 a Cristo a trav\u00e9s del ministerio Porpasokh, comparti\u00f3 un poderoso testimonio. Tras recibir respuesta a sus preguntas iniciales, se puso en contacto con el equipo de seguimiento, que continu\u00f3 discipul\u00e1ndola y gui\u00e1ndola. A trav\u00e9s de estas conversaciones, Arezoo recibi\u00f3 la verdad, entreg\u00f3 su coraz\u00f3n a Cristo y busc\u00f3 ansiosamente m\u00e1s comprensi\u00f3n. Poco despu\u00e9s, durante varias noches, su sobrino de dos a\u00f1os sufri\u00f3 un reflujo grave. Noche tras noche, lloraba de dolor, y su peque\u00f1o cuerpo se debilitaba a medida que su estado empeoraba. A Arezoo se le part\u00eda el coraz\u00f3n al verlo en semejante agon\u00eda. Angustiada, rez\u00f3 con fervor, ley\u00f3 la Biblia y pidi\u00f3 a Dios que lo curara. A la ma\u00f1ana siguiente se produjo un milagro: el ni\u00f1o se despert\u00f3 completamente curado, comiendo y jugando como siempre. Su madre estaba tan conmovida que rompi\u00f3 a llorar.        <\/p>\n<\/blockquote>\n\n<p><\/p>\n\n<p><strong>La historia de Arezoo revela una profunda verdad: la fe sincera trae una respuesta misericordiosa de nuestro Padre Celestial. En s\u00f3lo un mes de conocer a Cristo a trav\u00e9s de Porpasokh, Arezoo fue testigo directo de que Dios est\u00e1 vivo, escucha sus oraciones y las responde con amor. <\/strong><\/p>\n\n<p><\/p>\n\n<p class=\"has-red-color has-text-color has-link-color has-medium-font-size wp-elements-2109d84a55067a4a397af5e6388d1981\">El ministerio de Porpasokh sigue sirviendo como faro de esperanza, proporcionando respuestas y fomentando la fe, al tiempo que nutre a una creciente comunidad de creyentes en Ir\u00e1n y m\u00e1s all\u00e1.<\/p>\n\n<div class=\"wp-block-buttons is-content-justification-center is-layout-flex wp-container-core-buttons-is-layout-16018d1d wp-block-buttons-is-layout-flex\">\n<div class=\"wp-block-button\"><a class=\"wp-block-button__link has-white-color has-vivid-red-background-color has-text-color has-background has-link-color wp-element-button\" href=\"https:\/\/transformiran.com\/es\/donar\/\">Invierte hoy en Apolog\u00e9tica Cristiana Farsi<\/a><\/div>\n<\/div>\n\n<p><\/p>\n","protected":false},"excerpt":{"rendered":"<p>La Necesidad de la Apolog\u00e9tica Cristiana: Responder a las Preguntas de los Buscadores con la Verdad y el Respeto &#8220;Estad siempre preparados para responder a todo el que os pida raz\u00f3n de la esperanza que ten\u00e9is. Pero hacedlo con mansedumbre y respeto&#8221; 1 Pedro 3:15 La apolog\u00e9tica cristiana da una respuesta clara y convincente a [&hellip;]<\/p>\n","protected":false},"author":1,"featured_media":0,"parent":11602,"menu_order":0,"comment_status":"closed","ping_status":"closed","template":"page-work.php","meta":{"_acf_changed":false,"give_campaign_id":0,"om_disable_all_campaigns":false,"_mi_skip_tracking":false,"footnotes":""},"class_list":["post-11588","page","type-page","status-publish","hentry"],"acf":[],"yoast_head":"<!-- This site is optimized with the Yoast SEO plugin v27.2 - https:\/\/yoast.com\/product\/yoast-seo-wordpress\/ -->\n<title>Centro de Apolog\u00e9tica - Transform Iran<\/title>\n<meta name=\"robots\" content=\"index, follow, max-snippet:-1, max-image-preview:large, max-video-preview:-1\" \/>\n<link rel=\"canonical\" href=\"https:\/\/transformiran.com\/es\/nuestro-trabajo\/centro-de-apologetica\/\" \/>\n<meta property=\"og:locale\" content=\"es_ES\" \/>\n<meta property=\"og:type\" content=\"article\" \/>\n<meta property=\"og:title\" content=\"Centro de Apolog\u00e9tica - Transform Iran\" \/>\n<meta property=\"og:description\" content=\"La Necesidad de la Apolog\u00e9tica Cristiana: Responder a las Preguntas de los Buscadores con la Verdad y el Respeto &#8220;Estad siempre preparados para responder a todo el que os pida raz\u00f3n de la esperanza que ten\u00e9is. Pero hacedlo con mansedumbre y respeto&#8221; 1 Pedro 3:15 La apolog\u00e9tica cristiana da una respuesta clara y convincente a [&hellip;]\" \/>\n<meta property=\"og:url\" content=\"https:\/\/transformiran.com\/es\/nuestro-trabajo\/centro-de-apologetica\/\" \/>\n<meta property=\"og:site_name\" content=\"Transform Iran\" \/>\n<meta property=\"article:publisher\" content=\"https:\/\/www.facebook.com\/222MinistriesUSAInc\" \/>\n<meta property=\"article:modified_time\" content=\"2026-02-11T15:21:47+00:00\" \/>\n<meta property=\"og:image\" content=\"https:\/\/transformiran.com\/app\/uploads\/2025\/02\/1.png\" \/>\n\t<meta property=\"og:image:width\" content=\"1890\" \/>\n\t<meta property=\"og:image:height\" content=\"1890\" \/>\n\t<meta property=\"og:image:type\" content=\"image\/png\" \/>\n<meta name=\"twitter:card\" content=\"summary_large_image\" \/>\n<meta name=\"twitter:site\" content=\"@222minint\" \/>\n<meta name=\"twitter:label1\" content=\"Tiempo de lectura\" \/>\n\t<meta name=\"twitter:data1\" content=\"5 minutos\" \/>\n<script type=\"application\/ld+json\" class=\"yoast-schema-graph\">{\"@context\":\"https:\/\/schema.org\",\"@graph\":[{\"@type\":\"WebPage\",\"@id\":\"https:\/\/transformiran.com\/es\/nuestro-trabajo\/centro-de-apologetica\/\",\"url\":\"https:\/\/transformiran.com\/es\/nuestro-trabajo\/centro-de-apologetica\/\",\"name\":\"Centro de Apolog\u00e9tica - Transform Iran\",\"isPartOf\":{\"@id\":\"https:\/\/transformiran.com\/es\/#website\"},\"primaryImageOfPage\":{\"@id\":\"https:\/\/transformiran.com\/es\/nuestro-trabajo\/centro-de-apologetica\/#primaryimage\"},\"image\":{\"@id\":\"https:\/\/transformiran.com\/es\/nuestro-trabajo\/centro-de-apologetica\/#primaryimage\"},\"thumbnailUrl\":\"https:\/\/transformiran.com\/app\/uploads\/2025\/02\/1-1024x1024.png\",\"datePublished\":\"2022-11-03T12:20:57+00:00\",\"dateModified\":\"2026-02-11T15:21:47+00:00\",\"breadcrumb\":{\"@id\":\"https:\/\/transformiran.com\/es\/nuestro-trabajo\/centro-de-apologetica\/#breadcrumb\"},\"inLanguage\":\"es\",\"potentialAction\":[{\"@type\":\"ReadAction\",\"target\":[\"https:\/\/transformiran.com\/es\/nuestro-trabajo\/centro-de-apologetica\/\"]}]},{\"@type\":\"ImageObject\",\"inLanguage\":\"es\",\"@id\":\"https:\/\/transformiran.com\/es\/nuestro-trabajo\/centro-de-apologetica\/#primaryimage\",\"url\":\"https:\/\/transformiran.com\/app\/uploads\/2025\/02\/1-1024x1024.png\",\"contentUrl\":\"https:\/\/transformiran.com\/app\/uploads\/2025\/02\/1-1024x1024.png\"},{\"@type\":\"BreadcrumbList\",\"@id\":\"https:\/\/transformiran.com\/es\/nuestro-trabajo\/centro-de-apologetica\/#breadcrumb\",\"itemListElement\":[{\"@type\":\"ListItem\",\"position\":1,\"name\":\"Home\",\"item\":\"https:\/\/transformiran.com\/es\/inicio-2\/\"},{\"@type\":\"ListItem\",\"position\":2,\"name\":\"Nuestro trabajo\",\"item\":\"https:\/\/transformiran.com\/es\/nuestro-trabajo\/\"},{\"@type\":\"ListItem\",\"position\":3,\"name\":\"Centro de Apolog\u00e9tica\"}]},{\"@type\":\"WebSite\",\"@id\":\"https:\/\/transformiran.com\/es\/#website\",\"url\":\"https:\/\/transformiran.com\/es\/\",\"name\":\"Transform Iran\",\"description\":\"Bringing the love and power of Christ to Iran - and beyond\",\"publisher\":{\"@id\":\"https:\/\/transformiran.com\/es\/#organization\"},\"potentialAction\":[{\"@type\":\"SearchAction\",\"target\":{\"@type\":\"EntryPoint\",\"urlTemplate\":\"https:\/\/transformiran.com\/es\/?s={search_term_string}\"},\"query-input\":{\"@type\":\"PropertyValueSpecification\",\"valueRequired\":true,\"valueName\":\"search_term_string\"}}],\"inLanguage\":\"es\"},{\"@type\":\"Organization\",\"@id\":\"https:\/\/transformiran.com\/es\/#organization\",\"name\":\"Transform Iran\",\"url\":\"https:\/\/transformiran.com\/es\/\",\"logo\":{\"@type\":\"ImageObject\",\"inLanguage\":\"es\",\"@id\":\"https:\/\/transformiran.com\/es\/#\/schema\/logo\/image\/\",\"url\":\"https:\/\/transformiran.com\/app\/uploads\/2022\/11\/logo_grey.jpg\",\"contentUrl\":\"https:\/\/transformiran.com\/app\/uploads\/2022\/11\/logo_grey.jpg\",\"width\":528,\"height\":90,\"caption\":\"Transform Iran\"},\"image\":{\"@id\":\"https:\/\/transformiran.com\/es\/#\/schema\/logo\/image\/\"},\"sameAs\":[\"https:\/\/www.facebook.com\/222MinistriesUSAInc\",\"https:\/\/x.com\/222minint\",\"https:\/\/www.instagram.com\/222ministriesinternational\/\"]}]}<\/script>\n<!-- \/ Yoast SEO plugin. -->","yoast_head_json":{"title":"Centro de Apolog\u00e9tica - Transform Iran","robots":{"index":"index","follow":"follow","max-snippet":"max-snippet:-1","max-image-preview":"max-image-preview:large","max-video-preview":"max-video-preview:-1"},"canonical":"https:\/\/transformiran.com\/es\/nuestro-trabajo\/centro-de-apologetica\/","og_locale":"es_ES","og_type":"article","og_title":"Centro de Apolog\u00e9tica - Transform Iran","og_description":"La Necesidad de la Apolog\u00e9tica Cristiana: Responder a las Preguntas de los Buscadores con la Verdad y el Respeto &#8220;Estad siempre preparados para responder a todo el que os pida raz\u00f3n de la esperanza que ten\u00e9is. Pero hacedlo con mansedumbre y respeto&#8221; 1 Pedro 3:15 La apolog\u00e9tica cristiana da una respuesta clara y convincente a [&hellip;]","og_url":"https:\/\/transformiran.com\/es\/nuestro-trabajo\/centro-de-apologetica\/","og_site_name":"Transform Iran","article_publisher":"https:\/\/www.facebook.com\/222MinistriesUSAInc","article_modified_time":"2026-02-11T15:21:47+00:00","og_image":[{"width":1890,"height":1890,"url":"https:\/\/transformiran.com\/app\/uploads\/2025\/02\/1.png","type":"image\/png"}],"twitter_card":"summary_large_image","twitter_site":"@222minint","twitter_misc":{"Tiempo de lectura":"5 minutos"},"schema":{"@context":"https:\/\/schema.org","@graph":[{"@type":"WebPage","@id":"https:\/\/transformiran.com\/es\/nuestro-trabajo\/centro-de-apologetica\/","url":"https:\/\/transformiran.com\/es\/nuestro-trabajo\/centro-de-apologetica\/","name":"Centro de Apolog\u00e9tica - Transform Iran","isPartOf":{"@id":"https:\/\/transformiran.com\/es\/#website"},"primaryImageOfPage":{"@id":"https:\/\/transformiran.com\/es\/nuestro-trabajo\/centro-de-apologetica\/#primaryimage"},"image":{"@id":"https:\/\/transformiran.com\/es\/nuestro-trabajo\/centro-de-apologetica\/#primaryimage"},"thumbnailUrl":"https:\/\/transformiran.com\/app\/uploads\/2025\/02\/1-1024x1024.png","datePublished":"2022-11-03T12:20:57+00:00","dateModified":"2026-02-11T15:21:47+00:00","breadcrumb":{"@id":"https:\/\/transformiran.com\/es\/nuestro-trabajo\/centro-de-apologetica\/#breadcrumb"},"inLanguage":"es","potentialAction":[{"@type":"ReadAction","target":["https:\/\/transformiran.com\/es\/nuestro-trabajo\/centro-de-apologetica\/"]}]},{"@type":"ImageObject","inLanguage":"es","@id":"https:\/\/transformiran.com\/es\/nuestro-trabajo\/centro-de-apologetica\/#primaryimage","url":"https:\/\/transformiran.com\/app\/uploads\/2025\/02\/1-1024x1024.png","contentUrl":"https:\/\/transformiran.com\/app\/uploads\/2025\/02\/1-1024x1024.png"},{"@type":"BreadcrumbList","@id":"https:\/\/transformiran.com\/es\/nuestro-trabajo\/centro-de-apologetica\/#breadcrumb","itemListElement":[{"@type":"ListItem","position":1,"name":"Home","item":"https:\/\/transformiran.com\/es\/inicio-2\/"},{"@type":"ListItem","position":2,"name":"Nuestro trabajo","item":"https:\/\/transformiran.com\/es\/nuestro-trabajo\/"},{"@type":"ListItem","position":3,"name":"Centro de Apolog\u00e9tica"}]},{"@type":"WebSite","@id":"https:\/\/transformiran.com\/es\/#website","url":"https:\/\/transformiran.com\/es\/","name":"Transform Iran","description":"Bringing the love and power of Christ to Iran - and beyond","publisher":{"@id":"https:\/\/transformiran.com\/es\/#organization"},"potentialAction":[{"@type":"SearchAction","target":{"@type":"EntryPoint","urlTemplate":"https:\/\/transformiran.com\/es\/?s={search_term_string}"},"query-input":{"@type":"PropertyValueSpecification","valueRequired":true,"valueName":"search_term_string"}}],"inLanguage":"es"},{"@type":"Organization","@id":"https:\/\/transformiran.com\/es\/#organization","name":"Transform Iran","url":"https:\/\/transformiran.com\/es\/","logo":{"@type":"ImageObject","inLanguage":"es","@id":"https:\/\/transformiran.com\/es\/#\/schema\/logo\/image\/","url":"https:\/\/transformiran.com\/app\/uploads\/2022\/11\/logo_grey.jpg","contentUrl":"https:\/\/transformiran.com\/app\/uploads\/2022\/11\/logo_grey.jpg","width":528,"height":90,"caption":"Transform Iran"},"image":{"@id":"https:\/\/transformiran.com\/es\/#\/schema\/logo\/image\/"},"sameAs":["https:\/\/www.facebook.com\/222MinistriesUSAInc","https:\/\/x.com\/222minint","https:\/\/www.instagram.com\/222ministriesinternational\/"]}]}},"campaignId":"","_links":{"self":[{"href":"https:\/\/transformiran.com\/es\/wp-json\/wp\/v2\/pages\/11588","targetHints":{"allow":["GET"]}}],"collection":[{"href":"https:\/\/transformiran.com\/es\/wp-json\/wp\/v2\/pages"}],"about":[{"href":"https:\/\/transformiran.com\/es\/wp-json\/wp\/v2\/types\/page"}],"author":[{"embeddable":true,"href":"https:\/\/transformiran.com\/es\/wp-json\/wp\/v2\/users\/1"}],"replies":[{"embeddable":true,"href":"https:\/\/transformiran.com\/es\/wp-json\/wp\/v2\/comments?post=11588"}],"version-history":[{"count":6,"href":"https:\/\/transformiran.com\/es\/wp-json\/wp\/v2\/pages\/11588\/revisions"}],"predecessor-version":[{"id":35751,"href":"https:\/\/transformiran.com\/es\/wp-json\/wp\/v2\/pages\/11588\/revisions\/35751"}],"up":[{"embeddable":true,"href":"https:\/\/transformiran.com\/es\/wp-json\/wp\/v2\/pages\/11602"}],"wp:attachment":[{"href":"https:\/\/transformiran.com\/es\/wp-json\/wp\/v2\/media?parent=11588"}],"curies":[{"name":"wp","href":"https:\/\/api.w.org\/{rel}","templated":true}]}}