{"id":11589,"date":"2022-11-03T12:16:56","date_gmt":"2022-11-03T12:16:56","guid":{"rendered":"https:\/\/transformiran.com\/discipulado\/"},"modified":"2025-04-02T10:57:15","modified_gmt":"2025-04-02T09:57:15","slug":"discipulado","status":"publish","type":"page","link":"https:\/\/transformiran.com\/es\/nuestro-trabajo\/discipulado\/","title":{"rendered":"Discipulado"},"content":{"rendered":"\n<h2 class=\"wp-block-heading\"><mark style=\"background-color:rgba(0, 0, 0, 0);color:#b38e44\" class=\"has-inline-color\">Id Y Haced Disc\u00edpulos<\/mark><\/h2>\n\n<p>La Iglesia est\u00e1 creciendo y Transform Iran se ha comprometido a discipular a los conversos para garantizar que su fe est\u00e9 profundamente arraigada en la Palabra de Dios. Nuestro capacitado equipo de &#8220;seguimiento&#8221; acompa\u00f1a a los nuevos creyentes a trav\u00e9s de un programa de un a\u00f1o de duraci\u00f3n, asegur\u00e1ndose de que comprendan los fundamentos de la doctrina cristiana, est\u00e9n equipados para evangelizar y reciban apoyo mientras plantan nuevas iglesias en sus hogares.  <\/p>\n\n<p>Transform IranEl modelo de discipulado de la Iglesia se basa en 2 Timoteo 2:2. <strong><em>&#8220;Y las cosas que me has o\u00eddo decir en presencia de muchos testigos conf\u00edalas a personas de confianza que tambi\u00e9n est\u00e9n capacitadas para ense\u00f1ar a otros&#8221;.<\/em><\/strong> Disc\u00edpulos que hacen disc\u00edpulos que hacen disc\u00edpulos; l\u00edderes que cr\u00edan l\u00edderes que cr\u00edan l\u00edderes. Cada uno madura y transmite lo que ha aprendido a los dem\u00e1s.  <\/p>\n\n<p>Transform Iran se compromete a proporcionar los recursos y herramientas necesarios para apoyar el discipulado efectivo y el desarrollo del liderazgo &#8211; Estos incluyen  <mark style=\"background-color:rgba(0, 0, 0, 0);color:#b38e44\" class=\"has-inline-color\">Biblias<\/mark>,  <mark style=\"background-color:rgba(0, 0, 0, 0);color:#b38e44\" class=\"has-inline-color\">culto<\/mark>,  <mark style=\"background-color:rgba(0, 0, 0, 0);color:#b38e44\" class=\"has-inline-color\">oraci\u00f3n<\/mark>  y  <mark style=\"background-color:rgba(0, 0, 0, 0);color:#b38e44\" class=\"has-inline-color\">materiales devocionales<\/mark>, <mark style=\"background-color:rgba(0, 0, 0, 0);color:#b38e44\" class=\"has-inline-color\">herramientas de estudio b\u00edblico<\/mark>, <mark style=\"background-color:rgba(0, 0, 0, 0);color:#b38e44\" class=\"has-inline-color\">tutor\u00eda 1:1<\/mark>, <mark style=\"background-color:rgba(0, 0, 0, 0);color:#b38e44\" class=\"has-inline-color\">asesoramiento en traumas<\/mark>, <mark style=\"background-color:rgba(0, 0, 0, 0);color:#b38e44\" class=\"has-inline-color\">eventos estrat\u00e9gicos de formaci\u00f3n<\/mark> y mucho m\u00e1s. <\/p>\n\n<div class=\"wp-block-buttons is-content-justification-center is-layout-flex wp-container-core-buttons-is-layout-16018d1d wp-block-buttons-is-layout-flex\">\n<div class=\"wp-block-button\"><a class=\"wp-block-button__link has-white-color has-vivid-red-background-color has-text-color has-background has-link-color wp-element-button\" href=\"https:\/\/transformiran.com\/es\/suscripcion-al-boletin\/\">Reza por el discipulado en Ir\u00e1n &#8211; recibe actualizaciones mensuales por correo electr\u00f3nico para guiarte<\/a><\/div>\n<\/div>\n\n<figure class=\"wp-block-image size-large\"><img decoding=\"async\" width=\"1024\" height=\"355\" src=\"https:\/\/transformiran.com\/app\/uploads\/2024\/08\/shutterstock_2258588037-Bible-reading-prayer-landscape-lite-1024x355.jpeg\" alt=\"Lectura de la Biblia Oraci&#xF3;n Conexi&#xF3;n digital\" class=\"wp-image-24984\" srcset=\"https:\/\/transformiran.com\/app\/uploads\/2024\/08\/shutterstock_2258588037-Bible-reading-prayer-landscape-lite-1024x355.jpeg 1024w, https:\/\/transformiran.com\/app\/uploads\/2024\/08\/shutterstock_2258588037-Bible-reading-prayer-landscape-lite-300x104.jpeg 300w, https:\/\/transformiran.com\/app\/uploads\/2024\/08\/shutterstock_2258588037-Bible-reading-prayer-landscape-lite-768x266.jpeg 768w, https:\/\/transformiran.com\/app\/uploads\/2024\/08\/shutterstock_2258588037-Bible-reading-prayer-landscape-lite.jpeg 1280w\" sizes=\"(max-width: 1024px) 100vw, 1024px\" \/><\/figure>\n\n<h2 class=\"wp-block-heading\"><mark style=\"background-color:rgba(0, 0, 0, 0);color:#b38e44\" class=\"has-inline-color\">C\u00f3mo Transform Iran garantiza el discipulado de los conversos iran\u00edes<\/mark><\/h2>\n\n<h3 class=\"wp-block-heading\"><strong>Seguimiento: Discipulado 1:1 para todos los conversos iran\u00edes<\/strong><\/h3>\n\n<p>El equipo de seguimiento sustenta casi todas las \u00e1reas del ministerio en Transform Iran. El equipo de asesores cualificados responde individualmente a las comunicaciones por correo electr\u00f3nico, redes sociales y tel\u00e9fono procedentes de Ir\u00e1n, respondiendo a preguntas, guiando a quienes buscan la salvaci\u00f3n, discipulando a nuevos creyentes y plantando iglesias en sus hogares. Para quienes est\u00e9n dispuestos, el equipo ofrece un programa de discipulado semanal de un a\u00f1o de duraci\u00f3n, en el que los conversos aprenden los fundamentos de la doctrina cristiana, se responde a sus preguntas a medida que crecen en la fe, se les forma en la evangelizaci\u00f3n y se les prepara para dirigir iglesias en sus hogares.  <\/p>\n\n<p><\/p>\n\n<figure class=\"wp-block-embed is-type-video is-provider-youtube wp-block-embed-youtube wp-embed-aspect-16-9 wp-has-aspect-ratio\"><div class=\"wp-block-embed__wrapper\">\n<iframe title=\"When Discipleship Turns To Church Planting\" width=\"500\" height=\"281\" src=\"https:\/\/www.youtube.com\/embed\/lxtSxR-dC54?feature=oembed\" frameborder=\"0\" allow=\"accelerometer; autoplay; clipboard-write; encrypted-media; gyroscope; picture-in-picture; web-share\" referrerpolicy=\"strict-origin-when-cross-origin\" allowfullscreen><\/iframe>\n<\/div><figcaption class=\"wp-element-caption\">A medida que los creyentes de Ir\u00e1n experimentan relaciones con Jes\u00fas que les cambian la vida a trav\u00e9s del proceso de discipulado, muchos se convierten en fundadores de iglesias involuntarios.<\/figcaption><\/figure>\n\n<h3 class=\"wp-block-heading\"><strong>Eventos de formaci\u00f3n: El poder del desarrollo del liderazgo en persona<\/strong><\/h3>\n\n<p>Los eventos son un paso clave en nuestro programa de discipulado. Estos eventos de formaci\u00f3n y equipamiento edifican, apoyan y hacen crecer la iglesia clandestina en Ir\u00e1n. Se invita a los delegados a reunirse, aprender, ser edificados, repostar y refrescarse antes de volver al campo de la misi\u00f3n con un fervor y un fuego renovados. Para muchos ser\u00e1 la primera vez que se re\u00fanen en tal n\u00famero o que celebran el culto con tanta libertad. Para otros ser\u00e1 la primera oportunidad de bautizarse en p\u00fablico. Son, sin duda, una parte esencial del viaje de apoyo y desarrollo de los j\u00f3venes conversos para que se conviertan en l\u00edderes poderosos. Transform Iran organiza estos actos en lugares seguros de Oriente Medio. Miles de personas han sido formadas y discipuladas de esta manera.  <\/p>\n\n<h3 class=\"wp-block-heading\"><strong>La necesidad de traducciones de la Biblia en la lengua del coraz\u00f3n  <\/strong><\/h3>\n\n<p>Unos 26 millones de iran\u00edes no tienen la Palabra de Dios en su propia lengua &#8220;del coraz\u00f3n&#8221;. Transform Iran est\u00e1 ocupada abordando esta pobreza b\u00edblica para que los conversos de los grupos \u00e9tnicos de Ir\u00e1n puedan leer y estudiar la Palabra de Dios en su lengua materna, lo que garantiza una comprensi\u00f3n m\u00e1s f\u00e1cil y una conexi\u00f3n m\u00e1s profunda. Las nuevas iglesias de las comunidades \u00e9tnicas tambi\u00e9n se benefician de estas traducciones, que apoyan el discipulado, la ense\u00f1anza, la oraci\u00f3n y el culto en las lenguas maternas de cada grupo \u00e9tnico. Esto crea iglesias m\u00e1s fuertes y duraderas que tienen un impacto real en sus comunidades. M\u00e1s informaci\u00f3n sobre nuestra <a data-type=\"page\" data-id=\"6304\" href=\"https:\/\/transformiran.com\/es\/nuestro-trabajo\/traduccion-de-la-biblia\/\">traducci\u00f3n de la Biblia<\/a>.<\/p>\n\n<h3 class=\"wp-block-heading\"><strong>Aprovechar los medios de comunicaci\u00f3n para ayudar a los creyentes a crecer en su fe<\/strong><\/h3>\n\n<p>Transmitimos ense\u00f1anzas de discipulado en directo y pregrabadas a trav\u00e9s de la televisi\u00f3n por sat\u00e9lite, la radio y las redes sociales. Millones de personas han escuchado nuestras ense\u00f1anzas basadas en la Biblia a trav\u00e9s de <a data-type=\"page\" data-id=\"6302\" href=\"https:\/\/transformiran.com\/es\/nuestro-trabajo\/medios-de-comunicacion\/\">los ministerios medi\u00e1ticos<\/a> de Transform Iran.  <\/p>\n\n<h3 class=\"wp-block-heading\"><strong>Utilizar la Apolog\u00e9tica para Fortalecer a los Creyentes<\/strong><\/h3>\n\n<p>Porpasokh&#8221; significa &#8220;Pregunta y Respuesta&#8221; y es el coraz\u00f3n de nuestro centro de apolog\u00e9tica. Transform IranEl sitio Porpasokh de Porpasokh atrae a decenas de miles de visitantes cada mes y aborda directamente las preguntas de quienes a\u00fan intentan comprender ciertos aspectos de la fe y la teolog\u00eda. Las respuestas se publican en el sitio para que otros puedan beneficiarse de ellas. Hasta la fecha se han publicado m\u00e1s de 5.900 respuestas y muchos han visto fortalecida su fe gracias a ellas. <a data-type=\"page\" data-id=\"6306\" href=\"https:\/\/transformiran.com\/es\/nuestro-trabajo\/centro-de-apologetica\/\">Lea m\u00e1s aqu\u00ed<\/a>.<\/p>\n\n<h3 class=\"wp-block-heading\"><strong>Libertad en Cristo: Una herramienta contextualizada para la Iglesia iran\u00ed<\/strong><\/h3>\n\n<p>Nos asociamos con los maravillosos autores del curso Libertad en Cristo, tradujimos el material al farsi y lo adaptamos y ampliamos para un p\u00fablico iran\u00ed. Esta es una herramienta cr\u00edtica de discipulado y liberaci\u00f3n basada en la Biblia para los cristianos, asegurando que las iglesias crezcan sanas a trav\u00e9s del avance personal, la libertad y la fecundidad para los creyentes. Hasta la fecha, m\u00e1s de 1.600 lo han completado.  <\/p>\n\n<h3 class=\"wp-block-heading\"><strong>Liberaci\u00f3n para V\u00edctimas de Trauma, Abuso y Adicci\u00f3n<\/strong><\/h3>\n\n<p>Transform IranEl ministerio de <a data-type=\"page\" data-id=\"6308\" href=\"https:\/\/transformiran.com\/es\/nuestro-trabajo\/perla-de-persia\/\">la Perla de Persia<\/a> trabaja espec\u00edficamente con supervivientes de traumas, abusos y adicciones, proporcion\u00e1ndoles asesoramiento especializado y discipulado para que encuentren la curaci\u00f3n completa y la libertad de su pasado, descubran su verdadera identidad en Cristo y sean liberados para perseguir la plenitud de su vocaci\u00f3n.  <\/p>\n\n<h3 class=\"wp-block-heading\"><strong>Iglesia digital y plantaci\u00f3n de iglesias en Ir\u00e1n<\/strong><\/h3>\n\n<p>El discipulado es relacional. Jes\u00fas discipul\u00f3 a doce, a trav\u00e9s de una relaci\u00f3n intencional y a largo plazo. Transform IranLas numerosas iglesias de la India se basan en un modelo de discipulado y crecimiento constante. Para los dispersos, aislados y en riesgo, ofrecemos una iglesia digital. La Iglesia de la Comunidad Persa re\u00fane a miles de cristianos de habla farsi (persa) de todo Ir\u00e1n y del resto del mundo y construye una comunidad interactiva donde pueden rezar, adorar, aprender y crecer juntos. Actualmente estamos ampliando esta oferta a las lenguas del coraz\u00f3n de Ir\u00e1n. M\u00e1s informaci\u00f3n sobre c\u00f3mo <a data-type=\"page\" data-id=\"6298\" href=\"https:\/\/transformiran.com\/es\/nuestro-trabajo\/plantacion-de-iglesias\/\">construimos iglesias &#8220;f\u00edsicas&#8221;<\/a> e <a data-type=\"page\" data-id=\"6300\" href=\"https:\/\/transformiran.com\/es\/nuestro-trabajo\/iglesia-digital\/\">&#8220;iglesias digitales&#8221;.<\/a> <\/p>\n\n<h3 class=\"wp-block-heading\"><strong>Instituto B\u00edblico: Formaci\u00f3n de creyentes iran\u00edes en teolog\u00eda cristiana<\/strong><\/h3>\n\n<p>Para quienes deseen profundizar, ofrecemos un curso b\u00edblico gratuito en l\u00ednea en farsi. Nuestro <a href=\"http:\/\/www.222bc.com\">Instituto B\u00edblico<\/a> en l\u00ednea (con casi 1.000 alumnos matriculados activos) elimina las barreras econ\u00f3micas que impiden un estudio tan profundo de la Palabra, y ofrece lecciones teol\u00f3gicas claras y bien preparadas, escaladas en profundidad, para ayudar a los cristianos de habla farsi a madurar en su fe y equiparlos para el ministerio.  <\/p>\n\n<h3 class=\"wp-block-heading\"><strong>Publicaciones y recursos impresos para una iglesia en crecimiento<\/strong><\/h3>\n\n<p>Transform Iran protege la integridad doctrinal de la Iglesia en Ir\u00e1n proporcionando una amplia gama de recursos de discipulado basados en la Biblia (impresos y digitales) a trav\u00e9s de su editorial, <a data-type=\"URL\" data-id=\"www.222publications.com\" href=\"http:\/\/www.222publications.com\">222 Publications<\/a>. 222 Publications identifica las lagunas en los medios impresos y digitales para la iglesia de habla farsi y publica los materiales necesarios para cubrir esas lagunas para una iglesia global en crecimiento. 222 Publications lo hace lo m\u00e1s cerca posible del precio de coste para garantizar la m\u00e1xima accesibilidad de estos recursos a quienes los necesitan.  <\/p>\n\n<blockquote class=\"wp-block-quote is-layout-flow wp-block-quote-is-layout-flow\">\n<p>Me llamo Shiva y soy una estudiante de medicina iran\u00ed que estudia en el extranjero. Un d\u00eda, debido a la depresi\u00f3n y la ansiedad, durante un descanso, estaba fuera del hospital y me puse a llorar. Dos estudiantes de la India vinieron y me invitaron a la iglesia con ellos. Fui y me encant\u00f3 el ambiente, pero mientras estaban celebrando el culto, dije: &#8220;Ojal\u00e1 pudiera celebrar el culto en farsi&#8221;. Todav\u00eda no hab\u00eda entregado mi vida a Cristo. Busqu\u00e9 en Internet y encontr\u00e9 Transform Iran&#8217;s Persian Community Church.  <\/p>\n\n\n\n<p>Cuando me puse en contacto con ellos, me pusieron en contacto con un pastor que habl\u00f3 conmigo y respondi\u00f3 a mis preguntas. Entregu\u00e9 mi vida a Cristo. Estaba lleno de alegr\u00eda. A trav\u00e9s de Persian Community Church particip\u00e9 en las reuniones de oraci\u00f3n de Meeting Tent. Mientras tanto, yo estaba siendo discipulado por el mismo pastor que me llev\u00f3 al Se\u00f1or (a distancia). A medida que mi fe crec\u00eda, el seguimiento de Transform Irancontinu\u00f3 reuni\u00e9ndose conmigo regularmente y discipul\u00e1ndome. Este viaje me llev\u00f3 a matricularme en el Instituto B\u00edblico donde estudio ahora. Por cierto, tuve la oportunidad de viajar a Ir\u00e1n. Lo compart\u00ed con mi hermana. Quer\u00eda conocer al pastor que me hab\u00eda estado discipulando. Nos pusimos en contacto y \u00e9l tambi\u00e9n la llev\u00f3 al Se\u00f1or.<\/p>\n<\/blockquote>\n\n<div class=\"wp-block-buttons is-content-justification-center is-layout-flex wp-container-core-buttons-is-layout-16018d1d wp-block-buttons-is-layout-flex\">\n<div class=\"wp-block-button\"><a class=\"wp-block-button__link has-white-color has-vivid-red-background-color has-text-color has-background has-link-color wp-element-button\" href=\"https:\/\/transformiran.com\/es\/suscripcion-al-boletin\/\">Reza por el discipulado en Ir\u00e1n &#8211; recibe actualizaciones mensuales por correo electr\u00f3nico para guiarte<\/a><\/div>\n<\/div>\n","protected":false},"excerpt":{"rendered":"<p>Id Y Haced Disc\u00edpulos La Iglesia est\u00e1 creciendo y Transform Iran se ha comprometido a discipular a los conversos para garantizar que su fe est\u00e9 profundamente arraigada en la Palabra de Dios. Nuestro capacitado equipo de &#8220;seguimiento&#8221; acompa\u00f1a a los nuevos creyentes a trav\u00e9s de un programa de un a\u00f1o de duraci\u00f3n, asegur\u00e1ndose de que [&hellip;]<\/p>\n","protected":false},"author":1,"featured_media":0,"parent":11602,"menu_order":0,"comment_status":"closed","ping_status":"closed","template":"page-work.php","meta":{"_acf_changed":false,"give_campaign_id":0,"om_disable_all_campaigns":false,"_mi_skip_tracking":false,"footnotes":""},"class_list":["post-11589","page","type-page","status-publish","hentry"],"acf":[],"yoast_head":"<!-- This site is optimized with the Yoast SEO plugin v27.2 - https:\/\/yoast.com\/product\/yoast-seo-wordpress\/ -->\n<title>Discipulado - Transform Iran<\/title>\n<meta name=\"robots\" content=\"index, follow, max-snippet:-1, max-image-preview:large, max-video-preview:-1\" \/>\n<link rel=\"canonical\" href=\"https:\/\/transformiran.com\/es\/nuestro-trabajo\/discipulado\/\" \/>\n<meta property=\"og:locale\" content=\"es_ES\" \/>\n<meta property=\"og:type\" content=\"article\" \/>\n<meta property=\"og:title\" content=\"Discipulado - Transform Iran\" \/>\n<meta property=\"og:description\" content=\"Id Y Haced Disc\u00edpulos La Iglesia est\u00e1 creciendo y Transform Iran se ha comprometido a discipular a los conversos para garantizar que su fe est\u00e9 profundamente arraigada en la Palabra de Dios. Nuestro capacitado equipo de &#8220;seguimiento&#8221; acompa\u00f1a a los nuevos creyentes a trav\u00e9s de un programa de un a\u00f1o de duraci\u00f3n, asegur\u00e1ndose de que [&hellip;]\" \/>\n<meta property=\"og:url\" content=\"https:\/\/transformiran.com\/es\/nuestro-trabajo\/discipulado\/\" \/>\n<meta property=\"og:site_name\" content=\"Transform Iran\" \/>\n<meta property=\"article:publisher\" content=\"https:\/\/www.facebook.com\/222MinistriesUSAInc\" \/>\n<meta property=\"article:modified_time\" content=\"2025-04-02T09:57:15+00:00\" \/>\n<meta property=\"og:image\" content=\"https:\/\/transformiran.com\/app\/uploads\/2024\/08\/shutterstock_2258588037-Bible-reading-prayer-landscape-lite.jpeg\" \/>\n\t<meta property=\"og:image:width\" content=\"1280\" \/>\n\t<meta property=\"og:image:height\" content=\"444\" \/>\n\t<meta property=\"og:image:type\" content=\"image\/jpeg\" \/>\n<meta name=\"twitter:card\" content=\"summary_large_image\" \/>\n<meta name=\"twitter:site\" content=\"@222minint\" \/>\n<meta name=\"twitter:label1\" content=\"Tiempo de lectura\" \/>\n\t<meta name=\"twitter:data1\" content=\"8 minutos\" \/>\n<script type=\"application\/ld+json\" class=\"yoast-schema-graph\">{\"@context\":\"https:\/\/schema.org\",\"@graph\":[{\"@type\":\"WebPage\",\"@id\":\"https:\/\/transformiran.com\/es\/nuestro-trabajo\/discipulado\/\",\"url\":\"https:\/\/transformiran.com\/es\/nuestro-trabajo\/discipulado\/\",\"name\":\"Discipulado - Transform Iran\",\"isPartOf\":{\"@id\":\"https:\/\/transformiran.com\/es\/#website\"},\"primaryImageOfPage\":{\"@id\":\"https:\/\/transformiran.com\/es\/nuestro-trabajo\/discipulado\/#primaryimage\"},\"image\":{\"@id\":\"https:\/\/transformiran.com\/es\/nuestro-trabajo\/discipulado\/#primaryimage\"},\"thumbnailUrl\":\"https:\/\/transformiran.com\/app\/uploads\/2024\/08\/shutterstock_2258588037-Bible-reading-prayer-landscape-lite-1024x355.jpeg\",\"datePublished\":\"2022-11-03T12:16:56+00:00\",\"dateModified\":\"2025-04-02T09:57:15+00:00\",\"breadcrumb\":{\"@id\":\"https:\/\/transformiran.com\/es\/nuestro-trabajo\/discipulado\/#breadcrumb\"},\"inLanguage\":\"es\",\"potentialAction\":[{\"@type\":\"ReadAction\",\"target\":[\"https:\/\/transformiran.com\/es\/nuestro-trabajo\/discipulado\/\"]}]},{\"@type\":\"ImageObject\",\"inLanguage\":\"es\",\"@id\":\"https:\/\/transformiran.com\/es\/nuestro-trabajo\/discipulado\/#primaryimage\",\"url\":\"https:\/\/transformiran.com\/app\/uploads\/2024\/08\/shutterstock_2258588037-Bible-reading-prayer-landscape-lite-1024x355.jpeg\",\"contentUrl\":\"https:\/\/transformiran.com\/app\/uploads\/2024\/08\/shutterstock_2258588037-Bible-reading-prayer-landscape-lite-1024x355.jpeg\"},{\"@type\":\"BreadcrumbList\",\"@id\":\"https:\/\/transformiran.com\/es\/nuestro-trabajo\/discipulado\/#breadcrumb\",\"itemListElement\":[{\"@type\":\"ListItem\",\"position\":1,\"name\":\"Home\",\"item\":\"https:\/\/transformiran.com\/es\/inicio-2\/\"},{\"@type\":\"ListItem\",\"position\":2,\"name\":\"Nuestro trabajo\",\"item\":\"https:\/\/transformiran.com\/es\/nuestro-trabajo\/\"},{\"@type\":\"ListItem\",\"position\":3,\"name\":\"Discipulado\"}]},{\"@type\":\"WebSite\",\"@id\":\"https:\/\/transformiran.com\/es\/#website\",\"url\":\"https:\/\/transformiran.com\/es\/\",\"name\":\"Transform Iran\",\"description\":\"Bringing the love and power of Christ to Iran - and beyond\",\"publisher\":{\"@id\":\"https:\/\/transformiran.com\/es\/#organization\"},\"potentialAction\":[{\"@type\":\"SearchAction\",\"target\":{\"@type\":\"EntryPoint\",\"urlTemplate\":\"https:\/\/transformiran.com\/es\/?s={search_term_string}\"},\"query-input\":{\"@type\":\"PropertyValueSpecification\",\"valueRequired\":true,\"valueName\":\"search_term_string\"}}],\"inLanguage\":\"es\"},{\"@type\":\"Organization\",\"@id\":\"https:\/\/transformiran.com\/es\/#organization\",\"name\":\"Transform Iran\",\"url\":\"https:\/\/transformiran.com\/es\/\",\"logo\":{\"@type\":\"ImageObject\",\"inLanguage\":\"es\",\"@id\":\"https:\/\/transformiran.com\/es\/#\/schema\/logo\/image\/\",\"url\":\"https:\/\/transformiran.com\/app\/uploads\/2022\/11\/logo_grey.jpg\",\"contentUrl\":\"https:\/\/transformiran.com\/app\/uploads\/2022\/11\/logo_grey.jpg\",\"width\":528,\"height\":90,\"caption\":\"Transform Iran\"},\"image\":{\"@id\":\"https:\/\/transformiran.com\/es\/#\/schema\/logo\/image\/\"},\"sameAs\":[\"https:\/\/www.facebook.com\/222MinistriesUSAInc\",\"https:\/\/x.com\/222minint\",\"https:\/\/www.instagram.com\/222ministriesinternational\/\"]}]}<\/script>\n<!-- \/ Yoast SEO plugin. -->","yoast_head_json":{"title":"Discipulado - Transform Iran","robots":{"index":"index","follow":"follow","max-snippet":"max-snippet:-1","max-image-preview":"max-image-preview:large","max-video-preview":"max-video-preview:-1"},"canonical":"https:\/\/transformiran.com\/es\/nuestro-trabajo\/discipulado\/","og_locale":"es_ES","og_type":"article","og_title":"Discipulado - Transform Iran","og_description":"Id Y Haced Disc\u00edpulos La Iglesia est\u00e1 creciendo y Transform Iran se ha comprometido a discipular a los conversos para garantizar que su fe est\u00e9 profundamente arraigada en la Palabra de Dios. Nuestro capacitado equipo de &#8220;seguimiento&#8221; acompa\u00f1a a los nuevos creyentes a trav\u00e9s de un programa de un a\u00f1o de duraci\u00f3n, asegur\u00e1ndose de que [&hellip;]","og_url":"https:\/\/transformiran.com\/es\/nuestro-trabajo\/discipulado\/","og_site_name":"Transform Iran","article_publisher":"https:\/\/www.facebook.com\/222MinistriesUSAInc","article_modified_time":"2025-04-02T09:57:15+00:00","og_image":[{"width":1280,"height":444,"url":"https:\/\/transformiran.com\/app\/uploads\/2024\/08\/shutterstock_2258588037-Bible-reading-prayer-landscape-lite.jpeg","type":"image\/jpeg"}],"twitter_card":"summary_large_image","twitter_site":"@222minint","twitter_misc":{"Tiempo de lectura":"8 minutos"},"schema":{"@context":"https:\/\/schema.org","@graph":[{"@type":"WebPage","@id":"https:\/\/transformiran.com\/es\/nuestro-trabajo\/discipulado\/","url":"https:\/\/transformiran.com\/es\/nuestro-trabajo\/discipulado\/","name":"Discipulado - Transform Iran","isPartOf":{"@id":"https:\/\/transformiran.com\/es\/#website"},"primaryImageOfPage":{"@id":"https:\/\/transformiran.com\/es\/nuestro-trabajo\/discipulado\/#primaryimage"},"image":{"@id":"https:\/\/transformiran.com\/es\/nuestro-trabajo\/discipulado\/#primaryimage"},"thumbnailUrl":"https:\/\/transformiran.com\/app\/uploads\/2024\/08\/shutterstock_2258588037-Bible-reading-prayer-landscape-lite-1024x355.jpeg","datePublished":"2022-11-03T12:16:56+00:00","dateModified":"2025-04-02T09:57:15+00:00","breadcrumb":{"@id":"https:\/\/transformiran.com\/es\/nuestro-trabajo\/discipulado\/#breadcrumb"},"inLanguage":"es","potentialAction":[{"@type":"ReadAction","target":["https:\/\/transformiran.com\/es\/nuestro-trabajo\/discipulado\/"]}]},{"@type":"ImageObject","inLanguage":"es","@id":"https:\/\/transformiran.com\/es\/nuestro-trabajo\/discipulado\/#primaryimage","url":"https:\/\/transformiran.com\/app\/uploads\/2024\/08\/shutterstock_2258588037-Bible-reading-prayer-landscape-lite-1024x355.jpeg","contentUrl":"https:\/\/transformiran.com\/app\/uploads\/2024\/08\/shutterstock_2258588037-Bible-reading-prayer-landscape-lite-1024x355.jpeg"},{"@type":"BreadcrumbList","@id":"https:\/\/transformiran.com\/es\/nuestro-trabajo\/discipulado\/#breadcrumb","itemListElement":[{"@type":"ListItem","position":1,"name":"Home","item":"https:\/\/transformiran.com\/es\/inicio-2\/"},{"@type":"ListItem","position":2,"name":"Nuestro trabajo","item":"https:\/\/transformiran.com\/es\/nuestro-trabajo\/"},{"@type":"ListItem","position":3,"name":"Discipulado"}]},{"@type":"WebSite","@id":"https:\/\/transformiran.com\/es\/#website","url":"https:\/\/transformiran.com\/es\/","name":"Transform Iran","description":"Bringing the love and power of Christ to Iran - and beyond","publisher":{"@id":"https:\/\/transformiran.com\/es\/#organization"},"potentialAction":[{"@type":"SearchAction","target":{"@type":"EntryPoint","urlTemplate":"https:\/\/transformiran.com\/es\/?s={search_term_string}"},"query-input":{"@type":"PropertyValueSpecification","valueRequired":true,"valueName":"search_term_string"}}],"inLanguage":"es"},{"@type":"Organization","@id":"https:\/\/transformiran.com\/es\/#organization","name":"Transform Iran","url":"https:\/\/transformiran.com\/es\/","logo":{"@type":"ImageObject","inLanguage":"es","@id":"https:\/\/transformiran.com\/es\/#\/schema\/logo\/image\/","url":"https:\/\/transformiran.com\/app\/uploads\/2022\/11\/logo_grey.jpg","contentUrl":"https:\/\/transformiran.com\/app\/uploads\/2022\/11\/logo_grey.jpg","width":528,"height":90,"caption":"Transform Iran"},"image":{"@id":"https:\/\/transformiran.com\/es\/#\/schema\/logo\/image\/"},"sameAs":["https:\/\/www.facebook.com\/222MinistriesUSAInc","https:\/\/x.com\/222minint","https:\/\/www.instagram.com\/222ministriesinternational\/"]}]}},"campaignId":"","_links":{"self":[{"href":"https:\/\/transformiran.com\/es\/wp-json\/wp\/v2\/pages\/11589","targetHints":{"allow":["GET"]}}],"collection":[{"href":"https:\/\/transformiran.com\/es\/wp-json\/wp\/v2\/pages"}],"about":[{"href":"https:\/\/transformiran.com\/es\/wp-json\/wp\/v2\/types\/page"}],"author":[{"embeddable":true,"href":"https:\/\/transformiran.com\/es\/wp-json\/wp\/v2\/users\/1"}],"replies":[{"embeddable":true,"href":"https:\/\/transformiran.com\/es\/wp-json\/wp\/v2\/comments?post=11589"}],"version-history":[{"count":0,"href":"https:\/\/transformiran.com\/es\/wp-json\/wp\/v2\/pages\/11589\/revisions"}],"up":[{"embeddable":true,"href":"https:\/\/transformiran.com\/es\/wp-json\/wp\/v2\/pages\/11602"}],"wp:attachment":[{"href":"https:\/\/transformiran.com\/es\/wp-json\/wp\/v2\/media?parent=11589"}],"curies":[{"name":"wp","href":"https:\/\/api.w.org\/{rel}","templated":true}]}}