{"id":11596,"date":"2022-11-03T12:17:33","date_gmt":"2022-11-03T12:17:33","guid":{"rendered":"https:\/\/transformiran.com\/transformacion\/"},"modified":"2025-04-02T10:57:02","modified_gmt":"2025-04-02T09:57:02","slug":"transformacion","status":"publish","type":"page","link":"https:\/\/transformiran.com\/es\/nuestro-trabajo\/transformacion\/","title":{"rendered":"Transformaci\u00f3n"},"content":{"rendered":"\n<p>El objetivo no es una inmensa Iglesia separada del resto de la poblaci\u00f3n. Queremos ver una Iglesia plenamente integrada en la sociedad, que llegue a todos los grupos de poblaci\u00f3n en su propio idioma &#8220;del coraz\u00f3n&#8221; y a todas las personas, desde los acad\u00e9micos m\u00e1s respetados, los empresarios influyentes y los profesores de religi\u00f3n, hasta los pobres, los desatendidos y los analfabetos. Una Iglesia que transmite el poder transformador y sanador del Evangelio por todo el pa\u00eds y que realmente cambia vidas y a toda una naci\u00f3n, Ir\u00e1n, para Cristo. Desde all\u00ed creemos que Ir\u00e1n impactar\u00e1 en toda esa regi\u00f3n con el amor y el poder de Jesucristo. Un cambio duradero y transformador.<\/p>\n\n<div class=\"wp-block-buttons is-content-justification-center is-layout-flex wp-container-core-buttons-is-layout-16018d1d wp-block-buttons-is-layout-flex\">\n<div class=\"wp-block-button\"><a class=\"wp-block-button__link has-white-color has-vivid-red-background-color has-text-color has-background wp-element-button\" href=\"https:\/\/transformiran.com\/es\/donar\/\">\u00danase a nosotros en la misi\u00f3n de ver transformado Ir\u00e1n<\/a><\/div>\n<\/div>\n\n<p>Las iniciativas de Transform Iran se centran en la visi\u00f3n a largo plazo de una naci\u00f3n restaurada. Consideramos todas las posibilidades y escenarios, escuchamos la gu\u00eda del Esp\u00edritu Santo y constantemente innovamos y somos pioneros en lo que se refiere al ministerio en Ir\u00e1n. Nos esforzamos por aprovechar al m\u00e1ximo cada avance tecnol\u00f3gico, responder a cada cambio en el panorama sociopol\u00edtico y construir estrat\u00e9gicamente. Est\u00e1 en juego el futuro de una naci\u00f3n.  <\/p>\n\n<p>Esta visi\u00f3n de transformaci\u00f3n se reproduce a trav\u00e9s de los cientos de iglesias clandestinas que hemos plantado en Ir\u00e1n. Iglesias que persiguen activamente un impacto en sus comunidades y en toda su tierra.<\/p>\n\n<div class=\"wp-block-buttons is-content-justification-center is-layout-flex wp-container-core-buttons-is-layout-16018d1d wp-block-buttons-is-layout-flex\">\n<div class=\"wp-block-button\"><a class=\"wp-block-button__link has-white-color has-vivid-red-background-color has-text-color has-background wp-element-button\" href=\"https:\/\/transformiran.com\/es\/suscripcion-al-boletin\/\">Reciba actualizaciones mensuales que le ayudar\u00e1n a rezar con eficacia<\/a><\/div>\n<\/div>\n\n<p>Tambi\u00e9n estamos haciendo preparativos pr\u00e1cticos para cuando se abran las puertas en Ir\u00e1n, de modo que, cuando llegue ese momento, la Iglesia est\u00e9 preparada, dotada de recursos y en condiciones de recoger la cosecha para Cristo. Comienza con el desarrollo del liderazgo. Las personas son la moneda del cielo. Transform Iran tiene la intenci\u00f3n de desarrollar l\u00edderes con una amplia gama de habilidades, pasiones y vocaciones que est\u00e9n preparados para ocupar su lugar cuando las puertas vuelvan a abrirse. La misi\u00f3n es equipar y preparar l\u00edderes servidores con los niveles necesarios de influencia, autoridad y unci\u00f3n que realicen un cambio transformador duradero.  <\/p>\n\n<p>Las iniciativas estrat\u00e9gicas tienen en cuenta a los distintos grupos de poblaci\u00f3n de Ir\u00e1n. Biblias en todas las lenguas del coraz\u00f3n, ayuda para los m\u00e1s necesitados, soluciones sociopol\u00edticas, consejeros para los quebrantados, maestros y material educativo para los ni\u00f1os, l\u00edderes empresariales, personas influyentes en los medios de comunicaci\u00f3n y las artes, eruditos y acad\u00e9micos y evangelistas.  <\/p>\n\n<blockquote class=\"wp-block-quote is-layout-flow wp-block-quote-is-layout-flow\">\n<p>Llegu\u00e9 como un extra\u00f1o entre los miembros de mi familia, vac\u00edo de emoci\u00f3n y de ira, vac\u00edo de m\u00ed mismo y confuso, entre el ser y el no ser. Me vi como un desierto que intenta gritar y luchar con la sequedad de su silencio. Ahora me veo como una tierra viva que puede respirar. He descubierto c\u00f3mo vivir la vida y transmitirla a los dem\u00e1s. Ahora puedo vivir sin ira ni resentimiento, sin miedo ni rechazo. He vuelto a nacer.<\/p>\n<\/blockquote>\n","protected":false},"excerpt":{"rendered":"<p>El objetivo no es una inmensa Iglesia separada del resto de la poblaci\u00f3n. Queremos ver una Iglesia plenamente integrada en la sociedad, que llegue a todos los grupos de poblaci\u00f3n en su propio idioma &#8220;del coraz\u00f3n&#8221; y a todas las personas, desde los acad\u00e9micos m\u00e1s respetados, los empresarios influyentes y los profesores de religi\u00f3n, hasta [&hellip;]<\/p>\n","protected":false},"author":1,"featured_media":0,"parent":11602,"menu_order":0,"comment_status":"closed","ping_status":"closed","template":"page-work.php","meta":{"_acf_changed":false,"give_campaign_id":0,"om_disable_all_campaigns":false,"_mi_skip_tracking":false,"footnotes":""},"class_list":["post-11596","page","type-page","status-publish","hentry"],"acf":[],"yoast_head":"<!-- This site is optimized with the Yoast SEO plugin v27.3 - https:\/\/yoast.com\/product\/yoast-seo-wordpress\/ -->\n<title>Transformaci\u00f3n - Transform Iran<\/title>\n<meta name=\"robots\" content=\"index, follow, max-snippet:-1, max-image-preview:large, max-video-preview:-1\" \/>\n<link rel=\"canonical\" href=\"https:\/\/transformiran.com\/es\/nuestro-trabajo\/transformacion\/\" \/>\n<meta property=\"og:locale\" content=\"es_ES\" \/>\n<meta property=\"og:type\" content=\"article\" \/>\n<meta property=\"og:title\" content=\"Transformaci\u00f3n - Transform Iran\" \/>\n<meta property=\"og:description\" content=\"El objetivo no es una inmensa Iglesia separada del resto de la poblaci\u00f3n. Queremos ver una Iglesia plenamente integrada en la sociedad, que llegue a todos los grupos de poblaci\u00f3n en su propio idioma &#8220;del coraz\u00f3n&#8221; y a todas las personas, desde los acad\u00e9micos m\u00e1s respetados, los empresarios influyentes y los profesores de religi\u00f3n, hasta [&hellip;]\" \/>\n<meta property=\"og:url\" content=\"https:\/\/transformiran.com\/es\/nuestro-trabajo\/transformacion\/\" \/>\n<meta property=\"og:site_name\" content=\"Transform Iran\" \/>\n<meta property=\"article:publisher\" content=\"https:\/\/www.facebook.com\/222MinistriesUSAInc\" \/>\n<meta property=\"article:modified_time\" content=\"2025-04-02T09:57:02+00:00\" \/>\n<meta name=\"twitter:card\" content=\"summary_large_image\" \/>\n<meta name=\"twitter:site\" content=\"@222minint\" \/>\n<meta name=\"twitter:label1\" content=\"Tiempo de lectura\" \/>\n\t<meta name=\"twitter:data1\" content=\"3 minutos\" \/>\n<script type=\"application\/ld+json\" class=\"yoast-schema-graph\">{\"@context\":\"https:\\\/\\\/schema.org\",\"@graph\":[{\"@type\":\"WebPage\",\"@id\":\"https:\\\/\\\/transformiran.com\\\/es\\\/nuestro-trabajo\\\/transformacion\\\/\",\"url\":\"https:\\\/\\\/transformiran.com\\\/es\\\/nuestro-trabajo\\\/transformacion\\\/\",\"name\":\"Transformaci\u00f3n - Transform Iran\",\"isPartOf\":{\"@id\":\"https:\\\/\\\/transformiran.com\\\/es\\\/#website\"},\"datePublished\":\"2022-11-03T12:17:33+00:00\",\"dateModified\":\"2025-04-02T09:57:02+00:00\",\"breadcrumb\":{\"@id\":\"https:\\\/\\\/transformiran.com\\\/es\\\/nuestro-trabajo\\\/transformacion\\\/#breadcrumb\"},\"inLanguage\":\"es\",\"potentialAction\":[{\"@type\":\"ReadAction\",\"target\":[\"https:\\\/\\\/transformiran.com\\\/es\\\/nuestro-trabajo\\\/transformacion\\\/\"]}]},{\"@type\":\"BreadcrumbList\",\"@id\":\"https:\\\/\\\/transformiran.com\\\/es\\\/nuestro-trabajo\\\/transformacion\\\/#breadcrumb\",\"itemListElement\":[{\"@type\":\"ListItem\",\"position\":1,\"name\":\"Home\",\"item\":\"https:\\\/\\\/transformiran.com\\\/es\\\/inicio-2\\\/\"},{\"@type\":\"ListItem\",\"position\":2,\"name\":\"Nuestro trabajo\",\"item\":\"https:\\\/\\\/transformiran.com\\\/es\\\/nuestro-trabajo\\\/\"},{\"@type\":\"ListItem\",\"position\":3,\"name\":\"Transformaci\u00f3n\"}]},{\"@type\":\"WebSite\",\"@id\":\"https:\\\/\\\/transformiran.com\\\/es\\\/#website\",\"url\":\"https:\\\/\\\/transformiran.com\\\/es\\\/\",\"name\":\"Transform Iran\",\"description\":\"Bringing the love and power of Christ to Iran - and beyond\",\"publisher\":{\"@id\":\"https:\\\/\\\/transformiran.com\\\/es\\\/#organization\"},\"potentialAction\":[{\"@type\":\"SearchAction\",\"target\":{\"@type\":\"EntryPoint\",\"urlTemplate\":\"https:\\\/\\\/transformiran.com\\\/es\\\/?s={search_term_string}\"},\"query-input\":{\"@type\":\"PropertyValueSpecification\",\"valueRequired\":true,\"valueName\":\"search_term_string\"}}],\"inLanguage\":\"es\"},{\"@type\":\"Organization\",\"@id\":\"https:\\\/\\\/transformiran.com\\\/es\\\/#organization\",\"name\":\"Transform Iran\",\"url\":\"https:\\\/\\\/transformiran.com\\\/es\\\/\",\"logo\":{\"@type\":\"ImageObject\",\"inLanguage\":\"es\",\"@id\":\"https:\\\/\\\/transformiran.com\\\/es\\\/#\\\/schema\\\/logo\\\/image\\\/\",\"url\":\"https:\\\/\\\/transformiran.com\\\/app\\\/uploads\\\/2022\\\/11\\\/logo_grey.jpg\",\"contentUrl\":\"https:\\\/\\\/transformiran.com\\\/app\\\/uploads\\\/2022\\\/11\\\/logo_grey.jpg\",\"width\":528,\"height\":90,\"caption\":\"Transform Iran\"},\"image\":{\"@id\":\"https:\\\/\\\/transformiran.com\\\/es\\\/#\\\/schema\\\/logo\\\/image\\\/\"},\"sameAs\":[\"https:\\\/\\\/www.facebook.com\\\/222MinistriesUSAInc\",\"https:\\\/\\\/x.com\\\/222minint\",\"https:\\\/\\\/www.instagram.com\\\/222ministriesinternational\\\/\"]}]}<\/script>\n<!-- \/ Yoast SEO plugin. -->","yoast_head_json":{"title":"Transformaci\u00f3n - Transform Iran","robots":{"index":"index","follow":"follow","max-snippet":"max-snippet:-1","max-image-preview":"max-image-preview:large","max-video-preview":"max-video-preview:-1"},"canonical":"https:\/\/transformiran.com\/es\/nuestro-trabajo\/transformacion\/","og_locale":"es_ES","og_type":"article","og_title":"Transformaci\u00f3n - Transform Iran","og_description":"El objetivo no es una inmensa Iglesia separada del resto de la poblaci\u00f3n. Queremos ver una Iglesia plenamente integrada en la sociedad, que llegue a todos los grupos de poblaci\u00f3n en su propio idioma &#8220;del coraz\u00f3n&#8221; y a todas las personas, desde los acad\u00e9micos m\u00e1s respetados, los empresarios influyentes y los profesores de religi\u00f3n, hasta [&hellip;]","og_url":"https:\/\/transformiran.com\/es\/nuestro-trabajo\/transformacion\/","og_site_name":"Transform Iran","article_publisher":"https:\/\/www.facebook.com\/222MinistriesUSAInc","article_modified_time":"2025-04-02T09:57:02+00:00","twitter_card":"summary_large_image","twitter_site":"@222minint","twitter_misc":{"Tiempo de lectura":"3 minutos"},"schema":{"@context":"https:\/\/schema.org","@graph":[{"@type":"WebPage","@id":"https:\/\/transformiran.com\/es\/nuestro-trabajo\/transformacion\/","url":"https:\/\/transformiran.com\/es\/nuestro-trabajo\/transformacion\/","name":"Transformaci\u00f3n - Transform Iran","isPartOf":{"@id":"https:\/\/transformiran.com\/es\/#website"},"datePublished":"2022-11-03T12:17:33+00:00","dateModified":"2025-04-02T09:57:02+00:00","breadcrumb":{"@id":"https:\/\/transformiran.com\/es\/nuestro-trabajo\/transformacion\/#breadcrumb"},"inLanguage":"es","potentialAction":[{"@type":"ReadAction","target":["https:\/\/transformiran.com\/es\/nuestro-trabajo\/transformacion\/"]}]},{"@type":"BreadcrumbList","@id":"https:\/\/transformiran.com\/es\/nuestro-trabajo\/transformacion\/#breadcrumb","itemListElement":[{"@type":"ListItem","position":1,"name":"Home","item":"https:\/\/transformiran.com\/es\/inicio-2\/"},{"@type":"ListItem","position":2,"name":"Nuestro trabajo","item":"https:\/\/transformiran.com\/es\/nuestro-trabajo\/"},{"@type":"ListItem","position":3,"name":"Transformaci\u00f3n"}]},{"@type":"WebSite","@id":"https:\/\/transformiran.com\/es\/#website","url":"https:\/\/transformiran.com\/es\/","name":"Transform Iran","description":"Bringing the love and power of Christ to Iran - and beyond","publisher":{"@id":"https:\/\/transformiran.com\/es\/#organization"},"potentialAction":[{"@type":"SearchAction","target":{"@type":"EntryPoint","urlTemplate":"https:\/\/transformiran.com\/es\/?s={search_term_string}"},"query-input":{"@type":"PropertyValueSpecification","valueRequired":true,"valueName":"search_term_string"}}],"inLanguage":"es"},{"@type":"Organization","@id":"https:\/\/transformiran.com\/es\/#organization","name":"Transform Iran","url":"https:\/\/transformiran.com\/es\/","logo":{"@type":"ImageObject","inLanguage":"es","@id":"https:\/\/transformiran.com\/es\/#\/schema\/logo\/image\/","url":"https:\/\/transformiran.com\/app\/uploads\/2022\/11\/logo_grey.jpg","contentUrl":"https:\/\/transformiran.com\/app\/uploads\/2022\/11\/logo_grey.jpg","width":528,"height":90,"caption":"Transform Iran"},"image":{"@id":"https:\/\/transformiran.com\/es\/#\/schema\/logo\/image\/"},"sameAs":["https:\/\/www.facebook.com\/222MinistriesUSAInc","https:\/\/x.com\/222minint","https:\/\/www.instagram.com\/222ministriesinternational\/"]}]}},"campaignId":"","_links":{"self":[{"href":"https:\/\/transformiran.com\/es\/wp-json\/wp\/v2\/pages\/11596","targetHints":{"allow":["GET"]}}],"collection":[{"href":"https:\/\/transformiran.com\/es\/wp-json\/wp\/v2\/pages"}],"about":[{"href":"https:\/\/transformiran.com\/es\/wp-json\/wp\/v2\/types\/page"}],"author":[{"embeddable":true,"href":"https:\/\/transformiran.com\/es\/wp-json\/wp\/v2\/users\/1"}],"replies":[{"embeddable":true,"href":"https:\/\/transformiran.com\/es\/wp-json\/wp\/v2\/comments?post=11596"}],"version-history":[{"count":0,"href":"https:\/\/transformiran.com\/es\/wp-json\/wp\/v2\/pages\/11596\/revisions"}],"up":[{"embeddable":true,"href":"https:\/\/transformiran.com\/es\/wp-json\/wp\/v2\/pages\/11602"}],"wp:attachment":[{"href":"https:\/\/transformiran.com\/es\/wp-json\/wp\/v2\/media?parent=11596"}],"curies":[{"name":"wp","href":"https:\/\/api.w.org\/{rel}","templated":true}]}}