{"id":11600,"date":"2022-11-03T12:18:06","date_gmt":"2022-11-03T12:18:06","guid":{"rendered":"https:\/\/transformiran.com\/plantacion-de-iglesias\/"},"modified":"2025-04-02T10:57:03","modified_gmt":"2025-04-02T09:57:03","slug":"plantacion-de-iglesias","status":"publish","type":"page","link":"https:\/\/transformiran.com\/es\/nuestro-trabajo\/plantacion-de-iglesias\/","title":{"rendered":"Plantaci\u00f3n de iglesias"},"content":{"rendered":"\n<p>&#8220;Edificar\u00e9 mi Iglesia, y las puertas del Hades[c] no la vencer\u00e1n&#8221;. Mateo 16:18<\/p>\n\n<p><\/p>\n\n<h2 class=\"wp-block-heading has-text-color has-link-color wp-elements-f25daa0e940f08565d0cd7f4acca1847\" style=\"color:#b38e44\">La fe y el crecimiento de la Iglesia en Ir\u00e1n<\/h2>\n\n<p>En esencia, Transform Iran es un ministerio de plantaci\u00f3n de iglesias. La Iglesia es la Esposa de Cristo y un bello reflejo de la gloria, el amor y el poder de Cristo para un mundo que necesita un Salvador. Las iglesias de Transform Iran (conocidas como &#8220;222 Iglesias&#8221;) se construyen sobre los principios de 2 Timoteo 2:2, donde el discipulado es el n\u00facleo, y se desarrollan l\u00edderes fruct\u00edferos, ungidos y llenos del Esp\u00edritu. L\u00edderes que amar\u00e1n de verdad a los perdidos y activar\u00e1n el cuerpo de Cristo en una misi\u00f3n transformadora de naciones.   <\/p>\n\n<p><mark style=\"background-color:rgba(0, 0, 0, 0);color:#b38e44\" class=\"has-inline-color\">La visi\u00f3n es plantar, nutrir y hacer crecer iglesias pr\u00f3speras y que se reproduzcan, en cada pueblo y ciudad de Ir\u00e1n, en las lenguas maternas de todos los grupos \u00e9tnicos de Ir\u00e1n. As\u00ed, todos los iran\u00edes comprenden y reciben claramente el mensaje del Evangelio, y la comuni\u00f3n de los santos es accesible a todos.  <\/mark><\/p>\n\n<p><\/p>\n\n<h2 class=\"wp-block-heading has-text-color has-link-color wp-elements-458d8d9ee8209348127fab1af12229f1\" style=\"color:#b38e44\">La Iglesia iran\u00ed recibe recursos para la misi\u00f3n<\/h2>\n\n<p>Transform Iran planta iglesias arraigadas en la Palabra de Dios, fortalecidas, dotadas de recursos, equipadas y comprometidas activamente en la misi\u00f3n transformadora de la naci\u00f3n.  <\/p>\n\n<p><mark style=\"background-color:rgba(0, 0, 0, 0);color:#b38e44\" class=\"has-inline-color\">Nuestra familia de &#8220;222 iglesias&#8221; abarca 18 pa\u00edses, incluidos cientos de iglesias en m\u00e1s de 50 ciudades de Ir\u00e1n.  <\/mark><\/p>\n\n<p>Las iglesias de la di\u00e1spora participan activamente en la misi\u00f3n de llegar a Ir\u00e1n, ofreci\u00e9ndose como voluntarias y trabajando para los diversos proyectos e iniciativas dirigidos por Transform Iran.  <\/p>\n\n<p>Las iglesias de Ir\u00e1n tambi\u00e9n participan activamente en la misi\u00f3n, a pesar de los riesgos a los que se enfrentan.  <mark style=\"background-color:rgba(0, 0, 0, 0);color:#b38e44\" class=\"has-inline-color\">El coraz\u00f3n por los perdidos supera cualquier temor al peligro.  <\/mark><\/p>\n\n<p><\/p>\n\n<p><a href=\"https:\/\/transformiran.com\/es\/nuestro-trabajo\/iglesia-digital\/\">Lee sobre nuestra iglesia digital que conecta mensualmente a m\u00e1s de 20.000 iran\u00edes con una comunidad cristiana segura<\/a><\/p>\n\n<p><\/p>\n\n<figure class=\"wp-block-gallery has-nested-images columns-default is-cropped wp-block-gallery-1 is-layout-flex wp-block-gallery-is-layout-flex\">\n<figure class=\"wp-block-image size-full\"><img decoding=\"async\" width=\"3000\" height=\"2562\" data-id=\"25950\" src=\"https:\/\/transformiran.com\/app\/uploads\/2024\/09\/LeadDev09_19-26-scaled.jpeg\" alt=\"\" class=\"wp-image-25950\" srcset=\"https:\/\/transformiran.com\/app\/uploads\/2024\/09\/LeadDev09_19-26-scaled.jpeg 3000w, https:\/\/transformiran.com\/app\/uploads\/2024\/09\/LeadDev09_19-26-300x256.jpeg 300w, https:\/\/transformiran.com\/app\/uploads\/2024\/09\/LeadDev09_19-26-1024x875.jpeg 1024w, https:\/\/transformiran.com\/app\/uploads\/2024\/09\/LeadDev09_19-26-768x656.jpeg 768w, https:\/\/transformiran.com\/app\/uploads\/2024\/09\/LeadDev09_19-26-1536x1312.jpeg 1536w, https:\/\/transformiran.com\/app\/uploads\/2024\/09\/LeadDev09_19-26-2048x1749.jpeg 2048w\" sizes=\"(max-width: 3000px) 100vw, 3000px\" \/><\/figure>\n\n\n\n<figure class=\"wp-block-image size-full\"><img decoding=\"async\" width=\"1024\" height=\"576\" data-id=\"25943\" src=\"https:\/\/transformiran.com\/app\/uploads\/2024\/09\/OCJ-2023_Armenia_a.jpg\" alt=\"\" class=\"wp-image-25943\" srcset=\"https:\/\/transformiran.com\/app\/uploads\/2024\/09\/OCJ-2023_Armenia_a.jpg 1024w, https:\/\/transformiran.com\/app\/uploads\/2024\/09\/OCJ-2023_Armenia_a-300x169.jpg 300w, https:\/\/transformiran.com\/app\/uploads\/2024\/09\/OCJ-2023_Armenia_a-768x432.jpg 768w\" sizes=\"(max-width: 1024px) 100vw, 1024px\" \/><\/figure>\n<\/figure>\n\n<p><\/p>\n\n<h2 class=\"wp-block-heading has-text-color has-link-color wp-elements-a63aed31ac2b125858351830e01a5b1a\" style=\"color:#b38e44\">Encuentros sobrenaturales y crecimiento org\u00e1nico de la Iglesia<\/h2>\n\n<p>El Esp\u00edritu de Dios act\u00faa hoy en Ir\u00e1n y la Iglesia est\u00e1 activa y crece m\u00e1s r\u00e1pido que nunca, algunos dicen que m\u00e1s r\u00e1pido que en ning\u00fan otro lugar del mundo.  <\/p>\n\n<p><\/p>\n\n<p>Tras haber vivido bajo la opresi\u00f3n del gobierno y una teocracia isl\u00e1mica durante d\u00e9cadas, los iran\u00edes est\u00e1n desesperadamente hambrientos de verdad y la buscan activamente; buscan el mensaje que su gobierno se empe\u00f1a en suprimir. Es ilegal que los iran\u00edes abandonen el Islam, pero Jes\u00fas est\u00e1 rompiendo todas las barreras y llegando directamente a los musulmanes a trav\u00e9s de sue\u00f1os y encuentros sobrenaturales. Les est\u00e1 liberando de adicciones, curando enfermedades y restaurando relaciones. Los familiares y amigos ven una vida transformada y quieren saber m\u00e1s. A medida que se a\u00f1aden m\u00e1s personas al Cuerpo, se plantan org\u00e1nicamente iglesias en las casas.    <\/p>\n\n<p><\/p>\n\n<p>Antes de la Revoluci\u00f3n Isl\u00e1mica de 1979, los creyentes de origen musulm\u00e1n se contaban s\u00f3lo por centenares, \u00a1y ahora son m\u00e1s de un MILL\u00d3N!<\/p>\n\n<p><\/p>\n\n<figure class=\"wp-block-embed is-type-video is-provider-youtube wp-block-embed-youtube wp-embed-aspect-16-9 wp-has-aspect-ratio\"><div class=\"wp-block-embed__wrapper\">\n<iframe title=\"The Church in Iran: A Light In The Darkness (2-Minute Reel)\" width=\"500\" height=\"281\" src=\"https:\/\/www.youtube.com\/embed\/l_atkc85C2s?feature=oembed\" frameborder=\"0\" allow=\"accelerometer; autoplay; clipboard-write; encrypted-media; gyroscope; picture-in-picture; web-share\" referrerpolicy=\"strict-origin-when-cross-origin\" allowfullscreen><\/iframe>\n<\/div><figcaption class=\"wp-element-caption\">Es ilegal que los iran\u00edes abandonen el Islam y, sin embargo, la Iglesia en Ir\u00e1n crece m\u00e1s r\u00e1pidamente que en cualquier otra parte del mundo.<\/figcaption><\/figure>\n\n<div class=\"wp-block-buttons is-layout-flex wp-block-buttons-is-layout-flex\">\n<div class=\"wp-block-button\"><a class=\"wp-block-button__link has-white-color has-vivid-red-background-color has-text-color has-background has-link-color wp-element-button\" href=\"https:\/\/transformiran.com\/es\/suscripcion-al-boletin\/\"><strong>Haz crecer tu fe: Recibe Testimonios Mensuales de la Iglesia Perseguida en Ir\u00e1n<\/strong><\/a><\/div>\n<\/div>\n\n<p><\/p>\n\n<h2 class=\"wp-block-heading has-text-color has-link-color wp-elements-245fae8322ec48acf8b21ead25fe6d6c\" style=\"color:#b38e44\">Dotar de recursos al movimiento iran\u00ed de iglesias dom\u00e9sticas<\/h2>\n\n<p>Transform Iran ofrece una gama completa de <a href=\"https:\/\/transformiran.com\/es\/nuestro-trabajo\/medios-de-comunicacion\/\">medios de comunicaci\u00f3n<\/a> que presentan el Evangelio a los buscadores e invitan al contacto personal con nuestro equipo de seguimiento especializado. Consejeros formados oran por los necesitados, conducen a los buscadores a Cristo y ofrecen <a href=\"https:\/\/transformiran.com\/es\/nuestro-trabajo\/discipulado\/\">discipulado<\/a> 1:1.   <\/p>\n\n<p><\/p>\n\n<p>A trav\u00e9s de este viaje de discipulado, los temas se extender\u00e1n a aspectos como el evangelismo, la apolog\u00e9tica y la plantaci\u00f3n de iglesias, porque a menudo, a trav\u00e9s de este proceso, la persona discipulada se convierte involuntariamente en plantadora de iglesias.<\/p>\n\n<p><\/p>\n\n<blockquote class=\"wp-block-quote is-layout-flow wp-block-quote-is-layout-flow\">\n<p>Muy a menudo, el consejero estar\u00e1 en una llamada y la persona dir\u00e1: &#8216;He contado a todos mis amigos y familiares lo que me has estado diciendo, y ahora espero que no te importe, te he puesto en el altavoz y hay 30 de nosotros en la habitaci\u00f3n y todos queremos saberlo&#8217;. As\u00ed es como alguien que se ha convertido en creyente hace s\u00f3lo cuatro o cinco meses planta inadvertidamente una nueva casa-iglesia. <\/p>\n<\/blockquote>\n\n<p><br\/>A medida que la relaci\u00f3n evoluciona, empezamos a ense\u00f1arles c\u00f3mo pueden cuidar de esta &#8220;iglesia dom\u00e9stica&#8221;. La mayor\u00eda de las iglesias de Ir\u00e1n se plantan de esta manera. Personas reales que viven vidas aut\u00e9nticas brillan por Jes\u00fas y eso se contagia, se extiende y se plantan nuevas iglesias.  <\/p>\n\n<p><\/p>\n\n<figure class=\"wp-block-embed is-type-video is-provider-youtube wp-block-embed-youtube wp-embed-aspect-16-9 wp-has-aspect-ratio\"><div class=\"wp-block-embed__wrapper\">\n<iframe title=\"Jesus Makes Himself Known to Muslims (90-Second Reel)\" width=\"500\" height=\"281\" src=\"https:\/\/www.youtube.com\/embed\/6ppYVjwmtwA?feature=oembed\" frameborder=\"0\" allow=\"accelerometer; autoplay; clipboard-write; encrypted-media; gyroscope; picture-in-picture; web-share\" referrerpolicy=\"strict-origin-when-cross-origin\" allowfullscreen><\/iframe>\n<\/div><figcaption class=\"wp-element-caption\">La mayor\u00eda de los testimonios de conversiones musulmanas al cristianismo se deben a que las personas han tenido un encuentro sobrenatural con Jes\u00fas.<\/figcaption><\/figure>\n\n<h2 class=\"wp-block-heading has-text-color has-link-color wp-elements-863ee450f987cfc905195dd0db2f7026\" style=\"color:#b38e44\">La Iglesia perseguida de Ir\u00e1n: Una luz que brilla en la oscuridad<\/h2>\n\n<p><\/p>\n\n<p>&#8220;La luz brilla en las tinieblas, y las tinieblas no la han vencido&#8221;. Juan 1:5 <\/p>\n\n<p><\/p>\n\n<p>Ir\u00e1n est\u00e1 cubierto por una espesa oscuridad de persecuci\u00f3n, opresi\u00f3n, propaganda y control religioso. Por eso, cuando brilla la luz de Jes\u00fas, es especialmente brillante. Donde hay desasosiego y desesperanza, los cristianos tienen una paz que sobrepasa todo entendimiento; donde hay desesperaci\u00f3n, los cristianos tienen alegr\u00eda. Cuando las comunidades son testigos de vidas cambiadas sobrenatural y aut\u00e9nticamente por Jes\u00fas, no pueden evitar preguntar c\u00f3mo.   <\/p>\n\n<p><\/p>\n\n<p>Los castigos por abandonar el Islam son severos. As\u00ed que los cristianos iran\u00edes lo arriesgan todo por seguir a Jes\u00fas y su fe se pone a prueba m\u00e1s all\u00e1 de lo que podemos comprender en Occidente. Su relaci\u00f3n con Jes\u00fas se convierte en algo verdaderamente precioso e inestimable, por lo que merece la pena morir. No hay cristianos tibios en Ir\u00e1n.   <\/p>\n\n<p><\/p>\n\n<p><a href=\"https:\/\/transformiran.com\/es\/nuestro-trabajo\/iglesia-digital\/\">Lee sobre nuestra iglesia digital que conecta mensualmente a m\u00e1s de 20.000 iran\u00edes con una comunidad cristiana segura<\/a><\/p>\n\n<p><\/p>\n\n<h2 class=\"wp-block-heading has-text-color has-link-color wp-elements-98152180c503490db7a13ee1fe3e5970\" style=\"color:#b38e44\">Iglesia en Misi\u00f3n: Un cl\u00e9rigo musulm\u00e1n se convierte a Cristo<\/h2>\n\n<blockquote class=\"wp-block-quote is-layout-flow wp-block-quote-is-layout-flow\">\n<p>Yo era un Mullah, dando clases de religi\u00f3n. Hace dos a\u00f1os, descubr\u00ed que ten\u00eda c\u00e1ncer de mama, me conect\u00e9 con uno de los pastores que me present\u00f3 a Jes\u00fas y a pesar de mi enfermedad un rayo de esperanza se encendi\u00f3 en mi coraz\u00f3n de que ser\u00eda sanada. Durante mi tratamiento, la iglesia me ayud\u00f3 mucho con ense\u00f1anzas, oraciones y tambi\u00e9n con ayuda emocional y econ\u00f3mica.  <\/p>\n\n\n\n<p>Hoy estoy completamente curado y con la ayuda del ministerio estoy siguiendo un curso universitario para convertirme en profesor y presentar a Jes\u00fas a las generaciones m\u00e1s j\u00f3venes.  <\/p>\n\n\n\n<p>En los dos \u00faltimos a\u00f1os que he conocido a Dios me he dado cuenta de que es mi proveedor y un Dios grande y amoroso, he sentido su presencia todos los d\u00edas de mi vida, aunque fui cl\u00e9rigo musulm\u00e1n nunca tuve este sentimiento de la presencia de Dios que tengo ahora. Mi Se\u00f1or Jesucristo me gu\u00eda y me ense\u00f1a y me dio una nueva Vida, y ahora estoy muy feliz de tenerlo en mi vida, siento su presencia todos los d\u00edas y en todas partes y estoy tan contenta de que me haya elegido para conocer al verdadero Dios.<\/p>\n<\/blockquote>\n\n<div class=\"wp-block-buttons is-layout-flex wp-block-buttons-is-layout-flex\">\n<div class=\"wp-block-button\"><a class=\"wp-block-button__link has-white-color has-vivid-red-background-color has-text-color has-background has-link-color has-text-align-center wp-element-button\" href=\"https:\/\/transformiran.com\/es\/suscripcion-al-boletin\/\"><strong>Haz crecer tu fe: Recibe Testimonios Mensuales de la Iglesia Perseguida en Ir\u00e1n<\/strong><\/a><\/div>\n<\/div>\n\n<p><\/p>\n\n<p><\/p>\n","protected":false},"excerpt":{"rendered":"<p>&#8220;Edificar\u00e9 mi Iglesia, y las puertas del Hades[c] no la vencer\u00e1n&#8221;. Mateo 16:18 La fe y el crecimiento de la Iglesia en Ir\u00e1n En esencia, Transform Iran es un ministerio de plantaci\u00f3n de iglesias. La Iglesia es la Esposa de Cristo y un bello reflejo de la gloria, el amor y el poder de Cristo [&hellip;]<\/p>\n","protected":false},"author":1,"featured_media":0,"parent":11602,"menu_order":0,"comment_status":"closed","ping_status":"closed","template":"page-work.php","meta":{"_acf_changed":false,"give_campaign_id":0,"om_disable_all_campaigns":false,"_mi_skip_tracking":false,"footnotes":""},"class_list":["post-11600","page","type-page","status-publish","hentry"],"acf":[],"yoast_head":"<!-- This site is optimized with the Yoast SEO plugin v27.2 - https:\/\/yoast.com\/product\/yoast-seo-wordpress\/ -->\n<title>Plantaci\u00f3n de iglesias - Transform Iran<\/title>\n<meta name=\"robots\" content=\"index, follow, max-snippet:-1, max-image-preview:large, max-video-preview:-1\" \/>\n<link rel=\"canonical\" href=\"https:\/\/transformiran.com\/es\/nuestro-trabajo\/plantacion-de-iglesias\/\" \/>\n<meta property=\"og:locale\" content=\"es_ES\" \/>\n<meta property=\"og:type\" content=\"article\" \/>\n<meta property=\"og:title\" content=\"Plantaci\u00f3n de iglesias - Transform Iran\" \/>\n<meta property=\"og:description\" content=\"&#8220;Edificar\u00e9 mi Iglesia, y las puertas del Hades[c] no la vencer\u00e1n&#8221;. Mateo 16:18 La fe y el crecimiento de la Iglesia en Ir\u00e1n En esencia, Transform Iran es un ministerio de plantaci\u00f3n de iglesias. La Iglesia es la Esposa de Cristo y un bello reflejo de la gloria, el amor y el poder de Cristo [&hellip;]\" \/>\n<meta property=\"og:url\" content=\"https:\/\/transformiran.com\/es\/nuestro-trabajo\/plantacion-de-iglesias\/\" \/>\n<meta property=\"og:site_name\" content=\"Transform Iran\" \/>\n<meta property=\"article:publisher\" content=\"https:\/\/www.facebook.com\/222MinistriesUSAInc\" \/>\n<meta property=\"article:modified_time\" content=\"2025-04-02T09:57:03+00:00\" \/>\n<meta property=\"og:image\" content=\"https:\/\/transformiran.com\/app\/uploads\/2024\/09\/LeadDev09_19-26-scaled.jpeg\" \/>\n\t<meta property=\"og:image:width\" content=\"3000\" \/>\n\t<meta property=\"og:image:height\" content=\"2562\" \/>\n\t<meta property=\"og:image:type\" content=\"image\/jpeg\" \/>\n<meta name=\"twitter:card\" content=\"summary_large_image\" \/>\n<meta name=\"twitter:site\" content=\"@222minint\" \/>\n<meta name=\"twitter:label1\" content=\"Tiempo de lectura\" \/>\n\t<meta name=\"twitter:data1\" content=\"6 minutos\" \/>\n<script type=\"application\/ld+json\" class=\"yoast-schema-graph\">{\"@context\":\"https:\/\/schema.org\",\"@graph\":[{\"@type\":\"WebPage\",\"@id\":\"https:\/\/transformiran.com\/es\/nuestro-trabajo\/plantacion-de-iglesias\/\",\"url\":\"https:\/\/transformiran.com\/es\/nuestro-trabajo\/plantacion-de-iglesias\/\",\"name\":\"Plantaci\u00f3n de iglesias - Transform Iran\",\"isPartOf\":{\"@id\":\"https:\/\/transformiran.com\/es\/#website\"},\"primaryImageOfPage\":{\"@id\":\"https:\/\/transformiran.com\/es\/nuestro-trabajo\/plantacion-de-iglesias\/#primaryimage\"},\"image\":{\"@id\":\"https:\/\/transformiran.com\/es\/nuestro-trabajo\/plantacion-de-iglesias\/#primaryimage\"},\"thumbnailUrl\":\"https:\/\/transformiran.com\/app\/uploads\/2024\/09\/LeadDev09_19-26-scaled.jpeg\",\"datePublished\":\"2022-11-03T12:18:06+00:00\",\"dateModified\":\"2025-04-02T09:57:03+00:00\",\"breadcrumb\":{\"@id\":\"https:\/\/transformiran.com\/es\/nuestro-trabajo\/plantacion-de-iglesias\/#breadcrumb\"},\"inLanguage\":\"es\",\"potentialAction\":[{\"@type\":\"ReadAction\",\"target\":[\"https:\/\/transformiran.com\/es\/nuestro-trabajo\/plantacion-de-iglesias\/\"]}]},{\"@type\":\"ImageObject\",\"inLanguage\":\"es\",\"@id\":\"https:\/\/transformiran.com\/es\/nuestro-trabajo\/plantacion-de-iglesias\/#primaryimage\",\"url\":\"https:\/\/transformiran.com\/app\/uploads\/2024\/09\/LeadDev09_19-26-scaled.jpeg\",\"contentUrl\":\"https:\/\/transformiran.com\/app\/uploads\/2024\/09\/LeadDev09_19-26-scaled.jpeg\"},{\"@type\":\"BreadcrumbList\",\"@id\":\"https:\/\/transformiran.com\/es\/nuestro-trabajo\/plantacion-de-iglesias\/#breadcrumb\",\"itemListElement\":[{\"@type\":\"ListItem\",\"position\":1,\"name\":\"Home\",\"item\":\"https:\/\/transformiran.com\/es\/inicio-2\/\"},{\"@type\":\"ListItem\",\"position\":2,\"name\":\"Nuestro trabajo\",\"item\":\"https:\/\/transformiran.com\/es\/nuestro-trabajo\/\"},{\"@type\":\"ListItem\",\"position\":3,\"name\":\"Plantaci\u00f3n de iglesias\"}]},{\"@type\":\"WebSite\",\"@id\":\"https:\/\/transformiran.com\/es\/#website\",\"url\":\"https:\/\/transformiran.com\/es\/\",\"name\":\"Transform Iran\",\"description\":\"Bringing the love and power of Christ to Iran - and beyond\",\"publisher\":{\"@id\":\"https:\/\/transformiran.com\/es\/#organization\"},\"potentialAction\":[{\"@type\":\"SearchAction\",\"target\":{\"@type\":\"EntryPoint\",\"urlTemplate\":\"https:\/\/transformiran.com\/es\/?s={search_term_string}\"},\"query-input\":{\"@type\":\"PropertyValueSpecification\",\"valueRequired\":true,\"valueName\":\"search_term_string\"}}],\"inLanguage\":\"es\"},{\"@type\":\"Organization\",\"@id\":\"https:\/\/transformiran.com\/es\/#organization\",\"name\":\"Transform Iran\",\"url\":\"https:\/\/transformiran.com\/es\/\",\"logo\":{\"@type\":\"ImageObject\",\"inLanguage\":\"es\",\"@id\":\"https:\/\/transformiran.com\/es\/#\/schema\/logo\/image\/\",\"url\":\"https:\/\/transformiran.com\/app\/uploads\/2022\/11\/logo_grey.jpg\",\"contentUrl\":\"https:\/\/transformiran.com\/app\/uploads\/2022\/11\/logo_grey.jpg\",\"width\":528,\"height\":90,\"caption\":\"Transform Iran\"},\"image\":{\"@id\":\"https:\/\/transformiran.com\/es\/#\/schema\/logo\/image\/\"},\"sameAs\":[\"https:\/\/www.facebook.com\/222MinistriesUSAInc\",\"https:\/\/x.com\/222minint\",\"https:\/\/www.instagram.com\/222ministriesinternational\/\"]}]}<\/script>\n<!-- \/ Yoast SEO plugin. -->","yoast_head_json":{"title":"Plantaci\u00f3n de iglesias - Transform Iran","robots":{"index":"index","follow":"follow","max-snippet":"max-snippet:-1","max-image-preview":"max-image-preview:large","max-video-preview":"max-video-preview:-1"},"canonical":"https:\/\/transformiran.com\/es\/nuestro-trabajo\/plantacion-de-iglesias\/","og_locale":"es_ES","og_type":"article","og_title":"Plantaci\u00f3n de iglesias - Transform Iran","og_description":"&#8220;Edificar\u00e9 mi Iglesia, y las puertas del Hades[c] no la vencer\u00e1n&#8221;. Mateo 16:18 La fe y el crecimiento de la Iglesia en Ir\u00e1n En esencia, Transform Iran es un ministerio de plantaci\u00f3n de iglesias. La Iglesia es la Esposa de Cristo y un bello reflejo de la gloria, el amor y el poder de Cristo [&hellip;]","og_url":"https:\/\/transformiran.com\/es\/nuestro-trabajo\/plantacion-de-iglesias\/","og_site_name":"Transform Iran","article_publisher":"https:\/\/www.facebook.com\/222MinistriesUSAInc","article_modified_time":"2025-04-02T09:57:03+00:00","og_image":[{"width":3000,"height":2562,"url":"https:\/\/transformiran.com\/app\/uploads\/2024\/09\/LeadDev09_19-26-scaled.jpeg","type":"image\/jpeg"}],"twitter_card":"summary_large_image","twitter_site":"@222minint","twitter_misc":{"Tiempo de lectura":"6 minutos"},"schema":{"@context":"https:\/\/schema.org","@graph":[{"@type":"WebPage","@id":"https:\/\/transformiran.com\/es\/nuestro-trabajo\/plantacion-de-iglesias\/","url":"https:\/\/transformiran.com\/es\/nuestro-trabajo\/plantacion-de-iglesias\/","name":"Plantaci\u00f3n de iglesias - Transform Iran","isPartOf":{"@id":"https:\/\/transformiran.com\/es\/#website"},"primaryImageOfPage":{"@id":"https:\/\/transformiran.com\/es\/nuestro-trabajo\/plantacion-de-iglesias\/#primaryimage"},"image":{"@id":"https:\/\/transformiran.com\/es\/nuestro-trabajo\/plantacion-de-iglesias\/#primaryimage"},"thumbnailUrl":"https:\/\/transformiran.com\/app\/uploads\/2024\/09\/LeadDev09_19-26-scaled.jpeg","datePublished":"2022-11-03T12:18:06+00:00","dateModified":"2025-04-02T09:57:03+00:00","breadcrumb":{"@id":"https:\/\/transformiran.com\/es\/nuestro-trabajo\/plantacion-de-iglesias\/#breadcrumb"},"inLanguage":"es","potentialAction":[{"@type":"ReadAction","target":["https:\/\/transformiran.com\/es\/nuestro-trabajo\/plantacion-de-iglesias\/"]}]},{"@type":"ImageObject","inLanguage":"es","@id":"https:\/\/transformiran.com\/es\/nuestro-trabajo\/plantacion-de-iglesias\/#primaryimage","url":"https:\/\/transformiran.com\/app\/uploads\/2024\/09\/LeadDev09_19-26-scaled.jpeg","contentUrl":"https:\/\/transformiran.com\/app\/uploads\/2024\/09\/LeadDev09_19-26-scaled.jpeg"},{"@type":"BreadcrumbList","@id":"https:\/\/transformiran.com\/es\/nuestro-trabajo\/plantacion-de-iglesias\/#breadcrumb","itemListElement":[{"@type":"ListItem","position":1,"name":"Home","item":"https:\/\/transformiran.com\/es\/inicio-2\/"},{"@type":"ListItem","position":2,"name":"Nuestro trabajo","item":"https:\/\/transformiran.com\/es\/nuestro-trabajo\/"},{"@type":"ListItem","position":3,"name":"Plantaci\u00f3n de iglesias"}]},{"@type":"WebSite","@id":"https:\/\/transformiran.com\/es\/#website","url":"https:\/\/transformiran.com\/es\/","name":"Transform Iran","description":"Bringing the love and power of Christ to Iran - and beyond","publisher":{"@id":"https:\/\/transformiran.com\/es\/#organization"},"potentialAction":[{"@type":"SearchAction","target":{"@type":"EntryPoint","urlTemplate":"https:\/\/transformiran.com\/es\/?s={search_term_string}"},"query-input":{"@type":"PropertyValueSpecification","valueRequired":true,"valueName":"search_term_string"}}],"inLanguage":"es"},{"@type":"Organization","@id":"https:\/\/transformiran.com\/es\/#organization","name":"Transform Iran","url":"https:\/\/transformiran.com\/es\/","logo":{"@type":"ImageObject","inLanguage":"es","@id":"https:\/\/transformiran.com\/es\/#\/schema\/logo\/image\/","url":"https:\/\/transformiran.com\/app\/uploads\/2022\/11\/logo_grey.jpg","contentUrl":"https:\/\/transformiran.com\/app\/uploads\/2022\/11\/logo_grey.jpg","width":528,"height":90,"caption":"Transform Iran"},"image":{"@id":"https:\/\/transformiran.com\/es\/#\/schema\/logo\/image\/"},"sameAs":["https:\/\/www.facebook.com\/222MinistriesUSAInc","https:\/\/x.com\/222minint","https:\/\/www.instagram.com\/222ministriesinternational\/"]}]}},"campaignId":"","_links":{"self":[{"href":"https:\/\/transformiran.com\/es\/wp-json\/wp\/v2\/pages\/11600","targetHints":{"allow":["GET"]}}],"collection":[{"href":"https:\/\/transformiran.com\/es\/wp-json\/wp\/v2\/pages"}],"about":[{"href":"https:\/\/transformiran.com\/es\/wp-json\/wp\/v2\/types\/page"}],"author":[{"embeddable":true,"href":"https:\/\/transformiran.com\/es\/wp-json\/wp\/v2\/users\/1"}],"replies":[{"embeddable":true,"href":"https:\/\/transformiran.com\/es\/wp-json\/wp\/v2\/comments?post=11600"}],"version-history":[{"count":0,"href":"https:\/\/transformiran.com\/es\/wp-json\/wp\/v2\/pages\/11600\/revisions"}],"up":[{"embeddable":true,"href":"https:\/\/transformiran.com\/es\/wp-json\/wp\/v2\/pages\/11602"}],"wp:attachment":[{"href":"https:\/\/transformiran.com\/es\/wp-json\/wp\/v2\/media?parent=11600"}],"curies":[{"name":"wp","href":"https:\/\/api.w.org\/{rel}","templated":true}]}}