{"id":11607,"date":"2022-11-03T12:18:35","date_gmt":"2022-11-03T12:18:35","guid":{"rendered":"https:\/\/transformiran.com\/iglesia-digital\/"},"modified":"2025-09-16T00:10:04","modified_gmt":"2025-09-15T23:10:04","slug":"iglesia-digital","status":"publish","type":"page","link":"https:\/\/transformiran.com\/es\/nuestro-trabajo\/iglesia-digital\/","title":{"rendered":"Iglesia digital"},"content":{"rendered":"\n<h2 class=\"wp-block-heading\"><mark style=\"background-color:rgba(0, 0, 0, 0);color:#b38e44\" class=\"has-inline-color\">La necesidad de una Iglesia digital<\/mark><\/h2>\n\n<p class=\"has-medium-font-size\">La visi\u00f3n de la iglesia digital no sustituye a la comunidad &#8220;presencial&#8221;. Sin embargo, puede ser un primer paso an\u00f3nimo m\u00e1s f\u00e1cil para los buscadores y los nuevos creyentes en Ir\u00e1n, y a veces una necesidad para quienes no pueden asistir f\u00edsicamente a las reuniones en persona (limitaciones geogr\u00e1ficas o ling\u00fc\u00edsticas o incluso amenaza para la vida).<\/p>\n\n<h2 class=\"wp-block-heading\"><mark style=\"background-color:rgba(0, 0, 0, 0);color:#b38e44\" class=\"has-inline-color\">\u00bfC\u00f3mo funciona la Iglesia Digital?<\/mark><\/h2>\n\n<p>Nacida en abril de 2018, Persian Community Church (PCC) proporciona familia, comunidad y compa\u00f1erismo para cristianos iran\u00edes aislados, y un medio para que crezcan en su fe y sean equipados y visualizados para alcanzar a otros para Cristo. Las reuniones son interactivas y se anima a los participantes a participar en el culto y la oraci\u00f3n, as\u00ed como en los debates.<\/p>\n\n<p>El PCC tambi\u00e9n espera con impaciencia el momento en que se abran las puertas de Ir\u00e1n, donde la Iglesia de todo el pa\u00eds podr\u00e1 conectarse y edificarse mientras ayudamos a los necesitados y atraemos a cientos de miles de personas m\u00e1s al amor de Cristo. El PCC conecta a m\u00e1s de 20.000 creyentes y buscadores cada mes.<\/p>\n\n<p><\/p>\n\n<p><a href=\"https:\/\/transformiran.com\/es\/nuestro-trabajo\/plantacion-de-iglesias\/\">Lee sobre nuestra visi\u00f3n de plantar, nutrir y hacer crecer iglesias pr\u00f3speras y reproductoras en cada pueblo y ciudad de Ir\u00e1n.<\/a><\/p>\n\n<p><\/p>\n\n<figure class=\"wp-block-embed is-type-video is-provider-youtube wp-block-embed-youtube wp-embed-aspect-16-9 wp-has-aspect-ratio\"><div class=\"wp-block-embed__wrapper\">\n<iframe title=\"Creating Christian Community in Iran - A Safe Space to Learn and Grow\" width=\"500\" height=\"281\" src=\"https:\/\/www.youtube.com\/embed\/tI5OgWB3ul4?feature=oembed\" frameborder=\"0\" allow=\"accelerometer; autoplay; clipboard-write; encrypted-media; gyroscope; picture-in-picture; web-share\" referrerpolicy=\"strict-origin-when-cross-origin\" allowfullscreen><\/iframe>\n<\/div><figcaption class=\"wp-element-caption\">Transform Irancrea un espacio seguro para que individuos o grupos de creyentes interact\u00faen, aprendan y crezcan juntos.<\/figcaption><\/figure>\n\n<p><\/p>\n\n<figure class=\"wp-block-embed is-type-video is-provider-youtube wp-block-embed-youtube wp-embed-aspect-16-9 wp-has-aspect-ratio\"><div class=\"wp-block-embed__wrapper\">\n<iframe title=\"Leading a Church in Secret: A Pastor\u2019s Testimony from Iran\" width=\"500\" height=\"281\" src=\"https:\/\/www.youtube.com\/embed\/M1g4JpTK9zk?feature=oembed\" frameborder=\"0\" allow=\"accelerometer; autoplay; clipboard-write; encrypted-media; gyroscope; picture-in-picture; web-share\" referrerpolicy=\"strict-origin-when-cross-origin\" allowfullscreen><\/iframe>\n<\/div><figcaption class=\"wp-element-caption\">Escucha la voz de un pastor que dirige una iglesia clandestina en secreto y lo arriesga todo por el Evangelio.<\/figcaption><\/figure>\n\n<p><\/p>\n\n<h2 class=\"wp-block-heading\"><mark style=\"background-color:rgba(0, 0, 0, 0);color:#b38e44\" class=\"has-inline-color\">Oraci\u00f3n interactiva a trav\u00e9s de la Iglesia Digital<\/mark><\/h2>\n\n<p><\/p>\n\n<p>En 2020, Transform Iran puso en marcha la <strong>Tienda<\/strong> del <strong>Encuentro<\/strong>, las salas de oraci\u00f3n digitales del PCC, que ofrecen a los creyentes y buscadores iran\u00edes un espacio seguro y accesible para rezar, conectar y experimentar la presencia de Dios. La Tienda del Encuentro est\u00e1 abierta todos los d\u00edas (excepto los domingos) durante <strong>cuatro horas diarias<\/strong>, proporcionando oportunidades constantes para la oraci\u00f3n y la comuni\u00f3n. <\/p>\n\n<h3 class=\"wp-block-heading\">Oraci\u00f3n \u00edntima en peque\u00f1os grupos<\/h3>\n\n<p>La Tienda de Reuniones acoge <strong>encuentros m\u00e1s reducidos y centrados<\/strong>, en los que los participantes pueden plantear necesidades espec\u00edficas, rezar juntos y encontrarse con Dios de forma profundamente personal. Estas sesiones \u00edntimas son salas de oraci\u00f3n digitales para la iglesia subterr\u00e1nea, que construyen comunidad, fortalecen la fe e inspiran encuentros que cambian la vida.   <\/p>\n\n<h3 class=\"wp-block-heading\">Reuniones Corporativas de Oraci\u00f3n<\/h3>\n\n<p>Adem\u00e1s de peque\u00f1os grupos, Tienda del Encuentro organiza <strong>actos de oraci\u00f3n y ayuno a mayor escala<\/strong>, concentrados en varios d\u00edas o semanas. Por ejemplo, en octubre de 2022, tras la muerte de Mahsa Amini, Tienda de Encuentros organiz\u00f3 <strong>dos semanas de oraci\u00f3n y ayuno<\/strong>, que culminaron con un d\u00eda entero de <strong>intercesi\u00f3n centrada en Ir\u00e1n<\/strong>. Estas reuniones corporativas permiten que miles de personas se unan, eleven a la naci\u00f3n ante Dios y sean testigos del movimiento del Esp\u00edritu de forma poderosa.  <\/p>\n\n<h3 class=\"wp-block-heading\">Impacto y alcance de la Sala de Oraci\u00f3n<\/h3>\n\n<p>Son frecuentes los testimonios de <strong>oraciones contestadas, curaciones y salvaciones<\/strong>. Miles de participantes se re\u00fanen cada mes, construyendo comunidad y fe, y viendo crecer el mover de Dios en Ir\u00e1n. La Carpa del Encuentro ofrece a los cristianos iran\u00edes y a los buscadores de todo el mundo <strong>un acceso f\u00e1cil y gratuito<\/strong> a la oraci\u00f3n \u00edntima y colectiva, en varias de las lenguas del coraz\u00f3n de Ir\u00e1n, con planes de expandirse a m\u00e1s.  <\/p>\n\n<p><\/p>\n\n<p><a href=\"https:\/\/transformiran.com\/es\/impacto\/milagros-a-puerta-cerrada-en-iran\/\">Lee algunos poderosos testimonios de nuestras salas de oraci\u00f3n de la Tienda de Reuniones<\/a><\/p>\n\n<div class=\"wp-block-buttons is-content-justification-center is-layout-flex wp-container-core-buttons-is-layout-16018d1d wp-block-buttons-is-layout-flex\">\n<div class=\"wp-block-button\"><a class=\"wp-block-button__link has-white-color has-vivid-red-background-color has-text-color has-background has-link-color wp-element-button\" href=\"https:\/\/transformiran.com\/es\/suscripcion-al-boletin\/\">Recibe informaci\u00f3n actualizada sobre el ministerio y los pr\u00f3ximos actos de oraci\u00f3n<\/a><\/div>\n<\/div>\n\n<p><\/p>\n\n<h2 class=\"wp-block-heading\"><mark style=\"background-color:rgba(0, 0, 0, 0);color:#b38e44\" class=\"has-inline-color\">Iglesia digital en las lenguas del coraz\u00f3n de los grupos de personas no alcanzadas<\/mark><\/h2>\n\n<p>Transform Iran se ha comprometido a plantar iglesias en todas las lenguas del coraz\u00f3n de Ir\u00e1n, y una plataforma de iglesia digital es una forma estrat\u00e9gica de empezar a reunir a creyentes muy dispersos de un grupo de personas que, hasta ahora, s\u00f3lo han podido aprender, rezar y adorar en farsi, en sus iglesias locales de habla farsi (persa). Imaginemos el d\u00eda en que un creyente gilaki reciba por primera vez una Biblia en gilaki y se le invite a celebrar el culto con otros gilakihablantes en la lengua de su coraz\u00f3n, en la nueva &#8220;Gilaki Community Church&#8221;. Estos sue\u00f1os se est\u00e1n convirtiendo poco a poco en realidades. Uno a uno, por la gracia de Dios, todos los pueblos de Ir\u00e1n podr\u00e1n reunirse y adorar al Se\u00f1or en su propia lengua.<\/p>\n\n<blockquote class=\"wp-block-quote is-layout-flow wp-block-quote-is-layout-flow\">\n<p>La Iglesia de la Comunidad Persa ha creado una plataforma en la que puedo tener comuni\u00f3n y sentido de pertenencia a un cuerpo de Cristo m\u00e1s amplio en todo el mundo. Nos reunimos los domingos y adoramos a Jes\u00fas. Esto me bendice mucho.<\/p>\n<\/blockquote>\n\n<blockquote class=\"wp-block-quote is-layout-flow wp-block-quote-is-layout-flow\">\n<p>Crec\u00ed en una familia musulmana fan\u00e1tica; nunca tuve un amigo cristiano; nunca fui a una iglesia. En medio de una tragedia personal, me acord\u00e9 de Jes\u00fas y le grit\u00e9: &#8220;\u00a1Por favor! L\u00edbrame de esta verg\u00fcenza y de esta tragedia!&#8221; y \u00c9l vino a mi encuentro en mi dolor y cambi\u00f3 mi vida. Todav\u00eda no hab\u00eda entregado mi vida a Cristo, pero buscaba desesperadamente conocerle.<\/p>\n\n\n\n<p>Estaba buscando un pastor cristiano y entonces encontr\u00e9 el enlace a Persian Community Church y uno de los l\u00edderes me ayud\u00f3 a entregar mi vida a Cristo. Ahora ha pasado un a\u00f1o y 6 meses. Cada domingo y cada viernes participo en la Iglesia de la Comunidad Persa. He crecido mucho en mi fe.  <mark style=\"background-color:rgba(0, 0, 0, 0);color:#e62d31\" class=\"has-inline-color\">La parte hermosa de este viaje es que todos los miembros de mi familia y amigos que vieron la transformaci\u00f3n en mi vida &#8211; doce de ellos &#8211; se interesaron y hablaron con el mismo Pastor y todos comprometieron sus vidas a Cristo. Ahora cada semana nos reunimos con \u00e9l para discipular.<\/mark><\/p>\n<\/blockquote>\n\n<div class=\"wp-block-buttons is-content-justification-center is-layout-flex wp-container-core-buttons-is-layout-16018d1d wp-block-buttons-is-layout-flex\">\n<div class=\"wp-block-button\"><a class=\"wp-block-button__link has-white-color has-vivid-red-background-color has-text-color has-background has-link-color wp-element-button\" href=\"https:\/\/transformiran.com\/es\/donar\/\">Apoya hoy a la Iglesia Digital en Ir\u00e1n<\/a><\/div>\n<\/div>\n\n<p><a href=\"https:\/\/transformiran.com\/es\/impacto\/una-historia-de-curacion-fe-y-comunidad-eclesial-digital\/\">Lee un testimonio de curaci\u00f3n y encuentra la fe a trav\u00e9s de nuestra comunidad eclesial digital interactiva<\/a><\/p>\n\n<p><\/p>\n","protected":false},"excerpt":{"rendered":"<p>La necesidad de una Iglesia digital La visi\u00f3n de la iglesia digital no sustituye a la comunidad &#8220;presencial&#8221;. Sin embargo, puede ser un primer paso an\u00f3nimo m\u00e1s f\u00e1cil para los buscadores y los nuevos creyentes en Ir\u00e1n, y a veces una necesidad para quienes no pueden asistir f\u00edsicamente a las reuniones en persona (limitaciones geogr\u00e1ficas [&hellip;]<\/p>\n","protected":false},"author":1,"featured_media":0,"parent":11602,"menu_order":0,"comment_status":"closed","ping_status":"closed","template":"page-work.php","meta":{"_acf_changed":false,"give_campaign_id":0,"om_disable_all_campaigns":false,"_mi_skip_tracking":false,"footnotes":""},"class_list":["post-11607","page","type-page","status-publish","hentry"],"acf":[],"yoast_head":"<!-- This site is optimized with the Yoast SEO plugin v27.2 - https:\/\/yoast.com\/product\/yoast-seo-wordpress\/ -->\n<title>Iglesia digital - Transform Iran<\/title>\n<meta name=\"robots\" content=\"index, follow, max-snippet:-1, max-image-preview:large, max-video-preview:-1\" \/>\n<link rel=\"canonical\" href=\"https:\/\/transformiran.com\/es\/nuestro-trabajo\/iglesia-digital\/\" \/>\n<meta property=\"og:locale\" content=\"es_ES\" \/>\n<meta property=\"og:type\" content=\"article\" \/>\n<meta property=\"og:title\" content=\"Iglesia digital - Transform Iran\" \/>\n<meta property=\"og:description\" content=\"La necesidad de una Iglesia digital La visi\u00f3n de la iglesia digital no sustituye a la comunidad &#8220;presencial&#8221;. Sin embargo, puede ser un primer paso an\u00f3nimo m\u00e1s f\u00e1cil para los buscadores y los nuevos creyentes en Ir\u00e1n, y a veces una necesidad para quienes no pueden asistir f\u00edsicamente a las reuniones en persona (limitaciones geogr\u00e1ficas [&hellip;]\" \/>\n<meta property=\"og:url\" content=\"https:\/\/transformiran.com\/es\/nuestro-trabajo\/iglesia-digital\/\" \/>\n<meta property=\"og:site_name\" content=\"Transform Iran\" \/>\n<meta property=\"article:publisher\" content=\"https:\/\/www.facebook.com\/222MinistriesUSAInc\" \/>\n<meta property=\"article:modified_time\" content=\"2025-09-15T23:10:04+00:00\" \/>\n<meta name=\"twitter:card\" content=\"summary_large_image\" \/>\n<meta name=\"twitter:site\" content=\"@222minint\" \/>\n<meta name=\"twitter:label1\" content=\"Tiempo de lectura\" \/>\n\t<meta name=\"twitter:data1\" content=\"5 minutos\" \/>\n<script type=\"application\/ld+json\" class=\"yoast-schema-graph\">{\"@context\":\"https:\/\/schema.org\",\"@graph\":[{\"@type\":\"WebPage\",\"@id\":\"https:\/\/transformiran.com\/es\/nuestro-trabajo\/iglesia-digital\/\",\"url\":\"https:\/\/transformiran.com\/es\/nuestro-trabajo\/iglesia-digital\/\",\"name\":\"Iglesia digital - Transform Iran\",\"isPartOf\":{\"@id\":\"https:\/\/transformiran.com\/es\/#website\"},\"datePublished\":\"2022-11-03T12:18:35+00:00\",\"dateModified\":\"2025-09-15T23:10:04+00:00\",\"breadcrumb\":{\"@id\":\"https:\/\/transformiran.com\/es\/nuestro-trabajo\/iglesia-digital\/#breadcrumb\"},\"inLanguage\":\"es\",\"potentialAction\":[{\"@type\":\"ReadAction\",\"target\":[\"https:\/\/transformiran.com\/es\/nuestro-trabajo\/iglesia-digital\/\"]}]},{\"@type\":\"BreadcrumbList\",\"@id\":\"https:\/\/transformiran.com\/es\/nuestro-trabajo\/iglesia-digital\/#breadcrumb\",\"itemListElement\":[{\"@type\":\"ListItem\",\"position\":1,\"name\":\"Home\",\"item\":\"https:\/\/transformiran.com\/es\/inicio-2\/\"},{\"@type\":\"ListItem\",\"position\":2,\"name\":\"Nuestro trabajo\",\"item\":\"https:\/\/transformiran.com\/es\/nuestro-trabajo\/\"},{\"@type\":\"ListItem\",\"position\":3,\"name\":\"Iglesia digital\"}]},{\"@type\":\"WebSite\",\"@id\":\"https:\/\/transformiran.com\/es\/#website\",\"url\":\"https:\/\/transformiran.com\/es\/\",\"name\":\"Transform Iran\",\"description\":\"Bringing the love and power of Christ to Iran - and beyond\",\"publisher\":{\"@id\":\"https:\/\/transformiran.com\/es\/#organization\"},\"potentialAction\":[{\"@type\":\"SearchAction\",\"target\":{\"@type\":\"EntryPoint\",\"urlTemplate\":\"https:\/\/transformiran.com\/es\/?s={search_term_string}\"},\"query-input\":{\"@type\":\"PropertyValueSpecification\",\"valueRequired\":true,\"valueName\":\"search_term_string\"}}],\"inLanguage\":\"es\"},{\"@type\":\"Organization\",\"@id\":\"https:\/\/transformiran.com\/es\/#organization\",\"name\":\"Transform Iran\",\"url\":\"https:\/\/transformiran.com\/es\/\",\"logo\":{\"@type\":\"ImageObject\",\"inLanguage\":\"es\",\"@id\":\"https:\/\/transformiran.com\/es\/#\/schema\/logo\/image\/\",\"url\":\"https:\/\/transformiran.com\/app\/uploads\/2022\/11\/logo_grey.jpg\",\"contentUrl\":\"https:\/\/transformiran.com\/app\/uploads\/2022\/11\/logo_grey.jpg\",\"width\":528,\"height\":90,\"caption\":\"Transform Iran\"},\"image\":{\"@id\":\"https:\/\/transformiran.com\/es\/#\/schema\/logo\/image\/\"},\"sameAs\":[\"https:\/\/www.facebook.com\/222MinistriesUSAInc\",\"https:\/\/x.com\/222minint\",\"https:\/\/www.instagram.com\/222ministriesinternational\/\"]}]}<\/script>\n<!-- \/ Yoast SEO plugin. -->","yoast_head_json":{"title":"Iglesia digital - Transform Iran","robots":{"index":"index","follow":"follow","max-snippet":"max-snippet:-1","max-image-preview":"max-image-preview:large","max-video-preview":"max-video-preview:-1"},"canonical":"https:\/\/transformiran.com\/es\/nuestro-trabajo\/iglesia-digital\/","og_locale":"es_ES","og_type":"article","og_title":"Iglesia digital - Transform Iran","og_description":"La necesidad de una Iglesia digital La visi\u00f3n de la iglesia digital no sustituye a la comunidad &#8220;presencial&#8221;. Sin embargo, puede ser un primer paso an\u00f3nimo m\u00e1s f\u00e1cil para los buscadores y los nuevos creyentes en Ir\u00e1n, y a veces una necesidad para quienes no pueden asistir f\u00edsicamente a las reuniones en persona (limitaciones geogr\u00e1ficas [&hellip;]","og_url":"https:\/\/transformiran.com\/es\/nuestro-trabajo\/iglesia-digital\/","og_site_name":"Transform Iran","article_publisher":"https:\/\/www.facebook.com\/222MinistriesUSAInc","article_modified_time":"2025-09-15T23:10:04+00:00","twitter_card":"summary_large_image","twitter_site":"@222minint","twitter_misc":{"Tiempo de lectura":"5 minutos"},"schema":{"@context":"https:\/\/schema.org","@graph":[{"@type":"WebPage","@id":"https:\/\/transformiran.com\/es\/nuestro-trabajo\/iglesia-digital\/","url":"https:\/\/transformiran.com\/es\/nuestro-trabajo\/iglesia-digital\/","name":"Iglesia digital - Transform Iran","isPartOf":{"@id":"https:\/\/transformiran.com\/es\/#website"},"datePublished":"2022-11-03T12:18:35+00:00","dateModified":"2025-09-15T23:10:04+00:00","breadcrumb":{"@id":"https:\/\/transformiran.com\/es\/nuestro-trabajo\/iglesia-digital\/#breadcrumb"},"inLanguage":"es","potentialAction":[{"@type":"ReadAction","target":["https:\/\/transformiran.com\/es\/nuestro-trabajo\/iglesia-digital\/"]}]},{"@type":"BreadcrumbList","@id":"https:\/\/transformiran.com\/es\/nuestro-trabajo\/iglesia-digital\/#breadcrumb","itemListElement":[{"@type":"ListItem","position":1,"name":"Home","item":"https:\/\/transformiran.com\/es\/inicio-2\/"},{"@type":"ListItem","position":2,"name":"Nuestro trabajo","item":"https:\/\/transformiran.com\/es\/nuestro-trabajo\/"},{"@type":"ListItem","position":3,"name":"Iglesia digital"}]},{"@type":"WebSite","@id":"https:\/\/transformiran.com\/es\/#website","url":"https:\/\/transformiran.com\/es\/","name":"Transform Iran","description":"Bringing the love and power of Christ to Iran - and beyond","publisher":{"@id":"https:\/\/transformiran.com\/es\/#organization"},"potentialAction":[{"@type":"SearchAction","target":{"@type":"EntryPoint","urlTemplate":"https:\/\/transformiran.com\/es\/?s={search_term_string}"},"query-input":{"@type":"PropertyValueSpecification","valueRequired":true,"valueName":"search_term_string"}}],"inLanguage":"es"},{"@type":"Organization","@id":"https:\/\/transformiran.com\/es\/#organization","name":"Transform Iran","url":"https:\/\/transformiran.com\/es\/","logo":{"@type":"ImageObject","inLanguage":"es","@id":"https:\/\/transformiran.com\/es\/#\/schema\/logo\/image\/","url":"https:\/\/transformiran.com\/app\/uploads\/2022\/11\/logo_grey.jpg","contentUrl":"https:\/\/transformiran.com\/app\/uploads\/2022\/11\/logo_grey.jpg","width":528,"height":90,"caption":"Transform Iran"},"image":{"@id":"https:\/\/transformiran.com\/es\/#\/schema\/logo\/image\/"},"sameAs":["https:\/\/www.facebook.com\/222MinistriesUSAInc","https:\/\/x.com\/222minint","https:\/\/www.instagram.com\/222ministriesinternational\/"]}]}},"campaignId":"","_links":{"self":[{"href":"https:\/\/transformiran.com\/es\/wp-json\/wp\/v2\/pages\/11607","targetHints":{"allow":["GET"]}}],"collection":[{"href":"https:\/\/transformiran.com\/es\/wp-json\/wp\/v2\/pages"}],"about":[{"href":"https:\/\/transformiran.com\/es\/wp-json\/wp\/v2\/types\/page"}],"author":[{"embeddable":true,"href":"https:\/\/transformiran.com\/es\/wp-json\/wp\/v2\/users\/1"}],"replies":[{"embeddable":true,"href":"https:\/\/transformiran.com\/es\/wp-json\/wp\/v2\/comments?post=11607"}],"version-history":[{"count":2,"href":"https:\/\/transformiran.com\/es\/wp-json\/wp\/v2\/pages\/11607\/revisions"}],"predecessor-version":[{"id":32893,"href":"https:\/\/transformiran.com\/es\/wp-json\/wp\/v2\/pages\/11607\/revisions\/32893"}],"up":[{"embeddable":true,"href":"https:\/\/transformiran.com\/es\/wp-json\/wp\/v2\/pages\/11602"}],"wp:attachment":[{"href":"https:\/\/transformiran.com\/es\/wp-json\/wp\/v2\/media?parent=11607"}],"curies":[{"name":"wp","href":"https:\/\/api.w.org\/{rel}","templated":true}]}}