{"id":11614,"date":"2022-11-03T12:16:01","date_gmt":"2022-11-03T12:16:01","guid":{"rendered":"https:\/\/transformiran.com\/nuestro-trabajo\/evangelismo\/"},"modified":"2025-12-08T21:40:39","modified_gmt":"2025-12-08T21:40:39","slug":"evangelismo","status":"publish","type":"page","link":"https:\/\/transformiran.com\/es\/nuestro-trabajo\/evangelismo\/","title":{"rendered":"Evangelismo"},"content":{"rendered":"\n<h2 class=\"wp-block-heading\"><mark style=\"background-color:rgba(0, 0, 0, 0);color:#b38e44\" class=\"has-inline-color\">El hambre sobrenatural de los iran\u00edes por el Evangelio<\/mark><\/h2>\n\n<p>Hay una gracia sobrenatural en Ir\u00e1n, como nunca antes. La gente est\u00e1 hambrienta de la Verdad y abierta al Evangelio. Pero el Evangelio debe compartirse, pues <strong><em>&#8220;\u00bfc\u00f3mo creer\u00e1n en aquel de quien no han o\u00eddo hablar?&#8221;<\/em><\/strong> Romanos 10:14  <\/p>\n\n<p>Transform Iran predica el evangelio a los iran\u00edes a trav\u00e9s de toda una gama de medios de comunicaci\u00f3n y en persona. Nuestro equipo de seguimiento est\u00e1 preparado para atender individualmente a los solicitantes.  <\/p>\n\n<p>Somos pioneros en iniciativas que garanticen que todos los grupos de poblaci\u00f3n de Ir\u00e1n, independientemente de su posici\u00f3n social, educaci\u00f3n u origen \u00e9tnico, tengan la oportunidad de escuchar el Evangelio en su propio idioma &#8220;del coraz\u00f3n&#8221; y ser transformados por el amor de Cristo. Estas iniciativas incluyen la <mark style=\"background-color:rgba(0, 0, 0, 0);color:#b38e44\" class=\"has-inline-color\">traducci\u00f3n de la Biblia<\/mark> (asegurando que nos comunicamos en un idioma que conecte con el coraz\u00f3n), <mark style=\"background-color:rgba(0, 0, 0, 0);color:#b38e44\" class=\"has-inline-color\">los medios de comunicaci\u00f3n<\/mark> (asegurando que el evangelio es ampliamente accesible a trav\u00e9s de una serie de medios), <mark style=\"background-color:rgba(0, 0, 0, 0);color:#b38e44\" class=\"has-inline-color\">la apolog\u00e9tica<\/mark> (respondiendo a las preguntas que se hacen los iran\u00edes), y m\u00e1s.<\/p>\n\n<p><\/p>\n\n<div class=\"wp-block-buttons is-content-justification-center is-layout-flex wp-container-core-buttons-is-layout-16018d1d wp-block-buttons-is-layout-flex\">\n<div class=\"wp-block-button\"><a class=\"wp-block-button__link has-white-color has-vivid-red-background-color has-text-color has-background has-link-color wp-element-button\" href=\"https:\/\/transformiran.com\/es\/suscripcion-al-boletin\/\">Reza por la difusi\u00f3n del Evangelio en Ir\u00e1n &#8211; recibe correos electr\u00f3nicos mensuales para guiarte<\/a><\/div>\n<\/div>\n\n<figure class=\"wp-block-image size-large\"><img loading=\"lazy\" decoding=\"async\" width=\"1024\" height=\"174\" src=\"https:\/\/transformiran.com\/app\/uploads\/2024\/08\/man-casting-net-landscape-lite-1024x174.jpeg\" alt=\"lanzar la red de pesca\" class=\"wp-image-24918\" srcset=\"https:\/\/transformiran.com\/app\/uploads\/2024\/08\/man-casting-net-landscape-lite-1024x174.jpeg 1024w, https:\/\/transformiran.com\/app\/uploads\/2024\/08\/man-casting-net-landscape-lite-300x51.jpeg 300w, https:\/\/transformiran.com\/app\/uploads\/2024\/08\/man-casting-net-landscape-lite-768x131.jpeg 768w, https:\/\/transformiran.com\/app\/uploads\/2024\/08\/man-casting-net-landscape-lite.jpeg 1280w\" sizes=\"auto, (max-width: 1024px) 100vw, 1024px\" \/><\/figure>\n\n<h2 class=\"wp-block-heading\"><mark style=\"background-color:rgba(0, 0, 0, 0);color:#b38e44\" class=\"has-inline-color\">C\u00f3mo Transform Iran garantiza a los iran\u00edes el acceso y la comprensi\u00f3n del mensaje del Evangelio<\/mark><\/h2>\n\n<h3 class=\"wp-block-heading\"><strong>La necesidad cr\u00edtica de traducci\u00f3n de la Biblia en Ir\u00e1n<\/strong><\/h3>\n\n<p>Unos 26 millones de iran\u00edes no tienen la Palabra de Dios en su propia lengua &#8220;del coraz\u00f3n&#8221;. Transform Iran est\u00e1 ocupada abordando esta pobreza b\u00edblica para que la evangelizaci\u00f3n a los grupos \u00e9tnicos de Ir\u00e1n pueda ser m\u00e1s eficaz y se puedan plantar iglesias que perduren y crezcan. Lee m\u00e1s sobre la <a data-type=\"page\" data-id=\"6304\" href=\"https:\/\/transformiran.com\/es\/nuestro-trabajo\/traduccion-de-la-biblia\/\">traducci\u00f3n de la Biblia<\/a>.  <\/p>\n\n<h3 class=\"wp-block-heading\"><strong>Utilizar los medios de comunicaci\u00f3n para llegar a millones de iran\u00edes con el Evangelio<\/strong><\/h3>\n\n<p>Transmitimos presentaciones evang\u00e9licas en directo y pregrabadas a trav\u00e9s de la televisi\u00f3n por sat\u00e9lite, la radio y las redes sociales. Millones de personas han escuchado el Evangelio a trav\u00e9s de nuestros <a data-type=\"page\" data-id=\"6302\" href=\"https:\/\/transformiran.com\/es\/nuestro-trabajo\/medios-de-comunicacion\/\">medios de comunicaci\u00f3n<\/a>.  <\/p>\n\n<h3 class=\"wp-block-heading\"><strong>Apolog\u00e9tica: Respondiendo a las preguntas que se hacen los iran\u00edes<\/strong><\/h3>\n\n<p>Porpasokh&#8221; significa &#8220;Pregunta y Respuesta&#8221; y es el coraz\u00f3n de nuestro centro de apolog\u00e9tica. Transform IranEl sitio Porpasokh atrae a decenas de miles de visitantes cada mes y responde directamente a las preguntas de los buscadores. Las respuestas se publican en el sitio para que otros puedan beneficiarse de ellas. Hasta la fecha se han respondido unas 7.000 preguntas en el sitio y muchos han llegado a la salvaci\u00f3n gracias a ello. <a data-type=\"page\" data-id=\"6306\" href=\"https:\/\/transformiran.com\/es\/nuestro-trabajo\/centro-de-apologetica\/\">Lee m\u00e1s aqu\u00ed<\/a>. Para poder responder a preguntas individuales a gran escala e iniciar un di\u00e1logo inteligente con los buscadores, hemos desarrollado <g id=\"gid_1\">Kairos<\/g>. Kairos es una herramienta de discipulado y evangelizaci\u00f3n basada en la inteligencia artificial, que permite a los iran\u00edes formular sus preguntas sobre la fe &#8220;en cualquier momento y lugar&#8221;, recibir respuestas interactivas en tiempo real y, al mismo tiempo, mantener su necesidad de anonimato por temor a un gobierno vigilante.  <\/p>\n\n<h3 class=\"wp-block-heading\"><strong>Llegar a las V\u00edctimas de Trauma, Abuso y Adicci\u00f3n<\/strong><\/h3>\n\n<p>Para los millones de iran\u00edes que se enfrentan a traumas pasados y presentes, abusos y adicciones, existe un sentimiento especialmente profundo de indignidad y desesperanza. El ministerio <a data-type=\"page\" data-id=\"6308\" href=\"https:\/\/transformiran.com\/es\/nuestro-trabajo\/perla-de-persia\/\">Pearl of Persia<\/a> de Transform Iran trabaja espec\u00edficamente pensando en estas personas, creando evangelizaciones a medida que hablan de esperanza, curaci\u00f3n e identidad.  <\/p>\n\n<h3 class=\"wp-block-heading\"><strong>Divulgaci\u00f3n presencial en Ir\u00e1n<\/strong><\/h3>\n\n<p>A los creyentes de Ir\u00e1n les apasiona que otros conozcan el poder transformador de Cristo en sus vidas y lo compartan activamente con los dem\u00e1s. Muchos incluso viajar\u00e1n de un lugar a otro con el mensaje de esperanza que llevan. Apoyamos a distancia mediante formaci\u00f3n, suministro de Biblias y programas de <a data-type=\"page\" data-id=\"6294\" href=\"https:\/\/transformiran.com\/es\/nuestro-trabajo\/discipulado\/\">discipulado<\/a> para los que han llegado a la fe.  <\/p>\n\n<p><\/p>\n\n<figure class=\"wp-block-embed is-type-video is-provider-youtube wp-block-embed-youtube wp-embed-aspect-16-9 wp-has-aspect-ratio\"><div class=\"wp-block-embed__wrapper\">\n<iframe loading=\"lazy\" title=\"The Risk of Sharing Your Faith in Iran (60-Second Reel)\" width=\"500\" height=\"281\" src=\"https:\/\/www.youtube.com\/embed\/C2pdLblzp2Q?feature=oembed\" frameborder=\"0\" allow=\"accelerometer; autoplay; clipboard-write; encrypted-media; gyroscope; picture-in-picture; web-share\" referrerpolicy=\"strict-origin-when-cross-origin\" allowfullscreen><\/iframe>\n<\/div><figcaption class=\"wp-element-caption\">Aunque en Ir\u00e1n es ilegal compartir la fe cristiana, los encuentros sobrenaturales con Jes\u00fas conducen a un crecimiento org\u00e1nico de la iglesia.<\/figcaption><\/figure>\n\n<h3 class=\"wp-block-heading\"><strong>Difusi\u00f3n en persona a trav\u00e9s de Turqu\u00eda<\/strong><\/h3>\n\n<p>Transform Iran organiza cada a\u00f1o actos de divulgaci\u00f3n espec\u00edficos en Turqu\u00eda, el destino tur\u00edstico m\u00e1s popular para los iran\u00edes. Cada a\u00f1o, m\u00e1s de 2 millones de iran\u00edes visitan Turqu\u00eda. Los iran\u00edes tambi\u00e9n viajan regularmente a Turqu\u00eda por negocios y compran miles de propiedades cada a\u00f1o.   Nuestros evangelistas formados viajan a zonas populares entre los iran\u00edes y comparten el Evangelio con ellos. Muchos se han salvado de este modo y han regresado a Ir\u00e1n, donde han plantado iglesias caseras. A continuaci\u00f3n, nuestro equipo de seguimiento apoya a estas iglesias a distancia (v\u00e9ase <a data-type=\"page\" data-id=\"6294\" href=\"https:\/\/transformiran.com\/es\/nuestro-trabajo\/discipulado\/\">Discipulado<\/a>).<\/p>\n\n<p><\/p>\n\n<blockquote class=\"wp-block-quote is-layout-flow wp-block-quote-is-layout-flow\">\n<p>Formaba parte de un equipo de divulgaci\u00f3n en la ciudad de Estambul. Busc\u00e1bamos turistas iran\u00edes. Conocimos a una familia y compartimos la buena noticia con ellos. Tambi\u00e9n les dimos regalos que les permitir\u00edan acceder gratuitamente a la Biblia y a otros recursos cristianos en l\u00ednea.<\/p>\n\n\n\n<p><em>El padre me dijo que cre\u00eda en Jes\u00fas y quer\u00eda hacerse cristiano, pero no sab\u00eda por d\u00f3nde empezar ni qu\u00e9 hacer.<\/em><\/p>\n\n\n\n<p>Era el \u00faltimo d\u00eda de su viaje a Estambul. Esa misma tarde regresaban a Ir\u00e1n. Su esposa tambi\u00e9n estaba cada vez m\u00e1s alegre al o\u00edrnos compartir. Estaba ansiosa por entregar su coraz\u00f3n a Jesucristo, lo que hizo all\u00ed mismo, y se convirti\u00f3 en creyente.<\/p>\n\n\n\n<p>Su marido la vio entregar su vida a Jes\u00fas y \u00e9l tambi\u00e9n confes\u00f3 su amor por Jes\u00fas, se arrepinti\u00f3 de su pecado y entreg\u00f3 su coraz\u00f3n a Jes\u00fas. \u00a1Eran tan felices por este momento! Quer\u00edan llevarnos a tomar un helado para celebrarlo.<\/p>\n\n\n\n<p>Ahora est\u00e1n de vuelta en Ir\u00e1n y estoy en contacto con la esposa y la ayudo a crecer en su fe.<\/p>\n<\/blockquote>\n\n<div class=\"wp-block-buttons is-content-justification-center is-layout-flex wp-container-core-buttons-is-layout-16018d1d wp-block-buttons-is-layout-flex\">\n<div class=\"wp-block-button\"><a class=\"wp-block-button__link has-white-color has-vivid-red-background-color has-text-color has-background has-link-color wp-element-button\" href=\"https:\/\/transformiran.com\/es\/suscripcion-al-boletin\/\">Reza por la difusi\u00f3n del Evangelio en Ir\u00e1n &#8211; recibe correos electr\u00f3nicos mensuales para guiarte<\/a><\/div>\n<\/div>\n\n<p><\/p>\n","protected":false},"excerpt":{"rendered":"<p>El hambre sobrenatural de los iran\u00edes por el Evangelio Hay una gracia sobrenatural en Ir\u00e1n, como nunca antes. La gente est\u00e1 hambrienta de la Verdad y abierta al Evangelio. Pero el Evangelio debe compartirse, pues &#8220;\u00bfc\u00f3mo creer\u00e1n en aquel de quien no han o\u00eddo hablar?&#8221; Romanos 10:14 Transform Iran predica el evangelio a los iran\u00edes [&hellip;]<\/p>\n","protected":false},"author":1,"featured_media":0,"parent":11602,"menu_order":0,"comment_status":"closed","ping_status":"closed","template":"page-work.php","meta":{"_acf_changed":false,"give_campaign_id":0,"om_disable_all_campaigns":false,"_mi_skip_tracking":false,"footnotes":""},"class_list":["post-11614","page","type-page","status-publish","hentry"],"acf":[],"yoast_head":"<!-- This site is optimized with the Yoast SEO plugin v27.3 - https:\/\/yoast.com\/product\/yoast-seo-wordpress\/ -->\n<title>Evangelismo - Transform Iran<\/title>\n<meta name=\"robots\" content=\"index, follow, max-snippet:-1, max-image-preview:large, max-video-preview:-1\" \/>\n<link rel=\"canonical\" href=\"https:\/\/transformiran.com\/es\/nuestro-trabajo\/evangelismo\/\" \/>\n<meta property=\"og:locale\" content=\"es_ES\" \/>\n<meta property=\"og:type\" content=\"article\" \/>\n<meta property=\"og:title\" content=\"Evangelismo - Transform Iran\" \/>\n<meta property=\"og:description\" content=\"El hambre sobrenatural de los iran\u00edes por el Evangelio Hay una gracia sobrenatural en Ir\u00e1n, como nunca antes. La gente est\u00e1 hambrienta de la Verdad y abierta al Evangelio. Pero el Evangelio debe compartirse, pues &#8220;\u00bfc\u00f3mo creer\u00e1n en aquel de quien no han o\u00eddo hablar?&#8221; Romanos 10:14 Transform Iran predica el evangelio a los iran\u00edes [&hellip;]\" \/>\n<meta property=\"og:url\" content=\"https:\/\/transformiran.com\/es\/nuestro-trabajo\/evangelismo\/\" \/>\n<meta property=\"og:site_name\" content=\"Transform Iran\" \/>\n<meta property=\"article:publisher\" content=\"https:\/\/www.facebook.com\/222MinistriesUSAInc\" \/>\n<meta property=\"article:modified_time\" content=\"2025-12-08T21:40:39+00:00\" \/>\n<meta property=\"og:image\" content=\"https:\/\/transformiran.com\/app\/uploads\/2024\/08\/man-casting-net-landscape-lite.jpeg\" \/>\n\t<meta property=\"og:image:width\" content=\"1280\" \/>\n\t<meta property=\"og:image:height\" content=\"218\" \/>\n\t<meta property=\"og:image:type\" content=\"image\/jpeg\" \/>\n<meta name=\"twitter:card\" content=\"summary_large_image\" \/>\n<meta name=\"twitter:site\" content=\"@222minint\" \/>\n<meta name=\"twitter:label1\" content=\"Tiempo de lectura\" \/>\n\t<meta name=\"twitter:data1\" content=\"5 minutos\" \/>\n<script type=\"application\/ld+json\" class=\"yoast-schema-graph\">{\"@context\":\"https:\\\/\\\/schema.org\",\"@graph\":[{\"@type\":\"WebPage\",\"@id\":\"https:\\\/\\\/transformiran.com\\\/es\\\/nuestro-trabajo\\\/evangelismo\\\/\",\"url\":\"https:\\\/\\\/transformiran.com\\\/es\\\/nuestro-trabajo\\\/evangelismo\\\/\",\"name\":\"Evangelismo - Transform Iran\",\"isPartOf\":{\"@id\":\"https:\\\/\\\/transformiran.com\\\/es\\\/#website\"},\"primaryImageOfPage\":{\"@id\":\"https:\\\/\\\/transformiran.com\\\/es\\\/nuestro-trabajo\\\/evangelismo\\\/#primaryimage\"},\"image\":{\"@id\":\"https:\\\/\\\/transformiran.com\\\/es\\\/nuestro-trabajo\\\/evangelismo\\\/#primaryimage\"},\"thumbnailUrl\":\"https:\\\/\\\/transformiran.com\\\/app\\\/uploads\\\/2024\\\/08\\\/man-casting-net-landscape-lite-1024x174.jpeg\",\"datePublished\":\"2022-11-03T12:16:01+00:00\",\"dateModified\":\"2025-12-08T21:40:39+00:00\",\"breadcrumb\":{\"@id\":\"https:\\\/\\\/transformiran.com\\\/es\\\/nuestro-trabajo\\\/evangelismo\\\/#breadcrumb\"},\"inLanguage\":\"es\",\"potentialAction\":[{\"@type\":\"ReadAction\",\"target\":[\"https:\\\/\\\/transformiran.com\\\/es\\\/nuestro-trabajo\\\/evangelismo\\\/\"]}]},{\"@type\":\"ImageObject\",\"inLanguage\":\"es\",\"@id\":\"https:\\\/\\\/transformiran.com\\\/es\\\/nuestro-trabajo\\\/evangelismo\\\/#primaryimage\",\"url\":\"https:\\\/\\\/transformiran.com\\\/app\\\/uploads\\\/2024\\\/08\\\/man-casting-net-landscape-lite-1024x174.jpeg\",\"contentUrl\":\"https:\\\/\\\/transformiran.com\\\/app\\\/uploads\\\/2024\\\/08\\\/man-casting-net-landscape-lite-1024x174.jpeg\"},{\"@type\":\"BreadcrumbList\",\"@id\":\"https:\\\/\\\/transformiran.com\\\/es\\\/nuestro-trabajo\\\/evangelismo\\\/#breadcrumb\",\"itemListElement\":[{\"@type\":\"ListItem\",\"position\":1,\"name\":\"Home\",\"item\":\"https:\\\/\\\/transformiran.com\\\/es\\\/inicio-2\\\/\"},{\"@type\":\"ListItem\",\"position\":2,\"name\":\"Nuestro trabajo\",\"item\":\"https:\\\/\\\/transformiran.com\\\/es\\\/nuestro-trabajo\\\/\"},{\"@type\":\"ListItem\",\"position\":3,\"name\":\"Evangelismo\"}]},{\"@type\":\"WebSite\",\"@id\":\"https:\\\/\\\/transformiran.com\\\/es\\\/#website\",\"url\":\"https:\\\/\\\/transformiran.com\\\/es\\\/\",\"name\":\"Transform Iran\",\"description\":\"Bringing the love and power of Christ to Iran - and beyond\",\"publisher\":{\"@id\":\"https:\\\/\\\/transformiran.com\\\/es\\\/#organization\"},\"potentialAction\":[{\"@type\":\"SearchAction\",\"target\":{\"@type\":\"EntryPoint\",\"urlTemplate\":\"https:\\\/\\\/transformiran.com\\\/es\\\/?s={search_term_string}\"},\"query-input\":{\"@type\":\"PropertyValueSpecification\",\"valueRequired\":true,\"valueName\":\"search_term_string\"}}],\"inLanguage\":\"es\"},{\"@type\":\"Organization\",\"@id\":\"https:\\\/\\\/transformiran.com\\\/es\\\/#organization\",\"name\":\"Transform Iran\",\"url\":\"https:\\\/\\\/transformiran.com\\\/es\\\/\",\"logo\":{\"@type\":\"ImageObject\",\"inLanguage\":\"es\",\"@id\":\"https:\\\/\\\/transformiran.com\\\/es\\\/#\\\/schema\\\/logo\\\/image\\\/\",\"url\":\"https:\\\/\\\/transformiran.com\\\/app\\\/uploads\\\/2022\\\/11\\\/logo_grey.jpg\",\"contentUrl\":\"https:\\\/\\\/transformiran.com\\\/app\\\/uploads\\\/2022\\\/11\\\/logo_grey.jpg\",\"width\":528,\"height\":90,\"caption\":\"Transform Iran\"},\"image\":{\"@id\":\"https:\\\/\\\/transformiran.com\\\/es\\\/#\\\/schema\\\/logo\\\/image\\\/\"},\"sameAs\":[\"https:\\\/\\\/www.facebook.com\\\/222MinistriesUSAInc\",\"https:\\\/\\\/x.com\\\/222minint\",\"https:\\\/\\\/www.instagram.com\\\/222ministriesinternational\\\/\"]}]}<\/script>\n<!-- \/ Yoast SEO plugin. -->","yoast_head_json":{"title":"Evangelismo - Transform Iran","robots":{"index":"index","follow":"follow","max-snippet":"max-snippet:-1","max-image-preview":"max-image-preview:large","max-video-preview":"max-video-preview:-1"},"canonical":"https:\/\/transformiran.com\/es\/nuestro-trabajo\/evangelismo\/","og_locale":"es_ES","og_type":"article","og_title":"Evangelismo - Transform Iran","og_description":"El hambre sobrenatural de los iran\u00edes por el Evangelio Hay una gracia sobrenatural en Ir\u00e1n, como nunca antes. La gente est\u00e1 hambrienta de la Verdad y abierta al Evangelio. Pero el Evangelio debe compartirse, pues &#8220;\u00bfc\u00f3mo creer\u00e1n en aquel de quien no han o\u00eddo hablar?&#8221; Romanos 10:14 Transform Iran predica el evangelio a los iran\u00edes [&hellip;]","og_url":"https:\/\/transformiran.com\/es\/nuestro-trabajo\/evangelismo\/","og_site_name":"Transform Iran","article_publisher":"https:\/\/www.facebook.com\/222MinistriesUSAInc","article_modified_time":"2025-12-08T21:40:39+00:00","og_image":[{"width":1280,"height":218,"url":"https:\/\/transformiran.com\/app\/uploads\/2024\/08\/man-casting-net-landscape-lite.jpeg","type":"image\/jpeg"}],"twitter_card":"summary_large_image","twitter_site":"@222minint","twitter_misc":{"Tiempo de lectura":"5 minutos"},"schema":{"@context":"https:\/\/schema.org","@graph":[{"@type":"WebPage","@id":"https:\/\/transformiran.com\/es\/nuestro-trabajo\/evangelismo\/","url":"https:\/\/transformiran.com\/es\/nuestro-trabajo\/evangelismo\/","name":"Evangelismo - Transform Iran","isPartOf":{"@id":"https:\/\/transformiran.com\/es\/#website"},"primaryImageOfPage":{"@id":"https:\/\/transformiran.com\/es\/nuestro-trabajo\/evangelismo\/#primaryimage"},"image":{"@id":"https:\/\/transformiran.com\/es\/nuestro-trabajo\/evangelismo\/#primaryimage"},"thumbnailUrl":"https:\/\/transformiran.com\/app\/uploads\/2024\/08\/man-casting-net-landscape-lite-1024x174.jpeg","datePublished":"2022-11-03T12:16:01+00:00","dateModified":"2025-12-08T21:40:39+00:00","breadcrumb":{"@id":"https:\/\/transformiran.com\/es\/nuestro-trabajo\/evangelismo\/#breadcrumb"},"inLanguage":"es","potentialAction":[{"@type":"ReadAction","target":["https:\/\/transformiran.com\/es\/nuestro-trabajo\/evangelismo\/"]}]},{"@type":"ImageObject","inLanguage":"es","@id":"https:\/\/transformiran.com\/es\/nuestro-trabajo\/evangelismo\/#primaryimage","url":"https:\/\/transformiran.com\/app\/uploads\/2024\/08\/man-casting-net-landscape-lite-1024x174.jpeg","contentUrl":"https:\/\/transformiran.com\/app\/uploads\/2024\/08\/man-casting-net-landscape-lite-1024x174.jpeg"},{"@type":"BreadcrumbList","@id":"https:\/\/transformiran.com\/es\/nuestro-trabajo\/evangelismo\/#breadcrumb","itemListElement":[{"@type":"ListItem","position":1,"name":"Home","item":"https:\/\/transformiran.com\/es\/inicio-2\/"},{"@type":"ListItem","position":2,"name":"Nuestro trabajo","item":"https:\/\/transformiran.com\/es\/nuestro-trabajo\/"},{"@type":"ListItem","position":3,"name":"Evangelismo"}]},{"@type":"WebSite","@id":"https:\/\/transformiran.com\/es\/#website","url":"https:\/\/transformiran.com\/es\/","name":"Transform Iran","description":"Bringing the love and power of Christ to Iran - and beyond","publisher":{"@id":"https:\/\/transformiran.com\/es\/#organization"},"potentialAction":[{"@type":"SearchAction","target":{"@type":"EntryPoint","urlTemplate":"https:\/\/transformiran.com\/es\/?s={search_term_string}"},"query-input":{"@type":"PropertyValueSpecification","valueRequired":true,"valueName":"search_term_string"}}],"inLanguage":"es"},{"@type":"Organization","@id":"https:\/\/transformiran.com\/es\/#organization","name":"Transform Iran","url":"https:\/\/transformiran.com\/es\/","logo":{"@type":"ImageObject","inLanguage":"es","@id":"https:\/\/transformiran.com\/es\/#\/schema\/logo\/image\/","url":"https:\/\/transformiran.com\/app\/uploads\/2022\/11\/logo_grey.jpg","contentUrl":"https:\/\/transformiran.com\/app\/uploads\/2022\/11\/logo_grey.jpg","width":528,"height":90,"caption":"Transform Iran"},"image":{"@id":"https:\/\/transformiran.com\/es\/#\/schema\/logo\/image\/"},"sameAs":["https:\/\/www.facebook.com\/222MinistriesUSAInc","https:\/\/x.com\/222minint","https:\/\/www.instagram.com\/222ministriesinternational\/"]}]}},"campaignId":"","_links":{"self":[{"href":"https:\/\/transformiran.com\/es\/wp-json\/wp\/v2\/pages\/11614","targetHints":{"allow":["GET"]}}],"collection":[{"href":"https:\/\/transformiran.com\/es\/wp-json\/wp\/v2\/pages"}],"about":[{"href":"https:\/\/transformiran.com\/es\/wp-json\/wp\/v2\/types\/page"}],"author":[{"embeddable":true,"href":"https:\/\/transformiran.com\/es\/wp-json\/wp\/v2\/users\/1"}],"replies":[{"embeddable":true,"href":"https:\/\/transformiran.com\/es\/wp-json\/wp\/v2\/comments?post=11614"}],"version-history":[{"count":2,"href":"https:\/\/transformiran.com\/es\/wp-json\/wp\/v2\/pages\/11614\/revisions"}],"predecessor-version":[{"id":33973,"href":"https:\/\/transformiran.com\/es\/wp-json\/wp\/v2\/pages\/11614\/revisions\/33973"}],"up":[{"embeddable":true,"href":"https:\/\/transformiran.com\/es\/wp-json\/wp\/v2\/pages\/11602"}],"wp:attachment":[{"href":"https:\/\/transformiran.com\/es\/wp-json\/wp\/v2\/media?parent=11614"}],"curies":[{"name":"wp","href":"https:\/\/api.w.org\/{rel}","templated":true}]}}