{"id":11843,"date":"2022-11-03T12:21:27","date_gmt":"2022-11-03T12:21:27","guid":{"rendered":"https:\/\/transformiran.com\/nuestro-trabajo\/perla-de-persia\/"},"modified":"2025-04-02T10:56:27","modified_gmt":"2025-04-02T09:56:27","slug":"perla-de-persia","status":"publish","type":"page","link":"https:\/\/transformiran.com\/es\/nuestro-trabajo\/perla-de-persia\/","title":{"rendered":"Perla de Persia"},"content":{"rendered":"\n<div class=\"wp-block-buttons is-content-justification-center is-layout-flex wp-container-core-buttons-is-layout-16018d1d wp-block-buttons-is-layout-flex\">\n<div class=\"wp-block-button\"><a class=\"wp-block-button__link has-white-color has-vivid-red-background-color has-text-color has-background has-link-color wp-element-button\" href=\"https:\/\/transformiran.com\/es\/donar\/\">Apoye hoy mismo la labor de Pearl of Persia.<\/a><\/div>\n<\/div>\n\n<p><\/p>\n\n<p>Perla de Persia existe para llegar a los quebrantados de Ir\u00e1n con el amor y el poder del Evangelio. Ver a los 5 millones de prostitutas, v\u00edctimas del pecado sexual y drogadictos de Ir\u00e1n salvados, sanados, restaurados y transformados.<\/p>\n\n<p><\/p>\n\n<p>Ir\u00e1n se enfrenta a un renacimiento a gran escala y al avance de la Iglesia. Sin embargo, incluso despu\u00e9s de 30-40 a\u00f1os de tal crecimiento, la Iglesia sigue siendo incapaz de dar una respuesta y una ayuda cualificadas y adecuadas a los millones de drogadictos, prostitutas y v\u00edctimas de abusos sexuales, que viven en circunstancias desesperadas.<\/p>\n\n<p><\/p>\n\n<p>Necesitamos una Iglesia mejor equipada, mejor preparada. Si queremos que Ir\u00e1n se transforme con el amor y el poder del Evangelio, no podemos marginar a este sector de la sociedad. Esto incluye a los perdidos que acudir\u00e1n al amoroso poder salvador de Jes\u00fas como medio para salir de su situaci\u00f3n desesperada, y a los salvados, que todav\u00eda necesitan asesoramiento y ayuda para ser verdaderamente sanados y liberados del trauma de su pasado.<\/p>\n\n<p><\/p>\n\n<p>Pearl aporta un mensaje de esperanza, asesoramiento especializado de calidad y apoyo a quienes desean liberarse de estilos de vida de adicci\u00f3n y autodestrucci\u00f3n. La misi\u00f3n es restaurar la familia.<\/p>\n\n<div class=\"wp-block-buttons is-content-justification-center is-layout-flex wp-container-core-buttons-is-layout-16018d1d wp-block-buttons-is-layout-flex\">\n<div class=\"wp-block-button\"><a class=\"wp-block-button__link has-white-color has-vivid-red-background-color has-text-color has-background has-link-color wp-element-button\" href=\"https:\/\/transformiran.com\/es\/aprenda\/prostitucion-matrimonios-de-menores-y-adiccion-en-iran\/\">Lea la devastadora realidad de la prostituci\u00f3n, los matrimonios de menores y la adicci\u00f3n en Ir\u00e1n.<\/a><\/div>\n<\/div>\n\n<p>La necesidad es grande. Y no es algo limitado a los &#8220;marginados&#8221; de la sociedad o algo que pueda resolverse con un centro de rehabilitaci\u00f3n. Es mucho m\u00e1s profundo. Se trata de una crisis cultural. Prostituci\u00f3n, abusos, adicci\u00f3n y depresi\u00f3n se entremezclan en familias y matrimonios. Han penetrado en el tejido familiar y est\u00e1n destruyendo vidas sin distinci\u00f3n de educaci\u00f3n o posici\u00f3n social. El Centro de Investigaci\u00f3n del SIDA de Ir\u00e1n, una organizaci\u00f3n de bienestar social, afirma que el 50% de las mujeres que ejercen la prostituci\u00f3n en Ir\u00e1n son amas de casa.<\/p>\n\n<p><\/p>\n\n<p>Miles de ni\u00f1as de entre 5 y 14 a\u00f1os son obligadas a casarse cada a\u00f1o, con embarazos registrados de tan s\u00f3lo 10 a\u00f1os, lo que da lugar a una creciente poblaci\u00f3n de ni\u00f1as divorciadas y ahora indigentes. En Ahvaz, ciudad del suroeste de Ir\u00e1n, los informes indican que cada d\u00eda se casan entre una y tres ni\u00f1as menores de 15 a\u00f1os. Seg\u00fan la responsable del Comit\u00e9 de Mujeres de la gobernaci\u00f3n de Ahvaz (Pooneh Pilram), <em>&#8220;cuando las familias no pueden mantener a sus hijos, primero se deshacen de su hija&#8221;.<\/em><\/p>\n\n<p><\/p>\n\n<p>No hay estad\u00edsticas fiables sobre el n\u00famero de afectados, pero los diversos estudios realizados pintan un panorama devastador de un pueblo destrozado:<\/p>\n\n<p><\/p>\n\n<ul class=\"wp-block-list\">\n<li>La prostituci\u00f3n comienza a los 12 a\u00f1os: m\u00e1s de un mill\u00f3n de iran\u00edes est\u00e1n atrapados en este mundo. Los matrimonios temporales &#8220;Sighe&#8221; legalizan la violaci\u00f3n de ni\u00f1as de cualquier edad.<\/li>\n\n\n\n<li>Los matrimonios infantiles representan una quinta parte de todos los matrimonios, con ni\u00f1as de tan s\u00f3lo cinco a\u00f1os casadas. Cientos de beb\u00e9s nacidos de madres de entre 10 y 14 a\u00f1os cada a\u00f1o.<\/li>\n\n\n\n<li>Un grave problema nacional de drogas afecta a m\u00e1s de 4,4 millones de iran\u00edes.<\/li>\n\n\n\n<li>Entre 18 y 22 millones de iran\u00edes (21-25% de la poblaci\u00f3n) padecen trastornos mentales o del desarrollo, especialmente depresi\u00f3n y trastornos de ansiedad. En 2021, el Ministro de Sanidad iran\u00ed anunci\u00f3 que el 25% de los iran\u00edes sufren depresi\u00f3n cl\u00ednica. El 3 de septiembre de 2023, Ahmad Jalili, director de la Asociaci\u00f3n Iran\u00ed de Psiquiatr\u00eda, declar\u00f3 que, &#8220;seg\u00fan las investigaciones realizadas, la tasa de depresi\u00f3n entre los ciudadanos que viven en Teher\u00e1n se acerca al 34 por ciento.&#8221;<\/li>\n\n\n\n<li>Las tasas de suicidio aumentaron un 44% en los \u00faltimos 20 a\u00f1os.<\/li>\n\n\n\n<li>Los iran\u00edes son un pueblo profundamente traumatizado que necesita esperanza y curaci\u00f3n.<\/li>\n<\/ul>\n\n<p><\/p>\n\n<p>Perla de Persia es un ministerio de sanaci\u00f3n y esperanza para v\u00edctimas de traumas, abuso sexual y de sustancias y adicci\u00f3n. Pearl tambi\u00e9n se ha comprometido a restaurar las numerosas familias y matrimonios rotos en Ir\u00e1n.<\/p>\n\n<div class=\"wp-block-buttons is-content-justification-center is-layout-flex wp-container-core-buttons-is-layout-16018d1d wp-block-buttons-is-layout-flex\">\n<div class=\"wp-block-button\"><a class=\"wp-block-button__link has-white-color has-vivid-red-background-color has-text-color has-background has-link-color wp-element-button\" href=\"https:\/\/transformiran.com\/es\/impacto\/como-un-post-de-instagram-salvo-mi-matrimonio\/\">Descubra c\u00f3mo una &#8220;perla&#8221; publicada en las redes sociales salv\u00f3 un matrimonio y llev\u00f3 a una pareja a la salvaci\u00f3n<\/a><\/div>\n<\/div>\n\n<p>Ha llegado el momento de que la Iglesia muestre un camino mejor, restaure a la juventud iran\u00ed y redima la integridad de la unidad familiar en Ir\u00e1n. Compartimos la buena nueva de forma que llegue directamente a este sector de la sociedad, ofrecemos asesoramiento especializado y apoyo de forma pr\u00e1ctica.  <\/p>\n\n<p>[v\u00eddeo insertado en esta p\u00e1gina: Pearl of Persia Working Kids].  <\/p>\n\n<blockquote class=\"wp-block-quote is-layout-flow wp-block-quote-is-layout-flow\">\n<p>\u00bfC\u00f3mo puedo contar mi historia en pocas palabras? Sufr\u00ed abusos horribles durante mi infancia. Como consecuencia de ello, acab\u00e9 manteniendo relaciones con muchos hombres (incluido Sighe). Estaba atrapado en un ciclo de robar, mentir y m\u00e1s. Un d\u00eda estaba buscando canales de televisi\u00f3n y encontr\u00e9 los programas de Pearl of Persia. Llam\u00e9 y habl\u00e9 con un consejero. Me explic\u00f3 muchas cosas. Entregu\u00e9 mi vida a Jes\u00fas, recib\u00ed asesoramiento 1:1 de la consejera de la Perla de Persia y volv\u00ed a encontrar mi libertad. Con el apoyo de mi consejero, aprend\u00ed sobre el cuidado de la piel y la fabricaci\u00f3n de joyas y empec\u00e9 mi propio negocio. No pod\u00eda contener la alegr\u00eda de lo que Jes\u00fas hab\u00eda hecho por m\u00ed. Empec\u00e9 a dar testimonio a los que me rodeaban. En ese momento ya ten\u00eda un negocio pr\u00f3spero y empec\u00e9 a ayudar a los dem\u00e1s. El gobierno lo vio y me detuvo. Me encarcelaron por mi evangelismo y me quitaron mi negocio. Tras mi liberaci\u00f3n, hu\u00ed a Turqu\u00eda. Esto fue hace 4 a\u00f1os. Ahora estoy en Estambul. Transform Iran ha permanecido a mi lado durante todos estos a\u00f1os. Me han ayudado con la vivienda y estoy recibiendo asesoramiento y curaci\u00f3n por el trauma de todos los a\u00f1os anteriores. Me encantar\u00eda trabajar a tiempo completo para Pearl of Persia y ayudar a otras personas como yo, asesorando a mujeres en la creaci\u00f3n de sus propias empresas.<\/p>\n<\/blockquote>\n\n<div class=\"wp-block-buttons is-content-justification-center is-layout-flex wp-container-core-buttons-is-layout-16018d1d wp-block-buttons-is-layout-flex\">\n<div class=\"wp-block-button\"><a class=\"wp-block-button__link has-white-color has-vivid-red-background-color has-text-color has-background has-link-color wp-element-button\" href=\"https:\/\/transformiran.com\/es\/donar\/\">Puede apoyar la labor de Pearl haciendo una donaci\u00f3n hoy mismo aqu\u00ed<\/a><\/div>\n<\/div>\n","protected":false},"excerpt":{"rendered":"<p>Perla de Persia existe para llegar a los quebrantados de Ir\u00e1n con el amor y el poder del Evangelio. Ver a los 5 millones de prostitutas, v\u00edctimas del pecado sexual y drogadictos de Ir\u00e1n salvados, sanados, restaurados y transformados. Ir\u00e1n se enfrenta a un renacimiento a gran escala y al avance de la Iglesia. Sin [&hellip;]<\/p>\n","protected":false},"author":1,"featured_media":0,"parent":11602,"menu_order":0,"comment_status":"closed","ping_status":"closed","template":"page-work.php","meta":{"_acf_changed":false,"give_campaign_id":0,"om_disable_all_campaigns":false,"_mi_skip_tracking":false,"footnotes":""},"class_list":["post-11843","page","type-page","status-publish","hentry"],"acf":[],"yoast_head":"<!-- This site is optimized with the Yoast SEO plugin v27.2 - https:\/\/yoast.com\/product\/yoast-seo-wordpress\/ -->\n<title>Perla de Persia - Transform Iran<\/title>\n<meta name=\"robots\" content=\"index, follow, max-snippet:-1, max-image-preview:large, max-video-preview:-1\" \/>\n<link rel=\"canonical\" href=\"https:\/\/transformiran.com\/es\/nuestro-trabajo\/perla-de-persia\/\" \/>\n<meta property=\"og:locale\" content=\"es_ES\" \/>\n<meta property=\"og:type\" content=\"article\" \/>\n<meta property=\"og:title\" content=\"Perla de Persia - Transform Iran\" \/>\n<meta property=\"og:description\" content=\"Perla de Persia existe para llegar a los quebrantados de Ir\u00e1n con el amor y el poder del Evangelio. Ver a los 5 millones de prostitutas, v\u00edctimas del pecado sexual y drogadictos de Ir\u00e1n salvados, sanados, restaurados y transformados. Ir\u00e1n se enfrenta a un renacimiento a gran escala y al avance de la Iglesia. Sin [&hellip;]\" \/>\n<meta property=\"og:url\" content=\"https:\/\/transformiran.com\/es\/nuestro-trabajo\/perla-de-persia\/\" \/>\n<meta property=\"og:site_name\" content=\"Transform Iran\" \/>\n<meta property=\"article:publisher\" content=\"https:\/\/www.facebook.com\/222MinistriesUSAInc\" \/>\n<meta property=\"article:modified_time\" content=\"2025-04-02T09:56:27+00:00\" \/>\n<meta name=\"twitter:card\" content=\"summary_large_image\" \/>\n<meta name=\"twitter:site\" content=\"@222minint\" \/>\n<meta name=\"twitter:label1\" content=\"Tiempo de lectura\" \/>\n\t<meta name=\"twitter:data1\" content=\"5 minutos\" \/>\n<script type=\"application\/ld+json\" class=\"yoast-schema-graph\">{\"@context\":\"https:\/\/schema.org\",\"@graph\":[{\"@type\":\"WebPage\",\"@id\":\"https:\/\/transformiran.com\/es\/nuestro-trabajo\/perla-de-persia\/\",\"url\":\"https:\/\/transformiran.com\/es\/nuestro-trabajo\/perla-de-persia\/\",\"name\":\"Perla de Persia - Transform Iran\",\"isPartOf\":{\"@id\":\"https:\/\/transformiran.com\/es\/#website\"},\"datePublished\":\"2022-11-03T12:21:27+00:00\",\"dateModified\":\"2025-04-02T09:56:27+00:00\",\"breadcrumb\":{\"@id\":\"https:\/\/transformiran.com\/es\/nuestro-trabajo\/perla-de-persia\/#breadcrumb\"},\"inLanguage\":\"es\",\"potentialAction\":[{\"@type\":\"ReadAction\",\"target\":[\"https:\/\/transformiran.com\/es\/nuestro-trabajo\/perla-de-persia\/\"]}]},{\"@type\":\"BreadcrumbList\",\"@id\":\"https:\/\/transformiran.com\/es\/nuestro-trabajo\/perla-de-persia\/#breadcrumb\",\"itemListElement\":[{\"@type\":\"ListItem\",\"position\":1,\"name\":\"Home\",\"item\":\"https:\/\/transformiran.com\/es\/inicio-2\/\"},{\"@type\":\"ListItem\",\"position\":2,\"name\":\"Nuestro trabajo\",\"item\":\"https:\/\/transformiran.com\/es\/nuestro-trabajo\/\"},{\"@type\":\"ListItem\",\"position\":3,\"name\":\"Perla de Persia\"}]},{\"@type\":\"WebSite\",\"@id\":\"https:\/\/transformiran.com\/es\/#website\",\"url\":\"https:\/\/transformiran.com\/es\/\",\"name\":\"Transform Iran\",\"description\":\"Bringing the love and power of Christ to Iran - and beyond\",\"publisher\":{\"@id\":\"https:\/\/transformiran.com\/es\/#organization\"},\"potentialAction\":[{\"@type\":\"SearchAction\",\"target\":{\"@type\":\"EntryPoint\",\"urlTemplate\":\"https:\/\/transformiran.com\/es\/?s={search_term_string}\"},\"query-input\":{\"@type\":\"PropertyValueSpecification\",\"valueRequired\":true,\"valueName\":\"search_term_string\"}}],\"inLanguage\":\"es\"},{\"@type\":\"Organization\",\"@id\":\"https:\/\/transformiran.com\/es\/#organization\",\"name\":\"Transform Iran\",\"url\":\"https:\/\/transformiran.com\/es\/\",\"logo\":{\"@type\":\"ImageObject\",\"inLanguage\":\"es\",\"@id\":\"https:\/\/transformiran.com\/es\/#\/schema\/logo\/image\/\",\"url\":\"https:\/\/transformiran.com\/app\/uploads\/2022\/11\/logo_grey.jpg\",\"contentUrl\":\"https:\/\/transformiran.com\/app\/uploads\/2022\/11\/logo_grey.jpg\",\"width\":528,\"height\":90,\"caption\":\"Transform Iran\"},\"image\":{\"@id\":\"https:\/\/transformiran.com\/es\/#\/schema\/logo\/image\/\"},\"sameAs\":[\"https:\/\/www.facebook.com\/222MinistriesUSAInc\",\"https:\/\/x.com\/222minint\",\"https:\/\/www.instagram.com\/222ministriesinternational\/\"]}]}<\/script>\n<!-- \/ Yoast SEO plugin. -->","yoast_head_json":{"title":"Perla de Persia - Transform Iran","robots":{"index":"index","follow":"follow","max-snippet":"max-snippet:-1","max-image-preview":"max-image-preview:large","max-video-preview":"max-video-preview:-1"},"canonical":"https:\/\/transformiran.com\/es\/nuestro-trabajo\/perla-de-persia\/","og_locale":"es_ES","og_type":"article","og_title":"Perla de Persia - Transform Iran","og_description":"Perla de Persia existe para llegar a los quebrantados de Ir\u00e1n con el amor y el poder del Evangelio. Ver a los 5 millones de prostitutas, v\u00edctimas del pecado sexual y drogadictos de Ir\u00e1n salvados, sanados, restaurados y transformados. Ir\u00e1n se enfrenta a un renacimiento a gran escala y al avance de la Iglesia. Sin [&hellip;]","og_url":"https:\/\/transformiran.com\/es\/nuestro-trabajo\/perla-de-persia\/","og_site_name":"Transform Iran","article_publisher":"https:\/\/www.facebook.com\/222MinistriesUSAInc","article_modified_time":"2025-04-02T09:56:27+00:00","twitter_card":"summary_large_image","twitter_site":"@222minint","twitter_misc":{"Tiempo de lectura":"5 minutos"},"schema":{"@context":"https:\/\/schema.org","@graph":[{"@type":"WebPage","@id":"https:\/\/transformiran.com\/es\/nuestro-trabajo\/perla-de-persia\/","url":"https:\/\/transformiran.com\/es\/nuestro-trabajo\/perla-de-persia\/","name":"Perla de Persia - Transform Iran","isPartOf":{"@id":"https:\/\/transformiran.com\/es\/#website"},"datePublished":"2022-11-03T12:21:27+00:00","dateModified":"2025-04-02T09:56:27+00:00","breadcrumb":{"@id":"https:\/\/transformiran.com\/es\/nuestro-trabajo\/perla-de-persia\/#breadcrumb"},"inLanguage":"es","potentialAction":[{"@type":"ReadAction","target":["https:\/\/transformiran.com\/es\/nuestro-trabajo\/perla-de-persia\/"]}]},{"@type":"BreadcrumbList","@id":"https:\/\/transformiran.com\/es\/nuestro-trabajo\/perla-de-persia\/#breadcrumb","itemListElement":[{"@type":"ListItem","position":1,"name":"Home","item":"https:\/\/transformiran.com\/es\/inicio-2\/"},{"@type":"ListItem","position":2,"name":"Nuestro trabajo","item":"https:\/\/transformiran.com\/es\/nuestro-trabajo\/"},{"@type":"ListItem","position":3,"name":"Perla de Persia"}]},{"@type":"WebSite","@id":"https:\/\/transformiran.com\/es\/#website","url":"https:\/\/transformiran.com\/es\/","name":"Transform Iran","description":"Bringing the love and power of Christ to Iran - and beyond","publisher":{"@id":"https:\/\/transformiran.com\/es\/#organization"},"potentialAction":[{"@type":"SearchAction","target":{"@type":"EntryPoint","urlTemplate":"https:\/\/transformiran.com\/es\/?s={search_term_string}"},"query-input":{"@type":"PropertyValueSpecification","valueRequired":true,"valueName":"search_term_string"}}],"inLanguage":"es"},{"@type":"Organization","@id":"https:\/\/transformiran.com\/es\/#organization","name":"Transform Iran","url":"https:\/\/transformiran.com\/es\/","logo":{"@type":"ImageObject","inLanguage":"es","@id":"https:\/\/transformiran.com\/es\/#\/schema\/logo\/image\/","url":"https:\/\/transformiran.com\/app\/uploads\/2022\/11\/logo_grey.jpg","contentUrl":"https:\/\/transformiran.com\/app\/uploads\/2022\/11\/logo_grey.jpg","width":528,"height":90,"caption":"Transform Iran"},"image":{"@id":"https:\/\/transformiran.com\/es\/#\/schema\/logo\/image\/"},"sameAs":["https:\/\/www.facebook.com\/222MinistriesUSAInc","https:\/\/x.com\/222minint","https:\/\/www.instagram.com\/222ministriesinternational\/"]}]}},"campaignId":"","_links":{"self":[{"href":"https:\/\/transformiran.com\/es\/wp-json\/wp\/v2\/pages\/11843","targetHints":{"allow":["GET"]}}],"collection":[{"href":"https:\/\/transformiran.com\/es\/wp-json\/wp\/v2\/pages"}],"about":[{"href":"https:\/\/transformiran.com\/es\/wp-json\/wp\/v2\/types\/page"}],"author":[{"embeddable":true,"href":"https:\/\/transformiran.com\/es\/wp-json\/wp\/v2\/users\/1"}],"replies":[{"embeddable":true,"href":"https:\/\/transformiran.com\/es\/wp-json\/wp\/v2\/comments?post=11843"}],"version-history":[{"count":0,"href":"https:\/\/transformiran.com\/es\/wp-json\/wp\/v2\/pages\/11843\/revisions"}],"up":[{"embeddable":true,"href":"https:\/\/transformiran.com\/es\/wp-json\/wp\/v2\/pages\/11602"}],"wp:attachment":[{"href":"https:\/\/transformiran.com\/es\/wp-json\/wp\/v2\/media?parent=11843"}],"curies":[{"name":"wp","href":"https:\/\/api.w.org\/{rel}","templated":true}]}}