{"id":11845,"date":"2023-03-29T14:50:45","date_gmt":"2023-03-29T13:50:45","guid":{"rendered":"https:\/\/transformiran.com\/nuestro-trabajo\/desarrollo-del-liderazgo\/"},"modified":"2025-10-16T23:07:40","modified_gmt":"2025-10-16T22:07:40","slug":"desarrollo-del-liderazgo","status":"publish","type":"page","link":"https:\/\/transformiran.com\/es\/nuestro-trabajo\/desarrollo-del-liderazgo\/","title":{"rendered":"Desarrollo de liderazgo"},"content":{"rendered":"\n<p><\/p>\n\n<h2 class=\"wp-block-heading\">Educar a los l\u00edderes para Transform Iran<\/h2>\n\n<p><\/p>\n\n<p class=\"has-medium-font-size\">Transform Iran se compromete a formar l\u00edderes que transformen Ir\u00e1n y la regi\u00f3n circundante. Nuestro trabajo se centra en los tres pilares fundamentales de la evangelizaci\u00f3n, el discipulado y la transformaci\u00f3n.  <\/p>\n\n<p><\/p>\n\n<p><strong>En el centro de nuestro modelo de discipulado est\u00e1 el desarrollo del liderazgo<\/strong>. Creemos que el verdadero discipulado siempre conduce a la multiplicaci\u00f3n: cada disc\u00edpulo est\u00e1 llamado a liderar de alguna manera y a influir en los dem\u00e1s para el Reino de Dios. <\/p>\n\n<p><\/p>\n\n<h3 class=\"wp-block-heading\">Discipulado que reproduce<\/h3>\n\n<p><\/p>\n\n<p>Creemos que a cada seguidor de Jes\u00fas se le conf\u00eda una influencia:<\/p>\n\n<p><strong>\u201c<em>Y las cosas que me has o\u00eddo decir en presencia de muchos testigos conf\u00edalas a personas de confianza que tambi\u00e9n est\u00e9n capacitadas para ense\u00f1ar a otros<\/em>\u201d.<\/strong> 2 Timoteo 2:2<\/p>\n\n<p><\/p>\n\n<p>No todos est\u00e1n llamados a desempe\u00f1ar funciones de liderazgo tradicionales, pero <strong>todos est\u00e1n llamados al crecimiento permanente, la madurez espiritual y el impacto fruct\u00edfero<\/strong>. Por eso nuestros pastores principales siempre se preguntan: \u00bfCu\u00e1l es la llamada de esta persona? \u00bfC\u00f3mo puedo ayudarles a convertirse en todo lo que Dios les ha llamado a ser? \u00bfC\u00f3mo puedo equiparles y liberarles en su propio campo de misi\u00f3n?   <\/p>\n\n<p><\/p>\n\n<h2 class=\"wp-block-heading\">Desarrollo del liderazgo en acci\u00f3n<\/h2>\n\n<p><\/p>\n\n<p>Y as\u00ed, el discipulado desemboca en el desarrollo del liderazgo. Disc\u00edpulos haciendo disc\u00edpulos. L\u00edderes criando l\u00edderes.  Cada uno madura y transmite a los dem\u00e1s lo que ha aprendido. As\u00ed es como vemos avanzar el Reino de Dios.<\/p>\n\n<p><\/p>\n\n<p>Transform Iran proporciona <strong>desarrollo estrat\u00e9gico del<\/strong> liderazgo tanto a l\u00edderes emergentes como experimentados. Nuestro modelo incluye tutor\u00eda personalizada, formaci\u00f3n inmersiva y una serie de herramientas y recursos pr\u00e1cticos que equipan a los l\u00edderes para un ministerio fruct\u00edfero, a medida que crecen en unci\u00f3n y madurez. <\/p>\n\n<p><\/p>\n\n<h3 class=\"wp-block-heading\">Tutor\u00eda<\/h3>\n\n<p><\/p>\n\n<p>Los pastores s\u00e9nior caminan junto a los l\u00edderes 1:1, discipul\u00e1ndolos y equip\u00e1ndolos para dirigir ministerios, plantar iglesias y multiplicar a otros l\u00edderes.<\/p>\n\n<p><\/p>\n\n<h3 class=\"wp-block-heading\">Eventos de Formaci\u00f3n de L\u00edderes<\/h3>\n\n<p><\/p>\n\n<p>Se invita a los l\u00edderes emergentes y a los l\u00edderes de las iglesias dom\u00e9sticas clandestinas a semanas de formaci\u00f3n intensiva en las que profundizan en la Palabra, aprenden habilidades esenciales de liderazgo y construyen comunidad con otros que sirven en toda la red Transform Iran. Estos eventos de formaci\u00f3n y equipamiento fortalecen, apoyan y hacen crecer la iglesia clandestina en Ir\u00e1n y se celebran en lugares seguros de Oriente Pr\u00f3ximo. Miles de personas se han formado y desarrollado de esta manera.<\/p>\n\n<p><\/p>\n\n<blockquote class=\"wp-block-quote is-layout-flow wp-block-quote-is-layout-flow\">\n<p>Esta formaci\u00f3n ampli\u00f3 mi visi\u00f3n, profundiz\u00f3 mi pasi\u00f3n y me dio pasos pr\u00e1cticos para servir a los dem\u00e1s y guiarlos hacia la fe. Estoy m\u00e1s motivada que nunca para ayudar a construir disc\u00edpulos de Cristo fieles y comprometidos. <\/p>\n<\/blockquote>\n\n<div class=\"wp-block-columns is-layout-flex wp-container-core-columns-is-layout-9d6595d7 wp-block-columns-is-layout-flex\">\n<div class=\"wp-block-column is-layout-flow wp-block-column-is-layout-flow\">\n<figure class=\"wp-block-image size-large\"><img decoding=\"async\" width=\"1024\" height=\"547\" src=\"https:\/\/transformiran.com\/app\/uploads\/2025\/05\/Leaders-Meeting-4-1024x547.jpeg\" alt=\"\" class=\"wp-image-31109\" style=\"aspect-ratio:1;object-fit:cover\" srcset=\"https:\/\/transformiran.com\/app\/uploads\/2025\/05\/Leaders-Meeting-4-1024x547.jpeg 1024w, https:\/\/transformiran.com\/app\/uploads\/2025\/05\/Leaders-Meeting-4-300x160.jpeg 300w, https:\/\/transformiran.com\/app\/uploads\/2025\/05\/Leaders-Meeting-4-768x410.jpeg 768w, https:\/\/transformiran.com\/app\/uploads\/2025\/05\/Leaders-Meeting-4-1536x820.jpeg 1536w, https:\/\/transformiran.com\/app\/uploads\/2025\/05\/Leaders-Meeting-4-2048x1093.jpeg 2048w\" sizes=\"(max-width: 1024px) 100vw, 1024px\" \/><\/figure>\n<\/div>\n\n\n\n<div class=\"wp-block-column is-layout-flow wp-block-column-is-layout-flow\">\n<figure class=\"wp-block-image size-large\"><img decoding=\"async\" width=\"1024\" height=\"576\" src=\"https:\/\/transformiran.com\/app\/uploads\/2025\/05\/DSC04956-1024x576.jpg\" alt=\"\" class=\"wp-image-31130\" style=\"aspect-ratio:1;object-fit:cover\" srcset=\"https:\/\/transformiran.com\/app\/uploads\/2025\/05\/DSC04956-1024x576.jpg 1024w, https:\/\/transformiran.com\/app\/uploads\/2025\/05\/DSC04956-300x169.jpg 300w, https:\/\/transformiran.com\/app\/uploads\/2025\/05\/DSC04956-768x432.jpg 768w, https:\/\/transformiran.com\/app\/uploads\/2025\/05\/DSC04956-1536x864.jpg 1536w, https:\/\/transformiran.com\/app\/uploads\/2025\/05\/DSC04956-2048x1152.jpg 2048w\" sizes=\"(max-width: 1024px) 100vw, 1024px\" \/><\/figure>\n<\/div>\n\n\n\n<div class=\"wp-block-column is-layout-flow wp-block-column-is-layout-flow\">\n<figure class=\"wp-block-image size-large\"><img decoding=\"async\" width=\"1024\" height=\"576\" src=\"https:\/\/transformiran.com\/app\/uploads\/2025\/05\/DSC05071-LY-teaching-1024x576.jpg\" alt=\"\" class=\"wp-image-31116\" style=\"aspect-ratio:1;object-fit:cover\" srcset=\"https:\/\/transformiran.com\/app\/uploads\/2025\/05\/DSC05071-LY-teaching-1024x576.jpg 1024w, https:\/\/transformiran.com\/app\/uploads\/2025\/05\/DSC05071-LY-teaching-300x169.jpg 300w, https:\/\/transformiran.com\/app\/uploads\/2025\/05\/DSC05071-LY-teaching-768x432.jpg 768w, https:\/\/transformiran.com\/app\/uploads\/2025\/05\/DSC05071-LY-teaching-1536x864.jpg 1536w, https:\/\/transformiran.com\/app\/uploads\/2025\/05\/DSC05071-LY-teaching-2048x1152.jpg 2048w\" sizes=\"(max-width: 1024px) 100vw, 1024px\" \/><\/figure>\n<\/div>\n<\/div>\n\n<p><\/p>\n\n<h3 class=\"wp-block-heading\">Escuela B\u00edblica Online<\/h3>\n\n<p><\/p>\n\n<p>Nuestro <a href=\"http:\/\/www.222bc.com\/\">Instituto B\u00edblico<\/a> online gratuito en farsi (con casi 1.000 alumnos registrados activos) elimina las barreras del coste para un estudio tan profundo de la Palabra, y ofrece lecciones teol\u00f3gicas claras y bien preparadas, escaladas en profundidad, para ayudar a los cristianos de habla farsi a madurar en su fe y equiparlos para el ministerio.  <\/p>\n\n<p><\/p>\n\n<h2 class=\"wp-block-heading\">Herramientas para equipar y fortalecer a los l\u00edderes<\/h2>\n\n<p><\/p>\n\n<h3 class=\"wp-block-heading\">Apolog\u00e9tica: Porpasokh<\/h3>\n\n<p><\/p>\n\n<p><em>Porpasokh<\/em>&#8221; significa &#8220;Pregunta y Respuesta&#8221; y \u00e9se es el coraz\u00f3n de nuestro centro de apolog\u00e9tica. Transform IranEl sitio <em>Porpasokh de Porpasokh<\/em> atrae a decenas de miles de visitantes cada mes y aborda directamente las preguntas de quienes a\u00fan intentan comprender ciertos aspectos de la fe y la teolog\u00eda. Las respuestas se publican en el sitio para que otros puedan beneficiarse de ellas. Hasta la fecha se han publicado m\u00e1s de 5.900 respuestas y muchos han visto fortalecida su fe gracias a ellas. Adem\u00e1s de ser una poderosa herramienta para la evangelizaci\u00f3n, <em>Porpasokh<\/em> tambi\u00e9n apoya a los pastores j\u00f3venes que conf\u00edan en el recurso para que les ayude a responder a las preguntas que les hacen sus conversos.  <\/p>\n\n<p><\/p>\n\n<p><a href=\"https:\/\/transformiran.com\/es\/nuestro-trabajo\/centro-de-apologetica\/\">Lee m\u00e1s sobre nuestro ministerio de Apolog\u00e9tica<\/a><\/p>\n\n<p><\/p>\n\n<h3 class=\"wp-block-heading\">Libertad en Cristo<\/h3>\n\n<p><\/p>\n\n<p>Nos asociamos con los maravillosos autores del curso Libertad en Cristo, tradujimos el material al farsi y lo adaptamos y ampliamos para un p\u00fablico iran\u00ed. Esta es una herramienta cr\u00edtica de discipulado y liberaci\u00f3n basada en la Biblia para los cristianos, asegurando que las iglesias crezcan sanas a trav\u00e9s del avance personal, la libertad y la fecundidad para los creyentes. Hasta la fecha, m\u00e1s de 1.600 lo han completado. Todos los l\u00edderes de Transform Iran realizan este curso como parte de su propio desarrollo y crecimiento personal.<\/p>\n\n<p><\/p>\n\n<h3 class=\"wp-block-heading\">222 Publicaciones<\/h3>\n\n<p><\/p>\n\n<p>Transform Iran protege la integridad doctrinal de la Iglesia en Ir\u00e1n proporcionando una amplia gama de recursos basados en la Biblia (impresos y digitales) a trav\u00e9s de su editorial, <a href=\"http:\/\/www.222publications.com\/\">222 Publications<\/a>. 222 Publications identifica las lagunas en los medios impresos y digitales para la iglesia de habla farsi y publica los materiales necesarios para cubrir esas lagunas para una iglesia global en crecimiento. 222 Publications lo hace lo m\u00e1s cerca posible del precio de coste para garantizar la m\u00e1xima accesibilidad de estos recursos a quienes los necesitan.  <\/p>\n\n<p><\/p>\n\n<h2 class=\"wp-block-heading\">Traducci\u00f3n de la Biblia: Una base para el liderazgo<\/h2>\n\n<p><\/p>\n\n<p>Unos 26 millones de iran\u00edes siguen sin tener acceso a la Palabra de Dios en su propia lengua <em>materna<\/em>. Aunque el objetivo principal de nuestro trabajo de traducci\u00f3n de la Biblia es la evangelizaci\u00f3n y el discipulado temprano, las Escrituras en la lengua materna tambi\u00e9n desempe\u00f1an un papel vital en el desarrollo del liderazgo. Cuando los creyentes pueden comprender plenamente la profundidad y el significado de la Palabra de Dios en su lengua materna, est\u00e1n mejor equipados para estudiarla en profundidad, ense\u00f1arla eficazmente y dirigir a otros con confianza. Esto conduce a iglesias m\u00e1s fuertes y duraderas que aportan una transformaci\u00f3n real a sus comunidades.     <\/p>\n\n<p><\/p>\n\n<p><a href=\"https:\/\/transformiran.com\/es\/nuestro-trabajo\/traduccion-de-la-biblia\/\">M\u00e1s informaci\u00f3n sobre nuestro trabajo de traducci\u00f3n de la Biblia<\/a><\/p>\n\n<p><\/p>\n\n<h2 class=\"wp-block-heading\">Compromiso de por vida con el crecimiento del Reino<\/h2>\n\n<p><\/p>\n\n<p>En Transform Iran, el liderazgo no tiene que ver con t\u00edtulos o cargos: tiene que ver con vidas transformadas, iglesias plantadas y naciones impactadas para Jes\u00fas.<\/p>\n\n<p><\/p>\n\n<blockquote class=\"wp-block-quote is-layout-flow wp-block-quote-is-layout-flow\">\n<p>Gracias por haberos volcado en mi vida y haberos quedado conmigo todos estos a\u00f1os. Estoy eternamente agradecido y comprometido a servir a Dios lo mejor que pueda.<\/p>\n<\/blockquote>\n\n<p><\/p>\n\n<h2 class=\"wp-block-heading\">Historias de impacto<\/h2>\n\n<p><\/p>\n\n<blockquote class=\"wp-block-quote is-layout-flow wp-block-quote-is-layout-flow\">\n<p class=\"has-off-white-background-color has-background\">Porque Transform da oportunidades a mucha gente, gente que podr\u00eda haber sido &#8216;peque\u00f1a&#8217; en las opiniones o a los ojos de los dem\u00e1s, tiene la oportunidad de servir de verdad y crecer aqu\u00ed. Y el resultado es una maravillosa red de poderosos l\u00edderes que juntos marcan la diferencia.<\/p>\n<\/blockquote>\n\n<p><\/p>\n\n<blockquote class=\"wp-block-quote is-layout-flow wp-block-quote-is-layout-flow\">\n<p class=\"has-light-gold-background-color has-background\">He visto en la iglesia y en las conferencias c\u00f3mo la gente no se deja abatir. Se les conf\u00eda el espacio para crecer donde est\u00e1n. Y R\u00c1PIDAMENTE estos j\u00f3venes disc\u00edpulos se convierten en l\u00edderes potenciales. Yo tambi\u00e9n me he beneficiado de ello. Conoc\u00ed al Se\u00f1or, fui discipulado y en dos a\u00f1os hab\u00eda plantado una iglesia. Ahora sirvo como pastor supervisor y l\u00edder ministerial. \u00a1Alabado sea Dios!<\/p>\n<\/blockquote>\n\n<p><\/p>\n\n<blockquote class=\"wp-block-quote is-layout-flow wp-block-quote-is-layout-flow\">\n<p class=\"has-off-white-background-color has-background\">Aqu\u00ed hay celo e integridad entre los dirigentes. Nadie est\u00e1 construyendo reinos individuales. Estamos unidos por una causa, pero ni siquiera se trata del trabajo que hacemos, sino de la relaci\u00f3n de amor que tenemos con Dios y entre nosotros. Es realmente una comunidad en misi\u00f3n conjunta.<\/p>\n<\/blockquote>\n\n<p><\/p>\n\n<p><\/p>\n","protected":false},"excerpt":{"rendered":"<p>Educar a los l\u00edderes para Transform Iran Transform Iran se compromete a formar l\u00edderes que transformen Ir\u00e1n y la regi\u00f3n circundante. Nuestro trabajo se centra en los tres pilares fundamentales de la evangelizaci\u00f3n, el discipulado y la transformaci\u00f3n. En el centro de nuestro modelo de discipulado est\u00e1 el desarrollo del liderazgo. Creemos que el verdadero [&hellip;]<\/p>\n","protected":false},"author":4,"featured_media":0,"parent":11602,"menu_order":0,"comment_status":"closed","ping_status":"closed","template":"page-work.php","meta":{"_acf_changed":false,"give_campaign_id":0,"om_disable_all_campaigns":false,"_mi_skip_tracking":false,"footnotes":""},"class_list":["post-11845","page","type-page","status-publish","hentry"],"acf":[],"yoast_head":"<!-- This site is optimized with the Yoast SEO plugin v27.2 - https:\/\/yoast.com\/product\/yoast-seo-wordpress\/ -->\n<title>Desarrollo de liderazgo - Transform Iran<\/title>\n<meta name=\"description\" content=\"Transform Iran se compromete a formar l\u00edderes que transformen la naci\u00f3n de Ir\u00e1n y la regi\u00f3n circundante.\" \/>\n<meta name=\"robots\" content=\"index, follow, max-snippet:-1, max-image-preview:large, max-video-preview:-1\" \/>\n<link rel=\"canonical\" href=\"https:\/\/transformiran.com\/es\/nuestro-trabajo\/desarrollo-del-liderazgo\/\" \/>\n<meta property=\"og:locale\" content=\"es_ES\" \/>\n<meta property=\"og:type\" content=\"article\" \/>\n<meta property=\"og:title\" content=\"Desarrollo de liderazgo - Transform Iran\" \/>\n<meta property=\"og:description\" content=\"Transform Iran se compromete a formar l\u00edderes que transformen la naci\u00f3n de Ir\u00e1n y la regi\u00f3n circundante.\" \/>\n<meta property=\"og:url\" content=\"https:\/\/transformiran.com\/es\/nuestro-trabajo\/desarrollo-del-liderazgo\/\" \/>\n<meta property=\"og:site_name\" content=\"Transform Iran\" \/>\n<meta property=\"article:publisher\" content=\"https:\/\/www.facebook.com\/222MinistriesUSAInc\" \/>\n<meta property=\"article:modified_time\" content=\"2025-10-16T22:07:40+00:00\" \/>\n<meta property=\"og:image\" content=\"https:\/\/transformiran.com\/app\/uploads\/2025\/05\/Leaders-Meeting-4-scaled.jpeg\" \/>\n\t<meta property=\"og:image:width\" content=\"3000\" \/>\n\t<meta property=\"og:image:height\" content=\"1601\" \/>\n\t<meta property=\"og:image:type\" content=\"image\/jpeg\" \/>\n<meta name=\"twitter:card\" content=\"summary_large_image\" \/>\n<meta name=\"twitter:site\" content=\"@222minint\" \/>\n<meta name=\"twitter:label1\" content=\"Tiempo de lectura\" \/>\n\t<meta name=\"twitter:data1\" content=\"6 minutos\" \/>\n<script type=\"application\/ld+json\" class=\"yoast-schema-graph\">{\"@context\":\"https:\/\/schema.org\",\"@graph\":[{\"@type\":\"WebPage\",\"@id\":\"https:\/\/transformiran.com\/es\/nuestro-trabajo\/desarrollo-del-liderazgo\/\",\"url\":\"https:\/\/transformiran.com\/es\/nuestro-trabajo\/desarrollo-del-liderazgo\/\",\"name\":\"Desarrollo de liderazgo - Transform Iran\",\"isPartOf\":{\"@id\":\"https:\/\/transformiran.com\/es\/#website\"},\"primaryImageOfPage\":{\"@id\":\"https:\/\/transformiran.com\/es\/nuestro-trabajo\/desarrollo-del-liderazgo\/#primaryimage\"},\"image\":{\"@id\":\"https:\/\/transformiran.com\/es\/nuestro-trabajo\/desarrollo-del-liderazgo\/#primaryimage\"},\"thumbnailUrl\":\"https:\/\/transformiran.com\/app\/uploads\/2025\/05\/Leaders-Meeting-4-1024x547.jpeg\",\"datePublished\":\"2023-03-29T13:50:45+00:00\",\"dateModified\":\"2025-10-16T22:07:40+00:00\",\"description\":\"Transform Iran se compromete a formar l\u00edderes que transformen la naci\u00f3n de Ir\u00e1n y la regi\u00f3n circundante.\",\"breadcrumb\":{\"@id\":\"https:\/\/transformiran.com\/es\/nuestro-trabajo\/desarrollo-del-liderazgo\/#breadcrumb\"},\"inLanguage\":\"es\",\"potentialAction\":[{\"@type\":\"ReadAction\",\"target\":[\"https:\/\/transformiran.com\/es\/nuestro-trabajo\/desarrollo-del-liderazgo\/\"]}]},{\"@type\":\"ImageObject\",\"inLanguage\":\"es\",\"@id\":\"https:\/\/transformiran.com\/es\/nuestro-trabajo\/desarrollo-del-liderazgo\/#primaryimage\",\"url\":\"https:\/\/transformiran.com\/app\/uploads\/2025\/05\/Leaders-Meeting-4-1024x547.jpeg\",\"contentUrl\":\"https:\/\/transformiran.com\/app\/uploads\/2025\/05\/Leaders-Meeting-4-1024x547.jpeg\"},{\"@type\":\"BreadcrumbList\",\"@id\":\"https:\/\/transformiran.com\/es\/nuestro-trabajo\/desarrollo-del-liderazgo\/#breadcrumb\",\"itemListElement\":[{\"@type\":\"ListItem\",\"position\":1,\"name\":\"Home\",\"item\":\"https:\/\/transformiran.com\/es\/inicio-2\/\"},{\"@type\":\"ListItem\",\"position\":2,\"name\":\"Nuestro trabajo\",\"item\":\"https:\/\/transformiran.com\/es\/nuestro-trabajo\/\"},{\"@type\":\"ListItem\",\"position\":3,\"name\":\"Desarrollo de liderazgo\"}]},{\"@type\":\"WebSite\",\"@id\":\"https:\/\/transformiran.com\/es\/#website\",\"url\":\"https:\/\/transformiran.com\/es\/\",\"name\":\"Transform Iran\",\"description\":\"Bringing the love and power of Christ to Iran - and beyond\",\"publisher\":{\"@id\":\"https:\/\/transformiran.com\/es\/#organization\"},\"potentialAction\":[{\"@type\":\"SearchAction\",\"target\":{\"@type\":\"EntryPoint\",\"urlTemplate\":\"https:\/\/transformiran.com\/es\/?s={search_term_string}\"},\"query-input\":{\"@type\":\"PropertyValueSpecification\",\"valueRequired\":true,\"valueName\":\"search_term_string\"}}],\"inLanguage\":\"es\"},{\"@type\":\"Organization\",\"@id\":\"https:\/\/transformiran.com\/es\/#organization\",\"name\":\"Transform Iran\",\"url\":\"https:\/\/transformiran.com\/es\/\",\"logo\":{\"@type\":\"ImageObject\",\"inLanguage\":\"es\",\"@id\":\"https:\/\/transformiran.com\/es\/#\/schema\/logo\/image\/\",\"url\":\"https:\/\/transformiran.com\/app\/uploads\/2022\/11\/logo_grey.jpg\",\"contentUrl\":\"https:\/\/transformiran.com\/app\/uploads\/2022\/11\/logo_grey.jpg\",\"width\":528,\"height\":90,\"caption\":\"Transform Iran\"},\"image\":{\"@id\":\"https:\/\/transformiran.com\/es\/#\/schema\/logo\/image\/\"},\"sameAs\":[\"https:\/\/www.facebook.com\/222MinistriesUSAInc\",\"https:\/\/x.com\/222minint\",\"https:\/\/www.instagram.com\/222ministriesinternational\/\"]}]}<\/script>\n<!-- \/ Yoast SEO plugin. -->","yoast_head_json":{"title":"Desarrollo de liderazgo - Transform Iran","description":"Transform Iran se compromete a formar l\u00edderes que transformen la naci\u00f3n de Ir\u00e1n y la regi\u00f3n circundante.","robots":{"index":"index","follow":"follow","max-snippet":"max-snippet:-1","max-image-preview":"max-image-preview:large","max-video-preview":"max-video-preview:-1"},"canonical":"https:\/\/transformiran.com\/es\/nuestro-trabajo\/desarrollo-del-liderazgo\/","og_locale":"es_ES","og_type":"article","og_title":"Desarrollo de liderazgo - Transform Iran","og_description":"Transform Iran se compromete a formar l\u00edderes que transformen la naci\u00f3n de Ir\u00e1n y la regi\u00f3n circundante.","og_url":"https:\/\/transformiran.com\/es\/nuestro-trabajo\/desarrollo-del-liderazgo\/","og_site_name":"Transform Iran","article_publisher":"https:\/\/www.facebook.com\/222MinistriesUSAInc","article_modified_time":"2025-10-16T22:07:40+00:00","og_image":[{"width":3000,"height":1601,"url":"https:\/\/transformiran.com\/app\/uploads\/2025\/05\/Leaders-Meeting-4-scaled.jpeg","type":"image\/jpeg"}],"twitter_card":"summary_large_image","twitter_site":"@222minint","twitter_misc":{"Tiempo de lectura":"6 minutos"},"schema":{"@context":"https:\/\/schema.org","@graph":[{"@type":"WebPage","@id":"https:\/\/transformiran.com\/es\/nuestro-trabajo\/desarrollo-del-liderazgo\/","url":"https:\/\/transformiran.com\/es\/nuestro-trabajo\/desarrollo-del-liderazgo\/","name":"Desarrollo de liderazgo - Transform Iran","isPartOf":{"@id":"https:\/\/transformiran.com\/es\/#website"},"primaryImageOfPage":{"@id":"https:\/\/transformiran.com\/es\/nuestro-trabajo\/desarrollo-del-liderazgo\/#primaryimage"},"image":{"@id":"https:\/\/transformiran.com\/es\/nuestro-trabajo\/desarrollo-del-liderazgo\/#primaryimage"},"thumbnailUrl":"https:\/\/transformiran.com\/app\/uploads\/2025\/05\/Leaders-Meeting-4-1024x547.jpeg","datePublished":"2023-03-29T13:50:45+00:00","dateModified":"2025-10-16T22:07:40+00:00","description":"Transform Iran se compromete a formar l\u00edderes que transformen la naci\u00f3n de Ir\u00e1n y la regi\u00f3n circundante.","breadcrumb":{"@id":"https:\/\/transformiran.com\/es\/nuestro-trabajo\/desarrollo-del-liderazgo\/#breadcrumb"},"inLanguage":"es","potentialAction":[{"@type":"ReadAction","target":["https:\/\/transformiran.com\/es\/nuestro-trabajo\/desarrollo-del-liderazgo\/"]}]},{"@type":"ImageObject","inLanguage":"es","@id":"https:\/\/transformiran.com\/es\/nuestro-trabajo\/desarrollo-del-liderazgo\/#primaryimage","url":"https:\/\/transformiran.com\/app\/uploads\/2025\/05\/Leaders-Meeting-4-1024x547.jpeg","contentUrl":"https:\/\/transformiran.com\/app\/uploads\/2025\/05\/Leaders-Meeting-4-1024x547.jpeg"},{"@type":"BreadcrumbList","@id":"https:\/\/transformiran.com\/es\/nuestro-trabajo\/desarrollo-del-liderazgo\/#breadcrumb","itemListElement":[{"@type":"ListItem","position":1,"name":"Home","item":"https:\/\/transformiran.com\/es\/inicio-2\/"},{"@type":"ListItem","position":2,"name":"Nuestro trabajo","item":"https:\/\/transformiran.com\/es\/nuestro-trabajo\/"},{"@type":"ListItem","position":3,"name":"Desarrollo de liderazgo"}]},{"@type":"WebSite","@id":"https:\/\/transformiran.com\/es\/#website","url":"https:\/\/transformiran.com\/es\/","name":"Transform Iran","description":"Bringing the love and power of Christ to Iran - and beyond","publisher":{"@id":"https:\/\/transformiran.com\/es\/#organization"},"potentialAction":[{"@type":"SearchAction","target":{"@type":"EntryPoint","urlTemplate":"https:\/\/transformiran.com\/es\/?s={search_term_string}"},"query-input":{"@type":"PropertyValueSpecification","valueRequired":true,"valueName":"search_term_string"}}],"inLanguage":"es"},{"@type":"Organization","@id":"https:\/\/transformiran.com\/es\/#organization","name":"Transform Iran","url":"https:\/\/transformiran.com\/es\/","logo":{"@type":"ImageObject","inLanguage":"es","@id":"https:\/\/transformiran.com\/es\/#\/schema\/logo\/image\/","url":"https:\/\/transformiran.com\/app\/uploads\/2022\/11\/logo_grey.jpg","contentUrl":"https:\/\/transformiran.com\/app\/uploads\/2022\/11\/logo_grey.jpg","width":528,"height":90,"caption":"Transform Iran"},"image":{"@id":"https:\/\/transformiran.com\/es\/#\/schema\/logo\/image\/"},"sameAs":["https:\/\/www.facebook.com\/222MinistriesUSAInc","https:\/\/x.com\/222minint","https:\/\/www.instagram.com\/222ministriesinternational\/"]}]}},"campaignId":"","_links":{"self":[{"href":"https:\/\/transformiran.com\/es\/wp-json\/wp\/v2\/pages\/11845","targetHints":{"allow":["GET"]}}],"collection":[{"href":"https:\/\/transformiran.com\/es\/wp-json\/wp\/v2\/pages"}],"about":[{"href":"https:\/\/transformiran.com\/es\/wp-json\/wp\/v2\/types\/page"}],"author":[{"embeddable":true,"href":"https:\/\/transformiran.com\/es\/wp-json\/wp\/v2\/users\/4"}],"replies":[{"embeddable":true,"href":"https:\/\/transformiran.com\/es\/wp-json\/wp\/v2\/comments?post=11845"}],"version-history":[{"count":3,"href":"https:\/\/transformiran.com\/es\/wp-json\/wp\/v2\/pages\/11845\/revisions"}],"predecessor-version":[{"id":33468,"href":"https:\/\/transformiran.com\/es\/wp-json\/wp\/v2\/pages\/11845\/revisions\/33468"}],"up":[{"embeddable":true,"href":"https:\/\/transformiran.com\/es\/wp-json\/wp\/v2\/pages\/11602"}],"wp:attachment":[{"href":"https:\/\/transformiran.com\/es\/wp-json\/wp\/v2\/media?parent=11845"}],"curies":[{"name":"wp","href":"https:\/\/api.w.org\/{rel}","templated":true}]}}