{"id":11850,"date":"2022-11-04T11:14:43","date_gmt":"2022-11-04T11:14:43","guid":{"rendered":"https:\/\/transformiran.com\/donar\/donar-con-amazon-smile\/"},"modified":"2025-04-02T11:05:29","modified_gmt":"2025-04-02T10:05:29","slug":"donar-con-amazon-smile","status":"publish","type":"page","link":"https:\/\/transformiran.com\/es\/donar\/donar-con-amazon-smile\/","title":{"rendered":"Donar con Amazon Smile"},"content":{"rendered":"\n<h2 class=\"wp-block-heading\">\u00bfQu\u00e9 es AmazonSmile?<\/h2>\n\n<p>AmazonSmile es una forma sencilla de apoyar a su organizaci\u00f3n ben\u00e9fica favorita cada vez que compra, sin coste alguno para usted. AmazonSmile est\u00e1 disponible en smile.amazon.com o smile.amazon.co.uk en su navegador web y puede activarse en la aplicaci\u00f3n Amazon Shopping para tel\u00e9fonos iOS y Android. Cuando compres en AmazonSmile, encontrar\u00e1s exactamente los mismos precios bajos, la misma amplia selecci\u00f3n y la misma c\u00f3moda experiencia de compra que en Amazon.com o Amazon.co.uk, con la ventaja a\u00f1adida de que AmazonSmile donar\u00e1 el 0,5% de tus compras elegibles a Transform Iran.<\/p>\n\n<p>Todo lo que tienes que hacer es visitar <a href=\"http:\/\/smile.amazon.com\/charitylists\" target=\"_blank\" rel=\"noreferrer noopener\">smile.amazon.com\/charitylists<\/a> o <a href=\"http:\/\/smile.amazon.com\/charitylists\" target=\"_blank\" rel=\"noreferrer noopener\">smile.amazon.co.uk\/charitylists<\/a> o tocar Listas de organizaciones ben\u00e9ficas en el men\u00fa &#8220;Programas y funciones&#8221; de la aplicaci\u00f3n Amazon Shopping de tu tel\u00e9fono m\u00f3vil y, a continuaci\u00f3n, buscar y seleccionar Transform Iran. (AmazonSmile est\u00e1 disponible para los clientes de Amazon que tengan la \u00faltima versi\u00f3n de la aplicaci\u00f3n Amazon Shopping en su tel\u00e9fono m\u00f3vil, incluidos los dispositivos Android con la versi\u00f3n 7.0+ o los dispositivos iOS con la versi\u00f3n 12+. Para activar AmazonSmile en la app Amazon Shopping, basta con tocar &#8220;AmazonSmile&#8221; dentro del men\u00fa Programas y caracter\u00edsticas o Ajustes y seguir las instrucciones en pantalla).<\/p>\n\n<p>Tu experiencia de compra no cambiar\u00e1 y no necesitas crear una nueva cuenta, pero esta simple acci\u00f3n te permitir\u00e1 ayudar a transformar Ir\u00e1n con cada compra que hagas.<\/p>\n\n<p>En su primera visita a AmazonSmile, se le pedir\u00e1 que seleccione una organizaci\u00f3n ben\u00e9fica para recibir donaciones de sus futuras compras elegibles en AmazonSmile. Amazon se acordar\u00e1 de la organizaci\u00f3n ben\u00e9fica que elijas cada vez que compres. AmazonSmile se pondr\u00e1 en contacto con usted ocasionalmente para informarle sobre las cantidades donadas a la organizaci\u00f3n ben\u00e9fica elegida o sobre el programa.<\/p>\n","protected":false},"excerpt":{"rendered":"<p>\u00bfQu\u00e9 es AmazonSmile? AmazonSmile es una forma sencilla de apoyar a su organizaci\u00f3n ben\u00e9fica favorita cada vez que compra, sin coste alguno para usted. AmazonSmile est\u00e1 disponible en smile.amazon.com o smile.amazon.co.uk en su navegador web y puede activarse en la aplicaci\u00f3n Amazon Shopping para tel\u00e9fonos iOS y Android. Cuando compres en AmazonSmile, encontrar\u00e1s exactamente los [&hellip;]<\/p>\n","protected":false},"author":1,"featured_media":0,"parent":11575,"menu_order":0,"comment_status":"closed","ping_status":"closed","template":"page-basic.php","meta":{"_acf_changed":false,"give_campaign_id":0,"om_disable_all_campaigns":false,"_mi_skip_tracking":false,"footnotes":""},"class_list":["post-11850","page","type-page","status-publish","hentry"],"acf":[],"yoast_head":"<!-- This site is optimized with the Yoast SEO plugin v27.3 - https:\/\/yoast.com\/product\/yoast-seo-wordpress\/ -->\n<title>Donar con Amazon Smile - Transform Iran<\/title>\n<meta name=\"robots\" content=\"index, follow, max-snippet:-1, max-image-preview:large, max-video-preview:-1\" \/>\n<link rel=\"canonical\" href=\"https:\/\/transformiran.com\/es\/donar\/donar-con-amazon-smile\/\" \/>\n<meta property=\"og:locale\" content=\"es_ES\" \/>\n<meta property=\"og:type\" content=\"article\" \/>\n<meta property=\"og:title\" content=\"Donar con Amazon Smile - Transform Iran\" \/>\n<meta property=\"og:description\" content=\"\u00bfQu\u00e9 es AmazonSmile? AmazonSmile es una forma sencilla de apoyar a su organizaci\u00f3n ben\u00e9fica favorita cada vez que compra, sin coste alguno para usted. AmazonSmile est\u00e1 disponible en smile.amazon.com o smile.amazon.co.uk en su navegador web y puede activarse en la aplicaci\u00f3n Amazon Shopping para tel\u00e9fonos iOS y Android. Cuando compres en AmazonSmile, encontrar\u00e1s exactamente los [&hellip;]\" \/>\n<meta property=\"og:url\" content=\"https:\/\/transformiran.com\/es\/donar\/donar-con-amazon-smile\/\" \/>\n<meta property=\"og:site_name\" content=\"Transform Iran\" \/>\n<meta property=\"article:publisher\" content=\"https:\/\/www.facebook.com\/222MinistriesUSAInc\" \/>\n<meta property=\"article:modified_time\" content=\"2025-04-02T10:05:29+00:00\" \/>\n<meta name=\"twitter:card\" content=\"summary_large_image\" \/>\n<meta name=\"twitter:site\" content=\"@222minint\" \/>\n<meta name=\"twitter:label1\" content=\"Tiempo de lectura\" \/>\n\t<meta name=\"twitter:data1\" content=\"2 minutos\" \/>\n<script type=\"application\/ld+json\" class=\"yoast-schema-graph\">{\"@context\":\"https:\\\/\\\/schema.org\",\"@graph\":[{\"@type\":\"WebPage\",\"@id\":\"https:\\\/\\\/transformiran.com\\\/es\\\/donar\\\/donar-con-amazon-smile\\\/\",\"url\":\"https:\\\/\\\/transformiran.com\\\/es\\\/donar\\\/donar-con-amazon-smile\\\/\",\"name\":\"Donar con Amazon Smile - Transform Iran\",\"isPartOf\":{\"@id\":\"https:\\\/\\\/transformiran.com\\\/es\\\/#website\"},\"datePublished\":\"2022-11-04T11:14:43+00:00\",\"dateModified\":\"2025-04-02T10:05:29+00:00\",\"breadcrumb\":{\"@id\":\"https:\\\/\\\/transformiran.com\\\/es\\\/donar\\\/donar-con-amazon-smile\\\/#breadcrumb\"},\"inLanguage\":\"es\",\"potentialAction\":[{\"@type\":\"ReadAction\",\"target\":[\"https:\\\/\\\/transformiran.com\\\/es\\\/donar\\\/donar-con-amazon-smile\\\/\"]}]},{\"@type\":\"BreadcrumbList\",\"@id\":\"https:\\\/\\\/transformiran.com\\\/es\\\/donar\\\/donar-con-amazon-smile\\\/#breadcrumb\",\"itemListElement\":[{\"@type\":\"ListItem\",\"position\":1,\"name\":\"Home\",\"item\":\"https:\\\/\\\/transformiran.com\\\/es\\\/inicio-2\\\/\"},{\"@type\":\"ListItem\",\"position\":2,\"name\":\"Dona\",\"item\":\"https:\\\/\\\/transformiran.com\\\/es\\\/donate\\\/\"},{\"@type\":\"ListItem\",\"position\":3,\"name\":\"Donar con Amazon Smile\"}]},{\"@type\":\"WebSite\",\"@id\":\"https:\\\/\\\/transformiran.com\\\/es\\\/#website\",\"url\":\"https:\\\/\\\/transformiran.com\\\/es\\\/\",\"name\":\"Transform Iran\",\"description\":\"Bringing the love and power of Christ to Iran - and beyond\",\"publisher\":{\"@id\":\"https:\\\/\\\/transformiran.com\\\/es\\\/#organization\"},\"potentialAction\":[{\"@type\":\"SearchAction\",\"target\":{\"@type\":\"EntryPoint\",\"urlTemplate\":\"https:\\\/\\\/transformiran.com\\\/es\\\/?s={search_term_string}\"},\"query-input\":{\"@type\":\"PropertyValueSpecification\",\"valueRequired\":true,\"valueName\":\"search_term_string\"}}],\"inLanguage\":\"es\"},{\"@type\":\"Organization\",\"@id\":\"https:\\\/\\\/transformiran.com\\\/es\\\/#organization\",\"name\":\"Transform Iran\",\"url\":\"https:\\\/\\\/transformiran.com\\\/es\\\/\",\"logo\":{\"@type\":\"ImageObject\",\"inLanguage\":\"es\",\"@id\":\"https:\\\/\\\/transformiran.com\\\/es\\\/#\\\/schema\\\/logo\\\/image\\\/\",\"url\":\"https:\\\/\\\/transformiran.com\\\/app\\\/uploads\\\/2022\\\/11\\\/logo_grey.jpg\",\"contentUrl\":\"https:\\\/\\\/transformiran.com\\\/app\\\/uploads\\\/2022\\\/11\\\/logo_grey.jpg\",\"width\":528,\"height\":90,\"caption\":\"Transform Iran\"},\"image\":{\"@id\":\"https:\\\/\\\/transformiran.com\\\/es\\\/#\\\/schema\\\/logo\\\/image\\\/\"},\"sameAs\":[\"https:\\\/\\\/www.facebook.com\\\/222MinistriesUSAInc\",\"https:\\\/\\\/x.com\\\/222minint\",\"https:\\\/\\\/www.instagram.com\\\/222ministriesinternational\\\/\"]}]}<\/script>\n<!-- \/ Yoast SEO plugin. -->","yoast_head_json":{"title":"Donar con Amazon Smile - Transform Iran","robots":{"index":"index","follow":"follow","max-snippet":"max-snippet:-1","max-image-preview":"max-image-preview:large","max-video-preview":"max-video-preview:-1"},"canonical":"https:\/\/transformiran.com\/es\/donar\/donar-con-amazon-smile\/","og_locale":"es_ES","og_type":"article","og_title":"Donar con Amazon Smile - Transform Iran","og_description":"\u00bfQu\u00e9 es AmazonSmile? AmazonSmile es una forma sencilla de apoyar a su organizaci\u00f3n ben\u00e9fica favorita cada vez que compra, sin coste alguno para usted. AmazonSmile est\u00e1 disponible en smile.amazon.com o smile.amazon.co.uk en su navegador web y puede activarse en la aplicaci\u00f3n Amazon Shopping para tel\u00e9fonos iOS y Android. Cuando compres en AmazonSmile, encontrar\u00e1s exactamente los [&hellip;]","og_url":"https:\/\/transformiran.com\/es\/donar\/donar-con-amazon-smile\/","og_site_name":"Transform Iran","article_publisher":"https:\/\/www.facebook.com\/222MinistriesUSAInc","article_modified_time":"2025-04-02T10:05:29+00:00","twitter_card":"summary_large_image","twitter_site":"@222minint","twitter_misc":{"Tiempo de lectura":"2 minutos"},"schema":{"@context":"https:\/\/schema.org","@graph":[{"@type":"WebPage","@id":"https:\/\/transformiran.com\/es\/donar\/donar-con-amazon-smile\/","url":"https:\/\/transformiran.com\/es\/donar\/donar-con-amazon-smile\/","name":"Donar con Amazon Smile - Transform Iran","isPartOf":{"@id":"https:\/\/transformiran.com\/es\/#website"},"datePublished":"2022-11-04T11:14:43+00:00","dateModified":"2025-04-02T10:05:29+00:00","breadcrumb":{"@id":"https:\/\/transformiran.com\/es\/donar\/donar-con-amazon-smile\/#breadcrumb"},"inLanguage":"es","potentialAction":[{"@type":"ReadAction","target":["https:\/\/transformiran.com\/es\/donar\/donar-con-amazon-smile\/"]}]},{"@type":"BreadcrumbList","@id":"https:\/\/transformiran.com\/es\/donar\/donar-con-amazon-smile\/#breadcrumb","itemListElement":[{"@type":"ListItem","position":1,"name":"Home","item":"https:\/\/transformiran.com\/es\/inicio-2\/"},{"@type":"ListItem","position":2,"name":"Dona","item":"https:\/\/transformiran.com\/es\/donate\/"},{"@type":"ListItem","position":3,"name":"Donar con Amazon Smile"}]},{"@type":"WebSite","@id":"https:\/\/transformiran.com\/es\/#website","url":"https:\/\/transformiran.com\/es\/","name":"Transform Iran","description":"Bringing the love and power of Christ to Iran - and beyond","publisher":{"@id":"https:\/\/transformiran.com\/es\/#organization"},"potentialAction":[{"@type":"SearchAction","target":{"@type":"EntryPoint","urlTemplate":"https:\/\/transformiran.com\/es\/?s={search_term_string}"},"query-input":{"@type":"PropertyValueSpecification","valueRequired":true,"valueName":"search_term_string"}}],"inLanguage":"es"},{"@type":"Organization","@id":"https:\/\/transformiran.com\/es\/#organization","name":"Transform Iran","url":"https:\/\/transformiran.com\/es\/","logo":{"@type":"ImageObject","inLanguage":"es","@id":"https:\/\/transformiran.com\/es\/#\/schema\/logo\/image\/","url":"https:\/\/transformiran.com\/app\/uploads\/2022\/11\/logo_grey.jpg","contentUrl":"https:\/\/transformiran.com\/app\/uploads\/2022\/11\/logo_grey.jpg","width":528,"height":90,"caption":"Transform Iran"},"image":{"@id":"https:\/\/transformiran.com\/es\/#\/schema\/logo\/image\/"},"sameAs":["https:\/\/www.facebook.com\/222MinistriesUSAInc","https:\/\/x.com\/222minint","https:\/\/www.instagram.com\/222ministriesinternational\/"]}]}},"campaignId":"","_links":{"self":[{"href":"https:\/\/transformiran.com\/es\/wp-json\/wp\/v2\/pages\/11850","targetHints":{"allow":["GET"]}}],"collection":[{"href":"https:\/\/transformiran.com\/es\/wp-json\/wp\/v2\/pages"}],"about":[{"href":"https:\/\/transformiran.com\/es\/wp-json\/wp\/v2\/types\/page"}],"author":[{"embeddable":true,"href":"https:\/\/transformiran.com\/es\/wp-json\/wp\/v2\/users\/1"}],"replies":[{"embeddable":true,"href":"https:\/\/transformiran.com\/es\/wp-json\/wp\/v2\/comments?post=11850"}],"version-history":[{"count":0,"href":"https:\/\/transformiran.com\/es\/wp-json\/wp\/v2\/pages\/11850\/revisions"}],"up":[{"embeddable":true,"href":"https:\/\/transformiran.com\/es\/wp-json\/wp\/v2\/pages\/11575"}],"wp:attachment":[{"href":"https:\/\/transformiran.com\/es\/wp-json\/wp\/v2\/media?parent=11850"}],"curies":[{"name":"wp","href":"https:\/\/api.w.org\/{rel}","templated":true}]}}