{"id":11854,"date":"2022-11-03T12:23:11","date_gmt":"2022-11-03T12:23:11","guid":{"rendered":"https:\/\/transformiran.com\/nuestro-trabajo\/afganistan\/"},"modified":"2025-04-02T10:55:59","modified_gmt":"2025-04-02T09:55:59","slug":"afganistan","status":"publish","type":"page","link":"https:\/\/transformiran.com\/es\/nuestro-trabajo\/afganistan\/","title":{"rendered":"Afganist\u00e1n"},"content":{"rendered":"\n<p>\u00bfPor qu\u00e9 iba a importarle a una organizaci\u00f3n centrada en Ir\u00e1n lo que ocurra en Afganist\u00e1n?  <\/p>\n\n<p>Hay m\u00e1s de dos millones de afganos en Ir\u00e1n; muchos son refugiados. De hecho, Ir\u00e1n acoge a una de las mayores poblaciones de refugiados del mundo y la gran mayor\u00eda de ellos proceden de Afganist\u00e1n. Hay unos 800.000 refugiados afganos registrados, pero m\u00e1s de dos millones indocumentados.  <\/p>\n\n<p>Los afganos constituyen una parte significativa de la diversidad \u00e9tnica de Ir\u00e1n. Su lengua, el dari, es muy parecida al farsi. Con una lengua com\u00fan y tantos viviendo entre nosotros, los afganos son absolutamente parte de nuestra vocaci\u00f3n. Adem\u00e1s, los afganos sufren grandes maltratos en Ir\u00e1n. \u00c9xodo 22:21 advierte al pueblo de Dios que no debe maltratar ni oprimir a los extranjeros\/extranjeros que viven en su tierra. Amnist\u00eda Internacional ha documentado muchos ejemplos aleccionadores de malos tratos infligidos a afganos por las autoridades iran\u00edes. La Iglesia debe ser diferente.  <\/p>\n\n<p>Fortalecer la Iglesia afgana no s\u00f3lo apoya a una hermosa comunidad de creyentes en Afganist\u00e1n, sino que sabemos que tambi\u00e9n fortalecer\u00e1 en \u00faltima instancia a la Iglesia iran\u00ed. Vemos el d\u00eda en que los iran\u00edes ir\u00e1n a Afganist\u00e1n como misioneros y los creyentes afganos har\u00e1n lo mismo en Ir\u00e1n. Nuestras comunidades est\u00e1n entrelazadas.  <\/p>\n\n<p>Transform Iran llega a los afganos con el evangelio, apoya a las v\u00edctimas de la persecuci\u00f3n que han escapado, discipula a nuevos conversos y desarrolla l\u00edderes. Nuestra familia en Afganist\u00e1n est\u00e1 formada por siete iglesias en diferentes distritos.  <\/p>\n\n<p>En febrero de 2021, la direcci\u00f3n de Transform Iran recibi\u00f3 una palabra prof\u00e9tica que nos advert\u00eda de la inminente ca\u00edda de Kabul. Gracias a este aviso previo, seis meses antes de que se produjeran los hechos, pudimos prepararnos. La mayor\u00eda de nuestro equipo no ten\u00eda pasaporte. Tuvimos tiempo de preparar la documentaci\u00f3n necesaria para reubicar con seguridad a quienes quer\u00edan marcharse. Algunos insistieron en que quer\u00edan quedarse y ser una luz en la oscuridad que se avecinaba. Pudimos prepararnos para su seguridad reubic\u00e1ndonos dentro del pa\u00eds en caso necesario, proporcionando mejores equipos de comunicaci\u00f3n y prepar\u00e1ndonos para ayudar con ayuda alimentaria. Tras la gran retirada y el virtual aislamiento de los talibanes, los despidos y las quiebras se han disparado. La pobreza es despiadada (incluso para las familias educadas y normalmente bien asalariadas). Las mujeres, que eran el principal sustento de muchos hogares, se han quedado confinadas en casa y toda la familia se resiente.  <\/p>\n\n<p>Desde el colapso de agosto de 2021, hemos estado prestando apoyo a la Iglesia dentro de Afganist\u00e1n, as\u00ed como a las familias cristianas desplazadas y a los solicitantes musulmanes vinculados a ellas. Nuestra misi\u00f3n inmediata es apoyar a los cristianos afganos dispersos y ocultos dentro y fuera de Afganist\u00e1n con ayuda humanitaria esencial que les permita sobrevivir, volver a ponerse en pie, les devuelva la esperanza y los reanime a alcanzar su naci\u00f3n para Cristo. En la medida de lo posible, tambi\u00e9n apoyamos a los amigos no cristianos de los cristianos afganos que luchan, mostr\u00e1ndoles el poder del amor incondicional de Cristo, y para verles llegar a la salvaci\u00f3n y ser discipulados.  <\/p>\n\n<p>Transform Iran ha proporcionado ayuda humanitaria a casi 1.700 afganos, m\u00e1s de 1.000 en el propio pa\u00eds. Esto incluye alimentos, material de higiene, calefacci\u00f3n de invierno, alquiler, gastos de evacuaci\u00f3n, urgencias m\u00e9dicas, medicamentos y transporte.  <\/p>\n\n<blockquote class=\"wp-block-quote is-layout-flow wp-block-quote-is-layout-flow\"><p>Desde el d\u00eda en que nos lleg\u00f3 su ayuda, puedo decir sinceramente que en mi vida ha habido un despertar; incluso un renacimiento. Mi familia est\u00e1 constantemente llena de alegr\u00eda. Alabado sea Dios porque a su manera la ayuda siempre nos llega en el momento oportuno. Al igual que el pastor conduce su reba\u00f1o a trav\u00e9s del desierto y cuida de cada una de sus ovejas, del mismo modo, nos sentimos humildes al decir que en Afganist\u00e1n, en estas dif\u00edciles circunstancias, Dios no nos abandona.  <\/p><p>Antes, mi mujer estaba enferma con una ansiedad terrible para todos nosotros. Nuestro estado de vida no era realmente bueno. Todos est\u00e1bamos sumidos en una profunda tristeza, pero ahora, desde el d\u00eda en que llegamos a la fe en Cristo y Dios nos tom\u00f3 de la mano, incluso la grave ansiedad de mi esposa se ha calmado y sus dolencias f\u00edsicas tambi\u00e9n se han curado.<\/p><\/blockquote>\n","protected":false},"excerpt":{"rendered":"<p>\u00bfPor qu\u00e9 iba a importarle a una organizaci\u00f3n centrada en Ir\u00e1n lo que ocurra en Afganist\u00e1n? Hay m\u00e1s de dos millones de afganos en Ir\u00e1n; muchos son refugiados. De hecho, Ir\u00e1n acoge a una de las mayores poblaciones de refugiados del mundo y la gran mayor\u00eda de ellos proceden de Afganist\u00e1n. Hay unos 800.000 refugiados [&hellip;]<\/p>\n","protected":false},"author":1,"featured_media":0,"parent":11602,"menu_order":0,"comment_status":"closed","ping_status":"closed","template":"page-work.php","meta":{"_acf_changed":false,"give_campaign_id":0,"om_disable_all_campaigns":false,"_mi_skip_tracking":false,"footnotes":""},"class_list":["post-11854","page","type-page","status-publish","hentry"],"acf":[],"yoast_head":"<!-- This site is optimized with the Yoast SEO plugin v27.3 - https:\/\/yoast.com\/product\/yoast-seo-wordpress\/ -->\n<title>Afganist\u00e1n - Transform Iran<\/title>\n<meta name=\"robots\" content=\"index, follow, max-snippet:-1, max-image-preview:large, max-video-preview:-1\" \/>\n<link rel=\"canonical\" href=\"https:\/\/transformiran.com\/es\/nuestro-trabajo\/afganistan\/\" \/>\n<meta property=\"og:locale\" content=\"es_ES\" \/>\n<meta property=\"og:type\" content=\"article\" \/>\n<meta property=\"og:title\" content=\"Afganist\u00e1n - Transform Iran\" \/>\n<meta property=\"og:description\" content=\"\u00bfPor qu\u00e9 iba a importarle a una organizaci\u00f3n centrada en Ir\u00e1n lo que ocurra en Afganist\u00e1n? Hay m\u00e1s de dos millones de afganos en Ir\u00e1n; muchos son refugiados. De hecho, Ir\u00e1n acoge a una de las mayores poblaciones de refugiados del mundo y la gran mayor\u00eda de ellos proceden de Afganist\u00e1n. Hay unos 800.000 refugiados [&hellip;]\" \/>\n<meta property=\"og:url\" content=\"https:\/\/transformiran.com\/es\/nuestro-trabajo\/afganistan\/\" \/>\n<meta property=\"og:site_name\" content=\"Transform Iran\" \/>\n<meta property=\"article:publisher\" content=\"https:\/\/www.facebook.com\/222MinistriesUSAInc\" \/>\n<meta property=\"article:modified_time\" content=\"2025-04-02T09:55:59+00:00\" \/>\n<meta name=\"twitter:card\" content=\"summary_large_image\" \/>\n<meta name=\"twitter:site\" content=\"@222minint\" \/>\n<meta name=\"twitter:label1\" content=\"Tiempo de lectura\" \/>\n\t<meta name=\"twitter:data1\" content=\"4 minutos\" \/>\n<script type=\"application\/ld+json\" class=\"yoast-schema-graph\">{\"@context\":\"https:\\\/\\\/schema.org\",\"@graph\":[{\"@type\":\"WebPage\",\"@id\":\"https:\\\/\\\/transformiran.com\\\/es\\\/nuestro-trabajo\\\/afganistan\\\/\",\"url\":\"https:\\\/\\\/transformiran.com\\\/es\\\/nuestro-trabajo\\\/afganistan\\\/\",\"name\":\"Afganist\u00e1n - Transform Iran\",\"isPartOf\":{\"@id\":\"https:\\\/\\\/transformiran.com\\\/es\\\/#website\"},\"datePublished\":\"2022-11-03T12:23:11+00:00\",\"dateModified\":\"2025-04-02T09:55:59+00:00\",\"breadcrumb\":{\"@id\":\"https:\\\/\\\/transformiran.com\\\/es\\\/nuestro-trabajo\\\/afganistan\\\/#breadcrumb\"},\"inLanguage\":\"es\",\"potentialAction\":[{\"@type\":\"ReadAction\",\"target\":[\"https:\\\/\\\/transformiran.com\\\/es\\\/nuestro-trabajo\\\/afganistan\\\/\"]}]},{\"@type\":\"BreadcrumbList\",\"@id\":\"https:\\\/\\\/transformiran.com\\\/es\\\/nuestro-trabajo\\\/afganistan\\\/#breadcrumb\",\"itemListElement\":[{\"@type\":\"ListItem\",\"position\":1,\"name\":\"Home\",\"item\":\"https:\\\/\\\/transformiran.com\\\/es\\\/inicio-2\\\/\"},{\"@type\":\"ListItem\",\"position\":2,\"name\":\"Nuestro trabajo\",\"item\":\"https:\\\/\\\/transformiran.com\\\/es\\\/nuestro-trabajo\\\/\"},{\"@type\":\"ListItem\",\"position\":3,\"name\":\"Afganist\u00e1n\"}]},{\"@type\":\"WebSite\",\"@id\":\"https:\\\/\\\/transformiran.com\\\/es\\\/#website\",\"url\":\"https:\\\/\\\/transformiran.com\\\/es\\\/\",\"name\":\"Transform Iran\",\"description\":\"Bringing the love and power of Christ to Iran - and beyond\",\"publisher\":{\"@id\":\"https:\\\/\\\/transformiran.com\\\/es\\\/#organization\"},\"potentialAction\":[{\"@type\":\"SearchAction\",\"target\":{\"@type\":\"EntryPoint\",\"urlTemplate\":\"https:\\\/\\\/transformiran.com\\\/es\\\/?s={search_term_string}\"},\"query-input\":{\"@type\":\"PropertyValueSpecification\",\"valueRequired\":true,\"valueName\":\"search_term_string\"}}],\"inLanguage\":\"es\"},{\"@type\":\"Organization\",\"@id\":\"https:\\\/\\\/transformiran.com\\\/es\\\/#organization\",\"name\":\"Transform Iran\",\"url\":\"https:\\\/\\\/transformiran.com\\\/es\\\/\",\"logo\":{\"@type\":\"ImageObject\",\"inLanguage\":\"es\",\"@id\":\"https:\\\/\\\/transformiran.com\\\/es\\\/#\\\/schema\\\/logo\\\/image\\\/\",\"url\":\"https:\\\/\\\/transformiran.com\\\/app\\\/uploads\\\/2022\\\/11\\\/logo_grey.jpg\",\"contentUrl\":\"https:\\\/\\\/transformiran.com\\\/app\\\/uploads\\\/2022\\\/11\\\/logo_grey.jpg\",\"width\":528,\"height\":90,\"caption\":\"Transform Iran\"},\"image\":{\"@id\":\"https:\\\/\\\/transformiran.com\\\/es\\\/#\\\/schema\\\/logo\\\/image\\\/\"},\"sameAs\":[\"https:\\\/\\\/www.facebook.com\\\/222MinistriesUSAInc\",\"https:\\\/\\\/x.com\\\/222minint\",\"https:\\\/\\\/www.instagram.com\\\/222ministriesinternational\\\/\"]}]}<\/script>\n<!-- \/ Yoast SEO plugin. -->","yoast_head_json":{"title":"Afganist\u00e1n - Transform Iran","robots":{"index":"index","follow":"follow","max-snippet":"max-snippet:-1","max-image-preview":"max-image-preview:large","max-video-preview":"max-video-preview:-1"},"canonical":"https:\/\/transformiran.com\/es\/nuestro-trabajo\/afganistan\/","og_locale":"es_ES","og_type":"article","og_title":"Afganist\u00e1n - Transform Iran","og_description":"\u00bfPor qu\u00e9 iba a importarle a una organizaci\u00f3n centrada en Ir\u00e1n lo que ocurra en Afganist\u00e1n? Hay m\u00e1s de dos millones de afganos en Ir\u00e1n; muchos son refugiados. De hecho, Ir\u00e1n acoge a una de las mayores poblaciones de refugiados del mundo y la gran mayor\u00eda de ellos proceden de Afganist\u00e1n. Hay unos 800.000 refugiados [&hellip;]","og_url":"https:\/\/transformiran.com\/es\/nuestro-trabajo\/afganistan\/","og_site_name":"Transform Iran","article_publisher":"https:\/\/www.facebook.com\/222MinistriesUSAInc","article_modified_time":"2025-04-02T09:55:59+00:00","twitter_card":"summary_large_image","twitter_site":"@222minint","twitter_misc":{"Tiempo de lectura":"4 minutos"},"schema":{"@context":"https:\/\/schema.org","@graph":[{"@type":"WebPage","@id":"https:\/\/transformiran.com\/es\/nuestro-trabajo\/afganistan\/","url":"https:\/\/transformiran.com\/es\/nuestro-trabajo\/afganistan\/","name":"Afganist\u00e1n - Transform Iran","isPartOf":{"@id":"https:\/\/transformiran.com\/es\/#website"},"datePublished":"2022-11-03T12:23:11+00:00","dateModified":"2025-04-02T09:55:59+00:00","breadcrumb":{"@id":"https:\/\/transformiran.com\/es\/nuestro-trabajo\/afganistan\/#breadcrumb"},"inLanguage":"es","potentialAction":[{"@type":"ReadAction","target":["https:\/\/transformiran.com\/es\/nuestro-trabajo\/afganistan\/"]}]},{"@type":"BreadcrumbList","@id":"https:\/\/transformiran.com\/es\/nuestro-trabajo\/afganistan\/#breadcrumb","itemListElement":[{"@type":"ListItem","position":1,"name":"Home","item":"https:\/\/transformiran.com\/es\/inicio-2\/"},{"@type":"ListItem","position":2,"name":"Nuestro trabajo","item":"https:\/\/transformiran.com\/es\/nuestro-trabajo\/"},{"@type":"ListItem","position":3,"name":"Afganist\u00e1n"}]},{"@type":"WebSite","@id":"https:\/\/transformiran.com\/es\/#website","url":"https:\/\/transformiran.com\/es\/","name":"Transform Iran","description":"Bringing the love and power of Christ to Iran - and beyond","publisher":{"@id":"https:\/\/transformiran.com\/es\/#organization"},"potentialAction":[{"@type":"SearchAction","target":{"@type":"EntryPoint","urlTemplate":"https:\/\/transformiran.com\/es\/?s={search_term_string}"},"query-input":{"@type":"PropertyValueSpecification","valueRequired":true,"valueName":"search_term_string"}}],"inLanguage":"es"},{"@type":"Organization","@id":"https:\/\/transformiran.com\/es\/#organization","name":"Transform Iran","url":"https:\/\/transformiran.com\/es\/","logo":{"@type":"ImageObject","inLanguage":"es","@id":"https:\/\/transformiran.com\/es\/#\/schema\/logo\/image\/","url":"https:\/\/transformiran.com\/app\/uploads\/2022\/11\/logo_grey.jpg","contentUrl":"https:\/\/transformiran.com\/app\/uploads\/2022\/11\/logo_grey.jpg","width":528,"height":90,"caption":"Transform Iran"},"image":{"@id":"https:\/\/transformiran.com\/es\/#\/schema\/logo\/image\/"},"sameAs":["https:\/\/www.facebook.com\/222MinistriesUSAInc","https:\/\/x.com\/222minint","https:\/\/www.instagram.com\/222ministriesinternational\/"]}]}},"campaignId":"","_links":{"self":[{"href":"https:\/\/transformiran.com\/es\/wp-json\/wp\/v2\/pages\/11854","targetHints":{"allow":["GET"]}}],"collection":[{"href":"https:\/\/transformiran.com\/es\/wp-json\/wp\/v2\/pages"}],"about":[{"href":"https:\/\/transformiran.com\/es\/wp-json\/wp\/v2\/types\/page"}],"author":[{"embeddable":true,"href":"https:\/\/transformiran.com\/es\/wp-json\/wp\/v2\/users\/1"}],"replies":[{"embeddable":true,"href":"https:\/\/transformiran.com\/es\/wp-json\/wp\/v2\/comments?post=11854"}],"version-history":[{"count":0,"href":"https:\/\/transformiran.com\/es\/wp-json\/wp\/v2\/pages\/11854\/revisions"}],"up":[{"embeddable":true,"href":"https:\/\/transformiran.com\/es\/wp-json\/wp\/v2\/pages\/11602"}],"wp:attachment":[{"href":"https:\/\/transformiran.com\/es\/wp-json\/wp\/v2\/media?parent=11854"}],"curies":[{"name":"wp","href":"https:\/\/api.w.org\/{rel}","templated":true}]}}