{"id":11860,"date":"2022-11-04T11:02:40","date_gmt":"2022-11-04T11:02:40","guid":{"rendered":"https:\/\/transformiran.com\/nuestra-historia\/"},"modified":"2026-04-10T00:30:10","modified_gmt":"2026-04-09T23:30:10","slug":"nuestra-historia","status":"publish","type":"page","link":"https:\/\/transformiran.com\/es\/nuestra-historia\/","title":{"rendered":"Nuestra historia"},"content":{"rendered":"\n<p><\/p>\n\n<h2 class=\"wp-block-heading\">Un legado de fe: La historia detr\u00e1s de Transform Iran<\/h2>\n\n<p>L\u00e1zaro y Maggie Yeghnazar nacieron y crecieron en Ir\u00e1n y han servido a la Iglesia iran\u00ed toda su vida. En 1988, sintieron la llamada de Dios para trasladar a su joven familia al oeste. Fue una decisi\u00f3n con la que lucharon, ya que sus corazones estaban ligados a Ir\u00e1n y a la Iglesia cada vez m\u00e1s perseguida en ese pa\u00eds. En sus propias palabras, &#8220;no quer\u00edamos abandonar a nuestro reba\u00f1o&#8221;. Sin embargo, a trav\u00e9s de una serie de intervenciones sobrenaturales, Dios les dej\u00f3 claro, a ellos y a los pastores que respetaban, que \u00c9l ten\u00eda un plan diferente para ellos.  <\/p>\n\n<h3 class=\"wp-block-heading\">Un mandato prof\u00e9tico<\/h3>\n\n<p>Obedeciendo, se marcharon a Europa en 1988. Despu\u00e9s de su traslado, Dios habl\u00f3:<\/p>\n\n<p><\/p>\n\n<blockquote class=\"wp-block-quote is-layout-flow wp-block-quote-is-layout-flow\">\n<p>La Iglesia de Ir\u00e1n pronto pasar\u00e1 a la clandestinidad. Pero un d\u00eda Ir\u00e1n se abrir\u00e1 al Evangelio. Tu misi\u00f3n es ayudar a la Iglesia iran\u00ed a prepararse para esta apertura y para la cosecha que traer\u00e1 consigo. Suscita l\u00edderes que puedan pasar el testigo y suscitar a otros. Prepara a los obreros. Prepara a la gente.     <\/p>\n<\/blockquote>\n\n<p><\/p>\n\n<h3 class=\"wp-block-heading\">Unir a una Iglesia dispersa<\/h3>\n\n<p><\/p>\n\n<p>Empezaron reuniendo al creciente n\u00famero de cristianos iran\u00edes que emigraban a Occidente, reuni\u00e9ndolos y reencant\u00e1ndolos con su pa\u00eds, Ir\u00e1n. En 1991, reunieron a un gran n\u00famero de cristianos iran\u00edes dispersos en una conferencia en Dinamarca. Esto se convirti\u00f3 en un tiempo significativo de compa\u00f1erismo y discipulado mientras oraban y escuchaban a Dios juntos. A medida que la comunidad crec\u00eda, Lazarus y Maggie vieron la necesidad de establecer un nombre com\u00fan que uniera a todas las partes. Mientras rezaban, sintieron que Dios imprim\u00eda &#8220;2, 2, 2&#8221; en sus corazones. Buscaron en la Biblia y descubrieron que 2 Timoteo 2:2 expon\u00eda claramente la visi\u00f3n del ministerio que se les hab\u00eda encomendado:<\/p>\n\n<p><\/p>\n\n<blockquote class=\"wp-block-quote is-layout-flow wp-block-quote-is-layout-flow\">\n<p>&#8230;y las cosas que me hab\u00e9is o\u00eddo decir en presencia de muchos testigos confiadlas a hombres de confianza que tambi\u00e9n est\u00e9n capacitados para ense\u00f1ar a otros.  <\/p>\n<\/blockquote>\n\n<p><\/p>\n\n<p>Este deb\u00eda ser un ministerio que viera, visualizara, comisionara y equipara a personas para el ministerio hacia Ir\u00e1n. Personas que luego har\u00edan lo mismo por los dem\u00e1s, y as\u00ed fue como la obra recibi\u00f3 el nombre de &#8220;222 Ministerios&#8221;.<\/p>\n\n<p><\/p>\n\n<p>Durante m\u00e1s de tres d\u00e9cadas, trabajaron y sirvieron juntos como 222 Ministries, creciendo en impacto y en visi\u00f3n. En 2022, qued\u00f3 claro que, aunque el discipulado y el desarrollo del liderazgo segu\u00edan siendo el n\u00facleo del trabajo, la visi\u00f3n hab\u00eda crecido para ver la transformaci\u00f3n en todo Ir\u00e1n.  <\/p>\n\n<p><\/p>\n\n<p>En noviembre de 2022, &#8220;222 Ministries&#8221; se convirti\u00f3 en &#8220;Transform Iran&#8221; y las m\u00e1s de 100 iglesias de toda la red se unieron bajo el estandarte de &#8220;222 Churches&#8221;, recordando el mandato de discipular a personas que discipular\u00e1n a otras a medida que la Iglesia se expanda.<\/p>\n\n<p><\/p>\n\n<h3 class=\"wp-block-heading\">Un movimiento que se multiplica<\/h3>\n\n<p>Transform Iran sigue formando a l\u00edderes para que planten iglesias con el objetivo de transformar la naci\u00f3n de Ir\u00e1n. A trav\u00e9s de este ministerio, y por la gracia de Dios, se han establecido iglesias en 17 naciones, incluidos cientos de iglesias clandestinas en Ir\u00e1n y siete en Afganist\u00e1n.   <strong>M\u00e1s de 100.000 se han convertido en seguidores de Cristo, miles han sido discipulados directamente y miles de l\u00edderes han sido formados y liberados para el ministerio.<\/strong><\/p>\n\n<p><\/p>\n\n<h3 class=\"wp-block-heading\">Innovar para llegar a todos los estratos de la sociedad<\/h3>\n\n<p>Transform Iran ha sido pionera en una amplia gama de iniciativas estrat\u00e9gicas y tiene el honor de haber allanado el camino para muchos otros ministerios, ya que juntos servimos a la naci\u00f3n de Ir\u00e1n. Entre ellas se incluyen la televisi\u00f3n cristiana en farsi, la iglesia digital en farsi, la apolog\u00e9tica en farsi, las noticias cristianas en farsi, as\u00ed como una amplia gama de otras actividades que garantizan que se llegue a todos los aspectos de la sociedad iran\u00ed con el poderoso mensaje del Evangelio.<\/p>\n\n<h2 class=\"wp-block-heading\">Conozca a los fundadores<\/h2>\n\n<figure class=\"wp-block-image size-full\"><img loading=\"lazy\" decoding=\"async\" width=\"1024\" height=\"683\" src=\"https:\/\/transformiran.com\/app\/uploads\/2022\/11\/laz2.jpeg\" alt=\"\" class=\"wp-image-6653\" style=\"aspect-ratio:16\/9;object-fit:cover\" srcset=\"https:\/\/transformiran.com\/app\/uploads\/2022\/11\/laz2.jpeg 1024w, https:\/\/transformiran.com\/app\/uploads\/2022\/11\/laz2-300x200.jpeg 300w, https:\/\/transformiran.com\/app\/uploads\/2022\/11\/laz2-768x512.jpeg 768w\" sizes=\"auto, (max-width: 1024px) 100vw, 1024px\" \/><\/figure>\n\n<h3 class=\"wp-block-heading\">LAZARO<\/h3>\n\n<h3 class=\"wp-block-heading\">Un pionero. Un estratega. Un l\u00edder que ve lo que hay que hacer y act\u00faa.  <\/h3>\n\n<p>L\u00e1zaro Yeghnazar naci\u00f3 en Teher\u00e1n (Ir\u00e1n) en 1949, en el seno de una familia cristiana armenia. A los seis a\u00f1os tuvo una visi\u00f3n de Jes\u00fas y dedic\u00f3 su vida a servirle. A los 21 a\u00f1os, L\u00e1zaro fue ordenado anciano en la Iglesia Central Jamaate Rabani de Teher\u00e1n y nombrado miembro de la direcci\u00f3n general de estas iglesias en todo Ir\u00e1n.<\/p>\n\n<p>A los 23 a\u00f1os, a pesar de haber aprendido ingl\u00e9s de forma autodidacta, Lazarus se convirti\u00f3 en jefe del departamento de traducci\u00f3n del Ministerio de Guerra de Ir\u00e1n y traductor oficial del Viceministro de Guerra de Ir\u00e1n.<\/p>\n\n<p>Fue encarcelado dos veces antes de cumplir los 25 a\u00f1os por predicar el Evangelio en distintas ciudades de Ir\u00e1n (en la \u00e9poca del sha). Tuvo una audiencia oficial con los Reyes de Ir\u00e1n a la edad de 27 a\u00f1os. A\u00f1os m\u00e1s tarde, por invitaci\u00f3n especial, se reuni\u00f3 y rez\u00f3 con el pr\u00edncipe coronado Reza Pahlavi (entonces en el exilio).<\/p>\n\n<p>Tras la Revoluci\u00f3n Isl\u00e1mica, cuando los rehenes fueron capturados en la embajada estadounidense, fue el \u00fanico al que se recurri\u00f3 para que dirigiera los servicios de Navidad y Pascua para los rehenes.<\/p>\n\n<p>Lazarus tambi\u00e9n fund\u00f3 Pars Link, una de las empresas de ingenier\u00eda electr\u00f3nica m\u00e1s punteras de Ir\u00e1n, y se convirti\u00f3 en un exitoso hombre de negocios internacional. A los 30 a\u00f1os, fund\u00f3 y dirigi\u00f3 la primera secci\u00f3n en Teher\u00e1n de la Fraternidad Internacional de Empresarios del Evangelio Completo.<\/p>\n\n<p>En 1988, tras el final de la guerra de ocho a\u00f1os entre Ir\u00e1n e Irak, L\u00e1zaro y Maggie sintieron la llamada de Dios para abandonar Ir\u00e1n y establecerse en Europa. En 1991 fundaron 222 Ministries en obediencia a la llamada de Dios. En 2022 &#8216;222 Ministerios&#8217; se convirti\u00f3 en &#8216;Transform Iran&#8217; para comunicar mejor la visi\u00f3n ampliada que hab\u00edan recibido del Se\u00f1or. En 2026, L\u00e1zaro traspas\u00f3 el liderazgo de Transform Iran a su hija, Lana, y continu\u00f3 sirviendo como Supervisor de 222 Churches. En su nuevo cargo, L\u00e1zaro dedica su tiempo a formar, orientar y liberar a pastores dotados y a supervisar los cientos de iglesias de la red Transform Iran. <\/p>\n\n<p>Lazarus tiene un esp\u00edritu pionero estrat\u00e9gico. Ve lo que est\u00e1 ocurriendo y lo que hay que hacer, y tiene el valor y la voz para dirigir donde otros dudan en ir.<\/p>\n\n<figure class=\"wp-block-image size-full\"><img loading=\"lazy\" decoding=\"async\" width=\"1024\" height=\"683\" src=\"https:\/\/transformiran.com\/app\/uploads\/2022\/11\/mag2.jpeg\" alt=\"\" class=\"wp-image-6654\" style=\"aspect-ratio:16\/9;object-fit:cover\" srcset=\"https:\/\/transformiran.com\/app\/uploads\/2022\/11\/mag2.jpeg 1024w, https:\/\/transformiran.com\/app\/uploads\/2022\/11\/mag2-300x200.jpeg 300w, https:\/\/transformiran.com\/app\/uploads\/2022\/11\/mag2-768x512.jpeg 768w\" sizes=\"auto, (max-width: 1024px) 100vw, 1024px\" \/><\/figure>\n\n<h3 class=\"wp-block-heading\">MAGGIE<\/h3>\n\n<h3 class=\"wp-block-heading\">Un profesor. Un te\u00f3logo. Una voz que da forma a generaciones.  <\/h3>\n\n<p>Maggie Yeghnazar (de soltera Minassian) naci\u00f3 en Teher\u00e1n (Ir\u00e1n) en 1953, en el seno de una familia armenia nominalmente cristiana. A los diez a\u00f1os acept\u00f3 a Jes\u00fas como su Se\u00f1or y Salvador y se sumergi\u00f3 en todos los aspectos de la vida espiritual y el servicio en la reci\u00e9n establecida Iglesia iran\u00ed de Teher\u00e1n.<\/p>\n\n<p>Desde su adolescencia, Maggie se comprometi\u00f3 a servir all\u00ed donde hubiera una necesidad. Su principal pasi\u00f3n siempre ha sido el estudio y la ense\u00f1anza de la palabra de Dios, un \u00e1rea de grandes dotes. Ha ense\u00f1ado en varias escuelas b\u00edblicas, conferencias y programas de televisi\u00f3n tanto dentro como fuera de Ir\u00e1n, ha buscado y traducido innumerables libros para edificar al cuerpo, y ha desarrollado cursos estrat\u00e9gicos de discipulado innovadores para la creciente Iglesia en Ir\u00e1n.<\/p>\n\n<p>Ministra ordenada, es una de las voces femeninas m\u00e1s destacadas de la Iglesia iran\u00ed y ha allanado el camino para que muchas mujeres se levanten y sean tenidas en cuenta en la misi\u00f3n. Sigue inspirando y orientando a hombres y mujeres de Ir\u00e1n y de la di\u00e1spora iran\u00ed para que sigan la llamada de Dios en sus vidas.<\/p>\n\n<p>En 1991 cofund\u00f3 222 Ministries con L\u00e1zaro, donde ha desempe\u00f1ado los cargos de miembro del Consejo, Directora del Instituto B\u00edblico, Directora de Mujeres y Directora de Publicaciones. Hoy dirige el camino como Directora de Teolog\u00eda y Planes de Estudio, asegur\u00e1ndose de que todos los productos y programas en crecimiento de Transform Iran sigan estando profundamente arraigados en una ense\u00f1anza b\u00edblica precisa. <\/p>\n\n<p>Maggie es licenciada en Literatura Inglesa por el Damavand College de Teher\u00e1n (Ir\u00e1n) y en Biblia y Teolog\u00eda.<\/p>\n\n<p>Es una l\u00edder, profesora y mentora dotada, innovadora y pionera, apasionada por la Palabra de Dios.<\/p>\n\n<h2 class=\"wp-block-heading\">Conoce al Presidente y Director General<\/h2>\n\n<figure class=\"wp-block-image size-large\"><img loading=\"lazy\" decoding=\"async\" width=\"1024\" height=\"683\" src=\"https:\/\/transformiran.com\/app\/uploads\/2026\/04\/Lana-Silk_1a-landscape-full-span-Large-1024x683.png\" alt=\"\" class=\"wp-image-37146\" style=\"aspect-ratio:16\/9;object-fit:cover\" srcset=\"https:\/\/transformiran.com\/app\/uploads\/2026\/04\/Lana-Silk_1a-landscape-full-span-Large-1024x683.png 1024w, https:\/\/transformiran.com\/app\/uploads\/2026\/04\/Lana-Silk_1a-landscape-full-span-Large-300x200.png 300w, https:\/\/transformiran.com\/app\/uploads\/2026\/04\/Lana-Silk_1a-landscape-full-span-Large-768x512.png 768w, https:\/\/transformiran.com\/app\/uploads\/2026\/04\/Lana-Silk_1a-landscape-full-span-Large.png 1280w\" sizes=\"auto, (max-width: 1024px) 100vw, 1024px\" \/><\/figure>\n\n<h3 class=\"wp-block-heading\">LANA<\/h3>\n\n<h3 class=\"wp-block-heading\">Un puente entre generaciones. Un l\u00edder para un momento como \u00e9ste. <\/h3>\n\n<p>Lana naci\u00f3 el &#8220;Viernes Negro&#8221; en Ir\u00e1n (8 de septiembre de 1978), el d\u00eda en que se produjeron las mayores muertes mientras los iran\u00edes marchaban y luchaban desesperadamente para establecer un r\u00e9gimen isl\u00e1mico en Ir\u00e1n. Pas\u00f3 sus primeros a\u00f1os creciendo en un Ir\u00e1n cada vez m\u00e1s &#8220;isl\u00e1mico&#8221;, donde la obligaban a gritar &#8220;\u00a1Muerte a Estados Unidos! Muerte a Israel!&#8221; todos los d\u00edas antes de empezar la jornada escolar. Cuando la familia emigr\u00f3 a Europa en julio de 1988, Lana sinti\u00f3 que su coraz\u00f3n se hab\u00eda quedado atr\u00e1s. Ten\u00eda una profunda convicci\u00f3n: <strong>Su futuro estaba ligado a Ir\u00e1n.<\/strong>   <\/p>\n\n<p>Sigui\u00f3 leyendo fielmente su Biblia en farsi, sabiendo que un d\u00eda el Se\u00f1or la llamar\u00eda a servir a la naci\u00f3n que ama tan profundamente.<\/p>\n\n<p><\/p>\n\n<p>A la edad de quince a\u00f1os, el d\u00eda en que Lana fue bautizada en agua, el Se\u00f1or imprimi\u00f3 de nuevo esta vocaci\u00f3n cuando la iglesia se vio sacudida por la noticia del martirio de su \u00edntimo amigo y respetado l\u00edder iran\u00ed, el reverendo Haik Hovsepian Mehr.  <\/p>\n\n<p>El Se\u00f1or habl\u00f3 claramente a Lana:  <\/p>\n\n<blockquote class=\"wp-block-quote is-layout-flow wp-block-quote-is-layout-flow\">\n<p>Que esto te recuerde que lo que acabas de hacer es declarar p\u00fablicamente que me seguir\u00e1s plena y completamente, cueste lo que cueste. Te estoy llamando a este tipo de fe del todo o nada. <\/p>\n<\/blockquote>\n\n<p><\/p>\n\n<p>Complet\u00f3 su educaci\u00f3n en el Reino Unido, donde se licenci\u00f3 con matr\u00edcula de honor en Ingenier\u00eda Inform\u00e1tica y curs\u00f3 estudios de posgrado en Estrategia de Comunicaci\u00f3n de Marketing y Salud Mental y Protecci\u00f3n de la Juventud. Pas\u00f3 dos d\u00e9cadas perfeccionando sus habilidades en liderazgo organizativo, estrategia y comunicaci\u00f3n en el mundo corporativo. En enero de 2022, tras a\u00f1os de voluntariado en diversos puestos, Lana asumi\u00f3 el cargo de Directora General de Transform Iran en Estados Unidos y, en enero de 2026, el de Presidenta y Directora General de la organizaci\u00f3n mundial.  <\/p>\n\n<p><\/p>\n\n<p>En la actualidad, Lana aboga activamente por la libertad y la transformaci\u00f3n de Ir\u00e1n. Le apasiona equipar al Cuerpo de Cristo para que camine en su plena identidad y herencia, viviendo vidas de poder y autoridad sobrenaturales mientras participa en misiones globales. Tras haber servido como ministra eclesi\u00e1stica, l\u00edder de alabanza y capellana universitaria, Seda se centra ahora en ver cumplidos los prop\u00f3sitos de Dios en Ir\u00e1n, ayudando a dotar de recursos y fortalecer a la Iglesia clandestina de m\u00e1s r\u00e1pido crecimiento.  <\/p>\n\n<figure class=\"wp-block-embed is-type-video is-provider-youtube wp-block-embed-youtube wp-embed-aspect-16-9 wp-has-aspect-ratio\"><div class=\"wp-block-embed__wrapper\">\n<iframe loading=\"lazy\" title=\"Prophetic Visions About Iran | Lana Silk\" width=\"500\" height=\"281\" src=\"https:\/\/www.youtube.com\/embed\/fEgyPElPQio?feature=oembed\" frameborder=\"0\" allow=\"accelerometer; autoplay; clipboard-write; encrypted-media; gyroscope; picture-in-picture; web-share\" referrerpolicy=\"strict-origin-when-cross-origin\" allowfullscreen><\/iframe>\n<\/div><figcaption class=\"wp-element-caption\">En este episodio de El Cielo se encuentra con la Tierra, Lana comparte su viaje profundamente personal desde que naci\u00f3 en el Ir\u00e1n isl\u00e1mico hasta que fue testigo del innegable movimiento de Dios dentro de una de las regiones m\u00e1s hambrientas espiritualmente del mundo.<\/figcaption><\/figure>\n\n<p><\/p>\n","protected":false},"excerpt":{"rendered":"<p>Un legado de fe: La historia detr\u00e1s de Transform Iran L\u00e1zaro y Maggie Yeghnazar nacieron y crecieron en Ir\u00e1n y han servido a la Iglesia iran\u00ed toda su vida. En 1988, sintieron la llamada de Dios para trasladar a su joven familia al oeste. Fue una decisi\u00f3n con la que lucharon, ya que sus corazones [&hellip;]<\/p>\n","protected":false},"author":1,"featured_media":11396,"parent":0,"menu_order":0,"comment_status":"closed","ping_status":"closed","template":"page-basic.php","meta":{"_acf_changed":false,"give_campaign_id":0,"om_disable_all_campaigns":false,"_mi_skip_tracking":false,"footnotes":""},"class_list":["post-11860","page","type-page","status-publish","has-post-thumbnail","hentry"],"acf":[],"yoast_head":"<!-- This site is optimized with the Yoast SEO plugin v27.3 - https:\/\/yoast.com\/product\/yoast-seo-wordpress\/ -->\n<title>Nuestra historia - Transform Iran<\/title>\n<meta name=\"robots\" content=\"index, follow, max-snippet:-1, max-image-preview:large, max-video-preview:-1\" \/>\n<link rel=\"canonical\" href=\"https:\/\/transformiran.com\/es\/nuestra-historia\/\" \/>\n<meta property=\"og:locale\" content=\"es_ES\" \/>\n<meta property=\"og:type\" content=\"article\" \/>\n<meta property=\"og:title\" content=\"Nuestra historia - Transform Iran\" \/>\n<meta property=\"og:description\" content=\"Un legado de fe: La historia detr\u00e1s de Transform Iran L\u00e1zaro y Maggie Yeghnazar nacieron y crecieron en Ir\u00e1n y han servido a la Iglesia iran\u00ed toda su vida. En 1988, sintieron la llamada de Dios para trasladar a su joven familia al oeste. Fue una decisi\u00f3n con la que lucharon, ya que sus corazones [&hellip;]\" \/>\n<meta property=\"og:url\" content=\"https:\/\/transformiran.com\/es\/nuestra-historia\/\" \/>\n<meta property=\"og:site_name\" content=\"Transform Iran\" \/>\n<meta property=\"article:publisher\" content=\"https:\/\/www.facebook.com\/222MinistriesUSAInc\" \/>\n<meta property=\"article:modified_time\" content=\"2026-04-09T23:30:10+00:00\" \/>\n<meta property=\"og:image\" content=\"https:\/\/transformiran.com\/app\/uploads\/2022\/11\/Our-story-cropped.jpg\" \/>\n\t<meta property=\"og:image:width\" content=\"1920\" \/>\n\t<meta property=\"og:image:height\" content=\"555\" \/>\n\t<meta property=\"og:image:type\" content=\"image\/jpeg\" \/>\n<meta name=\"twitter:card\" content=\"summary_large_image\" \/>\n<meta name=\"twitter:site\" content=\"@222minint\" \/>\n<meta name=\"twitter:label1\" content=\"Tiempo de lectura\" \/>\n\t<meta name=\"twitter:data1\" content=\"10 minutos\" \/>\n<script type=\"application\/ld+json\" class=\"yoast-schema-graph\">{\"@context\":\"https:\\\/\\\/schema.org\",\"@graph\":[{\"@type\":\"WebPage\",\"@id\":\"https:\\\/\\\/transformiran.com\\\/es\\\/nuestra-historia\\\/\",\"url\":\"https:\\\/\\\/transformiran.com\\\/es\\\/nuestra-historia\\\/\",\"name\":\"Nuestra historia - Transform Iran\",\"isPartOf\":{\"@id\":\"https:\\\/\\\/transformiran.com\\\/es\\\/#website\"},\"primaryImageOfPage\":{\"@id\":\"https:\\\/\\\/transformiran.com\\\/es\\\/nuestra-historia\\\/#primaryimage\"},\"image\":{\"@id\":\"https:\\\/\\\/transformiran.com\\\/es\\\/nuestra-historia\\\/#primaryimage\"},\"thumbnailUrl\":\"https:\\\/\\\/transformiran.com\\\/app\\\/uploads\\\/2022\\\/11\\\/Our-story-cropped.jpg\",\"datePublished\":\"2022-11-04T11:02:40+00:00\",\"dateModified\":\"2026-04-09T23:30:10+00:00\",\"breadcrumb\":{\"@id\":\"https:\\\/\\\/transformiran.com\\\/es\\\/nuestra-historia\\\/#breadcrumb\"},\"inLanguage\":\"es\",\"potentialAction\":[{\"@type\":\"ReadAction\",\"target\":[\"https:\\\/\\\/transformiran.com\\\/es\\\/nuestra-historia\\\/\"]}]},{\"@type\":\"ImageObject\",\"inLanguage\":\"es\",\"@id\":\"https:\\\/\\\/transformiran.com\\\/es\\\/nuestra-historia\\\/#primaryimage\",\"url\":\"https:\\\/\\\/transformiran.com\\\/app\\\/uploads\\\/2022\\\/11\\\/Our-story-cropped.jpg\",\"contentUrl\":\"https:\\\/\\\/transformiran.com\\\/app\\\/uploads\\\/2022\\\/11\\\/Our-story-cropped.jpg\",\"width\":1920,\"height\":555},{\"@type\":\"BreadcrumbList\",\"@id\":\"https:\\\/\\\/transformiran.com\\\/es\\\/nuestra-historia\\\/#breadcrumb\",\"itemListElement\":[{\"@type\":\"ListItem\",\"position\":1,\"name\":\"Home\",\"item\":\"https:\\\/\\\/transformiran.com\\\/es\\\/inicio-2\\\/\"},{\"@type\":\"ListItem\",\"position\":2,\"name\":\"Nuestra historia\"}]},{\"@type\":\"WebSite\",\"@id\":\"https:\\\/\\\/transformiran.com\\\/es\\\/#website\",\"url\":\"https:\\\/\\\/transformiran.com\\\/es\\\/\",\"name\":\"Transform Iran\",\"description\":\"Bringing the love and power of Christ to Iran - and beyond\",\"publisher\":{\"@id\":\"https:\\\/\\\/transformiran.com\\\/es\\\/#organization\"},\"potentialAction\":[{\"@type\":\"SearchAction\",\"target\":{\"@type\":\"EntryPoint\",\"urlTemplate\":\"https:\\\/\\\/transformiran.com\\\/es\\\/?s={search_term_string}\"},\"query-input\":{\"@type\":\"PropertyValueSpecification\",\"valueRequired\":true,\"valueName\":\"search_term_string\"}}],\"inLanguage\":\"es\"},{\"@type\":\"Organization\",\"@id\":\"https:\\\/\\\/transformiran.com\\\/es\\\/#organization\",\"name\":\"Transform Iran\",\"url\":\"https:\\\/\\\/transformiran.com\\\/es\\\/\",\"logo\":{\"@type\":\"ImageObject\",\"inLanguage\":\"es\",\"@id\":\"https:\\\/\\\/transformiran.com\\\/es\\\/#\\\/schema\\\/logo\\\/image\\\/\",\"url\":\"https:\\\/\\\/transformiran.com\\\/app\\\/uploads\\\/2022\\\/11\\\/logo_grey.jpg\",\"contentUrl\":\"https:\\\/\\\/transformiran.com\\\/app\\\/uploads\\\/2022\\\/11\\\/logo_grey.jpg\",\"width\":528,\"height\":90,\"caption\":\"Transform Iran\"},\"image\":{\"@id\":\"https:\\\/\\\/transformiran.com\\\/es\\\/#\\\/schema\\\/logo\\\/image\\\/\"},\"sameAs\":[\"https:\\\/\\\/www.facebook.com\\\/222MinistriesUSAInc\",\"https:\\\/\\\/x.com\\\/222minint\",\"https:\\\/\\\/www.instagram.com\\\/222ministriesinternational\\\/\"]}]}<\/script>\n<!-- \/ Yoast SEO plugin. -->","yoast_head_json":{"title":"Nuestra historia - Transform Iran","robots":{"index":"index","follow":"follow","max-snippet":"max-snippet:-1","max-image-preview":"max-image-preview:large","max-video-preview":"max-video-preview:-1"},"canonical":"https:\/\/transformiran.com\/es\/nuestra-historia\/","og_locale":"es_ES","og_type":"article","og_title":"Nuestra historia - Transform Iran","og_description":"Un legado de fe: La historia detr\u00e1s de Transform Iran L\u00e1zaro y Maggie Yeghnazar nacieron y crecieron en Ir\u00e1n y han servido a la Iglesia iran\u00ed toda su vida. En 1988, sintieron la llamada de Dios para trasladar a su joven familia al oeste. Fue una decisi\u00f3n con la que lucharon, ya que sus corazones [&hellip;]","og_url":"https:\/\/transformiran.com\/es\/nuestra-historia\/","og_site_name":"Transform Iran","article_publisher":"https:\/\/www.facebook.com\/222MinistriesUSAInc","article_modified_time":"2026-04-09T23:30:10+00:00","og_image":[{"width":1920,"height":555,"url":"https:\/\/transformiran.com\/app\/uploads\/2022\/11\/Our-story-cropped.jpg","type":"image\/jpeg"}],"twitter_card":"summary_large_image","twitter_site":"@222minint","twitter_misc":{"Tiempo de lectura":"10 minutos"},"schema":{"@context":"https:\/\/schema.org","@graph":[{"@type":"WebPage","@id":"https:\/\/transformiran.com\/es\/nuestra-historia\/","url":"https:\/\/transformiran.com\/es\/nuestra-historia\/","name":"Nuestra historia - Transform Iran","isPartOf":{"@id":"https:\/\/transformiran.com\/es\/#website"},"primaryImageOfPage":{"@id":"https:\/\/transformiran.com\/es\/nuestra-historia\/#primaryimage"},"image":{"@id":"https:\/\/transformiran.com\/es\/nuestra-historia\/#primaryimage"},"thumbnailUrl":"https:\/\/transformiran.com\/app\/uploads\/2022\/11\/Our-story-cropped.jpg","datePublished":"2022-11-04T11:02:40+00:00","dateModified":"2026-04-09T23:30:10+00:00","breadcrumb":{"@id":"https:\/\/transformiran.com\/es\/nuestra-historia\/#breadcrumb"},"inLanguage":"es","potentialAction":[{"@type":"ReadAction","target":["https:\/\/transformiran.com\/es\/nuestra-historia\/"]}]},{"@type":"ImageObject","inLanguage":"es","@id":"https:\/\/transformiran.com\/es\/nuestra-historia\/#primaryimage","url":"https:\/\/transformiran.com\/app\/uploads\/2022\/11\/Our-story-cropped.jpg","contentUrl":"https:\/\/transformiran.com\/app\/uploads\/2022\/11\/Our-story-cropped.jpg","width":1920,"height":555},{"@type":"BreadcrumbList","@id":"https:\/\/transformiran.com\/es\/nuestra-historia\/#breadcrumb","itemListElement":[{"@type":"ListItem","position":1,"name":"Home","item":"https:\/\/transformiran.com\/es\/inicio-2\/"},{"@type":"ListItem","position":2,"name":"Nuestra historia"}]},{"@type":"WebSite","@id":"https:\/\/transformiran.com\/es\/#website","url":"https:\/\/transformiran.com\/es\/","name":"Transform Iran","description":"Bringing the love and power of Christ to Iran - and beyond","publisher":{"@id":"https:\/\/transformiran.com\/es\/#organization"},"potentialAction":[{"@type":"SearchAction","target":{"@type":"EntryPoint","urlTemplate":"https:\/\/transformiran.com\/es\/?s={search_term_string}"},"query-input":{"@type":"PropertyValueSpecification","valueRequired":true,"valueName":"search_term_string"}}],"inLanguage":"es"},{"@type":"Organization","@id":"https:\/\/transformiran.com\/es\/#organization","name":"Transform Iran","url":"https:\/\/transformiran.com\/es\/","logo":{"@type":"ImageObject","inLanguage":"es","@id":"https:\/\/transformiran.com\/es\/#\/schema\/logo\/image\/","url":"https:\/\/transformiran.com\/app\/uploads\/2022\/11\/logo_grey.jpg","contentUrl":"https:\/\/transformiran.com\/app\/uploads\/2022\/11\/logo_grey.jpg","width":528,"height":90,"caption":"Transform Iran"},"image":{"@id":"https:\/\/transformiran.com\/es\/#\/schema\/logo\/image\/"},"sameAs":["https:\/\/www.facebook.com\/222MinistriesUSAInc","https:\/\/x.com\/222minint","https:\/\/www.instagram.com\/222ministriesinternational\/"]}]}},"campaignId":"","_links":{"self":[{"href":"https:\/\/transformiran.com\/es\/wp-json\/wp\/v2\/pages\/11860","targetHints":{"allow":["GET"]}}],"collection":[{"href":"https:\/\/transformiran.com\/es\/wp-json\/wp\/v2\/pages"}],"about":[{"href":"https:\/\/transformiran.com\/es\/wp-json\/wp\/v2\/types\/page"}],"author":[{"embeddable":true,"href":"https:\/\/transformiran.com\/es\/wp-json\/wp\/v2\/users\/1"}],"replies":[{"embeddable":true,"href":"https:\/\/transformiran.com\/es\/wp-json\/wp\/v2\/comments?post=11860"}],"version-history":[{"count":14,"href":"https:\/\/transformiran.com\/es\/wp-json\/wp\/v2\/pages\/11860\/revisions"}],"predecessor-version":[{"id":37241,"href":"https:\/\/transformiran.com\/es\/wp-json\/wp\/v2\/pages\/11860\/revisions\/37241"}],"wp:featuredmedia":[{"embeddable":true,"href":"https:\/\/transformiran.com\/es\/wp-json\/wp\/v2\/media\/11396"}],"wp:attachment":[{"href":"https:\/\/transformiran.com\/es\/wp-json\/wp\/v2\/media?parent=11860"}],"curies":[{"name":"wp","href":"https:\/\/api.w.org\/{rel}","templated":true}]}}