{"id":11926,"date":"2022-11-04T11:16:19","date_gmt":"2022-11-04T11:16:19","guid":{"rendered":"https:\/\/transformiran.com\/donar\/donaciones-fuera-de-linea-o-por-transferencia-bancaria\/"},"modified":"2025-04-02T11:05:21","modified_gmt":"2025-04-02T10:05:21","slug":"donaciones-fuera-de-linea-o-por-transferencia-bancaria","status":"publish","type":"page","link":"https:\/\/transformiran.com\/es\/donar\/donaciones-fuera-de-linea-o-por-transferencia-bancaria\/","title":{"rendered":"Donaciones fuera de l\u00ednea o por transferencia bancaria"},"content":{"rendered":"\n<p>Gracias por colaborar con nosotros.<\/p>\n\n<p>Podemos recibir cheques en USD y GBP. Tambi\u00e9n podemos recibir transferencias bancarias en euros y libras esterlinas.<\/p>\n\n<h2 class=\"wp-block-heading\">Env\u00ede los cheques en d\u00f3lares estadounidenses a<\/h2>\n\n<p>Transform Iran<br\/>PO Box 1926<br\/>Glendale, CA 91209 EE.UU.<\/p>\n\n<p>Haz el cheque a nombre de &#8220;Transform Iran&#8221;.<\/p>\n\n<h2 class=\"wp-block-heading\">Los cheques en libras esterlinas deben enviarse a:<\/h2>\n\n<p>Transform Iran<br\/>PO Box 890<br\/>Camberley, Surrey<br\/>GU15 9AU, UK<\/p>\n\n<p>Haga el cheque a nombre de &#8220;222 Ministries International&#8221;.<\/p>\n\n<h2 class=\"wp-block-heading\">Para transferencias bancarias a una cuenta en euros:<\/h2>\n\n<p>Nombre de la cuenta: Stichting 222 Ministry<br\/>N\u00famero de cuenta: 0251875296<br\/>IBAN: NL 39 ABNA 0251875296<br\/>SWIFT \/ BIC: ABNANL2A<br\/>Direcci\u00f3n del banco: Bordes5, 1315TN Almere, Pa\u00edses Bajos<\/p>\n\n<p>Divisa: Euros<\/p>\n\n<h2 class=\"wp-block-heading\">Para transferencias bancarias a una cuenta del Reino Unido:<\/h2>\n\n<p>Nombre de la cuenta: 222 Ministerios Internacionales<br\/>N\u00famero de cuenta: 03310419<br\/>C\u00f3digo Sort: 30-91-53<br\/>IBAN: GB86 LOYD 3091 5303 3104 19<br\/>SWIFT \/ BIC: LOYDGB21141<br\/>Direcci\u00f3n del banco: Lloyds Bank plc, 18 Prince of Wales Walk, Camberley GU15 3SJ, Reino Unido<\/p>\n\n<p>Divisa: Libra esterlina brit\u00e1nica<\/p>\n\n<p><\/p>\n\n<p>Lamentablemente, por el momento no podemos recibir donaciones en otras divisas a trav\u00e9s de este m\u00e9todo.<\/p>\n","protected":false},"excerpt":{"rendered":"<p>Gracias por colaborar con nosotros. Podemos recibir cheques en USD y GBP. Tambi\u00e9n podemos recibir transferencias bancarias en euros y libras esterlinas. Env\u00ede los cheques en d\u00f3lares estadounidenses a Transform IranPO Box 1926Glendale, CA 91209 EE.UU. Haz el cheque a nombre de &#8220;Transform Iran&#8221;. Los cheques en libras esterlinas deben enviarse a: Transform IranPO Box [&hellip;]<\/p>\n","protected":false},"author":1,"featured_media":0,"parent":11575,"menu_order":0,"comment_status":"closed","ping_status":"closed","template":"page-basic.php","meta":{"_acf_changed":false,"give_campaign_id":0,"om_disable_all_campaigns":false,"_mi_skip_tracking":false,"footnotes":""},"class_list":["post-11926","page","type-page","status-publish","hentry"],"acf":[],"yoast_head":"<!-- This site is optimized with the Yoast SEO plugin v27.2 - https:\/\/yoast.com\/product\/yoast-seo-wordpress\/ -->\n<title>Donaciones fuera de l\u00ednea o por transferencia bancaria - Transform Iran<\/title>\n<meta name=\"robots\" content=\"index, follow, max-snippet:-1, max-image-preview:large, max-video-preview:-1\" \/>\n<link rel=\"canonical\" href=\"https:\/\/transformiran.com\/es\/donar\/donaciones-fuera-de-linea-o-por-transferencia-bancaria\/\" \/>\n<meta property=\"og:locale\" content=\"es_ES\" \/>\n<meta property=\"og:type\" content=\"article\" \/>\n<meta property=\"og:title\" content=\"Donaciones fuera de l\u00ednea o por transferencia bancaria - Transform Iran\" \/>\n<meta property=\"og:description\" content=\"Gracias por colaborar con nosotros. Podemos recibir cheques en USD y GBP. Tambi\u00e9n podemos recibir transferencias bancarias en euros y libras esterlinas. Env\u00ede los cheques en d\u00f3lares estadounidenses a Transform IranPO Box 1926Glendale, CA 91209 EE.UU. Haz el cheque a nombre de &#8220;Transform Iran&#8221;. Los cheques en libras esterlinas deben enviarse a: Transform IranPO Box [&hellip;]\" \/>\n<meta property=\"og:url\" content=\"https:\/\/transformiran.com\/es\/donar\/donaciones-fuera-de-linea-o-por-transferencia-bancaria\/\" \/>\n<meta property=\"og:site_name\" content=\"Transform Iran\" \/>\n<meta property=\"article:publisher\" content=\"https:\/\/www.facebook.com\/222MinistriesUSAInc\" \/>\n<meta property=\"article:modified_time\" content=\"2025-04-02T10:05:21+00:00\" \/>\n<meta name=\"twitter:card\" content=\"summary_large_image\" \/>\n<meta name=\"twitter:site\" content=\"@222minint\" \/>\n<meta name=\"twitter:label1\" content=\"Tiempo de lectura\" \/>\n\t<meta name=\"twitter:data1\" content=\"1 minuto\" \/>\n<script type=\"application\/ld+json\" class=\"yoast-schema-graph\">{\"@context\":\"https:\/\/schema.org\",\"@graph\":[{\"@type\":\"WebPage\",\"@id\":\"https:\/\/transformiran.com\/es\/donar\/donaciones-fuera-de-linea-o-por-transferencia-bancaria\/\",\"url\":\"https:\/\/transformiran.com\/es\/donar\/donaciones-fuera-de-linea-o-por-transferencia-bancaria\/\",\"name\":\"Donaciones fuera de l\u00ednea o por transferencia bancaria - Transform Iran\",\"isPartOf\":{\"@id\":\"https:\/\/transformiran.com\/es\/#website\"},\"datePublished\":\"2022-11-04T11:16:19+00:00\",\"dateModified\":\"2025-04-02T10:05:21+00:00\",\"breadcrumb\":{\"@id\":\"https:\/\/transformiran.com\/es\/donar\/donaciones-fuera-de-linea-o-por-transferencia-bancaria\/#breadcrumb\"},\"inLanguage\":\"es\",\"potentialAction\":[{\"@type\":\"ReadAction\",\"target\":[\"https:\/\/transformiran.com\/es\/donar\/donaciones-fuera-de-linea-o-por-transferencia-bancaria\/\"]}]},{\"@type\":\"BreadcrumbList\",\"@id\":\"https:\/\/transformiran.com\/es\/donar\/donaciones-fuera-de-linea-o-por-transferencia-bancaria\/#breadcrumb\",\"itemListElement\":[{\"@type\":\"ListItem\",\"position\":1,\"name\":\"Home\",\"item\":\"https:\/\/transformiran.com\/es\/inicio-2\/\"},{\"@type\":\"ListItem\",\"position\":2,\"name\":\"Dona\",\"item\":\"https:\/\/transformiran.com\/es\/donate\/\"},{\"@type\":\"ListItem\",\"position\":3,\"name\":\"Donaciones fuera de l\u00ednea o por transferencia bancaria\"}]},{\"@type\":\"WebSite\",\"@id\":\"https:\/\/transformiran.com\/es\/#website\",\"url\":\"https:\/\/transformiran.com\/es\/\",\"name\":\"Transform Iran\",\"description\":\"Bringing the love and power of Christ to Iran - and beyond\",\"publisher\":{\"@id\":\"https:\/\/transformiran.com\/es\/#organization\"},\"potentialAction\":[{\"@type\":\"SearchAction\",\"target\":{\"@type\":\"EntryPoint\",\"urlTemplate\":\"https:\/\/transformiran.com\/es\/?s={search_term_string}\"},\"query-input\":{\"@type\":\"PropertyValueSpecification\",\"valueRequired\":true,\"valueName\":\"search_term_string\"}}],\"inLanguage\":\"es\"},{\"@type\":\"Organization\",\"@id\":\"https:\/\/transformiran.com\/es\/#organization\",\"name\":\"Transform Iran\",\"url\":\"https:\/\/transformiran.com\/es\/\",\"logo\":{\"@type\":\"ImageObject\",\"inLanguage\":\"es\",\"@id\":\"https:\/\/transformiran.com\/es\/#\/schema\/logo\/image\/\",\"url\":\"https:\/\/transformiran.com\/app\/uploads\/2022\/11\/logo_grey.jpg\",\"contentUrl\":\"https:\/\/transformiran.com\/app\/uploads\/2022\/11\/logo_grey.jpg\",\"width\":528,\"height\":90,\"caption\":\"Transform Iran\"},\"image\":{\"@id\":\"https:\/\/transformiran.com\/es\/#\/schema\/logo\/image\/\"},\"sameAs\":[\"https:\/\/www.facebook.com\/222MinistriesUSAInc\",\"https:\/\/x.com\/222minint\",\"https:\/\/www.instagram.com\/222ministriesinternational\/\"]}]}<\/script>\n<!-- \/ Yoast SEO plugin. -->","yoast_head_json":{"title":"Donaciones fuera de l\u00ednea o por transferencia bancaria - Transform Iran","robots":{"index":"index","follow":"follow","max-snippet":"max-snippet:-1","max-image-preview":"max-image-preview:large","max-video-preview":"max-video-preview:-1"},"canonical":"https:\/\/transformiran.com\/es\/donar\/donaciones-fuera-de-linea-o-por-transferencia-bancaria\/","og_locale":"es_ES","og_type":"article","og_title":"Donaciones fuera de l\u00ednea o por transferencia bancaria - Transform Iran","og_description":"Gracias por colaborar con nosotros. Podemos recibir cheques en USD y GBP. Tambi\u00e9n podemos recibir transferencias bancarias en euros y libras esterlinas. Env\u00ede los cheques en d\u00f3lares estadounidenses a Transform IranPO Box 1926Glendale, CA 91209 EE.UU. Haz el cheque a nombre de &#8220;Transform Iran&#8221;. Los cheques en libras esterlinas deben enviarse a: Transform IranPO Box [&hellip;]","og_url":"https:\/\/transformiran.com\/es\/donar\/donaciones-fuera-de-linea-o-por-transferencia-bancaria\/","og_site_name":"Transform Iran","article_publisher":"https:\/\/www.facebook.com\/222MinistriesUSAInc","article_modified_time":"2025-04-02T10:05:21+00:00","twitter_card":"summary_large_image","twitter_site":"@222minint","twitter_misc":{"Tiempo de lectura":"1 minuto"},"schema":{"@context":"https:\/\/schema.org","@graph":[{"@type":"WebPage","@id":"https:\/\/transformiran.com\/es\/donar\/donaciones-fuera-de-linea-o-por-transferencia-bancaria\/","url":"https:\/\/transformiran.com\/es\/donar\/donaciones-fuera-de-linea-o-por-transferencia-bancaria\/","name":"Donaciones fuera de l\u00ednea o por transferencia bancaria - Transform Iran","isPartOf":{"@id":"https:\/\/transformiran.com\/es\/#website"},"datePublished":"2022-11-04T11:16:19+00:00","dateModified":"2025-04-02T10:05:21+00:00","breadcrumb":{"@id":"https:\/\/transformiran.com\/es\/donar\/donaciones-fuera-de-linea-o-por-transferencia-bancaria\/#breadcrumb"},"inLanguage":"es","potentialAction":[{"@type":"ReadAction","target":["https:\/\/transformiran.com\/es\/donar\/donaciones-fuera-de-linea-o-por-transferencia-bancaria\/"]}]},{"@type":"BreadcrumbList","@id":"https:\/\/transformiran.com\/es\/donar\/donaciones-fuera-de-linea-o-por-transferencia-bancaria\/#breadcrumb","itemListElement":[{"@type":"ListItem","position":1,"name":"Home","item":"https:\/\/transformiran.com\/es\/inicio-2\/"},{"@type":"ListItem","position":2,"name":"Dona","item":"https:\/\/transformiran.com\/es\/donate\/"},{"@type":"ListItem","position":3,"name":"Donaciones fuera de l\u00ednea o por transferencia bancaria"}]},{"@type":"WebSite","@id":"https:\/\/transformiran.com\/es\/#website","url":"https:\/\/transformiran.com\/es\/","name":"Transform Iran","description":"Bringing the love and power of Christ to Iran - and beyond","publisher":{"@id":"https:\/\/transformiran.com\/es\/#organization"},"potentialAction":[{"@type":"SearchAction","target":{"@type":"EntryPoint","urlTemplate":"https:\/\/transformiran.com\/es\/?s={search_term_string}"},"query-input":{"@type":"PropertyValueSpecification","valueRequired":true,"valueName":"search_term_string"}}],"inLanguage":"es"},{"@type":"Organization","@id":"https:\/\/transformiran.com\/es\/#organization","name":"Transform Iran","url":"https:\/\/transformiran.com\/es\/","logo":{"@type":"ImageObject","inLanguage":"es","@id":"https:\/\/transformiran.com\/es\/#\/schema\/logo\/image\/","url":"https:\/\/transformiran.com\/app\/uploads\/2022\/11\/logo_grey.jpg","contentUrl":"https:\/\/transformiran.com\/app\/uploads\/2022\/11\/logo_grey.jpg","width":528,"height":90,"caption":"Transform Iran"},"image":{"@id":"https:\/\/transformiran.com\/es\/#\/schema\/logo\/image\/"},"sameAs":["https:\/\/www.facebook.com\/222MinistriesUSAInc","https:\/\/x.com\/222minint","https:\/\/www.instagram.com\/222ministriesinternational\/"]}]}},"campaignId":"","_links":{"self":[{"href":"https:\/\/transformiran.com\/es\/wp-json\/wp\/v2\/pages\/11926","targetHints":{"allow":["GET"]}}],"collection":[{"href":"https:\/\/transformiran.com\/es\/wp-json\/wp\/v2\/pages"}],"about":[{"href":"https:\/\/transformiran.com\/es\/wp-json\/wp\/v2\/types\/page"}],"author":[{"embeddable":true,"href":"https:\/\/transformiran.com\/es\/wp-json\/wp\/v2\/users\/1"}],"replies":[{"embeddable":true,"href":"https:\/\/transformiran.com\/es\/wp-json\/wp\/v2\/comments?post=11926"}],"version-history":[{"count":0,"href":"https:\/\/transformiran.com\/es\/wp-json\/wp\/v2\/pages\/11926\/revisions"}],"up":[{"embeddable":true,"href":"https:\/\/transformiran.com\/es\/wp-json\/wp\/v2\/pages\/11575"}],"wp:attachment":[{"href":"https:\/\/transformiran.com\/es\/wp-json\/wp\/v2\/media?parent=11926"}],"curies":[{"name":"wp","href":"https:\/\/api.w.org\/{rel}","templated":true}]}}