{"id":11933,"date":"2022-11-04T11:16:59","date_gmt":"2022-11-04T11:16:59","guid":{"rendered":"https:\/\/transformiran.com\/donar\/legado\/"},"modified":"2025-04-02T11:05:23","modified_gmt":"2025-04-02T10:05:23","slug":"legado","status":"publish","type":"page","link":"https:\/\/transformiran.com\/es\/donar\/legado\/","title":{"rendered":"Legado"},"content":{"rendered":"\n<p>Si est\u00e1 planeando invertir en una misi\u00f3n en Ir\u00e1n, es posible que no haya considerado la posibilidad de donar como legado y la poderosa bendici\u00f3n que puede suponer.<\/p>\n\n<p><\/p>\n\n<p>Un <strong> regalo de &#8220;hoy&#8221; nos bendice inmediatamente<\/strong>. Ya se trate de efectivo, acciones, bienes inmuebles o cualquier otro valor, los frutos pueden ser inmediatamente visibles.<\/p>\n\n<p>Pero una <strong>donaci\u00f3n de legado es una donaci\u00f3n futura que construir\u00e1 el Reino mucho m\u00e1s all\u00e1 de tu vida<\/strong>.<\/p>\n\n<p>Las donaciones de legado se refieren a las donaciones que los simpatizantes planean hacer a una organizaci\u00f3n sin \u00e1nimo de lucro despu\u00e9s de su fallecimiento. Tambi\u00e9n se conoce como donaci\u00f3n planificada, ya que los donantes suelen planificar estas donaciones a\u00f1os antes de que se distribuyan a las partes designadas.<\/p>\n\n<p>Las donaciones de legado o planificadas pueden ser monetarias o en forma de activos o incluso una renta vitalicia ben\u00e9fica o un fideicomiso.<\/p>\n\n<p>Los detalles de cada donaci\u00f3n son \u00fanicos y pueden incluir estipulaciones sobre su uso. Las donaciones de legado pueden apoyar la misi\u00f3n de una organizaci\u00f3n sin \u00e1nimo de lucro durante a\u00f1os y honrar el legado del donante que realiz\u00f3 la aportaci\u00f3n.<\/p>\n\n<p>Aunque el beneficio para la organizaci\u00f3n sin \u00e1nimo de lucro es evidente, tambi\u00e9n lo es para los donantes, incluido el legado del donante y las numerosas ventajas fiscales que la participaci\u00f3n puede reportar a sus familias.<\/p>\n\n<p>La donaci\u00f3n de legados se establece con su abogado y se vincula a su testamento. Puede adoptar muchas formas. Ser\u00eda un honor para nosotros que considerara la posibilidad de apoyar de este modo la misi\u00f3n en Ir\u00e1n.<\/p>\n\n<p><strong>Ejemplos de donaciones de legado o planificadas<\/strong><\/p>\n\n<ol class=\"wp-block-list\">\n<li><strong>Will<\/strong>. Es el \u00faltimo documento legal que garantiza que sus bienes se distribuyan de acuerdo con sus deseos. En su testamento, adem\u00e1s de velar por sus seres queridos, puede designar una donaci\u00f3n al ministerio (a menudo denominada legado).<\/li>\n\n\n\n<li><strong>Confianza<\/strong>. Este acuerdo legal requiere un fideicomisario que asumir\u00e1 la responsabilidad de gestionar sus bienes tras su fallecimiento. Los fideicomisos pueden adoptar muchas formas (revocables e irrevocables, unitrusts, fideicomisos de anualidades, fideicomisos ben\u00e9ficos principales) y no est\u00e1n sujetos a legalizaci\u00f3n testamentaria.<\/li>\n\n\n\n<li><strong>Regalos no monetarios<\/strong>. Se pueden dar muchos bienes no monetarios para apoyar el ministerio. Las donaciones son deducibles de impuestos. Algunos ejemplos son los veh\u00edculos, las joyas de oro y los metales preciosos.<\/li>\n\n\n\n<li><strong>Acciones y valores.<\/strong>  Cuando donas acciones, bonos o fondos de inversi\u00f3n negociables apreciados a un ministerio, \u00e9ste recibir\u00eda el valor justo de mercado de los t\u00edtulos. Tambi\u00e9n puede evitar el impuesto sobre las plusval\u00edas imponibles de los activos transferidos.<\/li>\n\n\n\n<li><strong>Anualidades de donaciones ben\u00e9ficas<\/strong>. Esto le permite designar una donaci\u00f3n futura al ministerio mientras sigue recibiendo pagos fijos de esa donaci\u00f3n ahora o en el futuro. Hay beneficios fiscales para el a\u00f1o en que se hace la donaci\u00f3n y una parte de los pagos tambi\u00e9n puede quedar libre de impuestos.<\/li>\n\n\n\n<li><strong>Activos de jubilaci\u00f3n<\/strong>. Se trata de cuentas de jubilaci\u00f3n con diferimiento de impuestos, cuentas IRA, 401(k)s, 301(b)s y planes Keogh y de pensiones. Cualquier porcentaje de sus activos de jubilaci\u00f3n puede asignarse al ministerio. Puede hacerlo a trav\u00e9s de su testamento o mediante la designaci\u00f3n de beneficiarios. A diferencia de nombrar a personas f\u00edsicas como beneficiarias de su plan tradicional de impuestos diferidos, nombrar a organizaciones ben\u00e9ficas significar\u00e1 que el beneficiario de su donaci\u00f3n no estar\u00e1 sujeto a impuestos.<\/li>\n\n\n\n<li><strong>Inmobiliaria<\/strong>. Se puede donar al ministerio cualquier tipo de bien inmueble comercializable y apreciado.<\/li>\n\n\n\n<li><strong>Seguro de vida<\/strong>. Es posible a\u00f1adir un ministerio como beneficiario de su p\u00f3liza de seguro de vida. Tambi\u00e9n puede asignar dividendos anuales al ministerio o simplemente donar el valor en efectivo de su p\u00f3liza.<\/li>\n\n\n\n<li><strong>Cuentas a pagar en caso de fallecimiento<\/strong>. Funcionan como fideicomisos en el sentido de que no est\u00e1n sujetos a legalizaci\u00f3n. A trav\u00e9s de su POD puede designar qui\u00e9n recibir\u00e1 el saldo de los fondos de su cuenta bancaria, certificado de dep\u00f3sito, pensi\u00f3n, cuenta de inversi\u00f3n o fondo de jubilaci\u00f3n cuando usted fallezca.<\/li>\n<\/ol>\n\n<p><\/p>\n\n<p>Las donaciones de legado son una forma maravillosa de seguir bendiciendo un ministerio m\u00e1s all\u00e1 del momento en que el Se\u00f1or te llame a casa. Agradecemos su consideraci\u00f3n en la oraci\u00f3n.<\/p>\n\n<p>Si est\u00e1s dispuesto a considerar esta opci\u00f3n, nos encantar\u00eda reunirnos contigo.\n <a href=\"https:\/\/transformiran.com\/es\/pongase-en-contacto-con\/\">Ponte en contacto con tu oficina local de Transform Iran <\/a>. <\/p>\n\n<div class=\"wp-block-columns is-layout-flex wp-container-core-columns-is-layout-9d6595d7 wp-block-columns-is-layout-flex\">\n<div class=\"wp-block-column is-layout-flow wp-block-column-is-layout-flow\">\n<div class=\"wp-block-columns is-layout-flex wp-container-core-columns-is-layout-9d6595d7 wp-block-columns-is-layout-flex\">\n<div class=\"wp-block-column is-layout-flow wp-block-column-is-layout-flow\">\n<p class=\"has-light-gold-background-color has-background\"><strong>Esta p\u00e1gina est\u00e1 auto-traducida a los distintos idiomas de nuestro sitio web.<\/strong> Para obtener consejos sobre el legado, especialmente en relaci\u00f3n con nuestros socios holandeses, consulta <a href=\"https:\/\/transformiran.com\/app\/uploads\/2025\/02\/TI-Legacy-Giving-Dutch.pdf\">este PDF<\/a>.<\/p>\n<\/div>\n<\/div>\n<\/div>\n<\/div>\n\n<p class=\"has-white-background-color has-background\"><\/p>\n","protected":false},"excerpt":{"rendered":"<p>Si est\u00e1 planeando invertir en una misi\u00f3n en Ir\u00e1n, es posible que no haya considerado la posibilidad de donar como legado y la poderosa bendici\u00f3n que puede suponer. Un regalo de &#8220;hoy&#8221; nos bendice inmediatamente. Ya se trate de efectivo, acciones, bienes inmuebles o cualquier otro valor, los frutos pueden ser inmediatamente visibles. Pero una [&hellip;]<\/p>\n","protected":false},"author":1,"featured_media":0,"parent":11575,"menu_order":0,"comment_status":"closed","ping_status":"closed","template":"page-basic.php","meta":{"_acf_changed":false,"give_campaign_id":0,"om_disable_all_campaigns":false,"_mi_skip_tracking":false,"footnotes":""},"class_list":["post-11933","page","type-page","status-publish","hentry"],"acf":[],"yoast_head":"<!-- This site is optimized with the Yoast SEO plugin v27.2 - https:\/\/yoast.com\/product\/yoast-seo-wordpress\/ -->\n<title>Legado - Transform Iran<\/title>\n<meta name=\"robots\" content=\"index, follow, max-snippet:-1, max-image-preview:large, max-video-preview:-1\" \/>\n<link rel=\"canonical\" href=\"https:\/\/transformiran.com\/es\/donar\/legado\/\" \/>\n<meta property=\"og:locale\" content=\"es_ES\" \/>\n<meta property=\"og:type\" content=\"article\" \/>\n<meta property=\"og:title\" content=\"Legado - Transform Iran\" \/>\n<meta property=\"og:description\" content=\"Si est\u00e1 planeando invertir en una misi\u00f3n en Ir\u00e1n, es posible que no haya considerado la posibilidad de donar como legado y la poderosa bendici\u00f3n que puede suponer. Un regalo de &#8220;hoy&#8221; nos bendice inmediatamente. Ya se trate de efectivo, acciones, bienes inmuebles o cualquier otro valor, los frutos pueden ser inmediatamente visibles. Pero una [&hellip;]\" \/>\n<meta property=\"og:url\" content=\"https:\/\/transformiran.com\/es\/donar\/legado\/\" \/>\n<meta property=\"og:site_name\" content=\"Transform Iran\" \/>\n<meta property=\"article:publisher\" content=\"https:\/\/www.facebook.com\/222MinistriesUSAInc\" \/>\n<meta property=\"article:modified_time\" content=\"2025-04-02T10:05:23+00:00\" \/>\n<meta name=\"twitter:card\" content=\"summary_large_image\" \/>\n<meta name=\"twitter:site\" content=\"@222minint\" \/>\n<meta name=\"twitter:label1\" content=\"Tiempo de lectura\" \/>\n\t<meta name=\"twitter:data1\" content=\"4 minutos\" \/>\n<script type=\"application\/ld+json\" class=\"yoast-schema-graph\">{\"@context\":\"https:\/\/schema.org\",\"@graph\":[{\"@type\":\"WebPage\",\"@id\":\"https:\/\/transformiran.com\/es\/donar\/legado\/\",\"url\":\"https:\/\/transformiran.com\/es\/donar\/legado\/\",\"name\":\"Legado - Transform Iran\",\"isPartOf\":{\"@id\":\"https:\/\/transformiran.com\/es\/#website\"},\"datePublished\":\"2022-11-04T11:16:59+00:00\",\"dateModified\":\"2025-04-02T10:05:23+00:00\",\"breadcrumb\":{\"@id\":\"https:\/\/transformiran.com\/es\/donar\/legado\/#breadcrumb\"},\"inLanguage\":\"es\",\"potentialAction\":[{\"@type\":\"ReadAction\",\"target\":[\"https:\/\/transformiran.com\/es\/donar\/legado\/\"]}]},{\"@type\":\"BreadcrumbList\",\"@id\":\"https:\/\/transformiran.com\/es\/donar\/legado\/#breadcrumb\",\"itemListElement\":[{\"@type\":\"ListItem\",\"position\":1,\"name\":\"Home\",\"item\":\"https:\/\/transformiran.com\/es\/inicio-2\/\"},{\"@type\":\"ListItem\",\"position\":2,\"name\":\"Dona\",\"item\":\"https:\/\/transformiran.com\/es\/donate\/\"},{\"@type\":\"ListItem\",\"position\":3,\"name\":\"Legado\"}]},{\"@type\":\"WebSite\",\"@id\":\"https:\/\/transformiran.com\/es\/#website\",\"url\":\"https:\/\/transformiran.com\/es\/\",\"name\":\"Transform Iran\",\"description\":\"Bringing the love and power of Christ to Iran - and beyond\",\"publisher\":{\"@id\":\"https:\/\/transformiran.com\/es\/#organization\"},\"potentialAction\":[{\"@type\":\"SearchAction\",\"target\":{\"@type\":\"EntryPoint\",\"urlTemplate\":\"https:\/\/transformiran.com\/es\/?s={search_term_string}\"},\"query-input\":{\"@type\":\"PropertyValueSpecification\",\"valueRequired\":true,\"valueName\":\"search_term_string\"}}],\"inLanguage\":\"es\"},{\"@type\":\"Organization\",\"@id\":\"https:\/\/transformiran.com\/es\/#organization\",\"name\":\"Transform Iran\",\"url\":\"https:\/\/transformiran.com\/es\/\",\"logo\":{\"@type\":\"ImageObject\",\"inLanguage\":\"es\",\"@id\":\"https:\/\/transformiran.com\/es\/#\/schema\/logo\/image\/\",\"url\":\"https:\/\/transformiran.com\/app\/uploads\/2022\/11\/logo_grey.jpg\",\"contentUrl\":\"https:\/\/transformiran.com\/app\/uploads\/2022\/11\/logo_grey.jpg\",\"width\":528,\"height\":90,\"caption\":\"Transform Iran\"},\"image\":{\"@id\":\"https:\/\/transformiran.com\/es\/#\/schema\/logo\/image\/\"},\"sameAs\":[\"https:\/\/www.facebook.com\/222MinistriesUSAInc\",\"https:\/\/x.com\/222minint\",\"https:\/\/www.instagram.com\/222ministriesinternational\/\"]}]}<\/script>\n<!-- \/ Yoast SEO plugin. -->","yoast_head_json":{"title":"Legado - Transform Iran","robots":{"index":"index","follow":"follow","max-snippet":"max-snippet:-1","max-image-preview":"max-image-preview:large","max-video-preview":"max-video-preview:-1"},"canonical":"https:\/\/transformiran.com\/es\/donar\/legado\/","og_locale":"es_ES","og_type":"article","og_title":"Legado - Transform Iran","og_description":"Si est\u00e1 planeando invertir en una misi\u00f3n en Ir\u00e1n, es posible que no haya considerado la posibilidad de donar como legado y la poderosa bendici\u00f3n que puede suponer. Un regalo de &#8220;hoy&#8221; nos bendice inmediatamente. Ya se trate de efectivo, acciones, bienes inmuebles o cualquier otro valor, los frutos pueden ser inmediatamente visibles. Pero una [&hellip;]","og_url":"https:\/\/transformiran.com\/es\/donar\/legado\/","og_site_name":"Transform Iran","article_publisher":"https:\/\/www.facebook.com\/222MinistriesUSAInc","article_modified_time":"2025-04-02T10:05:23+00:00","twitter_card":"summary_large_image","twitter_site":"@222minint","twitter_misc":{"Tiempo de lectura":"4 minutos"},"schema":{"@context":"https:\/\/schema.org","@graph":[{"@type":"WebPage","@id":"https:\/\/transformiran.com\/es\/donar\/legado\/","url":"https:\/\/transformiran.com\/es\/donar\/legado\/","name":"Legado - Transform Iran","isPartOf":{"@id":"https:\/\/transformiran.com\/es\/#website"},"datePublished":"2022-11-04T11:16:59+00:00","dateModified":"2025-04-02T10:05:23+00:00","breadcrumb":{"@id":"https:\/\/transformiran.com\/es\/donar\/legado\/#breadcrumb"},"inLanguage":"es","potentialAction":[{"@type":"ReadAction","target":["https:\/\/transformiran.com\/es\/donar\/legado\/"]}]},{"@type":"BreadcrumbList","@id":"https:\/\/transformiran.com\/es\/donar\/legado\/#breadcrumb","itemListElement":[{"@type":"ListItem","position":1,"name":"Home","item":"https:\/\/transformiran.com\/es\/inicio-2\/"},{"@type":"ListItem","position":2,"name":"Dona","item":"https:\/\/transformiran.com\/es\/donate\/"},{"@type":"ListItem","position":3,"name":"Legado"}]},{"@type":"WebSite","@id":"https:\/\/transformiran.com\/es\/#website","url":"https:\/\/transformiran.com\/es\/","name":"Transform Iran","description":"Bringing the love and power of Christ to Iran - and beyond","publisher":{"@id":"https:\/\/transformiran.com\/es\/#organization"},"potentialAction":[{"@type":"SearchAction","target":{"@type":"EntryPoint","urlTemplate":"https:\/\/transformiran.com\/es\/?s={search_term_string}"},"query-input":{"@type":"PropertyValueSpecification","valueRequired":true,"valueName":"search_term_string"}}],"inLanguage":"es"},{"@type":"Organization","@id":"https:\/\/transformiran.com\/es\/#organization","name":"Transform Iran","url":"https:\/\/transformiran.com\/es\/","logo":{"@type":"ImageObject","inLanguage":"es","@id":"https:\/\/transformiran.com\/es\/#\/schema\/logo\/image\/","url":"https:\/\/transformiran.com\/app\/uploads\/2022\/11\/logo_grey.jpg","contentUrl":"https:\/\/transformiran.com\/app\/uploads\/2022\/11\/logo_grey.jpg","width":528,"height":90,"caption":"Transform Iran"},"image":{"@id":"https:\/\/transformiran.com\/es\/#\/schema\/logo\/image\/"},"sameAs":["https:\/\/www.facebook.com\/222MinistriesUSAInc","https:\/\/x.com\/222minint","https:\/\/www.instagram.com\/222ministriesinternational\/"]}]}},"campaignId":"","_links":{"self":[{"href":"https:\/\/transformiran.com\/es\/wp-json\/wp\/v2\/pages\/11933","targetHints":{"allow":["GET"]}}],"collection":[{"href":"https:\/\/transformiran.com\/es\/wp-json\/wp\/v2\/pages"}],"about":[{"href":"https:\/\/transformiran.com\/es\/wp-json\/wp\/v2\/types\/page"}],"author":[{"embeddable":true,"href":"https:\/\/transformiran.com\/es\/wp-json\/wp\/v2\/users\/1"}],"replies":[{"embeddable":true,"href":"https:\/\/transformiran.com\/es\/wp-json\/wp\/v2\/comments?post=11933"}],"version-history":[{"count":0,"href":"https:\/\/transformiran.com\/es\/wp-json\/wp\/v2\/pages\/11933\/revisions"}],"up":[{"embeddable":true,"href":"https:\/\/transformiran.com\/es\/wp-json\/wp\/v2\/pages\/11575"}],"wp:attachment":[{"href":"https:\/\/transformiran.com\/es\/wp-json\/wp\/v2\/media?parent=11933"}],"curies":[{"name":"wp","href":"https:\/\/api.w.org\/{rel}","templated":true}]}}