{"id":23640,"date":"2024-06-03T23:45:38","date_gmt":"2024-06-03T22:45:38","guid":{"rendered":"https:\/\/transformiran.com\/nuestro-trabajo\/llegar-a-los-ninos\/"},"modified":"2025-04-25T22:08:50","modified_gmt":"2025-04-25T21:08:50","slug":"llegar-a-los-ninos","status":"publish","type":"page","link":"https:\/\/transformiran.com\/es\/nuestro-trabajo\/llegar-a-los-ninos\/","title":{"rendered":"Llegar a los ni\u00f1os"},"content":{"rendered":"\n<p><strong><em>Jes\u00fas dijo: &#8220;Dejad que los ni\u00f1os vengan a m\u00ed y no se lo impid\u00e1is, porque de los que son como ellos es el Reino de los Cielos&#8221;&#8221;.<\/em><\/strong> Mateo 19:14<\/p>\n\n<p><\/p>\n\n<h2 class=\"wp-block-heading\">Capacitar a la pr\u00f3xima generaci\u00f3n de Ir\u00e1n<\/h2>\n\n<h3 class=\"wp-block-heading\">La importancia de llegar a los ni\u00f1os de Ir\u00e1n<\/h3>\n\n<p><\/p>\n\n<p>Los ni\u00f1os de Ir\u00e1n se enfrentan a inmensos retos: reg\u00edmenes opresivos, pobreza, guerra y una creciente crisis de salud mental. Muchos est\u00e1n expuestos a adultos que luchan contra la depresi\u00f3n, la ansiedad o la adicci\u00f3n, lo que les expone a un alto riesgo de trauma. Estos ni\u00f1os est\u00e1n en una edad cr\u00edtica, en la que est\u00e1n formando su visi\u00f3n del mundo, tomando decisiones sobre su futuro y descubriendo su identidad.  <\/p>\n\n<p><\/p>\n\n<blockquote class=\"wp-block-quote has-black-color has-text-color has-link-color wp-elements-b9658022396b661c2796d61064243048 is-layout-flow wp-block-quote-is-layout-flow\">\n<p class=\"has-black-color has-text-color has-link-color has-medium-font-size wp-elements-15d9686a2487f6c4a892974f959bf36f\">En Transform Iran, nos dedicamos a apoyar a los ni\u00f1os cristianos de Ir\u00e1n proporcion\u00e1ndoles esperanza, recursos y una comunidad que les ayude no s\u00f3lo a sobrevivir, sino a prosperar. Les capacitamos para que se mantengan firmes en su fe y abracen con confianza su identidad en Cristo. Nuestra visi\u00f3n es equiparles para que sean testigos poderosos ante sus iguales, compartiendo el evangelio con quienes les rodean.  <\/p>\n<\/blockquote>\n\n<p><\/p>\n\n<h2 class=\"wp-block-heading\">\u00bfPor qu\u00e9 es crucial llegar a los ni\u00f1os de Ir\u00e1n?<\/h2>\n\n<p>Estos ni\u00f1os son el futuro de Ir\u00e1n. Es imperativo que les alcancemos con el mensaje del evangelio mientras son j\u00f3venes para poder alcanzar eficazmente a toda nuestra naci\u00f3n para Cristo. Esta es la edad en la que se forman las visiones del mundo; tambi\u00e9n es la edad en la que los ni\u00f1os toman decisiones que afectan a su futuro y a su comprensi\u00f3n de su valor e identidad.<\/p>\n\n<p><\/p>\n\n<h3 class=\"wp-block-heading\">Los peligros de las falsas ense\u00f1anzas y la opresi\u00f3n<\/h3>\n\n<p><\/p>\n\n<p>El gobierno de Ir\u00e1n est\u00e1 ense\u00f1ando a los ni\u00f1os que su voz no importa; que su futuro puede y debe ser decidido por su pariente masculino m\u00e1s cercano; que las mujeres deben estar cubiertas, supeditadas a los hombres, tratadas como objetos, utilizadas para el placer y desechadas a voluntad; y que los ni\u00f1os nacidos de relaciones abusivas son ileg\u00edtimos y menos valiosos para la sociedad.<\/p>\n\n<p><\/p>\n\n<p>A los ni\u00f1os se les ense\u00f1a una imagen de Dios impredecible, sujeto a la ira, que siempre se fija en los hechos (m\u00e1s que en el coraz\u00f3n), que exige obediencia y est\u00e1 dispuesto a castigar a quienes le fallan. Se les ense\u00f1a que no pueden cuestionar a Dios, que deben valorar sus rutinas religiosas y su devoci\u00f3n por encima de todo, que la yihad es honorable y que hay que eliminar a jud\u00edos y cristianos.<\/p>\n\n<p><\/p>\n\n<p><a href=\"https:\/\/transformiran.com\/es\/aprenda\/desafios-a-los-que-se-enfrentan-los-ninos-iranies-hoy-en-dia\/\">M\u00e1s informaci\u00f3n sobre los retos a los que se enfrentan hoy los ni\u00f1os de Ir\u00e1n<\/a><\/p>\n\n<p><\/p>\n\n<p class=\"has-medium-font-size\"><strong>En estas dif\u00edciles circunstancias, existe una necesidad urgente de comunidades cristianas que puedan ofrecer apoyo, \u00e1nimo y orientaci\u00f3n.<\/strong><\/p>\n\n<figure class=\"wp-block-embed is-type-video is-provider-youtube wp-block-embed-youtube wp-embed-aspect-16-9 wp-has-aspect-ratio\"><div class=\"wp-block-embed__wrapper\">\n<iframe title=\"Bringing Hope to Iran&#039;s Children\" width=\"500\" height=\"281\" src=\"https:\/\/www.youtube.com\/embed\/UqlVFgh2xqQ?feature=oembed\" frameborder=\"0\" allow=\"accelerometer; autoplay; clipboard-write; encrypted-media; gyroscope; picture-in-picture; web-share\" referrerpolicy=\"strict-origin-when-cross-origin\" allowfullscreen><\/iframe>\n<\/div><\/figure>\n\n<blockquote class=\"wp-block-quote is-layout-flow wp-block-quote-is-layout-flow\">\n<p>Queremos llegar a estos ni\u00f1os con la esperanza de Jes\u00fas, capacit\u00e1ndoles para superar la persecuci\u00f3n diaria y reconocer las falsas ense\u00f1anzas antes de que arraiguen. A medida que les protegemos de cosmovisiones nocivas y conceptos err\u00f3neos sobre su amoroso Padre Celestial, pueden comprender mejor el mensaje de Cristo y su identidad en \u00c9l.<\/p>\n<\/blockquote>\n\n<h2 class=\"wp-block-heading\">\u00bfC\u00f3mo llega Transform Iran a los ni\u00f1os de Ir\u00e1n?<\/h2>\n\n<p><\/p>\n\n<p><\/p>\n\n<h3 class=\"wp-block-heading has-black-color has-text-color has-link-color wp-elements-f5de6cadbbd2a587be4cbaf6e03c3d38\">Utilizar los medios de comunicaci\u00f3n para llegar a los ni\u00f1os de Ir\u00e1n con el Evangelio<\/h3>\n\n<p><\/p>\n\n<p class=\"has-black-color has-text-color has-link-color wp-elements-8ad0009c7628f9f3e6e899962f77b225\">A trav\u00e9s de unos medios de comunicaci\u00f3n especialmente creados, con el apoyo de ministros infantiles formados, podemos garantizar que el mensaje del Evangelio sea escuchado y comprendido por los ni\u00f1os de Ir\u00e1n y que aquellos que respondan a \u00e9l sean discipulados y asesorados para que puedan crecer en una fe personal significativa en Jesucristo.<\/p>\n\n<p><\/p>\n\n<p><strong>Desarrollar un icono nacional:<\/strong> desde hace m\u00e1s de 20 a\u00f1os, los ni\u00f1os iran\u00edes adoran a una marioneta de televisi\u00f3n descarada y curiosa llamada &#8220;Chera&#8221; (=Por qu\u00e9). Las estad\u00edsticas de la televisi\u00f3n nacional iran\u00ed dicen que 10 millones de ni\u00f1os han visto programas de Chera.<\/p>\n\n<p>En 2014, el productor y titiritero de este icono nacional uni\u00f3 sus fuerzas a Transform Iran y ayud\u00f3 a crear una respuesta directa: Chonke&#8217; (=Porque). Chonke utiliza la voz original de la marioneta Chera. Se crearon unos 100 episodios que se han emitido muchas veces desde entonces, con una respuesta abrumadoramente positiva. Actualmente nos estamos preparando para un relanzamiento de la transici\u00f3n del querido Chonke a la animaci\u00f3n.<\/p>\n\n<div class=\"wp-block-columns is-layout-flex wp-container-core-columns-is-layout-9d6595d7 wp-block-columns-is-layout-flex\">\n<div class=\"wp-block-column is-layout-flow wp-block-column-is-layout-flow\">\n<figure class=\"wp-block-image size-large\"><img decoding=\"async\" width=\"1024\" height=\"790\" src=\"https:\/\/transformiran.com\/app\/uploads\/2024\/06\/222TV-Chonke-lite-1024x790.jpeg\" alt=\"Transform IranMarioneta Chonke\" class=\"wp-image-23623\" srcset=\"https:\/\/transformiran.com\/app\/uploads\/2024\/06\/222TV-Chonke-lite-1024x790.jpeg 1024w, https:\/\/transformiran.com\/app\/uploads\/2024\/06\/222TV-Chonke-lite-300x231.jpeg 300w, https:\/\/transformiran.com\/app\/uploads\/2024\/06\/222TV-Chonke-lite-768x592.jpeg 768w, https:\/\/transformiran.com\/app\/uploads\/2024\/06\/222TV-Chonke-lite-1536x1185.jpeg 1536w, https:\/\/transformiran.com\/app\/uploads\/2024\/06\/222TV-Chonke-lite-2048x1579.jpeg 2048w\" sizes=\"(max-width: 1024px) 100vw, 1024px\" \/><figcaption class=\"wp-element-caption\">2014 Marioneta Chonke creada por Transform Iran<\/figcaption><\/figure>\n<\/div>\n\n\n\n<div class=\"wp-block-column is-layout-flow wp-block-column-is-layout-flow\">\n<figure class=\"wp-block-image size-large\"><img decoding=\"async\" width=\"1024\" height=\"791\" src=\"https:\/\/transformiran.com\/app\/uploads\/2024\/11\/CheraChonke-website-homepage-Nov-2024-lite-1-1024x791.jpg\" alt=\"P&#xE1;gina de CheraChonke\" class=\"wp-image-27060\" srcset=\"https:\/\/transformiran.com\/app\/uploads\/2024\/11\/CheraChonke-website-homepage-Nov-2024-lite-1-1024x791.jpg 1024w, https:\/\/transformiran.com\/app\/uploads\/2024\/11\/CheraChonke-website-homepage-Nov-2024-lite-1-300x232.jpg 300w, https:\/\/transformiran.com\/app\/uploads\/2024\/11\/CheraChonke-website-homepage-Nov-2024-lite-1-768x593.jpg 768w, https:\/\/transformiran.com\/app\/uploads\/2024\/11\/CheraChonke-website-homepage-Nov-2024-lite-1-1536x1186.jpg 1536w, https:\/\/transformiran.com\/app\/uploads\/2024\/11\/CheraChonke-website-homepage-Nov-2024-lite-1.jpg 1861w\" sizes=\"(max-width: 1024px) 100vw, 1024px\" \/><figcaption class=\"wp-element-caption\">Sitio web cristiano a medida para ni\u00f1os iran\u00edes<\/figcaption><\/figure>\n<\/div>\n<\/div>\n\n<h3 class=\"wp-block-heading\">Recursos cristianos interactivos para ni\u00f1os iran\u00edes<\/h3>\n\n<p><\/p>\n\n<p><strong>Desarrollar un centro de recursos digitales:<\/strong> gracias a la generosa inversi\u00f3n de socios estrat\u00e9gicos, hemos creado un sitio web infantil a medida con una creciente riqueza de recursos para padres, pastores de ni\u00f1os y profesores, as\u00ed como presentaciones del Evangelio para ni\u00f1os, juegos interactivos, programas cristianos de TV y audio para ni\u00f1os y mucho m\u00e1s. <a href=\"http:\/\/www.cherachonke.com\/\" target=\"_blank\" rel=\"noreferrer noopener\">www.cherachonke.com<\/a> es una herramienta de evangelizaci\u00f3n innovadora para los ni\u00f1os de Ir\u00e1n.  <\/p>\n\n<p><\/p>\n\n<h3 class=\"wp-block-heading has-black-color has-text-color has-link-color wp-elements-bac22dea93b3271d8a4d164f5ba1838b\">Extensi\u00f3n comunitaria y apoyo presencial<\/h3>\n\n<p><\/p>\n\n<p>A trav\u00e9s de una serie de programas semanales adaptados de ayuda a la comunidad (OCJ), los ni\u00f1os cristianos -y aquellos a los que llegan- se re\u00fanen para construir comunidad, participar en actividades recreativas educativas, aprender sobre Jes\u00fas y crecer en su propia identidad y fe. El compa\u00f1erismo entre iguales fortalece a los ni\u00f1os en su comprensi\u00f3n del evangelio y en su confianza en la evangelizaci\u00f3n.   <\/p>\n\n<p><\/p>\n\n<p>La ayuda humanitaria satisface sus necesidades f\u00edsicas, incluyendo comidas nutritivas, ropa de invierno y regalos personalizados. La oraci\u00f3n y el apoyo espiritual atienden a toda la familia. <\/p>\n\n<p><\/p>\n\n<blockquote class=\"wp-block-quote is-layout-flow wp-block-quote-is-layout-flow\">\n<p>Es una forma emocionante de dar a los ni\u00f1os la oportunidad de comprender realmente qui\u00e9n es Jes\u00fas, lo que ha hecho por ellos y de encontrarse con \u00c9l en persona.<\/p>\n<\/blockquote>\n\n<p><\/p>\n\n<p>En pa\u00edses cerrados como Ir\u00e1n y Afganist\u00e1n, lo hacemos en grupos mucho m\u00e1s peque\u00f1os en los hogares, teniendo muy en cuenta su seguridad. Aqu\u00ed, la disponibilidad de medios digitales de calidad a trav\u00e9s de <a href=\"http:\/\/www.cherachonke.com\" target=\"_blank\" rel=\"noreferrer noopener\">www.cherachonke.com<\/a> se convierte en un imperativo. <\/p>\n\n<p><a href=\"https:\/\/transformiran.com\/es\/nuestro-trabajo\/operacion-alegria-navidena\/\">Leer m\u00e1s sobre Operation Christmas Joy (OCJ)<\/a><\/p>\n\n<p><\/p>\n\n<h3 class=\"wp-block-heading has-black-color has-text-color has-link-color wp-elements-f14fe22da13451a328025fdd75400284\">Formaci\u00f3n de Pastores de Ni\u00f1os y Evangelistas<\/h3>\n\n<p><\/p>\n\n<p>Transform Iran proporciona formaci\u00f3n en profundidad y en persona para que surjan pastores de ni\u00f1os y evangelistas que se aseguren de que el mensaje del Evangelio se presenta a los ni\u00f1os de un modo que puedan digerir f\u00e1cilmente y que resuene en sus corazones.<\/p>\n\n<p><\/p>\n\n<div class=\"wp-block-group has-blue-background-color has-background\"><div class=\"wp-block-group__inner-container is-layout-constrained wp-block-group-is-layout-constrained\">\n<h2 class=\"wp-block-heading has-white-color has-text-color has-link-color wp-elements-dbb8bc21313641cb1d63ebdde3adab08\">\u00bfAyudar\u00e1s a capacitar a los ni\u00f1os cristianos para la superaci\u00f3n?<\/h2>\n\n\n\n<p>Los ni\u00f1os de Ir\u00e1n necesitan nuestra ayuda para superar los retos a los que se enfrentan y mantenerse firmes en su fe. Tu apoyo puede marcar la diferencia en la vida de los ni\u00f1os iran\u00edes, ayud\u00e1ndoles a construir relaciones duraderas con Jes\u00fas y a convertirse en audaces testigos de Cristo en sus comunidades. <\/p>\n\n\n\n<div class=\"wp-block-buttons is-layout-flex wp-block-buttons-is-layout-flex\">\n<div class=\"wp-block-button\"><a class=\"wp-block-button__link wp-element-button\" href=\"https:\/\/transformiran.com\/es\/donar\/\">Haz un donativo<\/a><\/div>\n<\/div>\n<\/div><\/div>\n\n<p><\/p>\n","protected":false},"excerpt":{"rendered":"<p>Jes\u00fas dijo: &#8220;Dejad que los ni\u00f1os vengan a m\u00ed y no se lo impid\u00e1is, porque de los que son como ellos es el Reino de los Cielos&#8221;&#8221;. Mateo 19:14 Capacitar a la pr\u00f3xima generaci\u00f3n de Ir\u00e1n La importancia de llegar a los ni\u00f1os de Ir\u00e1n Los ni\u00f1os de Ir\u00e1n se enfrentan a inmensos retos: reg\u00edmenes [&hellip;]<\/p>\n","protected":false},"author":4,"featured_media":23446,"parent":11602,"menu_order":0,"comment_status":"closed","ping_status":"closed","template":"page-work.php","meta":{"_acf_changed":false,"give_campaign_id":0,"om_disable_all_campaigns":false,"_mi_skip_tracking":false,"footnotes":""},"class_list":["post-23640","page","type-page","status-publish","has-post-thumbnail","hentry"],"acf":[],"yoast_head":"<!-- This site is optimized with the Yoast SEO plugin v27.2 - https:\/\/yoast.com\/product\/yoast-seo-wordpress\/ -->\n<title>Llegar a los ni\u00f1os - Transform Iran<\/title>\n<meta name=\"robots\" content=\"index, follow, max-snippet:-1, max-image-preview:large, max-video-preview:-1\" \/>\n<link rel=\"canonical\" href=\"https:\/\/transformiran.com\/es\/nuestro-trabajo\/llegar-a-los-ninos\/\" \/>\n<meta property=\"og:locale\" content=\"es_ES\" \/>\n<meta property=\"og:type\" content=\"article\" \/>\n<meta property=\"og:title\" content=\"Llegar a los ni\u00f1os - Transform Iran\" \/>\n<meta property=\"og:description\" content=\"Jes\u00fas dijo: &#8220;Dejad que los ni\u00f1os vengan a m\u00ed y no se lo impid\u00e1is, porque de los que son como ellos es el Reino de los Cielos&#8221;&#8221;. Mateo 19:14 Capacitar a la pr\u00f3xima generaci\u00f3n de Ir\u00e1n La importancia de llegar a los ni\u00f1os de Ir\u00e1n Los ni\u00f1os de Ir\u00e1n se enfrentan a inmensos retos: reg\u00edmenes [&hellip;]\" \/>\n<meta property=\"og:url\" content=\"https:\/\/transformiran.com\/es\/nuestro-trabajo\/llegar-a-los-ninos\/\" \/>\n<meta property=\"og:site_name\" content=\"Transform Iran\" \/>\n<meta property=\"article:publisher\" content=\"https:\/\/www.facebook.com\/222MinistriesUSAInc\" \/>\n<meta property=\"article:modified_time\" content=\"2025-04-25T21:08:50+00:00\" \/>\n<meta property=\"og:image\" content=\"https:\/\/transformiran.com\/app\/uploads\/2024\/06\/child-looking-up-landscape-scaled.jpg\" \/>\n\t<meta property=\"og:image:width\" content=\"3000\" \/>\n\t<meta property=\"og:image:height\" content=\"2369\" \/>\n\t<meta property=\"og:image:type\" content=\"image\/jpeg\" \/>\n<meta name=\"twitter:card\" content=\"summary_large_image\" \/>\n<meta name=\"twitter:site\" content=\"@222minint\" \/>\n<meta name=\"twitter:label1\" content=\"Tiempo de lectura\" \/>\n\t<meta name=\"twitter:data1\" content=\"6 minutos\" \/>\n<script type=\"application\/ld+json\" class=\"yoast-schema-graph\">{\"@context\":\"https:\/\/schema.org\",\"@graph\":[{\"@type\":\"WebPage\",\"@id\":\"https:\/\/transformiran.com\/es\/nuestro-trabajo\/llegar-a-los-ninos\/\",\"url\":\"https:\/\/transformiran.com\/es\/nuestro-trabajo\/llegar-a-los-ninos\/\",\"name\":\"Llegar a los ni\u00f1os - Transform Iran\",\"isPartOf\":{\"@id\":\"https:\/\/transformiran.com\/es\/#website\"},\"primaryImageOfPage\":{\"@id\":\"https:\/\/transformiran.com\/es\/nuestro-trabajo\/llegar-a-los-ninos\/#primaryimage\"},\"image\":{\"@id\":\"https:\/\/transformiran.com\/es\/nuestro-trabajo\/llegar-a-los-ninos\/#primaryimage\"},\"thumbnailUrl\":\"https:\/\/transformiran.com\/app\/uploads\/2024\/06\/child-looking-up-landscape-scaled.jpg\",\"datePublished\":\"2024-06-03T22:45:38+00:00\",\"dateModified\":\"2025-04-25T21:08:50+00:00\",\"breadcrumb\":{\"@id\":\"https:\/\/transformiran.com\/es\/nuestro-trabajo\/llegar-a-los-ninos\/#breadcrumb\"},\"inLanguage\":\"es\",\"potentialAction\":[{\"@type\":\"ReadAction\",\"target\":[\"https:\/\/transformiran.com\/es\/nuestro-trabajo\/llegar-a-los-ninos\/\"]}]},{\"@type\":\"ImageObject\",\"inLanguage\":\"es\",\"@id\":\"https:\/\/transformiran.com\/es\/nuestro-trabajo\/llegar-a-los-ninos\/#primaryimage\",\"url\":\"https:\/\/transformiran.com\/app\/uploads\/2024\/06\/child-looking-up-landscape-scaled.jpg\",\"contentUrl\":\"https:\/\/transformiran.com\/app\/uploads\/2024\/06\/child-looking-up-landscape-scaled.jpg\",\"width\":3000,\"height\":2369},{\"@type\":\"BreadcrumbList\",\"@id\":\"https:\/\/transformiran.com\/es\/nuestro-trabajo\/llegar-a-los-ninos\/#breadcrumb\",\"itemListElement\":[{\"@type\":\"ListItem\",\"position\":1,\"name\":\"Home\",\"item\":\"https:\/\/transformiran.com\/es\/inicio-2\/\"},{\"@type\":\"ListItem\",\"position\":2,\"name\":\"Nuestro trabajo\",\"item\":\"https:\/\/transformiran.com\/es\/nuestro-trabajo\/\"},{\"@type\":\"ListItem\",\"position\":3,\"name\":\"Llegar a los ni\u00f1os\"}]},{\"@type\":\"WebSite\",\"@id\":\"https:\/\/transformiran.com\/es\/#website\",\"url\":\"https:\/\/transformiran.com\/es\/\",\"name\":\"Transform Iran\",\"description\":\"Bringing the love and power of Christ to Iran - and beyond\",\"publisher\":{\"@id\":\"https:\/\/transformiran.com\/es\/#organization\"},\"potentialAction\":[{\"@type\":\"SearchAction\",\"target\":{\"@type\":\"EntryPoint\",\"urlTemplate\":\"https:\/\/transformiran.com\/es\/?s={search_term_string}\"},\"query-input\":{\"@type\":\"PropertyValueSpecification\",\"valueRequired\":true,\"valueName\":\"search_term_string\"}}],\"inLanguage\":\"es\"},{\"@type\":\"Organization\",\"@id\":\"https:\/\/transformiran.com\/es\/#organization\",\"name\":\"Transform Iran\",\"url\":\"https:\/\/transformiran.com\/es\/\",\"logo\":{\"@type\":\"ImageObject\",\"inLanguage\":\"es\",\"@id\":\"https:\/\/transformiran.com\/es\/#\/schema\/logo\/image\/\",\"url\":\"https:\/\/transformiran.com\/app\/uploads\/2022\/11\/logo_grey.jpg\",\"contentUrl\":\"https:\/\/transformiran.com\/app\/uploads\/2022\/11\/logo_grey.jpg\",\"width\":528,\"height\":90,\"caption\":\"Transform Iran\"},\"image\":{\"@id\":\"https:\/\/transformiran.com\/es\/#\/schema\/logo\/image\/\"},\"sameAs\":[\"https:\/\/www.facebook.com\/222MinistriesUSAInc\",\"https:\/\/x.com\/222minint\",\"https:\/\/www.instagram.com\/222ministriesinternational\/\"]}]}<\/script>\n<!-- \/ Yoast SEO plugin. -->","yoast_head_json":{"title":"Llegar a los ni\u00f1os - Transform Iran","robots":{"index":"index","follow":"follow","max-snippet":"max-snippet:-1","max-image-preview":"max-image-preview:large","max-video-preview":"max-video-preview:-1"},"canonical":"https:\/\/transformiran.com\/es\/nuestro-trabajo\/llegar-a-los-ninos\/","og_locale":"es_ES","og_type":"article","og_title":"Llegar a los ni\u00f1os - Transform Iran","og_description":"Jes\u00fas dijo: &#8220;Dejad que los ni\u00f1os vengan a m\u00ed y no se lo impid\u00e1is, porque de los que son como ellos es el Reino de los Cielos&#8221;&#8221;. Mateo 19:14 Capacitar a la pr\u00f3xima generaci\u00f3n de Ir\u00e1n La importancia de llegar a los ni\u00f1os de Ir\u00e1n Los ni\u00f1os de Ir\u00e1n se enfrentan a inmensos retos: reg\u00edmenes [&hellip;]","og_url":"https:\/\/transformiran.com\/es\/nuestro-trabajo\/llegar-a-los-ninos\/","og_site_name":"Transform Iran","article_publisher":"https:\/\/www.facebook.com\/222MinistriesUSAInc","article_modified_time":"2025-04-25T21:08:50+00:00","og_image":[{"width":3000,"height":2369,"url":"https:\/\/transformiran.com\/app\/uploads\/2024\/06\/child-looking-up-landscape-scaled.jpg","type":"image\/jpeg"}],"twitter_card":"summary_large_image","twitter_site":"@222minint","twitter_misc":{"Tiempo de lectura":"6 minutos"},"schema":{"@context":"https:\/\/schema.org","@graph":[{"@type":"WebPage","@id":"https:\/\/transformiran.com\/es\/nuestro-trabajo\/llegar-a-los-ninos\/","url":"https:\/\/transformiran.com\/es\/nuestro-trabajo\/llegar-a-los-ninos\/","name":"Llegar a los ni\u00f1os - Transform Iran","isPartOf":{"@id":"https:\/\/transformiran.com\/es\/#website"},"primaryImageOfPage":{"@id":"https:\/\/transformiran.com\/es\/nuestro-trabajo\/llegar-a-los-ninos\/#primaryimage"},"image":{"@id":"https:\/\/transformiran.com\/es\/nuestro-trabajo\/llegar-a-los-ninos\/#primaryimage"},"thumbnailUrl":"https:\/\/transformiran.com\/app\/uploads\/2024\/06\/child-looking-up-landscape-scaled.jpg","datePublished":"2024-06-03T22:45:38+00:00","dateModified":"2025-04-25T21:08:50+00:00","breadcrumb":{"@id":"https:\/\/transformiran.com\/es\/nuestro-trabajo\/llegar-a-los-ninos\/#breadcrumb"},"inLanguage":"es","potentialAction":[{"@type":"ReadAction","target":["https:\/\/transformiran.com\/es\/nuestro-trabajo\/llegar-a-los-ninos\/"]}]},{"@type":"ImageObject","inLanguage":"es","@id":"https:\/\/transformiran.com\/es\/nuestro-trabajo\/llegar-a-los-ninos\/#primaryimage","url":"https:\/\/transformiran.com\/app\/uploads\/2024\/06\/child-looking-up-landscape-scaled.jpg","contentUrl":"https:\/\/transformiran.com\/app\/uploads\/2024\/06\/child-looking-up-landscape-scaled.jpg","width":3000,"height":2369},{"@type":"BreadcrumbList","@id":"https:\/\/transformiran.com\/es\/nuestro-trabajo\/llegar-a-los-ninos\/#breadcrumb","itemListElement":[{"@type":"ListItem","position":1,"name":"Home","item":"https:\/\/transformiran.com\/es\/inicio-2\/"},{"@type":"ListItem","position":2,"name":"Nuestro trabajo","item":"https:\/\/transformiran.com\/es\/nuestro-trabajo\/"},{"@type":"ListItem","position":3,"name":"Llegar a los ni\u00f1os"}]},{"@type":"WebSite","@id":"https:\/\/transformiran.com\/es\/#website","url":"https:\/\/transformiran.com\/es\/","name":"Transform Iran","description":"Bringing the love and power of Christ to Iran - and beyond","publisher":{"@id":"https:\/\/transformiran.com\/es\/#organization"},"potentialAction":[{"@type":"SearchAction","target":{"@type":"EntryPoint","urlTemplate":"https:\/\/transformiran.com\/es\/?s={search_term_string}"},"query-input":{"@type":"PropertyValueSpecification","valueRequired":true,"valueName":"search_term_string"}}],"inLanguage":"es"},{"@type":"Organization","@id":"https:\/\/transformiran.com\/es\/#organization","name":"Transform Iran","url":"https:\/\/transformiran.com\/es\/","logo":{"@type":"ImageObject","inLanguage":"es","@id":"https:\/\/transformiran.com\/es\/#\/schema\/logo\/image\/","url":"https:\/\/transformiran.com\/app\/uploads\/2022\/11\/logo_grey.jpg","contentUrl":"https:\/\/transformiran.com\/app\/uploads\/2022\/11\/logo_grey.jpg","width":528,"height":90,"caption":"Transform Iran"},"image":{"@id":"https:\/\/transformiran.com\/es\/#\/schema\/logo\/image\/"},"sameAs":["https:\/\/www.facebook.com\/222MinistriesUSAInc","https:\/\/x.com\/222minint","https:\/\/www.instagram.com\/222ministriesinternational\/"]}]}},"campaignId":"","_links":{"self":[{"href":"https:\/\/transformiran.com\/es\/wp-json\/wp\/v2\/pages\/23640","targetHints":{"allow":["GET"]}}],"collection":[{"href":"https:\/\/transformiran.com\/es\/wp-json\/wp\/v2\/pages"}],"about":[{"href":"https:\/\/transformiran.com\/es\/wp-json\/wp\/v2\/types\/page"}],"author":[{"embeddable":true,"href":"https:\/\/transformiran.com\/es\/wp-json\/wp\/v2\/users\/4"}],"replies":[{"embeddable":true,"href":"https:\/\/transformiran.com\/es\/wp-json\/wp\/v2\/comments?post=23640"}],"version-history":[{"count":0,"href":"https:\/\/transformiran.com\/es\/wp-json\/wp\/v2\/pages\/23640\/revisions"}],"up":[{"embeddable":true,"href":"https:\/\/transformiran.com\/es\/wp-json\/wp\/v2\/pages\/11602"}],"wp:featuredmedia":[{"embeddable":true,"href":"https:\/\/transformiran.com\/es\/wp-json\/wp\/v2\/media\/23446"}],"wp:attachment":[{"href":"https:\/\/transformiran.com\/es\/wp-json\/wp\/v2\/media?parent=23640"}],"curies":[{"name":"wp","href":"https:\/\/api.w.org\/{rel}","templated":true}]}}