{"id":26728,"date":"2024-11-08T02:32:46","date_gmt":"2024-11-08T02:32:46","guid":{"rendered":"https:\/\/transformiran.com\/esta-navidad-apoya-a-los-ninos-de-iran\/"},"modified":"2025-04-02T11:04:18","modified_gmt":"2025-04-02T10:04:18","slug":"esta-navidad-apoya-a-los-ninos-de-iran","status":"publish","type":"page","link":"https:\/\/transformiran.com\/es\/esta-navidad-apoya-a-los-ninos-de-iran\/","title":{"rendered":"Esta Navidad: Apoya a los ni\u00f1os de Ir\u00e1n"},"content":{"rendered":"\n<p><\/p>\n\n<p class=\"has-vivid-red-color has-text-color has-link-color has-medium-font-size wp-elements-b7b8ceb613f121ab4c3bdc00c63287f7\"><strong>En esta temporada de regalos, \u00bfpodr\u00edas pensar en los ni\u00f1os de Ir\u00e1n?<\/strong><\/p>\n\n<p><\/p>\n\n<h2 class=\"wp-block-heading\"><strong>La necesidad es urgente. El Impacto es Eterno. <\/strong><\/h2>\n\n<p>Los ni\u00f1os de Ir\u00e1n se enfrentan a retos sin precedentes. Desde reg\u00edmenes opresivos hasta el aumento de la pobreza y los efectos devastadores de la guerra, estos j\u00f3venes corazones necesitan un fundamento de esperanza y amor. Muchos de estos ni\u00f1os -tanto en Ir\u00e1n como refugiados en pa\u00edses vecinos- se est\u00e1n volviendo a Cristo, encontrando fuerza en Su mensaje. Pero necesitan nuestra ayuda para crecer en su fe y mantenerse fuertes ante la adversidad.   <\/p>\n\n<p><\/p>\n\n<blockquote class=\"wp-block-quote is-layout-flow wp-block-quote-is-layout-flow\">\n<p>Todas las ma\u00f1anas, antes de ir al colegio, nuestro hijo reza: &#8216;Jes\u00fas, por favor, prot\u00e9geme para que no me peguen hoy&#8217;.<\/p>\n<\/blockquote>\n\n<div class=\"wp-block-group has-background\" style=\"background-color:#e9ebe9\"><div class=\"wp-block-group__inner-container is-layout-constrained wp-block-group-is-layout-constrained\">\n<h2 class=\"wp-block-heading\"><strong>Puedes marcar una diferencia duradera.<\/strong><\/h2>\n\n\n\n<p>Con tu apoyo, podemos proporcionar a los ni\u00f1os iran\u00edes los recursos, la comunidad cristiana y la orientaci\u00f3n que necesitan para prosperar. Juntos, podemos ayudarles a mantenerse firmes en su fe y a dar testimonio al mundo que les rodea.   <mark style=\"background-color:rgba(0, 0, 0, 0)\" class=\"has-inline-color has-vivid-red-color\">\u00bfNos ayudar\u00e1s a alcanzar nuestro objetivo de llegar a 1.000 ni\u00f1os esta temporada de donaciones?<\/mark><\/p>\n\n\n\n<div class=\"wp-block-buttons is-layout-flex wp-block-buttons-is-layout-flex\">\n<div class=\"wp-block-button\"><a class=\"wp-block-button__link has-white-color has-vivid-red-background-color has-text-color has-background has-link-color wp-element-button\" href=\"https:\/\/transformiran.com\/es\/donar\/\"><strong>Haz un donativo<\/strong><\/a><\/div>\n<\/div>\n<\/div><\/div>\n\n<hr class=\"wp-block-separator has-alpha-channel-opacity\"\/>\n\n<h2 class=\"wp-block-heading\"><strong>Por qu\u00e9 es importante tu apoyo<\/strong><\/h2>\n\n<h4 class=\"wp-block-heading has-black-color has-text-color has-link-color wp-elements-0d0c6de62630f973fb96ddf2ed4b3d11\"><strong>Los ni\u00f1os de Ir\u00e1n se enfrentan a retos inimaginables:<\/strong><\/h4>\n\n<p><\/p>\n\n<ul class=\"wp-block-list\">\n<li><strong>En Ir\u00e1n:<\/strong> Se enfrentan a una intensa presi\u00f3n para ajustarse a una ideolog\u00eda impulsada por el Estado, en la que el estudio del Islam es obligatorio. Sin embargo, en medio de la dura persecuci\u00f3n diaria, muchos eligen seguir a Cristo. Est\u00e1n creciendo en un r\u00e9gimen que limita su libertad, su voz e incluso su futuro. Sin la esperanza de Cristo, una generaci\u00f3n est\u00e1 creciendo con \u00edndices alarmantes de adicci\u00f3n, depresi\u00f3n, ansiedad y suicidio.   <br\/><\/li>\n\n\n\n<li><strong>Como refugiados:<\/strong> Muchos ni\u00f1os iran\u00edes han tenido que huir de sus hogares debido a la fe o las creencias pol\u00edticas de sus padres. Como refugiados, viven en circunstancias desesperadas (acceso limitado al trabajo o a la atenci\u00f3n m\u00e9dica), bajo la amenaza constante de deportaci\u00f3n, abusos y aislamiento. Estos ni\u00f1os siguen sufriendo la persecuci\u00f3n de compa\u00f1eros y profesores en la escuela.  <\/li>\n<\/ul>\n\n<p><\/p>\n\n<blockquote class=\"wp-block-quote is-layout-flow wp-block-quote-is-layout-flow\">\n<p>La m\u00e1s m\u00ednima cosa que pueda ser una irritaci\u00f3n para otros alumnos o profesores tiene graves consecuencias f\u00edsicas para nosotros. Tenemos menos derechos y oportunidades de hablar o contribuir en clase; nuestras opiniones no son bienvenidas. Los profesores nos ponen a prueba e intentan sorprendernos con sus preguntas. Nos someten a una gran tensi\u00f3n emocional y mental. Entre todo esto, siempre est\u00e1 el miedo a una deportaci\u00f3n repentina. A algunos de nuestros amigos les han sacado literalmente de clase y les han enviado a la fuerza a un campo sin sus familias.     <\/p>\n<\/blockquote>\n\n<p><\/p>\n\n<h4 class=\"wp-block-heading has-black-color has-text-color has-link-color wp-elements-095e9edb179ea4a265c977a509e7cdb8\"><strong>En ambos contextos, la educaci\u00f3n cristiana y el apoyo son vitales. A trav\u00e9s de tus donativos, podemos proporcionar: <\/strong><\/h4>\n\n<p><\/p>\n\n<ul class=\"wp-block-list\">\n<li><strong>Apoyo entre iguales<\/strong> que ayuda a los ni\u00f1os a conectar con otros que comparten su fe<br\/><\/li>\n\n\n\n<li><strong>Materiales basados en la Biblia<\/strong> que sean culturalmente relevantes y atractivos<br\/><\/li>\n\n\n\n<li><strong>Herramientas digitales<\/strong> para continuar su aprendizaje y construir su fe, incluso en circunstancias dif\u00edciles<br\/><\/li>\n\n\n\n<li><strong>Ayuda humanitaria<\/strong> para ayudarles a cubrir sus necesidades inmediatas, incluida ropa de abrigo para el invierno, ayuda para calentar sus casas en invierno (muchas familias tienen que elegir entre comer o calentarse) y comidas regulares.<\/li>\n<\/ul>\n\n<p><\/p>\n\n<p class=\"has-vivid-red-color has-text-color has-link-color has-medium-font-size wp-elements-6b1f5a78e483142bca759d4991e75492\"><strong>Cada donativo nos ayuda a llevar esperanza a estos ni\u00f1os, asegur\u00e1ndonos de que no est\u00e1n solos y de que tienen los recursos para crecer en su relaci\u00f3n con Cristo.<\/strong><\/p>\n\n<p><\/p>\n\n<figure class=\"wp-block-embed is-type-video is-provider-youtube wp-block-embed-youtube wp-embed-aspect-16-9 wp-has-aspect-ratio\"><div class=\"wp-block-embed__wrapper\">\n<iframe title=\"\ud83c\udf84 Beaten at School for Celebrating Christmas?\" width=\"500\" height=\"281\" src=\"https:\/\/www.youtube.com\/embed\/U3MoPmF9HKw?feature=oembed\" frameborder=\"0\" allow=\"accelerometer; autoplay; clipboard-write; encrypted-media; gyroscope; picture-in-picture; web-share\" referrerpolicy=\"strict-origin-when-cross-origin\" allowfullscreen><\/iframe>\n<\/div><\/figure>\n\n<p><\/p>\n\n<p><\/p>\n\n<hr class=\"wp-block-separator has-alpha-channel-opacity\"\/>\n\n<div class=\"wp-block-group has-background\" style=\"background-color:#e9ebe9\"><div class=\"wp-block-group__inner-container is-layout-constrained wp-block-group-is-layout-constrained\">\n<h2 class=\"wp-block-heading has-black-color has-text-color has-link-color wp-elements-6ff579589064fddefa82241f0438db8c\"><strong>C\u00f3mo repercute tu donaci\u00f3n<\/strong><\/h2>\n\n\n\n<ul class=\"wp-block-list\">\n<li><strong>7 $<\/strong> &#8211; Da una comida a un ni\u00f1o hambriento<\/li>\n\n\n\n<li><strong>75 $<\/strong> &#8211; Hace un regalo a un ni\u00f1o necesitado (incluyendo ropa de invierno y golosinas personalizadas)<\/li>\n\n\n\n<li><strong>350 $<\/strong> &#8211; Proporciona calefacci\u00f3n a una vivienda durante 3 meses en invierno<\/li>\n\n\n\n<li><strong>470 $<\/strong> &#8211; Da 6 semanas de apoyo comunitario a un grupo de 10 ni\u00f1os desplazados\/refugiados, incluyendo comidas abundantes, compa\u00f1erismo entre iguales y actividades recreativas.  <\/li>\n\n\n\n<li><strong>800 $<\/strong> &#8211; Da un programa de televisi\u00f3n infantil animado de 30 minutos hecho a medida con contenido b\u00edblico culturalmente relevante<\/li>\n\n\n\n<li><strong>1.500 $<\/strong> &#8211; Ofrece 52 actos de oraci\u00f3n semanales a trav\u00e9s de un enlace audiovisual para todos los ni\u00f1os cristianos desplazados\/refugiados de Turqu\u00eda.<\/li>\n\n\n\n<li><strong>12.000 $<\/strong> &#8211; Proporciona un a\u00f1o de contenido nuevo y regular sobre m\u00fasica y artesan\u00eda para el sitio web y para su uso en actos de divulgaci\u00f3n en Ir\u00e1n\/Afganist\u00e1n.<\/li>\n<\/ul>\n\n\n\n<p><\/p>\n\n\n\n<p class=\"has-vivid-red-color has-text-color has-link-color has-medium-font-size wp-elements-14555b765b442d3924b07de576ed09c2\"><strong>No importa el tama\u00f1o, tu donativo tiene el poder de transformar vidas.  <\/strong><\/p>\n\n\n\n<p class=\"has-black-color has-text-color has-link-color wp-elements-289abf155e7357d2e1a2c4b381bfc4e7\"><strong>Con tu ayuda, estos ni\u00f1os no s\u00f3lo crecer\u00e1n en la fe, sino que se convertir\u00e1n en la pr\u00f3xima generaci\u00f3n de creyentes que se mantendr\u00e1n firmes por Cristo.<\/strong><\/p>\n<\/div><\/div>\n\n<div class=\"wp-block-columns is-layout-flex wp-container-core-columns-is-layout-9d6595d7 wp-block-columns-is-layout-flex\">\n<div class=\"wp-block-column is-layout-flow wp-block-column-is-layout-flow\" style=\"flex-basis:25%\">\n<figure class=\"wp-block-image size-large\"><img decoding=\"async\" width=\"720\" height=\"960\" src=\"https:\/\/transformiran.com\/app\/uploads\/2024\/11\/OCJ-2024_10-10-edited.jpg\" alt=\"\" class=\"wp-image-26693\" srcset=\"https:\/\/transformiran.com\/app\/uploads\/2024\/11\/OCJ-2024_10-10-edited.jpg 720w, https:\/\/transformiran.com\/app\/uploads\/2024\/11\/OCJ-2024_10-10-edited-225x300.jpg 225w\" sizes=\"(max-width: 720px) 100vw, 720px\" \/><\/figure>\n<\/div>\n\n\n\n<div class=\"wp-block-column is-layout-flow wp-block-column-is-layout-flow\" style=\"flex-basis:50%\">\n<figure class=\"wp-block-image size-large\"><img decoding=\"async\" width=\"1280\" height=\"853\" src=\"https:\/\/transformiran.com\/app\/uploads\/2024\/11\/OCJ-2024_10-1-1-edited.jpg\" alt=\"\" class=\"wp-image-26707\" srcset=\"https:\/\/transformiran.com\/app\/uploads\/2024\/11\/OCJ-2024_10-1-1-edited.jpg 1280w, https:\/\/transformiran.com\/app\/uploads\/2024\/11\/OCJ-2024_10-1-1-edited-300x200.jpg 300w, https:\/\/transformiran.com\/app\/uploads\/2024\/11\/OCJ-2024_10-1-1-edited-1024x682.jpg 1024w, https:\/\/transformiran.com\/app\/uploads\/2024\/11\/OCJ-2024_10-1-1-edited-768x512.jpg 768w\" sizes=\"(max-width: 1280px) 100vw, 1280px\" \/><\/figure>\n<\/div>\n\n\n\n<div class=\"wp-block-column is-layout-flow wp-block-column-is-layout-flow\" style=\"flex-basis:25%\">\n<figure class=\"wp-block-image size-large\"><img decoding=\"async\" width=\"576\" height=\"768\" src=\"https:\/\/transformiran.com\/app\/uploads\/2024\/11\/OCJ-2024_10-9-edited.jpg\" alt=\"\" class=\"wp-image-26700\" srcset=\"https:\/\/transformiran.com\/app\/uploads\/2024\/11\/OCJ-2024_10-9-edited.jpg 576w, https:\/\/transformiran.com\/app\/uploads\/2024\/11\/OCJ-2024_10-9-edited-225x300.jpg 225w\" sizes=\"(max-width: 576px) 100vw, 576px\" \/><\/figure>\n<\/div>\n<\/div>\n\n<p class=\"has-black-color has-text-color has-link-color wp-elements-9ac00cf961d1ea846fe5a532228b76c6\"><\/p>\n\n<hr class=\"wp-block-separator has-alpha-channel-opacity\"\/>\n\n<h2 class=\"wp-block-heading\"><strong>\u00danete a nosotros para llegar a los ni\u00f1os de Ir\u00e1n<\/strong><\/h2>\n\n<p>Estos ni\u00f1os est\u00e1n en una edad cr\u00edtica, en la que est\u00e1n formando su visi\u00f3n del mundo, tomando decisiones sobre su futuro y descubriendo su identidad. Juntos, podemos proporcionarles una base de fe que les afectar\u00e1 toda la vida. <\/p>\n\n<p><\/p>\n\n<p class=\"has-vivid-red-color has-text-color has-link-color has-medium-font-size wp-elements-e871f047ade65e372527ea1384db3a3d\"><strong>Esta temporada de donaciones, \u00bfnos ayudar\u00e1s a capacitar a estos ni\u00f1os cristianos iran\u00edes para que se mantengan firmes?<\/strong><\/p>\n\n<div class=\"wp-block-buttons is-layout-flex wp-block-buttons-is-layout-flex\">\n<div class=\"wp-block-button\"><a class=\"wp-block-button__link has-white-color has-vivid-red-background-color has-text-color has-background has-link-color wp-element-button\" href=\"https:\/\/transformiran.com\/es\/donar\/\"><strong>Haz un donativo<\/strong><\/a><\/div>\n<\/div>\n\n<p>Ayuda a dar a estos ni\u00f1os las herramientas que necesitan para crecer en su fe, entablar relaciones duraderas con otros creyentes y convertirse en audaces testigos de Cristo en sus comunidades.<\/p>\n\n<p><\/p>\n\n<hr class=\"wp-block-separator has-alpha-channel-opacity\"\/>\n\n<div class=\"wp-block-columns has-background is-layout-flex wp-container-core-columns-is-layout-9d6595d7 wp-block-columns-is-layout-flex\" style=\"background-color:#e9ebe9\">\n<div class=\"wp-block-column is-layout-flow wp-block-column-is-layout-flow\" style=\"flex-basis:100%\">\n<div class=\"wp-block-group\"><div class=\"wp-block-group__inner-container is-layout-constrained wp-block-group-is-layout-constrained\">\n<h2 class=\"wp-block-heading\"><strong>Tu apoyo cambia vidas<\/strong><\/h2>\n\n\n\n<p>Transform Iran tiene d\u00e9cadas de experiencia en llegar a los musulmanes de habla farsi y capacitarlos para vivir su fe en circunstancias dif\u00edciles. Ahora nos centramos en la pr\u00f3xima generaci\u00f3n, garantizando que los ni\u00f1os tengan acceso al apoyo, la educaci\u00f3n y la comunidad que necesitan para crecer en Cristo. <\/p>\n\n\n\n<p><\/p>\n\n\n\n<p class=\"has-text-color has-link-color has-medium-font-size wp-elements-3eb807553cd0e6a235eef7d5271507b5\" style=\"color:#b38e44\"><strong>Cada regalo importa. Cada ni\u00f1o importa. <\/strong><\/p>\n\n\n\n<p><\/p>\n\n\n\n<p>Tu apoyo nos ayuda a proporcionar los recursos y la ayuda que estos ni\u00f1os necesitan desesperadamente para mantenerse firmes en su fe.<\/p>\n\n\n\n<div class=\"wp-block-buttons is-layout-flex wp-block-buttons-is-layout-flex\">\n<div class=\"wp-block-button\"><a class=\"wp-block-button__link has-white-color has-vivid-red-background-color has-text-color has-background has-link-color wp-element-button\" href=\"https:\/\/transformiran.com\/es\/donar\/\"><strong>Haz un donativo<\/strong><\/a><\/div>\n<\/div>\n\n\n\n<p class=\"has-vivid-red-color has-text-color has-link-color has-medium-font-size wp-elements-497dab1ad6c4cb10573319cdc44ffe22\"><strong>Ayuda a empoderar a los ni\u00f1os cristianos iran\u00edes y forma parte de un movimiento que est\u00e1 cambiando el futuro de Ir\u00e1n.<\/strong><\/p>\n\n\n\n<p><\/p>\n<\/div><\/div>\n<\/div>\n<\/div>\n\n<hr class=\"wp-block-separator has-alpha-channel-opacity\"\/>\n\n<h2 class=\"wp-block-heading\"><strong>Gracias por tu generosidad<\/strong><\/h2>\n\n<p><strong>Con tu apoyo, estamos aportando un cambio duradero a los ni\u00f1os de Ir\u00e1n y de las comunidades de refugiados circundantes. Juntos, podemos crear una generaci\u00f3n de creyentes que se mantengan firmes en su fe y compartan con valent\u00eda el amor de Cristo con el mundo. <\/strong><\/p>\n\n<hr class=\"wp-block-separator has-alpha-channel-opacity\"\/>\n\n<p><\/p>\n\n<p><a href=\"https:\/\/transformiran.com\/es\/nuestro-trabajo\/llegar-a-los-ninos\/\">M\u00e1s informaci\u00f3n sobre nuestro trabajo para llegar a los ni\u00f1os de Ir\u00e1n<\/a><\/p>\n\n<p><\/p>\n","protected":false},"excerpt":{"rendered":"<p>En esta temporada de regalos, \u00bfpodr\u00edas pensar en los ni\u00f1os de Ir\u00e1n? La necesidad es urgente. El Impacto es Eterno. Los ni\u00f1os de Ir\u00e1n se enfrentan a retos sin precedentes. Desde reg\u00edmenes opresivos hasta el aumento de la pobreza y los efectos devastadores de la guerra, estos j\u00f3venes corazones necesitan un fundamento de esperanza y [&hellip;]<\/p>\n","protected":false},"author":6,"featured_media":26632,"parent":0,"menu_order":0,"comment_status":"closed","ping_status":"closed","template":"page-basic.php","meta":{"_acf_changed":false,"give_campaign_id":0,"om_disable_all_campaigns":false,"_mi_skip_tracking":false,"footnotes":""},"class_list":["post-26728","page","type-page","status-publish","has-post-thumbnail","hentry"],"acf":[],"yoast_head":"<!-- This site is optimized with the Yoast SEO plugin v27.2 - https:\/\/yoast.com\/product\/yoast-seo-wordpress\/ -->\n<title>Esta Navidad: Apoya a los ni\u00f1os de Ir\u00e1n - Transform Iran<\/title>\n<meta name=\"robots\" content=\"index, follow, max-snippet:-1, max-image-preview:large, max-video-preview:-1\" \/>\n<link rel=\"canonical\" href=\"https:\/\/transformiran.com\/es\/esta-navidad-apoya-a-los-ninos-de-iran\/\" \/>\n<meta property=\"og:locale\" content=\"es_ES\" \/>\n<meta property=\"og:type\" content=\"article\" \/>\n<meta property=\"og:title\" content=\"Esta Navidad: Apoya a los ni\u00f1os de Ir\u00e1n - Transform Iran\" \/>\n<meta property=\"og:description\" content=\"En esta temporada de regalos, \u00bfpodr\u00edas pensar en los ni\u00f1os de Ir\u00e1n? La necesidad es urgente. El Impacto es Eterno. Los ni\u00f1os de Ir\u00e1n se enfrentan a retos sin precedentes. Desde reg\u00edmenes opresivos hasta el aumento de la pobreza y los efectos devastadores de la guerra, estos j\u00f3venes corazones necesitan un fundamento de esperanza y [&hellip;]\" \/>\n<meta property=\"og:url\" content=\"https:\/\/transformiran.com\/es\/esta-navidad-apoya-a-los-ninos-de-iran\/\" \/>\n<meta property=\"og:site_name\" content=\"Transform Iran\" \/>\n<meta property=\"article:publisher\" content=\"https:\/\/www.facebook.com\/222MinistriesUSAInc\" \/>\n<meta property=\"article:modified_time\" content=\"2025-04-02T10:04:18+00:00\" \/>\n<meta property=\"og:image\" content=\"https:\/\/transformiran.com\/app\/uploads\/2024\/11\/shutterstock_659053195-scaled.jpg\" \/>\n\t<meta property=\"og:image:width\" content=\"3000\" \/>\n\t<meta property=\"og:image:height\" content=\"2000\" \/>\n\t<meta property=\"og:image:type\" content=\"image\/jpeg\" \/>\n<meta name=\"twitter:card\" content=\"summary_large_image\" \/>\n<meta name=\"twitter:site\" content=\"@222minint\" \/>\n<meta name=\"twitter:label1\" content=\"Tiempo de lectura\" \/>\n\t<meta name=\"twitter:data1\" content=\"5 minutos\" \/>\n<script type=\"application\/ld+json\" class=\"yoast-schema-graph\">{\"@context\":\"https:\/\/schema.org\",\"@graph\":[{\"@type\":\"WebPage\",\"@id\":\"https:\/\/transformiran.com\/es\/esta-navidad-apoya-a-los-ninos-de-iran\/\",\"url\":\"https:\/\/transformiran.com\/es\/esta-navidad-apoya-a-los-ninos-de-iran\/\",\"name\":\"Esta Navidad: Apoya a los ni\u00f1os de Ir\u00e1n - Transform Iran\",\"isPartOf\":{\"@id\":\"https:\/\/transformiran.com\/es\/#website\"},\"primaryImageOfPage\":{\"@id\":\"https:\/\/transformiran.com\/es\/esta-navidad-apoya-a-los-ninos-de-iran\/#primaryimage\"},\"image\":{\"@id\":\"https:\/\/transformiran.com\/es\/esta-navidad-apoya-a-los-ninos-de-iran\/#primaryimage\"},\"thumbnailUrl\":\"https:\/\/transformiran.com\/app\/uploads\/2024\/11\/shutterstock_659053195-scaled.jpg\",\"datePublished\":\"2024-11-08T02:32:46+00:00\",\"dateModified\":\"2025-04-02T10:04:18+00:00\",\"breadcrumb\":{\"@id\":\"https:\/\/transformiran.com\/es\/esta-navidad-apoya-a-los-ninos-de-iran\/#breadcrumb\"},\"inLanguage\":\"es\",\"potentialAction\":[{\"@type\":\"ReadAction\",\"target\":[\"https:\/\/transformiran.com\/es\/esta-navidad-apoya-a-los-ninos-de-iran\/\"]}]},{\"@type\":\"ImageObject\",\"inLanguage\":\"es\",\"@id\":\"https:\/\/transformiran.com\/es\/esta-navidad-apoya-a-los-ninos-de-iran\/#primaryimage\",\"url\":\"https:\/\/transformiran.com\/app\/uploads\/2024\/11\/shutterstock_659053195-scaled.jpg\",\"contentUrl\":\"https:\/\/transformiran.com\/app\/uploads\/2024\/11\/shutterstock_659053195-scaled.jpg\",\"width\":3000,\"height\":2000},{\"@type\":\"BreadcrumbList\",\"@id\":\"https:\/\/transformiran.com\/es\/esta-navidad-apoya-a-los-ninos-de-iran\/#breadcrumb\",\"itemListElement\":[{\"@type\":\"ListItem\",\"position\":1,\"name\":\"Home\",\"item\":\"https:\/\/transformiran.com\/es\/inicio-2\/\"},{\"@type\":\"ListItem\",\"position\":2,\"name\":\"Esta Navidad: Apoya a los ni\u00f1os de Ir\u00e1n\"}]},{\"@type\":\"WebSite\",\"@id\":\"https:\/\/transformiran.com\/es\/#website\",\"url\":\"https:\/\/transformiran.com\/es\/\",\"name\":\"Transform Iran\",\"description\":\"Bringing the love and power of Christ to Iran - and beyond\",\"publisher\":{\"@id\":\"https:\/\/transformiran.com\/es\/#organization\"},\"potentialAction\":[{\"@type\":\"SearchAction\",\"target\":{\"@type\":\"EntryPoint\",\"urlTemplate\":\"https:\/\/transformiran.com\/es\/?s={search_term_string}\"},\"query-input\":{\"@type\":\"PropertyValueSpecification\",\"valueRequired\":true,\"valueName\":\"search_term_string\"}}],\"inLanguage\":\"es\"},{\"@type\":\"Organization\",\"@id\":\"https:\/\/transformiran.com\/es\/#organization\",\"name\":\"Transform Iran\",\"url\":\"https:\/\/transformiran.com\/es\/\",\"logo\":{\"@type\":\"ImageObject\",\"inLanguage\":\"es\",\"@id\":\"https:\/\/transformiran.com\/es\/#\/schema\/logo\/image\/\",\"url\":\"https:\/\/transformiran.com\/app\/uploads\/2022\/11\/logo_grey.jpg\",\"contentUrl\":\"https:\/\/transformiran.com\/app\/uploads\/2022\/11\/logo_grey.jpg\",\"width\":528,\"height\":90,\"caption\":\"Transform Iran\"},\"image\":{\"@id\":\"https:\/\/transformiran.com\/es\/#\/schema\/logo\/image\/\"},\"sameAs\":[\"https:\/\/www.facebook.com\/222MinistriesUSAInc\",\"https:\/\/x.com\/222minint\",\"https:\/\/www.instagram.com\/222ministriesinternational\/\"]}]}<\/script>\n<!-- \/ Yoast SEO plugin. -->","yoast_head_json":{"title":"Esta Navidad: Apoya a los ni\u00f1os de Ir\u00e1n - Transform Iran","robots":{"index":"index","follow":"follow","max-snippet":"max-snippet:-1","max-image-preview":"max-image-preview:large","max-video-preview":"max-video-preview:-1"},"canonical":"https:\/\/transformiran.com\/es\/esta-navidad-apoya-a-los-ninos-de-iran\/","og_locale":"es_ES","og_type":"article","og_title":"Esta Navidad: Apoya a los ni\u00f1os de Ir\u00e1n - Transform Iran","og_description":"En esta temporada de regalos, \u00bfpodr\u00edas pensar en los ni\u00f1os de Ir\u00e1n? La necesidad es urgente. El Impacto es Eterno. Los ni\u00f1os de Ir\u00e1n se enfrentan a retos sin precedentes. Desde reg\u00edmenes opresivos hasta el aumento de la pobreza y los efectos devastadores de la guerra, estos j\u00f3venes corazones necesitan un fundamento de esperanza y [&hellip;]","og_url":"https:\/\/transformiran.com\/es\/esta-navidad-apoya-a-los-ninos-de-iran\/","og_site_name":"Transform Iran","article_publisher":"https:\/\/www.facebook.com\/222MinistriesUSAInc","article_modified_time":"2025-04-02T10:04:18+00:00","og_image":[{"width":3000,"height":2000,"url":"https:\/\/transformiran.com\/app\/uploads\/2024\/11\/shutterstock_659053195-scaled.jpg","type":"image\/jpeg"}],"twitter_card":"summary_large_image","twitter_site":"@222minint","twitter_misc":{"Tiempo de lectura":"5 minutos"},"schema":{"@context":"https:\/\/schema.org","@graph":[{"@type":"WebPage","@id":"https:\/\/transformiran.com\/es\/esta-navidad-apoya-a-los-ninos-de-iran\/","url":"https:\/\/transformiran.com\/es\/esta-navidad-apoya-a-los-ninos-de-iran\/","name":"Esta Navidad: Apoya a los ni\u00f1os de Ir\u00e1n - Transform Iran","isPartOf":{"@id":"https:\/\/transformiran.com\/es\/#website"},"primaryImageOfPage":{"@id":"https:\/\/transformiran.com\/es\/esta-navidad-apoya-a-los-ninos-de-iran\/#primaryimage"},"image":{"@id":"https:\/\/transformiran.com\/es\/esta-navidad-apoya-a-los-ninos-de-iran\/#primaryimage"},"thumbnailUrl":"https:\/\/transformiran.com\/app\/uploads\/2024\/11\/shutterstock_659053195-scaled.jpg","datePublished":"2024-11-08T02:32:46+00:00","dateModified":"2025-04-02T10:04:18+00:00","breadcrumb":{"@id":"https:\/\/transformiran.com\/es\/esta-navidad-apoya-a-los-ninos-de-iran\/#breadcrumb"},"inLanguage":"es","potentialAction":[{"@type":"ReadAction","target":["https:\/\/transformiran.com\/es\/esta-navidad-apoya-a-los-ninos-de-iran\/"]}]},{"@type":"ImageObject","inLanguage":"es","@id":"https:\/\/transformiran.com\/es\/esta-navidad-apoya-a-los-ninos-de-iran\/#primaryimage","url":"https:\/\/transformiran.com\/app\/uploads\/2024\/11\/shutterstock_659053195-scaled.jpg","contentUrl":"https:\/\/transformiran.com\/app\/uploads\/2024\/11\/shutterstock_659053195-scaled.jpg","width":3000,"height":2000},{"@type":"BreadcrumbList","@id":"https:\/\/transformiran.com\/es\/esta-navidad-apoya-a-los-ninos-de-iran\/#breadcrumb","itemListElement":[{"@type":"ListItem","position":1,"name":"Home","item":"https:\/\/transformiran.com\/es\/inicio-2\/"},{"@type":"ListItem","position":2,"name":"Esta Navidad: Apoya a los ni\u00f1os de Ir\u00e1n"}]},{"@type":"WebSite","@id":"https:\/\/transformiran.com\/es\/#website","url":"https:\/\/transformiran.com\/es\/","name":"Transform Iran","description":"Bringing the love and power of Christ to Iran - and beyond","publisher":{"@id":"https:\/\/transformiran.com\/es\/#organization"},"potentialAction":[{"@type":"SearchAction","target":{"@type":"EntryPoint","urlTemplate":"https:\/\/transformiran.com\/es\/?s={search_term_string}"},"query-input":{"@type":"PropertyValueSpecification","valueRequired":true,"valueName":"search_term_string"}}],"inLanguage":"es"},{"@type":"Organization","@id":"https:\/\/transformiran.com\/es\/#organization","name":"Transform Iran","url":"https:\/\/transformiran.com\/es\/","logo":{"@type":"ImageObject","inLanguage":"es","@id":"https:\/\/transformiran.com\/es\/#\/schema\/logo\/image\/","url":"https:\/\/transformiran.com\/app\/uploads\/2022\/11\/logo_grey.jpg","contentUrl":"https:\/\/transformiran.com\/app\/uploads\/2022\/11\/logo_grey.jpg","width":528,"height":90,"caption":"Transform Iran"},"image":{"@id":"https:\/\/transformiran.com\/es\/#\/schema\/logo\/image\/"},"sameAs":["https:\/\/www.facebook.com\/222MinistriesUSAInc","https:\/\/x.com\/222minint","https:\/\/www.instagram.com\/222ministriesinternational\/"]}]}},"campaignId":"","_links":{"self":[{"href":"https:\/\/transformiran.com\/es\/wp-json\/wp\/v2\/pages\/26728","targetHints":{"allow":["GET"]}}],"collection":[{"href":"https:\/\/transformiran.com\/es\/wp-json\/wp\/v2\/pages"}],"about":[{"href":"https:\/\/transformiran.com\/es\/wp-json\/wp\/v2\/types\/page"}],"author":[{"embeddable":true,"href":"https:\/\/transformiran.com\/es\/wp-json\/wp\/v2\/users\/6"}],"replies":[{"embeddable":true,"href":"https:\/\/transformiran.com\/es\/wp-json\/wp\/v2\/comments?post=26728"}],"version-history":[{"count":0,"href":"https:\/\/transformiran.com\/es\/wp-json\/wp\/v2\/pages\/26728\/revisions"}],"wp:featuredmedia":[{"embeddable":true,"href":"https:\/\/transformiran.com\/es\/wp-json\/wp\/v2\/media\/26632"}],"wp:attachment":[{"href":"https:\/\/transformiran.com\/es\/wp-json\/wp\/v2\/media?parent=26728"}],"curies":[{"name":"wp","href":"https:\/\/api.w.org\/{rel}","templated":true}]}}