{"id":32261,"date":"2025-08-29T15:11:17","date_gmt":"2025-08-29T14:11:17","guid":{"rendered":"https:\/\/transformiran.com\/?page_id=32261"},"modified":"2026-02-04T22:42:51","modified_gmt":"2026-02-04T22:42:51","slug":"desarrollo-de-liderazgo","status":"publish","type":"page","link":"https:\/\/transformiran.com\/es\/nuestro-trabajo\/desarrollo-de-liderazgo\/","title":{"rendered":"Kairos"},"content":{"rendered":"\n<p><\/p>\n\n<h2 class=\"wp-block-heading\">Guiar a los iran\u00edes hacia la fe y el discipulado<\/h2>\n\n<p><\/p>\n\n<p><\/p>\n\n<p class=\"has-medium-font-size\"><a href=\"https:\/\/kairosai.nl\/\" target=\"_blank\" rel=\"noreferrer noopener\">\u00a1Prueba Kairos gratis hoy mismo!<\/a><\/p>\n\n<p><\/p>\n\n<p class=\"has-medium-font-size\">Kairos es una innovadora IA cristiana desarrollada por el equipo de te\u00f3logos, apologistas, ingenieros de software e investigadores de Transform Iran. En una de las naciones m\u00e1s censuradas del mundo -donde la comunicaci\u00f3n cristiana es ilegal, y tanto los buscadores como los creyentes corren el riesgo de ser acosados, encarcelados o cosas peores-, Kairos proporciona orientaci\u00f3n personalizada en tiempo real y con fundamento b\u00edblico. Les ayuda a explorar la fe de forma segura y an\u00f3nima, a encontrar respuestas sobre Dios y a crecer en Cristo, incluso all\u00ed donde la Iglesia est\u00e1 sometida a intensas restricciones.    <\/p>\n\n<p><\/p>\n\n<h3 class=\"wp-block-heading\">Por qu\u00e9 es importante la IA cristiana<\/h3>\n\n<p><\/p>\n\n<p>En un entorno de estricta censura, la poblaci\u00f3n iran\u00ed experta en tecnolog\u00eda busca cada vez m\u00e1s respuestas en Internet sobre Dios y la vida espiritual. Los j\u00f3venes conversos a menudo tienen dificultades para encontrar orientaci\u00f3n fiable, mientras que los buscadores se quedan sin respuestas seguras y accesibles. Los recursos ministeriales tradicionales por s\u00ed solos no pueden satisfacer la demanda.  <\/p>\n\n<p><\/p>\n\n<p>Kairos aborda esta cuesti\u00f3n ofreciendo una herramienta digital de discipulado interactiva y de confianza. Cada respuesta se elabora cuidadosamente a partir de las Escrituras y de recursos estrictamente examinados, garantizando la integridad teol\u00f3gica al tiempo que orienta a los usuarios hacia Jes\u00fas, la oraci\u00f3n y la comunidad cristiana. No es un sustituto de la fe, el discernimiento o la atenci\u00f3n pastoral, <strong>sino un compa\u00f1ero seguro e inteligente en el discipulado<\/strong>.  <\/p>\n\n<p><\/p>\n\n<blockquote class=\"wp-block-quote is-layout-flow wp-block-quote-is-layout-flow\">\n<p id=\"block-5ce8c84c-cf2c-4b2d-9034-85fc18ee2d3e\">Kairos es una <em>herramienta<\/em> para ayudar a guiar a las personas en la fe cristiana. No sustituye a su fe, a la Palabra de Dios, a la voz del Esp\u00edritu Santo ni a la comunidad; en lugar de animar a la persona a volver a la plataforma en s\u00ed, le se\u00f1ala la Escritura, la oraci\u00f3n y el discipulado en la vida real. <\/p>\n<cite>Lana Silk, Directora General de Transform Iran<\/cite><\/blockquote>\n\n<p id=\"block-5ce8c84c-cf2c-4b2d-9034-85fc18ee2d3e\"><\/p>\n\n<figure class=\"wp-block-embed is-type-video is-provider-youtube wp-block-embed-youtube wp-embed-aspect-16-9 wp-has-aspect-ratio\"><div class=\"wp-block-embed__wrapper\">\n<iframe title=\"Kairos - The Power of Christian AI in Mission\" width=\"500\" height=\"281\" src=\"https:\/\/www.youtube.com\/embed\/QjDEkAI8h4Y?feature=oembed\" frameborder=\"0\" allow=\"accelerometer; autoplay; clipboard-write; encrypted-media; gyroscope; picture-in-picture; web-share\" referrerpolicy=\"strict-origin-when-cross-origin\" allowfullscreen><\/iframe>\n<\/div><figcaption class=\"wp-element-caption\">Presentaci\u00f3n de Kairos: IA cristiana innovadora<\/figcaption><\/figure>\n\n<p><\/p>\n\n<h3 class=\"wp-block-heading\">C\u00f3mo funciona Kairos: Discipulado Digital Interactivo<\/h3>\n\n<p><\/p>\n\n<p class=\"has-blue-color has-text-color has-link-color wp-elements-c9246d81841784365397ceadef64a0c7\">Kairos acelera el discipulado ofreciendo orientaci\u00f3n personalizada y aprendizaje interactivo:<\/p>\n\n<p><\/p>\n\n<ul class=\"wp-block-list\">\n<li><strong>Respuestas en tiempo real:<\/strong> Los usuarios reciben respuestas inmediatas y b\u00edblicamente precisas a preguntas sobre el cristianismo, la fe, la oraci\u00f3n y el crecimiento espiritual.<\/li>\n\n\n\n<li><strong>Comprensi\u00f3n contextual:<\/strong> Kairos identifica el n\u00facleo de la cuesti\u00f3n y gu\u00eda a los usuarios hacia la ense\u00f1anza relevante del Evangelio, ayud\u00e1ndoles a profundizar en su fe.<\/li>\n\n\n\n<li><strong>Seguro y an\u00f3nimo:<\/strong> Las interacciones en l\u00ednea son seguras y privadas, protegiendo a los usuarios en entornos muy restringidos.<\/li>\n\n\n\n<li><strong>Alcance mundial:<\/strong> Disponible en 256 idiomas, incluidos el farsi, el \u00e1rabe, el dari y el tayiko, y en proceso de expansi\u00f3n a las lenguas \u00e9tnicas de Ir\u00e1n.<\/li>\n\n\n\n<li><strong>Supervisi\u00f3n humana:<\/strong> Cada respuesta es supervisada por te\u00f3logos y apologistas cristianos para mantener la credibilidad, la seguridad y la sensibilidad pastoral.<\/li>\n\n\n\n<li><strong>Auto-mejora:<\/strong> Las preguntas que van m\u00e1s all\u00e1 de la base de datos actual de Kairos se marcan para su revisi\u00f3n humana y se responden en 48 horas, ampliando continuamente los conocimientos de la herramienta.<\/li>\n<\/ul>\n\n<figure class=\"wp-block-embed is-type-video is-provider-youtube wp-block-embed-youtube wp-embed-aspect-16-9 wp-has-aspect-ratio\"><div class=\"wp-block-embed__wrapper\">\n<iframe title=\"Kairos Christian AI: Real-Time Faith Guidance in Farsi &amp; 200+ Languages\" width=\"500\" height=\"281\" src=\"https:\/\/www.youtube.com\/embed\/6noqOdznRlc?feature=oembed\" frameborder=\"0\" allow=\"accelerometer; autoplay; clipboard-write; encrypted-media; gyroscope; picture-in-picture; web-share\" referrerpolicy=\"strict-origin-when-cross-origin\" allowfullscreen><\/iframe>\n<\/div><figcaption class=\"wp-element-caption\">Mira un ejemplo de interacci\u00f3n de un usuario en Kairos<\/figcaption><\/figure>\n\n<p><\/p>\n\n<p class=\"has-medium-font-size\"><a href=\"https:\/\/kairosai.nl\/\" target=\"_blank\" rel=\"noreferrer noopener\">\u00a1Prueba Kairos por ti mismo!<\/a><\/p>\n\n<p><\/p>\n\n<h2 class=\"wp-block-heading\">Fe en el trabajo: Historias de impacto<\/h2>\n\n<p><\/p>\n\n<p><strong>Kairos est\u00e1 haciendo que el discipulado<\/strong> <strong>sea accesible, inmediato y transformador tanto para los buscadores como para los creyentes<\/strong>.<\/p>\n\n<p><\/p>\n\n<blockquote class=\"wp-block-quote is-layout-flow wp-block-quote-is-layout-flow\">\n<p>Me sent\u00eda muy sola y confusa respecto a mi fe. Kairos me ayud\u00f3 a comprender el amor de Dios y me gui\u00f3 para rezar y confiar en \u00c9l. Mi coraz\u00f3n se siente m\u00e1s ligero y s\u00e9 que no estoy sola.  <\/p>\n<\/blockquote>\n\n<p><\/p>\n\n<blockquote class=\"wp-block-quote is-layout-flow wp-block-quote-is-layout-flow\">\n<p>S\u00f3lo quer\u00eda saber \u00bfQui\u00e9n es Jes\u00fas y por qu\u00e9 es importante? A trav\u00e9s de Kairos encontr\u00e9 respuestas claras, paso a paso, y me conect\u00f3 con ense\u00f1anzas e incluso con personas que pod\u00edan ayudarme a crecer en la fe, de forma segura. <\/p>\n<\/blockquote>\n\n<p><\/p>\n\n<p><a href=\"https:\/\/transformiran.com\/es\/redaccion\/transform-iran-lanza-una-vpn-segura-para-proteger-la-privacidad-en-linea-de-los-creyentes-iranies-noticias-de-la-red-de-misiones\/\">Lee sobre la nueva VPN gratuita y segura de Transform Iran para proteger a los buscadores y creyentes en Iran<\/a><\/p>\n\n<p><\/p>\n\n<h2 class=\"wp-block-heading\">De la curiosidad a la conexi\u00f3n<\/h2>\n\n<p><\/p>\n\n<p>Kairos conecta a los usuarios con programas ministeriales establecidos, ayud\u00e1ndoles a continuar su camino de fe en el mundo real. Esto incluye <\/p>\n\n<p><\/p>\n\n<ul class=\"wp-block-list\">\n<li><strong><a href=\"https:\/\/transformiran.com\/es\/nuestro-trabajo\/iglesia-digital\/\">Iglesia digital<\/a> y <a href=\"https:\/\/transformiran.com\/es\/nuestro-trabajo\/desarrollo-del-liderazgo\/\">cursos b\u00edblicos en l\u00ednea<\/a><\/strong> para un discipulado en profundidad continuo.<\/li>\n\n\n\n<li><strong><a href=\"https:\/\/transformiran.com\/es\/nuestro-trabajo\/plantacion-de-iglesias\/\">Apoyo a la plantaci\u00f3n de iglesias<\/a><\/strong> para l\u00edderes emergentes en Ir\u00e1n y la di\u00e1spora.<\/li>\n\n\n\n<li><strong><a href=\"https:\/\/transformiran.com\/es\/nuestro-trabajo\/perla-de-persia\/\">Programas de asesoramiento sobre traumas<\/a><\/strong> como Pearl, que ofrecen curaci\u00f3n y esperanza a las v\u00edctimas de traumas, abusos y adicciones.<\/li>\n\n\n\n<li><strong><a href=\"https:\/\/transformiran.com\/es\/nuestro-trabajo\/centro-de-apologetica\/\">Recursos apolog\u00e9ticos<\/a><\/strong> a trav\u00e9s de Porpasokh, respondiendo a preguntas profundas sobre el cristianismo.<\/li>\n<\/ul>\n\n<p><\/p>\n\n<p>Al vincular a los usuarios digitales con ministerios de confianza dirigidos por personas, Kairos garantiza que la orientaci\u00f3n en l\u00ednea se traduzca en crecimiento espiritual y comunidad en el mundo real.<\/p>\n\n<p><\/p>\n\n<blockquote class=\"wp-block-quote is-layout-flow wp-block-quote-is-layout-flow\">\n<p>Kairos es una herramienta de IA fiable y respaldada b\u00edblicamente. A diferencia de la IA gen\u00e9rica, proporciona respuestas alineadas con la Palabra de Dios y conecta a los usuarios con recursos ministeriales de confianza. Es una forma segura e inteligente de ayudar a creyentes y buscadores a crecer en su fe.  <\/p>\n<cite>Shahryar Tooraji, Director de Operaciones de Transform Iran<\/cite><\/blockquote>\n\n<p><\/p>\n\n<div class=\"wp-block-columns is-layout-flex wp-container-core-columns-is-layout-9d6595d7 wp-block-columns-is-layout-flex\">\n<div class=\"wp-block-column is-layout-flow wp-block-column-is-layout-flow\">\n<figure class=\"wp-block-image size-large\"><img decoding=\"async\" width=\"1024\" height=\"791\" src=\"https:\/\/transformiran.com\/app\/uploads\/2025\/08\/Kairos-indoors-mobile-1024x791.png\" alt=\"\" class=\"wp-image-32495\" srcset=\"https:\/\/transformiran.com\/app\/uploads\/2025\/08\/Kairos-indoors-mobile-1024x791.png 1024w, https:\/\/transformiran.com\/app\/uploads\/2025\/08\/Kairos-indoors-mobile-300x232.png 300w, https:\/\/transformiran.com\/app\/uploads\/2025\/08\/Kairos-indoors-mobile-768x593.png 768w, https:\/\/transformiran.com\/app\/uploads\/2025\/08\/Kairos-indoors-mobile-1536x1187.png 1536w, https:\/\/transformiran.com\/app\/uploads\/2025\/08\/Kairos-indoors-mobile.png 2000w\" sizes=\"(max-width: 1024px) 100vw, 1024px\" \/><\/figure>\n<\/div>\n\n\n\n<div class=\"wp-block-column is-layout-flow wp-block-column-is-layout-flow\">\n<figure class=\"wp-block-image size-large\"><img decoding=\"async\" width=\"1024\" height=\"791\" src=\"https:\/\/transformiran.com\/app\/uploads\/2025\/08\/3-1024x791.png\" alt=\"\" class=\"wp-image-32455\" srcset=\"https:\/\/transformiran.com\/app\/uploads\/2025\/08\/3-1024x791.png 1024w, https:\/\/transformiran.com\/app\/uploads\/2025\/08\/3-300x232.png 300w, https:\/\/transformiran.com\/app\/uploads\/2025\/08\/3-768x593.png 768w, https:\/\/transformiran.com\/app\/uploads\/2025\/08\/3-1536x1187.png 1536w, https:\/\/transformiran.com\/app\/uploads\/2025\/08\/3.png 2000w\" sizes=\"(max-width: 1024px) 100vw, 1024px\" \/><\/figure>\n<\/div>\n<\/div>\n\n<p class=\"has-medium-font-size\">Kairos est\u00e1 dise\u00f1ado para acercar a los usuarios a Jes\u00fas, proporcion\u00e1ndoles respuestas b\u00edblicamente fundamentadas a preguntas sobre la fe. Su misi\u00f3n es sencilla: ayudar a los buscadores y creyentes a conocer y experimentar a Jes\u00fas personalmente, confiando en que, a medida que se acerquen a \u00c9l, \u00c9l les guiar\u00e1 hacia Su verdad (Juan 16:13). <\/p>\n\n<p><\/p>\n\n<div class=\"wp-block-group has-blue-background-color has-background\"><div class=\"wp-block-group__inner-container is-layout-constrained wp-block-group-is-layout-constrained\">\n<h2 class=\"wp-block-heading has-white-color has-text-color has-link-color wp-elements-f35d1a5ddba049bbee62d074ee389cb9\">Abre el Camino a los Buscadores<\/h2>\n\n\n\n<p>As\u00f3ciate con nosotros para crear la aplicaci\u00f3n Kairos y la tecnolog\u00eda de voz, \u00a1para que la verdad sea a\u00fan m\u00e1s accesible a los buscadores musulmanes!<\/p>\n\n\n\n<div class=\"wp-block-buttons is-layout-flex wp-block-buttons-is-layout-flex\">\n<div class=\"wp-block-button\"><a class=\"wp-block-button__link wp-element-button\" href=\"https:\/\/transformiran.com\/es\/donar\/\">Ayuda a ampliar Kairos<\/a><\/div>\n<\/div>\n<\/div><\/div>\n\n<p><\/p>\n\n<p><\/p>\n\n<p><\/p>\n\n<p><\/p>\n\n<p><\/p>\n\n<p><\/p>\n","protected":false},"excerpt":{"rendered":"<p>Guiar a los iran\u00edes hacia la fe y el discipulado \u00a1Prueba Kairos gratis hoy mismo! Kairos es una innovadora IA cristiana desarrollada por el equipo de te\u00f3logos, apologistas, ingenieros de software e investigadores de Transform Iran. En una de las naciones m\u00e1s censuradas del mundo -donde la comunicaci\u00f3n cristiana es ilegal, y tanto los buscadores [&hellip;]<\/p>\n","protected":false},"author":6,"featured_media":0,"parent":11602,"menu_order":0,"comment_status":"closed","ping_status":"closed","template":"page-work.php","meta":{"_acf_changed":false,"give_campaign_id":0,"om_disable_all_campaigns":false,"_mi_skip_tracking":false,"footnotes":""},"class_list":["post-32261","page","type-page","status-publish","hentry"],"acf":[],"yoast_head":"<!-- This site is optimized with the Yoast SEO plugin v27.3 - https:\/\/yoast.com\/product\/yoast-seo-wordpress\/ -->\n<title>Kairos - Transform Iran<\/title>\n<meta name=\"description\" content=\"Descubre Kairos, una innovadora IA cristiana dise\u00f1ada para creyentes y buscadores clandestinos. Proporciona orientaci\u00f3n segura y en tiempo real en farsi y en m\u00e1s de 200 idiomas, y ayuda a las personas a explorar la fe y crecer en Cristo all\u00ed donde la comunicaci\u00f3n cristiana est\u00e1 restringida.\" \/>\n<meta name=\"robots\" content=\"index, follow, max-snippet:-1, max-image-preview:large, max-video-preview:-1\" \/>\n<link rel=\"canonical\" href=\"https:\/\/transformiran.com\/es\/nuestro-trabajo\/desarrollo-de-liderazgo\/\" \/>\n<meta property=\"og:locale\" content=\"es_ES\" \/>\n<meta property=\"og:type\" content=\"article\" \/>\n<meta property=\"og:title\" content=\"Kairos - Transform Iran\" \/>\n<meta property=\"og:description\" content=\"Descubre Kairos, una innovadora IA cristiana dise\u00f1ada para creyentes y buscadores clandestinos. Proporciona orientaci\u00f3n segura y en tiempo real en farsi y en m\u00e1s de 200 idiomas, y ayuda a las personas a explorar la fe y crecer en Cristo all\u00ed donde la comunicaci\u00f3n cristiana est\u00e1 restringida.\" \/>\n<meta property=\"og:url\" content=\"https:\/\/transformiran.com\/es\/nuestro-trabajo\/desarrollo-de-liderazgo\/\" \/>\n<meta property=\"og:site_name\" content=\"Transform Iran\" \/>\n<meta property=\"article:publisher\" content=\"https:\/\/www.facebook.com\/222MinistriesUSAInc\" \/>\n<meta property=\"article:modified_time\" content=\"2026-02-04T22:42:51+00:00\" \/>\n<meta property=\"og:image\" content=\"https:\/\/transformiran.com\/app\/uploads\/2025\/08\/Kairos-indoors-mobile.png\" \/>\n\t<meta property=\"og:image:width\" content=\"2000\" \/>\n\t<meta property=\"og:image:height\" content=\"1545\" \/>\n\t<meta property=\"og:image:type\" content=\"image\/png\" \/>\n<meta name=\"twitter:card\" content=\"summary_large_image\" \/>\n<meta name=\"twitter:site\" content=\"@222minint\" \/>\n<meta name=\"twitter:label1\" content=\"Tiempo de lectura\" \/>\n\t<meta name=\"twitter:data1\" content=\"5 minutos\" \/>\n<script type=\"application\/ld+json\" class=\"yoast-schema-graph\">{\"@context\":\"https:\\\/\\\/schema.org\",\"@graph\":[{\"@type\":\"WebPage\",\"@id\":\"https:\\\/\\\/transformiran.com\\\/es\\\/nuestro-trabajo\\\/desarrollo-de-liderazgo\\\/\",\"url\":\"https:\\\/\\\/transformiran.com\\\/es\\\/nuestro-trabajo\\\/desarrollo-de-liderazgo\\\/\",\"name\":\"Kairos - Transform Iran\",\"isPartOf\":{\"@id\":\"https:\\\/\\\/transformiran.com\\\/es\\\/#website\"},\"primaryImageOfPage\":{\"@id\":\"https:\\\/\\\/transformiran.com\\\/es\\\/nuestro-trabajo\\\/desarrollo-de-liderazgo\\\/#primaryimage\"},\"image\":{\"@id\":\"https:\\\/\\\/transformiran.com\\\/es\\\/nuestro-trabajo\\\/desarrollo-de-liderazgo\\\/#primaryimage\"},\"thumbnailUrl\":\"https:\\\/\\\/transformiran.com\\\/app\\\/uploads\\\/2025\\\/08\\\/Kairos-indoors-mobile-1024x791.png\",\"datePublished\":\"2025-08-29T14:11:17+00:00\",\"dateModified\":\"2026-02-04T22:42:51+00:00\",\"description\":\"Descubre Kairos, una innovadora IA cristiana dise\u00f1ada para creyentes y buscadores clandestinos. Proporciona orientaci\u00f3n segura y en tiempo real en farsi y en m\u00e1s de 200 idiomas, y ayuda a las personas a explorar la fe y crecer en Cristo all\u00ed donde la comunicaci\u00f3n cristiana est\u00e1 restringida.\",\"breadcrumb\":{\"@id\":\"https:\\\/\\\/transformiran.com\\\/es\\\/nuestro-trabajo\\\/desarrollo-de-liderazgo\\\/#breadcrumb\"},\"inLanguage\":\"es\",\"potentialAction\":[{\"@type\":\"ReadAction\",\"target\":[\"https:\\\/\\\/transformiran.com\\\/es\\\/nuestro-trabajo\\\/desarrollo-de-liderazgo\\\/\"]}]},{\"@type\":\"ImageObject\",\"inLanguage\":\"es\",\"@id\":\"https:\\\/\\\/transformiran.com\\\/es\\\/nuestro-trabajo\\\/desarrollo-de-liderazgo\\\/#primaryimage\",\"url\":\"https:\\\/\\\/transformiran.com\\\/app\\\/uploads\\\/2025\\\/08\\\/Kairos-indoors-mobile-1024x791.png\",\"contentUrl\":\"https:\\\/\\\/transformiran.com\\\/app\\\/uploads\\\/2025\\\/08\\\/Kairos-indoors-mobile-1024x791.png\"},{\"@type\":\"BreadcrumbList\",\"@id\":\"https:\\\/\\\/transformiran.com\\\/es\\\/nuestro-trabajo\\\/desarrollo-de-liderazgo\\\/#breadcrumb\",\"itemListElement\":[{\"@type\":\"ListItem\",\"position\":1,\"name\":\"Home\",\"item\":\"https:\\\/\\\/transformiran.com\\\/es\\\/inicio-2\\\/\"},{\"@type\":\"ListItem\",\"position\":2,\"name\":\"Nuestro trabajo\",\"item\":\"https:\\\/\\\/transformiran.com\\\/es\\\/nuestro-trabajo\\\/\"},{\"@type\":\"ListItem\",\"position\":3,\"name\":\"Kairos\"}]},{\"@type\":\"WebSite\",\"@id\":\"https:\\\/\\\/transformiran.com\\\/es\\\/#website\",\"url\":\"https:\\\/\\\/transformiran.com\\\/es\\\/\",\"name\":\"Transform Iran\",\"description\":\"Bringing the love and power of Christ to Iran - and beyond\",\"publisher\":{\"@id\":\"https:\\\/\\\/transformiran.com\\\/es\\\/#organization\"},\"potentialAction\":[{\"@type\":\"SearchAction\",\"target\":{\"@type\":\"EntryPoint\",\"urlTemplate\":\"https:\\\/\\\/transformiran.com\\\/es\\\/?s={search_term_string}\"},\"query-input\":{\"@type\":\"PropertyValueSpecification\",\"valueRequired\":true,\"valueName\":\"search_term_string\"}}],\"inLanguage\":\"es\"},{\"@type\":\"Organization\",\"@id\":\"https:\\\/\\\/transformiran.com\\\/es\\\/#organization\",\"name\":\"Transform Iran\",\"url\":\"https:\\\/\\\/transformiran.com\\\/es\\\/\",\"logo\":{\"@type\":\"ImageObject\",\"inLanguage\":\"es\",\"@id\":\"https:\\\/\\\/transformiran.com\\\/es\\\/#\\\/schema\\\/logo\\\/image\\\/\",\"url\":\"https:\\\/\\\/transformiran.com\\\/app\\\/uploads\\\/2022\\\/11\\\/logo_grey.jpg\",\"contentUrl\":\"https:\\\/\\\/transformiran.com\\\/app\\\/uploads\\\/2022\\\/11\\\/logo_grey.jpg\",\"width\":528,\"height\":90,\"caption\":\"Transform Iran\"},\"image\":{\"@id\":\"https:\\\/\\\/transformiran.com\\\/es\\\/#\\\/schema\\\/logo\\\/image\\\/\"},\"sameAs\":[\"https:\\\/\\\/www.facebook.com\\\/222MinistriesUSAInc\",\"https:\\\/\\\/x.com\\\/222minint\",\"https:\\\/\\\/www.instagram.com\\\/222ministriesinternational\\\/\"]}]}<\/script>\n<!-- \/ Yoast SEO plugin. -->","yoast_head_json":{"title":"Kairos - Transform Iran","description":"Descubre Kairos, una innovadora IA cristiana dise\u00f1ada para creyentes y buscadores clandestinos. Proporciona orientaci\u00f3n segura y en tiempo real en farsi y en m\u00e1s de 200 idiomas, y ayuda a las personas a explorar la fe y crecer en Cristo all\u00ed donde la comunicaci\u00f3n cristiana est\u00e1 restringida.","robots":{"index":"index","follow":"follow","max-snippet":"max-snippet:-1","max-image-preview":"max-image-preview:large","max-video-preview":"max-video-preview:-1"},"canonical":"https:\/\/transformiran.com\/es\/nuestro-trabajo\/desarrollo-de-liderazgo\/","og_locale":"es_ES","og_type":"article","og_title":"Kairos - Transform Iran","og_description":"Descubre Kairos, una innovadora IA cristiana dise\u00f1ada para creyentes y buscadores clandestinos. Proporciona orientaci\u00f3n segura y en tiempo real en farsi y en m\u00e1s de 200 idiomas, y ayuda a las personas a explorar la fe y crecer en Cristo all\u00ed donde la comunicaci\u00f3n cristiana est\u00e1 restringida.","og_url":"https:\/\/transformiran.com\/es\/nuestro-trabajo\/desarrollo-de-liderazgo\/","og_site_name":"Transform Iran","article_publisher":"https:\/\/www.facebook.com\/222MinistriesUSAInc","article_modified_time":"2026-02-04T22:42:51+00:00","og_image":[{"width":2000,"height":1545,"url":"https:\/\/transformiran.com\/app\/uploads\/2025\/08\/Kairos-indoors-mobile.png","type":"image\/png"}],"twitter_card":"summary_large_image","twitter_site":"@222minint","twitter_misc":{"Tiempo de lectura":"5 minutos"},"schema":{"@context":"https:\/\/schema.org","@graph":[{"@type":"WebPage","@id":"https:\/\/transformiran.com\/es\/nuestro-trabajo\/desarrollo-de-liderazgo\/","url":"https:\/\/transformiran.com\/es\/nuestro-trabajo\/desarrollo-de-liderazgo\/","name":"Kairos - Transform Iran","isPartOf":{"@id":"https:\/\/transformiran.com\/es\/#website"},"primaryImageOfPage":{"@id":"https:\/\/transformiran.com\/es\/nuestro-trabajo\/desarrollo-de-liderazgo\/#primaryimage"},"image":{"@id":"https:\/\/transformiran.com\/es\/nuestro-trabajo\/desarrollo-de-liderazgo\/#primaryimage"},"thumbnailUrl":"https:\/\/transformiran.com\/app\/uploads\/2025\/08\/Kairos-indoors-mobile-1024x791.png","datePublished":"2025-08-29T14:11:17+00:00","dateModified":"2026-02-04T22:42:51+00:00","description":"Descubre Kairos, una innovadora IA cristiana dise\u00f1ada para creyentes y buscadores clandestinos. Proporciona orientaci\u00f3n segura y en tiempo real en farsi y en m\u00e1s de 200 idiomas, y ayuda a las personas a explorar la fe y crecer en Cristo all\u00ed donde la comunicaci\u00f3n cristiana est\u00e1 restringida.","breadcrumb":{"@id":"https:\/\/transformiran.com\/es\/nuestro-trabajo\/desarrollo-de-liderazgo\/#breadcrumb"},"inLanguage":"es","potentialAction":[{"@type":"ReadAction","target":["https:\/\/transformiran.com\/es\/nuestro-trabajo\/desarrollo-de-liderazgo\/"]}]},{"@type":"ImageObject","inLanguage":"es","@id":"https:\/\/transformiran.com\/es\/nuestro-trabajo\/desarrollo-de-liderazgo\/#primaryimage","url":"https:\/\/transformiran.com\/app\/uploads\/2025\/08\/Kairos-indoors-mobile-1024x791.png","contentUrl":"https:\/\/transformiran.com\/app\/uploads\/2025\/08\/Kairos-indoors-mobile-1024x791.png"},{"@type":"BreadcrumbList","@id":"https:\/\/transformiran.com\/es\/nuestro-trabajo\/desarrollo-de-liderazgo\/#breadcrumb","itemListElement":[{"@type":"ListItem","position":1,"name":"Home","item":"https:\/\/transformiran.com\/es\/inicio-2\/"},{"@type":"ListItem","position":2,"name":"Nuestro trabajo","item":"https:\/\/transformiran.com\/es\/nuestro-trabajo\/"},{"@type":"ListItem","position":3,"name":"Kairos"}]},{"@type":"WebSite","@id":"https:\/\/transformiran.com\/es\/#website","url":"https:\/\/transformiran.com\/es\/","name":"Transform Iran","description":"Bringing the love and power of Christ to Iran - and beyond","publisher":{"@id":"https:\/\/transformiran.com\/es\/#organization"},"potentialAction":[{"@type":"SearchAction","target":{"@type":"EntryPoint","urlTemplate":"https:\/\/transformiran.com\/es\/?s={search_term_string}"},"query-input":{"@type":"PropertyValueSpecification","valueRequired":true,"valueName":"search_term_string"}}],"inLanguage":"es"},{"@type":"Organization","@id":"https:\/\/transformiran.com\/es\/#organization","name":"Transform Iran","url":"https:\/\/transformiran.com\/es\/","logo":{"@type":"ImageObject","inLanguage":"es","@id":"https:\/\/transformiran.com\/es\/#\/schema\/logo\/image\/","url":"https:\/\/transformiran.com\/app\/uploads\/2022\/11\/logo_grey.jpg","contentUrl":"https:\/\/transformiran.com\/app\/uploads\/2022\/11\/logo_grey.jpg","width":528,"height":90,"caption":"Transform Iran"},"image":{"@id":"https:\/\/transformiran.com\/es\/#\/schema\/logo\/image\/"},"sameAs":["https:\/\/www.facebook.com\/222MinistriesUSAInc","https:\/\/x.com\/222minint","https:\/\/www.instagram.com\/222ministriesinternational\/"]}]}},"campaignId":"","_links":{"self":[{"href":"https:\/\/transformiran.com\/es\/wp-json\/wp\/v2\/pages\/32261","targetHints":{"allow":["GET"]}}],"collection":[{"href":"https:\/\/transformiran.com\/es\/wp-json\/wp\/v2\/pages"}],"about":[{"href":"https:\/\/transformiran.com\/es\/wp-json\/wp\/v2\/types\/page"}],"author":[{"embeddable":true,"href":"https:\/\/transformiran.com\/es\/wp-json\/wp\/v2\/users\/6"}],"replies":[{"embeddable":true,"href":"https:\/\/transformiran.com\/es\/wp-json\/wp\/v2\/comments?post=32261"}],"version-history":[{"count":14,"href":"https:\/\/transformiran.com\/es\/wp-json\/wp\/v2\/pages\/32261\/revisions"}],"predecessor-version":[{"id":35564,"href":"https:\/\/transformiran.com\/es\/wp-json\/wp\/v2\/pages\/32261\/revisions\/35564"}],"up":[{"embeddable":true,"href":"https:\/\/transformiran.com\/es\/wp-json\/wp\/v2\/pages\/11602"}],"wp:attachment":[{"href":"https:\/\/transformiran.com\/es\/wp-json\/wp\/v2\/media?parent=32261"}],"curies":[{"name":"wp","href":"https:\/\/api.w.org\/{rel}","templated":true}]}}