{"id":12950,"date":"2022-11-03T12:17:33","date_gmt":"2022-11-03T12:17:33","guid":{"rendered":"https:\/\/transformiran.com\/our-work\/transformation\/"},"modified":"2025-04-02T10:57:02","modified_gmt":"2025-04-02T09:57:02","slug":"transformation","status":"publish","type":"page","link":"https:\/\/transformiran.com\/fi\/meidan-tyomme\/transformation\/","title":{"rendered":"Muutos"},"content":{"rendered":"\n<p>Tavoitteena ei ole muusta v\u00e4est\u00f6st\u00e4 erill\u00e4\u00e4n oleva suuri kirkko. Haluamme n\u00e4hd\u00e4 kirkon, joka on t\u00e4ysin integroitunut yhteiskuntaan ja joka tavoittaa jokaisen kansanryhm\u00e4n omalla &#8220;syd\u00e4men&#8221; kielell\u00e4 ja jokaisen ihmisen arvostetuimmista akateemisista, vaikutusvaltaisista yritysjohtajista ja uskonnonopettajista k\u00f6yhiin, laiminly\u00f6tyihin ja lukutaidottomiin. Seurakunta, joka kantaa evankeliumin muuttavaa, parantavaa voimaa koko maahan ja todella muuttaa el\u00e4mi\u00e4 ja kokonaisen kansakunnan &#8211; Iranin &#8211; Kristukselle. Sielt\u00e4 k\u00e4sin uskomme Iranin vaikuttavan koko t\u00e4h\u00e4n alueeseen Jeesuksen Kristuksen rakkaudella ja voimalla. Kest\u00e4v\u00e4, transformatiivinen muutos.<\/p>\n\n<div class=\"wp-block-buttons is-content-justification-center is-layout-flex wp-container-core-buttons-is-layout-16018d1d wp-block-buttons-is-layout-flex\">\n<div class=\"wp-block-button\"><a class=\"wp-block-button__link has-white-color has-vivid-red-background-color has-text-color has-background wp-element-button\" href=\"https:\/\/transformiran.com\/fi\/donate\/\">Liity meihin ja osallistu teht\u00e4v\u00e4\u00e4n n\u00e4hd\u00e4ksesi Iranin muuttuvan.<\/a><\/div>\n<\/div>\n\n<p>Aloitteet osoitteessa Transform Iran keskittyv\u00e4t pitk\u00e4n aikav\u00e4lin visioon palautetusta kansakunnasta. Harkitsemme kaikkia mahdollisuuksia ja skenaarioita, kuuntelemme Pyh\u00e4n Hengen johdatusta ja innovoimme jatkuvasti ja teemme edell\u00e4k\u00e4vij\u00f6it\u00e4 siin\u00e4, milt\u00e4 Iranin palveluty\u00f6 n\u00e4ytt\u00e4\u00e4. Pyrimme ottamaan kaiken irti teknologisesta kehityksest\u00e4, vastaamaan kaikkiin yhteiskuntapoliittisiin muutoksiin ja rakentamaan strategisesti. Kansakunnan tulevaisuus on vaakalaudalla.  <\/p>\n\n<p>T\u00e4m\u00e4 visio muutoksesta n\u00e4kyy satojen maanalaisten seurakuntien kautta, joita olemme perustaneet Iraniin. Seurakunnat, jotka pyrkiv\u00e4t aktiivisesti vaikuttamaan yhteis\u00f6iss\u00e4\u00e4n ja koko maassaan.<\/p>\n\n<div class=\"wp-block-buttons is-content-justification-center is-layout-flex wp-container-core-buttons-is-layout-16018d1d wp-block-buttons-is-layout-flex\">\n<div class=\"wp-block-button\"><a class=\"wp-block-button__link has-white-color has-vivid-red-background-color has-text-color has-background wp-element-button\" href=\"https:\/\/transformiran.com\/fi\/uutiskirjeeseen-rekisteroityminen\/\">Vastaanota kuukausittain p\u00e4ivityksi\u00e4, jotka auttavat sinua rukoilemaan tehokkaasti.<\/a><\/div>\n<\/div>\n\n<p>Teemme my\u00f6s k\u00e4yt\u00e4nn\u00f6n valmisteluja sit\u00e4 varten, milloin Iranin ovet avautuvat, jotta kirkko olisi silloin valmis, resursoitu ja kykenev\u00e4 viem\u00e4\u00e4n sadon Kristuksen puolesta. Se alkaa johtajuuden kehitt\u00e4misell\u00e4. Ihmiset ovat taivaan valuuttaa! Transform Iran kehitt\u00e4\u00e4 tarkoituksellisesti johtajia, joilla on monenlaisia taitoja, intohimoja ja kutsumuksia ja jotka ovat valmiita ottamaan heid\u00e4n paikkansa, kun ovet j\u00e4lleen avautuvat. Teht\u00e4v\u00e4n\u00e4 on varustaa ja valmistaa palvelevia johtajia, joilla on tarvittava vaikutusvalta, auktoriteetti ja voitelu, jotta he voivat saada aikaan pysyv\u00e4\u00e4 muutosta.  <\/p>\n\n<p>Strategisissa aloitteissa pidet\u00e4\u00e4n mieless\u00e4 Iranin eri v\u00e4est\u00f6ryhm\u00e4t. Raamattuja kaikilla syd\u00e4men kielill\u00e4, apua k\u00e4yt\u00e4nn\u00f6n tarpeessa oleville, sosiaalipoliittisia ratkaisuja, neuvonantajia s\u00e4rkyneille, opettajia ja opetusmateriaaleja lapsille, liike-el\u00e4m\u00e4n johtajia, vaikuttajia tiedotusv\u00e4lineiss\u00e4 ja taiteessa, tutkijoita ja akateemikkoja sek\u00e4 evankelistoja.  <\/p>\n\n<blockquote class=\"wp-block-quote is-layout-flow wp-block-quote-is-layout-flow\">\n<p>Tulin muukalaisena perheenj\u00e4senteni keskelle, tyhj\u00e4n\u00e4 tunteista ja vihasta, tyhj\u00e4n\u00e4 itsest\u00e4ni ja h\u00e4mmentyneen\u00e4, olemisen ja olemattomuuden v\u00e4lill\u00e4. N\u00e4in itseni aavikkona, joka yritti huutaa ja taistella hiljaisuutensa kuivuutta vastaan. N\u00e4en itseni nyt el\u00e4v\u00e4n\u00e4 maaper\u00e4n\u00e4, joka voi hengitt\u00e4\u00e4. Olen huomannut, miten el\u00e4\u00e4 el\u00e4m\u00e4\u00e4 ja v\u00e4litt\u00e4\u00e4 sit\u00e4 muille. Nyt pystyn el\u00e4m\u00e4\u00e4n ilman vihaa ja kaunaa, pelkoa ja hylk\u00e4\u00e4mist\u00e4. Olen uudestisyntynyt.<\/p>\n<\/blockquote>\n","protected":false},"excerpt":{"rendered":"<p>Tavoitteena ei ole muusta v\u00e4est\u00f6st\u00e4 erill\u00e4\u00e4n oleva suuri kirkko. Haluamme n\u00e4hd\u00e4 kirkon, joka on t\u00e4ysin integroitunut yhteiskuntaan ja joka tavoittaa jokaisen kansanryhm\u00e4n omalla &#8220;syd\u00e4men&#8221; kielell\u00e4 ja jokaisen ihmisen arvostetuimmista akateemisista, vaikutusvaltaisista yritysjohtajista ja uskonnonopettajista k\u00f6yhiin, laiminly\u00f6tyihin ja lukutaidottomiin. Seurakunta, joka kantaa evankeliumin muuttavaa, parantavaa voimaa koko maahan ja todella muuttaa el\u00e4mi\u00e4 ja kokonaisen kansakunnan &#8211; [&hellip;]<\/p>\n","protected":false},"author":1,"featured_media":0,"parent":12940,"menu_order":0,"comment_status":"closed","ping_status":"closed","template":"page-work.php","meta":{"_acf_changed":false,"give_campaign_id":0,"om_disable_all_campaigns":false,"_mi_skip_tracking":false,"footnotes":""},"class_list":["post-12950","page","type-page","status-publish","hentry"],"acf":[],"yoast_head":"<!-- This site is optimized with the Yoast SEO plugin v27.3 - https:\/\/yoast.com\/product\/yoast-seo-wordpress\/ -->\n<title>Muutos - Transform Iran<\/title>\n<meta name=\"robots\" content=\"index, follow, max-snippet:-1, max-image-preview:large, max-video-preview:-1\" \/>\n<link rel=\"canonical\" href=\"https:\/\/transformiran.com\/fi\/meidan-tyomme\/transformation\/\" \/>\n<meta property=\"og:locale\" content=\"fi_FI\" \/>\n<meta property=\"og:type\" content=\"article\" \/>\n<meta property=\"og:title\" content=\"Muutos - Transform Iran\" \/>\n<meta property=\"og:description\" content=\"Tavoitteena ei ole muusta v\u00e4est\u00f6st\u00e4 erill\u00e4\u00e4n oleva suuri kirkko. Haluamme n\u00e4hd\u00e4 kirkon, joka on t\u00e4ysin integroitunut yhteiskuntaan ja joka tavoittaa jokaisen kansanryhm\u00e4n omalla &#8220;syd\u00e4men&#8221; kielell\u00e4 ja jokaisen ihmisen arvostetuimmista akateemisista, vaikutusvaltaisista yritysjohtajista ja uskonnonopettajista k\u00f6yhiin, laiminly\u00f6tyihin ja lukutaidottomiin. Seurakunta, joka kantaa evankeliumin muuttavaa, parantavaa voimaa koko maahan ja todella muuttaa el\u00e4mi\u00e4 ja kokonaisen kansakunnan &#8211; [&hellip;]\" \/>\n<meta property=\"og:url\" content=\"https:\/\/transformiran.com\/fi\/meidan-tyomme\/transformation\/\" \/>\n<meta property=\"og:site_name\" content=\"Transform Iran\" \/>\n<meta property=\"article:publisher\" content=\"https:\/\/www.facebook.com\/222MinistriesUSAInc\" \/>\n<meta property=\"article:modified_time\" content=\"2025-04-02T09:57:02+00:00\" \/>\n<meta name=\"twitter:card\" content=\"summary_large_image\" \/>\n<meta name=\"twitter:site\" content=\"@222minint\" \/>\n<meta name=\"twitter:label1\" content=\"Est. reading time\" \/>\n\t<meta name=\"twitter:data1\" content=\"2 minutes\" \/>\n<script type=\"application\/ld+json\" class=\"yoast-schema-graph\">{\"@context\":\"https:\\\/\\\/schema.org\",\"@graph\":[{\"@type\":\"WebPage\",\"@id\":\"https:\\\/\\\/transformiran.com\\\/fi\\\/meidan-tyomme\\\/transformation\\\/\",\"url\":\"https:\\\/\\\/transformiran.com\\\/fi\\\/meidan-tyomme\\\/transformation\\\/\",\"name\":\"Muutos - Transform Iran\",\"isPartOf\":{\"@id\":\"https:\\\/\\\/transformiran.com\\\/fi\\\/#website\"},\"datePublished\":\"2022-11-03T12:17:33+00:00\",\"dateModified\":\"2025-04-02T09:57:02+00:00\",\"breadcrumb\":{\"@id\":\"https:\\\/\\\/transformiran.com\\\/fi\\\/meidan-tyomme\\\/transformation\\\/#breadcrumb\"},\"inLanguage\":\"fi\",\"potentialAction\":[{\"@type\":\"ReadAction\",\"target\":[\"https:\\\/\\\/transformiran.com\\\/fi\\\/meidan-tyomme\\\/transformation\\\/\"]}]},{\"@type\":\"BreadcrumbList\",\"@id\":\"https:\\\/\\\/transformiran.com\\\/fi\\\/meidan-tyomme\\\/transformation\\\/#breadcrumb\",\"itemListElement\":[{\"@type\":\"ListItem\",\"position\":1,\"name\":\"Home\",\"item\":\"https:\\\/\\\/transformiran.com\\\/fi\\\/home\\\/\"},{\"@type\":\"ListItem\",\"position\":2,\"name\":\"Ty\u00f6mme\",\"item\":\"https:\\\/\\\/transformiran.com\\\/fi\\\/meidan-tyomme\\\/\"},{\"@type\":\"ListItem\",\"position\":3,\"name\":\"Muutos\"}]},{\"@type\":\"WebSite\",\"@id\":\"https:\\\/\\\/transformiran.com\\\/fi\\\/#website\",\"url\":\"https:\\\/\\\/transformiran.com\\\/fi\\\/\",\"name\":\"Transform Iran\",\"description\":\"Bringing the love and power of Christ to Iran - and beyond\",\"publisher\":{\"@id\":\"https:\\\/\\\/transformiran.com\\\/fi\\\/#organization\"},\"potentialAction\":[{\"@type\":\"SearchAction\",\"target\":{\"@type\":\"EntryPoint\",\"urlTemplate\":\"https:\\\/\\\/transformiran.com\\\/fi\\\/?s={search_term_string}\"},\"query-input\":{\"@type\":\"PropertyValueSpecification\",\"valueRequired\":true,\"valueName\":\"search_term_string\"}}],\"inLanguage\":\"fi\"},{\"@type\":\"Organization\",\"@id\":\"https:\\\/\\\/transformiran.com\\\/fi\\\/#organization\",\"name\":\"Transform Iran\",\"url\":\"https:\\\/\\\/transformiran.com\\\/fi\\\/\",\"logo\":{\"@type\":\"ImageObject\",\"inLanguage\":\"fi\",\"@id\":\"https:\\\/\\\/transformiran.com\\\/fi\\\/#\\\/schema\\\/logo\\\/image\\\/\",\"url\":\"https:\\\/\\\/transformiran.com\\\/app\\\/uploads\\\/2022\\\/11\\\/logo_grey.jpg\",\"contentUrl\":\"https:\\\/\\\/transformiran.com\\\/app\\\/uploads\\\/2022\\\/11\\\/logo_grey.jpg\",\"width\":528,\"height\":90,\"caption\":\"Transform Iran\"},\"image\":{\"@id\":\"https:\\\/\\\/transformiran.com\\\/fi\\\/#\\\/schema\\\/logo\\\/image\\\/\"},\"sameAs\":[\"https:\\\/\\\/www.facebook.com\\\/222MinistriesUSAInc\",\"https:\\\/\\\/x.com\\\/222minint\",\"https:\\\/\\\/www.instagram.com\\\/222ministriesinternational\\\/\"]}]}<\/script>\n<!-- \/ Yoast SEO plugin. -->","yoast_head_json":{"title":"Muutos - Transform Iran","robots":{"index":"index","follow":"follow","max-snippet":"max-snippet:-1","max-image-preview":"max-image-preview:large","max-video-preview":"max-video-preview:-1"},"canonical":"https:\/\/transformiran.com\/fi\/meidan-tyomme\/transformation\/","og_locale":"fi_FI","og_type":"article","og_title":"Muutos - Transform Iran","og_description":"Tavoitteena ei ole muusta v\u00e4est\u00f6st\u00e4 erill\u00e4\u00e4n oleva suuri kirkko. Haluamme n\u00e4hd\u00e4 kirkon, joka on t\u00e4ysin integroitunut yhteiskuntaan ja joka tavoittaa jokaisen kansanryhm\u00e4n omalla &#8220;syd\u00e4men&#8221; kielell\u00e4 ja jokaisen ihmisen arvostetuimmista akateemisista, vaikutusvaltaisista yritysjohtajista ja uskonnonopettajista k\u00f6yhiin, laiminly\u00f6tyihin ja lukutaidottomiin. Seurakunta, joka kantaa evankeliumin muuttavaa, parantavaa voimaa koko maahan ja todella muuttaa el\u00e4mi\u00e4 ja kokonaisen kansakunnan &#8211; [&hellip;]","og_url":"https:\/\/transformiran.com\/fi\/meidan-tyomme\/transformation\/","og_site_name":"Transform Iran","article_publisher":"https:\/\/www.facebook.com\/222MinistriesUSAInc","article_modified_time":"2025-04-02T09:57:02+00:00","twitter_card":"summary_large_image","twitter_site":"@222minint","twitter_misc":{"Est. reading time":"2 minutes"},"schema":{"@context":"https:\/\/schema.org","@graph":[{"@type":"WebPage","@id":"https:\/\/transformiran.com\/fi\/meidan-tyomme\/transformation\/","url":"https:\/\/transformiran.com\/fi\/meidan-tyomme\/transformation\/","name":"Muutos - Transform Iran","isPartOf":{"@id":"https:\/\/transformiran.com\/fi\/#website"},"datePublished":"2022-11-03T12:17:33+00:00","dateModified":"2025-04-02T09:57:02+00:00","breadcrumb":{"@id":"https:\/\/transformiran.com\/fi\/meidan-tyomme\/transformation\/#breadcrumb"},"inLanguage":"fi","potentialAction":[{"@type":"ReadAction","target":["https:\/\/transformiran.com\/fi\/meidan-tyomme\/transformation\/"]}]},{"@type":"BreadcrumbList","@id":"https:\/\/transformiran.com\/fi\/meidan-tyomme\/transformation\/#breadcrumb","itemListElement":[{"@type":"ListItem","position":1,"name":"Home","item":"https:\/\/transformiran.com\/fi\/home\/"},{"@type":"ListItem","position":2,"name":"Ty\u00f6mme","item":"https:\/\/transformiran.com\/fi\/meidan-tyomme\/"},{"@type":"ListItem","position":3,"name":"Muutos"}]},{"@type":"WebSite","@id":"https:\/\/transformiran.com\/fi\/#website","url":"https:\/\/transformiran.com\/fi\/","name":"Transform Iran","description":"Bringing the love and power of Christ to Iran - and beyond","publisher":{"@id":"https:\/\/transformiran.com\/fi\/#organization"},"potentialAction":[{"@type":"SearchAction","target":{"@type":"EntryPoint","urlTemplate":"https:\/\/transformiran.com\/fi\/?s={search_term_string}"},"query-input":{"@type":"PropertyValueSpecification","valueRequired":true,"valueName":"search_term_string"}}],"inLanguage":"fi"},{"@type":"Organization","@id":"https:\/\/transformiran.com\/fi\/#organization","name":"Transform Iran","url":"https:\/\/transformiran.com\/fi\/","logo":{"@type":"ImageObject","inLanguage":"fi","@id":"https:\/\/transformiran.com\/fi\/#\/schema\/logo\/image\/","url":"https:\/\/transformiran.com\/app\/uploads\/2022\/11\/logo_grey.jpg","contentUrl":"https:\/\/transformiran.com\/app\/uploads\/2022\/11\/logo_grey.jpg","width":528,"height":90,"caption":"Transform Iran"},"image":{"@id":"https:\/\/transformiran.com\/fi\/#\/schema\/logo\/image\/"},"sameAs":["https:\/\/www.facebook.com\/222MinistriesUSAInc","https:\/\/x.com\/222minint","https:\/\/www.instagram.com\/222ministriesinternational\/"]}]}},"campaignId":"","_links":{"self":[{"href":"https:\/\/transformiran.com\/fi\/wp-json\/wp\/v2\/pages\/12950","targetHints":{"allow":["GET"]}}],"collection":[{"href":"https:\/\/transformiran.com\/fi\/wp-json\/wp\/v2\/pages"}],"about":[{"href":"https:\/\/transformiran.com\/fi\/wp-json\/wp\/v2\/types\/page"}],"author":[{"embeddable":true,"href":"https:\/\/transformiran.com\/fi\/wp-json\/wp\/v2\/users\/1"}],"replies":[{"embeddable":true,"href":"https:\/\/transformiran.com\/fi\/wp-json\/wp\/v2\/comments?post=12950"}],"version-history":[{"count":0,"href":"https:\/\/transformiran.com\/fi\/wp-json\/wp\/v2\/pages\/12950\/revisions"}],"up":[{"embeddable":true,"href":"https:\/\/transformiran.com\/fi\/wp-json\/wp\/v2\/pages\/12940"}],"wp:attachment":[{"href":"https:\/\/transformiran.com\/fi\/wp-json\/wp\/v2\/media?parent=12950"}],"curies":[{"name":"wp","href":"https:\/\/api.w.org\/{rel}","templated":true}]}}