{"id":12964,"date":"2022-11-03T12:21:27","date_gmt":"2022-11-03T12:21:27","guid":{"rendered":"https:\/\/transformiran.com\/our-work\/persian-helmi\/"},"modified":"2025-04-02T10:56:10","modified_gmt":"2025-04-02T09:56:10","slug":"persian-helmi","status":"publish","type":"page","link":"https:\/\/transformiran.com\/fi\/meidan-tyomme\/persian-helmi\/","title":{"rendered":"Persian helmi"},"content":{"rendered":"\n<div class=\"wp-block-buttons is-content-justification-center is-layout-flex wp-container-core-buttons-is-layout-16018d1d wp-block-buttons-is-layout-flex\">\n<div class=\"wp-block-button\"><a class=\"wp-block-button__link has-white-color has-vivid-red-background-color has-text-color has-background has-link-color wp-element-button\" href=\"https:\/\/transformiran.com\/fi\/donate\/\">Tue Pearl of Persian ty\u00f6t\u00e4 jo t\u00e4n\u00e4\u00e4n!<\/a><\/div>\n<\/div>\n\n<p><\/p>\n\n<p>Pearl of Persia on olemassa tavoittaakseen Iranin murtuneet ihmiset evankeliumin rakkaudella ja voimalla. N\u00e4hd\u00e4, kuinka 5 miljoonaa prostituoitua, seksisynnin uhria ja huumeriippuvaista Iranissa pelastuu, paranee, palautuu ja muuttuu.<\/p>\n\n<p><\/p>\n\n<p>Iranissa on meneill\u00e4\u00e4n laajamittainen her\u00e4tysliike ja kirkon eteneminen. Kuitenkin 30-40 vuoden kasvun j\u00e4lkeenkin kirkko ei ole viel\u00e4k\u00e4\u00e4n kyennyt tarjoamaan ammattitaitoista ja asianmukaista apua miljoonille huumeriippuvaisille, prostituoiduille ja seksuaalisen hyv\u00e4ksik\u00e4yt\u00f6n uhreille, jotka el\u00e4v\u00e4t toivottomissa oloissa.<\/p>\n\n<p><\/p>\n\n<p>Tarvitsemme paremmin varustetun ja paremmin valmistautuneen kirkon. Jos haluamme n\u00e4hd\u00e4 Iranin muuttuvan evankeliumin rakkaudella ja voimalla, emme voi j\u00e4tt\u00e4\u00e4 t\u00e4t\u00e4 yhteiskunnan osaa sivuun. T\u00e4h\u00e4n kuuluvat eksyneet, jotka k\u00e4\u00e4ntyv\u00e4t Jeesuksen rakastavan pelastavan voiman puoleen keinona p\u00e4\u00e4st\u00e4 ulos toivottomasta tilanteestaan, ja pelastuneet, jotka tarvitsevat yh\u00e4 neuvontaa ja apua tullakseen todella parannetuiksi ja vapautetuiksi menneisyytens\u00e4 traumasta.<\/p>\n\n<p><\/p>\n\n<p>Pearl tarjoaa toivon sanomaa, laadukasta asiantuntijaneuvontaa ja tukea niille, jotka haluavat irrottautua riippuvuuteen ja itsetuhoon perustuvasta el\u00e4m\u00e4ntavasta. Teht\u00e4v\u00e4n\u00e4 on palauttaa perhe.<\/p>\n\n<div class=\"wp-block-buttons is-content-justification-center is-layout-flex wp-container-core-buttons-is-layout-16018d1d wp-block-buttons-is-layout-flex\">\n<div class=\"wp-block-button\"><a class=\"wp-block-button__link has-white-color has-vivid-red-background-color has-text-color has-background has-link-color wp-element-button\" href=\"https:\/\/transformiran.com\/fi\/learn-fi\/prostituutio-alaikaisten-avioliitot-ja-riippuvuus-iranissa\/\">Lue Iranin prostituution, alaik\u00e4isten avioliittojen ja riippuvuuden tuhoisasta todellisuudesta.<\/a><\/div>\n<\/div>\n\n<p>Tarve on suuri. Se ei rajoitu vain yhteiskunnan hylki\u00f6ihin tai ole jotain, joka voidaan ratkaista vieroituskeskuksessa. Se on paljon syvemm\u00e4ll\u00e4. T\u00e4m\u00e4 on kulttuurin kriisi. Prostituutio, hyv\u00e4ksik\u00e4ytt\u00f6, riippuvuus ja masennus kietoutuvat perheisiin ja avioliittoihin. Ne ovat tunkeutuneet perheen rakenteeseen ja tuhoavat el\u00e4m\u00e4\u00e4 koulutuksesta tai sosiaalisesta asemasta riippumatta. Iranin AIDS-tutkimuskeskus, hyvinvointij\u00e4rjest\u00f6, v\u00e4itt\u00e4\u00e4, ett\u00e4 50 prosenttia Iranissa prostituutiota harjoittavista naisista on koti\u00e4itej\u00e4.<\/p>\n\n<p><\/p>\n\n<p>Tuhansia 5-14-vuotiaita tytt\u00f6j\u00e4 pakotetaan vuosittain avioliittoon, ja jo 10-vuotiaiden raskauksien on raportoitu johtavan eronneiden ja nyt varattomien nuorten tytt\u00f6jen kasvavaan m\u00e4\u00e4r\u00e4\u00e4n. Lounais-Iranissa sijaitsevassa Ahvazin kaupungissa on raportoitu, ett\u00e4 p\u00e4ivitt\u00e4in menee naimisiin yhdest\u00e4 kolmeen alle 15-vuotiasta tytt\u00f6\u00e4. Ahvazin kuvernementin naiskomitean johtajan (Pooneh Pilram) mukaan <em>&#8220;kun perheet eiv\u00e4t pysty el\u00e4tt\u00e4m\u00e4\u00e4n lapsiaan, he hankkiutuvat ensin eroon tytt\u00e4rest\u00e4\u00e4n&#8221;<\/em>.<\/p>\n\n<p><\/p>\n\n<p>Luotettavia tilastoja ei ole olemassa, mutta erilaiset tutkimukset piirt\u00e4v\u00e4t tuhoisan kuvan rikkin\u00e4isest\u00e4 kansasta:<\/p>\n\n<p><\/p>\n\n<ul class=\"wp-block-list\">\n<li>Prostituutio alkaa jo 12-vuotiaana &#8211; yli miljoona iranilaista on j\u00e4\u00e4nyt t\u00e4m\u00e4n maailman loukkuun. &#8220;Sighe&#8221;-tilap\u00e4iset avioliitot laillistavat kaikenik\u00e4isten tytt\u00f6jen raiskauksen.<\/li>\n\n\n\n<li>Lapsiavioliittojen osuus kaikista avioliitoista on viidennes, ja naimisiin menn\u00e4\u00e4n jopa viisivuotiaiden tytt\u00f6jen kanssa. Satoja vauvoja syntyy vuosittain 10-14-vuotiaille \u00e4ideille.<\/li>\n\n\n\n<li>Vakava kansallinen huumeongelma vaikuttaa yli 4,4 miljoonaan iranilaiseen.<\/li>\n\n\n\n<li>18-22 miljoonaa iranilaista (21-25 prosenttia v\u00e4est\u00f6st\u00e4) k\u00e4rsii mielenterveys- tai kehitysh\u00e4iri\u00f6ist\u00e4, erityisesti masennuksesta ja ahdistuneisuush\u00e4iri\u00f6ist\u00e4. Vuonna 2021 Iranin terveysministeri ilmoitti, ett\u00e4 25 prosenttia iranilaisista on kliinisesti masentuneita. Iranin psykiatriyhdistyksen johtaja Ahmad Jalili totesi 3. syyskuuta 2023, ett\u00e4 &#8220;tehtyjen tutkimusten mukaan Teheranissa asuvien kansalaisten masennusaste on l\u00e4hes 34 prosenttia&#8221;.<\/li>\n\n\n\n<li>Itsemurhien m\u00e4\u00e4r\u00e4 on kasvanut 44 prosenttia viimeisten 20 vuoden aikana.<\/li>\n\n\n\n<li>Iranilaiset ovat syv\u00e4sti traumatisoitunut kansa, joka tarvitsee toivoa ja paranemista.<\/li>\n<\/ul>\n\n<p><\/p>\n\n<p>Pearl of Persia on parantumisen ja toivon ministeri\u00f6 traumojen, seksuaalisen ja p\u00e4ihteiden v\u00e4\u00e4rink\u00e4yt\u00f6n sek\u00e4 riippuvuuden uhreille. Pearl on my\u00f6s sitoutunut siihen, ett\u00e4 Iranin monet rikkin\u00e4iset perheet ja avioliitot palautetaan ennalleen.<\/p>\n\n<div class=\"wp-block-buttons is-content-justification-center is-layout-flex wp-container-core-buttons-is-layout-16018d1d wp-block-buttons-is-layout-flex\">\n<div class=\"wp-block-button\"><a class=\"wp-block-button__link has-white-color has-vivid-red-background-color has-text-color has-background has-link-color wp-element-button\" href=\"https:\/\/transformiran.com\/fi\/impact-fi\/kuinka-instagram-postaus-pelasti-avioliittoni\/\">Selvit\u00e4, miten &#8220;Helmi&#8221;-viesti sosiaalisessa mediassa pelasti avioliiton ja johti pariskunnan pelastukseen.<\/a><\/div>\n<\/div>\n\n<p>Kirkon on aika n\u00e4ytt\u00e4\u00e4 parempi tie, palauttaa Iranin nuoriso ja lunastaa perheyksik\u00f6n eheys Iranissa. Me jaamme hyv\u00e4n uutisen tavalla, joka puhuttelee suoraan t\u00e4t\u00e4 yhteiskunnan osaa, tarjoamme erityisneuvontaa ja tukea k\u00e4yt\u00e4nn\u00f6n tavoin.  <\/p>\n\n<p>[t\u00e4ll\u00e4 sivulla oleva video: Pearl of Persia Working Kids]  <\/p>\n\n<blockquote class=\"wp-block-quote is-layout-flow wp-block-quote-is-layout-flow\">\n<p>Miten voin kertoa tarinani muutamalla sanalla? Koin kauheaa hyv\u00e4ksik\u00e4ytt\u00f6\u00e4 lapsuudessani. Sen seurauksena p\u00e4\u00e4dyin suhteisiin monien miesten kanssa (my\u00f6s sighen). J\u00e4in kiinni varastamisen, valehtelemisen ja muiden asioiden kiertokulkuun. Er\u00e4\u00e4n\u00e4 p\u00e4iv\u00e4n\u00e4 etsin televisiokanavia ja l\u00f6ysin Pearl of Persian ohjelmat. Soitin ja puhuin neuvojan kanssa. H\u00e4n selitti minulle monia asioita. Annoin el\u00e4m\u00e4ni Jeesukselle, sain 1:1 neuvontaa Persian helmen neuvonantajalta ja l\u00f6ysin j\u00e4lleen vapauteni. Opinto-ohjaajani rohkaisemana opettelin ihonhoidosta ja korujen tekemisest\u00e4 ja perustin oman yritykseni. En pystynyt hillitsem\u00e4\u00e4n iloa siit\u00e4, mit\u00e4 Jeesus oli tehnyt puolestani. Aloin todistaa ymp\u00e4rill\u00e4ni oleville ihmisille. T\u00e4ss\u00e4 vaiheessa olin kasvattanut menestyksekk\u00e4\u00e4n yrityksen ja alkanut auttaa muita. Hallitus n\u00e4ki t\u00e4m\u00e4n ja pid\u00e4tti minut. He vangitsivat minut evankelioimisestani ja veiv\u00e4t liiketoimintani. Vapautumiseni j\u00e4lkeen pakenin Turkkiin. T\u00e4m\u00e4 tapahtui 4 vuotta sitten. Olen nyt Istanbulissa. Transform Iran on seisonut rinnallani kaikki n\u00e4m\u00e4 vuodet. He ovat auttaneet minua asunnon saamisessa, ja saan neuvontaa ja paranemista kaikkien aiempien vuosien traumoista. Haluaisin ty\u00f6skennell\u00e4 kokop\u00e4iv\u00e4isesti Pearl of Persian palveluksessa ja auttaa muita kaltaisiani naisia oman yrityksen perustamisessa.<\/p>\n<\/blockquote>\n\n<div class=\"wp-block-buttons is-content-justification-center is-layout-flex wp-container-core-buttons-is-layout-16018d1d wp-block-buttons-is-layout-flex\">\n<div class=\"wp-block-button\"><a class=\"wp-block-button__link has-white-color has-vivid-red-background-color has-text-color has-background has-link-color wp-element-button\" href=\"https:\/\/transformiran.com\/fi\/donate\/\">Voit tukea Pearlin ty\u00f6t\u00e4 lahjoittamalla t\u00e4\u00e4ll\u00e4 t\u00e4n\u00e4\u00e4n.<\/a><\/div>\n<\/div>\n","protected":false},"excerpt":{"rendered":"<p>Pearl of Persia on olemassa tavoittaakseen Iranin murtuneet ihmiset evankeliumin rakkaudella ja voimalla. N\u00e4hd\u00e4, kuinka 5 miljoonaa prostituoitua, seksisynnin uhria ja huumeriippuvaista Iranissa pelastuu, paranee, palautuu ja muuttuu. Iranissa on meneill\u00e4\u00e4n laajamittainen her\u00e4tysliike ja kirkon eteneminen. Kuitenkin 30-40 vuoden kasvun j\u00e4lkeenkin kirkko ei ole viel\u00e4k\u00e4\u00e4n kyennyt tarjoamaan ammattitaitoista ja asianmukaista apua miljoonille huumeriippuvaisille, prostituoiduille ja [&hellip;]<\/p>\n","protected":false},"author":1,"featured_media":0,"parent":12940,"menu_order":0,"comment_status":"closed","ping_status":"closed","template":"page-work.php","meta":{"_acf_changed":false,"give_campaign_id":0,"om_disable_all_campaigns":false,"_mi_skip_tracking":false,"footnotes":""},"class_list":["post-12964","page","type-page","status-publish","hentry"],"acf":[],"yoast_head":"<!-- This site is optimized with the Yoast SEO plugin v27.2 - https:\/\/yoast.com\/product\/yoast-seo-wordpress\/ -->\n<title>Persian helmi - Transform Iran<\/title>\n<meta name=\"robots\" content=\"index, follow, max-snippet:-1, max-image-preview:large, max-video-preview:-1\" \/>\n<link rel=\"canonical\" href=\"https:\/\/transformiran.com\/fi\/meidan-tyomme\/persian-helmi\/\" \/>\n<meta property=\"og:locale\" content=\"fi_FI\" \/>\n<meta property=\"og:type\" content=\"article\" \/>\n<meta property=\"og:title\" content=\"Persian helmi - Transform Iran\" \/>\n<meta property=\"og:description\" content=\"Pearl of Persia on olemassa tavoittaakseen Iranin murtuneet ihmiset evankeliumin rakkaudella ja voimalla. N\u00e4hd\u00e4, kuinka 5 miljoonaa prostituoitua, seksisynnin uhria ja huumeriippuvaista Iranissa pelastuu, paranee, palautuu ja muuttuu. Iranissa on meneill\u00e4\u00e4n laajamittainen her\u00e4tysliike ja kirkon eteneminen. Kuitenkin 30-40 vuoden kasvun j\u00e4lkeenkin kirkko ei ole viel\u00e4k\u00e4\u00e4n kyennyt tarjoamaan ammattitaitoista ja asianmukaista apua miljoonille huumeriippuvaisille, prostituoiduille ja [&hellip;]\" \/>\n<meta property=\"og:url\" content=\"https:\/\/transformiran.com\/fi\/meidan-tyomme\/persian-helmi\/\" \/>\n<meta property=\"og:site_name\" content=\"Transform Iran\" \/>\n<meta property=\"article:publisher\" content=\"https:\/\/www.facebook.com\/222MinistriesUSAInc\" \/>\n<meta property=\"article:modified_time\" content=\"2025-04-02T09:56:10+00:00\" \/>\n<meta name=\"twitter:card\" content=\"summary_large_image\" \/>\n<meta name=\"twitter:site\" content=\"@222minint\" \/>\n<meta name=\"twitter:label1\" content=\"Est. reading time\" \/>\n\t<meta name=\"twitter:data1\" content=\"4 minutes\" \/>\n<script type=\"application\/ld+json\" class=\"yoast-schema-graph\">{\"@context\":\"https:\/\/schema.org\",\"@graph\":[{\"@type\":\"WebPage\",\"@id\":\"https:\/\/transformiran.com\/fi\/meidan-tyomme\/persian-helmi\/\",\"url\":\"https:\/\/transformiran.com\/fi\/meidan-tyomme\/persian-helmi\/\",\"name\":\"Persian helmi - Transform Iran\",\"isPartOf\":{\"@id\":\"https:\/\/transformiran.com\/fi\/#website\"},\"datePublished\":\"2022-11-03T12:21:27+00:00\",\"dateModified\":\"2025-04-02T09:56:10+00:00\",\"breadcrumb\":{\"@id\":\"https:\/\/transformiran.com\/fi\/meidan-tyomme\/persian-helmi\/#breadcrumb\"},\"inLanguage\":\"fi\",\"potentialAction\":[{\"@type\":\"ReadAction\",\"target\":[\"https:\/\/transformiran.com\/fi\/meidan-tyomme\/persian-helmi\/\"]}]},{\"@type\":\"BreadcrumbList\",\"@id\":\"https:\/\/transformiran.com\/fi\/meidan-tyomme\/persian-helmi\/#breadcrumb\",\"itemListElement\":[{\"@type\":\"ListItem\",\"position\":1,\"name\":\"Home\",\"item\":\"https:\/\/transformiran.com\/fi\/home\/\"},{\"@type\":\"ListItem\",\"position\":2,\"name\":\"Ty\u00f6mme\",\"item\":\"https:\/\/transformiran.com\/fi\/meidan-tyomme\/\"},{\"@type\":\"ListItem\",\"position\":3,\"name\":\"Persian helmi\"}]},{\"@type\":\"WebSite\",\"@id\":\"https:\/\/transformiran.com\/fi\/#website\",\"url\":\"https:\/\/transformiran.com\/fi\/\",\"name\":\"Transform Iran\",\"description\":\"Bringing the love and power of Christ to Iran - and beyond\",\"publisher\":{\"@id\":\"https:\/\/transformiran.com\/fi\/#organization\"},\"potentialAction\":[{\"@type\":\"SearchAction\",\"target\":{\"@type\":\"EntryPoint\",\"urlTemplate\":\"https:\/\/transformiran.com\/fi\/?s={search_term_string}\"},\"query-input\":{\"@type\":\"PropertyValueSpecification\",\"valueRequired\":true,\"valueName\":\"search_term_string\"}}],\"inLanguage\":\"fi\"},{\"@type\":\"Organization\",\"@id\":\"https:\/\/transformiran.com\/fi\/#organization\",\"name\":\"Transform Iran\",\"url\":\"https:\/\/transformiran.com\/fi\/\",\"logo\":{\"@type\":\"ImageObject\",\"inLanguage\":\"fi\",\"@id\":\"https:\/\/transformiran.com\/fi\/#\/schema\/logo\/image\/\",\"url\":\"https:\/\/transformiran.com\/app\/uploads\/2022\/11\/logo_grey.jpg\",\"contentUrl\":\"https:\/\/transformiran.com\/app\/uploads\/2022\/11\/logo_grey.jpg\",\"width\":528,\"height\":90,\"caption\":\"Transform Iran\"},\"image\":{\"@id\":\"https:\/\/transformiran.com\/fi\/#\/schema\/logo\/image\/\"},\"sameAs\":[\"https:\/\/www.facebook.com\/222MinistriesUSAInc\",\"https:\/\/x.com\/222minint\",\"https:\/\/www.instagram.com\/222ministriesinternational\/\"]}]}<\/script>\n<!-- \/ Yoast SEO plugin. -->","yoast_head_json":{"title":"Persian helmi - Transform Iran","robots":{"index":"index","follow":"follow","max-snippet":"max-snippet:-1","max-image-preview":"max-image-preview:large","max-video-preview":"max-video-preview:-1"},"canonical":"https:\/\/transformiran.com\/fi\/meidan-tyomme\/persian-helmi\/","og_locale":"fi_FI","og_type":"article","og_title":"Persian helmi - Transform Iran","og_description":"Pearl of Persia on olemassa tavoittaakseen Iranin murtuneet ihmiset evankeliumin rakkaudella ja voimalla. N\u00e4hd\u00e4, kuinka 5 miljoonaa prostituoitua, seksisynnin uhria ja huumeriippuvaista Iranissa pelastuu, paranee, palautuu ja muuttuu. Iranissa on meneill\u00e4\u00e4n laajamittainen her\u00e4tysliike ja kirkon eteneminen. Kuitenkin 30-40 vuoden kasvun j\u00e4lkeenkin kirkko ei ole viel\u00e4k\u00e4\u00e4n kyennyt tarjoamaan ammattitaitoista ja asianmukaista apua miljoonille huumeriippuvaisille, prostituoiduille ja [&hellip;]","og_url":"https:\/\/transformiran.com\/fi\/meidan-tyomme\/persian-helmi\/","og_site_name":"Transform Iran","article_publisher":"https:\/\/www.facebook.com\/222MinistriesUSAInc","article_modified_time":"2025-04-02T09:56:10+00:00","twitter_card":"summary_large_image","twitter_site":"@222minint","twitter_misc":{"Est. reading time":"4 minutes"},"schema":{"@context":"https:\/\/schema.org","@graph":[{"@type":"WebPage","@id":"https:\/\/transformiran.com\/fi\/meidan-tyomme\/persian-helmi\/","url":"https:\/\/transformiran.com\/fi\/meidan-tyomme\/persian-helmi\/","name":"Persian helmi - Transform Iran","isPartOf":{"@id":"https:\/\/transformiran.com\/fi\/#website"},"datePublished":"2022-11-03T12:21:27+00:00","dateModified":"2025-04-02T09:56:10+00:00","breadcrumb":{"@id":"https:\/\/transformiran.com\/fi\/meidan-tyomme\/persian-helmi\/#breadcrumb"},"inLanguage":"fi","potentialAction":[{"@type":"ReadAction","target":["https:\/\/transformiran.com\/fi\/meidan-tyomme\/persian-helmi\/"]}]},{"@type":"BreadcrumbList","@id":"https:\/\/transformiran.com\/fi\/meidan-tyomme\/persian-helmi\/#breadcrumb","itemListElement":[{"@type":"ListItem","position":1,"name":"Home","item":"https:\/\/transformiran.com\/fi\/home\/"},{"@type":"ListItem","position":2,"name":"Ty\u00f6mme","item":"https:\/\/transformiran.com\/fi\/meidan-tyomme\/"},{"@type":"ListItem","position":3,"name":"Persian helmi"}]},{"@type":"WebSite","@id":"https:\/\/transformiran.com\/fi\/#website","url":"https:\/\/transformiran.com\/fi\/","name":"Transform Iran","description":"Bringing the love and power of Christ to Iran - and beyond","publisher":{"@id":"https:\/\/transformiran.com\/fi\/#organization"},"potentialAction":[{"@type":"SearchAction","target":{"@type":"EntryPoint","urlTemplate":"https:\/\/transformiran.com\/fi\/?s={search_term_string}"},"query-input":{"@type":"PropertyValueSpecification","valueRequired":true,"valueName":"search_term_string"}}],"inLanguage":"fi"},{"@type":"Organization","@id":"https:\/\/transformiran.com\/fi\/#organization","name":"Transform Iran","url":"https:\/\/transformiran.com\/fi\/","logo":{"@type":"ImageObject","inLanguage":"fi","@id":"https:\/\/transformiran.com\/fi\/#\/schema\/logo\/image\/","url":"https:\/\/transformiran.com\/app\/uploads\/2022\/11\/logo_grey.jpg","contentUrl":"https:\/\/transformiran.com\/app\/uploads\/2022\/11\/logo_grey.jpg","width":528,"height":90,"caption":"Transform Iran"},"image":{"@id":"https:\/\/transformiran.com\/fi\/#\/schema\/logo\/image\/"},"sameAs":["https:\/\/www.facebook.com\/222MinistriesUSAInc","https:\/\/x.com\/222minint","https:\/\/www.instagram.com\/222ministriesinternational\/"]}]}},"campaignId":"","_links":{"self":[{"href":"https:\/\/transformiran.com\/fi\/wp-json\/wp\/v2\/pages\/12964","targetHints":{"allow":["GET"]}}],"collection":[{"href":"https:\/\/transformiran.com\/fi\/wp-json\/wp\/v2\/pages"}],"about":[{"href":"https:\/\/transformiran.com\/fi\/wp-json\/wp\/v2\/types\/page"}],"author":[{"embeddable":true,"href":"https:\/\/transformiran.com\/fi\/wp-json\/wp\/v2\/users\/1"}],"replies":[{"embeddable":true,"href":"https:\/\/transformiran.com\/fi\/wp-json\/wp\/v2\/comments?post=12964"}],"version-history":[{"count":0,"href":"https:\/\/transformiran.com\/fi\/wp-json\/wp\/v2\/pages\/12964\/revisions"}],"up":[{"embeddable":true,"href":"https:\/\/transformiran.com\/fi\/wp-json\/wp\/v2\/pages\/12940"}],"wp:attachment":[{"href":"https:\/\/transformiran.com\/fi\/wp-json\/wp\/v2\/media?parent=12964"}],"curies":[{"name":"wp","href":"https:\/\/api.w.org\/{rel}","templated":true}]}}