{"id":12967,"date":"2022-11-04T11:16:19","date_gmt":"2022-11-04T11:16:19","guid":{"rendered":"https:\/\/transformiran.com\/lahjoittaminen-offline-tilassa-tai-pankkisiirrolla\/"},"modified":"2025-04-02T11:05:21","modified_gmt":"2025-04-02T10:05:21","slug":"lahjoittaminen-offline-tilassa-tai-pankkisiirrolla","status":"publish","type":"page","link":"https:\/\/transformiran.com\/fi\/donate\/lahjoittaminen-offline-tilassa-tai-pankkisiirrolla\/","title":{"rendered":"Lahjoittaminen offline-tilassa tai pankkisiirrolla"},"content":{"rendered":"\n<p>Kiitos, ett\u00e4 valitsit kumppanuutemme!<\/p>\n\n<p>Pystymme vastaanottamaan shekkej\u00e4 USD:n ja GBP:n m\u00e4\u00e4r\u00e4isin\u00e4. Pystymme vastaanottamaan my\u00f6s pankkisiirtoja euroissa ja punnissa.<\/p>\n\n<h2 class=\"wp-block-heading\">L\u00e4het\u00e4 Yhdysvaltain dollarin sekit osoitteeseen:<\/h2>\n\n<p>Transform Iran<br\/>PO Box 1926<br\/>Glendale, CA 91209 USA<\/p>\n\n<p>Maksettava shekki osoitteeseen &#8220;Transform Iran&#8221;.<\/p>\n\n<h2 class=\"wp-block-heading\">Postittakaa Englannin punnan suuruiset shekit seuraavaan osoitteeseen:<\/h2>\n\n<p>Transform Iran<br\/>PO Box 890<br\/>Camberley, Surrey<br\/>GU15 9AU, UK<\/p>\n\n<p>Kirjoita shekki maksettavaksi &#8220;222 Ministries Internationalille&#8221;.<\/p>\n\n<h2 class=\"wp-block-heading\">Pankkisiirrot eurotilille:<\/h2>\n\n<p>Tilin nimi: Stichting 222 Ministry<br\/>Tilinumero: 0251875296<br\/>IBAN: NL 39 ABNA 0251875296<br\/>SWIFT \/ BIC: ABNANL2A<br\/>Pankkiosoite: Bordes5, 1315TN Almere, Alankomaat.<\/p>\n\n<p>Valuutta: Euro<\/p>\n\n<h2 class=\"wp-block-heading\">Pankkisiirrot Yhdistyneen kuningaskunnan tilille:<\/h2>\n\n<p>Tilin nimi: 222 Ministries International<br\/>Tilinumero: 03310419<br\/>Tilinumero: 30-91-53<br\/>IBAN: GB86 LOYD 3091 5303 3104 19<br\/>SWIFT \/ BIC: LOYDGB21141<br\/>Pankkiosoite: Lloyds Bank plc, 18 Prince of Wales Walk, Camberley GU15 3SJ, Yhdistynyt kuningaskunta.<\/p>\n\n<p>Valuutta: Englannin punta<\/p>\n\n<p><\/p>\n\n<p>Valitettavasti emme voi t\u00e4ll\u00e4 hetkell\u00e4 vastaanottaa lahjoituksia muussa valuutassa t\u00e4ll\u00e4 menetelm\u00e4ll\u00e4.<\/p>\n","protected":false},"excerpt":{"rendered":"<p>Kiitos, ett\u00e4 valitsit kumppanuutemme! Pystymme vastaanottamaan shekkej\u00e4 USD:n ja GBP:n m\u00e4\u00e4r\u00e4isin\u00e4. Pystymme vastaanottamaan my\u00f6s pankkisiirtoja euroissa ja punnissa. L\u00e4het\u00e4 Yhdysvaltain dollarin sekit osoitteeseen: Transform IranPO Box 1926Glendale, CA 91209 USA Maksettava shekki osoitteeseen &#8220;Transform Iran&#8221;. Postittakaa Englannin punnan suuruiset shekit seuraavaan osoitteeseen: Transform IranPO Box 890Camberley, SurreyGU15 9AU, UK Kirjoita shekki maksettavaksi &#8220;222 Ministries Internationalille&#8221;. [&hellip;]<\/p>\n","protected":false},"author":1,"featured_media":0,"parent":12992,"menu_order":0,"comment_status":"closed","ping_status":"closed","template":"page-basic.php","meta":{"_acf_changed":false,"give_campaign_id":0,"om_disable_all_campaigns":false,"_mi_skip_tracking":false,"footnotes":""},"class_list":["post-12967","page","type-page","status-publish","hentry"],"acf":[],"yoast_head":"<!-- This site is optimized with the Yoast SEO plugin v27.2 - https:\/\/yoast.com\/product\/yoast-seo-wordpress\/ -->\n<title>Lahjoittaminen offline-tilassa tai pankkisiirrolla - Transform Iran<\/title>\n<meta name=\"robots\" content=\"index, follow, max-snippet:-1, max-image-preview:large, max-video-preview:-1\" \/>\n<link rel=\"canonical\" href=\"https:\/\/transformiran.com\/fi\/donate\/lahjoittaminen-offline-tilassa-tai-pankkisiirrolla\/\" \/>\n<meta property=\"og:locale\" content=\"fi_FI\" \/>\n<meta property=\"og:type\" content=\"article\" \/>\n<meta property=\"og:title\" content=\"Lahjoittaminen offline-tilassa tai pankkisiirrolla - Transform Iran\" \/>\n<meta property=\"og:description\" content=\"Kiitos, ett\u00e4 valitsit kumppanuutemme! Pystymme vastaanottamaan shekkej\u00e4 USD:n ja GBP:n m\u00e4\u00e4r\u00e4isin\u00e4. Pystymme vastaanottamaan my\u00f6s pankkisiirtoja euroissa ja punnissa. L\u00e4het\u00e4 Yhdysvaltain dollarin sekit osoitteeseen: Transform IranPO Box 1926Glendale, CA 91209 USA Maksettava shekki osoitteeseen &#8220;Transform Iran&#8221;. Postittakaa Englannin punnan suuruiset shekit seuraavaan osoitteeseen: Transform IranPO Box 890Camberley, SurreyGU15 9AU, UK Kirjoita shekki maksettavaksi &#8220;222 Ministries Internationalille&#8221;. [&hellip;]\" \/>\n<meta property=\"og:url\" content=\"https:\/\/transformiran.com\/fi\/donate\/lahjoittaminen-offline-tilassa-tai-pankkisiirrolla\/\" \/>\n<meta property=\"og:site_name\" content=\"Transform Iran\" \/>\n<meta property=\"article:publisher\" content=\"https:\/\/www.facebook.com\/222MinistriesUSAInc\" \/>\n<meta property=\"article:modified_time\" content=\"2025-04-02T10:05:21+00:00\" \/>\n<meta name=\"twitter:card\" content=\"summary_large_image\" \/>\n<meta name=\"twitter:site\" content=\"@222minint\" \/>\n<meta name=\"twitter:label1\" content=\"Est. reading time\" \/>\n\t<meta name=\"twitter:data1\" content=\"1 minute\" \/>\n<script type=\"application\/ld+json\" class=\"yoast-schema-graph\">{\"@context\":\"https:\/\/schema.org\",\"@graph\":[{\"@type\":\"WebPage\",\"@id\":\"https:\/\/transformiran.com\/fi\/donate\/lahjoittaminen-offline-tilassa-tai-pankkisiirrolla\/\",\"url\":\"https:\/\/transformiran.com\/fi\/donate\/lahjoittaminen-offline-tilassa-tai-pankkisiirrolla\/\",\"name\":\"Lahjoittaminen offline-tilassa tai pankkisiirrolla - Transform Iran\",\"isPartOf\":{\"@id\":\"https:\/\/transformiran.com\/fi\/#website\"},\"datePublished\":\"2022-11-04T11:16:19+00:00\",\"dateModified\":\"2025-04-02T10:05:21+00:00\",\"breadcrumb\":{\"@id\":\"https:\/\/transformiran.com\/fi\/donate\/lahjoittaminen-offline-tilassa-tai-pankkisiirrolla\/#breadcrumb\"},\"inLanguage\":\"fi\",\"potentialAction\":[{\"@type\":\"ReadAction\",\"target\":[\"https:\/\/transformiran.com\/fi\/donate\/lahjoittaminen-offline-tilassa-tai-pankkisiirrolla\/\"]}]},{\"@type\":\"BreadcrumbList\",\"@id\":\"https:\/\/transformiran.com\/fi\/donate\/lahjoittaminen-offline-tilassa-tai-pankkisiirrolla\/#breadcrumb\",\"itemListElement\":[{\"@type\":\"ListItem\",\"position\":1,\"name\":\"Home\",\"item\":\"https:\/\/transformiran.com\/fi\/home\/\"},{\"@type\":\"ListItem\",\"position\":2,\"name\":\"Lahjoita\",\"item\":\"https:\/\/transformiran.com\/fi\/donate\/\"},{\"@type\":\"ListItem\",\"position\":3,\"name\":\"Lahjoittaminen offline-tilassa tai pankkisiirrolla\"}]},{\"@type\":\"WebSite\",\"@id\":\"https:\/\/transformiran.com\/fi\/#website\",\"url\":\"https:\/\/transformiran.com\/fi\/\",\"name\":\"Transform Iran\",\"description\":\"Bringing the love and power of Christ to Iran - and beyond\",\"publisher\":{\"@id\":\"https:\/\/transformiran.com\/fi\/#organization\"},\"potentialAction\":[{\"@type\":\"SearchAction\",\"target\":{\"@type\":\"EntryPoint\",\"urlTemplate\":\"https:\/\/transformiran.com\/fi\/?s={search_term_string}\"},\"query-input\":{\"@type\":\"PropertyValueSpecification\",\"valueRequired\":true,\"valueName\":\"search_term_string\"}}],\"inLanguage\":\"fi\"},{\"@type\":\"Organization\",\"@id\":\"https:\/\/transformiran.com\/fi\/#organization\",\"name\":\"Transform Iran\",\"url\":\"https:\/\/transformiran.com\/fi\/\",\"logo\":{\"@type\":\"ImageObject\",\"inLanguage\":\"fi\",\"@id\":\"https:\/\/transformiran.com\/fi\/#\/schema\/logo\/image\/\",\"url\":\"https:\/\/transformiran.com\/app\/uploads\/2022\/11\/logo_grey.jpg\",\"contentUrl\":\"https:\/\/transformiran.com\/app\/uploads\/2022\/11\/logo_grey.jpg\",\"width\":528,\"height\":90,\"caption\":\"Transform Iran\"},\"image\":{\"@id\":\"https:\/\/transformiran.com\/fi\/#\/schema\/logo\/image\/\"},\"sameAs\":[\"https:\/\/www.facebook.com\/222MinistriesUSAInc\",\"https:\/\/x.com\/222minint\",\"https:\/\/www.instagram.com\/222ministriesinternational\/\"]}]}<\/script>\n<!-- \/ Yoast SEO plugin. -->","yoast_head_json":{"title":"Lahjoittaminen offline-tilassa tai pankkisiirrolla - Transform Iran","robots":{"index":"index","follow":"follow","max-snippet":"max-snippet:-1","max-image-preview":"max-image-preview:large","max-video-preview":"max-video-preview:-1"},"canonical":"https:\/\/transformiran.com\/fi\/donate\/lahjoittaminen-offline-tilassa-tai-pankkisiirrolla\/","og_locale":"fi_FI","og_type":"article","og_title":"Lahjoittaminen offline-tilassa tai pankkisiirrolla - Transform Iran","og_description":"Kiitos, ett\u00e4 valitsit kumppanuutemme! Pystymme vastaanottamaan shekkej\u00e4 USD:n ja GBP:n m\u00e4\u00e4r\u00e4isin\u00e4. Pystymme vastaanottamaan my\u00f6s pankkisiirtoja euroissa ja punnissa. L\u00e4het\u00e4 Yhdysvaltain dollarin sekit osoitteeseen: Transform IranPO Box 1926Glendale, CA 91209 USA Maksettava shekki osoitteeseen &#8220;Transform Iran&#8221;. Postittakaa Englannin punnan suuruiset shekit seuraavaan osoitteeseen: Transform IranPO Box 890Camberley, SurreyGU15 9AU, UK Kirjoita shekki maksettavaksi &#8220;222 Ministries Internationalille&#8221;. [&hellip;]","og_url":"https:\/\/transformiran.com\/fi\/donate\/lahjoittaminen-offline-tilassa-tai-pankkisiirrolla\/","og_site_name":"Transform Iran","article_publisher":"https:\/\/www.facebook.com\/222MinistriesUSAInc","article_modified_time":"2025-04-02T10:05:21+00:00","twitter_card":"summary_large_image","twitter_site":"@222minint","twitter_misc":{"Est. reading time":"1 minute"},"schema":{"@context":"https:\/\/schema.org","@graph":[{"@type":"WebPage","@id":"https:\/\/transformiran.com\/fi\/donate\/lahjoittaminen-offline-tilassa-tai-pankkisiirrolla\/","url":"https:\/\/transformiran.com\/fi\/donate\/lahjoittaminen-offline-tilassa-tai-pankkisiirrolla\/","name":"Lahjoittaminen offline-tilassa tai pankkisiirrolla - Transform Iran","isPartOf":{"@id":"https:\/\/transformiran.com\/fi\/#website"},"datePublished":"2022-11-04T11:16:19+00:00","dateModified":"2025-04-02T10:05:21+00:00","breadcrumb":{"@id":"https:\/\/transformiran.com\/fi\/donate\/lahjoittaminen-offline-tilassa-tai-pankkisiirrolla\/#breadcrumb"},"inLanguage":"fi","potentialAction":[{"@type":"ReadAction","target":["https:\/\/transformiran.com\/fi\/donate\/lahjoittaminen-offline-tilassa-tai-pankkisiirrolla\/"]}]},{"@type":"BreadcrumbList","@id":"https:\/\/transformiran.com\/fi\/donate\/lahjoittaminen-offline-tilassa-tai-pankkisiirrolla\/#breadcrumb","itemListElement":[{"@type":"ListItem","position":1,"name":"Home","item":"https:\/\/transformiran.com\/fi\/home\/"},{"@type":"ListItem","position":2,"name":"Lahjoita","item":"https:\/\/transformiran.com\/fi\/donate\/"},{"@type":"ListItem","position":3,"name":"Lahjoittaminen offline-tilassa tai pankkisiirrolla"}]},{"@type":"WebSite","@id":"https:\/\/transformiran.com\/fi\/#website","url":"https:\/\/transformiran.com\/fi\/","name":"Transform Iran","description":"Bringing the love and power of Christ to Iran - and beyond","publisher":{"@id":"https:\/\/transformiran.com\/fi\/#organization"},"potentialAction":[{"@type":"SearchAction","target":{"@type":"EntryPoint","urlTemplate":"https:\/\/transformiran.com\/fi\/?s={search_term_string}"},"query-input":{"@type":"PropertyValueSpecification","valueRequired":true,"valueName":"search_term_string"}}],"inLanguage":"fi"},{"@type":"Organization","@id":"https:\/\/transformiran.com\/fi\/#organization","name":"Transform Iran","url":"https:\/\/transformiran.com\/fi\/","logo":{"@type":"ImageObject","inLanguage":"fi","@id":"https:\/\/transformiran.com\/fi\/#\/schema\/logo\/image\/","url":"https:\/\/transformiran.com\/app\/uploads\/2022\/11\/logo_grey.jpg","contentUrl":"https:\/\/transformiran.com\/app\/uploads\/2022\/11\/logo_grey.jpg","width":528,"height":90,"caption":"Transform Iran"},"image":{"@id":"https:\/\/transformiran.com\/fi\/#\/schema\/logo\/image\/"},"sameAs":["https:\/\/www.facebook.com\/222MinistriesUSAInc","https:\/\/x.com\/222minint","https:\/\/www.instagram.com\/222ministriesinternational\/"]}]}},"campaignId":"","_links":{"self":[{"href":"https:\/\/transformiran.com\/fi\/wp-json\/wp\/v2\/pages\/12967","targetHints":{"allow":["GET"]}}],"collection":[{"href":"https:\/\/transformiran.com\/fi\/wp-json\/wp\/v2\/pages"}],"about":[{"href":"https:\/\/transformiran.com\/fi\/wp-json\/wp\/v2\/types\/page"}],"author":[{"embeddable":true,"href":"https:\/\/transformiran.com\/fi\/wp-json\/wp\/v2\/users\/1"}],"replies":[{"embeddable":true,"href":"https:\/\/transformiran.com\/fi\/wp-json\/wp\/v2\/comments?post=12967"}],"version-history":[{"count":0,"href":"https:\/\/transformiran.com\/fi\/wp-json\/wp\/v2\/pages\/12967\/revisions"}],"up":[{"embeddable":true,"href":"https:\/\/transformiran.com\/fi\/wp-json\/wp\/v2\/pages\/12992"}],"wp:attachment":[{"href":"https:\/\/transformiran.com\/fi\/wp-json\/wp\/v2\/media?parent=12967"}],"curies":[{"name":"wp","href":"https:\/\/api.w.org\/{rel}","templated":true}]}}