{"id":12970,"date":"2022-11-04T11:02:40","date_gmt":"2022-11-04T11:02:40","guid":{"rendered":"https:\/\/transformiran.com\/tarinamme\/"},"modified":"2026-04-02T02:19:26","modified_gmt":"2026-04-02T01:19:26","slug":"tarinamme","status":"publish","type":"page","link":"https:\/\/transformiran.com\/fi\/tarinamme\/","title":{"rendered":"Tarinamme"},"content":{"rendered":"\n<p>Lazarus ja Maggie Yeghnazar ovat syntyneet ja kasvaneet Iranissa, ja he ovat palvelleet Iranin kirkkoa koko el\u00e4m\u00e4ns\u00e4 ajan. Vuonna 1988 he tunsivat Jumalan kutsun muuttaa nuoren perheens\u00e4 kanssa l\u00e4nteen. T\u00e4m\u00e4 oli p\u00e4\u00e4t\u00f6s, jonka kanssa he painiskelivat, sill\u00e4 heid\u00e4n syd\u00e4mens\u00e4 oli sidoksissa Iraniin ja yh\u00e4 vainotumpaan kirkkoon siell\u00e4. Heid\u00e4n omien sanojensa mukaan &#8220;emme halunneet hyl\u00e4t\u00e4 laumaamme&#8221;. Jumala kuitenkin teki heille ja heid\u00e4n kunnioittamilleen pastoreille selv\u00e4ksi useiden yliluonnollisten toimenpiteiden kautta, ett\u00e4 h\u00e4nell\u00e4 oli erilainen suunnitelma heit\u00e4 varten. Kuuliaisina he l\u00e4htiv\u00e4t Eurooppaan vuonna 1988. Heid\u00e4n muuttonsa j\u00e4lkeen Jumala puhui:<\/p>\n\n<p>&#8220;Iranin kirkko ajetaan pian maan alle. Mutta jonain p\u00e4iv\u00e4n\u00e4 Iran avautuu evankeliumille. Sinun teht\u00e4v\u00e4si on auttaa Iranin kirkkoa valmistautumaan t\u00e4h\u00e4n avautumiseen ja sen tuomaan sadonkorjuuseen. Kasvattaa johtajia, jotka voivat siirt\u00e4\u00e4 viestikapulaa eteenp\u00e4in ja kasvattaa muita. Valmistakaa ty\u00f6ntekij\u00f6it\u00e4. Valmistakaa ihmiset valmiiksi!&#8221;<\/p>\n\n<p>He aloittivat kokoamalla yhteen l\u00e4nteen muuttavien iranilaisten kristittyjen kasvavan m\u00e4\u00e4r\u00e4n, yhdist\u00e4m\u00e4ll\u00e4 heid\u00e4t ja antamalla heille uuden kuvan omasta maastaan Iranista. Vuonna 1991 he kokosivat suuren joukon hajallaan olevia iranilaisia kristittyj\u00e4 konferenssiin Tanskaan. T\u00e4st\u00e4 tuli merkitt\u00e4v\u00e4 yhteyden ja opetuslapseuden aika, kun he rukoilivat ja kuulivat Jumalalta yhdess\u00e4. Yhteis\u00f6n kasvaessa Lazarus ja Maggie n\u00e4kiv\u00e4t, ett\u00e4 oli tarpeen luoda yhteinen nimi, joka yhdist\u00e4isi kaikki osat. Kun he rukoilivat, he tunsivat, kuinka Jumala painoi syd\u00e4miins\u00e4 &#8220;2, 2, 2&#8221;. He tutkivat Raamattua ja huomasivat, ett\u00e4 2. Timoteuksen kirjan 2:2:2 ilmaisi selv\u00e4sti heille annetun palveluty\u00f6n vision:<\/p>\n\n<p>&#8220;&#8230;ja sen, mit\u00e4 olette kuulleet minun sanovan monien todistajien l\u00e4sn\u00e4ollessa, uskokaa luotettavien miesten k\u00e4siin, jotka ovat my\u00f6s p\u00e4tevi\u00e4 opettamaan muita&#8221;. T\u00e4m\u00e4n oli m\u00e4\u00e4r\u00e4 olla ministeri\u00f6, joka n\u00e4ki, visioi, valtuutti ja varusti ihmisi\u00e4 Iranin palvelukseen. Ihmisi\u00e4, jotka tekisiv\u00e4t saman muille &#8211; ja niin ty\u00f6 sai nimekseen &#8220;222 Ministries&#8221;.<\/p>\n\n<p>Yli kolmen vuosikymmenen ajan he ty\u00f6skenteliv\u00e4t ja palvelivat yhdess\u00e4 222 Ministries -j\u00e4rjest\u00f6n\u00e4, jonka vaikutus ja visio kasvoivat. Vuonna 2022 k\u00e4vi selv\u00e4ksi, ett\u00e4 vaikka opetuslapseus ja johtajuuden kehitt\u00e4minen olivat edelleen ty\u00f6n ytimess\u00e4, visio oli kasvanut siten, ett\u00e4 muutos oli n\u00e4ht\u00e4viss\u00e4 koko Iranissa. Marraskuussa 2022 &#8220;222 Ministries&#8221; muuttui &#8220;Transform Iraniksi&#8221;, ja yli 100 seurakuntaa koko verkostossa tulivat &#8220;222 Churches&#8221; lipun alle, muistaen toimeksiannon tehd\u00e4 opetuslapseuksia ihmisille, jotka tekev\u00e4t opetuslapseuksia muille, kun seurakunta laajenee. <\/p>\n\n<p>Transform Iran jatkaa johtajien kouluttamista perustamaan seurakuntia, joiden tavoitteena on muuttaa Iranin kansaa. T\u00e4m\u00e4n ty\u00f6n kautta ja Jumalan armosta seurakuntia on perustettu 17 kansakuntaan, mukaan lukien satoja maanalaisia seurakuntia Iranissa ja seitsem\u00e4n Afganistanissa.   <strong>Yli 100 000 ihmist\u00e4 on tullut Kristuksen seuraajiksi, tuhansia on ohjattu suoraan, ja tuhansia johtajia on koulutettu ja vapautettu palvelusteht\u00e4viin.<\/strong><\/p>\n\n<p>Transform Iran on ollut edell\u00e4k\u00e4vij\u00e4 lukuisissa strategisissa aloitteissa, ja meill\u00e4 on kunnia tasoittaa tiet\u00e4 monille muille ministeri\u00f6ille, kun yhdess\u00e4 palvelemme Iranin kansaa. N\u00e4ihin kuuluvat farsinkielinen kristillinen televisio, farsinkielinen digitaalinen kirkko, farsinkielinen apologetiikka, farsinkieliset kristilliset uutiset sek\u00e4 monenlaista muuta toimintaa, jolla varmistetaan, ett\u00e4 evankeliumin voimakas sanoma tavoittaa Iranin yhteiskunnan kaikki osa-alueet.<\/p>\n\n<h2 class=\"wp-block-heading\">Tapaa perustajat<\/h2>\n\n<h3 class=\"wp-block-heading\">Lazarus<\/h3>\n\n<figure class=\"wp-block-image size-full\"><img decoding=\"async\" width=\"1024\" height=\"683\" src=\"https:\/\/transformiran.com\/app\/uploads\/2022\/11\/laz2.jpeg\" alt=\"\" class=\"wp-image-6653\" srcset=\"https:\/\/transformiran.com\/app\/uploads\/2022\/11\/laz2.jpeg 1024w, https:\/\/transformiran.com\/app\/uploads\/2022\/11\/laz2-300x200.jpeg 300w, https:\/\/transformiran.com\/app\/uploads\/2022\/11\/laz2-768x512.jpeg 768w\" sizes=\"(max-width: 1024px) 100vw, 1024px\" \/><\/figure>\n\n<p>Lazarus Yeghnazar syntyi Iranin Teheranissa vuonna 1949 armenialaiseen kristittyyn perheeseen. Kuusivuotiaana h\u00e4n n\u00e4ki n\u00e4yn Jeesuksesta ja sitoutui palvelemaan h\u00e4nt\u00e4. Lazarus vihittiin 21-vuotiaana vanhimmaksi Jamaate Rabani -keskuskirkossa Teheranissa ja h\u00e4net nimitettiin Iranin eri puolilla sijaitsevien kirkkojen yleisjohdon j\u00e4seneksi.<\/p>\n\n<p>Vaikka Lazarus opetti itse englantia, h\u00e4nest\u00e4 tuli 23-vuotiaana Iranin sotaministeri\u00f6n k\u00e4\u00e4nn\u00f6sosaston p\u00e4\u00e4llikk\u00f6 ja Iranin varasotaministerin virallinen k\u00e4\u00e4nt\u00e4j\u00e4.<\/p>\n\n<p>H\u00e4net vangittiin kahdesti ennen kuin h\u00e4n t\u00e4ytti 25 vuotta, koska h\u00e4n saarnasi evankeliumia eri kaupungeissa Iranissa (shaahin aikana). H\u00e4n sai virallisen audienssin Iranin kuninkaan ja kuningattaren luona 27-vuotiaana. Vuosia my\u00f6hemmin h\u00e4n tapasi ja rukoili erityiskutsusta kruununprinssi Reza Pahlavin (joka oli tuolloin maanpaossa) kanssa.<\/p>\n\n<p>Islamilaisen vallankumouksen j\u00e4lkeen, kun panttivangit otettiin kiinni Yhdysvaltain suurl\u00e4hetyst\u00f6ss\u00e4, h\u00e4n oli ainoa, jota pyydettiin pit\u00e4m\u00e4\u00e4n joulu- ja p\u00e4\u00e4si\u00e4isjumalanpalveluksia panttivangeille.<\/p>\n\n<p>Lazarus perusti my\u00f6s Pars Linkin, yhden Iranin johtavista elektroniikkasuunnitteluyrityksist\u00e4, ja h\u00e4nest\u00e4 tuli menestyv\u00e4 kansainv\u00e4linen liikemies. H\u00e4n perusti 30-vuotiaana Full Gospel Businessmen&#8217;s Fellowship International -j\u00e4rjest\u00f6n ensimm\u00e4isen Teheranin osaston ja johti sit\u00e4.<\/p>\n\n<p>Vuonna 1988, Iranin ja Irakin v\u00e4lisen kahdeksanvuotisen sodan p\u00e4\u00e4tytty\u00e4, Lazarus ja Maggie tunsivat Jumalan johdatuksen l\u00e4hte\u00e4 Iranista ja asettua Eurooppaan. Vuonna 1991 he perustivat 222 Ministries -j\u00e4rjest\u00f6n kuuliaisina Jumalan kutsulle. Vuonna 2022 &#8216;222 Ministries&#8217; muuttui &#8216;Transform Iran&#8217;, jotta se voisi paremmin kertoa laajemmasta visiosta, jonka se oli saanut Herralta. Vuonna 2026 Lazarus luovutti Transform Iranin johtajuuden tytt\u00e4relleen Lanalle, joka jatkoi 222 Churchesin valvojana. Uudessa teht\u00e4v\u00e4ss\u00e4\u00e4n Lazarus omistaa aikansa lahjakkaiden pastoreiden kasvattamiselle, kouluttamiselle, mentoroinnille ja vapauttamiselle sek\u00e4 satojen seurakuntien valvonnalle Transform Iranin verkostossa. <\/p>\n\n<p>Lazaruksella on strateginen edell\u00e4k\u00e4vij\u00e4henki. H\u00e4n n\u00e4kee, mit\u00e4 on tapahtumassa ja mit\u00e4 on teht\u00e4v\u00e4, ja h\u00e4nell\u00e4 on rohkeutta ja \u00e4\u00e4nt\u00e4 johtaa sinne, minne muut eiv\u00e4t ehk\u00e4 uskalla menn\u00e4.<\/p>\n\n<h3 class=\"wp-block-heading\">Maggie<\/h3>\n\n<figure class=\"wp-block-image size-full\"><img decoding=\"async\" width=\"1024\" height=\"683\" src=\"https:\/\/transformiran.com\/app\/uploads\/2022\/11\/mag2.jpeg\" alt=\"\" class=\"wp-image-6654\" srcset=\"https:\/\/transformiran.com\/app\/uploads\/2022\/11\/mag2.jpeg 1024w, https:\/\/transformiran.com\/app\/uploads\/2022\/11\/mag2-300x200.jpeg 300w, https:\/\/transformiran.com\/app\/uploads\/2022\/11\/mag2-768x512.jpeg 768w\" sizes=\"(max-width: 1024px) 100vw, 1024px\" \/><\/figure>\n\n<p>Maggie Yeghnazar (o.s. Minassian) syntyi Iranin Teheranissa vuonna 1953 armenialaiseen, nimellisesti kristittyyn perheeseen. Kymmenvuotiaana h\u00e4n otti Jeesuksen vastaan Herranaan ja Vapahtajanaan ja uppoutui kaikkeen hengelliseen el\u00e4m\u00e4\u00e4n ja palveluun vasta perustetussa Iranin kirkossa Teheranissa.<\/p>\n\n<p>Teini-ik\u00e4isest\u00e4 l\u00e4htien Maggie on sitoutunut palvelemaan kaikkialla, miss\u00e4 on ollut tarvetta. H\u00e4nen t\u00e4rkein intohimonsa on aina ollut Jumalan sanan tutkiminen ja opettaminen &#8211; t\u00e4m\u00e4 on h\u00e4nen suuri lahjakkuutensa. H\u00e4n on opettanut erilaisissa raamattukouluissa, konferensseissa ja televisio-ohjelmissa sek\u00e4 Iranissa ett\u00e4 sen ulkopuolella, hankkinut ja k\u00e4\u00e4nt\u00e4nyt lukemattomia kirjoja ruumiin rakentamiseksi ja kehitt\u00e4nyt uraauurtavia strategisia opetuslapseuskursseja Iranin kasvavalle seurakunnalle.<\/p>\n\n<p>H\u00e4n on itse vihitty pappi, ja h\u00e4n on yksi Iranin kirkon eturivin nais\u00e4\u00e4nist\u00e4, ja h\u00e4n on tasoittanut tiet\u00e4 monille naisille, jotka ovat nousseet esiin ja tulleet luetuiksi l\u00e4hetysty\u00f6ss\u00e4. H\u00e4n inspiroi ja opastaa edelleen miehi\u00e4 ja naisia eri puolilla Irania ja iranilaista diasporaa seuraamaan Jumalan kutsua el\u00e4m\u00e4ss\u00e4\u00e4n.<\/p>\n\n<p>Vuonna 1991 h\u00e4n perusti yhdess\u00e4 Lazaruksen kanssa 222 Ministriesin, jossa h\u00e4n on toiminut hallituksen j\u00e4senen\u00e4, raamattukoulun johtajana, naisjohtajana ja julkaisujohtajana. Nyky\u00e4\u00e4n h\u00e4n johtaa tiet\u00e4 teologian ja opetussuunnitelmien johtajana varmistaen, ett\u00e4 kaikki Transform Iranin kasvavat tuotteet ja ohjelmat ovat edelleen syv\u00e4ll\u00e4 oikeassa raamatullisessa opetuksessa. <\/p>\n\n<p>Maggie on suorittanut englantilaisen kirjallisuuden kandidaatin tutkinnon Damavand Collegessa Teheranissa, Iranissa, sek\u00e4 Raamatun ja teologian kandidaatin tutkinnon.<\/p>\n\n<p>H\u00e4n on lahjakas, uraauurtava, uraauurtava johtaja, opettaja ja mentori, jolla on intohimo Jumalan sanaa kohtaan.<\/p>\n","protected":false},"excerpt":{"rendered":"<p>Lazarus ja Maggie Yeghnazar ovat syntyneet ja kasvaneet Iranissa, ja he ovat palvelleet Iranin kirkkoa koko el\u00e4m\u00e4ns\u00e4 ajan. Vuonna 1988 he tunsivat Jumalan kutsun muuttaa nuoren perheens\u00e4 kanssa l\u00e4nteen. T\u00e4m\u00e4 oli p\u00e4\u00e4t\u00f6s, jonka kanssa he painiskelivat, sill\u00e4 heid\u00e4n syd\u00e4mens\u00e4 oli sidoksissa Iraniin ja yh\u00e4 vainotumpaan kirkkoon siell\u00e4. Heid\u00e4n omien sanojensa mukaan &#8220;emme halunneet hyl\u00e4t\u00e4 laumaamme&#8221;. [&hellip;]<\/p>\n","protected":false},"author":1,"featured_media":12977,"parent":0,"menu_order":0,"comment_status":"closed","ping_status":"closed","template":"page-basic.php","meta":{"_acf_changed":false,"give_campaign_id":0,"om_disable_all_campaigns":false,"_mi_skip_tracking":false,"footnotes":""},"class_list":["post-12970","page","type-page","status-publish","has-post-thumbnail","hentry"],"acf":[],"yoast_head":"<!-- This site is optimized with the Yoast SEO plugin v27.2 - https:\/\/yoast.com\/product\/yoast-seo-wordpress\/ -->\n<title>Tarinamme - Transform Iran<\/title>\n<meta name=\"robots\" content=\"index, follow, max-snippet:-1, max-image-preview:large, max-video-preview:-1\" \/>\n<link rel=\"canonical\" href=\"https:\/\/transformiran.com\/fi\/tarinamme\/\" \/>\n<meta property=\"og:locale\" content=\"fi_FI\" \/>\n<meta property=\"og:type\" content=\"article\" \/>\n<meta property=\"og:title\" content=\"Tarinamme - Transform Iran\" \/>\n<meta property=\"og:description\" content=\"Lazarus ja Maggie Yeghnazar ovat syntyneet ja kasvaneet Iranissa, ja he ovat palvelleet Iranin kirkkoa koko el\u00e4m\u00e4ns\u00e4 ajan. Vuonna 1988 he tunsivat Jumalan kutsun muuttaa nuoren perheens\u00e4 kanssa l\u00e4nteen. T\u00e4m\u00e4 oli p\u00e4\u00e4t\u00f6s, jonka kanssa he painiskelivat, sill\u00e4 heid\u00e4n syd\u00e4mens\u00e4 oli sidoksissa Iraniin ja yh\u00e4 vainotumpaan kirkkoon siell\u00e4. Heid\u00e4n omien sanojensa mukaan &#8220;emme halunneet hyl\u00e4t\u00e4 laumaamme&#8221;. [&hellip;]\" \/>\n<meta property=\"og:url\" content=\"https:\/\/transformiran.com\/fi\/tarinamme\/\" \/>\n<meta property=\"og:site_name\" content=\"Transform Iran\" \/>\n<meta property=\"article:publisher\" content=\"https:\/\/www.facebook.com\/222MinistriesUSAInc\" \/>\n<meta property=\"article:modified_time\" content=\"2026-04-02T01:19:26+00:00\" \/>\n<meta property=\"og:image\" content=\"https:\/\/transformiran.com\/app\/uploads\/2022\/11\/Our-story-cropped.jpg\" \/>\n\t<meta property=\"og:image:width\" content=\"1920\" \/>\n\t<meta property=\"og:image:height\" content=\"555\" \/>\n\t<meta property=\"og:image:type\" content=\"image\/jpeg\" \/>\n<meta name=\"twitter:card\" content=\"summary_large_image\" \/>\n<meta name=\"twitter:site\" content=\"@222minint\" \/>\n<meta name=\"twitter:label1\" content=\"Est. reading time\" \/>\n\t<meta name=\"twitter:data1\" content=\"5 minutes\" \/>\n<script type=\"application\/ld+json\" class=\"yoast-schema-graph\">{\"@context\":\"https:\/\/schema.org\",\"@graph\":[{\"@type\":\"WebPage\",\"@id\":\"https:\/\/transformiran.com\/fi\/tarinamme\/\",\"url\":\"https:\/\/transformiran.com\/fi\/tarinamme\/\",\"name\":\"Tarinamme - Transform Iran\",\"isPartOf\":{\"@id\":\"https:\/\/transformiran.com\/fi\/#website\"},\"primaryImageOfPage\":{\"@id\":\"https:\/\/transformiran.com\/fi\/tarinamme\/#primaryimage\"},\"image\":{\"@id\":\"https:\/\/transformiran.com\/fi\/tarinamme\/#primaryimage\"},\"thumbnailUrl\":\"https:\/\/transformiran.com\/app\/uploads\/2022\/11\/Our-story-cropped.jpg\",\"datePublished\":\"2022-11-04T11:02:40+00:00\",\"dateModified\":\"2026-04-02T01:19:26+00:00\",\"breadcrumb\":{\"@id\":\"https:\/\/transformiran.com\/fi\/tarinamme\/#breadcrumb\"},\"inLanguage\":\"fi\",\"potentialAction\":[{\"@type\":\"ReadAction\",\"target\":[\"https:\/\/transformiran.com\/fi\/tarinamme\/\"]}]},{\"@type\":\"ImageObject\",\"inLanguage\":\"fi\",\"@id\":\"https:\/\/transformiran.com\/fi\/tarinamme\/#primaryimage\",\"url\":\"https:\/\/transformiran.com\/app\/uploads\/2022\/11\/Our-story-cropped.jpg\",\"contentUrl\":\"https:\/\/transformiran.com\/app\/uploads\/2022\/11\/Our-story-cropped.jpg\",\"width\":1920,\"height\":555},{\"@type\":\"BreadcrumbList\",\"@id\":\"https:\/\/transformiran.com\/fi\/tarinamme\/#breadcrumb\",\"itemListElement\":[{\"@type\":\"ListItem\",\"position\":1,\"name\":\"Home\",\"item\":\"https:\/\/transformiran.com\/fi\/home\/\"},{\"@type\":\"ListItem\",\"position\":2,\"name\":\"Tarinamme\"}]},{\"@type\":\"WebSite\",\"@id\":\"https:\/\/transformiran.com\/fi\/#website\",\"url\":\"https:\/\/transformiran.com\/fi\/\",\"name\":\"Transform Iran\",\"description\":\"Bringing the love and power of Christ to Iran - and beyond\",\"publisher\":{\"@id\":\"https:\/\/transformiran.com\/fi\/#organization\"},\"potentialAction\":[{\"@type\":\"SearchAction\",\"target\":{\"@type\":\"EntryPoint\",\"urlTemplate\":\"https:\/\/transformiran.com\/fi\/?s={search_term_string}\"},\"query-input\":{\"@type\":\"PropertyValueSpecification\",\"valueRequired\":true,\"valueName\":\"search_term_string\"}}],\"inLanguage\":\"fi\"},{\"@type\":\"Organization\",\"@id\":\"https:\/\/transformiran.com\/fi\/#organization\",\"name\":\"Transform Iran\",\"url\":\"https:\/\/transformiran.com\/fi\/\",\"logo\":{\"@type\":\"ImageObject\",\"inLanguage\":\"fi\",\"@id\":\"https:\/\/transformiran.com\/fi\/#\/schema\/logo\/image\/\",\"url\":\"https:\/\/transformiran.com\/app\/uploads\/2022\/11\/logo_grey.jpg\",\"contentUrl\":\"https:\/\/transformiran.com\/app\/uploads\/2022\/11\/logo_grey.jpg\",\"width\":528,\"height\":90,\"caption\":\"Transform Iran\"},\"image\":{\"@id\":\"https:\/\/transformiran.com\/fi\/#\/schema\/logo\/image\/\"},\"sameAs\":[\"https:\/\/www.facebook.com\/222MinistriesUSAInc\",\"https:\/\/x.com\/222minint\",\"https:\/\/www.instagram.com\/222ministriesinternational\/\"]}]}<\/script>\n<!-- \/ Yoast SEO plugin. -->","yoast_head_json":{"title":"Tarinamme - Transform Iran","robots":{"index":"index","follow":"follow","max-snippet":"max-snippet:-1","max-image-preview":"max-image-preview:large","max-video-preview":"max-video-preview:-1"},"canonical":"https:\/\/transformiran.com\/fi\/tarinamme\/","og_locale":"fi_FI","og_type":"article","og_title":"Tarinamme - Transform Iran","og_description":"Lazarus ja Maggie Yeghnazar ovat syntyneet ja kasvaneet Iranissa, ja he ovat palvelleet Iranin kirkkoa koko el\u00e4m\u00e4ns\u00e4 ajan. Vuonna 1988 he tunsivat Jumalan kutsun muuttaa nuoren perheens\u00e4 kanssa l\u00e4nteen. T\u00e4m\u00e4 oli p\u00e4\u00e4t\u00f6s, jonka kanssa he painiskelivat, sill\u00e4 heid\u00e4n syd\u00e4mens\u00e4 oli sidoksissa Iraniin ja yh\u00e4 vainotumpaan kirkkoon siell\u00e4. Heid\u00e4n omien sanojensa mukaan &#8220;emme halunneet hyl\u00e4t\u00e4 laumaamme&#8221;. [&hellip;]","og_url":"https:\/\/transformiran.com\/fi\/tarinamme\/","og_site_name":"Transform Iran","article_publisher":"https:\/\/www.facebook.com\/222MinistriesUSAInc","article_modified_time":"2026-04-02T01:19:26+00:00","og_image":[{"width":1920,"height":555,"url":"https:\/\/transformiran.com\/app\/uploads\/2022\/11\/Our-story-cropped.jpg","type":"image\/jpeg"}],"twitter_card":"summary_large_image","twitter_site":"@222minint","twitter_misc":{"Est. reading time":"5 minutes"},"schema":{"@context":"https:\/\/schema.org","@graph":[{"@type":"WebPage","@id":"https:\/\/transformiran.com\/fi\/tarinamme\/","url":"https:\/\/transformiran.com\/fi\/tarinamme\/","name":"Tarinamme - Transform Iran","isPartOf":{"@id":"https:\/\/transformiran.com\/fi\/#website"},"primaryImageOfPage":{"@id":"https:\/\/transformiran.com\/fi\/tarinamme\/#primaryimage"},"image":{"@id":"https:\/\/transformiran.com\/fi\/tarinamme\/#primaryimage"},"thumbnailUrl":"https:\/\/transformiran.com\/app\/uploads\/2022\/11\/Our-story-cropped.jpg","datePublished":"2022-11-04T11:02:40+00:00","dateModified":"2026-04-02T01:19:26+00:00","breadcrumb":{"@id":"https:\/\/transformiran.com\/fi\/tarinamme\/#breadcrumb"},"inLanguage":"fi","potentialAction":[{"@type":"ReadAction","target":["https:\/\/transformiran.com\/fi\/tarinamme\/"]}]},{"@type":"ImageObject","inLanguage":"fi","@id":"https:\/\/transformiran.com\/fi\/tarinamme\/#primaryimage","url":"https:\/\/transformiran.com\/app\/uploads\/2022\/11\/Our-story-cropped.jpg","contentUrl":"https:\/\/transformiran.com\/app\/uploads\/2022\/11\/Our-story-cropped.jpg","width":1920,"height":555},{"@type":"BreadcrumbList","@id":"https:\/\/transformiran.com\/fi\/tarinamme\/#breadcrumb","itemListElement":[{"@type":"ListItem","position":1,"name":"Home","item":"https:\/\/transformiran.com\/fi\/home\/"},{"@type":"ListItem","position":2,"name":"Tarinamme"}]},{"@type":"WebSite","@id":"https:\/\/transformiran.com\/fi\/#website","url":"https:\/\/transformiran.com\/fi\/","name":"Transform Iran","description":"Bringing the love and power of Christ to Iran - and beyond","publisher":{"@id":"https:\/\/transformiran.com\/fi\/#organization"},"potentialAction":[{"@type":"SearchAction","target":{"@type":"EntryPoint","urlTemplate":"https:\/\/transformiran.com\/fi\/?s={search_term_string}"},"query-input":{"@type":"PropertyValueSpecification","valueRequired":true,"valueName":"search_term_string"}}],"inLanguage":"fi"},{"@type":"Organization","@id":"https:\/\/transformiran.com\/fi\/#organization","name":"Transform Iran","url":"https:\/\/transformiran.com\/fi\/","logo":{"@type":"ImageObject","inLanguage":"fi","@id":"https:\/\/transformiran.com\/fi\/#\/schema\/logo\/image\/","url":"https:\/\/transformiran.com\/app\/uploads\/2022\/11\/logo_grey.jpg","contentUrl":"https:\/\/transformiran.com\/app\/uploads\/2022\/11\/logo_grey.jpg","width":528,"height":90,"caption":"Transform Iran"},"image":{"@id":"https:\/\/transformiran.com\/fi\/#\/schema\/logo\/image\/"},"sameAs":["https:\/\/www.facebook.com\/222MinistriesUSAInc","https:\/\/x.com\/222minint","https:\/\/www.instagram.com\/222ministriesinternational\/"]}]}},"campaignId":"","_links":{"self":[{"href":"https:\/\/transformiran.com\/fi\/wp-json\/wp\/v2\/pages\/12970","targetHints":{"allow":["GET"]}}],"collection":[{"href":"https:\/\/transformiran.com\/fi\/wp-json\/wp\/v2\/pages"}],"about":[{"href":"https:\/\/transformiran.com\/fi\/wp-json\/wp\/v2\/types\/page"}],"author":[{"embeddable":true,"href":"https:\/\/transformiran.com\/fi\/wp-json\/wp\/v2\/users\/1"}],"replies":[{"embeddable":true,"href":"https:\/\/transformiran.com\/fi\/wp-json\/wp\/v2\/comments?post=12970"}],"version-history":[{"count":2,"href":"https:\/\/transformiran.com\/fi\/wp-json\/wp\/v2\/pages\/12970\/revisions"}],"predecessor-version":[{"id":36989,"href":"https:\/\/transformiran.com\/fi\/wp-json\/wp\/v2\/pages\/12970\/revisions\/36989"}],"wp:featuredmedia":[{"embeddable":true,"href":"https:\/\/transformiran.com\/fi\/wp-json\/wp\/v2\/media\/12977"}],"wp:attachment":[{"href":"https:\/\/transformiran.com\/fi\/wp-json\/wp\/v2\/media?parent=12970"}],"curies":[{"name":"wp","href":"https:\/\/api.w.org\/{rel}","templated":true}]}}