{"id":12986,"date":"2022-11-03T12:23:11","date_gmt":"2022-11-03T12:23:11","guid":{"rendered":"https:\/\/transformiran.com\/our-work\/afganistan\/"},"modified":"2025-04-02T10:55:59","modified_gmt":"2025-04-02T09:55:59","slug":"afganistan","status":"publish","type":"page","link":"https:\/\/transformiran.com\/fi\/meidan-tyomme\/afganistan\/","title":{"rendered":"Afganistan"},"content":{"rendered":"\n<p>Miksi Iraniin keskittyv\u00e4 j\u00e4rjest\u00f6 v\u00e4litt\u00e4isi siit\u00e4, mit\u00e4 Afganistanissa tapahtuu?  <\/p>\n\n<p>Iranissa on yli kaksi miljoonaa afganistanilaista, joista monet ovat pakolaisia. Iranissa asuu itse asiassa yksi maailman suurimmista pakolaisv\u00e4est\u00f6ist\u00e4, ja suurin osa heist\u00e4 on kotoisin Afganistanista. Rekister\u00f6ityj\u00e4 afgaanipakolaisia on noin 800 000, mutta yli kaksi miljoonaa on paperittomia.  <\/p>\n\n<p>Afgaanit muodostavat merkitt\u00e4v\u00e4n osan Iranin etnisest\u00e4 monimuotoisuudesta. Heid\u00e4n kielens\u00e4, dari, on hyvin samankaltainen kuin farsin kieli. Koska meill\u00e4 on yhteinen kieli ja niin monet asuvat keskuudessamme, afganistanilaiset ovat ehdottomasti osa kutsumustamme. Lis\u00e4ksi afganistanilaisia kohdellaan Iranissa eritt\u00e4in huonosti. 2. Moos. 22:21 varoittaa Jumalan kansaa kohtelemasta tai sorrosta maassaan asuvia muukalaisia. Amnesty International on dokumentoinut monia vakavia esimerkkej\u00e4 afganistanilaisten huonosta kohtelusta Iranin viranomaisten toimesta. Kirkon on oltava erilainen.  <\/p>\n\n<p>Afganistanin kirkon vahvistaminen ei ainoastaan tue kaunista uskovien yhteis\u00f6\u00e4 Afganistanissa, vaan tied\u00e4mme, ett\u00e4 se vahvistaa lopulta my\u00f6s Iranin kirkkoa. N\u00e4emme p\u00e4iv\u00e4n, jolloin iranilaiset l\u00e4htev\u00e4t Afganistaniin l\u00e4hetysty\u00f6ntekij\u00f6iksi ja afganistanilaiset uskovat tekev\u00e4t samaa Iranissa. Yhteis\u00f6mme kietoutuvat toisiinsa.  <\/p>\n\n<p>Transform Iran tavoittaa afganistanilaiset evankeliumin avulla, tukee vainon uhreiksi paenneita, opettaa uusia k\u00e4\u00e4nnynn\u00e4isi\u00e4 ja kehitt\u00e4\u00e4 johtajia. Perheeseemme Afganistanissa kuuluu seitsem\u00e4n seurakuntaa eri alueilla.  <\/p>\n\n<p>Helmikuussa 2021 Transform Iran johto sai profeetallisen sanan, joka varoitti meit\u00e4 Kabulin v\u00e4litt\u00f6m\u00e4st\u00e4 kaatumisesta. Koska saimme ennakkovaroituksen kuusi kuukautta ennen tapahtumia, pystyimme valmistautumaan. Suurimmalla osalla ryhm\u00e4mme j\u00e4senist\u00e4 ei ollut passia. Meill\u00e4 oli aikaa saada tarvittavat paperity\u00f6t valmiiksi, jotta halukkaat saatiin siirretty\u00e4 turvallisesti pois. Jotkut halusivat ehdottomasti j\u00e4\u00e4d\u00e4 ja olla valona tulevassa pimeydess\u00e4. Pystyimme valmistautumaan heid\u00e4n turvallisuuteensa siirtym\u00e4ll\u00e4 tarvittaessa maan sis\u00e4ll\u00e4, tarjoamalla parempia viestint\u00e4v\u00e4lineit\u00e4 ja valmistautumalla auttamaan ruoka-avulla. Suurten joukkojen vet\u00e4ytymisen ja Taleban-joukkojen erist\u00e4misen j\u00e4lkeen irtisanomiset ja konkurssit ovat lis\u00e4\u00e4ntyneet r\u00e4j\u00e4hdysm\u00e4isesti. K\u00f6yhyys on armotonta (jopa koulutetuille, tavallisesti hyvin ansaitseville perheille). Naiset, jotka olivat monien kotitalouksien p\u00e4\u00e4asiallisia el\u00e4tt\u00e4ji\u00e4, ovat joutuneet kotiarestiin, ja koko perhe k\u00e4rsii.  <\/p>\n\n<p>Elokuussa 2021 tapahtuneen romahduksen j\u00e4lkeen olemme tukeneet Afganistanin kirkkoa sek\u00e4 siirtym\u00e4\u00e4n joutuneita kristittyj\u00e4 perheit\u00e4 ja heihin yhteydess\u00e4 olevia muslimeja. V\u00e4lit\u00f6n teht\u00e4v\u00e4mme on tukea Afganistanissa ja sen ulkopuolella hajallaan olevia ja piilossa olevia afganistanilaisia kristittyj\u00e4 v\u00e4ltt\u00e4m\u00e4tt\u00f6m\u00e4ll\u00e4 humanitaarisella avulla, joka auttaa heit\u00e4 selviytym\u00e4\u00e4n, p\u00e4\u00e4sem\u00e4\u00e4n jaloilleen, palauttaa heid\u00e4n toivonsa ja antaa heille uutta voimaa tavoittaa kansakuntansa Kristuksen puolesta. Mahdollisuuksien mukaan tuemme my\u00f6s afgaanikristittyjen kristittyjen vaikeuksissa olevia ei-kristittyj\u00e4 yst\u00e4vi\u00e4, osoitamme heille Kristuksen ehdottoman rakkauden voiman ja toivomme, ett\u00e4 he p\u00e4\u00e4sev\u00e4t pelastukseen ja saavat opetuslapseutta.  <\/p>\n\n<p>Transform Iran on toimittanut humanitaarista apua l\u00e4hes 1 700 afganistanilaiselle, joista yli 1 000 on itse maassa. T\u00e4h\u00e4n sis\u00e4ltyv\u00e4t ruoka, hygieniatarvikkeet, talvil\u00e4mmitys, vuokra, evakuointikustannukset, h\u00e4t\u00e4tapaukset, l\u00e4\u00e4kkeet ja kuljetukset.  <\/p>\n\n<blockquote class=\"wp-block-quote is-layout-flow wp-block-quote-is-layout-flow\"><p>Siit\u00e4 p\u00e4iv\u00e4st\u00e4 l\u00e4htien, kun apunne on tullut tiellemme, voin rehellisesti sanoa, ett\u00e4 el\u00e4m\u00e4ss\u00e4ni on tapahtunut her\u00e4\u00e4minen, jopa her\u00e4tys. Perheeni on jatkuvasti t\u00e4ynn\u00e4 iloa. Kiitt\u00e4k\u00e4\u00e4 Jumalaa siit\u00e4, ett\u00e4 h\u00e4nen tapansa on, ett\u00e4 apu tulee meille aina oikeaan aikaan. Aivan kuten paimen johdattaa laumaansa j\u00e4lkiruokaa pitkin ja huolehtii jokaisesta lampaasta, samalla tavalla me voimme n\u00f6yr\u00e4sti sanoa, ett\u00e4 Afganistanissa, n\u00e4iss\u00e4 vaikeissa olosuhteissa, Jumala ei hylk\u00e4\u00e4 meit\u00e4.  <\/p><p>Sit\u00e4 ennen vaimoni oli sairas, mik\u00e4 aiheutti meille kaikille kauheaa ahdistusta. El\u00e4m\u00e4ntilanteemme oli todella huono. Olimme kaikki syv\u00e4ss\u00e4 murheessa, mutta nyt siit\u00e4 p\u00e4iv\u00e4st\u00e4 l\u00e4htien, kun tulimme uskoon Kristukseen ja Jumala piti k\u00e4dest\u00e4mme kiinni, jopa vaimoni vakava ahdistus on rauhoittunut ja h\u00e4nen fyysiset vaivansa ovat my\u00f6s parantuneet.<\/p><\/blockquote>\n","protected":false},"excerpt":{"rendered":"<p>Miksi Iraniin keskittyv\u00e4 j\u00e4rjest\u00f6 v\u00e4litt\u00e4isi siit\u00e4, mit\u00e4 Afganistanissa tapahtuu? Iranissa on yli kaksi miljoonaa afganistanilaista, joista monet ovat pakolaisia. Iranissa asuu itse asiassa yksi maailman suurimmista pakolaisv\u00e4est\u00f6ist\u00e4, ja suurin osa heist\u00e4 on kotoisin Afganistanista. Rekister\u00f6ityj\u00e4 afgaanipakolaisia on noin 800 000, mutta yli kaksi miljoonaa on paperittomia. Afgaanit muodostavat merkitt\u00e4v\u00e4n osan Iranin etnisest\u00e4 monimuotoisuudesta. Heid\u00e4n kielens\u00e4, [&hellip;]<\/p>\n","protected":false},"author":1,"featured_media":0,"parent":12940,"menu_order":0,"comment_status":"closed","ping_status":"closed","template":"page-work.php","meta":{"_acf_changed":false,"give_campaign_id":0,"om_disable_all_campaigns":false,"_mi_skip_tracking":false,"footnotes":""},"class_list":["post-12986","page","type-page","status-publish","hentry"],"acf":[],"yoast_head":"<!-- This site is optimized with the Yoast SEO plugin v27.2 - https:\/\/yoast.com\/product\/yoast-seo-wordpress\/ -->\n<title>Afganistan - Transform Iran<\/title>\n<meta name=\"robots\" content=\"index, follow, max-snippet:-1, max-image-preview:large, max-video-preview:-1\" \/>\n<link rel=\"canonical\" href=\"https:\/\/transformiran.com\/fi\/meidan-tyomme\/afganistan\/\" \/>\n<meta property=\"og:locale\" content=\"fi_FI\" \/>\n<meta property=\"og:type\" content=\"article\" \/>\n<meta property=\"og:title\" content=\"Afganistan - Transform Iran\" \/>\n<meta property=\"og:description\" content=\"Miksi Iraniin keskittyv\u00e4 j\u00e4rjest\u00f6 v\u00e4litt\u00e4isi siit\u00e4, mit\u00e4 Afganistanissa tapahtuu? Iranissa on yli kaksi miljoonaa afganistanilaista, joista monet ovat pakolaisia. Iranissa asuu itse asiassa yksi maailman suurimmista pakolaisv\u00e4est\u00f6ist\u00e4, ja suurin osa heist\u00e4 on kotoisin Afganistanista. Rekister\u00f6ityj\u00e4 afgaanipakolaisia on noin 800 000, mutta yli kaksi miljoonaa on paperittomia. Afgaanit muodostavat merkitt\u00e4v\u00e4n osan Iranin etnisest\u00e4 monimuotoisuudesta. Heid\u00e4n kielens\u00e4, [&hellip;]\" \/>\n<meta property=\"og:url\" content=\"https:\/\/transformiran.com\/fi\/meidan-tyomme\/afganistan\/\" \/>\n<meta property=\"og:site_name\" content=\"Transform Iran\" \/>\n<meta property=\"article:publisher\" content=\"https:\/\/www.facebook.com\/222MinistriesUSAInc\" \/>\n<meta property=\"article:modified_time\" content=\"2025-04-02T09:55:59+00:00\" \/>\n<meta name=\"twitter:card\" content=\"summary_large_image\" \/>\n<meta name=\"twitter:site\" content=\"@222minint\" \/>\n<meta name=\"twitter:label1\" content=\"Est. reading time\" \/>\n\t<meta name=\"twitter:data1\" content=\"3 minutes\" \/>\n<script type=\"application\/ld+json\" class=\"yoast-schema-graph\">{\"@context\":\"https:\/\/schema.org\",\"@graph\":[{\"@type\":\"WebPage\",\"@id\":\"https:\/\/transformiran.com\/fi\/meidan-tyomme\/afganistan\/\",\"url\":\"https:\/\/transformiran.com\/fi\/meidan-tyomme\/afganistan\/\",\"name\":\"Afganistan - Transform Iran\",\"isPartOf\":{\"@id\":\"https:\/\/transformiran.com\/fi\/#website\"},\"datePublished\":\"2022-11-03T12:23:11+00:00\",\"dateModified\":\"2025-04-02T09:55:59+00:00\",\"breadcrumb\":{\"@id\":\"https:\/\/transformiran.com\/fi\/meidan-tyomme\/afganistan\/#breadcrumb\"},\"inLanguage\":\"fi\",\"potentialAction\":[{\"@type\":\"ReadAction\",\"target\":[\"https:\/\/transformiran.com\/fi\/meidan-tyomme\/afganistan\/\"]}]},{\"@type\":\"BreadcrumbList\",\"@id\":\"https:\/\/transformiran.com\/fi\/meidan-tyomme\/afganistan\/#breadcrumb\",\"itemListElement\":[{\"@type\":\"ListItem\",\"position\":1,\"name\":\"Home\",\"item\":\"https:\/\/transformiran.com\/fi\/home\/\"},{\"@type\":\"ListItem\",\"position\":2,\"name\":\"Ty\u00f6mme\",\"item\":\"https:\/\/transformiran.com\/fi\/meidan-tyomme\/\"},{\"@type\":\"ListItem\",\"position\":3,\"name\":\"Afganistan\"}]},{\"@type\":\"WebSite\",\"@id\":\"https:\/\/transformiran.com\/fi\/#website\",\"url\":\"https:\/\/transformiran.com\/fi\/\",\"name\":\"Transform Iran\",\"description\":\"Bringing the love and power of Christ to Iran - and beyond\",\"publisher\":{\"@id\":\"https:\/\/transformiran.com\/fi\/#organization\"},\"potentialAction\":[{\"@type\":\"SearchAction\",\"target\":{\"@type\":\"EntryPoint\",\"urlTemplate\":\"https:\/\/transformiran.com\/fi\/?s={search_term_string}\"},\"query-input\":{\"@type\":\"PropertyValueSpecification\",\"valueRequired\":true,\"valueName\":\"search_term_string\"}}],\"inLanguage\":\"fi\"},{\"@type\":\"Organization\",\"@id\":\"https:\/\/transformiran.com\/fi\/#organization\",\"name\":\"Transform Iran\",\"url\":\"https:\/\/transformiran.com\/fi\/\",\"logo\":{\"@type\":\"ImageObject\",\"inLanguage\":\"fi\",\"@id\":\"https:\/\/transformiran.com\/fi\/#\/schema\/logo\/image\/\",\"url\":\"https:\/\/transformiran.com\/app\/uploads\/2022\/11\/logo_grey.jpg\",\"contentUrl\":\"https:\/\/transformiran.com\/app\/uploads\/2022\/11\/logo_grey.jpg\",\"width\":528,\"height\":90,\"caption\":\"Transform Iran\"},\"image\":{\"@id\":\"https:\/\/transformiran.com\/fi\/#\/schema\/logo\/image\/\"},\"sameAs\":[\"https:\/\/www.facebook.com\/222MinistriesUSAInc\",\"https:\/\/x.com\/222minint\",\"https:\/\/www.instagram.com\/222ministriesinternational\/\"]}]}<\/script>\n<!-- \/ Yoast SEO plugin. -->","yoast_head_json":{"title":"Afganistan - Transform Iran","robots":{"index":"index","follow":"follow","max-snippet":"max-snippet:-1","max-image-preview":"max-image-preview:large","max-video-preview":"max-video-preview:-1"},"canonical":"https:\/\/transformiran.com\/fi\/meidan-tyomme\/afganistan\/","og_locale":"fi_FI","og_type":"article","og_title":"Afganistan - Transform Iran","og_description":"Miksi Iraniin keskittyv\u00e4 j\u00e4rjest\u00f6 v\u00e4litt\u00e4isi siit\u00e4, mit\u00e4 Afganistanissa tapahtuu? Iranissa on yli kaksi miljoonaa afganistanilaista, joista monet ovat pakolaisia. Iranissa asuu itse asiassa yksi maailman suurimmista pakolaisv\u00e4est\u00f6ist\u00e4, ja suurin osa heist\u00e4 on kotoisin Afganistanista. Rekister\u00f6ityj\u00e4 afgaanipakolaisia on noin 800 000, mutta yli kaksi miljoonaa on paperittomia. Afgaanit muodostavat merkitt\u00e4v\u00e4n osan Iranin etnisest\u00e4 monimuotoisuudesta. Heid\u00e4n kielens\u00e4, [&hellip;]","og_url":"https:\/\/transformiran.com\/fi\/meidan-tyomme\/afganistan\/","og_site_name":"Transform Iran","article_publisher":"https:\/\/www.facebook.com\/222MinistriesUSAInc","article_modified_time":"2025-04-02T09:55:59+00:00","twitter_card":"summary_large_image","twitter_site":"@222minint","twitter_misc":{"Est. reading time":"3 minutes"},"schema":{"@context":"https:\/\/schema.org","@graph":[{"@type":"WebPage","@id":"https:\/\/transformiran.com\/fi\/meidan-tyomme\/afganistan\/","url":"https:\/\/transformiran.com\/fi\/meidan-tyomme\/afganistan\/","name":"Afganistan - Transform Iran","isPartOf":{"@id":"https:\/\/transformiran.com\/fi\/#website"},"datePublished":"2022-11-03T12:23:11+00:00","dateModified":"2025-04-02T09:55:59+00:00","breadcrumb":{"@id":"https:\/\/transformiran.com\/fi\/meidan-tyomme\/afganistan\/#breadcrumb"},"inLanguage":"fi","potentialAction":[{"@type":"ReadAction","target":["https:\/\/transformiran.com\/fi\/meidan-tyomme\/afganistan\/"]}]},{"@type":"BreadcrumbList","@id":"https:\/\/transformiran.com\/fi\/meidan-tyomme\/afganistan\/#breadcrumb","itemListElement":[{"@type":"ListItem","position":1,"name":"Home","item":"https:\/\/transformiran.com\/fi\/home\/"},{"@type":"ListItem","position":2,"name":"Ty\u00f6mme","item":"https:\/\/transformiran.com\/fi\/meidan-tyomme\/"},{"@type":"ListItem","position":3,"name":"Afganistan"}]},{"@type":"WebSite","@id":"https:\/\/transformiran.com\/fi\/#website","url":"https:\/\/transformiran.com\/fi\/","name":"Transform Iran","description":"Bringing the love and power of Christ to Iran - and beyond","publisher":{"@id":"https:\/\/transformiran.com\/fi\/#organization"},"potentialAction":[{"@type":"SearchAction","target":{"@type":"EntryPoint","urlTemplate":"https:\/\/transformiran.com\/fi\/?s={search_term_string}"},"query-input":{"@type":"PropertyValueSpecification","valueRequired":true,"valueName":"search_term_string"}}],"inLanguage":"fi"},{"@type":"Organization","@id":"https:\/\/transformiran.com\/fi\/#organization","name":"Transform Iran","url":"https:\/\/transformiran.com\/fi\/","logo":{"@type":"ImageObject","inLanguage":"fi","@id":"https:\/\/transformiran.com\/fi\/#\/schema\/logo\/image\/","url":"https:\/\/transformiran.com\/app\/uploads\/2022\/11\/logo_grey.jpg","contentUrl":"https:\/\/transformiran.com\/app\/uploads\/2022\/11\/logo_grey.jpg","width":528,"height":90,"caption":"Transform Iran"},"image":{"@id":"https:\/\/transformiran.com\/fi\/#\/schema\/logo\/image\/"},"sameAs":["https:\/\/www.facebook.com\/222MinistriesUSAInc","https:\/\/x.com\/222minint","https:\/\/www.instagram.com\/222ministriesinternational\/"]}]}},"campaignId":"","_links":{"self":[{"href":"https:\/\/transformiran.com\/fi\/wp-json\/wp\/v2\/pages\/12986","targetHints":{"allow":["GET"]}}],"collection":[{"href":"https:\/\/transformiran.com\/fi\/wp-json\/wp\/v2\/pages"}],"about":[{"href":"https:\/\/transformiran.com\/fi\/wp-json\/wp\/v2\/types\/page"}],"author":[{"embeddable":true,"href":"https:\/\/transformiran.com\/fi\/wp-json\/wp\/v2\/users\/1"}],"replies":[{"embeddable":true,"href":"https:\/\/transformiran.com\/fi\/wp-json\/wp\/v2\/comments?post=12986"}],"version-history":[{"count":0,"href":"https:\/\/transformiran.com\/fi\/wp-json\/wp\/v2\/pages\/12986\/revisions"}],"up":[{"embeddable":true,"href":"https:\/\/transformiran.com\/fi\/wp-json\/wp\/v2\/pages\/12940"}],"wp:attachment":[{"href":"https:\/\/transformiran.com\/fi\/wp-json\/wp\/v2\/media?parent=12986"}],"curies":[{"name":"wp","href":"https:\/\/api.w.org\/{rel}","templated":true}]}}