{"id":12987,"date":"2022-11-04T11:16:59","date_gmt":"2022-11-04T11:16:59","guid":{"rendered":"https:\/\/transformiran.com\/legacy-giving\/"},"modified":"2025-04-02T11:05:23","modified_gmt":"2025-04-02T10:05:23","slug":"legacy-giving","status":"publish","type":"page","link":"https:\/\/transformiran.com\/fi\/donate\/legacy-giving\/","title":{"rendered":"Legacy Giving"},"content":{"rendered":"\n<p>Jos suunnittelet sijoitusta Iranin l\u00e4hetysty\u00f6h\u00f6n, et ehk\u00e4 ole viel\u00e4 harkinnut testamenttilahjoitusta ja sen voimakasta siunausta.<\/p>\n\n<p><\/p>\n\n<p><strong>T\u00e4m\u00e4n p\u00e4iv\u00e4n lahja siunaa meit\u00e4 v\u00e4litt\u00f6m\u00e4sti<\/strong>. Olipa kyse k\u00e4teisest\u00e4, osakkeista, kiinteist\u00f6ist\u00e4 tai muista arvopapereista, hedelm\u00e4t voivat n\u00e4ky\u00e4 v\u00e4litt\u00f6m\u00e4sti.<\/p>\n\n<p><strong>Perint\u00f6lahja on kuitenkin tuleva lahja, joka rakentaa valtakuntaa paljon elinaikasi j\u00e4lkeen<\/strong>.<\/p>\n\n<p>Legacy-lahjoituksilla tarkoitetaan lahjoituksia, jotka tukijat aikovat antaa voittoa tavoittelemattomalle j\u00e4rjest\u00f6lle kuolemansa j\u00e4lkeen. Sit\u00e4 kutsutaan yleisesti my\u00f6s suunnitelluksi lahjoitukseksi, sill\u00e4 lahjoittajat suunnittelevat n\u00e4m\u00e4 lahjat usein vuosia ennen kuin ne jaetaan nimetyille osapuolille.<\/p>\n\n<p>Perint\u00f6 tai suunnitelmallinen lahjoitus voi olla raham\u00e4\u00e4r\u00e4inen, omaisuuden muodossa tai jopa hyv\u00e4ntekev\u00e4isyysel\u00e4kkeen\u00e4 tai -luottona.<\/p>\n\n<p>Kunkin lahjan yksityiskohdat ovat yksil\u00f6llisi\u00e4, ja niihin voi sis\u00e4lty\u00e4 jopa lahjoituksen k\u00e4ytt\u00f6\u00e4 koskevia ehtoja. Perint\u00f6lahjoitukset voivat tukea voittoa tavoittelemattoman organisaation teht\u00e4v\u00e4\u00e4 tulevina vuosina ja kunnioittaa lahjoituksen tehneen lahjoittajan perint\u00f6\u00e4.<\/p>\n\n<p>Vaikka voittoa tavoittelematon j\u00e4rjest\u00f6 hy\u00f6tyy selv\u00e4sti, my\u00f6s lahjoittajat hy\u00f6tyv\u00e4t, kuten lahjoittajan perinn\u00f6st\u00e4 ja lukuisista veroeduista, joita osallistuminen voi tuoda heid\u00e4n perheilleen.<\/p>\n\n<p>Legacy-lahjoitus perustetaan lakimiehesi kanssa, ja se on sidottu testamenttiisi. Se voi olla monenlaista. Olisimme kiitollisia, jos harkitsisit Iranin l\u00e4hetyksen tukemista t\u00e4ll\u00e4 tavoin.<\/p>\n\n<p><strong>Esimerkkej\u00e4 perinn\u00f6st\u00e4 tai suunnitellusta lahjoituksesta<\/strong><\/p>\n\n<ol class=\"wp-block-list\">\n<li><strong>Will<\/strong>. T\u00e4m\u00e4 on viimeinen oikeudellinen asiakirja, jolla varmistetaan, ett\u00e4 omaisuutesi jaetaan toiveidesi mukaisesti. Testamentissasi voit varmistaa, ett\u00e4 l\u00e4heisist\u00e4si huolehditaan, ja voit my\u00f6s osoittaa lahjan ministeri\u00f6lle (jota kutsutaan usein testamentiksi).<\/li>\n\n\n\n<li><strong>Luottamus<\/strong>. T\u00e4m\u00e4 oikeudellinen j\u00e4rjestely edellytt\u00e4\u00e4 edunvalvojaa, joka ottaa vastuun omaisuutesi hallinnoinnista kuolemasi j\u00e4lkeen. Luottamuksia voidaan tehd\u00e4 monessa muodossa (peruutettavissa ja peruuttamattomissa, sijoitusluottosopimuksissa, annuiteettiluottamuksissa, hyv\u00e4ntekev\u00e4isyysluottamuksissa), eik\u00e4 niihin sovelleta testamenttimenettely\u00e4.<\/li>\n\n\n\n<li><strong>Muut kuin k\u00e4teislahjat<\/strong>. Ministeri\u00f6n tukemiseksi voidaan antaa monia muita varoja kuin k\u00e4teist\u00e4. Lahjoitukset ovat verov\u00e4hennyskelpoisia. Esimerkkej\u00e4 ovat ajoneuvot, kultakorut ja jalometallit.<\/li>\n\n\n\n<li><strong>Osakkeet ja arvopaperit.<\/strong>  Kun lahjoitat arvokkaita j\u00e4lkimarkkinakelpoisia osakkeita, joukkovelkakirjoja tai sijoitusrahastoja ministeri\u00f6lle, se saa arvopaperien k\u00e4yv\u00e4n markkina-arvon. Voit my\u00f6s v\u00e4ltt\u00e4\u00e4 luovutetun omaisuuden veronalaisen myyntivoittoveron.<\/li>\n\n\n\n<li><strong>Hyv\u00e4ntekev\u00e4isyyssopimukset<\/strong>. N\u00e4in voit osoittaa tulevan lahjoituksen ministeri\u00f6lle ja saada samalla edelleen kiinteit\u00e4 maksuja kyseisest\u00e4 lahjoituksesta joko nyt tai tulevaisuudessa. Lahjoitusvuonna on veroetuja, ja osa maksuista voi olla my\u00f6s verovapaita.<\/li>\n\n\n\n<li><strong>El\u00e4kevarat<\/strong>. N\u00e4ihin kuuluvat verotuksella lyk\u00e4tyt el\u00e4ketilit, IRA, 401(k)s, 301(b)s sek\u00e4 Keogh- ja el\u00e4kej\u00e4rjestelyt. Mik\u00e4 tahansa prosenttiosuus el\u00e4kevaroistasi voidaan osoittaa ministeri\u00f6lle. Voit tehd\u00e4 t\u00e4m\u00e4n testamenttisi tai edunsaajamerkint\u00f6jen avulla. Toisin kuin yksityishenkil\u00f6iden nime\u00e4minen edunsaajiksi perinteisess\u00e4 verotuksen lykk\u00e4yssuunnitelmassa, hyv\u00e4ntekev\u00e4isyysj\u00e4rjest\u00f6jen nime\u00e4minen tarkoittaa sit\u00e4, ett\u00e4 lahjan vastaanottajaa ei veroteta.<\/li>\n\n\n\n<li><strong>Kiinteist\u00f6t<\/strong>. Ministeri\u00f6lle voidaan lahjoittaa mit\u00e4 tahansa markkinakelpoista arvokasta kiinteist\u00f6\u00e4.<\/li>\n\n\n\n<li><strong>Henkivakuutus<\/strong>. Henkivakuutuksen edunsaajaksi on mahdollista lis\u00e4t\u00e4 ministeri\u00f6. Voit my\u00f6s osoittaa vuosittaiset osingot ministeri\u00f6lle tai yksinkertaisesti lahjoittaa vakuutuksesi k\u00e4teisarvon.<\/li>\n\n\n\n<li><strong>Kuolemantapauksessa maksettavat tilit<\/strong>. N\u00e4m\u00e4 toimivat kuten trustit, koska niihin ei sovelleta testamenttimenettely\u00e4. POD:n avulla voit m\u00e4\u00e4ritt\u00e4\u00e4, kuka saa pankkitilill\u00e4si, talletustodistuksellasi, el\u00e4kkeell\u00e4si, sijoitustilill\u00e4si tai el\u00e4kerahastossasi olevien varojen saldon kuolemasi j\u00e4lkeen.<\/li>\n<\/ol>\n\n<p><\/p>\n\n<p>Perint\u00f6lahjoitus on hieno tapa jatkaa palveluty\u00f6n siunaamista my\u00f6s sen j\u00e4lkeen, kun Herra kutsuu sinut kotiin. Arvostamme rukouksellista harkintaanne.<\/p>\n\n<p>Jos olet valmis harkitsemaan t\u00e4t\u00e4 vaihtoehtoa, tapaamme sinut mielell\u00e4mme.\n <a href=\"https:\/\/transformiran.com\/fi\/ota-yhteytta\/\">Ota yhteytt\u00e4 paikalliseen Transform Iran -toimistoon<\/a>. <\/p>\n\n<div class=\"wp-block-columns is-layout-flex wp-container-core-columns-is-layout-9d6595d7 wp-block-columns-is-layout-flex\">\n<div class=\"wp-block-column is-layout-flow wp-block-column-is-layout-flow\">\n<div class=\"wp-block-columns is-layout-flex wp-container-core-columns-is-layout-9d6595d7 wp-block-columns-is-layout-flex\">\n<div class=\"wp-block-column is-layout-flow wp-block-column-is-layout-flow\">\n<p class=\"has-light-gold-background-color has-background\"><strong>T\u00e4m\u00e4 sivu k\u00e4\u00e4nnet\u00e4\u00e4n automaattisesti verkkosivustomme eri kielille.<\/strong> Erityisesti hollantilaisia yhteisty\u00f6kumppaneitamme koskevia neuvoja l\u00f6yd\u00e4t <a href=\"https:\/\/transformiran.com\/app\/uploads\/2025\/02\/TI-Legacy-Giving-Dutch.pdf\">t\u00e4st\u00e4 PDF-tiedostosta<\/a>.<\/p>\n<\/div>\n<\/div>\n<\/div>\n<\/div>\n\n<p class=\"has-white-background-color has-background\"><\/p>\n","protected":false},"excerpt":{"rendered":"<p>Jos suunnittelet sijoitusta Iranin l\u00e4hetysty\u00f6h\u00f6n, et ehk\u00e4 ole viel\u00e4 harkinnut testamenttilahjoitusta ja sen voimakasta siunausta. T\u00e4m\u00e4n p\u00e4iv\u00e4n lahja siunaa meit\u00e4 v\u00e4litt\u00f6m\u00e4sti. Olipa kyse k\u00e4teisest\u00e4, osakkeista, kiinteist\u00f6ist\u00e4 tai muista arvopapereista, hedelm\u00e4t voivat n\u00e4ky\u00e4 v\u00e4litt\u00f6m\u00e4sti. Perint\u00f6lahja on kuitenkin tuleva lahja, joka rakentaa valtakuntaa paljon elinaikasi j\u00e4lkeen. Legacy-lahjoituksilla tarkoitetaan lahjoituksia, jotka tukijat aikovat antaa voittoa tavoittelemattomalle j\u00e4rjest\u00f6lle kuolemansa [&hellip;]<\/p>\n","protected":false},"author":1,"featured_media":0,"parent":12992,"menu_order":0,"comment_status":"closed","ping_status":"closed","template":"page-basic.php","meta":{"_acf_changed":false,"give_campaign_id":0,"om_disable_all_campaigns":false,"_mi_skip_tracking":false,"footnotes":""},"class_list":["post-12987","page","type-page","status-publish","hentry"],"acf":[],"yoast_head":"<!-- This site is optimized with the Yoast SEO plugin v27.3 - https:\/\/yoast.com\/product\/yoast-seo-wordpress\/ -->\n<title>Legacy Giving - Transform Iran<\/title>\n<meta name=\"robots\" content=\"index, follow, max-snippet:-1, max-image-preview:large, max-video-preview:-1\" \/>\n<link rel=\"canonical\" href=\"https:\/\/transformiran.com\/fi\/donate\/legacy-giving\/\" \/>\n<meta property=\"og:locale\" content=\"fi_FI\" \/>\n<meta property=\"og:type\" content=\"article\" \/>\n<meta property=\"og:title\" content=\"Legacy Giving - Transform Iran\" \/>\n<meta property=\"og:description\" content=\"Jos suunnittelet sijoitusta Iranin l\u00e4hetysty\u00f6h\u00f6n, et ehk\u00e4 ole viel\u00e4 harkinnut testamenttilahjoitusta ja sen voimakasta siunausta. T\u00e4m\u00e4n p\u00e4iv\u00e4n lahja siunaa meit\u00e4 v\u00e4litt\u00f6m\u00e4sti. Olipa kyse k\u00e4teisest\u00e4, osakkeista, kiinteist\u00f6ist\u00e4 tai muista arvopapereista, hedelm\u00e4t voivat n\u00e4ky\u00e4 v\u00e4litt\u00f6m\u00e4sti. Perint\u00f6lahja on kuitenkin tuleva lahja, joka rakentaa valtakuntaa paljon elinaikasi j\u00e4lkeen. Legacy-lahjoituksilla tarkoitetaan lahjoituksia, jotka tukijat aikovat antaa voittoa tavoittelemattomalle j\u00e4rjest\u00f6lle kuolemansa [&hellip;]\" \/>\n<meta property=\"og:url\" content=\"https:\/\/transformiran.com\/fi\/donate\/legacy-giving\/\" \/>\n<meta property=\"og:site_name\" content=\"Transform Iran\" \/>\n<meta property=\"article:publisher\" content=\"https:\/\/www.facebook.com\/222MinistriesUSAInc\" \/>\n<meta property=\"article:modified_time\" content=\"2025-04-02T10:05:23+00:00\" \/>\n<meta name=\"twitter:card\" content=\"summary_large_image\" \/>\n<meta name=\"twitter:site\" content=\"@222minint\" \/>\n<meta name=\"twitter:label1\" content=\"Est. reading time\" \/>\n\t<meta name=\"twitter:data1\" content=\"3 minutes\" \/>\n<script type=\"application\/ld+json\" class=\"yoast-schema-graph\">{\"@context\":\"https:\\\/\\\/schema.org\",\"@graph\":[{\"@type\":\"WebPage\",\"@id\":\"https:\\\/\\\/transformiran.com\\\/fi\\\/donate\\\/legacy-giving\\\/\",\"url\":\"https:\\\/\\\/transformiran.com\\\/fi\\\/donate\\\/legacy-giving\\\/\",\"name\":\"Legacy Giving - Transform Iran\",\"isPartOf\":{\"@id\":\"https:\\\/\\\/transformiran.com\\\/fi\\\/#website\"},\"datePublished\":\"2022-11-04T11:16:59+00:00\",\"dateModified\":\"2025-04-02T10:05:23+00:00\",\"breadcrumb\":{\"@id\":\"https:\\\/\\\/transformiran.com\\\/fi\\\/donate\\\/legacy-giving\\\/#breadcrumb\"},\"inLanguage\":\"fi\",\"potentialAction\":[{\"@type\":\"ReadAction\",\"target\":[\"https:\\\/\\\/transformiran.com\\\/fi\\\/donate\\\/legacy-giving\\\/\"]}]},{\"@type\":\"BreadcrumbList\",\"@id\":\"https:\\\/\\\/transformiran.com\\\/fi\\\/donate\\\/legacy-giving\\\/#breadcrumb\",\"itemListElement\":[{\"@type\":\"ListItem\",\"position\":1,\"name\":\"Home\",\"item\":\"https:\\\/\\\/transformiran.com\\\/fi\\\/home\\\/\"},{\"@type\":\"ListItem\",\"position\":2,\"name\":\"Lahjoita\",\"item\":\"https:\\\/\\\/transformiran.com\\\/fi\\\/donate\\\/\"},{\"@type\":\"ListItem\",\"position\":3,\"name\":\"Legacy Giving\"}]},{\"@type\":\"WebSite\",\"@id\":\"https:\\\/\\\/transformiran.com\\\/fi\\\/#website\",\"url\":\"https:\\\/\\\/transformiran.com\\\/fi\\\/\",\"name\":\"Transform Iran\",\"description\":\"Bringing the love and power of Christ to Iran - and beyond\",\"publisher\":{\"@id\":\"https:\\\/\\\/transformiran.com\\\/fi\\\/#organization\"},\"potentialAction\":[{\"@type\":\"SearchAction\",\"target\":{\"@type\":\"EntryPoint\",\"urlTemplate\":\"https:\\\/\\\/transformiran.com\\\/fi\\\/?s={search_term_string}\"},\"query-input\":{\"@type\":\"PropertyValueSpecification\",\"valueRequired\":true,\"valueName\":\"search_term_string\"}}],\"inLanguage\":\"fi\"},{\"@type\":\"Organization\",\"@id\":\"https:\\\/\\\/transformiran.com\\\/fi\\\/#organization\",\"name\":\"Transform Iran\",\"url\":\"https:\\\/\\\/transformiran.com\\\/fi\\\/\",\"logo\":{\"@type\":\"ImageObject\",\"inLanguage\":\"fi\",\"@id\":\"https:\\\/\\\/transformiran.com\\\/fi\\\/#\\\/schema\\\/logo\\\/image\\\/\",\"url\":\"https:\\\/\\\/transformiran.com\\\/app\\\/uploads\\\/2022\\\/11\\\/logo_grey.jpg\",\"contentUrl\":\"https:\\\/\\\/transformiran.com\\\/app\\\/uploads\\\/2022\\\/11\\\/logo_grey.jpg\",\"width\":528,\"height\":90,\"caption\":\"Transform Iran\"},\"image\":{\"@id\":\"https:\\\/\\\/transformiran.com\\\/fi\\\/#\\\/schema\\\/logo\\\/image\\\/\"},\"sameAs\":[\"https:\\\/\\\/www.facebook.com\\\/222MinistriesUSAInc\",\"https:\\\/\\\/x.com\\\/222minint\",\"https:\\\/\\\/www.instagram.com\\\/222ministriesinternational\\\/\"]}]}<\/script>\n<!-- \/ Yoast SEO plugin. -->","yoast_head_json":{"title":"Legacy Giving - Transform Iran","robots":{"index":"index","follow":"follow","max-snippet":"max-snippet:-1","max-image-preview":"max-image-preview:large","max-video-preview":"max-video-preview:-1"},"canonical":"https:\/\/transformiran.com\/fi\/donate\/legacy-giving\/","og_locale":"fi_FI","og_type":"article","og_title":"Legacy Giving - Transform Iran","og_description":"Jos suunnittelet sijoitusta Iranin l\u00e4hetysty\u00f6h\u00f6n, et ehk\u00e4 ole viel\u00e4 harkinnut testamenttilahjoitusta ja sen voimakasta siunausta. T\u00e4m\u00e4n p\u00e4iv\u00e4n lahja siunaa meit\u00e4 v\u00e4litt\u00f6m\u00e4sti. Olipa kyse k\u00e4teisest\u00e4, osakkeista, kiinteist\u00f6ist\u00e4 tai muista arvopapereista, hedelm\u00e4t voivat n\u00e4ky\u00e4 v\u00e4litt\u00f6m\u00e4sti. Perint\u00f6lahja on kuitenkin tuleva lahja, joka rakentaa valtakuntaa paljon elinaikasi j\u00e4lkeen. Legacy-lahjoituksilla tarkoitetaan lahjoituksia, jotka tukijat aikovat antaa voittoa tavoittelemattomalle j\u00e4rjest\u00f6lle kuolemansa [&hellip;]","og_url":"https:\/\/transformiran.com\/fi\/donate\/legacy-giving\/","og_site_name":"Transform Iran","article_publisher":"https:\/\/www.facebook.com\/222MinistriesUSAInc","article_modified_time":"2025-04-02T10:05:23+00:00","twitter_card":"summary_large_image","twitter_site":"@222minint","twitter_misc":{"Est. reading time":"3 minutes"},"schema":{"@context":"https:\/\/schema.org","@graph":[{"@type":"WebPage","@id":"https:\/\/transformiran.com\/fi\/donate\/legacy-giving\/","url":"https:\/\/transformiran.com\/fi\/donate\/legacy-giving\/","name":"Legacy Giving - Transform Iran","isPartOf":{"@id":"https:\/\/transformiran.com\/fi\/#website"},"datePublished":"2022-11-04T11:16:59+00:00","dateModified":"2025-04-02T10:05:23+00:00","breadcrumb":{"@id":"https:\/\/transformiran.com\/fi\/donate\/legacy-giving\/#breadcrumb"},"inLanguage":"fi","potentialAction":[{"@type":"ReadAction","target":["https:\/\/transformiran.com\/fi\/donate\/legacy-giving\/"]}]},{"@type":"BreadcrumbList","@id":"https:\/\/transformiran.com\/fi\/donate\/legacy-giving\/#breadcrumb","itemListElement":[{"@type":"ListItem","position":1,"name":"Home","item":"https:\/\/transformiran.com\/fi\/home\/"},{"@type":"ListItem","position":2,"name":"Lahjoita","item":"https:\/\/transformiran.com\/fi\/donate\/"},{"@type":"ListItem","position":3,"name":"Legacy Giving"}]},{"@type":"WebSite","@id":"https:\/\/transformiran.com\/fi\/#website","url":"https:\/\/transformiran.com\/fi\/","name":"Transform Iran","description":"Bringing the love and power of Christ to Iran - and beyond","publisher":{"@id":"https:\/\/transformiran.com\/fi\/#organization"},"potentialAction":[{"@type":"SearchAction","target":{"@type":"EntryPoint","urlTemplate":"https:\/\/transformiran.com\/fi\/?s={search_term_string}"},"query-input":{"@type":"PropertyValueSpecification","valueRequired":true,"valueName":"search_term_string"}}],"inLanguage":"fi"},{"@type":"Organization","@id":"https:\/\/transformiran.com\/fi\/#organization","name":"Transform Iran","url":"https:\/\/transformiran.com\/fi\/","logo":{"@type":"ImageObject","inLanguage":"fi","@id":"https:\/\/transformiran.com\/fi\/#\/schema\/logo\/image\/","url":"https:\/\/transformiran.com\/app\/uploads\/2022\/11\/logo_grey.jpg","contentUrl":"https:\/\/transformiran.com\/app\/uploads\/2022\/11\/logo_grey.jpg","width":528,"height":90,"caption":"Transform Iran"},"image":{"@id":"https:\/\/transformiran.com\/fi\/#\/schema\/logo\/image\/"},"sameAs":["https:\/\/www.facebook.com\/222MinistriesUSAInc","https:\/\/x.com\/222minint","https:\/\/www.instagram.com\/222ministriesinternational\/"]}]}},"campaignId":"","_links":{"self":[{"href":"https:\/\/transformiran.com\/fi\/wp-json\/wp\/v2\/pages\/12987","targetHints":{"allow":["GET"]}}],"collection":[{"href":"https:\/\/transformiran.com\/fi\/wp-json\/wp\/v2\/pages"}],"about":[{"href":"https:\/\/transformiran.com\/fi\/wp-json\/wp\/v2\/types\/page"}],"author":[{"embeddable":true,"href":"https:\/\/transformiran.com\/fi\/wp-json\/wp\/v2\/users\/1"}],"replies":[{"embeddable":true,"href":"https:\/\/transformiran.com\/fi\/wp-json\/wp\/v2\/comments?post=12987"}],"version-history":[{"count":0,"href":"https:\/\/transformiran.com\/fi\/wp-json\/wp\/v2\/pages\/12987\/revisions"}],"up":[{"embeddable":true,"href":"https:\/\/transformiran.com\/fi\/wp-json\/wp\/v2\/pages\/12992"}],"wp:attachment":[{"href":"https:\/\/transformiran.com\/fi\/wp-json\/wp\/v2\/media?parent=12987"}],"curies":[{"name":"wp","href":"https:\/\/api.w.org\/{rel}","templated":true}]}}