{"id":12988,"date":"2022-11-03T12:20:33","date_gmt":"2022-11-03T12:20:33","guid":{"rendered":"https:\/\/transformiran.com\/our-work\/bible-translation\/"},"modified":"2026-02-27T17:32:05","modified_gmt":"2026-02-27T17:32:05","slug":"bible-translation","status":"publish","type":"page","link":"https:\/\/transformiran.com\/fi\/meidan-tyomme\/bible-translation\/","title":{"rendered":"Raamatun k\u00e4\u00e4nn\u00f6s"},"content":{"rendered":"\n<p class=\"has-medium-font-size\">Raamattu ja kyky tutustua siihen ja ymm\u00e4rt\u00e4\u00e4 sit\u00e4 on ratkaisevan t\u00e4rke\u00e4 perusty\u00f6kalu kaikessa opetuslapseuden, johtajuuden kehitt\u00e4misen tai seurakuntien perustamisen ty\u00f6ss\u00e4. Yksinkertainen totuus on, ett\u00e4 ilman sit\u00e4 emme voi koskaan saavuttaa teht\u00e4vi\u00e4mme.  <\/p>\n\n<p><\/p>\n\n<figure class=\"wp-block-embed is-type-video is-provider-youtube wp-block-embed-youtube wp-embed-aspect-16-9 wp-has-aspect-ratio\"><div class=\"wp-block-embed__wrapper\">\n<iframe loading=\"lazy\" title=\"Living Water for a Thirsty Land \u2013 Bringing the Gospel to Iran (4 Minutes)\" width=\"500\" height=\"281\" src=\"https:\/\/www.youtube.com\/embed\/wjUzFiiKnO4?feature=oembed\" frameborder=\"0\" allow=\"accelerometer; autoplay; clipboard-write; encrypted-media; gyroscope; picture-in-picture; web-share\" referrerpolicy=\"strict-origin-when-cross-origin\" allowfullscreen><\/iframe>\n<\/div><figcaption class=\"wp-element-caption\">Kuuntele Lanan kertomusta siit\u00e4, miten evankeliumi muuttaa el\u00e4m\u00e4\u00e4 Iranissa t\u00e4n\u00e4 p\u00e4iv\u00e4n\u00e4 (4 minuuttia).<\/figcaption><\/figure>\n\n<h2 class=\"wp-block-heading\">Jokaisen iranilaisen tavoittamisen esteiden voittaminen<\/h2>\n\n<p>On <strong>kolme keskeist\u00e4 estett\u00e4,<\/strong> jotka kirkon on voitettava varmistaakseen, ett\u00e4 jokainen iranilainen p\u00e4\u00e4see k\u00e4siksi Jumalan sanaan, ymm\u00e4rt\u00e4\u00e4 sen ja saa yhteyden sanomaan. <strong>1)<\/strong> Iranin etnisille &#8220;syd\u00e4nkielille&#8221; tehtyjen <strong>k\u00e4\u00e4nn\u00f6sten puute<\/strong>, <strong>2)<\/strong> monien n\u00e4iden kansanryhmien <strong>maaseutumaisuus<\/strong> ja <strong>3)<\/strong> lukutaidottomien <strong>suuri osuus<\/strong>.<\/p>\n\n<p><\/p>\n\n<p><strong>Iranin kirkko kasvaa, mutta Joshua-projektin mukaan <em>vain niiden kansanryhmien keskuudessa, joilla on mahdollisuus saada raamatullista kirjallisuutta omalla kielell\u00e4\u00e4n<\/em>. <\/strong>Itse asiassa niiden alueiden kristittyjen osuus, jotka eiv\u00e4t puhu persiaa tai joilla ei ole yht\u00e4\u00e4n raamatullista teksti\u00e4 omalla kielell\u00e4\u00e4n, on hyvin pieni, noin 0,1 prosenttia. Silti yli 50 prosenttia iranilaisista ei puhu persiaa \u00e4idinkielen\u00e4\u00e4n tai kotonaan. Jumalan sanan k\u00e4\u00e4nt\u00e4minen kaikkien Iranin kansanryhmien kielille on yh\u00e4 t\u00e4rke\u00e4mp\u00e4\u00e4. Viestin on oltava helposti l\u00e4hestytt\u00e4v\u00e4, houkutteleva kuulla ja koskettava syd\u00e4nt\u00e4.  <\/p>\n\n<p><\/p>\n\n<p>Iranissa on 39 kielt\u00e4 (paljon enemm\u00e4n, jos mukaan lasketaan my\u00f6s alakielet ja murteet). Vain nelj\u00e4ll\u00e4 n\u00e4ist\u00e4 on Raamattu omalla kielell\u00e4\u00e4n: Farsin (persian), armenian, assyrialaisen ja azerin kielell\u00e4. Joillakin muilla on pieni\u00e4 osia, mutta monet niist\u00e4 eiv\u00e4t ole edustaneet tarkasti niit\u00e4 kieli\u00e4, joita ihmiset todellisuudessa puhuvat Iranissa, joten ne eiv\u00e4t ole onnistuneet luomaan syd\u00e4nyhteytt\u00e4.<\/p>\n\n<p><\/p>\n\n<h2 class=\"wp-block-heading\">Syd\u00e4men kielet: Avain todelliseen yhteyteen<\/h2>\n\n<p><strong>Jumalan sanan lukeminen tai kuuleminen \u00e4idinkielell\u00e4 ohittaa monia esteit\u00e4 ja antaa kuulijalle mahdollisuuden todella ymm\u00e4rt\u00e4\u00e4 sanomaa ja saada yhteys siihen.  <\/strong>Ellei n\u00e4ill\u00e4 kielill\u00e4 ole Raamattua omalla kielell\u00e4\u00e4n, jota voidaan k\u00e4ytt\u00e4\u00e4 saarnassa, jumalanpalveluksessa, rukouksessa ja opetuksessa, kirkon viimeaikaisen nopean kasvun vaikutus voi j\u00e4\u00e4d\u00e4 parhaimmillaankin pinnalliseksi. Jumalan sana \u00e4idinkielell\u00e4 on ratkaisevan t\u00e4rke\u00e4\u00e4 kasvavien ja teologisesti vakaiden seurakuntien perustamiseksi kaikilla Iranin alueilla.<\/p>\n\n<p><\/p>\n\n<blockquote class=\"wp-block-quote is-layout-flow wp-block-quote-is-layout-flow\">\n<p>Rukoilematta j\u00e4tt\u00e4minen on traagista. Mutta rukoileminen ilman valmistautumista on katastrofaalista.<\/p>\n<cite>Pastori Lazarus Yeghnazar, perustaja ja puheenjohtaja, joka on perustettu Transform Iran<\/cite><\/blockquote>\n\n<figure class=\"wp-block-embed is-type-video is-provider-youtube wp-block-embed-youtube wp-embed-aspect-16-9 wp-has-aspect-ratio\"><div class=\"wp-block-embed__wrapper\">\n<iframe loading=\"lazy\" title=\"Are We Ready For When God&#039;s Opportunity Comes?\" width=\"500\" height=\"281\" src=\"https:\/\/www.youtube.com\/embed\/1by-S4G2oqg?feature=oembed\" frameborder=\"0\" allow=\"accelerometer; autoplay; clipboard-write; encrypted-media; gyroscope; picture-in-picture; web-share\" referrerpolicy=\"strict-origin-when-cross-origin\" allowfullscreen><\/iframe>\n<\/div><\/figure>\n\n<p><\/p>\n\n<blockquote class=\"wp-block-quote is-layout-flow wp-block-quote-is-layout-flow\">\n<p>Transform Iran osui t\u00e4ysosumaan projektissamme. Oli ihmeellist\u00e4, miten nopeasti he tekiv\u00e4t sen! Ty\u00f6 Transform Iran:n raamatunk\u00e4\u00e4nn\u00f6stiimiss\u00e4 on poimunopeutta. Meill\u00e4 ei ole ep\u00e4ilyst\u00e4k\u00e4\u00e4n siit\u00e4, etteiv\u00e4tk\u00f6 he saisi sit\u00e4 valmiiksi enn\u00e4tysajassa ja huippuosaamista osoittaen.<\/p>\n<cite>Raamatun k\u00e4\u00e4nt\u00e4misen rahoituskumppani<\/cite><\/blockquote>\n\n<p><\/p>\n\n<h2 class=\"wp-block-heading\">Evankeliumin levitt\u00e4minen etnisten \u00e4\u00e4nin\u00e4ytelmien avulla<\/h2>\n\n<p>Transform Iran ty\u00f6skentelee v\u00e4sym\u00e4tt\u00e4 k\u00e4\u00e4nt\u00e4\u00e4kseen Raamattua Iranin etnisille &#8220;syd\u00e4nkielille&#8221;, luodakseen k\u00e4\u00e4nn\u00f6ksist\u00e4 \u00e4\u00e4nidramatisointeja (k\u00e4ytt\u00e4en autenttisia aksentteja sek\u00e4 musiikkia ja soittimia, jotka edustavat kansanryhmi\u00e4) ja levitt\u00e4\u00e4kseen sanaa radion, sovellusten ja sosiaalisen median v\u00e4lityksell\u00e4 Iranin kaukaisimpiin kolkkiin. Jumalan armosta miljoonat ihmiset, jotka eiv\u00e4t ole koskaan kuulleet evankeliumia omalla kielell\u00e4\u00e4n, kuulevat ja ottavat sen vastaan, ja Kristuksen muuttava rakkaus saavuttaa Iranin jokaisen yhteis\u00f6n.<\/p>\n\n<p><\/p>\n\n<p><a href=\"https:\/\/tibible.com\/\">Lue tai kuuntele joitain uusimpia k\u00e4\u00e4nn\u00f6st\u00e4mme t\u00e4\u00e4lt\u00e4.<\/a><\/p>\n\n<p><\/p>\n\n<p><a href=\"https:\/\/transformiran.com\/fi\/impact-fi\/kuinka-jeesuksen-nimi-muutti-gracen-tarinan\/\">Kuuntele Gracen tarina siit\u00e4, miten Jeesus lunasti h\u00e4nen el\u00e4m\u00e4ns\u00e4, kun h\u00e4n kuuli evankeliumin syd\u00e4mens\u00e4 kielell\u00e4.<\/a><\/p>\n\n<div class=\"wp-block-buttons is-content-justification-center is-layout-flex wp-container-core-buttons-is-layout-16018d1d wp-block-buttons-is-layout-flex\">\n<div class=\"wp-block-button\"><a class=\"wp-block-button__link has-white-color has-vivid-red-background-color has-text-color has-background wp-element-button\" href=\"https:\/\/transformiran.com\/fi\/donate\/\">Tee yhteisty\u00f6t\u00e4 kanssamme t\u00e4n\u00e4\u00e4n Raamatun k\u00e4\u00e4nt\u00e4miseksi Iranin monille kielille.<\/a><\/div>\n<\/div>\n\n<p>Meill\u00e4 on ollut strategisia kumppaneita t\u00e4ss\u00e4 ty\u00f6ss\u00e4. N\u00e4it\u00e4 ovat muun muassa unfoldingWord (tuki k\u00e4ytt\u00e4m\u00e4mme kirkkokeskeisen raamatunk\u00e4\u00e4nn\u00f6smallin kehitt\u00e4misess\u00e4 sek\u00e4 kumppanuus Open Bible Stories -kirjoitusten k\u00e4\u00e4nt\u00e4misess\u00e4 18 kielelle t\u00e4h\u00e4n menness\u00e4), Biblica (antoi meid\u00e4n tarkistaa ja k\u00e4ytt\u00e4\u00e4 heid\u00e4n Persian Contemporary Bible NPV -kirjoitustaan &#8220;l\u00e4hdetekstin\u00e4&#8221;), SRG UPG -aloite ja monet muut, joita ei voida nimet\u00e4 turvallisuussyist\u00e4.<\/p>\n\n<p><\/p>\n\n<p class=\"has-gold-color has-text-color has-link-color wp-elements-ccd260ae7c1d99a03a9e93ffde4f7b71\"><em>Kuuntele n\u00e4yte Raamatun \u00e4\u00e4nidramatisoinnista Gilakissa. T\u00e4m\u00e4 on Johanneksen evankeliumin 4. luku, Jeesus ja samarialainen nainen kaivolla, sitten Jeesus parantaa virkailijan pojan:<\/em><\/p>\n\n<figure class=\"wp-block-audio\"><audio controls=\"\" src=\"https:\/\/transformiran.com\/app\/uploads\/2024\/04\/Yohanna_4-final.mp3\"><\/audio><\/figure>\n\n<blockquote class=\"wp-block-quote is-layout-flow wp-block-quote-is-layout-flow\">\n<p>\u00c4itini ei osaa persiaa (farsia), mutta ymm\u00e4rt\u00e4\u00e4 puhuttua kielt\u00e4. Laki on h\u00e4nen \u00e4idinkielens\u00e4. H\u00e4n on uskovainen, mutta h\u00e4n ei ollut koskaan kuullut evankeliumia omalla kielell\u00e4\u00e4n. Kun luin h\u00e4nelle Johanneksen evankeliumin lakin k\u00e4\u00e4nn\u00f6st\u00e4 Transform Iranja h\u00e4n kuuli kirjoituksen ensimm\u00e4ist\u00e4 kertaa syd\u00e4mens\u00e4 kielell\u00e4, h\u00e4n alkoi itke\u00e4. Tunneside oli niin vahva. H\u00e4n sanoi: &#8216;En ole koskaan kuullut noita sanoja Lakiassa&#8217;.<\/p>\n<\/blockquote>\n\n<p><\/p>\n","protected":false},"excerpt":{"rendered":"<p>Raamattu ja kyky tutustua siihen ja ymm\u00e4rt\u00e4\u00e4 sit\u00e4 on ratkaisevan t\u00e4rke\u00e4 perusty\u00f6kalu kaikessa opetuslapseuden, johtajuuden kehitt\u00e4misen tai seurakuntien perustamisen ty\u00f6ss\u00e4. Yksinkertainen totuus on, ett\u00e4 ilman sit\u00e4 emme voi koskaan saavuttaa teht\u00e4vi\u00e4mme. Jokaisen iranilaisen tavoittamisen esteiden voittaminen On kolme keskeist\u00e4 estett\u00e4, jotka kirkon on voitettava varmistaakseen, ett\u00e4 jokainen iranilainen p\u00e4\u00e4see k\u00e4siksi Jumalan sanaan, ymm\u00e4rt\u00e4\u00e4 sen ja [&hellip;]<\/p>\n","protected":false},"author":1,"featured_media":0,"parent":12940,"menu_order":0,"comment_status":"closed","ping_status":"closed","template":"page-work.php","meta":{"_acf_changed":false,"give_campaign_id":0,"om_disable_all_campaigns":false,"_mi_skip_tracking":false,"footnotes":""},"class_list":["post-12988","page","type-page","status-publish","hentry"],"acf":[],"yoast_head":"<!-- This site is optimized with the Yoast SEO plugin v27.3 - https:\/\/yoast.com\/product\/yoast-seo-wordpress\/ -->\n<title>Raamatun k\u00e4\u00e4nn\u00f6s - Transform Iran<\/title>\n<meta name=\"robots\" content=\"index, follow, max-snippet:-1, max-image-preview:large, max-video-preview:-1\" \/>\n<link rel=\"canonical\" href=\"https:\/\/transformiran.com\/fi\/meidan-tyomme\/bible-translation\/\" \/>\n<meta property=\"og:locale\" content=\"fi_FI\" \/>\n<meta property=\"og:type\" content=\"article\" \/>\n<meta property=\"og:title\" content=\"Raamatun k\u00e4\u00e4nn\u00f6s - Transform Iran\" \/>\n<meta property=\"og:description\" content=\"Raamattu ja kyky tutustua siihen ja ymm\u00e4rt\u00e4\u00e4 sit\u00e4 on ratkaisevan t\u00e4rke\u00e4 perusty\u00f6kalu kaikessa opetuslapseuden, johtajuuden kehitt\u00e4misen tai seurakuntien perustamisen ty\u00f6ss\u00e4. Yksinkertainen totuus on, ett\u00e4 ilman sit\u00e4 emme voi koskaan saavuttaa teht\u00e4vi\u00e4mme. Jokaisen iranilaisen tavoittamisen esteiden voittaminen On kolme keskeist\u00e4 estett\u00e4, jotka kirkon on voitettava varmistaakseen, ett\u00e4 jokainen iranilainen p\u00e4\u00e4see k\u00e4siksi Jumalan sanaan, ymm\u00e4rt\u00e4\u00e4 sen ja [&hellip;]\" \/>\n<meta property=\"og:url\" content=\"https:\/\/transformiran.com\/fi\/meidan-tyomme\/bible-translation\/\" \/>\n<meta property=\"og:site_name\" content=\"Transform Iran\" \/>\n<meta property=\"article:publisher\" content=\"https:\/\/www.facebook.com\/222MinistriesUSAInc\" \/>\n<meta property=\"article:modified_time\" content=\"2026-02-27T17:32:05+00:00\" \/>\n<meta name=\"twitter:card\" content=\"summary_large_image\" \/>\n<meta name=\"twitter:site\" content=\"@222minint\" \/>\n<meta name=\"twitter:label1\" content=\"Est. reading time\" \/>\n\t<meta name=\"twitter:data1\" content=\"3 minutes\" \/>\n<script type=\"application\/ld+json\" class=\"yoast-schema-graph\">{\"@context\":\"https:\\\/\\\/schema.org\",\"@graph\":[{\"@type\":\"WebPage\",\"@id\":\"https:\\\/\\\/transformiran.com\\\/fi\\\/meidan-tyomme\\\/bible-translation\\\/\",\"url\":\"https:\\\/\\\/transformiran.com\\\/fi\\\/meidan-tyomme\\\/bible-translation\\\/\",\"name\":\"Raamatun k\u00e4\u00e4nn\u00f6s - Transform Iran\",\"isPartOf\":{\"@id\":\"https:\\\/\\\/transformiran.com\\\/fi\\\/#website\"},\"datePublished\":\"2022-11-03T12:20:33+00:00\",\"dateModified\":\"2026-02-27T17:32:05+00:00\",\"breadcrumb\":{\"@id\":\"https:\\\/\\\/transformiran.com\\\/fi\\\/meidan-tyomme\\\/bible-translation\\\/#breadcrumb\"},\"inLanguage\":\"fi\",\"potentialAction\":[{\"@type\":\"ReadAction\",\"target\":[\"https:\\\/\\\/transformiran.com\\\/fi\\\/meidan-tyomme\\\/bible-translation\\\/\"]}]},{\"@type\":\"BreadcrumbList\",\"@id\":\"https:\\\/\\\/transformiran.com\\\/fi\\\/meidan-tyomme\\\/bible-translation\\\/#breadcrumb\",\"itemListElement\":[{\"@type\":\"ListItem\",\"position\":1,\"name\":\"Home\",\"item\":\"https:\\\/\\\/transformiran.com\\\/fi\\\/home\\\/\"},{\"@type\":\"ListItem\",\"position\":2,\"name\":\"Ty\u00f6mme\",\"item\":\"https:\\\/\\\/transformiran.com\\\/fi\\\/meidan-tyomme\\\/\"},{\"@type\":\"ListItem\",\"position\":3,\"name\":\"Raamatun k\u00e4\u00e4nn\u00f6s\"}]},{\"@type\":\"WebSite\",\"@id\":\"https:\\\/\\\/transformiran.com\\\/fi\\\/#website\",\"url\":\"https:\\\/\\\/transformiran.com\\\/fi\\\/\",\"name\":\"Transform Iran\",\"description\":\"Bringing the love and power of Christ to Iran - and beyond\",\"publisher\":{\"@id\":\"https:\\\/\\\/transformiran.com\\\/fi\\\/#organization\"},\"potentialAction\":[{\"@type\":\"SearchAction\",\"target\":{\"@type\":\"EntryPoint\",\"urlTemplate\":\"https:\\\/\\\/transformiran.com\\\/fi\\\/?s={search_term_string}\"},\"query-input\":{\"@type\":\"PropertyValueSpecification\",\"valueRequired\":true,\"valueName\":\"search_term_string\"}}],\"inLanguage\":\"fi\"},{\"@type\":\"Organization\",\"@id\":\"https:\\\/\\\/transformiran.com\\\/fi\\\/#organization\",\"name\":\"Transform Iran\",\"url\":\"https:\\\/\\\/transformiran.com\\\/fi\\\/\",\"logo\":{\"@type\":\"ImageObject\",\"inLanguage\":\"fi\",\"@id\":\"https:\\\/\\\/transformiran.com\\\/fi\\\/#\\\/schema\\\/logo\\\/image\\\/\",\"url\":\"https:\\\/\\\/transformiran.com\\\/app\\\/uploads\\\/2022\\\/11\\\/logo_grey.jpg\",\"contentUrl\":\"https:\\\/\\\/transformiran.com\\\/app\\\/uploads\\\/2022\\\/11\\\/logo_grey.jpg\",\"width\":528,\"height\":90,\"caption\":\"Transform Iran\"},\"image\":{\"@id\":\"https:\\\/\\\/transformiran.com\\\/fi\\\/#\\\/schema\\\/logo\\\/image\\\/\"},\"sameAs\":[\"https:\\\/\\\/www.facebook.com\\\/222MinistriesUSAInc\",\"https:\\\/\\\/x.com\\\/222minint\",\"https:\\\/\\\/www.instagram.com\\\/222ministriesinternational\\\/\"]}]}<\/script>\n<!-- \/ Yoast SEO plugin. -->","yoast_head_json":{"title":"Raamatun k\u00e4\u00e4nn\u00f6s - Transform Iran","robots":{"index":"index","follow":"follow","max-snippet":"max-snippet:-1","max-image-preview":"max-image-preview:large","max-video-preview":"max-video-preview:-1"},"canonical":"https:\/\/transformiran.com\/fi\/meidan-tyomme\/bible-translation\/","og_locale":"fi_FI","og_type":"article","og_title":"Raamatun k\u00e4\u00e4nn\u00f6s - Transform Iran","og_description":"Raamattu ja kyky tutustua siihen ja ymm\u00e4rt\u00e4\u00e4 sit\u00e4 on ratkaisevan t\u00e4rke\u00e4 perusty\u00f6kalu kaikessa opetuslapseuden, johtajuuden kehitt\u00e4misen tai seurakuntien perustamisen ty\u00f6ss\u00e4. Yksinkertainen totuus on, ett\u00e4 ilman sit\u00e4 emme voi koskaan saavuttaa teht\u00e4vi\u00e4mme. Jokaisen iranilaisen tavoittamisen esteiden voittaminen On kolme keskeist\u00e4 estett\u00e4, jotka kirkon on voitettava varmistaakseen, ett\u00e4 jokainen iranilainen p\u00e4\u00e4see k\u00e4siksi Jumalan sanaan, ymm\u00e4rt\u00e4\u00e4 sen ja [&hellip;]","og_url":"https:\/\/transformiran.com\/fi\/meidan-tyomme\/bible-translation\/","og_site_name":"Transform Iran","article_publisher":"https:\/\/www.facebook.com\/222MinistriesUSAInc","article_modified_time":"2026-02-27T17:32:05+00:00","twitter_card":"summary_large_image","twitter_site":"@222minint","twitter_misc":{"Est. reading time":"3 minutes"},"schema":{"@context":"https:\/\/schema.org","@graph":[{"@type":"WebPage","@id":"https:\/\/transformiran.com\/fi\/meidan-tyomme\/bible-translation\/","url":"https:\/\/transformiran.com\/fi\/meidan-tyomme\/bible-translation\/","name":"Raamatun k\u00e4\u00e4nn\u00f6s - Transform Iran","isPartOf":{"@id":"https:\/\/transformiran.com\/fi\/#website"},"datePublished":"2022-11-03T12:20:33+00:00","dateModified":"2026-02-27T17:32:05+00:00","breadcrumb":{"@id":"https:\/\/transformiran.com\/fi\/meidan-tyomme\/bible-translation\/#breadcrumb"},"inLanguage":"fi","potentialAction":[{"@type":"ReadAction","target":["https:\/\/transformiran.com\/fi\/meidan-tyomme\/bible-translation\/"]}]},{"@type":"BreadcrumbList","@id":"https:\/\/transformiran.com\/fi\/meidan-tyomme\/bible-translation\/#breadcrumb","itemListElement":[{"@type":"ListItem","position":1,"name":"Home","item":"https:\/\/transformiran.com\/fi\/home\/"},{"@type":"ListItem","position":2,"name":"Ty\u00f6mme","item":"https:\/\/transformiran.com\/fi\/meidan-tyomme\/"},{"@type":"ListItem","position":3,"name":"Raamatun k\u00e4\u00e4nn\u00f6s"}]},{"@type":"WebSite","@id":"https:\/\/transformiran.com\/fi\/#website","url":"https:\/\/transformiran.com\/fi\/","name":"Transform Iran","description":"Bringing the love and power of Christ to Iran - and beyond","publisher":{"@id":"https:\/\/transformiran.com\/fi\/#organization"},"potentialAction":[{"@type":"SearchAction","target":{"@type":"EntryPoint","urlTemplate":"https:\/\/transformiran.com\/fi\/?s={search_term_string}"},"query-input":{"@type":"PropertyValueSpecification","valueRequired":true,"valueName":"search_term_string"}}],"inLanguage":"fi"},{"@type":"Organization","@id":"https:\/\/transformiran.com\/fi\/#organization","name":"Transform Iran","url":"https:\/\/transformiran.com\/fi\/","logo":{"@type":"ImageObject","inLanguage":"fi","@id":"https:\/\/transformiran.com\/fi\/#\/schema\/logo\/image\/","url":"https:\/\/transformiran.com\/app\/uploads\/2022\/11\/logo_grey.jpg","contentUrl":"https:\/\/transformiran.com\/app\/uploads\/2022\/11\/logo_grey.jpg","width":528,"height":90,"caption":"Transform Iran"},"image":{"@id":"https:\/\/transformiran.com\/fi\/#\/schema\/logo\/image\/"},"sameAs":["https:\/\/www.facebook.com\/222MinistriesUSAInc","https:\/\/x.com\/222minint","https:\/\/www.instagram.com\/222ministriesinternational\/"]}]}},"campaignId":"","_links":{"self":[{"href":"https:\/\/transformiran.com\/fi\/wp-json\/wp\/v2\/pages\/12988","targetHints":{"allow":["GET"]}}],"collection":[{"href":"https:\/\/transformiran.com\/fi\/wp-json\/wp\/v2\/pages"}],"about":[{"href":"https:\/\/transformiran.com\/fi\/wp-json\/wp\/v2\/types\/page"}],"author":[{"embeddable":true,"href":"https:\/\/transformiran.com\/fi\/wp-json\/wp\/v2\/users\/1"}],"replies":[{"embeddable":true,"href":"https:\/\/transformiran.com\/fi\/wp-json\/wp\/v2\/comments?post=12988"}],"version-history":[{"count":2,"href":"https:\/\/transformiran.com\/fi\/wp-json\/wp\/v2\/pages\/12988\/revisions"}],"predecessor-version":[{"id":35987,"href":"https:\/\/transformiran.com\/fi\/wp-json\/wp\/v2\/pages\/12988\/revisions\/35987"}],"up":[{"embeddable":true,"href":"https:\/\/transformiran.com\/fi\/wp-json\/wp\/v2\/pages\/12940"}],"wp:attachment":[{"href":"https:\/\/transformiran.com\/fi\/wp-json\/wp\/v2\/media?parent=12988"}],"curies":[{"name":"wp","href":"https:\/\/api.w.org\/{rel}","templated":true}]}}