{"id":12994,"date":"2022-11-03T12:16:01","date_gmt":"2022-11-03T12:16:01","guid":{"rendered":"https:\/\/transformiran.com\/our-work\/evangelism\/"},"modified":"2025-12-08T21:40:39","modified_gmt":"2025-12-08T21:40:39","slug":"evangelism","status":"publish","type":"page","link":"https:\/\/transformiran.com\/fi\/meidan-tyomme\/evangelism\/","title":{"rendered":"Evankelioiminen"},"content":{"rendered":"\n<h2 class=\"wp-block-heading\"><mark style=\"background-color:rgba(0, 0, 0, 0);color:#b38e44\" class=\"has-inline-color\">Iranilaisten yliluonnollinen n\u00e4lk\u00e4 evankeliumia kohtaan<\/mark><\/h2>\n\n<p>Iranissa vallitsee yliluonnollinen armo &#8211; kuten ei koskaan ennen. Ihmiset ovat n\u00e4lk\u00e4isi\u00e4 totuudelle ja avoimia evankeliumille. Mutta evankeliumia on jaettava, sill\u00e4 <strong><em>&#8220;kuinka he voivat uskoa siihen, josta he eiv\u00e4t ole kuulleet?&#8221;<\/em><\/strong> Room. 10:14  <\/p>\n\n<p>Transform Iran julistaa evankeliumia iranilaisille eri tiedotusv\u00e4lineiden kautta ja henkil\u00f6kohtaisesti. Koulutettu seurantatiimimme on valmis toimimaan 1:1 hakijoiden kanssa.  <\/p>\n\n<p>Olemme edell\u00e4k\u00e4vij\u00f6it\u00e4 aloitteissa, joilla varmistetaan, ett\u00e4 Iranin jokaisella kansanryhm\u00e4ll\u00e4 yhteiskunnallisesta asemasta, koulutuksesta tai etnisest\u00e4 alkuper\u00e4st\u00e4 riippumatta on mahdollisuus kuulla evankeliumia omalla &#8220;syd\u00e4nkielell\u00e4\u00e4n&#8221; ja muuttua Kristuksen rakkauden vaikutuksesta. N\u00e4ihin aloitteisiin kuuluvat muun muassa <mark style=\"background-color:rgba(0, 0, 0, 0);color:#b38e44\" class=\"has-inline-color\">raamatunk\u00e4\u00e4nn\u00f6sty\u00f6<\/mark> (varmistamme, ett\u00e4 viestimme kielell\u00e4, joka saa aikaan syd\u00e4nyhteyden), <mark style=\"background-color:rgba(0, 0, 0, 0);color:#b38e44\" class=\"has-inline-color\">tiedotusv\u00e4lineet<\/mark> (varmistamme, ett\u00e4 evankeliumi on laajalti saatavilla eri tiedotusv\u00e4lineiden kautta), <mark style=\"background-color:rgba(0, 0, 0, 0);color:#b38e44\" class=\"has-inline-color\">apologetiikka<\/mark> (vastaamme iranilaisten esitt\u00e4miin kysymyksiin) ja paljon muuta.<\/p>\n\n<p><\/p>\n\n<div class=\"wp-block-buttons is-content-justification-center is-layout-flex wp-container-core-buttons-is-layout-16018d1d wp-block-buttons-is-layout-flex\">\n<div class=\"wp-block-button\"><a class=\"wp-block-button__link has-white-color has-vivid-red-background-color has-text-color has-background has-link-color wp-element-button\" href=\"https:\/\/transformiran.com\/fi\/uutiskirjeeseen-rekisteroityminen\/\">Rukoile evankeliumin levi\u00e4misen puolesta Iranissa &#8211; saat kuukausittain s\u00e4hk\u00f6postiviestej\u00e4, jotka opastavat sinua.<\/a><\/div>\n<\/div>\n\n<figure class=\"wp-block-image size-large\"><img decoding=\"async\" width=\"1024\" height=\"174\" src=\"https:\/\/transformiran.com\/app\/uploads\/2024\/08\/man-casting-net-landscape-lite-1024x174.jpeg\" alt=\"kalastusverkon heitt&#xE4;minen\" class=\"wp-image-24918\" srcset=\"https:\/\/transformiran.com\/app\/uploads\/2024\/08\/man-casting-net-landscape-lite-1024x174.jpeg 1024w, https:\/\/transformiran.com\/app\/uploads\/2024\/08\/man-casting-net-landscape-lite-300x51.jpeg 300w, https:\/\/transformiran.com\/app\/uploads\/2024\/08\/man-casting-net-landscape-lite-768x131.jpeg 768w, https:\/\/transformiran.com\/app\/uploads\/2024\/08\/man-casting-net-landscape-lite.jpeg 1280w\" sizes=\"(max-width: 1024px) 100vw, 1024px\" \/><\/figure>\n\n<h2 class=\"wp-block-heading\"><mark style=\"background-color:rgba(0, 0, 0, 0);color:#b38e44\" class=\"has-inline-color\">Miten Transform Iran varmistaa, ett\u00e4 iranilaiset saavat ja ymm\u00e4rt\u00e4v\u00e4t evankeliumin sanoman?<\/mark><\/h2>\n\n<h3 class=\"wp-block-heading\"><strong>Raamatun k\u00e4\u00e4nt\u00e4misen kriittinen tarve Iranissa<\/strong><\/h3>\n\n<p>Noin 26 miljoonalla iranilaisella ei ole Jumalan sanaa omalla &#8220;syd\u00e4nkielell\u00e4\u00e4n&#8221;. Transform Iran on kiireinen t\u00e4m\u00e4n Raamatun k\u00f6yhyyden k\u00e4sittelemisess\u00e4, jotta evankeliointi Iranin etnisille ryhmille voi olla tehokkaampaa ja jotta voidaan perustaa seurakuntia, jotka kest\u00e4v\u00e4t ja kasvavat. Lue lis\u00e4\u00e4 <a data-type=\"page\" data-id=\"6304\" href=\"https:\/\/transformiran.com\/fi\/meidan-tyomme\/bible-translation\/\">Raamatun k\u00e4\u00e4nt\u00e4misest\u00e4<\/a>.  <\/p>\n\n<h3 class=\"wp-block-heading\"><strong>Median avulla miljoonat iranilaiset tavoitetaan evankeliumin avulla.<\/strong><\/h3>\n\n<p>L\u00e4het\u00e4mme suoria ja nauhoitettuja evankeliumiesityksi\u00e4 satelliittitelevision, radion ja sosiaalisen median kautta. Miljoonat ovat kuulleet evankeliumin <a data-type=\"page\" data-id=\"6302\" href=\"https:\/\/transformiran.com\/fi\/meidan-tyomme\/media\/\">mediaty\u00f6mme<\/a> kautta.  <\/p>\n\n<h3 class=\"wp-block-heading\"><strong>Apologetiikka: Iranilaiset kysyv\u00e4t kysymyksi\u00e4<\/strong><\/h3>\n\n<p>&#8216;Porpasokh&#8217; tarkoittaa &#8216;Kysymys ja vastaus&#8217;, ja se on apologetiikkakeskuksemme syd\u00e4n. Transform IranPorpasokh-sivusto houkuttelee kuukausittain kymmeni\u00e4 tuhansia k\u00e4vij\u00f6it\u00e4 ja vastaa suoraan etsij\u00f6iden kysymyksiin. Vastaukset julkaistaan sivustolla muiden hy\u00f6dynnett\u00e4v\u00e4ksi. T\u00e4h\u00e4n menness\u00e4 sivustolla on vastattu noin 7000 kysymykseen, ja monet ovat tulleet pelastetuksi sen ansiosta. <a data-type=\"page\" data-id=\"6306\" href=\"https:\/\/transformiran.com\/fi\/meidan-tyomme\/apologetiikan-keskus\/\">Lue lis\u00e4\u00e4 t\u00e4\u00e4lt\u00e4.<\/a> Jotta voisimme vastata yksitt\u00e4isiin kysymyksiin laajassa mittakaavassa ja aloittaa \u00e4lykk\u00e4\u00e4n vuoropuhelun etsij\u00f6iden kanssa, olemme kehitt\u00e4neet <a href=\"https:\/\/transformiran.com\/fi\/meidan-tyomme\/johtajuuden-kehittaminen\/\">Kairoksen.<\/a> Kairos on teko\u00e4ly\u00e4 hy\u00f6dynt\u00e4v\u00e4 opetuslapseuden ja evankelioinnin ty\u00f6kalu, jonka avulla iranilaiset voivat esitt\u00e4\u00e4 uskoa koskevia kysymyksi\u00e4 &#8220;milloin ja miss\u00e4 tahansa&#8221; ja saada reaaliaikaisia vuorovaikutteisia vastauksia, mutta samalla s\u00e4ilytt\u00e4\u00e4 anonymiteettitarpeensa valvovan hallituksen pelossa.  <\/p>\n\n<h3 class=\"wp-block-heading\"><strong>Trauman, v\u00e4\u00e4rink\u00e4yt\u00f6n ja riippuvuuden uhrien tavoittaminen<\/strong><\/h3>\n\n<p>Iranin miljoonat ihmiset, jotka joutuvat k\u00e4sittelem\u00e4\u00e4n aiempia ja jatkuvia traumoja, hyv\u00e4ksik\u00e4ytt\u00f6\u00e4 ja riippuvuutta, kokevat erityisen syv\u00e4\u00e4 kelvottomuuden ja toivottomuuden tunnetta. Transform Iranin Pearl <a data-type=\"page\" data-id=\"6308\" href=\"https:\/\/transformiran.com\/fi\/meidan-tyomme\/persian-helmi\/\">of Persia -palvelu<\/a> ty\u00f6skentelee erityisesti n\u00e4it\u00e4 ihmisi\u00e4 silm\u00e4ll\u00e4 pit\u00e4en ja luo r\u00e4\u00e4t\u00e4l\u00f6ity\u00e4 evankeliointia, joka kertoo toivosta, parantumisesta ja identiteetist\u00e4.  <\/p>\n\n<h3 class=\"wp-block-heading\"><strong>Henkil\u00f6kohtainen avustustoiminta Iranissa<\/strong><\/h3>\n\n<p>Iranin uskovat haluavat intohimoisesti n\u00e4hd\u00e4 muidenkin tuntevan Kristuksen el\u00e4m\u00e4\u00e4 muuttavan voiman omassa el\u00e4m\u00e4ss\u00e4\u00e4n ja jakavan sit\u00e4 aktiivisesti muiden kanssa. Monet jopa matkustavat paikasta toiseen kantamansa toivon sanoman kanssa. Tuemme et\u00e4ty\u00f6t\u00e4 koulutuksella, Raamatun jakamisella ja <a data-type=\"page\" data-id=\"6294\" href=\"https:\/\/transformiran.com\/fi\/meidan-tyomme\/discipleship\/\">opetuslapseusohjelmilla<\/a> niille, jotka ovat tulleet uskoon.  <\/p>\n\n<p><\/p>\n\n<figure class=\"wp-block-embed is-type-video is-provider-youtube wp-block-embed-youtube wp-embed-aspect-16-9 wp-has-aspect-ratio\"><div class=\"wp-block-embed__wrapper\">\n<iframe title=\"The Risk of Sharing Your Faith in Iran (60-Second Reel)\" width=\"500\" height=\"281\" src=\"https:\/\/www.youtube.com\/embed\/C2pdLblzp2Q?feature=oembed\" frameborder=\"0\" allow=\"accelerometer; autoplay; clipboard-write; encrypted-media; gyroscope; picture-in-picture; web-share\" referrerpolicy=\"strict-origin-when-cross-origin\" allowfullscreen><\/iframe>\n<\/div><figcaption class=\"wp-element-caption\">Vaikka kristinuskon jakaminen Iranissa on laitonta, yliluonnolliset kohtaamiset Jeesuksen kanssa johtavat seurakunnan orgaaniseen kasvuun.<\/figcaption><\/figure>\n\n<h3 class=\"wp-block-heading\"><strong>Henkil\u00f6kohtainen yhteydenpito Turkin kautta<\/strong><\/h3>\n\n<p>Transform Iran j\u00e4rjest\u00e4\u00e4 vuosittain kohdennettuja tiedotustapahtumia Turkissa, joka on iranilaisten suosituin matkailukohde. Joka vuosi yli 2 miljoonaa iranilaista vierailee Turkissa. Iranilaiset matkustavat my\u00f6s s\u00e4\u00e4nn\u00f6llisesti Turkkiin liikeasioissa ja ostavat vuosittain tuhansia kiinteist\u00f6j\u00e4.   Koulutetut evankelistamme matkustavat iranilaisten suosimille alueille ja jakavat evankeliumia heid\u00e4n kanssaan. Monet ovat pelastuneet t\u00e4ll\u00e4 tavoin ja palanneet Iraniin, jossa he ovat perustaneet kotiseurakuntia. Seurantatiimimme tukee n\u00e4it\u00e4 seurakuntia et\u00e4n\u00e4 (ks. <a data-type=\"page\" data-id=\"6294\" href=\"https:\/\/transformiran.com\/fi\/meidan-tyomme\/discipleship\/\">opetuslapseus<\/a>).<\/p>\n\n<p><\/p>\n\n<blockquote class=\"wp-block-quote is-layout-flow wp-block-quote-is-layout-flow\">\n<p>Olin mukana Istanbulin kaupungissa osana avustusty\u00f6ryhm\u00e4\u00e4. Etsimme iranilaisia turisteja. Tapasimme er\u00e4\u00e4n perheen ja kerroimme heille hyv\u00e4t uutiset. Annoimme heille my\u00f6s lahjoja, joiden avulla he saivat ilmaiseksi k\u00e4ytt\u00f6\u00f6ns\u00e4 Raamattua ja muita kristillisi\u00e4 resursseja verkossa.<\/p>\n\n\n\n<p><em>Is\u00e4 kertoi minulle, ett\u00e4 h\u00e4n uskoi Jeesukseen ja halusi tulla kristityksi, mutta ei tiennyt, mist\u00e4 aloittaa tai mit\u00e4 tehd\u00e4.<\/em><\/p>\n\n\n\n<p>T\u00e4m\u00e4 oli heid\u00e4n Istanbulin-matkansa viimeinen p\u00e4iv\u00e4 &#8211; he aikoivat palata Iraniin samana iltap\u00e4iv\u00e4n\u00e4. My\u00f6s h\u00e4nen vaimonsa oli yh\u00e4 iloisempi, kun h\u00e4n kuuli meid\u00e4n kertovan. H\u00e4n oli innokas antamaan syd\u00e4mens\u00e4 Jeesukselle Kristukselle, ja h\u00e4n teki sen heti paikalla, ja h\u00e4nest\u00e4 tuli uskovainen.<\/p>\n\n\n\n<p>H\u00e4nen aviomiehens\u00e4 katseli, kun h\u00e4n luovutti el\u00e4m\u00e4ns\u00e4 Jeesukselle, ja h\u00e4nkin tunnusti rakastavansa Jeesusta, katui syntej\u00e4\u00e4n ja antoi syd\u00e4mens\u00e4 Jeesukselle. He olivat niin onnellisia t\u00e4m\u00e4n hetken vuoksi! He halusivat vied\u00e4 meid\u00e4t j\u00e4\u00e4tel\u00f6lle juhlimaan!<\/p>\n\n\n\n<p>Nyt he ovat palanneet Iraniin, ja olen yhteydess\u00e4 vaimoon ja autan h\u00e4nt\u00e4 kasvamaan uskossaan.<\/p>\n<\/blockquote>\n\n<div class=\"wp-block-buttons is-content-justification-center is-layout-flex wp-container-core-buttons-is-layout-16018d1d wp-block-buttons-is-layout-flex\">\n<div class=\"wp-block-button\"><a class=\"wp-block-button__link has-white-color has-vivid-red-background-color has-text-color has-background has-link-color wp-element-button\" href=\"https:\/\/transformiran.com\/fi\/uutiskirjeeseen-rekisteroityminen\/\">Rukoile evankeliumin levi\u00e4misen puolesta Iranissa &#8211; saat kuukausittain s\u00e4hk\u00f6postiviestej\u00e4, jotka opastavat sinua.<\/a><\/div>\n<\/div>\n\n<p><\/p>\n","protected":false},"excerpt":{"rendered":"<p>Iranilaisten yliluonnollinen n\u00e4lk\u00e4 evankeliumia kohtaan Iranissa vallitsee yliluonnollinen armo &#8211; kuten ei koskaan ennen. Ihmiset ovat n\u00e4lk\u00e4isi\u00e4 totuudelle ja avoimia evankeliumille. Mutta evankeliumia on jaettava, sill\u00e4 &#8220;kuinka he voivat uskoa siihen, josta he eiv\u00e4t ole kuulleet?&#8221; Room. 10:14 Transform Iran julistaa evankeliumia iranilaisille eri tiedotusv\u00e4lineiden kautta ja henkil\u00f6kohtaisesti. Koulutettu seurantatiimimme on valmis toimimaan 1:1 hakijoiden [&hellip;]<\/p>\n","protected":false},"author":1,"featured_media":0,"parent":12940,"menu_order":0,"comment_status":"closed","ping_status":"closed","template":"page-work.php","meta":{"_acf_changed":false,"give_campaign_id":0,"om_disable_all_campaigns":false,"_mi_skip_tracking":false,"footnotes":""},"class_list":["post-12994","page","type-page","status-publish","hentry"],"acf":[],"yoast_head":"<!-- This site is optimized with the Yoast SEO plugin v27.3 - https:\/\/yoast.com\/product\/yoast-seo-wordpress\/ -->\n<title>Evankelioiminen - Transform Iran<\/title>\n<meta name=\"robots\" content=\"index, follow, max-snippet:-1, max-image-preview:large, max-video-preview:-1\" \/>\n<link rel=\"canonical\" href=\"https:\/\/transformiran.com\/fi\/meidan-tyomme\/evangelism\/\" \/>\n<meta property=\"og:locale\" content=\"fi_FI\" \/>\n<meta property=\"og:type\" content=\"article\" \/>\n<meta property=\"og:title\" content=\"Evankelioiminen - Transform Iran\" \/>\n<meta property=\"og:description\" content=\"Iranilaisten yliluonnollinen n\u00e4lk\u00e4 evankeliumia kohtaan Iranissa vallitsee yliluonnollinen armo &#8211; kuten ei koskaan ennen. Ihmiset ovat n\u00e4lk\u00e4isi\u00e4 totuudelle ja avoimia evankeliumille. Mutta evankeliumia on jaettava, sill\u00e4 &#8220;kuinka he voivat uskoa siihen, josta he eiv\u00e4t ole kuulleet?&#8221; Room. 10:14 Transform Iran julistaa evankeliumia iranilaisille eri tiedotusv\u00e4lineiden kautta ja henkil\u00f6kohtaisesti. Koulutettu seurantatiimimme on valmis toimimaan 1:1 hakijoiden [&hellip;]\" \/>\n<meta property=\"og:url\" content=\"https:\/\/transformiran.com\/fi\/meidan-tyomme\/evangelism\/\" \/>\n<meta property=\"og:site_name\" content=\"Transform Iran\" \/>\n<meta property=\"article:publisher\" content=\"https:\/\/www.facebook.com\/222MinistriesUSAInc\" \/>\n<meta property=\"article:modified_time\" content=\"2025-12-08T21:40:39+00:00\" \/>\n<meta property=\"og:image\" content=\"https:\/\/transformiran.com\/app\/uploads\/2024\/08\/man-casting-net-landscape-lite.jpeg\" \/>\n\t<meta property=\"og:image:width\" content=\"1280\" \/>\n\t<meta property=\"og:image:height\" content=\"218\" \/>\n\t<meta property=\"og:image:type\" content=\"image\/jpeg\" \/>\n<meta name=\"twitter:card\" content=\"summary_large_image\" \/>\n<meta name=\"twitter:site\" content=\"@222minint\" \/>\n<meta name=\"twitter:label1\" content=\"Est. reading time\" \/>\n\t<meta name=\"twitter:data1\" content=\"4 minutes\" \/>\n<script type=\"application\/ld+json\" class=\"yoast-schema-graph\">{\"@context\":\"https:\\\/\\\/schema.org\",\"@graph\":[{\"@type\":\"WebPage\",\"@id\":\"https:\\\/\\\/transformiran.com\\\/fi\\\/meidan-tyomme\\\/evangelism\\\/\",\"url\":\"https:\\\/\\\/transformiran.com\\\/fi\\\/meidan-tyomme\\\/evangelism\\\/\",\"name\":\"Evankelioiminen - Transform Iran\",\"isPartOf\":{\"@id\":\"https:\\\/\\\/transformiran.com\\\/fi\\\/#website\"},\"primaryImageOfPage\":{\"@id\":\"https:\\\/\\\/transformiran.com\\\/fi\\\/meidan-tyomme\\\/evangelism\\\/#primaryimage\"},\"image\":{\"@id\":\"https:\\\/\\\/transformiran.com\\\/fi\\\/meidan-tyomme\\\/evangelism\\\/#primaryimage\"},\"thumbnailUrl\":\"https:\\\/\\\/transformiran.com\\\/app\\\/uploads\\\/2024\\\/08\\\/man-casting-net-landscape-lite-1024x174.jpeg\",\"datePublished\":\"2022-11-03T12:16:01+00:00\",\"dateModified\":\"2025-12-08T21:40:39+00:00\",\"breadcrumb\":{\"@id\":\"https:\\\/\\\/transformiran.com\\\/fi\\\/meidan-tyomme\\\/evangelism\\\/#breadcrumb\"},\"inLanguage\":\"fi\",\"potentialAction\":[{\"@type\":\"ReadAction\",\"target\":[\"https:\\\/\\\/transformiran.com\\\/fi\\\/meidan-tyomme\\\/evangelism\\\/\"]}]},{\"@type\":\"ImageObject\",\"inLanguage\":\"fi\",\"@id\":\"https:\\\/\\\/transformiran.com\\\/fi\\\/meidan-tyomme\\\/evangelism\\\/#primaryimage\",\"url\":\"https:\\\/\\\/transformiran.com\\\/app\\\/uploads\\\/2024\\\/08\\\/man-casting-net-landscape-lite-1024x174.jpeg\",\"contentUrl\":\"https:\\\/\\\/transformiran.com\\\/app\\\/uploads\\\/2024\\\/08\\\/man-casting-net-landscape-lite-1024x174.jpeg\"},{\"@type\":\"BreadcrumbList\",\"@id\":\"https:\\\/\\\/transformiran.com\\\/fi\\\/meidan-tyomme\\\/evangelism\\\/#breadcrumb\",\"itemListElement\":[{\"@type\":\"ListItem\",\"position\":1,\"name\":\"Home\",\"item\":\"https:\\\/\\\/transformiran.com\\\/fi\\\/home\\\/\"},{\"@type\":\"ListItem\",\"position\":2,\"name\":\"Ty\u00f6mme\",\"item\":\"https:\\\/\\\/transformiran.com\\\/fi\\\/meidan-tyomme\\\/\"},{\"@type\":\"ListItem\",\"position\":3,\"name\":\"Evankelioiminen\"}]},{\"@type\":\"WebSite\",\"@id\":\"https:\\\/\\\/transformiran.com\\\/fi\\\/#website\",\"url\":\"https:\\\/\\\/transformiran.com\\\/fi\\\/\",\"name\":\"Transform Iran\",\"description\":\"Bringing the love and power of Christ to Iran - and beyond\",\"publisher\":{\"@id\":\"https:\\\/\\\/transformiran.com\\\/fi\\\/#organization\"},\"potentialAction\":[{\"@type\":\"SearchAction\",\"target\":{\"@type\":\"EntryPoint\",\"urlTemplate\":\"https:\\\/\\\/transformiran.com\\\/fi\\\/?s={search_term_string}\"},\"query-input\":{\"@type\":\"PropertyValueSpecification\",\"valueRequired\":true,\"valueName\":\"search_term_string\"}}],\"inLanguage\":\"fi\"},{\"@type\":\"Organization\",\"@id\":\"https:\\\/\\\/transformiran.com\\\/fi\\\/#organization\",\"name\":\"Transform Iran\",\"url\":\"https:\\\/\\\/transformiran.com\\\/fi\\\/\",\"logo\":{\"@type\":\"ImageObject\",\"inLanguage\":\"fi\",\"@id\":\"https:\\\/\\\/transformiran.com\\\/fi\\\/#\\\/schema\\\/logo\\\/image\\\/\",\"url\":\"https:\\\/\\\/transformiran.com\\\/app\\\/uploads\\\/2022\\\/11\\\/logo_grey.jpg\",\"contentUrl\":\"https:\\\/\\\/transformiran.com\\\/app\\\/uploads\\\/2022\\\/11\\\/logo_grey.jpg\",\"width\":528,\"height\":90,\"caption\":\"Transform Iran\"},\"image\":{\"@id\":\"https:\\\/\\\/transformiran.com\\\/fi\\\/#\\\/schema\\\/logo\\\/image\\\/\"},\"sameAs\":[\"https:\\\/\\\/www.facebook.com\\\/222MinistriesUSAInc\",\"https:\\\/\\\/x.com\\\/222minint\",\"https:\\\/\\\/www.instagram.com\\\/222ministriesinternational\\\/\"]}]}<\/script>\n<!-- \/ Yoast SEO plugin. -->","yoast_head_json":{"title":"Evankelioiminen - Transform Iran","robots":{"index":"index","follow":"follow","max-snippet":"max-snippet:-1","max-image-preview":"max-image-preview:large","max-video-preview":"max-video-preview:-1"},"canonical":"https:\/\/transformiran.com\/fi\/meidan-tyomme\/evangelism\/","og_locale":"fi_FI","og_type":"article","og_title":"Evankelioiminen - Transform Iran","og_description":"Iranilaisten yliluonnollinen n\u00e4lk\u00e4 evankeliumia kohtaan Iranissa vallitsee yliluonnollinen armo &#8211; kuten ei koskaan ennen. Ihmiset ovat n\u00e4lk\u00e4isi\u00e4 totuudelle ja avoimia evankeliumille. Mutta evankeliumia on jaettava, sill\u00e4 &#8220;kuinka he voivat uskoa siihen, josta he eiv\u00e4t ole kuulleet?&#8221; Room. 10:14 Transform Iran julistaa evankeliumia iranilaisille eri tiedotusv\u00e4lineiden kautta ja henkil\u00f6kohtaisesti. Koulutettu seurantatiimimme on valmis toimimaan 1:1 hakijoiden [&hellip;]","og_url":"https:\/\/transformiran.com\/fi\/meidan-tyomme\/evangelism\/","og_site_name":"Transform Iran","article_publisher":"https:\/\/www.facebook.com\/222MinistriesUSAInc","article_modified_time":"2025-12-08T21:40:39+00:00","og_image":[{"width":1280,"height":218,"url":"https:\/\/transformiran.com\/app\/uploads\/2024\/08\/man-casting-net-landscape-lite.jpeg","type":"image\/jpeg"}],"twitter_card":"summary_large_image","twitter_site":"@222minint","twitter_misc":{"Est. reading time":"4 minutes"},"schema":{"@context":"https:\/\/schema.org","@graph":[{"@type":"WebPage","@id":"https:\/\/transformiran.com\/fi\/meidan-tyomme\/evangelism\/","url":"https:\/\/transformiran.com\/fi\/meidan-tyomme\/evangelism\/","name":"Evankelioiminen - Transform Iran","isPartOf":{"@id":"https:\/\/transformiran.com\/fi\/#website"},"primaryImageOfPage":{"@id":"https:\/\/transformiran.com\/fi\/meidan-tyomme\/evangelism\/#primaryimage"},"image":{"@id":"https:\/\/transformiran.com\/fi\/meidan-tyomme\/evangelism\/#primaryimage"},"thumbnailUrl":"https:\/\/transformiran.com\/app\/uploads\/2024\/08\/man-casting-net-landscape-lite-1024x174.jpeg","datePublished":"2022-11-03T12:16:01+00:00","dateModified":"2025-12-08T21:40:39+00:00","breadcrumb":{"@id":"https:\/\/transformiran.com\/fi\/meidan-tyomme\/evangelism\/#breadcrumb"},"inLanguage":"fi","potentialAction":[{"@type":"ReadAction","target":["https:\/\/transformiran.com\/fi\/meidan-tyomme\/evangelism\/"]}]},{"@type":"ImageObject","inLanguage":"fi","@id":"https:\/\/transformiran.com\/fi\/meidan-tyomme\/evangelism\/#primaryimage","url":"https:\/\/transformiran.com\/app\/uploads\/2024\/08\/man-casting-net-landscape-lite-1024x174.jpeg","contentUrl":"https:\/\/transformiran.com\/app\/uploads\/2024\/08\/man-casting-net-landscape-lite-1024x174.jpeg"},{"@type":"BreadcrumbList","@id":"https:\/\/transformiran.com\/fi\/meidan-tyomme\/evangelism\/#breadcrumb","itemListElement":[{"@type":"ListItem","position":1,"name":"Home","item":"https:\/\/transformiran.com\/fi\/home\/"},{"@type":"ListItem","position":2,"name":"Ty\u00f6mme","item":"https:\/\/transformiran.com\/fi\/meidan-tyomme\/"},{"@type":"ListItem","position":3,"name":"Evankelioiminen"}]},{"@type":"WebSite","@id":"https:\/\/transformiran.com\/fi\/#website","url":"https:\/\/transformiran.com\/fi\/","name":"Transform Iran","description":"Bringing the love and power of Christ to Iran - and beyond","publisher":{"@id":"https:\/\/transformiran.com\/fi\/#organization"},"potentialAction":[{"@type":"SearchAction","target":{"@type":"EntryPoint","urlTemplate":"https:\/\/transformiran.com\/fi\/?s={search_term_string}"},"query-input":{"@type":"PropertyValueSpecification","valueRequired":true,"valueName":"search_term_string"}}],"inLanguage":"fi"},{"@type":"Organization","@id":"https:\/\/transformiran.com\/fi\/#organization","name":"Transform Iran","url":"https:\/\/transformiran.com\/fi\/","logo":{"@type":"ImageObject","inLanguage":"fi","@id":"https:\/\/transformiran.com\/fi\/#\/schema\/logo\/image\/","url":"https:\/\/transformiran.com\/app\/uploads\/2022\/11\/logo_grey.jpg","contentUrl":"https:\/\/transformiran.com\/app\/uploads\/2022\/11\/logo_grey.jpg","width":528,"height":90,"caption":"Transform Iran"},"image":{"@id":"https:\/\/transformiran.com\/fi\/#\/schema\/logo\/image\/"},"sameAs":["https:\/\/www.facebook.com\/222MinistriesUSAInc","https:\/\/x.com\/222minint","https:\/\/www.instagram.com\/222ministriesinternational\/"]}]}},"campaignId":"","_links":{"self":[{"href":"https:\/\/transformiran.com\/fi\/wp-json\/wp\/v2\/pages\/12994","targetHints":{"allow":["GET"]}}],"collection":[{"href":"https:\/\/transformiran.com\/fi\/wp-json\/wp\/v2\/pages"}],"about":[{"href":"https:\/\/transformiran.com\/fi\/wp-json\/wp\/v2\/types\/page"}],"author":[{"embeddable":true,"href":"https:\/\/transformiran.com\/fi\/wp-json\/wp\/v2\/users\/1"}],"replies":[{"embeddable":true,"href":"https:\/\/transformiran.com\/fi\/wp-json\/wp\/v2\/comments?post=12994"}],"version-history":[{"count":2,"href":"https:\/\/transformiran.com\/fi\/wp-json\/wp\/v2\/pages\/12994\/revisions"}],"predecessor-version":[{"id":33979,"href":"https:\/\/transformiran.com\/fi\/wp-json\/wp\/v2\/pages\/12994\/revisions\/33979"}],"up":[{"embeddable":true,"href":"https:\/\/transformiran.com\/fi\/wp-json\/wp\/v2\/pages\/12940"}],"wp:attachment":[{"href":"https:\/\/transformiran.com\/fi\/wp-json\/wp\/v2\/media?parent=12994"}],"curies":[{"name":"wp","href":"https:\/\/api.w.org\/{rel}","templated":true}]}}