{"id":13000,"date":"2022-11-04T11:14:43","date_gmt":"2022-11-04T11:14:43","guid":{"rendered":"https:\/\/transformiran.com\/donate\/lahjoittaminen-amazon-smile-palvelun-avulla\/"},"modified":"2025-04-02T11:05:29","modified_gmt":"2025-04-02T10:05:29","slug":"lahjoittaminen-amazon-smile-palvelun-avulla","status":"publish","type":"page","link":"https:\/\/transformiran.com\/fi\/donate\/lahjoittaminen-amazon-smile-palvelun-avulla\/","title":{"rendered":"Lahjoittaminen Amazon Smile -palvelun avulla"},"content":{"rendered":"\n<h2 class=\"wp-block-heading\">Mik\u00e4 on AmazonSmile?<\/h2>\n\n<p>AmazonSmile on yksinkertainen tapa tukea suosikki hyv\u00e4ntekev\u00e4isyysj\u00e4rjest\u00f6\u00e4si joka kerta, kun teet ostoksia, ilman kustannuksia. AmazonSmile on saatavilla osoitteessa smile.amazon.com tai smile.amazon.co.uk verkkoselaimellasi, ja sen voi aktivoida Amazon Shopping -sovelluksessa iOS- ja Android-puhelimille. Kun teet ostoksia AmazonSmile-verkkokaupassa, l\u00f6yd\u00e4t t\u00e4sm\u00e4lleen samat alhaiset hinnat, laajan valikoiman ja k\u00e4tev\u00e4n ostokokemuksen kuin Amazon.com- tai Amazon.co.uk-sivustolla, ja lis\u00e4ksi AmazonSmile lahjoittaa 0,5 % hyv\u00e4ksytt\u00e4vist\u00e4 ostoksistasi osoitteeseen Transform Iran.<\/p>\n\n<p>Sinun tarvitsee vain k\u00e4yd\u00e4 osoitteessa <a href=\"http:\/\/smile.amazon.com\/charitylists\" target=\"_blank\" rel=\"noreferrer noopener\">smile.amazon.com\/charitylists<\/a> tai <a href=\"http:\/\/smile.amazon.com\/charitylists\" target=\"_blank\" rel=\"noreferrer noopener\">smile.amazon.co.uk\/charitylists<\/a> tai napauttaa matkapuhelimesi Amazon-ostosovelluksen &#8220;Ohjelmat ja ominaisuudet&#8221; -valikossa olevaa kohtaa Charity Lists, etsi\u00e4 ja valita Transform Iran. (AmazonSmile on saatavilla Amazonin asiakkaille, joilla on matkapuhelimessaan Amazon Shopping -sovelluksen uusin versio, mukaan lukien Android-laitteet, joissa on versio 7.0+, tai iOS-laitteet, joissa on versio 12+). Voit aktivoida AmazonSmilen Amazon Shopping -sovelluksessa napauttamalla &#8220;AmazonSmile&#8221; valikossa Ohjelmat ja ominaisuudet tai Asetukset ja noudattamalla n\u00e4yt\u00f6n ohjeita).<\/p>\n\n<p>Ostokokemuksesi ei muutu, eik\u00e4 sinun tarvitse luoda uutta tili\u00e4 &#8211; mutta t\u00e4m\u00e4n yksinkertaisen toimenpiteen avulla voit auttaa muuttamaan Irania jokaisella ostoksellasi!<\/p>\n\n<p>Ensimm\u00e4isell\u00e4 AmazonSmile-k\u00e4ynnill\u00e4si sinua pyydet\u00e4\u00e4n valitsemaan hyv\u00e4ntekev\u00e4isyysj\u00e4rjest\u00f6, jolle saat lahjoituksia tulevista AmazonSmile-ostoksistasi. Amazon muistaa valitsemasi hyv\u00e4ntekev\u00e4isyyskohteen aina, kun teet ostoksia. AmazonSmile ottaa sinuun toisinaan yhteytt\u00e4 valitsemallesi hyv\u00e4ntekev\u00e4isyysj\u00e4rjest\u00f6lle maksetuista lahjoitussummista tai ohjelmasta.<\/p>\n","protected":false},"excerpt":{"rendered":"<p>Mik\u00e4 on AmazonSmile? AmazonSmile on yksinkertainen tapa tukea suosikki hyv\u00e4ntekev\u00e4isyysj\u00e4rjest\u00f6\u00e4si joka kerta, kun teet ostoksia, ilman kustannuksia. AmazonSmile on saatavilla osoitteessa smile.amazon.com tai smile.amazon.co.uk verkkoselaimellasi, ja sen voi aktivoida Amazon Shopping -sovelluksessa iOS- ja Android-puhelimille. Kun teet ostoksia AmazonSmile-verkkokaupassa, l\u00f6yd\u00e4t t\u00e4sm\u00e4lleen samat alhaiset hinnat, laajan valikoiman ja k\u00e4tev\u00e4n ostokokemuksen kuin Amazon.com- tai Amazon.co.uk-sivustolla, ja lis\u00e4ksi [&hellip;]<\/p>\n","protected":false},"author":1,"featured_media":0,"parent":12992,"menu_order":0,"comment_status":"closed","ping_status":"closed","template":"page-basic.php","meta":{"_acf_changed":false,"give_campaign_id":0,"om_disable_all_campaigns":false,"_mi_skip_tracking":false,"footnotes":""},"class_list":["post-13000","page","type-page","status-publish","hentry"],"acf":[],"yoast_head":"<!-- This site is optimized with the Yoast SEO plugin v27.2 - https:\/\/yoast.com\/product\/yoast-seo-wordpress\/ -->\n<title>Lahjoittaminen Amazon Smile -palvelun avulla - Transform Iran<\/title>\n<meta name=\"robots\" content=\"index, follow, max-snippet:-1, max-image-preview:large, max-video-preview:-1\" \/>\n<link rel=\"canonical\" href=\"https:\/\/transformiran.com\/fi\/donate\/lahjoittaminen-amazon-smile-palvelun-avulla\/\" \/>\n<meta property=\"og:locale\" content=\"fi_FI\" \/>\n<meta property=\"og:type\" content=\"article\" \/>\n<meta property=\"og:title\" content=\"Lahjoittaminen Amazon Smile -palvelun avulla - Transform Iran\" \/>\n<meta property=\"og:description\" content=\"Mik\u00e4 on AmazonSmile? AmazonSmile on yksinkertainen tapa tukea suosikki hyv\u00e4ntekev\u00e4isyysj\u00e4rjest\u00f6\u00e4si joka kerta, kun teet ostoksia, ilman kustannuksia. AmazonSmile on saatavilla osoitteessa smile.amazon.com tai smile.amazon.co.uk verkkoselaimellasi, ja sen voi aktivoida Amazon Shopping -sovelluksessa iOS- ja Android-puhelimille. Kun teet ostoksia AmazonSmile-verkkokaupassa, l\u00f6yd\u00e4t t\u00e4sm\u00e4lleen samat alhaiset hinnat, laajan valikoiman ja k\u00e4tev\u00e4n ostokokemuksen kuin Amazon.com- tai Amazon.co.uk-sivustolla, ja lis\u00e4ksi [&hellip;]\" \/>\n<meta property=\"og:url\" content=\"https:\/\/transformiran.com\/fi\/donate\/lahjoittaminen-amazon-smile-palvelun-avulla\/\" \/>\n<meta property=\"og:site_name\" content=\"Transform Iran\" \/>\n<meta property=\"article:publisher\" content=\"https:\/\/www.facebook.com\/222MinistriesUSAInc\" \/>\n<meta property=\"article:modified_time\" content=\"2025-04-02T10:05:29+00:00\" \/>\n<meta name=\"twitter:card\" content=\"summary_large_image\" \/>\n<meta name=\"twitter:site\" content=\"@222minint\" \/>\n<meta name=\"twitter:label1\" content=\"Est. reading time\" \/>\n\t<meta name=\"twitter:data1\" content=\"1 minute\" \/>\n<script type=\"application\/ld+json\" class=\"yoast-schema-graph\">{\"@context\":\"https:\/\/schema.org\",\"@graph\":[{\"@type\":\"WebPage\",\"@id\":\"https:\/\/transformiran.com\/fi\/donate\/lahjoittaminen-amazon-smile-palvelun-avulla\/\",\"url\":\"https:\/\/transformiran.com\/fi\/donate\/lahjoittaminen-amazon-smile-palvelun-avulla\/\",\"name\":\"Lahjoittaminen Amazon Smile -palvelun avulla - Transform Iran\",\"isPartOf\":{\"@id\":\"https:\/\/transformiran.com\/fi\/#website\"},\"datePublished\":\"2022-11-04T11:14:43+00:00\",\"dateModified\":\"2025-04-02T10:05:29+00:00\",\"breadcrumb\":{\"@id\":\"https:\/\/transformiran.com\/fi\/donate\/lahjoittaminen-amazon-smile-palvelun-avulla\/#breadcrumb\"},\"inLanguage\":\"fi\",\"potentialAction\":[{\"@type\":\"ReadAction\",\"target\":[\"https:\/\/transformiran.com\/fi\/donate\/lahjoittaminen-amazon-smile-palvelun-avulla\/\"]}]},{\"@type\":\"BreadcrumbList\",\"@id\":\"https:\/\/transformiran.com\/fi\/donate\/lahjoittaminen-amazon-smile-palvelun-avulla\/#breadcrumb\",\"itemListElement\":[{\"@type\":\"ListItem\",\"position\":1,\"name\":\"Home\",\"item\":\"https:\/\/transformiran.com\/fi\/home\/\"},{\"@type\":\"ListItem\",\"position\":2,\"name\":\"Lahjoita\",\"item\":\"https:\/\/transformiran.com\/fi\/donate\/\"},{\"@type\":\"ListItem\",\"position\":3,\"name\":\"Lahjoittaminen Amazon Smile -palvelun avulla\"}]},{\"@type\":\"WebSite\",\"@id\":\"https:\/\/transformiran.com\/fi\/#website\",\"url\":\"https:\/\/transformiran.com\/fi\/\",\"name\":\"Transform Iran\",\"description\":\"Bringing the love and power of Christ to Iran - and beyond\",\"publisher\":{\"@id\":\"https:\/\/transformiran.com\/fi\/#organization\"},\"potentialAction\":[{\"@type\":\"SearchAction\",\"target\":{\"@type\":\"EntryPoint\",\"urlTemplate\":\"https:\/\/transformiran.com\/fi\/?s={search_term_string}\"},\"query-input\":{\"@type\":\"PropertyValueSpecification\",\"valueRequired\":true,\"valueName\":\"search_term_string\"}}],\"inLanguage\":\"fi\"},{\"@type\":\"Organization\",\"@id\":\"https:\/\/transformiran.com\/fi\/#organization\",\"name\":\"Transform Iran\",\"url\":\"https:\/\/transformiran.com\/fi\/\",\"logo\":{\"@type\":\"ImageObject\",\"inLanguage\":\"fi\",\"@id\":\"https:\/\/transformiran.com\/fi\/#\/schema\/logo\/image\/\",\"url\":\"https:\/\/transformiran.com\/app\/uploads\/2022\/11\/logo_grey.jpg\",\"contentUrl\":\"https:\/\/transformiran.com\/app\/uploads\/2022\/11\/logo_grey.jpg\",\"width\":528,\"height\":90,\"caption\":\"Transform Iran\"},\"image\":{\"@id\":\"https:\/\/transformiran.com\/fi\/#\/schema\/logo\/image\/\"},\"sameAs\":[\"https:\/\/www.facebook.com\/222MinistriesUSAInc\",\"https:\/\/x.com\/222minint\",\"https:\/\/www.instagram.com\/222ministriesinternational\/\"]}]}<\/script>\n<!-- \/ Yoast SEO plugin. -->","yoast_head_json":{"title":"Lahjoittaminen Amazon Smile -palvelun avulla - Transform Iran","robots":{"index":"index","follow":"follow","max-snippet":"max-snippet:-1","max-image-preview":"max-image-preview:large","max-video-preview":"max-video-preview:-1"},"canonical":"https:\/\/transformiran.com\/fi\/donate\/lahjoittaminen-amazon-smile-palvelun-avulla\/","og_locale":"fi_FI","og_type":"article","og_title":"Lahjoittaminen Amazon Smile -palvelun avulla - Transform Iran","og_description":"Mik\u00e4 on AmazonSmile? AmazonSmile on yksinkertainen tapa tukea suosikki hyv\u00e4ntekev\u00e4isyysj\u00e4rjest\u00f6\u00e4si joka kerta, kun teet ostoksia, ilman kustannuksia. AmazonSmile on saatavilla osoitteessa smile.amazon.com tai smile.amazon.co.uk verkkoselaimellasi, ja sen voi aktivoida Amazon Shopping -sovelluksessa iOS- ja Android-puhelimille. Kun teet ostoksia AmazonSmile-verkkokaupassa, l\u00f6yd\u00e4t t\u00e4sm\u00e4lleen samat alhaiset hinnat, laajan valikoiman ja k\u00e4tev\u00e4n ostokokemuksen kuin Amazon.com- tai Amazon.co.uk-sivustolla, ja lis\u00e4ksi [&hellip;]","og_url":"https:\/\/transformiran.com\/fi\/donate\/lahjoittaminen-amazon-smile-palvelun-avulla\/","og_site_name":"Transform Iran","article_publisher":"https:\/\/www.facebook.com\/222MinistriesUSAInc","article_modified_time":"2025-04-02T10:05:29+00:00","twitter_card":"summary_large_image","twitter_site":"@222minint","twitter_misc":{"Est. reading time":"1 minute"},"schema":{"@context":"https:\/\/schema.org","@graph":[{"@type":"WebPage","@id":"https:\/\/transformiran.com\/fi\/donate\/lahjoittaminen-amazon-smile-palvelun-avulla\/","url":"https:\/\/transformiran.com\/fi\/donate\/lahjoittaminen-amazon-smile-palvelun-avulla\/","name":"Lahjoittaminen Amazon Smile -palvelun avulla - Transform Iran","isPartOf":{"@id":"https:\/\/transformiran.com\/fi\/#website"},"datePublished":"2022-11-04T11:14:43+00:00","dateModified":"2025-04-02T10:05:29+00:00","breadcrumb":{"@id":"https:\/\/transformiran.com\/fi\/donate\/lahjoittaminen-amazon-smile-palvelun-avulla\/#breadcrumb"},"inLanguage":"fi","potentialAction":[{"@type":"ReadAction","target":["https:\/\/transformiran.com\/fi\/donate\/lahjoittaminen-amazon-smile-palvelun-avulla\/"]}]},{"@type":"BreadcrumbList","@id":"https:\/\/transformiran.com\/fi\/donate\/lahjoittaminen-amazon-smile-palvelun-avulla\/#breadcrumb","itemListElement":[{"@type":"ListItem","position":1,"name":"Home","item":"https:\/\/transformiran.com\/fi\/home\/"},{"@type":"ListItem","position":2,"name":"Lahjoita","item":"https:\/\/transformiran.com\/fi\/donate\/"},{"@type":"ListItem","position":3,"name":"Lahjoittaminen Amazon Smile -palvelun avulla"}]},{"@type":"WebSite","@id":"https:\/\/transformiran.com\/fi\/#website","url":"https:\/\/transformiran.com\/fi\/","name":"Transform Iran","description":"Bringing the love and power of Christ to Iran - and beyond","publisher":{"@id":"https:\/\/transformiran.com\/fi\/#organization"},"potentialAction":[{"@type":"SearchAction","target":{"@type":"EntryPoint","urlTemplate":"https:\/\/transformiran.com\/fi\/?s={search_term_string}"},"query-input":{"@type":"PropertyValueSpecification","valueRequired":true,"valueName":"search_term_string"}}],"inLanguage":"fi"},{"@type":"Organization","@id":"https:\/\/transformiran.com\/fi\/#organization","name":"Transform Iran","url":"https:\/\/transformiran.com\/fi\/","logo":{"@type":"ImageObject","inLanguage":"fi","@id":"https:\/\/transformiran.com\/fi\/#\/schema\/logo\/image\/","url":"https:\/\/transformiran.com\/app\/uploads\/2022\/11\/logo_grey.jpg","contentUrl":"https:\/\/transformiran.com\/app\/uploads\/2022\/11\/logo_grey.jpg","width":528,"height":90,"caption":"Transform Iran"},"image":{"@id":"https:\/\/transformiran.com\/fi\/#\/schema\/logo\/image\/"},"sameAs":["https:\/\/www.facebook.com\/222MinistriesUSAInc","https:\/\/x.com\/222minint","https:\/\/www.instagram.com\/222ministriesinternational\/"]}]}},"campaignId":"","_links":{"self":[{"href":"https:\/\/transformiran.com\/fi\/wp-json\/wp\/v2\/pages\/13000","targetHints":{"allow":["GET"]}}],"collection":[{"href":"https:\/\/transformiran.com\/fi\/wp-json\/wp\/v2\/pages"}],"about":[{"href":"https:\/\/transformiran.com\/fi\/wp-json\/wp\/v2\/types\/page"}],"author":[{"embeddable":true,"href":"https:\/\/transformiran.com\/fi\/wp-json\/wp\/v2\/users\/1"}],"replies":[{"embeddable":true,"href":"https:\/\/transformiran.com\/fi\/wp-json\/wp\/v2\/comments?post=13000"}],"version-history":[{"count":0,"href":"https:\/\/transformiran.com\/fi\/wp-json\/wp\/v2\/pages\/13000\/revisions"}],"up":[{"embeddable":true,"href":"https:\/\/transformiran.com\/fi\/wp-json\/wp\/v2\/pages\/12992"}],"wp:attachment":[{"href":"https:\/\/transformiran.com\/fi\/wp-json\/wp\/v2\/media?parent=13000"}],"curies":[{"name":"wp","href":"https:\/\/api.w.org\/{rel}","templated":true}]}}