{"id":13016,"date":"2022-11-03T12:18:06","date_gmt":"2022-11-03T12:18:06","guid":{"rendered":"https:\/\/transformiran.com\/our-work\/church-planting\/"},"modified":"2025-04-02T10:56:52","modified_gmt":"2025-04-02T09:56:52","slug":"church-planting","status":"publish","type":"page","link":"https:\/\/transformiran.com\/fi\/meidan-tyomme\/church-planting\/","title":{"rendered":"Seurakunnan perustaminen"},"content":{"rendered":"\n<p>&#8220;Min\u00e4 rakennan kirkkoni, eiv\u00e4tk\u00e4 Haadeksen portit[c] sit\u00e4 voita.&#8221; Matteus 16:18<\/p>\n\n<p><\/p>\n\n<h2 class=\"wp-block-heading has-text-color has-link-color wp-elements-29fb27956bf5e7816420c5fc3f348603\" style=\"color:#b38e44\">Usko ja kirkon kasvu Iranissa<\/h2>\n\n<p>Ytimelt\u00e4\u00e4n Transform Iran on seurakuntien perustamispalvelu. Seurakunta on Kristuksen morsian ja Kristuksen kirkkauden, rakkauden ja voiman kaunis heijastus Vapahtajaa kaipaavalle maailmalle. Transform Iran seurakunnat (jotka tunnetaan nimell\u00e4 &#8220;222 seurakuntaa&#8221;) rakennetaan 2. Tim. 2:2:2:n periaatteiden mukaisesti, joissa opetuslapseus on keskeisell\u00e4 sijalla ja joissa kehitet\u00e4\u00e4n hedelm\u00e4llisi\u00e4, Hengen t\u00e4ytt\u00e4mi\u00e4, voideltuja johtajia. Johtajia, jotka todella rakastavat kadotettuja ja aktivoivat Kristuksen ruumiin kansakuntaa muuttavaan l\u00e4hetysty\u00f6h\u00f6n.   <\/p>\n\n<p><mark style=\"background-color:rgba(0, 0, 0, 0);color:#b38e44\" class=\"has-inline-color\">Visiona on istuttaa, vaalia ja kasvattaa kukoistavia, lis\u00e4\u00e4ntyvi\u00e4 seurakuntia jokaiseen kaupunkiin eri puolilla Irania kaikkien Iranin kansanryhmien ydinkielill\u00e4. N\u00e4in kaikki iranilaiset ymm\u00e4rt\u00e4v\u00e4t ja ottavat evankeliumin sanoman selv\u00e4sti vastaan, ja pyhien yhteys on kaikkien ulottuvilla.  <\/mark><\/p>\n\n<p><\/p>\n\n<h2 class=\"wp-block-heading has-text-color has-link-color wp-elements-40a50f7039a91b99eb3063a01a23d82c\" style=\"color:#b38e44\">Iranin kirkon resurssit l\u00e4hetysty\u00f6t\u00e4 varten<\/h2>\n\n<p>Transform Iran perustaa seurakuntia, jotka ovat juurtuneet Jumalan sanaan, jotka ovat vahvistuneet, joilla on resursseja ja varusteita ja jotka osallistuvat aktiivisesti kansakuntia muuttavaan l\u00e4hetysty\u00f6h\u00f6n.  <\/p>\n\n<p><mark style=\"background-color:rgba(0, 0, 0, 0);color:#b38e44\" class=\"has-inline-color\">Perheemme 222 seurakuntaa k\u00e4sitt\u00e4\u00e4 18 maata, mukaan lukien satoja seurakuntia yli 50 kaupungissa Iranissa.  <\/mark><\/p>\n\n<p>Diasporan kirkot osallistuvat aktiivisesti Iranin tavoittamiseen t\u00e4ht\u00e4\u00e4v\u00e4\u00e4n l\u00e4hetysty\u00f6h\u00f6n tekem\u00e4ll\u00e4 vapaaehtoisty\u00f6t\u00e4 ja ty\u00f6skentelem\u00e4ll\u00e4 erilaisissa hankkeissa ja aloitteissa, joita Transform Iran yll\u00e4pit\u00e4\u00e4.  <\/p>\n\n<p>My\u00f6s Iranin kirkot osallistuvat aktiivisesti l\u00e4hetysty\u00f6h\u00f6n riskeist\u00e4 huolimatta.  <mark style=\"background-color:rgba(0, 0, 0, 0);color:#b38e44\" class=\"has-inline-color\">Syd\u00e4n kadonneita kohtaan on suurempi kuin pelko vaarasta.  <\/mark><\/p>\n\n<p><\/p>\n\n<p><a href=\"https:\/\/transformiran.com\/fi\/meidan-tyomme\/digitaalinen-kirkko\/\">Lue digitaalisesta seurakunnastamme, joka yhdist\u00e4\u00e4 kuukausittain yli 20 000 iranilaista turvalliseen kristilliseen yhteis\u00f6\u00f6n.<\/a><\/p>\n\n<p><\/p>\n\n<figure class=\"wp-block-gallery has-nested-images columns-default is-cropped wp-block-gallery-1 is-layout-flex wp-block-gallery-is-layout-flex\">\n<figure class=\"wp-block-image size-full\"><img decoding=\"async\" width=\"3000\" height=\"2562\" data-id=\"25950\" src=\"https:\/\/transformiran.com\/app\/uploads\/2024\/09\/LeadDev09_19-26-scaled.jpeg\" alt=\"\" class=\"wp-image-25950\" srcset=\"https:\/\/transformiran.com\/app\/uploads\/2024\/09\/LeadDev09_19-26-scaled.jpeg 3000w, https:\/\/transformiran.com\/app\/uploads\/2024\/09\/LeadDev09_19-26-300x256.jpeg 300w, https:\/\/transformiran.com\/app\/uploads\/2024\/09\/LeadDev09_19-26-1024x875.jpeg 1024w, https:\/\/transformiran.com\/app\/uploads\/2024\/09\/LeadDev09_19-26-768x656.jpeg 768w, https:\/\/transformiran.com\/app\/uploads\/2024\/09\/LeadDev09_19-26-1536x1312.jpeg 1536w, https:\/\/transformiran.com\/app\/uploads\/2024\/09\/LeadDev09_19-26-2048x1749.jpeg 2048w\" sizes=\"(max-width: 3000px) 100vw, 3000px\" \/><\/figure>\n\n\n\n<figure class=\"wp-block-image size-full\"><img decoding=\"async\" width=\"1024\" height=\"576\" data-id=\"25943\" src=\"https:\/\/transformiran.com\/app\/uploads\/2024\/09\/OCJ-2023_Armenia_a.jpg\" alt=\"\" class=\"wp-image-25943\" srcset=\"https:\/\/transformiran.com\/app\/uploads\/2024\/09\/OCJ-2023_Armenia_a.jpg 1024w, https:\/\/transformiran.com\/app\/uploads\/2024\/09\/OCJ-2023_Armenia_a-300x169.jpg 300w, https:\/\/transformiran.com\/app\/uploads\/2024\/09\/OCJ-2023_Armenia_a-768x432.jpg 768w\" sizes=\"(max-width: 1024px) 100vw, 1024px\" \/><\/figure>\n<\/figure>\n\n<p><\/p>\n\n<h2 class=\"wp-block-heading has-text-color has-link-color wp-elements-4e869dd897aa2fc7528eb3c6b05d3738\" style=\"color:#b38e44\">Yliluonnolliset kohtaamiset ja seurakunnan orgaaninen kasvu<\/h2>\n\n<p>Jumalan Henki vaikuttaa nyky\u00e4\u00e4n Iranissa, ja seurakunta on aktiivinen ja kasvaa nopeammin kuin koskaan aiemmin &#8211; jotkut sanovat, ett\u00e4 nopeammin kuin miss\u00e4\u00e4n muualla maailmassa.  <\/p>\n\n<p><\/p>\n\n<p>Koska iranilaiset ovat el\u00e4neet hallituksen sorron ja islamilaisen teokratian alaisuudessa vuosikymmeni\u00e4, he kaipaavat ep\u00e4toivoisesti totuutta ja etsiv\u00e4t sit\u00e4 aktiivisesti; he etsiv\u00e4t viesti\u00e4, jonka heid\u00e4n hallituksensa on niin jyrk\u00e4sti tukahduttanut. Iranilaisten on laitonta j\u00e4tt\u00e4\u00e4 islaminusko, mutta Jeesus murtautuu kaikkien esteiden l\u00e4pi ja tavoittaa muslimit suoraan unien ja yliluonnollisten kohtaamisten kautta. H\u00e4n vapauttaa heid\u00e4t riippuvuuksista, parantaa sairauksia ja palauttaa ihmissuhteita. Perhe ja yst\u00e4v\u00e4t n\u00e4kev\u00e4t muuttuneen el\u00e4m\u00e4n ja haluavat tiet\u00e4\u00e4 lis\u00e4\u00e4. Kun kehoon lis\u00e4t\u00e4\u00e4n lis\u00e4\u00e4 ihmisi\u00e4, kotiseurakuntia perustetaan orgaanisesti.    <\/p>\n\n<p><\/p>\n\n<p>Ennen vuoden 1979 islamilaista vallankumousta muslimitaustaisia uskovia oli vain satoja, ja nyt heit\u00e4 on yli MILJOONA!<\/p>\n\n<p><\/p>\n\n<figure class=\"wp-block-embed is-type-video is-provider-youtube wp-block-embed-youtube wp-embed-aspect-16-9 wp-has-aspect-ratio\"><div class=\"wp-block-embed__wrapper\">\n<iframe title=\"The Church in Iran: A Light In The Darkness (2-Minute Reel)\" width=\"500\" height=\"281\" src=\"https:\/\/www.youtube.com\/embed\/l_atkc85C2s?feature=oembed\" frameborder=\"0\" allow=\"accelerometer; autoplay; clipboard-write; encrypted-media; gyroscope; picture-in-picture; web-share\" referrerpolicy=\"strict-origin-when-cross-origin\" allowfullscreen><\/iframe>\n<\/div><figcaption class=\"wp-element-caption\">Iranilaisten on laitonta erota islamista, ja silti Iranin kirkko kasvaa nopeammin kuin miss\u00e4\u00e4n muualla maailmassa.<\/figcaption><\/figure>\n\n<div class=\"wp-block-buttons is-layout-flex wp-block-buttons-is-layout-flex\">\n<div class=\"wp-block-button\"><a class=\"wp-block-button__link has-white-color has-vivid-red-background-color has-text-color has-background has-link-color wp-element-button\" href=\"https:\/\/transformiran.com\/fi\/uutiskirjeeseen-rekisteroityminen\/\"><strong>Kasvata uskoasi: Iranin vainotun kirkon kuukausittaiset todistukset.<\/strong><\/a><\/div>\n<\/div>\n\n<p><\/p>\n\n<h2 class=\"wp-block-heading has-text-color has-link-color wp-elements-f23f2302e849a4a63c9303afa6aaccb7\" style=\"color:#b38e44\">Iranin kotiseurakuntaliikkeen resursointi<\/h2>\n\n<p>Transform Iran tarjoaa t\u00e4yden valikoiman <a href=\"https:\/\/transformiran.com\/fi\/meidan-tyomme\/media\/\">tiedotusv\u00e4lineit\u00e4<\/a>, jotka esittelev\u00e4t evankeliumia etsij\u00f6ille ja kutsuvat henkil\u00f6kohtaiseen yhteydenpitoon asialle omistautuneen seurantatiimimme kanssa. Koulutetut neuvonantajat rukoilevat apua tarvitsevien puolesta, johdattavat etsij\u00f6it\u00e4 Kristuksen luo ja tarjoavat 1:1 <a href=\"https:\/\/transformiran.com\/fi\/meidan-tyomme\/discipleship\/\">opetuslapseutta<\/a>.   <\/p>\n\n<p><\/p>\n\n<p>T\u00e4m\u00e4n opetuslapseuden matkan aikana aiheet ulottuvat evankelioimiseen, apologetiikkaan ja seurakuntien perustamiseen &#8211; koska usein t\u00e4m\u00e4n prosessin kautta opetuslapseutuvasta henkil\u00f6st\u00e4 tulee tahtomattaan seurakuntien perustajia.<\/p>\n\n<p><\/p>\n\n<blockquote class=\"wp-block-quote is-layout-flow wp-block-quote-is-layout-flow\">\n<p>Niinp\u00e4 usein neuvonantaja on puhelun aikana ja henkil\u00f6 sanoo: &#8220;Olen kertonut kaikille yst\u00e4villeni ja perheelleni, mit\u00e4 olet sanonut minulle, ja nyt toivon, ett\u00e4 et pahastu, mutta laitoin sinut kaiuttimeen, ja meit\u00e4 on huoneessa 30, ja me kaikki haluamme tiet\u00e4\u00e4&#8221;. N\u00e4in joku, joka tuli uskoon vasta nelj\u00e4 tai viisi kuukautta sitten, perustaa tahattomasti uuden kotiseurakunnan. <\/p>\n<\/blockquote>\n\n<p><br\/>Suhteen kehittyess\u00e4 alamme opastaa heit\u00e4 siin\u00e4, miten he voivat huolehtia t\u00e4st\u00e4 &#8220;kotiseurakunnasta&#8221;. Useimmat seurakunnat Iranissa perustetaan t\u00e4ll\u00e4 tavoin. Todelliset ihmiset, jotka el\u00e4v\u00e4t aitoa el\u00e4m\u00e4\u00e4, loistavat kirkkaasti Jeesuksen puolesta, ja t\u00e4m\u00e4 tarttuu, levi\u00e4\u00e4 ja uusia seurakuntia perustetaan.  <\/p>\n\n<p><\/p>\n\n<figure class=\"wp-block-embed is-type-video is-provider-youtube wp-block-embed-youtube wp-embed-aspect-16-9 wp-has-aspect-ratio\"><div class=\"wp-block-embed__wrapper\">\n<iframe title=\"Jesus Makes Himself Known to Muslims (90-Second Reel)\" width=\"500\" height=\"281\" src=\"https:\/\/www.youtube.com\/embed\/6ppYVjwmtwA?feature=oembed\" frameborder=\"0\" allow=\"accelerometer; autoplay; clipboard-write; encrypted-media; gyroscope; picture-in-picture; web-share\" referrerpolicy=\"strict-origin-when-cross-origin\" allowfullscreen><\/iframe>\n<\/div><figcaption class=\"wp-element-caption\">Useimmat todistukset muslimien k\u00e4\u00e4ntymisist\u00e4 kristinuskoon johtuvat siit\u00e4, ett\u00e4 ihmiset ovat saaneet yliluonnollisen kohtaamisen Jeesuksen kanssa.<\/figcaption><\/figure>\n\n<h2 class=\"wp-block-heading has-text-color has-link-color wp-elements-c0412ee45a54a1bc6d25184037034d8b\" style=\"color:#b38e44\">Iranin vainottu kirkko: Valo, joka loistaa pimeydess\u00e4<\/h2>\n\n<p><\/p>\n\n<p>&#8220;Valo loistaa pimeydess\u00e4, eik\u00e4 pimeys ole sit\u00e4 voittanut.&#8221; Joh. 1:5 <\/p>\n\n<p><\/p>\n\n<p>Irania peitt\u00e4\u00e4 vainon, sorron, propagandan ja uskonnollisen valvonnan paksu pimeys. Kun Jeesuksen valo loistaa, se on erityisen kirkas. Siell\u00e4, miss\u00e4 on levottomuutta ja toivottomuutta, kristityill\u00e4 on ymm\u00e4rryksen ylitt\u00e4v\u00e4\u00e4 rauhaa; siell\u00e4, miss\u00e4 on ep\u00e4toivoa, kristityill\u00e4 on iloa. Kun yhteis\u00f6t todistavat Jeesuksen yliluonnollisesti ja aidosti muuttaneen el\u00e4m\u00e4\u00e4, ne eiv\u00e4t voi olla kysym\u00e4tt\u00e4, miten.   <\/p>\n\n<p><\/p>\n\n<p>Rangaistukset islaminuskon j\u00e4tt\u00e4misest\u00e4 ovat ankarat. Iranin kristityt vaarantavat kaiken seuratakseen Jeesusta, ja heid\u00e4n uskonsa on koetuksella enemm\u00e4n kuin mit\u00e4 me l\u00e4nsimaissa voimme k\u00e4sitt\u00e4\u00e4. Heid\u00e4n suhteestaan Jeesukseen tulee todella kallisarvoinen ja korvaamaton, ja sen vuoksi kannattaa kuolla. Iranissa ei ole haaleita kristittyj\u00e4.   <\/p>\n\n<p><\/p>\n\n<p><a href=\"https:\/\/transformiran.com\/fi\/meidan-tyomme\/digitaalinen-kirkko\/\">Lue digitaalisesta seurakunnastamme, joka yhdist\u00e4\u00e4 kuukausittain yli 20 000 iranilaista turvalliseen kristilliseen yhteis\u00f6\u00f6n.<\/a><\/p>\n\n<p><\/p>\n\n<h2 class=\"wp-block-heading has-text-color has-link-color wp-elements-6297e7ed0ef31b09c1bb5d467ff5d32d\" style=\"color:#b38e44\">Kirkko l\u00e4hetysty\u00f6ss\u00e4: Muslimipappi k\u00e4\u00e4ntyy Kristuksen puoleen<\/h2>\n\n<blockquote class=\"wp-block-quote is-layout-flow wp-block-quote-is-layout-flow\">\n<p>Olin mullah, joka antoi uskonnonopetusta. Kaksi vuotta sitten sain tiet\u00e4\u00e4, ett\u00e4 minulla oli rintasy\u00f6p\u00e4, olin yhteydess\u00e4 yhteen pastorista, joka esitteli minut Jeesukselle, ja sairaudestani huolimatta syd\u00e4mess\u00e4ni syttyi toivon s\u00e4de, ett\u00e4 paranisin. Hoitoni aikana seurakunta auttoi minua paljon opetuksilla, rukouksella sek\u00e4 henkisell\u00e4 ja taloudellisella avulla.  <\/p>\n\n\n\n<p>Nyky\u00e4\u00e4n olen t\u00e4ysin parantunut, ja ministeri\u00f6n avulla opiskelen yliopistossa opettajaksi ja tutustutan nuorempaa sukupolvea Jeesukseen.  <\/p>\n\n\n\n<p>Viimeisten kahden vuoden aikana, jolloin olen tuntenut Jumalan, olen ymm\u00e4rt\u00e4nyt, ett\u00e4 H\u00e4n on minun el\u00e4tt\u00e4j\u00e4ni ja suuri ja rakastava Jumala, olen tuntenut H\u00e4nen l\u00e4sn\u00e4olonsa joka p\u00e4iv\u00e4 el\u00e4m\u00e4ss\u00e4ni, vaikka olin muslimipappi, minulla ei koskaan ollut t\u00e4t\u00e4 Jumalan l\u00e4sn\u00e4olon tunnetta, joka minulla on nyt. Herrani Jeesus Kristus opastaa ja opettaa minua ja antoi minulle uuden el\u00e4m\u00e4n, ja nyt olen hyvin onnellinen siit\u00e4, ett\u00e4 minulla on H\u00e4n el\u00e4m\u00e4ss\u00e4ni, tunnen H\u00e4nen l\u00e4sn\u00e4olonsa joka p\u00e4iv\u00e4 ja kaikkialla, ja olen niin iloinen siit\u00e4, ett\u00e4 H\u00e4n valitsi minut tuntemaan todellisen Jumalan.<\/p>\n<\/blockquote>\n\n<div class=\"wp-block-buttons is-layout-flex wp-block-buttons-is-layout-flex\">\n<div class=\"wp-block-button\"><a class=\"wp-block-button__link has-white-color has-vivid-red-background-color has-text-color has-background has-link-color has-text-align-center wp-element-button\" href=\"https:\/\/transformiran.com\/fi\/uutiskirjeeseen-rekisteroityminen\/\"><strong>Kasvata uskoasi: Iranin vainotun kirkon kuukausittaiset todistukset.<\/strong><\/a><\/div>\n<\/div>\n\n<p><\/p>\n\n<p><\/p>\n","protected":false},"excerpt":{"rendered":"<p>&#8220;Min\u00e4 rakennan kirkkoni, eiv\u00e4tk\u00e4 Haadeksen portit[c] sit\u00e4 voita.&#8221; Matteus 16:18 Usko ja kirkon kasvu Iranissa Ytimelt\u00e4\u00e4n Transform Iran on seurakuntien perustamispalvelu. Seurakunta on Kristuksen morsian ja Kristuksen kirkkauden, rakkauden ja voiman kaunis heijastus Vapahtajaa kaipaavalle maailmalle. Transform Iran seurakunnat (jotka tunnetaan nimell\u00e4 &#8220;222 seurakuntaa&#8221;) rakennetaan 2. Tim. 2:2:2:n periaatteiden mukaisesti, joissa opetuslapseus on keskeisell\u00e4 sijalla [&hellip;]<\/p>\n","protected":false},"author":1,"featured_media":0,"parent":12940,"menu_order":0,"comment_status":"closed","ping_status":"closed","template":"page-work.php","meta":{"_acf_changed":false,"give_campaign_id":0,"om_disable_all_campaigns":false,"_mi_skip_tracking":false,"footnotes":""},"class_list":["post-13016","page","type-page","status-publish","hentry"],"acf":[],"yoast_head":"<!-- This site is optimized with the Yoast SEO plugin v27.3 - https:\/\/yoast.com\/product\/yoast-seo-wordpress\/ -->\n<title>Seurakunnan perustaminen - Transform Iran<\/title>\n<meta name=\"robots\" content=\"index, follow, max-snippet:-1, max-image-preview:large, max-video-preview:-1\" \/>\n<link rel=\"canonical\" href=\"https:\/\/transformiran.com\/fi\/meidan-tyomme\/church-planting\/\" \/>\n<meta property=\"og:locale\" content=\"fi_FI\" \/>\n<meta property=\"og:type\" content=\"article\" \/>\n<meta property=\"og:title\" content=\"Seurakunnan perustaminen - Transform Iran\" \/>\n<meta property=\"og:description\" content=\"&#8220;Min\u00e4 rakennan kirkkoni, eiv\u00e4tk\u00e4 Haadeksen portit[c] sit\u00e4 voita.&#8221; Matteus 16:18 Usko ja kirkon kasvu Iranissa Ytimelt\u00e4\u00e4n Transform Iran on seurakuntien perustamispalvelu. Seurakunta on Kristuksen morsian ja Kristuksen kirkkauden, rakkauden ja voiman kaunis heijastus Vapahtajaa kaipaavalle maailmalle. Transform Iran seurakunnat (jotka tunnetaan nimell\u00e4 &#8220;222 seurakuntaa&#8221;) rakennetaan 2. Tim. 2:2:2:n periaatteiden mukaisesti, joissa opetuslapseus on keskeisell\u00e4 sijalla [&hellip;]\" \/>\n<meta property=\"og:url\" content=\"https:\/\/transformiran.com\/fi\/meidan-tyomme\/church-planting\/\" \/>\n<meta property=\"og:site_name\" content=\"Transform Iran\" \/>\n<meta property=\"article:publisher\" content=\"https:\/\/www.facebook.com\/222MinistriesUSAInc\" \/>\n<meta property=\"article:modified_time\" content=\"2025-04-02T09:56:52+00:00\" \/>\n<meta property=\"og:image\" content=\"https:\/\/transformiran.com\/app\/uploads\/2024\/09\/LeadDev09_19-26-scaled.jpeg\" \/>\n\t<meta property=\"og:image:width\" content=\"3000\" \/>\n\t<meta property=\"og:image:height\" content=\"2562\" \/>\n\t<meta property=\"og:image:type\" content=\"image\/jpeg\" \/>\n<meta name=\"twitter:card\" content=\"summary_large_image\" \/>\n<meta name=\"twitter:site\" content=\"@222minint\" \/>\n<meta name=\"twitter:label1\" content=\"Est. reading time\" \/>\n\t<meta name=\"twitter:data1\" content=\"5 minutes\" \/>\n<script type=\"application\/ld+json\" class=\"yoast-schema-graph\">{\"@context\":\"https:\\\/\\\/schema.org\",\"@graph\":[{\"@type\":\"WebPage\",\"@id\":\"https:\\\/\\\/transformiran.com\\\/fi\\\/meidan-tyomme\\\/church-planting\\\/\",\"url\":\"https:\\\/\\\/transformiran.com\\\/fi\\\/meidan-tyomme\\\/church-planting\\\/\",\"name\":\"Seurakunnan perustaminen - Transform Iran\",\"isPartOf\":{\"@id\":\"https:\\\/\\\/transformiran.com\\\/fi\\\/#website\"},\"primaryImageOfPage\":{\"@id\":\"https:\\\/\\\/transformiran.com\\\/fi\\\/meidan-tyomme\\\/church-planting\\\/#primaryimage\"},\"image\":{\"@id\":\"https:\\\/\\\/transformiran.com\\\/fi\\\/meidan-tyomme\\\/church-planting\\\/#primaryimage\"},\"thumbnailUrl\":\"https:\\\/\\\/transformiran.com\\\/app\\\/uploads\\\/2024\\\/09\\\/LeadDev09_19-26-scaled.jpeg\",\"datePublished\":\"2022-11-03T12:18:06+00:00\",\"dateModified\":\"2025-04-02T09:56:52+00:00\",\"breadcrumb\":{\"@id\":\"https:\\\/\\\/transformiran.com\\\/fi\\\/meidan-tyomme\\\/church-planting\\\/#breadcrumb\"},\"inLanguage\":\"fi\",\"potentialAction\":[{\"@type\":\"ReadAction\",\"target\":[\"https:\\\/\\\/transformiran.com\\\/fi\\\/meidan-tyomme\\\/church-planting\\\/\"]}]},{\"@type\":\"ImageObject\",\"inLanguage\":\"fi\",\"@id\":\"https:\\\/\\\/transformiran.com\\\/fi\\\/meidan-tyomme\\\/church-planting\\\/#primaryimage\",\"url\":\"https:\\\/\\\/transformiran.com\\\/app\\\/uploads\\\/2024\\\/09\\\/LeadDev09_19-26-scaled.jpeg\",\"contentUrl\":\"https:\\\/\\\/transformiran.com\\\/app\\\/uploads\\\/2024\\\/09\\\/LeadDev09_19-26-scaled.jpeg\"},{\"@type\":\"BreadcrumbList\",\"@id\":\"https:\\\/\\\/transformiran.com\\\/fi\\\/meidan-tyomme\\\/church-planting\\\/#breadcrumb\",\"itemListElement\":[{\"@type\":\"ListItem\",\"position\":1,\"name\":\"Home\",\"item\":\"https:\\\/\\\/transformiran.com\\\/fi\\\/home\\\/\"},{\"@type\":\"ListItem\",\"position\":2,\"name\":\"Ty\u00f6mme\",\"item\":\"https:\\\/\\\/transformiran.com\\\/fi\\\/meidan-tyomme\\\/\"},{\"@type\":\"ListItem\",\"position\":3,\"name\":\"Seurakunnan perustaminen\"}]},{\"@type\":\"WebSite\",\"@id\":\"https:\\\/\\\/transformiran.com\\\/fi\\\/#website\",\"url\":\"https:\\\/\\\/transformiran.com\\\/fi\\\/\",\"name\":\"Transform Iran\",\"description\":\"Bringing the love and power of Christ to Iran - and beyond\",\"publisher\":{\"@id\":\"https:\\\/\\\/transformiran.com\\\/fi\\\/#organization\"},\"potentialAction\":[{\"@type\":\"SearchAction\",\"target\":{\"@type\":\"EntryPoint\",\"urlTemplate\":\"https:\\\/\\\/transformiran.com\\\/fi\\\/?s={search_term_string}\"},\"query-input\":{\"@type\":\"PropertyValueSpecification\",\"valueRequired\":true,\"valueName\":\"search_term_string\"}}],\"inLanguage\":\"fi\"},{\"@type\":\"Organization\",\"@id\":\"https:\\\/\\\/transformiran.com\\\/fi\\\/#organization\",\"name\":\"Transform Iran\",\"url\":\"https:\\\/\\\/transformiran.com\\\/fi\\\/\",\"logo\":{\"@type\":\"ImageObject\",\"inLanguage\":\"fi\",\"@id\":\"https:\\\/\\\/transformiran.com\\\/fi\\\/#\\\/schema\\\/logo\\\/image\\\/\",\"url\":\"https:\\\/\\\/transformiran.com\\\/app\\\/uploads\\\/2022\\\/11\\\/logo_grey.jpg\",\"contentUrl\":\"https:\\\/\\\/transformiran.com\\\/app\\\/uploads\\\/2022\\\/11\\\/logo_grey.jpg\",\"width\":528,\"height\":90,\"caption\":\"Transform Iran\"},\"image\":{\"@id\":\"https:\\\/\\\/transformiran.com\\\/fi\\\/#\\\/schema\\\/logo\\\/image\\\/\"},\"sameAs\":[\"https:\\\/\\\/www.facebook.com\\\/222MinistriesUSAInc\",\"https:\\\/\\\/x.com\\\/222minint\",\"https:\\\/\\\/www.instagram.com\\\/222ministriesinternational\\\/\"]}]}<\/script>\n<!-- \/ Yoast SEO plugin. -->","yoast_head_json":{"title":"Seurakunnan perustaminen - Transform Iran","robots":{"index":"index","follow":"follow","max-snippet":"max-snippet:-1","max-image-preview":"max-image-preview:large","max-video-preview":"max-video-preview:-1"},"canonical":"https:\/\/transformiran.com\/fi\/meidan-tyomme\/church-planting\/","og_locale":"fi_FI","og_type":"article","og_title":"Seurakunnan perustaminen - Transform Iran","og_description":"&#8220;Min\u00e4 rakennan kirkkoni, eiv\u00e4tk\u00e4 Haadeksen portit[c] sit\u00e4 voita.&#8221; Matteus 16:18 Usko ja kirkon kasvu Iranissa Ytimelt\u00e4\u00e4n Transform Iran on seurakuntien perustamispalvelu. Seurakunta on Kristuksen morsian ja Kristuksen kirkkauden, rakkauden ja voiman kaunis heijastus Vapahtajaa kaipaavalle maailmalle. Transform Iran seurakunnat (jotka tunnetaan nimell\u00e4 &#8220;222 seurakuntaa&#8221;) rakennetaan 2. Tim. 2:2:2:n periaatteiden mukaisesti, joissa opetuslapseus on keskeisell\u00e4 sijalla [&hellip;]","og_url":"https:\/\/transformiran.com\/fi\/meidan-tyomme\/church-planting\/","og_site_name":"Transform Iran","article_publisher":"https:\/\/www.facebook.com\/222MinistriesUSAInc","article_modified_time":"2025-04-02T09:56:52+00:00","og_image":[{"width":3000,"height":2562,"url":"https:\/\/transformiran.com\/app\/uploads\/2024\/09\/LeadDev09_19-26-scaled.jpeg","type":"image\/jpeg"}],"twitter_card":"summary_large_image","twitter_site":"@222minint","twitter_misc":{"Est. reading time":"5 minutes"},"schema":{"@context":"https:\/\/schema.org","@graph":[{"@type":"WebPage","@id":"https:\/\/transformiran.com\/fi\/meidan-tyomme\/church-planting\/","url":"https:\/\/transformiran.com\/fi\/meidan-tyomme\/church-planting\/","name":"Seurakunnan perustaminen - Transform Iran","isPartOf":{"@id":"https:\/\/transformiran.com\/fi\/#website"},"primaryImageOfPage":{"@id":"https:\/\/transformiran.com\/fi\/meidan-tyomme\/church-planting\/#primaryimage"},"image":{"@id":"https:\/\/transformiran.com\/fi\/meidan-tyomme\/church-planting\/#primaryimage"},"thumbnailUrl":"https:\/\/transformiran.com\/app\/uploads\/2024\/09\/LeadDev09_19-26-scaled.jpeg","datePublished":"2022-11-03T12:18:06+00:00","dateModified":"2025-04-02T09:56:52+00:00","breadcrumb":{"@id":"https:\/\/transformiran.com\/fi\/meidan-tyomme\/church-planting\/#breadcrumb"},"inLanguage":"fi","potentialAction":[{"@type":"ReadAction","target":["https:\/\/transformiran.com\/fi\/meidan-tyomme\/church-planting\/"]}]},{"@type":"ImageObject","inLanguage":"fi","@id":"https:\/\/transformiran.com\/fi\/meidan-tyomme\/church-planting\/#primaryimage","url":"https:\/\/transformiran.com\/app\/uploads\/2024\/09\/LeadDev09_19-26-scaled.jpeg","contentUrl":"https:\/\/transformiran.com\/app\/uploads\/2024\/09\/LeadDev09_19-26-scaled.jpeg"},{"@type":"BreadcrumbList","@id":"https:\/\/transformiran.com\/fi\/meidan-tyomme\/church-planting\/#breadcrumb","itemListElement":[{"@type":"ListItem","position":1,"name":"Home","item":"https:\/\/transformiran.com\/fi\/home\/"},{"@type":"ListItem","position":2,"name":"Ty\u00f6mme","item":"https:\/\/transformiran.com\/fi\/meidan-tyomme\/"},{"@type":"ListItem","position":3,"name":"Seurakunnan perustaminen"}]},{"@type":"WebSite","@id":"https:\/\/transformiran.com\/fi\/#website","url":"https:\/\/transformiran.com\/fi\/","name":"Transform Iran","description":"Bringing the love and power of Christ to Iran - and beyond","publisher":{"@id":"https:\/\/transformiran.com\/fi\/#organization"},"potentialAction":[{"@type":"SearchAction","target":{"@type":"EntryPoint","urlTemplate":"https:\/\/transformiran.com\/fi\/?s={search_term_string}"},"query-input":{"@type":"PropertyValueSpecification","valueRequired":true,"valueName":"search_term_string"}}],"inLanguage":"fi"},{"@type":"Organization","@id":"https:\/\/transformiran.com\/fi\/#organization","name":"Transform Iran","url":"https:\/\/transformiran.com\/fi\/","logo":{"@type":"ImageObject","inLanguage":"fi","@id":"https:\/\/transformiran.com\/fi\/#\/schema\/logo\/image\/","url":"https:\/\/transformiran.com\/app\/uploads\/2022\/11\/logo_grey.jpg","contentUrl":"https:\/\/transformiran.com\/app\/uploads\/2022\/11\/logo_grey.jpg","width":528,"height":90,"caption":"Transform Iran"},"image":{"@id":"https:\/\/transformiran.com\/fi\/#\/schema\/logo\/image\/"},"sameAs":["https:\/\/www.facebook.com\/222MinistriesUSAInc","https:\/\/x.com\/222minint","https:\/\/www.instagram.com\/222ministriesinternational\/"]}]}},"campaignId":"","_links":{"self":[{"href":"https:\/\/transformiran.com\/fi\/wp-json\/wp\/v2\/pages\/13016","targetHints":{"allow":["GET"]}}],"collection":[{"href":"https:\/\/transformiran.com\/fi\/wp-json\/wp\/v2\/pages"}],"about":[{"href":"https:\/\/transformiran.com\/fi\/wp-json\/wp\/v2\/types\/page"}],"author":[{"embeddable":true,"href":"https:\/\/transformiran.com\/fi\/wp-json\/wp\/v2\/users\/1"}],"replies":[{"embeddable":true,"href":"https:\/\/transformiran.com\/fi\/wp-json\/wp\/v2\/comments?post=13016"}],"version-history":[{"count":0,"href":"https:\/\/transformiran.com\/fi\/wp-json\/wp\/v2\/pages\/13016\/revisions"}],"up":[{"embeddable":true,"href":"https:\/\/transformiran.com\/fi\/wp-json\/wp\/v2\/pages\/12940"}],"wp:attachment":[{"href":"https:\/\/transformiran.com\/fi\/wp-json\/wp\/v2\/media?parent=13016"}],"curies":[{"name":"wp","href":"https:\/\/api.w.org\/{rel}","templated":true}]}}