{"id":13027,"date":"2022-11-03T12:18:35","date_gmt":"2022-11-03T12:18:35","guid":{"rendered":"https:\/\/transformiran.com\/our-work\/digitaalinen-kirkko\/"},"modified":"2025-09-16T00:10:04","modified_gmt":"2025-09-15T23:10:04","slug":"digitaalinen-kirkko","status":"publish","type":"page","link":"https:\/\/transformiran.com\/fi\/meidan-tyomme\/digitaalinen-kirkko\/","title":{"rendered":"Digitaalinen kirkko"},"content":{"rendered":"\n<h2 class=\"wp-block-heading\"><mark style=\"background-color:rgba(0, 0, 0, 0);color:#b38e44\" class=\"has-inline-color\">Digitaalisen kirkon tarve<\/mark><\/h2>\n\n<p class=\"has-medium-font-size\">Visio digitaalisesta kirkosta ei korvaa henkil\u00f6kohtaista yhteis\u00f6\u00e4. Se voi kuitenkin olla helpompi anonyymi ensimm\u00e4inen askel etsij\u00f6ille ja uusille uskoville Iranissa, ja toisinaan se on v\u00e4ltt\u00e4m\u00e4t\u00f6nt\u00e4 niille, jotka eiv\u00e4t fyysisesti pysty osallistumaan henkil\u00f6kohtaisiin kokouksiin (maantieteelliset tai kielelliset rajoitukset tai jopa hengenvaara).<\/p>\n\n<h2 class=\"wp-block-heading\"><mark style=\"background-color:rgba(0, 0, 0, 0);color:#b38e44\" class=\"has-inline-color\">Miten digitaalinen kirkko toimii?<\/mark><\/h2>\n\n<p>Huhtikuussa 2018 perustettu Persian Community Church (PCC) tarjoaa perheit\u00e4, yhteis\u00f6j\u00e4 ja yhteytt\u00e4 erist\u00e4ytyneille iranilaisille kristityille sek\u00e4 keinon, jonka avulla he voivat kasvaa uskossaan ja saada v\u00e4lineit\u00e4 ja visioita, joiden avulla he voivat tavoittaa muita Kristuksen puolesta. Kokoukset ovat vuorovaikutteisia, ja osallistujia kannustetaan osallistumaan jumalanpalvelukseen ja rukoukseen sek\u00e4 keskusteluihin.<\/p>\n\n<p>PCC odottaa my\u00f6s sit\u00e4, kun ovet ovat avoinna Iranille, jossa kirkko eri puolilla maata voi olla yhteydess\u00e4 ja rakentua, kun autamme apua tarvitsevia ja houkuttelemme satojatuhansia lis\u00e4\u00e4 Kristuksen rakkauden pariin. PCC yhdist\u00e4\u00e4 kuukausittain yli 20 000 uskovaa ja etsiv\u00e4\u00e4.<\/p>\n\n<p><\/p>\n\n<p><a href=\"https:\/\/transformiran.com\/fi\/meidan-tyomme\/church-planting\/\">Lue visiostamme, jonka tavoitteena on perustaa, vaalia ja kasvattaa kukoistavia, lis\u00e4\u00e4ntyvi\u00e4 seurakuntia jokaiseen kaupunkiin ymp\u00e4ri Irania.<\/a><\/p>\n\n<p><\/p>\n\n<figure class=\"wp-block-embed is-type-video is-provider-youtube wp-block-embed-youtube wp-embed-aspect-16-9 wp-has-aspect-ratio\"><div class=\"wp-block-embed__wrapper\">\n<iframe title=\"Creating Christian Community in Iran - A Safe Space to Learn and Grow\" width=\"500\" height=\"281\" src=\"https:\/\/www.youtube.com\/embed\/tI5OgWB3ul4?feature=oembed\" frameborder=\"0\" allow=\"accelerometer; autoplay; clipboard-write; encrypted-media; gyroscope; picture-in-picture; web-share\" referrerpolicy=\"strict-origin-when-cross-origin\" allowfullscreen><\/iframe>\n<\/div><figcaption class=\"wp-element-caption\">Transform Irandigitaalinen kirkko luo turvallisen tilan, jossa yksitt\u00e4iset ihmiset tai uskovien ryhm\u00e4t voivat olla vuorovaikutuksessa, oppia ja kasvaa yhdess\u00e4.<\/figcaption><\/figure>\n\n<p><\/p>\n\n<figure class=\"wp-block-embed is-type-video is-provider-youtube wp-block-embed-youtube wp-embed-aspect-16-9 wp-has-aspect-ratio\"><div class=\"wp-block-embed__wrapper\">\n<iframe title=\"Leading a Church in Secret: A Pastor\u2019s Testimony from Iran\" width=\"500\" height=\"281\" src=\"https:\/\/www.youtube.com\/embed\/M1g4JpTK9zk?feature=oembed\" frameborder=\"0\" allow=\"accelerometer; autoplay; clipboard-write; encrypted-media; gyroscope; picture-in-picture; web-share\" referrerpolicy=\"strict-origin-when-cross-origin\" allowfullscreen><\/iframe>\n<\/div><figcaption class=\"wp-element-caption\">Kuuntele pastorin \u00e4\u00e4nt\u00e4, joka johtaa maanalaista kirkkoa salassa ja riskeeraa kaiken evankeliumin puolesta.<\/figcaption><\/figure>\n\n<p><\/p>\n\n<h2 class=\"wp-block-heading\"><mark style=\"background-color:rgba(0, 0, 0, 0);color:#b38e44\" class=\"has-inline-color\">Vuorovaikutteinen rukous digitaalisen kirkon kautta<\/mark><\/h2>\n\n<p><\/p>\n\n<p>Vuonna 2020 Transform Iran lanseerasi <strong>Meeting Tentin, PCC:n<\/strong> digitaaliset rukoushuoneet, jotka tarjoavat iranilaisille uskoville ja etsij\u00f6ille turvallisen ja helposti l\u00e4hestytt\u00e4v\u00e4n tilan rukoilla, olla yhteydess\u00e4 ja kokea Jumalan l\u00e4sn\u00e4oloa. Meeting Tent on avoinna joka p\u00e4iv\u00e4 (paitsi sunnuntaisin) nelj\u00e4 <strong>tuntia p\u00e4iv\u00e4ss\u00e4, mik\u00e4 tarjoaa<\/strong> jatkuvasti tilaisuuksia rukoukseen ja yhteydenpitoon. <\/p>\n\n<h3 class=\"wp-block-heading\">Intiimi pienryhm\u00e4rukous<\/h3>\n\n<p>Meeting Tentiss\u00e4 j\u00e4rjestet\u00e4\u00e4n <strong>pienempi\u00e4, kohdennettuja kokoontumisia, joissa<\/strong> osallistujat voivat tuoda esiin erityisi\u00e4 tarpeita, rukoilla yhdess\u00e4 ja kohdata Jumalaa syv\u00e4sti henkil\u00f6kohtaisella tavalla. N\u00e4m\u00e4 intiimit kokoontumiset ovat maanalaisen seurakunnan digitaalisia rukoushuoneita, jotka rakentavat yhteis\u00f6\u00e4, vahvistavat uskoa ja innoittavat el\u00e4m\u00e4\u00e4 muuttaviin kohtaamisiin.   <\/p>\n\n<h3 class=\"wp-block-heading\">Yhteiset rukouskokoukset<\/h3>\n\n<p>Pienten ryhmien lis\u00e4ksi Meeting Tent j\u00e4rjest\u00e4\u00e4 <strong>laajempia rukous- ja paastotapahtumia,<\/strong> jotka <strong>keskittyv\u00e4t<\/strong> useille p\u00e4iville tai viikoille. Esimerkiksi lokakuussa 2022, Mahsa Aminin kuoleman j\u00e4lkeen, Meeting Tent j\u00e4rjesti kahden viikon mittaisen <strong>rukous- ja paastotapahtuman, joka huipentui<\/strong> koko p\u00e4iv\u00e4n kest\u00e4neeseen <strong>esirukoukseen Iranin puolesta.<\/strong> N\u00e4m\u00e4 yhteiset kokoontumiset antavat tuhansille mahdollisuuden yhdisty\u00e4, nostaa kansakunta Jumalan eteen ja todistaa Hengen liikett\u00e4 voimakkaalla tavalla.  <\/p>\n\n<h3 class=\"wp-block-heading\">Rukoushuoneen vaikutus ja ulottuvuus<\/h3>\n\n<p>Todistukset <strong>vastatuista rukouksista, parantumisista ja pelastuksista ovat yleisi\u00e4<\/strong>. Tuhannet osallistujat kokoontuvat kuukausittain, rakentavat yhteis\u00f6\u00e4 ja uskoa ja n\u00e4kev\u00e4t Jumalan liikkeen kasvavan Iranissa. Meeting Tent tarjoaa iranilaisille kristityille ja etsij\u00f6ille maailmanlaajuisesti <strong>ilmaisen ja helpon p\u00e4\u00e4syn<\/strong> sek\u00e4 intiimiin ett\u00e4 yhteiseen <strong>rukoukseen<\/strong> useilla Iranin ydinkielill\u00e4, ja sen on tarkoitus laajentua useammille kielille.  <\/p>\n\n<p><\/p>\n\n<p><a href=\"https:\/\/transformiran.com\/fi\/impact-fi\/ihmeita-suljettujen-ovien-takana-iranissa\/\">Lue muutamia voimakkaita todistuksia Meeting Tent -rukoushuoneistamme.<\/a><\/p>\n\n<div class=\"wp-block-buttons is-content-justification-center is-layout-flex wp-container-core-buttons-is-layout-16018d1d wp-block-buttons-is-layout-flex\">\n<div class=\"wp-block-button\"><a class=\"wp-block-button__link has-white-color has-vivid-red-background-color has-text-color has-background has-link-color wp-element-button\" href=\"https:\/\/transformiran.com\/fi\/uutiskirjeeseen-rekisteroityminen\/\">Vastaanota p\u00e4ivityksi\u00e4 ministeri\u00f6st\u00e4 ja tulevista rukoustapahtumista.<\/a><\/div>\n<\/div>\n\n<p><\/p>\n\n<h2 class=\"wp-block-heading\"><mark style=\"background-color:rgba(0, 0, 0, 0);color:#b38e44\" class=\"has-inline-color\">Digitaalinen kirkko saavuttamattomien kansanryhmien syd\u00e4nkielill\u00e4<\/mark><\/h2>\n\n<p>Transform Iran on sitoutunut perustamaan seurakuntia kaikilla Iranin ydinkielill\u00e4, ja digitaalinen seurakunta-alusta on strateginen tapa aloittaa laajalle levitt\u00e4ytyneiden uskovien kokoaminen kansanryhm\u00e4\u00e4n, joka on t\u00e4h\u00e4n asti voinut oppia, rukoilla ja palvoa farsiksi vain paikallisissa farsia (persiaa) puhuvissa seurakunnissa. Kuvittele p\u00e4iv\u00e4, jolloin gilakilaiselle uskovalle annetaan ensimm\u00e4ist\u00e4 kertaa gilakilainen Raamattu ja h\u00e4net kutsutaan jumalanpalvelukseen muiden gilakinkielisten kanssa heid\u00e4n omalla syd\u00e4mens\u00e4 kielell\u00e4 uudessa &#8220;gilakilaisessa seurakunnassa&#8221;. N\u00e4ist\u00e4 unelmista on v\u00e4hitellen tulossa todellisuutta. Yksi kerrallaan, Jumalan armosta, jokainen kansanryhm\u00e4 Iranissa voi kokoontua yhteen ja palvoa Herraa omalla kielell\u00e4\u00e4n.<\/p>\n\n<blockquote class=\"wp-block-quote is-layout-flow wp-block-quote-is-layout-flow\">\n<p>Persian Community Church on luonut foorumin, jossa voin saada yhteytt\u00e4 ja tuntea kuuluvani laajempaan Kristuksen ruumiiseen kaikkialla maailmassa. Tapaamme toisiamme sunnuntaisin ja palvomme Jeesusta. T\u00e4m\u00e4 siunaa minua paljon.<\/p>\n<\/blockquote>\n\n<blockquote class=\"wp-block-quote is-layout-flow wp-block-quote-is-layout-flow\">\n<p>Kasvoin fanaattisessa muslimiperheess\u00e4, minulla ei ollut koskaan kristittyj\u00e4 yst\u00e4vi\u00e4, enk\u00e4 ollut koskaan k\u00e4ynyt kirkossa. Henkil\u00f6kohtaisen tragedian keskell\u00e4 muistin Jeesuksen ja huusin h\u00e4nelle: &#8220;Pyyd\u00e4n! Vapauta minut t\u00e4st\u00e4 h\u00e4pe\u00e4st\u00e4 ja tragediasta!&#8221;, ja h\u00e4n tuli ja kohtasi minut tuskassani ja muutti el\u00e4m\u00e4ni. En ollut viel\u00e4 antanut el\u00e4m\u00e4\u00e4ni Kristukselle, mutta halusin ep\u00e4toivoisesti tutustua h\u00e4neen.<\/p>\n\n\n\n<p>Etsin kristillist\u00e4 pastoria, ja sitten l\u00f6ysin linkin Persian Community Churchiin, ja yksi johtajista auttoi minua sitoutumaan Kristukseen. Nyt on kulunut vuosi ja 6 kuukautta. Joka sunnuntai ja joka perjantai osallistun Persian Community Churchiin. Olen kasvanut paljon uskossani.  <mark style=\"background-color:rgba(0, 0, 0, 0);color:#e62d31\" class=\"has-inline-color\">Kaunis osa t\u00e4t\u00e4 matkaa on se, ett\u00e4 kaikki perheeni j\u00e4senet ja yst\u00e4v\u00e4t, jotka n\u00e4kiv\u00e4t muutoksen el\u00e4m\u00e4ss\u00e4ni &#8211; kaksitoista heist\u00e4 &#8211; kiinnostuivat, puhuivat saman pastorin kanssa ja sitoutuivat kaikki el\u00e4m\u00e4\u00e4ns\u00e4 Kristukselle. Nyt tapaamme h\u00e4nen kanssaan joka viikko opetuslapseuden merkeiss\u00e4.<\/mark><\/p>\n<\/blockquote>\n\n<div class=\"wp-block-buttons is-content-justification-center is-layout-flex wp-container-core-buttons-is-layout-16018d1d wp-block-buttons-is-layout-flex\">\n<div class=\"wp-block-button\"><a class=\"wp-block-button__link has-white-color has-vivid-red-background-color has-text-color has-background has-link-color wp-element-button\" href=\"https:\/\/transformiran.com\/fi\/donate\/\">Tue digitaalista kirkkoa Iranissa t\u00e4n\u00e4\u00e4n<\/a><\/div>\n<\/div>\n\n<p><a href=\"https:\/\/transformiran.com\/fi\/impact-fi\/tarina-parantumisesta-uskosta-ja-digitaalisesta-kirkkoyhteisosta\/\">Lue todistus parantumisesta ja uskon l\u00f6yt\u00e4misest\u00e4 vuorovaikutteisen digitaalisen kirkkoyhteis\u00f6mme kautta.<\/a><\/p>\n\n<p><\/p>\n","protected":false},"excerpt":{"rendered":"<p>Digitaalisen kirkon tarve Visio digitaalisesta kirkosta ei korvaa henkil\u00f6kohtaista yhteis\u00f6\u00e4. Se voi kuitenkin olla helpompi anonyymi ensimm\u00e4inen askel etsij\u00f6ille ja uusille uskoville Iranissa, ja toisinaan se on v\u00e4ltt\u00e4m\u00e4t\u00f6nt\u00e4 niille, jotka eiv\u00e4t fyysisesti pysty osallistumaan henkil\u00f6kohtaisiin kokouksiin (maantieteelliset tai kielelliset rajoitukset tai jopa hengenvaara). Miten digitaalinen kirkko toimii? Huhtikuussa 2018 perustettu Persian Community Church (PCC) tarjoaa [&hellip;]<\/p>\n","protected":false},"author":1,"featured_media":0,"parent":12940,"menu_order":0,"comment_status":"closed","ping_status":"closed","template":"page-work.php","meta":{"_acf_changed":false,"give_campaign_id":0,"om_disable_all_campaigns":false,"_mi_skip_tracking":false,"footnotes":""},"class_list":["post-13027","page","type-page","status-publish","hentry"],"acf":[],"yoast_head":"<!-- This site is optimized with the Yoast SEO plugin v27.2 - https:\/\/yoast.com\/product\/yoast-seo-wordpress\/ -->\n<title>Digitaalinen kirkko - Transform Iran<\/title>\n<meta name=\"robots\" content=\"index, follow, max-snippet:-1, max-image-preview:large, max-video-preview:-1\" \/>\n<link rel=\"canonical\" href=\"https:\/\/transformiran.com\/fi\/meidan-tyomme\/digitaalinen-kirkko\/\" \/>\n<meta property=\"og:locale\" content=\"fi_FI\" \/>\n<meta property=\"og:type\" content=\"article\" \/>\n<meta property=\"og:title\" content=\"Digitaalinen kirkko - Transform Iran\" \/>\n<meta property=\"og:description\" content=\"Digitaalisen kirkon tarve Visio digitaalisesta kirkosta ei korvaa henkil\u00f6kohtaista yhteis\u00f6\u00e4. Se voi kuitenkin olla helpompi anonyymi ensimm\u00e4inen askel etsij\u00f6ille ja uusille uskoville Iranissa, ja toisinaan se on v\u00e4ltt\u00e4m\u00e4t\u00f6nt\u00e4 niille, jotka eiv\u00e4t fyysisesti pysty osallistumaan henkil\u00f6kohtaisiin kokouksiin (maantieteelliset tai kielelliset rajoitukset tai jopa hengenvaara). Miten digitaalinen kirkko toimii? Huhtikuussa 2018 perustettu Persian Community Church (PCC) tarjoaa [&hellip;]\" \/>\n<meta property=\"og:url\" content=\"https:\/\/transformiran.com\/fi\/meidan-tyomme\/digitaalinen-kirkko\/\" \/>\n<meta property=\"og:site_name\" content=\"Transform Iran\" \/>\n<meta property=\"article:publisher\" content=\"https:\/\/www.facebook.com\/222MinistriesUSAInc\" \/>\n<meta property=\"article:modified_time\" content=\"2025-09-15T23:10:04+00:00\" \/>\n<meta name=\"twitter:card\" content=\"summary_large_image\" \/>\n<meta name=\"twitter:site\" content=\"@222minint\" \/>\n<meta name=\"twitter:label1\" content=\"Est. reading time\" \/>\n\t<meta name=\"twitter:data1\" content=\"4 minutes\" \/>\n<script type=\"application\/ld+json\" class=\"yoast-schema-graph\">{\"@context\":\"https:\/\/schema.org\",\"@graph\":[{\"@type\":\"WebPage\",\"@id\":\"https:\/\/transformiran.com\/fi\/meidan-tyomme\/digitaalinen-kirkko\/\",\"url\":\"https:\/\/transformiran.com\/fi\/meidan-tyomme\/digitaalinen-kirkko\/\",\"name\":\"Digitaalinen kirkko - Transform Iran\",\"isPartOf\":{\"@id\":\"https:\/\/transformiran.com\/fi\/#website\"},\"datePublished\":\"2022-11-03T12:18:35+00:00\",\"dateModified\":\"2025-09-15T23:10:04+00:00\",\"breadcrumb\":{\"@id\":\"https:\/\/transformiran.com\/fi\/meidan-tyomme\/digitaalinen-kirkko\/#breadcrumb\"},\"inLanguage\":\"fi\",\"potentialAction\":[{\"@type\":\"ReadAction\",\"target\":[\"https:\/\/transformiran.com\/fi\/meidan-tyomme\/digitaalinen-kirkko\/\"]}]},{\"@type\":\"BreadcrumbList\",\"@id\":\"https:\/\/transformiran.com\/fi\/meidan-tyomme\/digitaalinen-kirkko\/#breadcrumb\",\"itemListElement\":[{\"@type\":\"ListItem\",\"position\":1,\"name\":\"Home\",\"item\":\"https:\/\/transformiran.com\/fi\/home\/\"},{\"@type\":\"ListItem\",\"position\":2,\"name\":\"Ty\u00f6mme\",\"item\":\"https:\/\/transformiran.com\/fi\/meidan-tyomme\/\"},{\"@type\":\"ListItem\",\"position\":3,\"name\":\"Digitaalinen kirkko\"}]},{\"@type\":\"WebSite\",\"@id\":\"https:\/\/transformiran.com\/fi\/#website\",\"url\":\"https:\/\/transformiran.com\/fi\/\",\"name\":\"Transform Iran\",\"description\":\"Bringing the love and power of Christ to Iran - and beyond\",\"publisher\":{\"@id\":\"https:\/\/transformiran.com\/fi\/#organization\"},\"potentialAction\":[{\"@type\":\"SearchAction\",\"target\":{\"@type\":\"EntryPoint\",\"urlTemplate\":\"https:\/\/transformiran.com\/fi\/?s={search_term_string}\"},\"query-input\":{\"@type\":\"PropertyValueSpecification\",\"valueRequired\":true,\"valueName\":\"search_term_string\"}}],\"inLanguage\":\"fi\"},{\"@type\":\"Organization\",\"@id\":\"https:\/\/transformiran.com\/fi\/#organization\",\"name\":\"Transform Iran\",\"url\":\"https:\/\/transformiran.com\/fi\/\",\"logo\":{\"@type\":\"ImageObject\",\"inLanguage\":\"fi\",\"@id\":\"https:\/\/transformiran.com\/fi\/#\/schema\/logo\/image\/\",\"url\":\"https:\/\/transformiran.com\/app\/uploads\/2022\/11\/logo_grey.jpg\",\"contentUrl\":\"https:\/\/transformiran.com\/app\/uploads\/2022\/11\/logo_grey.jpg\",\"width\":528,\"height\":90,\"caption\":\"Transform Iran\"},\"image\":{\"@id\":\"https:\/\/transformiran.com\/fi\/#\/schema\/logo\/image\/\"},\"sameAs\":[\"https:\/\/www.facebook.com\/222MinistriesUSAInc\",\"https:\/\/x.com\/222minint\",\"https:\/\/www.instagram.com\/222ministriesinternational\/\"]}]}<\/script>\n<!-- \/ Yoast SEO plugin. -->","yoast_head_json":{"title":"Digitaalinen kirkko - Transform Iran","robots":{"index":"index","follow":"follow","max-snippet":"max-snippet:-1","max-image-preview":"max-image-preview:large","max-video-preview":"max-video-preview:-1"},"canonical":"https:\/\/transformiran.com\/fi\/meidan-tyomme\/digitaalinen-kirkko\/","og_locale":"fi_FI","og_type":"article","og_title":"Digitaalinen kirkko - Transform Iran","og_description":"Digitaalisen kirkon tarve Visio digitaalisesta kirkosta ei korvaa henkil\u00f6kohtaista yhteis\u00f6\u00e4. Se voi kuitenkin olla helpompi anonyymi ensimm\u00e4inen askel etsij\u00f6ille ja uusille uskoville Iranissa, ja toisinaan se on v\u00e4ltt\u00e4m\u00e4t\u00f6nt\u00e4 niille, jotka eiv\u00e4t fyysisesti pysty osallistumaan henkil\u00f6kohtaisiin kokouksiin (maantieteelliset tai kielelliset rajoitukset tai jopa hengenvaara). Miten digitaalinen kirkko toimii? Huhtikuussa 2018 perustettu Persian Community Church (PCC) tarjoaa [&hellip;]","og_url":"https:\/\/transformiran.com\/fi\/meidan-tyomme\/digitaalinen-kirkko\/","og_site_name":"Transform Iran","article_publisher":"https:\/\/www.facebook.com\/222MinistriesUSAInc","article_modified_time":"2025-09-15T23:10:04+00:00","twitter_card":"summary_large_image","twitter_site":"@222minint","twitter_misc":{"Est. reading time":"4 minutes"},"schema":{"@context":"https:\/\/schema.org","@graph":[{"@type":"WebPage","@id":"https:\/\/transformiran.com\/fi\/meidan-tyomme\/digitaalinen-kirkko\/","url":"https:\/\/transformiran.com\/fi\/meidan-tyomme\/digitaalinen-kirkko\/","name":"Digitaalinen kirkko - Transform Iran","isPartOf":{"@id":"https:\/\/transformiran.com\/fi\/#website"},"datePublished":"2022-11-03T12:18:35+00:00","dateModified":"2025-09-15T23:10:04+00:00","breadcrumb":{"@id":"https:\/\/transformiran.com\/fi\/meidan-tyomme\/digitaalinen-kirkko\/#breadcrumb"},"inLanguage":"fi","potentialAction":[{"@type":"ReadAction","target":["https:\/\/transformiran.com\/fi\/meidan-tyomme\/digitaalinen-kirkko\/"]}]},{"@type":"BreadcrumbList","@id":"https:\/\/transformiran.com\/fi\/meidan-tyomme\/digitaalinen-kirkko\/#breadcrumb","itemListElement":[{"@type":"ListItem","position":1,"name":"Home","item":"https:\/\/transformiran.com\/fi\/home\/"},{"@type":"ListItem","position":2,"name":"Ty\u00f6mme","item":"https:\/\/transformiran.com\/fi\/meidan-tyomme\/"},{"@type":"ListItem","position":3,"name":"Digitaalinen kirkko"}]},{"@type":"WebSite","@id":"https:\/\/transformiran.com\/fi\/#website","url":"https:\/\/transformiran.com\/fi\/","name":"Transform Iran","description":"Bringing the love and power of Christ to Iran - and beyond","publisher":{"@id":"https:\/\/transformiran.com\/fi\/#organization"},"potentialAction":[{"@type":"SearchAction","target":{"@type":"EntryPoint","urlTemplate":"https:\/\/transformiran.com\/fi\/?s={search_term_string}"},"query-input":{"@type":"PropertyValueSpecification","valueRequired":true,"valueName":"search_term_string"}}],"inLanguage":"fi"},{"@type":"Organization","@id":"https:\/\/transformiran.com\/fi\/#organization","name":"Transform Iran","url":"https:\/\/transformiran.com\/fi\/","logo":{"@type":"ImageObject","inLanguage":"fi","@id":"https:\/\/transformiran.com\/fi\/#\/schema\/logo\/image\/","url":"https:\/\/transformiran.com\/app\/uploads\/2022\/11\/logo_grey.jpg","contentUrl":"https:\/\/transformiran.com\/app\/uploads\/2022\/11\/logo_grey.jpg","width":528,"height":90,"caption":"Transform Iran"},"image":{"@id":"https:\/\/transformiran.com\/fi\/#\/schema\/logo\/image\/"},"sameAs":["https:\/\/www.facebook.com\/222MinistriesUSAInc","https:\/\/x.com\/222minint","https:\/\/www.instagram.com\/222ministriesinternational\/"]}]}},"campaignId":"","_links":{"self":[{"href":"https:\/\/transformiran.com\/fi\/wp-json\/wp\/v2\/pages\/13027","targetHints":{"allow":["GET"]}}],"collection":[{"href":"https:\/\/transformiran.com\/fi\/wp-json\/wp\/v2\/pages"}],"about":[{"href":"https:\/\/transformiran.com\/fi\/wp-json\/wp\/v2\/types\/page"}],"author":[{"embeddable":true,"href":"https:\/\/transformiran.com\/fi\/wp-json\/wp\/v2\/users\/1"}],"replies":[{"embeddable":true,"href":"https:\/\/transformiran.com\/fi\/wp-json\/wp\/v2\/comments?post=13027"}],"version-history":[{"count":2,"href":"https:\/\/transformiran.com\/fi\/wp-json\/wp\/v2\/pages\/13027\/revisions"}],"predecessor-version":[{"id":32899,"href":"https:\/\/transformiran.com\/fi\/wp-json\/wp\/v2\/pages\/13027\/revisions\/32899"}],"up":[{"embeddable":true,"href":"https:\/\/transformiran.com\/fi\/wp-json\/wp\/v2\/pages\/12940"}],"wp:attachment":[{"href":"https:\/\/transformiran.com\/fi\/wp-json\/wp\/v2\/media?parent=13027"}],"curies":[{"name":"wp","href":"https:\/\/api.w.org\/{rel}","templated":true}]}}