{"id":13073,"date":"2023-03-29T14:50:45","date_gmt":"2023-03-29T13:50:45","guid":{"rendered":"https:\/\/transformiran.com\/our-work\/leadership-development\/"},"modified":"2025-10-16T23:07:40","modified_gmt":"2025-10-16T22:07:40","slug":"leadership-development","status":"publish","type":"page","link":"https:\/\/transformiran.com\/fi\/meidan-tyomme\/leadership-development\/","title":{"rendered":"Johtajuuden kehitt\u00e4minen"},"content":{"rendered":"\n<p><\/p>\n\n<h2 class=\"wp-block-heading\">Johtajien kasvattaminen Transform Iran<\/h2>\n\n<p><\/p>\n\n<p class=\"has-medium-font-size\">Transform Iran on sitoutunut kehitt\u00e4m\u00e4\u00e4n johtajia, jotka muuttavat Irania ja ymp\u00e4r\u00f6iv\u00e4\u00e4 aluetta. Ty\u00f6mme keskipisteen\u00e4 on kolme peruspilaria: evankeliointi, opetuslapseus ja muutos.  <\/p>\n\n<p><\/p>\n\n<p><strong>Opetuslapseusmallimme ytimess\u00e4 on johtajuuden kehitt\u00e4minen<\/strong>. Uskomme, ett\u00e4 todellinen opetuslapseus johtaa aina moninkertaistumiseen &#8211; jokainen opetuslapsi on kutsuttu johtamaan jossakin ominaisuudessa ja vaikuttamaan muihin Jumalan valtakunnan hyv\u00e4ksi. <\/p>\n\n<p><\/p>\n\n<h3 class=\"wp-block-heading\">Opetus, joka lis\u00e4\u00e4ntyy<\/h3>\n\n<p><\/p>\n\n<p>Uskomme, ett\u00e4 jokaisella Jeesuksen seuraajalla on vaikutusvaltaa:<\/p>\n\n<p><strong>\u201d<em>Ja sen, mit\u00e4 olette kuulleet minun sanovan monien todistajien l\u00e4sn\u00e4ollessa, uskokaa luotettavien ihmisten k\u00e4siin, jotka ovat my\u00f6s p\u00e4tevi\u00e4 opettamaan muita<\/em>.\u201d<\/strong> 2. Tim. 2:2<\/p>\n\n<p><\/p>\n\n<p>Kaikkia ei ole kutsuttu perinteisiin johtoteht\u00e4viin, mutta <strong>kaikkia on kutsuttu elinik\u00e4iseen kasvuun, hengelliseen kypsyyteen ja hedelm\u00e4lliseen vaikuttamiseen<\/strong>. Siksi vanhemmat pastorimme kysyv\u00e4t aina: Mik\u00e4 on t\u00e4m\u00e4n henkil\u00f6n kutsumus? Miten voin auttaa h\u00e4nt\u00e4 tulemaan kaikeksi siksi, miksi Jumala on kutsunut h\u00e4net? Miten varustan ja vapautan heid\u00e4t omalle l\u00e4hetyskent\u00e4lleen?   <\/p>\n\n<p><\/p>\n\n<h2 class=\"wp-block-heading\">Johtajuuden kehitt\u00e4minen k\u00e4yt\u00e4nn\u00f6ss\u00e4<\/h2>\n\n<p><\/p>\n\n<p>Ja niin opetuslapseus johtaa johtajuuden kehitt\u00e4miseen. Opetuslapset tekev\u00e4t opetuslapsia. Johtajat kasvattavat johtajia.  Jokainen kypsyy ja siirt\u00e4\u00e4 oppimaansa muille. N\u00e4in n\u00e4emme Jumalan valtakunnan etenev\u00e4n.<\/p>\n\n<p><\/p>\n\n<p>Transform Iran tarjoaa <strong>strategista johtajuuden kehitt\u00e4mist\u00e4<\/strong> sek\u00e4 nouseville ett\u00e4 kokeneille johtajille. Malliimme kuuluu henkil\u00f6kohtaista mentorointia, syv\u00e4llist\u00e4 koulutusta sek\u00e4 joukko k\u00e4yt\u00e4nn\u00f6n ty\u00f6kaluja ja resursseja, jotka varustavat johtajat hedelm\u00e4lliseen palvelukseen heid\u00e4n kasvaessaan voitelussa ja kypsyydess\u00e4. <\/p>\n\n<p><\/p>\n\n<h3 class=\"wp-block-heading\">Mentorointi<\/h3>\n\n<p><\/p>\n\n<p>Vanhemmat pastorit kulkevat johtajien rinnalla 1:1, opettavat ja varustavat heit\u00e4 johtamaan ministeri\u00f6it\u00e4, perustamaan seurakuntia ja lis\u00e4\u00e4m\u00e4\u00e4n muita johtajia.<\/p>\n\n<p><\/p>\n\n<h3 class=\"wp-block-heading\">Johtajakoulutustapahtumat<\/h3>\n\n<p><\/p>\n\n<p>Aloittelevat johtajat ja maanalaisten kotiseurakuntien johtajat kutsutaan viikon mittaisiin intensiivisiin koulutusviikkoihin, joissa he syventyv\u00e4t Sanaan, oppivat olennaisia johtajuuden taitoja ja rakentavat yhteis\u00f6\u00e4 muiden Transform Iran -verkostossa palvelevien kanssa. N\u00e4m\u00e4 koulutus- ja varustamistapahtumat rakentavat, tukevat ja kasvattavat Iranin maanalaista kirkkoa, ja niit\u00e4 j\u00e4rjestet\u00e4\u00e4n turvallisissa paikoissa L\u00e4hi-id\u00e4ss\u00e4. Tuhansia on koulutettu ja kehitetty t\u00e4ll\u00e4 tavoin.<\/p>\n\n<p><\/p>\n\n<blockquote class=\"wp-block-quote is-layout-flow wp-block-quote-is-layout-flow\">\n<p>T\u00e4m\u00e4 koulutus laajensi n\u00e4kemyst\u00e4ni, syvensi intohimoani ja antoi minulle k\u00e4yt\u00e4nn\u00f6n ohjeita, joiden avulla voin palvella muita ja ohjata heit\u00e4 kohti uskoa. Olen motivoituneempi kuin koskaan auttamaan uskollisten, sitoutuneiden Kristuksen opetuslasten rakentamisessa. <\/p>\n<\/blockquote>\n\n<div class=\"wp-block-columns is-layout-flex wp-container-core-columns-is-layout-9d6595d7 wp-block-columns-is-layout-flex\">\n<div class=\"wp-block-column is-layout-flow wp-block-column-is-layout-flow\">\n<figure class=\"wp-block-image size-large\"><img decoding=\"async\" width=\"1024\" height=\"547\" src=\"https:\/\/transformiran.com\/app\/uploads\/2025\/05\/Leaders-Meeting-4-1024x547.jpeg\" alt=\"\" class=\"wp-image-31109\" style=\"aspect-ratio:1;object-fit:cover\" srcset=\"https:\/\/transformiran.com\/app\/uploads\/2025\/05\/Leaders-Meeting-4-1024x547.jpeg 1024w, https:\/\/transformiran.com\/app\/uploads\/2025\/05\/Leaders-Meeting-4-300x160.jpeg 300w, https:\/\/transformiran.com\/app\/uploads\/2025\/05\/Leaders-Meeting-4-768x410.jpeg 768w, https:\/\/transformiran.com\/app\/uploads\/2025\/05\/Leaders-Meeting-4-1536x820.jpeg 1536w, https:\/\/transformiran.com\/app\/uploads\/2025\/05\/Leaders-Meeting-4-2048x1093.jpeg 2048w\" sizes=\"(max-width: 1024px) 100vw, 1024px\" \/><\/figure>\n<\/div>\n\n\n\n<div class=\"wp-block-column is-layout-flow wp-block-column-is-layout-flow\">\n<figure class=\"wp-block-image size-large\"><img decoding=\"async\" width=\"1024\" height=\"576\" src=\"https:\/\/transformiran.com\/app\/uploads\/2025\/05\/DSC04956-1024x576.jpg\" alt=\"\" class=\"wp-image-31130\" style=\"aspect-ratio:1;object-fit:cover\" srcset=\"https:\/\/transformiran.com\/app\/uploads\/2025\/05\/DSC04956-1024x576.jpg 1024w, https:\/\/transformiran.com\/app\/uploads\/2025\/05\/DSC04956-300x169.jpg 300w, https:\/\/transformiran.com\/app\/uploads\/2025\/05\/DSC04956-768x432.jpg 768w, https:\/\/transformiran.com\/app\/uploads\/2025\/05\/DSC04956-1536x864.jpg 1536w, https:\/\/transformiran.com\/app\/uploads\/2025\/05\/DSC04956-2048x1152.jpg 2048w\" sizes=\"(max-width: 1024px) 100vw, 1024px\" \/><\/figure>\n<\/div>\n\n\n\n<div class=\"wp-block-column is-layout-flow wp-block-column-is-layout-flow\">\n<figure class=\"wp-block-image size-large\"><img decoding=\"async\" width=\"1024\" height=\"576\" src=\"https:\/\/transformiran.com\/app\/uploads\/2025\/05\/DSC05071-LY-teaching-1024x576.jpg\" alt=\"\" class=\"wp-image-31116\" style=\"aspect-ratio:1;object-fit:cover\" srcset=\"https:\/\/transformiran.com\/app\/uploads\/2025\/05\/DSC05071-LY-teaching-1024x576.jpg 1024w, https:\/\/transformiran.com\/app\/uploads\/2025\/05\/DSC05071-LY-teaching-300x169.jpg 300w, https:\/\/transformiran.com\/app\/uploads\/2025\/05\/DSC05071-LY-teaching-768x432.jpg 768w, https:\/\/transformiran.com\/app\/uploads\/2025\/05\/DSC05071-LY-teaching-1536x864.jpg 1536w, https:\/\/transformiran.com\/app\/uploads\/2025\/05\/DSC05071-LY-teaching-2048x1152.jpg 2048w\" sizes=\"(max-width: 1024px) 100vw, 1024px\" \/><\/figure>\n<\/div>\n<\/div>\n\n<p><\/p>\n\n<h3 class=\"wp-block-heading\">Online Bible College<\/h3>\n\n<p><\/p>\n\n<p>Ilmainen farsinkielinen <a href=\"http:\/\/www.222bc.com\/\">Raamattukoulumme<\/a> (jossa on l\u00e4hes 1 000 aktiivista rekister\u00f6itynytt\u00e4 opiskelijaa) poistaa kustannusesteet, jotka est\u00e4v\u00e4t sanan syv\u00e4llisen opiskelun, ja tarjoaa selkeit\u00e4, hyvin valmisteltuja teologisia oppitunteja, jotka auttavat farsinkielisi\u00e4 kristittyj\u00e4 kypsym\u00e4\u00e4n uskossaan ja varustamaan heid\u00e4t palvelusty\u00f6h\u00f6n.  <\/p>\n\n<p><\/p>\n\n<h2 class=\"wp-block-heading\">Ty\u00f6kaluja johtajien varustamiseen ja vahvistamiseen<\/h2>\n\n<p><\/p>\n\n<h3 class=\"wp-block-heading\">Apologetiikka: Porpasokh<\/h3>\n\n<p><\/p>\n\n<p>\u201d<em>Porpasokh<\/em>\u201d tarkoittaa \u201dKysymys ja vastaus\u201d, ja se on apologetiikkakeskuksemme syd\u00e4n. Transform Iran<em>Porpasokh-sivustolla<\/em> k\u00e4y kuukausittain kymmeni\u00e4 tuhansia k\u00e4vij\u00f6it\u00e4, ja se vastaa suoraan niiden kysymyksiin, jotka viel\u00e4 yritt\u00e4v\u00e4t ymm\u00e4rt\u00e4\u00e4 tiettyj\u00e4 uskon ja teologian n\u00e4k\u00f6kohtia. Vastaukset julkaistaan sivustolla muiden hy\u00f6dynnett\u00e4v\u00e4ksi. T\u00e4h\u00e4n menness\u00e4 on julkaistu yli 5900 vastausta, ja monet ovat vahvistuneet uskossaan sen ansiosta. Sen lis\u00e4ksi, ett\u00e4 <em>Porpasokh<\/em> on tehokas v\u00e4line evankelioimiseen, se tukee my\u00f6s nuoria pastoreita, jotka luottavat resurssiin, joka auttaa heit\u00e4 vastaamaan kysymyksiin, joita heid\u00e4n k\u00e4\u00e4nnynn\u00e4isens\u00e4 heille esitt\u00e4v\u00e4t.  <\/p>\n\n<p><\/p>\n\n<p><a href=\"https:\/\/transformiran.com\/fi\/meidan-tyomme\/apologetiikan-keskus\/\">Lue lis\u00e4\u00e4 apologetiikkapalvelustamme<\/a><\/p>\n\n<p><\/p>\n\n<h3 class=\"wp-block-heading\">Vapaus Kristuksessa<\/h3>\n\n<p><\/p>\n\n<p>Teimme yhteisty\u00f6t\u00e4 Vapaus Kristuksessa -kurssin ihanien kirjoittajien kanssa, k\u00e4\u00e4nsimme materiaalin farsin kielelle ja mukautimme ja laajensimme sit\u00e4 iranilaiselle yleis\u00f6lle. T\u00e4m\u00e4 on ratkaisevan t\u00e4rke\u00e4 Raamattuun perustuva opetuslapseuden ja vapautuksen ty\u00f6kalu kristityille, jolla varmistetaan, ett\u00e4 seurakunnat kasvavat terveiksi henkil\u00f6kohtaisen l\u00e4pimurron, vapauden ja uskovien hedelm\u00e4llisyyden kautta. T\u00e4h\u00e4n menness\u00e4 yli 1 600 on suorittanut sen. Kaikki johtajat osoitteessa Transform Iran suorittavat t\u00e4m\u00e4n kurssin osana omaa henkil\u00f6kohtaista kehityst\u00e4\u00e4n ja kasvuaan.<\/p>\n\n<p><\/p>\n\n<h3 class=\"wp-block-heading\">222 Julkaisut<\/h3>\n\n<p><\/p>\n\n<p>Transform Iran suojelee Iranin kirkon opillista koskemattomuutta tarjoamalla laajan valikoiman Raamattuun perustuvia resursseja (painettuja ja digitaalisia) kustantamonsa <a href=\"http:\/\/www.222publications.com\/\">222 Publicationsin<\/a> kautta. 222 Publications tunnistaa farsinkielisen kirkon painetun ja digitaalisen median puutteet ja julkaisee materiaalia, jota kasvava maailmanlaajuinen kirkko tarvitsee t\u00e4ytt\u00e4\u00e4kseen n\u00e4m\u00e4 puutteet. 222 Publications tekee t\u00e4m\u00e4n mahdollisimman l\u00e4hell\u00e4 omakustannushintaa varmistaakseen, ett\u00e4 n\u00e4m\u00e4 resurssit ovat mahdollisimman hyvin niiden k\u00e4ytt\u00e4jien saatavilla, jotka niit\u00e4 tarvitsevat.  <\/p>\n\n<p><\/p>\n\n<h2 class=\"wp-block-heading\">Raamatun k\u00e4\u00e4nn\u00f6s: Johtamisen perusta<\/h2>\n\n<p><\/p>\n\n<p>Noin 26 miljoonalla iranilaisella ei ole viel\u00e4k\u00e4\u00e4n mahdollisuutta saada Jumalan sanaa <em>omalla<\/em> kielell\u00e4\u00e4n. Vaikka raamatunk\u00e4\u00e4nn\u00f6sty\u00f6mme ensisijainen tavoite on evankeliointi ja varhainen opetuslapseus, syd\u00e4men kielell\u00e4 kirjoitetuilla kirjoituksilla on my\u00f6s t\u00e4rke\u00e4 rooli johtajuuden kehitt\u00e4misess\u00e4. Kun uskovat voivat t\u00e4ysin ymm\u00e4rt\u00e4\u00e4 Jumalan sanan syvyyden ja merkityksen omalla \u00e4idinkielell\u00e4\u00e4n, heill\u00e4 on paremmat valmiudet tutkia sit\u00e4 syv\u00e4llisesti, opettaa sit\u00e4 tehokkaasti ja johtaa muita luottavaisesti. T\u00e4m\u00e4 johtaa vahvempiin ja kest\u00e4v\u00e4mpiin seurakuntiin, jotka tuovat todellista muutosta yhteis\u00f6ihins\u00e4.     <\/p>\n\n<p><\/p>\n\n<p><a href=\"https:\/\/transformiran.com\/fi\/meidan-tyomme\/bible-translation\/\">Lue lis\u00e4\u00e4 raamatunk\u00e4\u00e4nn\u00f6sty\u00f6st\u00e4mme<\/a><\/p>\n\n<p><\/p>\n\n<h2 class=\"wp-block-heading\">Elinik\u00e4inen sitoutuminen valtakunnan kasvuun<\/h2>\n\n<p><\/p>\n\n<p>Transform Iran, johtajuudessa ei ole kyse tittelist\u00e4 tai asemasta &#8211; kyse on siit\u00e4, ett\u00e4 el\u00e4m\u00e4t muuttuvat, seurakuntia perustetaan ja kansakunnat vaikuttavat Jeesuksen hyv\u00e4ksi.<\/p>\n\n<p><\/p>\n\n<blockquote class=\"wp-block-quote is-layout-flow wp-block-quote-is-layout-flow\">\n<p>Kiitos siit\u00e4, miten olet valunut el\u00e4m\u00e4\u00e4ni ja pysynyt kanssani kaikki n\u00e4m\u00e4 vuodet. Olen ikuisesti kiitollinen ja sitoutunut palvelemaan Jumalaa parhaani mukaan.<\/p>\n<\/blockquote>\n\n<p><\/p>\n\n<h2 class=\"wp-block-heading\">Vaikuttavia tarinoita<\/h2>\n\n<p><\/p>\n\n<blockquote class=\"wp-block-quote is-layout-flow wp-block-quote-is-layout-flow\">\n<p class=\"has-off-white-background-color has-background\">Koska Transform antaa monille ihmisille tilaisuuksia, ihmiset, jotka ovat saattaneet olla &#8220;pieni\u00e4&#8221; muiden mielipiteiss\u00e4 tai silmiss\u00e4, saavat t\u00e4\u00e4ll\u00e4 tilaisuuden todella palvella ja kasvaa. Tuloksena on mahtava verkosto voimakkaita johtajia, jotka tekev\u00e4t yhdess\u00e4 valtavia muutoksia!<\/p>\n<\/blockquote>\n\n<p><\/p>\n\n<blockquote class=\"wp-block-quote is-layout-flow wp-block-quote-is-layout-flow\">\n<p class=\"has-light-gold-background-color has-background\">Olen n\u00e4hnyt kirkossa ja konferensseissa, miten ihmisi\u00e4 ei pidet\u00e4 alhaalla. Heille annetaan tilaa kasvaa siell\u00e4, miss\u00e4 he ovat. Ja NOPEASTI n\u00e4m\u00e4 nuoret opetuslapset muuttuvat potentiaalisiksi johtajiksi. Olen itse hy\u00f6tynyt t\u00e4st\u00e4! Tutustuin Herraan, minua opastettiin, ja kahden vuoden kuluessa olin perustanut seurakunnan. Nyt palvelen valvovana pastorina ja ministeri\u00f6n johtajana. Ylist\u00e4k\u00e4\u00e4 Jumalaa!<\/p>\n<\/blockquote>\n\n<p><\/p>\n\n<blockquote class=\"wp-block-quote is-layout-flow wp-block-quote-is-layout-flow\">\n<p class=\"has-off-white-background-color has-background\">Johto on innokas ja rehellinen. Kukaan ei rakenna yksitt\u00e4isi\u00e4 valtakuntia. Meit\u00e4 yhdist\u00e4\u00e4 asia, mutta kyse ei ole edes ty\u00f6st\u00e4, jota teemme &#8211; kyse on rakkaussuhteesta, joka meill\u00e4 on Jumalan ja toistemme kanssa. Se on todella yhteis\u00f6, joka suorittaa teht\u00e4v\u00e4\u00e4 yhdess\u00e4.<\/p>\n<\/blockquote>\n\n<p><\/p>\n\n<p><\/p>\n","protected":false},"excerpt":{"rendered":"<p>Johtajien kasvattaminen Transform Iran Transform Iran on sitoutunut kehitt\u00e4m\u00e4\u00e4n johtajia, jotka muuttavat Irania ja ymp\u00e4r\u00f6iv\u00e4\u00e4 aluetta. Ty\u00f6mme keskipisteen\u00e4 on kolme peruspilaria: evankeliointi, opetuslapseus ja muutos. Opetuslapseusmallimme ytimess\u00e4 on johtajuuden kehitt\u00e4minen. Uskomme, ett\u00e4 todellinen opetuslapseus johtaa aina moninkertaistumiseen &#8211; jokainen opetuslapsi on kutsuttu johtamaan jossakin ominaisuudessa ja vaikuttamaan muihin Jumalan valtakunnan hyv\u00e4ksi. Opetus, joka lis\u00e4\u00e4ntyy Uskomme, [&hellip;]<\/p>\n","protected":false},"author":4,"featured_media":0,"parent":12940,"menu_order":0,"comment_status":"closed","ping_status":"closed","template":"page-work.php","meta":{"_acf_changed":false,"give_campaign_id":0,"om_disable_all_campaigns":false,"_mi_skip_tracking":false,"footnotes":""},"class_list":["post-13073","page","type-page","status-publish","hentry"],"acf":[],"yoast_head":"<!-- This site is optimized with the Yoast SEO plugin v27.2 - https:\/\/yoast.com\/product\/yoast-seo-wordpress\/ -->\n<title>Johtajuuden kehitt\u00e4minen - Transform Iran<\/title>\n<meta name=\"description\" content=\"Transform Iran on sitoutunut kehitt\u00e4m\u00e4\u00e4n johtajia, jotka muuttavat Iranin kansakuntaa ja ymp\u00e4r\u00f6iv\u00e4\u00e4 aluetta.\" \/>\n<meta name=\"robots\" content=\"index, follow, max-snippet:-1, max-image-preview:large, max-video-preview:-1\" \/>\n<link rel=\"canonical\" href=\"https:\/\/transformiran.com\/fi\/meidan-tyomme\/leadership-development\/\" \/>\n<meta property=\"og:locale\" content=\"fi_FI\" \/>\n<meta property=\"og:type\" content=\"article\" \/>\n<meta property=\"og:title\" content=\"Johtajuuden kehitt\u00e4minen - Transform Iran\" \/>\n<meta property=\"og:description\" content=\"Transform Iran on sitoutunut kehitt\u00e4m\u00e4\u00e4n johtajia, jotka muuttavat Iranin kansakuntaa ja ymp\u00e4r\u00f6iv\u00e4\u00e4 aluetta.\" \/>\n<meta property=\"og:url\" content=\"https:\/\/transformiran.com\/fi\/meidan-tyomme\/leadership-development\/\" \/>\n<meta property=\"og:site_name\" content=\"Transform Iran\" \/>\n<meta property=\"article:publisher\" content=\"https:\/\/www.facebook.com\/222MinistriesUSAInc\" \/>\n<meta property=\"article:modified_time\" content=\"2025-10-16T22:07:40+00:00\" \/>\n<meta property=\"og:image\" content=\"https:\/\/transformiran.com\/app\/uploads\/2025\/05\/Leaders-Meeting-4-scaled.jpeg\" \/>\n\t<meta property=\"og:image:width\" content=\"3000\" \/>\n\t<meta property=\"og:image:height\" content=\"1601\" \/>\n\t<meta property=\"og:image:type\" content=\"image\/jpeg\" \/>\n<meta name=\"twitter:card\" content=\"summary_large_image\" \/>\n<meta name=\"twitter:site\" content=\"@222minint\" \/>\n<meta name=\"twitter:label1\" content=\"Est. reading time\" \/>\n\t<meta name=\"twitter:data1\" content=\"5 minutes\" \/>\n<script type=\"application\/ld+json\" class=\"yoast-schema-graph\">{\"@context\":\"https:\/\/schema.org\",\"@graph\":[{\"@type\":\"WebPage\",\"@id\":\"https:\/\/transformiran.com\/fi\/meidan-tyomme\/leadership-development\/\",\"url\":\"https:\/\/transformiran.com\/fi\/meidan-tyomme\/leadership-development\/\",\"name\":\"Johtajuuden kehitt\u00e4minen - Transform Iran\",\"isPartOf\":{\"@id\":\"https:\/\/transformiran.com\/fi\/#website\"},\"primaryImageOfPage\":{\"@id\":\"https:\/\/transformiran.com\/fi\/meidan-tyomme\/leadership-development\/#primaryimage\"},\"image\":{\"@id\":\"https:\/\/transformiran.com\/fi\/meidan-tyomme\/leadership-development\/#primaryimage\"},\"thumbnailUrl\":\"https:\/\/transformiran.com\/app\/uploads\/2025\/05\/Leaders-Meeting-4-1024x547.jpeg\",\"datePublished\":\"2023-03-29T13:50:45+00:00\",\"dateModified\":\"2025-10-16T22:07:40+00:00\",\"description\":\"Transform Iran on sitoutunut kehitt\u00e4m\u00e4\u00e4n johtajia, jotka muuttavat Iranin kansakuntaa ja ymp\u00e4r\u00f6iv\u00e4\u00e4 aluetta.\",\"breadcrumb\":{\"@id\":\"https:\/\/transformiran.com\/fi\/meidan-tyomme\/leadership-development\/#breadcrumb\"},\"inLanguage\":\"fi\",\"potentialAction\":[{\"@type\":\"ReadAction\",\"target\":[\"https:\/\/transformiran.com\/fi\/meidan-tyomme\/leadership-development\/\"]}]},{\"@type\":\"ImageObject\",\"inLanguage\":\"fi\",\"@id\":\"https:\/\/transformiran.com\/fi\/meidan-tyomme\/leadership-development\/#primaryimage\",\"url\":\"https:\/\/transformiran.com\/app\/uploads\/2025\/05\/Leaders-Meeting-4-1024x547.jpeg\",\"contentUrl\":\"https:\/\/transformiran.com\/app\/uploads\/2025\/05\/Leaders-Meeting-4-1024x547.jpeg\"},{\"@type\":\"BreadcrumbList\",\"@id\":\"https:\/\/transformiran.com\/fi\/meidan-tyomme\/leadership-development\/#breadcrumb\",\"itemListElement\":[{\"@type\":\"ListItem\",\"position\":1,\"name\":\"Home\",\"item\":\"https:\/\/transformiran.com\/fi\/home\/\"},{\"@type\":\"ListItem\",\"position\":2,\"name\":\"Ty\u00f6mme\",\"item\":\"https:\/\/transformiran.com\/fi\/meidan-tyomme\/\"},{\"@type\":\"ListItem\",\"position\":3,\"name\":\"Johtajuuden kehitt\u00e4minen\"}]},{\"@type\":\"WebSite\",\"@id\":\"https:\/\/transformiran.com\/fi\/#website\",\"url\":\"https:\/\/transformiran.com\/fi\/\",\"name\":\"Transform Iran\",\"description\":\"Bringing the love and power of Christ to Iran - and beyond\",\"publisher\":{\"@id\":\"https:\/\/transformiran.com\/fi\/#organization\"},\"potentialAction\":[{\"@type\":\"SearchAction\",\"target\":{\"@type\":\"EntryPoint\",\"urlTemplate\":\"https:\/\/transformiran.com\/fi\/?s={search_term_string}\"},\"query-input\":{\"@type\":\"PropertyValueSpecification\",\"valueRequired\":true,\"valueName\":\"search_term_string\"}}],\"inLanguage\":\"fi\"},{\"@type\":\"Organization\",\"@id\":\"https:\/\/transformiran.com\/fi\/#organization\",\"name\":\"Transform Iran\",\"url\":\"https:\/\/transformiran.com\/fi\/\",\"logo\":{\"@type\":\"ImageObject\",\"inLanguage\":\"fi\",\"@id\":\"https:\/\/transformiran.com\/fi\/#\/schema\/logo\/image\/\",\"url\":\"https:\/\/transformiran.com\/app\/uploads\/2022\/11\/logo_grey.jpg\",\"contentUrl\":\"https:\/\/transformiran.com\/app\/uploads\/2022\/11\/logo_grey.jpg\",\"width\":528,\"height\":90,\"caption\":\"Transform Iran\"},\"image\":{\"@id\":\"https:\/\/transformiran.com\/fi\/#\/schema\/logo\/image\/\"},\"sameAs\":[\"https:\/\/www.facebook.com\/222MinistriesUSAInc\",\"https:\/\/x.com\/222minint\",\"https:\/\/www.instagram.com\/222ministriesinternational\/\"]}]}<\/script>\n<!-- \/ Yoast SEO plugin. -->","yoast_head_json":{"title":"Johtajuuden kehitt\u00e4minen - Transform Iran","description":"Transform Iran on sitoutunut kehitt\u00e4m\u00e4\u00e4n johtajia, jotka muuttavat Iranin kansakuntaa ja ymp\u00e4r\u00f6iv\u00e4\u00e4 aluetta.","robots":{"index":"index","follow":"follow","max-snippet":"max-snippet:-1","max-image-preview":"max-image-preview:large","max-video-preview":"max-video-preview:-1"},"canonical":"https:\/\/transformiran.com\/fi\/meidan-tyomme\/leadership-development\/","og_locale":"fi_FI","og_type":"article","og_title":"Johtajuuden kehitt\u00e4minen - Transform Iran","og_description":"Transform Iran on sitoutunut kehitt\u00e4m\u00e4\u00e4n johtajia, jotka muuttavat Iranin kansakuntaa ja ymp\u00e4r\u00f6iv\u00e4\u00e4 aluetta.","og_url":"https:\/\/transformiran.com\/fi\/meidan-tyomme\/leadership-development\/","og_site_name":"Transform Iran","article_publisher":"https:\/\/www.facebook.com\/222MinistriesUSAInc","article_modified_time":"2025-10-16T22:07:40+00:00","og_image":[{"width":3000,"height":1601,"url":"https:\/\/transformiran.com\/app\/uploads\/2025\/05\/Leaders-Meeting-4-scaled.jpeg","type":"image\/jpeg"}],"twitter_card":"summary_large_image","twitter_site":"@222minint","twitter_misc":{"Est. reading time":"5 minutes"},"schema":{"@context":"https:\/\/schema.org","@graph":[{"@type":"WebPage","@id":"https:\/\/transformiran.com\/fi\/meidan-tyomme\/leadership-development\/","url":"https:\/\/transformiran.com\/fi\/meidan-tyomme\/leadership-development\/","name":"Johtajuuden kehitt\u00e4minen - Transform Iran","isPartOf":{"@id":"https:\/\/transformiran.com\/fi\/#website"},"primaryImageOfPage":{"@id":"https:\/\/transformiran.com\/fi\/meidan-tyomme\/leadership-development\/#primaryimage"},"image":{"@id":"https:\/\/transformiran.com\/fi\/meidan-tyomme\/leadership-development\/#primaryimage"},"thumbnailUrl":"https:\/\/transformiran.com\/app\/uploads\/2025\/05\/Leaders-Meeting-4-1024x547.jpeg","datePublished":"2023-03-29T13:50:45+00:00","dateModified":"2025-10-16T22:07:40+00:00","description":"Transform Iran on sitoutunut kehitt\u00e4m\u00e4\u00e4n johtajia, jotka muuttavat Iranin kansakuntaa ja ymp\u00e4r\u00f6iv\u00e4\u00e4 aluetta.","breadcrumb":{"@id":"https:\/\/transformiran.com\/fi\/meidan-tyomme\/leadership-development\/#breadcrumb"},"inLanguage":"fi","potentialAction":[{"@type":"ReadAction","target":["https:\/\/transformiran.com\/fi\/meidan-tyomme\/leadership-development\/"]}]},{"@type":"ImageObject","inLanguage":"fi","@id":"https:\/\/transformiran.com\/fi\/meidan-tyomme\/leadership-development\/#primaryimage","url":"https:\/\/transformiran.com\/app\/uploads\/2025\/05\/Leaders-Meeting-4-1024x547.jpeg","contentUrl":"https:\/\/transformiran.com\/app\/uploads\/2025\/05\/Leaders-Meeting-4-1024x547.jpeg"},{"@type":"BreadcrumbList","@id":"https:\/\/transformiran.com\/fi\/meidan-tyomme\/leadership-development\/#breadcrumb","itemListElement":[{"@type":"ListItem","position":1,"name":"Home","item":"https:\/\/transformiran.com\/fi\/home\/"},{"@type":"ListItem","position":2,"name":"Ty\u00f6mme","item":"https:\/\/transformiran.com\/fi\/meidan-tyomme\/"},{"@type":"ListItem","position":3,"name":"Johtajuuden kehitt\u00e4minen"}]},{"@type":"WebSite","@id":"https:\/\/transformiran.com\/fi\/#website","url":"https:\/\/transformiran.com\/fi\/","name":"Transform Iran","description":"Bringing the love and power of Christ to Iran - and beyond","publisher":{"@id":"https:\/\/transformiran.com\/fi\/#organization"},"potentialAction":[{"@type":"SearchAction","target":{"@type":"EntryPoint","urlTemplate":"https:\/\/transformiran.com\/fi\/?s={search_term_string}"},"query-input":{"@type":"PropertyValueSpecification","valueRequired":true,"valueName":"search_term_string"}}],"inLanguage":"fi"},{"@type":"Organization","@id":"https:\/\/transformiran.com\/fi\/#organization","name":"Transform Iran","url":"https:\/\/transformiran.com\/fi\/","logo":{"@type":"ImageObject","inLanguage":"fi","@id":"https:\/\/transformiran.com\/fi\/#\/schema\/logo\/image\/","url":"https:\/\/transformiran.com\/app\/uploads\/2022\/11\/logo_grey.jpg","contentUrl":"https:\/\/transformiran.com\/app\/uploads\/2022\/11\/logo_grey.jpg","width":528,"height":90,"caption":"Transform Iran"},"image":{"@id":"https:\/\/transformiran.com\/fi\/#\/schema\/logo\/image\/"},"sameAs":["https:\/\/www.facebook.com\/222MinistriesUSAInc","https:\/\/x.com\/222minint","https:\/\/www.instagram.com\/222ministriesinternational\/"]}]}},"campaignId":"","_links":{"self":[{"href":"https:\/\/transformiran.com\/fi\/wp-json\/wp\/v2\/pages\/13073","targetHints":{"allow":["GET"]}}],"collection":[{"href":"https:\/\/transformiran.com\/fi\/wp-json\/wp\/v2\/pages"}],"about":[{"href":"https:\/\/transformiran.com\/fi\/wp-json\/wp\/v2\/types\/page"}],"author":[{"embeddable":true,"href":"https:\/\/transformiran.com\/fi\/wp-json\/wp\/v2\/users\/4"}],"replies":[{"embeddable":true,"href":"https:\/\/transformiran.com\/fi\/wp-json\/wp\/v2\/comments?post=13073"}],"version-history":[{"count":3,"href":"https:\/\/transformiran.com\/fi\/wp-json\/wp\/v2\/pages\/13073\/revisions"}],"predecessor-version":[{"id":33471,"href":"https:\/\/transformiran.com\/fi\/wp-json\/wp\/v2\/pages\/13073\/revisions\/33471"}],"up":[{"embeddable":true,"href":"https:\/\/transformiran.com\/fi\/wp-json\/wp\/v2\/pages\/12940"}],"wp:attachment":[{"href":"https:\/\/transformiran.com\/fi\/wp-json\/wp\/v2\/media?parent=13073"}],"curies":[{"name":"wp","href":"https:\/\/api.w.org\/{rel}","templated":true}]}}