{"id":23637,"date":"2024-06-03T23:45:38","date_gmt":"2024-06-03T22:45:38","guid":{"rendered":"https:\/\/transformiran.com\/meidan-tyomme\/lasten-tavoittaminen\/"},"modified":"2025-04-25T22:08:50","modified_gmt":"2025-04-25T21:08:50","slug":"lasten-tavoittaminen","status":"publish","type":"page","link":"https:\/\/transformiran.com\/fi\/meidan-tyomme\/lasten-tavoittaminen\/","title":{"rendered":"Lasten tavoittaminen"},"content":{"rendered":"\n<p><strong><em>&#8220;Jeesus sanoi: &#8216;P\u00e4\u00e4st\u00e4k\u00e4\u00e4 pienet lapset minun luokseni \u00e4lk\u00e4\u00e4k\u00e4 est\u00e4k\u00f6 heit\u00e4, sill\u00e4 taivasten valtakunta kuuluu t\u00e4llaisille.'&#8221;<\/em><\/strong> Matt. 19:14<\/p>\n\n<p><\/p>\n\n<h2 class=\"wp-block-heading\">Iranin seuraavan sukupolven voimaannuttaminen<\/h2>\n\n<h3 class=\"wp-block-heading\">Iranin lasten tavoittamisen t\u00e4rkeys<\/h3>\n\n<p><\/p>\n\n<p>Iranin lapsilla on edess\u00e4\u00e4n valtavia haasteita: sortohallinto, k\u00f6yhyys, sota ja kasvava mielenterveyskriisi. Monet heist\u00e4 ovat alttiina aikuisille, jotka kamppailevat masennuksen, ahdistuksen tai riippuvuuden kanssa, mik\u00e4 asettaa heid\u00e4t suureen traumariskiin. N\u00e4m\u00e4 lapset ovat kriittisess\u00e4 i\u00e4ss\u00e4, jossa he ovat muodostamassa maailmankuvaansa, tekem\u00e4ss\u00e4 tulevaisuuttaan koskevia valintoja ja l\u00f6yt\u00e4m\u00e4ss\u00e4 identiteetti\u00e4\u00e4n.  <\/p>\n\n<p><\/p>\n\n<blockquote class=\"wp-block-quote has-black-color has-text-color has-link-color wp-elements-f6e965e5f55dbf82dacad26ef2ac9a6d is-layout-flow wp-block-quote-is-layout-flow\">\n<p class=\"has-black-color has-text-color has-link-color has-medium-font-size wp-elements-867e3185751b76ef2e3d50681b7b09cd\">Transform Iran on omistautunut tukemaan Iranin kristittyj\u00e4 lapsia tarjoamalla toivoa, resursseja ja yhteis\u00f6llisyytt\u00e4, jotta he eiv\u00e4t vain selviytyisi, vaan my\u00f6s kukoistaisi. Annamme heille voimaa pysy\u00e4 vahvana uskossaan ja omaksua luottavaisesti identiteettins\u00e4 Kristuksessa. Visiomme on varustaa heid\u00e4t olemaan voimakkaita todistajia ik\u00e4tovereilleen ja jakamaan evankeliumia ymp\u00e4rill\u00e4\u00e4n oleville.  <\/p>\n<\/blockquote>\n\n<p><\/p>\n\n<h2 class=\"wp-block-heading\">Miksi on ratkaisevan t\u00e4rke\u00e4\u00e4 tavoittaa Iranin lapset?<\/h2>\n\n<p>N\u00e4m\u00e4 lapset ovat Iranin tulevaisuus. On v\u00e4ltt\u00e4m\u00e4t\u00f6nt\u00e4, ett\u00e4 tavoitamme heid\u00e4t evankeliumin sanomalla heid\u00e4n ollessaan nuoria, jotta voimme tehokkaasti tavoittaa koko kansakuntamme Kristukselle. T\u00e4ss\u00e4 i\u00e4ss\u00e4 maailmankatsomus muotoutuu, ja t\u00e4ss\u00e4 i\u00e4ss\u00e4 lapset tekev\u00e4t valintoja, jotka vaikuttavat heid\u00e4n tulevaisuuteensa ja heid\u00e4n k\u00e4sitykseens\u00e4 omasta arvostaan ja identiteetist\u00e4\u00e4n.<\/p>\n\n<p><\/p>\n\n<h3 class=\"wp-block-heading\">V\u00e4\u00e4rien opetusten ja sorron vaaratekij\u00e4t<\/h3>\n\n<p><\/p>\n\n<p>Iranin hallitus opettaa lapsille, ett\u00e4 heid\u00e4n \u00e4\u00e4nell\u00e4\u00e4n ei ole v\u00e4li\u00e4, ett\u00e4 heid\u00e4n tulevaisuudestaan voi ja pit\u00e4\u00e4 p\u00e4\u00e4tt\u00e4\u00e4 heid\u00e4n l\u00e4hin miespuolinen sukulaisensa, ett\u00e4 naiset on peitett\u00e4v\u00e4, alistettava miehille, kohdeltava esinein\u00e4, joita k\u00e4ytet\u00e4\u00e4n huvin vuoksi ja jotka voidaan hyl\u00e4t\u00e4 mielens\u00e4 mukaan ja ett\u00e4 hyv\u00e4ksik\u00e4ytt\u00f6suhteista syntyneet lapset ovat aviottomia ja v\u00e4hemm\u00e4n arvokkaita yhteiskunnalle.<\/p>\n\n<p><\/p>\n\n<p>Lapsille opetetaan kuva Jumalasta, joka on arvaamaton, vihan alainen, joka katsoo aina tekoja (syd\u00e4men sijaan), vaatii kuuliaisuutta ja on valmis rankaisemaan niit\u00e4, jotka eiv\u00e4t h\u00e4nt\u00e4 noudata. Heille opetetaan, ett\u00e4 he eiv\u00e4t voi kyseenalaistaa Jumalaa, ett\u00e4 heid\u00e4n on arvostettava uskonnollisia rutiinejaan ja omistautumistaan yli kaiken muun, ett\u00e4 jihad on kunniallinen asia ja ett\u00e4 juutalaiset ja kristityt on eliminoitava.<\/p>\n\n<p><\/p>\n\n<p><a href=\"https:\/\/transformiran.com\/fi\/learn-fi\/iranin-lasten-haasteet-nykyaan\/\">Lue lis\u00e4\u00e4 Iranin lasten kohtaamista haasteista.<\/a><\/p>\n\n<p><\/p>\n\n<p class=\"has-medium-font-size\"><strong>N\u00e4iss\u00e4 vaikeissa olosuhteissa tarvitaan kipe\u00e4sti kristillisi\u00e4 yhteis\u00f6j\u00e4, jotka voivat tarjota tukea, rohkaisua ja ohjausta.<\/strong><\/p>\n\n<figure class=\"wp-block-embed is-type-video is-provider-youtube wp-block-embed-youtube wp-embed-aspect-16-9 wp-has-aspect-ratio\"><div class=\"wp-block-embed__wrapper\">\n<iframe title=\"Bringing Hope to Iran&#039;s Children\" width=\"500\" height=\"281\" src=\"https:\/\/www.youtube.com\/embed\/UqlVFgh2xqQ?feature=oembed\" frameborder=\"0\" allow=\"accelerometer; autoplay; clipboard-write; encrypted-media; gyroscope; picture-in-picture; web-share\" referrerpolicy=\"strict-origin-when-cross-origin\" allowfullscreen><\/iframe>\n<\/div><\/figure>\n\n<blockquote class=\"wp-block-quote is-layout-flow wp-block-quote-is-layout-flow\">\n<p>Haluamme tavoittaa n\u00e4m\u00e4 lapset Jeesuksen toivolla, antaa heille voimaa voittaa p\u00e4ivitt\u00e4inen vaino ja tunnistaa v\u00e4\u00e4r\u00e4t opetukset ennen kuin ne voivat juurtua. Kun suojelemme heit\u00e4 haitallisilta maailmankuvilta ja v\u00e4\u00e4rilt\u00e4 k\u00e4sityksilt\u00e4 heid\u00e4n rakastavasta taivaallisesta Is\u00e4st\u00e4\u00e4n, he voivat paremmin ymm\u00e4rt\u00e4\u00e4 sanoman Kristuksesta ja identiteettins\u00e4 H\u00e4ness\u00e4.<\/p>\n<\/blockquote>\n\n<h2 class=\"wp-block-heading\">Miten Transform Iran tavoittaa Iranin lapset?<\/h2>\n\n<p><\/p>\n\n<p><\/p>\n\n<h3 class=\"wp-block-heading has-black-color has-text-color has-link-color wp-elements-1578b06184c40347ec8839f4e5ff1e69\">Median k\u00e4ytt\u00f6 Iranin lasten tavoittamiseksi evankeliumilla<\/h3>\n\n<p><\/p>\n\n<p class=\"has-black-color has-text-color has-link-color wp-elements-f155615b0ef053cabeb23ceaf306e2f4\">Koulutettujen lastenohjaajien tukemien, erityisesti luotujen tiedotusv\u00e4lineiden avulla voimme varmistaa, ett\u00e4 Iranin lapset kuulevat ja ymm\u00e4rt\u00e4v\u00e4t evankeliumin sanoman ja ett\u00e4 niit\u00e4, jotka vastaavat siihen, ohjataan ja opastetaan, jotta he voivat kasvaa merkitykselliseen henkil\u00f6kohtaiseen uskoon Jeesukseen Kristukseen.<\/p>\n\n<p><\/p>\n\n<p><strong>Kansallisen ikonin kehitt\u00e4minen:<\/strong> Iranin lapset ovat yli 20 vuoden ajan rakastaneet r\u00f6yhke\u00e4\u00e4 ja uteliasta tv-nukkea nimelt\u00e4 &#8220;Chera&#8221; (=Miksi). Iranin kansallisen television tilastojen mukaan 10 miljoonaa lasta on katsonut Chera-ohjelmia.<\/p>\n\n<p>Vuonna 2014 t\u00e4m\u00e4n kansallisen ikonin tuottaja ja nukketeatterintekij\u00e4 yhdisti voimansa Transform Iran kanssa ja auttoi luomaan suoran vastauksen: &#8220;Chonke&#8221; (=Syy). Chonke k\u00e4ytt\u00e4\u00e4 Chera-nuken alkuper\u00e4ist\u00e4 \u00e4\u00e4nt\u00e4. Noin 100 jaksoa luotiin, ja niit\u00e4 on sen j\u00e4lkeen esitetty useita kertoja, ja ne ovat saaneet ylivoimaisen my\u00f6nteisen vastaanoton. Valmistelemme parhaillaan uudelleen k\u00e4ynnist\u00e4mist\u00e4, jossa rakastettu Chonke siirtyy animaatioon.<\/p>\n\n<div class=\"wp-block-columns is-layout-flex wp-container-core-columns-is-layout-9d6595d7 wp-block-columns-is-layout-flex\">\n<div class=\"wp-block-column is-layout-flow wp-block-column-is-layout-flow\">\n<figure class=\"wp-block-image size-large\"><img decoding=\"async\" width=\"1024\" height=\"790\" src=\"https:\/\/transformiran.com\/app\/uploads\/2024\/06\/222TV-Chonke-lite-1024x790.jpeg\" alt=\"Transform IranChonke Puppet\" class=\"wp-image-23623\" srcset=\"https:\/\/transformiran.com\/app\/uploads\/2024\/06\/222TV-Chonke-lite-1024x790.jpeg 1024w, https:\/\/transformiran.com\/app\/uploads\/2024\/06\/222TV-Chonke-lite-300x231.jpeg 300w, https:\/\/transformiran.com\/app\/uploads\/2024\/06\/222TV-Chonke-lite-768x592.jpeg 768w, https:\/\/transformiran.com\/app\/uploads\/2024\/06\/222TV-Chonke-lite-1536x1185.jpeg 1536w, https:\/\/transformiran.com\/app\/uploads\/2024\/06\/222TV-Chonke-lite-2048x1579.jpeg 2048w\" sizes=\"(max-width: 1024px) 100vw, 1024px\" \/><figcaption class=\"wp-element-caption\">2014 Chonke-nuken luonut Transform Iran<\/figcaption><\/figure>\n<\/div>\n\n\n\n<div class=\"wp-block-column is-layout-flow wp-block-column-is-layout-flow\">\n<figure class=\"wp-block-image size-large\"><img decoding=\"async\" width=\"1024\" height=\"791\" src=\"https:\/\/transformiran.com\/app\/uploads\/2024\/11\/CheraChonke-website-homepage-Nov-2024-lite-1-1024x791.jpg\" alt=\"CheraChonke kotisivu\" class=\"wp-image-27060\" srcset=\"https:\/\/transformiran.com\/app\/uploads\/2024\/11\/CheraChonke-website-homepage-Nov-2024-lite-1-1024x791.jpg 1024w, https:\/\/transformiran.com\/app\/uploads\/2024\/11\/CheraChonke-website-homepage-Nov-2024-lite-1-300x232.jpg 300w, https:\/\/transformiran.com\/app\/uploads\/2024\/11\/CheraChonke-website-homepage-Nov-2024-lite-1-768x593.jpg 768w, https:\/\/transformiran.com\/app\/uploads\/2024\/11\/CheraChonke-website-homepage-Nov-2024-lite-1-1536x1186.jpg 1536w, https:\/\/transformiran.com\/app\/uploads\/2024\/11\/CheraChonke-website-homepage-Nov-2024-lite-1.jpg 1861w\" sizes=\"(max-width: 1024px) 100vw, 1024px\" \/><figcaption class=\"wp-element-caption\">R\u00e4\u00e4t\u00e4l\u00f6ity kristillinen verkkosivusto iranilaisille lapsille<\/figcaption><\/figure>\n<\/div>\n<\/div>\n\n<h3 class=\"wp-block-heading\">Interaktiiviset kristilliset resurssit iranilaisille lapsille<\/h3>\n\n<p><\/p>\n\n<p><strong>Digitaalisen resurssikeskuksen kehitt\u00e4minen:<\/strong> strategisten kumppaneiden anteliaiden investointien avulla olemme luoneet r\u00e4\u00e4t\u00e4l\u00f6idyn lasten verkkosivuston, jossa on yh\u00e4 enemm\u00e4n resursseja vanhemmille, lasten pastoreille ja opettajille sek\u00e4 evankeliumin esityksi\u00e4 lapsille, interaktiivisia pelej\u00e4, kristillisi\u00e4 TV- ja \u00e4\u00e4niohjelmia lapsille ja paljon muuta. <a href=\"http:\/\/www.cherachonke.com\/\" target=\"_blank\" rel=\"noreferrer noopener\">www.cherachonke.com<\/a> on uraauurtava evankeliointiv\u00e4line Iranin lapsille.  <\/p>\n\n<p><\/p>\n\n<h3 class=\"wp-block-heading has-black-color has-text-color has-link-color wp-elements-34784a344c1a894ac2b0eec197acc8f5\">Yhteis\u00f6n tiedotus ja henkil\u00f6kohtainen tuki<\/h3>\n\n<p><\/p>\n\n<p>R\u00e4\u00e4t\u00e4l\u00f6ityjen viikoittaisten yhteis\u00f6llisyysohjelmien (OCJ) avulla kristityt lapset &#8211; ja ne, joita he tavoittelevat &#8211; tuodaan yhteen rakentamaan yhteis\u00f6\u00e4, harrastamaan opettavaista vapaa-ajan toimintaa, oppimaan Jeesuksesta ja kasvamaan omassa identiteetiss\u00e4\u00e4n ja uskossaan. Vertaisten v\u00e4linen yhteys vahvistaa lasten ymm\u00e4rryst\u00e4 evankeliumista ja luottamusta evankelioimiseen.   <\/p>\n\n<p><\/p>\n\n<p>Humanitaarinen apu vastaa heid\u00e4n fyysisiin tarpeisiinsa, kuten ravitseviin aterioihin, talvivaatteisiin ja henkil\u00f6kohtaisiin lahjoihin. Rukous ja hengellinen tuki palvelee koko perhett\u00e4. <\/p>\n\n<p><\/p>\n\n<blockquote class=\"wp-block-quote is-layout-flow wp-block-quote-is-layout-flow\">\n<p>T\u00e4m\u00e4 on j\u00e4nnitt\u00e4v\u00e4 tapa antaa lapsille tilaisuus todella ymm\u00e4rt\u00e4\u00e4, kuka Jeesus on, mit\u00e4 h\u00e4n on tehnyt heid\u00e4n hyv\u00e4kseen, ja kohdata h\u00e4net henkil\u00f6kohtaisesti.<\/p>\n<\/blockquote>\n\n<p><\/p>\n\n<p>Suljetuissa maissa, kuten Iranissa ja Afganistanissa, teemme t\u00e4m\u00e4n paljon pienemmiss\u00e4 ryhmiss\u00e4 kodeissa, ja heid\u00e4n turvallisuutensa otetaan tarkoin huomioon. T\u00e4ll\u00f6in laadukkaan digitaalisen median saatavuus <a href=\"http:\/\/www.cherachonke.com\" target=\"_blank\" rel=\"noreferrer noopener\">osoitteessa www.cherachonke.com<\/a> on v\u00e4ltt\u00e4m\u00e4t\u00f6nt\u00e4. <\/p>\n\n<p><a href=\"https:\/\/transformiran.com\/fi\/meidan-tyomme\/operaatio-joulun-ilo\/\">Lue lis\u00e4\u00e4 Operation Christmas Joy (OCJ).<\/a><\/p>\n\n<p><\/p>\n\n<h3 class=\"wp-block-heading has-black-color has-text-color has-link-color wp-elements-17afd9e8b7046aed2e33ebc06b2cf252\">Lasten pastoreiden ja evankelistojen koulutus<\/h3>\n\n<p><\/p>\n\n<p>Transform Iran tarjoaa syv\u00e4llist\u00e4 ja henkil\u00f6kohtaista koulutusta, jotta lasten pastorit ja evankelistat voivat varmistaa, ett\u00e4 evankeliumin sanoma esitell\u00e4\u00e4n lapsille helposti omaksuttavalla ja heid\u00e4n syd\u00e4miins\u00e4 vetoavalla tavalla.<\/p>\n\n<p><\/p>\n\n<div class=\"wp-block-group has-blue-background-color has-background\"><div class=\"wp-block-group__inner-container is-layout-constrained wp-block-group-is-layout-constrained\">\n<h2 class=\"wp-block-heading has-white-color has-text-color has-link-color wp-elements-10fc90fa7e72681d0b106dcd8620e484\">Autatko sin\u00e4 kristittyj\u00e4 lapsia voittamaan?<\/h2>\n\n\n\n<p>Iranin lapset tarvitsevat apuamme selviyty\u00e4kseen kohtaamistaan haasteista ja pysy\u00e4kseen lujana uskossaan. Tukesi voi vaikuttaa iranilaislasten el\u00e4m\u00e4\u00e4n ja auttaa heit\u00e4 rakentamaan pysyvi\u00e4 suhteita Jeesukseen ja tulemaan rohkeiksi Kristuksen todistajiksi yhteis\u00f6iss\u00e4\u00e4n. <\/p>\n\n\n\n<div class=\"wp-block-buttons is-layout-flex wp-block-buttons-is-layout-flex\">\n<div class=\"wp-block-button\"><a class=\"wp-block-button__link wp-element-button\" href=\"https:\/\/transformiran.com\/fi\/donate\/\">Lahjoita nyt<\/a><\/div>\n<\/div>\n<\/div><\/div>\n\n<p><\/p>\n","protected":false},"excerpt":{"rendered":"<p>&#8220;Jeesus sanoi: &#8216;P\u00e4\u00e4st\u00e4k\u00e4\u00e4 pienet lapset minun luokseni \u00e4lk\u00e4\u00e4k\u00e4 est\u00e4k\u00f6 heit\u00e4, sill\u00e4 taivasten valtakunta kuuluu t\u00e4llaisille.&#8217;&#8221; Matt. 19:14 Iranin seuraavan sukupolven voimaannuttaminen Iranin lasten tavoittamisen t\u00e4rkeys Iranin lapsilla on edess\u00e4\u00e4n valtavia haasteita: sortohallinto, k\u00f6yhyys, sota ja kasvava mielenterveyskriisi. Monet heist\u00e4 ovat alttiina aikuisille, jotka kamppailevat masennuksen, ahdistuksen tai riippuvuuden kanssa, mik\u00e4 asettaa heid\u00e4t suureen traumariskiin. N\u00e4m\u00e4 [&hellip;]<\/p>\n","protected":false},"author":4,"featured_media":23443,"parent":12940,"menu_order":0,"comment_status":"closed","ping_status":"closed","template":"page-work.php","meta":{"_acf_changed":false,"give_campaign_id":0,"om_disable_all_campaigns":false,"_mi_skip_tracking":false,"footnotes":""},"class_list":["post-23637","page","type-page","status-publish","has-post-thumbnail","hentry"],"acf":[],"yoast_head":"<!-- This site is optimized with the Yoast SEO plugin v27.2 - https:\/\/yoast.com\/product\/yoast-seo-wordpress\/ -->\n<title>Lasten tavoittaminen - Transform Iran<\/title>\n<meta name=\"robots\" content=\"index, follow, max-snippet:-1, max-image-preview:large, max-video-preview:-1\" \/>\n<link rel=\"canonical\" href=\"https:\/\/transformiran.com\/fi\/meidan-tyomme\/lasten-tavoittaminen\/\" \/>\n<meta property=\"og:locale\" content=\"fi_FI\" \/>\n<meta property=\"og:type\" content=\"article\" \/>\n<meta property=\"og:title\" content=\"Lasten tavoittaminen - Transform Iran\" \/>\n<meta property=\"og:description\" content=\"&#8220;Jeesus sanoi: &#8216;P\u00e4\u00e4st\u00e4k\u00e4\u00e4 pienet lapset minun luokseni \u00e4lk\u00e4\u00e4k\u00e4 est\u00e4k\u00f6 heit\u00e4, sill\u00e4 taivasten valtakunta kuuluu t\u00e4llaisille.&#039;&#8221; Matt. 19:14 Iranin seuraavan sukupolven voimaannuttaminen Iranin lasten tavoittamisen t\u00e4rkeys Iranin lapsilla on edess\u00e4\u00e4n valtavia haasteita: sortohallinto, k\u00f6yhyys, sota ja kasvava mielenterveyskriisi. Monet heist\u00e4 ovat alttiina aikuisille, jotka kamppailevat masennuksen, ahdistuksen tai riippuvuuden kanssa, mik\u00e4 asettaa heid\u00e4t suureen traumariskiin. N\u00e4m\u00e4 [&hellip;]\" \/>\n<meta property=\"og:url\" content=\"https:\/\/transformiran.com\/fi\/meidan-tyomme\/lasten-tavoittaminen\/\" \/>\n<meta property=\"og:site_name\" content=\"Transform Iran\" \/>\n<meta property=\"article:publisher\" content=\"https:\/\/www.facebook.com\/222MinistriesUSAInc\" \/>\n<meta property=\"article:modified_time\" content=\"2025-04-25T21:08:50+00:00\" \/>\n<meta property=\"og:image\" content=\"https:\/\/transformiran.com\/app\/uploads\/2024\/06\/child-looking-up-landscape-scaled.jpg\" \/>\n\t<meta property=\"og:image:width\" content=\"3000\" \/>\n\t<meta property=\"og:image:height\" content=\"2369\" \/>\n\t<meta property=\"og:image:type\" content=\"image\/jpeg\" \/>\n<meta name=\"twitter:card\" content=\"summary_large_image\" \/>\n<meta name=\"twitter:site\" content=\"@222minint\" \/>\n<meta name=\"twitter:label1\" content=\"Est. reading time\" \/>\n\t<meta name=\"twitter:data1\" content=\"4 minutes\" \/>\n<script type=\"application\/ld+json\" class=\"yoast-schema-graph\">{\"@context\":\"https:\/\/schema.org\",\"@graph\":[{\"@type\":\"WebPage\",\"@id\":\"https:\/\/transformiran.com\/fi\/meidan-tyomme\/lasten-tavoittaminen\/\",\"url\":\"https:\/\/transformiran.com\/fi\/meidan-tyomme\/lasten-tavoittaminen\/\",\"name\":\"Lasten tavoittaminen - Transform Iran\",\"isPartOf\":{\"@id\":\"https:\/\/transformiran.com\/fi\/#website\"},\"primaryImageOfPage\":{\"@id\":\"https:\/\/transformiran.com\/fi\/meidan-tyomme\/lasten-tavoittaminen\/#primaryimage\"},\"image\":{\"@id\":\"https:\/\/transformiran.com\/fi\/meidan-tyomme\/lasten-tavoittaminen\/#primaryimage\"},\"thumbnailUrl\":\"https:\/\/transformiran.com\/app\/uploads\/2024\/06\/child-looking-up-landscape-scaled.jpg\",\"datePublished\":\"2024-06-03T22:45:38+00:00\",\"dateModified\":\"2025-04-25T21:08:50+00:00\",\"breadcrumb\":{\"@id\":\"https:\/\/transformiran.com\/fi\/meidan-tyomme\/lasten-tavoittaminen\/#breadcrumb\"},\"inLanguage\":\"fi\",\"potentialAction\":[{\"@type\":\"ReadAction\",\"target\":[\"https:\/\/transformiran.com\/fi\/meidan-tyomme\/lasten-tavoittaminen\/\"]}]},{\"@type\":\"ImageObject\",\"inLanguage\":\"fi\",\"@id\":\"https:\/\/transformiran.com\/fi\/meidan-tyomme\/lasten-tavoittaminen\/#primaryimage\",\"url\":\"https:\/\/transformiran.com\/app\/uploads\/2024\/06\/child-looking-up-landscape-scaled.jpg\",\"contentUrl\":\"https:\/\/transformiran.com\/app\/uploads\/2024\/06\/child-looking-up-landscape-scaled.jpg\",\"width\":3000,\"height\":2369},{\"@type\":\"BreadcrumbList\",\"@id\":\"https:\/\/transformiran.com\/fi\/meidan-tyomme\/lasten-tavoittaminen\/#breadcrumb\",\"itemListElement\":[{\"@type\":\"ListItem\",\"position\":1,\"name\":\"Home\",\"item\":\"https:\/\/transformiran.com\/fi\/home\/\"},{\"@type\":\"ListItem\",\"position\":2,\"name\":\"Ty\u00f6mme\",\"item\":\"https:\/\/transformiran.com\/fi\/meidan-tyomme\/\"},{\"@type\":\"ListItem\",\"position\":3,\"name\":\"Lasten tavoittaminen\"}]},{\"@type\":\"WebSite\",\"@id\":\"https:\/\/transformiran.com\/fi\/#website\",\"url\":\"https:\/\/transformiran.com\/fi\/\",\"name\":\"Transform Iran\",\"description\":\"Bringing the love and power of Christ to Iran - and beyond\",\"publisher\":{\"@id\":\"https:\/\/transformiran.com\/fi\/#organization\"},\"potentialAction\":[{\"@type\":\"SearchAction\",\"target\":{\"@type\":\"EntryPoint\",\"urlTemplate\":\"https:\/\/transformiran.com\/fi\/?s={search_term_string}\"},\"query-input\":{\"@type\":\"PropertyValueSpecification\",\"valueRequired\":true,\"valueName\":\"search_term_string\"}}],\"inLanguage\":\"fi\"},{\"@type\":\"Organization\",\"@id\":\"https:\/\/transformiran.com\/fi\/#organization\",\"name\":\"Transform Iran\",\"url\":\"https:\/\/transformiran.com\/fi\/\",\"logo\":{\"@type\":\"ImageObject\",\"inLanguage\":\"fi\",\"@id\":\"https:\/\/transformiran.com\/fi\/#\/schema\/logo\/image\/\",\"url\":\"https:\/\/transformiran.com\/app\/uploads\/2022\/11\/logo_grey.jpg\",\"contentUrl\":\"https:\/\/transformiran.com\/app\/uploads\/2022\/11\/logo_grey.jpg\",\"width\":528,\"height\":90,\"caption\":\"Transform Iran\"},\"image\":{\"@id\":\"https:\/\/transformiran.com\/fi\/#\/schema\/logo\/image\/\"},\"sameAs\":[\"https:\/\/www.facebook.com\/222MinistriesUSAInc\",\"https:\/\/x.com\/222minint\",\"https:\/\/www.instagram.com\/222ministriesinternational\/\"]}]}<\/script>\n<!-- \/ Yoast SEO plugin. -->","yoast_head_json":{"title":"Lasten tavoittaminen - Transform Iran","robots":{"index":"index","follow":"follow","max-snippet":"max-snippet:-1","max-image-preview":"max-image-preview:large","max-video-preview":"max-video-preview:-1"},"canonical":"https:\/\/transformiran.com\/fi\/meidan-tyomme\/lasten-tavoittaminen\/","og_locale":"fi_FI","og_type":"article","og_title":"Lasten tavoittaminen - Transform Iran","og_description":"&#8220;Jeesus sanoi: &#8216;P\u00e4\u00e4st\u00e4k\u00e4\u00e4 pienet lapset minun luokseni \u00e4lk\u00e4\u00e4k\u00e4 est\u00e4k\u00f6 heit\u00e4, sill\u00e4 taivasten valtakunta kuuluu t\u00e4llaisille.'&#8221; Matt. 19:14 Iranin seuraavan sukupolven voimaannuttaminen Iranin lasten tavoittamisen t\u00e4rkeys Iranin lapsilla on edess\u00e4\u00e4n valtavia haasteita: sortohallinto, k\u00f6yhyys, sota ja kasvava mielenterveyskriisi. Monet heist\u00e4 ovat alttiina aikuisille, jotka kamppailevat masennuksen, ahdistuksen tai riippuvuuden kanssa, mik\u00e4 asettaa heid\u00e4t suureen traumariskiin. N\u00e4m\u00e4 [&hellip;]","og_url":"https:\/\/transformiran.com\/fi\/meidan-tyomme\/lasten-tavoittaminen\/","og_site_name":"Transform Iran","article_publisher":"https:\/\/www.facebook.com\/222MinistriesUSAInc","article_modified_time":"2025-04-25T21:08:50+00:00","og_image":[{"width":3000,"height":2369,"url":"https:\/\/transformiran.com\/app\/uploads\/2024\/06\/child-looking-up-landscape-scaled.jpg","type":"image\/jpeg"}],"twitter_card":"summary_large_image","twitter_site":"@222minint","twitter_misc":{"Est. reading time":"4 minutes"},"schema":{"@context":"https:\/\/schema.org","@graph":[{"@type":"WebPage","@id":"https:\/\/transformiran.com\/fi\/meidan-tyomme\/lasten-tavoittaminen\/","url":"https:\/\/transformiran.com\/fi\/meidan-tyomme\/lasten-tavoittaminen\/","name":"Lasten tavoittaminen - Transform Iran","isPartOf":{"@id":"https:\/\/transformiran.com\/fi\/#website"},"primaryImageOfPage":{"@id":"https:\/\/transformiran.com\/fi\/meidan-tyomme\/lasten-tavoittaminen\/#primaryimage"},"image":{"@id":"https:\/\/transformiran.com\/fi\/meidan-tyomme\/lasten-tavoittaminen\/#primaryimage"},"thumbnailUrl":"https:\/\/transformiran.com\/app\/uploads\/2024\/06\/child-looking-up-landscape-scaled.jpg","datePublished":"2024-06-03T22:45:38+00:00","dateModified":"2025-04-25T21:08:50+00:00","breadcrumb":{"@id":"https:\/\/transformiran.com\/fi\/meidan-tyomme\/lasten-tavoittaminen\/#breadcrumb"},"inLanguage":"fi","potentialAction":[{"@type":"ReadAction","target":["https:\/\/transformiran.com\/fi\/meidan-tyomme\/lasten-tavoittaminen\/"]}]},{"@type":"ImageObject","inLanguage":"fi","@id":"https:\/\/transformiran.com\/fi\/meidan-tyomme\/lasten-tavoittaminen\/#primaryimage","url":"https:\/\/transformiran.com\/app\/uploads\/2024\/06\/child-looking-up-landscape-scaled.jpg","contentUrl":"https:\/\/transformiran.com\/app\/uploads\/2024\/06\/child-looking-up-landscape-scaled.jpg","width":3000,"height":2369},{"@type":"BreadcrumbList","@id":"https:\/\/transformiran.com\/fi\/meidan-tyomme\/lasten-tavoittaminen\/#breadcrumb","itemListElement":[{"@type":"ListItem","position":1,"name":"Home","item":"https:\/\/transformiran.com\/fi\/home\/"},{"@type":"ListItem","position":2,"name":"Ty\u00f6mme","item":"https:\/\/transformiran.com\/fi\/meidan-tyomme\/"},{"@type":"ListItem","position":3,"name":"Lasten tavoittaminen"}]},{"@type":"WebSite","@id":"https:\/\/transformiran.com\/fi\/#website","url":"https:\/\/transformiran.com\/fi\/","name":"Transform Iran","description":"Bringing the love and power of Christ to Iran - and beyond","publisher":{"@id":"https:\/\/transformiran.com\/fi\/#organization"},"potentialAction":[{"@type":"SearchAction","target":{"@type":"EntryPoint","urlTemplate":"https:\/\/transformiran.com\/fi\/?s={search_term_string}"},"query-input":{"@type":"PropertyValueSpecification","valueRequired":true,"valueName":"search_term_string"}}],"inLanguage":"fi"},{"@type":"Organization","@id":"https:\/\/transformiran.com\/fi\/#organization","name":"Transform Iran","url":"https:\/\/transformiran.com\/fi\/","logo":{"@type":"ImageObject","inLanguage":"fi","@id":"https:\/\/transformiran.com\/fi\/#\/schema\/logo\/image\/","url":"https:\/\/transformiran.com\/app\/uploads\/2022\/11\/logo_grey.jpg","contentUrl":"https:\/\/transformiran.com\/app\/uploads\/2022\/11\/logo_grey.jpg","width":528,"height":90,"caption":"Transform Iran"},"image":{"@id":"https:\/\/transformiran.com\/fi\/#\/schema\/logo\/image\/"},"sameAs":["https:\/\/www.facebook.com\/222MinistriesUSAInc","https:\/\/x.com\/222minint","https:\/\/www.instagram.com\/222ministriesinternational\/"]}]}},"campaignId":"","_links":{"self":[{"href":"https:\/\/transformiran.com\/fi\/wp-json\/wp\/v2\/pages\/23637","targetHints":{"allow":["GET"]}}],"collection":[{"href":"https:\/\/transformiran.com\/fi\/wp-json\/wp\/v2\/pages"}],"about":[{"href":"https:\/\/transformiran.com\/fi\/wp-json\/wp\/v2\/types\/page"}],"author":[{"embeddable":true,"href":"https:\/\/transformiran.com\/fi\/wp-json\/wp\/v2\/users\/4"}],"replies":[{"embeddable":true,"href":"https:\/\/transformiran.com\/fi\/wp-json\/wp\/v2\/comments?post=23637"}],"version-history":[{"count":0,"href":"https:\/\/transformiran.com\/fi\/wp-json\/wp\/v2\/pages\/23637\/revisions"}],"up":[{"embeddable":true,"href":"https:\/\/transformiran.com\/fi\/wp-json\/wp\/v2\/pages\/12940"}],"wp:featuredmedia":[{"embeddable":true,"href":"https:\/\/transformiran.com\/fi\/wp-json\/wp\/v2\/media\/23443"}],"wp:attachment":[{"href":"https:\/\/transformiran.com\/fi\/wp-json\/wp\/v2\/media?parent=23637"}],"curies":[{"name":"wp","href":"https:\/\/api.w.org\/{rel}","templated":true}]}}