{"id":35699,"date":"2026-02-06T15:07:52","date_gmt":"2026-02-06T15:07:52","guid":{"rendered":"https:\/\/transformiran.com\/?page_id=35699"},"modified":"2026-02-06T15:07:53","modified_gmt":"2026-02-06T15:07:53","slug":"iraniin-suuntautuvalla-matkalla-useita-kristittyja-varten-2","status":"publish","type":"page","link":"https:\/\/transformiran.com\/fi\/iraniin-suuntautuvalla-matkalla-useita-kristittyja-varten-2\/","title":{"rendered":"Iraniin suuntautuvalla matkalla useita kristittyj\u00e4 varten"},"content":{"rendered":"\n<p class=\"has-gold-color has-cream-background-color has-text-color has-background has-link-color has-medium-font-size wp-elements-548b9f3d5f5f2bd91a22973d49248aa2\"><\/p>\n\n\n\n<p><\/p>\n","protected":false},"excerpt":{"rendered":"","protected":false},"author":2,"featured_media":35371,"parent":0,"menu_order":0,"comment_status":"closed","ping_status":"closed","template":"","meta":{"_acf_changed":false,"give_campaign_id":0,"om_disable_all_campaigns":false,"_mi_skip_tracking":false,"footnotes":""},"class_list":["post-35699","page","type-page","status-publish","has-post-thumbnail","hentry"],"acf":[],"yoast_head":"<!-- This site is optimized with the Yoast SEO plugin v27.3 - https:\/\/yoast.com\/product\/yoast-seo-wordpress\/ -->\n<title>Iraniin suuntautuvalla matkalla useita kristittyj\u00e4 varten - Transform Iran<\/title>\n<meta name=\"description\" content=\"Arotinin matkat Iraniin, ja he ovat tulleet takaisin Iraniin ja l\u00e4hteneet sielt\u00e4. Bid, deel and stuur dringend hulp t\u00e4ss\u00e4 kriisiss\u00e4.\" \/>\n<meta name=\"robots\" content=\"index, follow, max-snippet:-1, max-image-preview:large, max-video-preview:-1\" \/>\n<link rel=\"canonical\" href=\"https:\/\/transformiran.com\/fi\/iraniin-suuntautuvalla-matkalla-useita-kristittyja-varten-2\/\" \/>\n<meta property=\"og:locale\" content=\"fi_FI\" \/>\n<meta property=\"og:type\" content=\"article\" \/>\n<meta property=\"og:title\" content=\"Iraniin suuntautuvalla matkalla useita kristittyj\u00e4 varten - Transform Iran\" \/>\n<meta property=\"og:description\" content=\"Arotinin matkat Iraniin, ja he ovat tulleet takaisin Iraniin ja l\u00e4hteneet sielt\u00e4. Bid, deel and stuur dringend hulp t\u00e4ss\u00e4 kriisiss\u00e4.\" \/>\n<meta property=\"og:url\" content=\"https:\/\/transformiran.com\/fi\/iraniin-suuntautuvalla-matkalla-useita-kristittyja-varten-2\/\" \/>\n<meta property=\"og:site_name\" content=\"Transform Iran\" \/>\n<meta property=\"article:publisher\" content=\"https:\/\/www.facebook.com\/222MinistriesUSAInc\" \/>\n<meta property=\"article:modified_time\" content=\"2026-02-06T15:07:53+00:00\" \/>\n<meta property=\"og:image\" content=\"https:\/\/transformiran.com\/app\/uploads\/2026\/02\/Aro01.jpeg\" \/>\n\t<meta property=\"og:image:width\" content=\"960\" \/>\n\t<meta property=\"og:image:height\" content=\"1280\" \/>\n\t<meta property=\"og:image:type\" content=\"image\/jpeg\" \/>\n<meta name=\"twitter:card\" content=\"summary_large_image\" \/>\n<meta name=\"twitter:site\" content=\"@222minint\" \/>\n<script type=\"application\/ld+json\" class=\"yoast-schema-graph\">{\"@context\":\"https:\\\/\\\/schema.org\",\"@graph\":[{\"@type\":\"WebPage\",\"@id\":\"https:\\\/\\\/transformiran.com\\\/fi\\\/iraniin-suuntautuvalla-matkalla-useita-kristittyja-varten-2\\\/\",\"url\":\"https:\\\/\\\/transformiran.com\\\/fi\\\/iraniin-suuntautuvalla-matkalla-useita-kristittyja-varten-2\\\/\",\"name\":\"Iraniin suuntautuvalla matkalla useita kristittyj\u00e4 varten - Transform Iran\",\"isPartOf\":{\"@id\":\"https:\\\/\\\/transformiran.com\\\/fi\\\/#website\"},\"primaryImageOfPage\":{\"@id\":\"https:\\\/\\\/transformiran.com\\\/fi\\\/iraniin-suuntautuvalla-matkalla-useita-kristittyja-varten-2\\\/#primaryimage\"},\"image\":{\"@id\":\"https:\\\/\\\/transformiran.com\\\/fi\\\/iraniin-suuntautuvalla-matkalla-useita-kristittyja-varten-2\\\/#primaryimage\"},\"thumbnailUrl\":\"https:\\\/\\\/transformiran.com\\\/app\\\/uploads\\\/2026\\\/02\\\/Aro01.jpeg\",\"datePublished\":\"2026-02-06T15:07:52+00:00\",\"dateModified\":\"2026-02-06T15:07:53+00:00\",\"description\":\"Arotinin matkat Iraniin, ja he ovat tulleet takaisin Iraniin ja l\u00e4hteneet sielt\u00e4. Bid, deel and stuur dringend hulp t\u00e4ss\u00e4 kriisiss\u00e4.\",\"breadcrumb\":{\"@id\":\"https:\\\/\\\/transformiran.com\\\/fi\\\/iraniin-suuntautuvalla-matkalla-useita-kristittyja-varten-2\\\/#breadcrumb\"},\"inLanguage\":\"fi\",\"potentialAction\":[{\"@type\":\"ReadAction\",\"target\":[\"https:\\\/\\\/transformiran.com\\\/fi\\\/iraniin-suuntautuvalla-matkalla-useita-kristittyja-varten-2\\\/\"]}]},{\"@type\":\"ImageObject\",\"inLanguage\":\"fi\",\"@id\":\"https:\\\/\\\/transformiran.com\\\/fi\\\/iraniin-suuntautuvalla-matkalla-useita-kristittyja-varten-2\\\/#primaryimage\",\"url\":\"https:\\\/\\\/transformiran.com\\\/app\\\/uploads\\\/2026\\\/02\\\/Aro01.jpeg\",\"contentUrl\":\"https:\\\/\\\/transformiran.com\\\/app\\\/uploads\\\/2026\\\/02\\\/Aro01.jpeg\",\"width\":960,\"height\":1280},{\"@type\":\"BreadcrumbList\",\"@id\":\"https:\\\/\\\/transformiran.com\\\/fi\\\/iraniin-suuntautuvalla-matkalla-useita-kristittyja-varten-2\\\/#breadcrumb\",\"itemListElement\":[{\"@type\":\"ListItem\",\"position\":1,\"name\":\"Home\",\"item\":\"https:\\\/\\\/transformiran.com\\\/fi\\\/home\\\/\"},{\"@type\":\"ListItem\",\"position\":2,\"name\":\"Iraniin suuntautuvalla matkalla useita kristittyj\u00e4 varten\"}]},{\"@type\":\"WebSite\",\"@id\":\"https:\\\/\\\/transformiran.com\\\/fi\\\/#website\",\"url\":\"https:\\\/\\\/transformiran.com\\\/fi\\\/\",\"name\":\"Transform Iran\",\"description\":\"Bringing the love and power of Christ to Iran - and beyond\",\"publisher\":{\"@id\":\"https:\\\/\\\/transformiran.com\\\/fi\\\/#organization\"},\"potentialAction\":[{\"@type\":\"SearchAction\",\"target\":{\"@type\":\"EntryPoint\",\"urlTemplate\":\"https:\\\/\\\/transformiran.com\\\/fi\\\/?s={search_term_string}\"},\"query-input\":{\"@type\":\"PropertyValueSpecification\",\"valueRequired\":true,\"valueName\":\"search_term_string\"}}],\"inLanguage\":\"fi\"},{\"@type\":\"Organization\",\"@id\":\"https:\\\/\\\/transformiran.com\\\/fi\\\/#organization\",\"name\":\"Transform Iran\",\"url\":\"https:\\\/\\\/transformiran.com\\\/fi\\\/\",\"logo\":{\"@type\":\"ImageObject\",\"inLanguage\":\"fi\",\"@id\":\"https:\\\/\\\/transformiran.com\\\/fi\\\/#\\\/schema\\\/logo\\\/image\\\/\",\"url\":\"https:\\\/\\\/transformiran.com\\\/app\\\/uploads\\\/2022\\\/11\\\/logo_grey.jpg\",\"contentUrl\":\"https:\\\/\\\/transformiran.com\\\/app\\\/uploads\\\/2022\\\/11\\\/logo_grey.jpg\",\"width\":528,\"height\":90,\"caption\":\"Transform Iran\"},\"image\":{\"@id\":\"https:\\\/\\\/transformiran.com\\\/fi\\\/#\\\/schema\\\/logo\\\/image\\\/\"},\"sameAs\":[\"https:\\\/\\\/www.facebook.com\\\/222MinistriesUSAInc\",\"https:\\\/\\\/x.com\\\/222minint\",\"https:\\\/\\\/www.instagram.com\\\/222ministriesinternational\\\/\"]}]}<\/script>\n<!-- \/ Yoast SEO plugin. -->","yoast_head_json":{"title":"Iraniin suuntautuvalla matkalla useita kristittyj\u00e4 varten - Transform Iran","description":"Arotinin matkat Iraniin, ja he ovat tulleet takaisin Iraniin ja l\u00e4hteneet sielt\u00e4. Bid, deel and stuur dringend hulp t\u00e4ss\u00e4 kriisiss\u00e4.","robots":{"index":"index","follow":"follow","max-snippet":"max-snippet:-1","max-image-preview":"max-image-preview:large","max-video-preview":"max-video-preview:-1"},"canonical":"https:\/\/transformiran.com\/fi\/iraniin-suuntautuvalla-matkalla-useita-kristittyja-varten-2\/","og_locale":"fi_FI","og_type":"article","og_title":"Iraniin suuntautuvalla matkalla useita kristittyj\u00e4 varten - Transform Iran","og_description":"Arotinin matkat Iraniin, ja he ovat tulleet takaisin Iraniin ja l\u00e4hteneet sielt\u00e4. Bid, deel and stuur dringend hulp t\u00e4ss\u00e4 kriisiss\u00e4.","og_url":"https:\/\/transformiran.com\/fi\/iraniin-suuntautuvalla-matkalla-useita-kristittyja-varten-2\/","og_site_name":"Transform Iran","article_publisher":"https:\/\/www.facebook.com\/222MinistriesUSAInc","article_modified_time":"2026-02-06T15:07:53+00:00","og_image":[{"width":960,"height":1280,"url":"https:\/\/transformiran.com\/app\/uploads\/2026\/02\/Aro01.jpeg","type":"image\/jpeg"}],"twitter_card":"summary_large_image","twitter_site":"@222minint","schema":{"@context":"https:\/\/schema.org","@graph":[{"@type":"WebPage","@id":"https:\/\/transformiran.com\/fi\/iraniin-suuntautuvalla-matkalla-useita-kristittyja-varten-2\/","url":"https:\/\/transformiran.com\/fi\/iraniin-suuntautuvalla-matkalla-useita-kristittyja-varten-2\/","name":"Iraniin suuntautuvalla matkalla useita kristittyj\u00e4 varten - Transform Iran","isPartOf":{"@id":"https:\/\/transformiran.com\/fi\/#website"},"primaryImageOfPage":{"@id":"https:\/\/transformiran.com\/fi\/iraniin-suuntautuvalla-matkalla-useita-kristittyja-varten-2\/#primaryimage"},"image":{"@id":"https:\/\/transformiran.com\/fi\/iraniin-suuntautuvalla-matkalla-useita-kristittyja-varten-2\/#primaryimage"},"thumbnailUrl":"https:\/\/transformiran.com\/app\/uploads\/2026\/02\/Aro01.jpeg","datePublished":"2026-02-06T15:07:52+00:00","dateModified":"2026-02-06T15:07:53+00:00","description":"Arotinin matkat Iraniin, ja he ovat tulleet takaisin Iraniin ja l\u00e4hteneet sielt\u00e4. Bid, deel and stuur dringend hulp t\u00e4ss\u00e4 kriisiss\u00e4.","breadcrumb":{"@id":"https:\/\/transformiran.com\/fi\/iraniin-suuntautuvalla-matkalla-useita-kristittyja-varten-2\/#breadcrumb"},"inLanguage":"fi","potentialAction":[{"@type":"ReadAction","target":["https:\/\/transformiran.com\/fi\/iraniin-suuntautuvalla-matkalla-useita-kristittyja-varten-2\/"]}]},{"@type":"ImageObject","inLanguage":"fi","@id":"https:\/\/transformiran.com\/fi\/iraniin-suuntautuvalla-matkalla-useita-kristittyja-varten-2\/#primaryimage","url":"https:\/\/transformiran.com\/app\/uploads\/2026\/02\/Aro01.jpeg","contentUrl":"https:\/\/transformiran.com\/app\/uploads\/2026\/02\/Aro01.jpeg","width":960,"height":1280},{"@type":"BreadcrumbList","@id":"https:\/\/transformiran.com\/fi\/iraniin-suuntautuvalla-matkalla-useita-kristittyja-varten-2\/#breadcrumb","itemListElement":[{"@type":"ListItem","position":1,"name":"Home","item":"https:\/\/transformiran.com\/fi\/home\/"},{"@type":"ListItem","position":2,"name":"Iraniin suuntautuvalla matkalla useita kristittyj\u00e4 varten"}]},{"@type":"WebSite","@id":"https:\/\/transformiran.com\/fi\/#website","url":"https:\/\/transformiran.com\/fi\/","name":"Transform Iran","description":"Bringing the love and power of Christ to Iran - and beyond","publisher":{"@id":"https:\/\/transformiran.com\/fi\/#organization"},"potentialAction":[{"@type":"SearchAction","target":{"@type":"EntryPoint","urlTemplate":"https:\/\/transformiran.com\/fi\/?s={search_term_string}"},"query-input":{"@type":"PropertyValueSpecification","valueRequired":true,"valueName":"search_term_string"}}],"inLanguage":"fi"},{"@type":"Organization","@id":"https:\/\/transformiran.com\/fi\/#organization","name":"Transform Iran","url":"https:\/\/transformiran.com\/fi\/","logo":{"@type":"ImageObject","inLanguage":"fi","@id":"https:\/\/transformiran.com\/fi\/#\/schema\/logo\/image\/","url":"https:\/\/transformiran.com\/app\/uploads\/2022\/11\/logo_grey.jpg","contentUrl":"https:\/\/transformiran.com\/app\/uploads\/2022\/11\/logo_grey.jpg","width":528,"height":90,"caption":"Transform Iran"},"image":{"@id":"https:\/\/transformiran.com\/fi\/#\/schema\/logo\/image\/"},"sameAs":["https:\/\/www.facebook.com\/222MinistriesUSAInc","https:\/\/x.com\/222minint","https:\/\/www.instagram.com\/222ministriesinternational\/"]}]}},"campaignId":"","_links":{"self":[{"href":"https:\/\/transformiran.com\/fi\/wp-json\/wp\/v2\/pages\/35699","targetHints":{"allow":["GET"]}}],"collection":[{"href":"https:\/\/transformiran.com\/fi\/wp-json\/wp\/v2\/pages"}],"about":[{"href":"https:\/\/transformiran.com\/fi\/wp-json\/wp\/v2\/types\/page"}],"author":[{"embeddable":true,"href":"https:\/\/transformiran.com\/fi\/wp-json\/wp\/v2\/users\/2"}],"replies":[{"embeddable":true,"href":"https:\/\/transformiran.com\/fi\/wp-json\/wp\/v2\/comments?post=35699"}],"version-history":[{"count":1,"href":"https:\/\/transformiran.com\/fi\/wp-json\/wp\/v2\/pages\/35699\/revisions"}],"predecessor-version":[{"id":35705,"href":"https:\/\/transformiran.com\/fi\/wp-json\/wp\/v2\/pages\/35699\/revisions\/35705"}],"wp:featuredmedia":[{"embeddable":true,"href":"https:\/\/transformiran.com\/fi\/wp-json\/wp\/v2\/media\/35371"}],"wp:attachment":[{"href":"https:\/\/transformiran.com\/fi\/wp-json\/wp\/v2\/media?parent=35699"}],"curies":[{"name":"wp","href":"https:\/\/api.w.org\/{rel}","templated":true}]}}