{"id":13938,"date":"2022-11-03T12:18:06","date_gmt":"2022-11-03T12:18:06","guid":{"rendered":"https:\/\/transformiran.com\/church-planting\/"},"modified":"2025-04-02T10:56:52","modified_gmt":"2025-04-02T09:56:52","slug":"church-planting","status":"publish","type":"page","link":"https:\/\/transformiran.com\/fr\/notre-travail\/church-planting\/","title":{"rendered":"Implantation d&#8217;une \u00e9glise"},"content":{"rendered":"\n<p>&#8220;Je b\u00e2tirai mon \u00c9glise, et les portes du s\u00e9jour des morts[c] ne l&#8217;emporteront pas sur elle. Matthieu 16:18<\/p>\n\n<p><\/p>\n\n<h2 class=\"wp-block-heading has-text-color has-link-color wp-elements-28a74570869f86563badf2a9e6b7537b\" style=\"color:#b38e44\">Foi et croissance de l&#8217;\u00c9glise en Iran<\/h2>\n\n<p>Au fond, Transform Iran est un minist\u00e8re d&#8217;implantation d&#8217;\u00e9glises. L&#8217;\u00c9glise est l&#8217;\u00c9pouse du Christ et un magnifique reflet de la gloire, de l&#8217;amour et de la puissance du Christ pour un monde qui a besoin d&#8217;un Sauveur. Les \u00e9glises Transform Iran (connues sous le nom de &#8216;222 Churches&#8217;) sont construites sur les principes de 2 Timoth\u00e9e 2:2, o\u00f9 le discipulat est au centre, et o\u00f9 des leaders fructueux, remplis de l&#8217;Esprit et oints sont d\u00e9velopp\u00e9s. Des leaders qui aimeront vraiment les perdus et activeront le corps du Christ dans une mission de transformation de la nation.   <\/p>\n\n<p><mark style=\"background-color:rgba(0, 0, 0, 0);color:#b38e44\" class=\"has-inline-color\">La vision est d&#8217;implanter, de nourrir et de faire grandir des \u00e9glises prosp\u00e8res et reproductives dans chaque ville et village d&#8217;Iran, dans les langues du c\u0153ur de tous les groupes de population d&#8217;Iran. Ainsi, le message de l&#8217;\u00c9vangile est clairement compris et re\u00e7u par tous les Iraniens, et la communion des saints est accessible \u00e0 tous.  <\/mark><\/p>\n\n<p><\/p>\n\n<h2 class=\"wp-block-heading has-text-color has-link-color wp-elements-0ad3fb4228469661b64a992472e93622\" style=\"color:#b38e44\">L&#8217;\u00c9glise iranienne dot\u00e9e de ressources pour la mission<\/h2>\n\n<p>Transform Iran implante des \u00e9glises qui sont enracin\u00e9es dans la Parole de Dieu, fortifi\u00e9es, dot\u00e9es de ressources, \u00e9quip\u00e9es et activement engag\u00e9es dans la mission de transformation de la nation.  <\/p>\n\n<p><mark style=\"background-color:rgba(0, 0, 0, 0);color:#b38e44\" class=\"has-inline-color\">Notre famille de &#8220;222 \u00e9glises&#8221; s&#8217;\u00e9tend sur 18 pays, y compris des centaines d&#8217;\u00e9glises dans plus de 50 villes en Iran.  <\/mark><\/p>\n\n<p>Les \u00c9glises de la diaspora participent activement \u00e0 la mission d&#8217;atteindre l&#8217;Iran, en se portant volontaires et en travaillant pour les divers projets et initiatives g\u00e9r\u00e9s par Transform Iran.  <\/p>\n\n<p>Les \u00c9glises d&#8217;Iran sont \u00e9galement activement engag\u00e9es dans la mission, malgr\u00e9 les risques auxquels elles sont confront\u00e9es.  <mark style=\"background-color:rgba(0, 0, 0, 0);color:#b38e44\" class=\"has-inline-color\">Le c\u0153ur pour les perdus l&#8217;emporte sur la peur du danger.  <\/mark><\/p>\n\n<p><\/p>\n\n<p><a href=\"https:\/\/transformiran.com\/fr\/notre-travail\/eglise-numerique\/\">D\u00e9couvrez notre \u00e9glise num\u00e9rique qui relie chaque mois plus de 20 000 Iraniens \u00e0 une communaut\u00e9 chr\u00e9tienne s\u00fbre.<\/a><\/p>\n\n<p><\/p>\n\n<figure class=\"wp-block-gallery has-nested-images columns-default is-cropped wp-block-gallery-1 is-layout-flex wp-block-gallery-is-layout-flex\">\n<figure class=\"wp-block-image size-full\"><img decoding=\"async\" width=\"3000\" height=\"2562\" data-id=\"25950\" src=\"https:\/\/transformiran.com\/app\/uploads\/2024\/09\/LeadDev09_19-26-scaled.jpeg\" alt=\"\" class=\"wp-image-25950\" srcset=\"https:\/\/transformiran.com\/app\/uploads\/2024\/09\/LeadDev09_19-26-scaled.jpeg 3000w, https:\/\/transformiran.com\/app\/uploads\/2024\/09\/LeadDev09_19-26-300x256.jpeg 300w, https:\/\/transformiran.com\/app\/uploads\/2024\/09\/LeadDev09_19-26-1024x875.jpeg 1024w, https:\/\/transformiran.com\/app\/uploads\/2024\/09\/LeadDev09_19-26-768x656.jpeg 768w, https:\/\/transformiran.com\/app\/uploads\/2024\/09\/LeadDev09_19-26-1536x1312.jpeg 1536w, https:\/\/transformiran.com\/app\/uploads\/2024\/09\/LeadDev09_19-26-2048x1749.jpeg 2048w\" sizes=\"(max-width: 3000px) 100vw, 3000px\" \/><\/figure>\n\n\n\n<figure class=\"wp-block-image size-full\"><img decoding=\"async\" width=\"1024\" height=\"576\" data-id=\"25943\" src=\"https:\/\/transformiran.com\/app\/uploads\/2024\/09\/OCJ-2023_Armenia_a.jpg\" alt=\"\" class=\"wp-image-25943\" srcset=\"https:\/\/transformiran.com\/app\/uploads\/2024\/09\/OCJ-2023_Armenia_a.jpg 1024w, https:\/\/transformiran.com\/app\/uploads\/2024\/09\/OCJ-2023_Armenia_a-300x169.jpg 300w, https:\/\/transformiran.com\/app\/uploads\/2024\/09\/OCJ-2023_Armenia_a-768x432.jpg 768w\" sizes=\"(max-width: 1024px) 100vw, 1024px\" \/><\/figure>\n<\/figure>\n\n<p><\/p>\n\n<h2 class=\"wp-block-heading has-text-color has-link-color wp-elements-de02cafa363c9df1a2afff0e9f06d9b9\" style=\"color:#b38e44\">Rencontres surnaturelles et croissance organique de l&#8217;\u00c9glise<\/h2>\n\n<p>L&#8217;Esprit de Dieu est \u00e0 l&#8217;\u0153uvre en Iran aujourd&#8217;hui et l&#8217;\u00c9glise est active et se d\u00e9veloppe plus rapidement que jamais &#8211; certains disent plus rapidement que partout ailleurs dans le monde.  <\/p>\n\n<p><\/p>\n\n<p>Ayant v\u00e9cu sous l&#8217;oppression du gouvernement et sous une th\u00e9ocratie islamique pendant des d\u00e9cennies, les Iraniens ont d\u00e9sesp\u00e9r\u00e9ment faim de v\u00e9rit\u00e9 et ils la recherchent activement ; ils recherchent le message que leur gouvernement s&#8217;acharne \u00e0 supprimer. Il est ill\u00e9gal pour les Iraniens de quitter l&#8217;islam, mais J\u00e9sus franchit toutes les barri\u00e8res et atteint directement les musulmans par le biais de r\u00eaves et de rencontres surnaturelles. Il les lib\u00e8re de leurs d\u00e9pendances, gu\u00e9rit leurs maladies et restaure leurs relations. La famille et les amis voient une vie transform\u00e9e et veulent en savoir plus. Au fur et \u00e0 mesure que de nouveaux membres s&#8217;ajoutent au corps, des \u00e9glises de maison sont implant\u00e9es organiquement.    <\/p>\n\n<p><\/p>\n\n<p>Avant la r\u00e9volution islamique de 1979, les croyants d&#8217;origine musulmane ne se comptaient que par centaines, alors qu&#8217;ils sont aujourd&#8217;hui plus d&#8217;un MILLION !<\/p>\n\n<p><\/p>\n\n<figure class=\"wp-block-embed is-type-video is-provider-youtube wp-block-embed-youtube wp-embed-aspect-16-9 wp-has-aspect-ratio\"><div class=\"wp-block-embed__wrapper\">\n<iframe title=\"The Church in Iran: A Light In The Darkness (2-Minute Reel)\" width=\"500\" height=\"281\" src=\"https:\/\/www.youtube.com\/embed\/l_atkc85C2s?feature=oembed\" frameborder=\"0\" allow=\"accelerometer; autoplay; clipboard-write; encrypted-media; gyroscope; picture-in-picture; web-share\" referrerpolicy=\"strict-origin-when-cross-origin\" allowfullscreen><\/iframe>\n<\/div><figcaption class=\"wp-element-caption\">Il est ill\u00e9gal pour les Iraniens de quitter l&#8217;islam, et pourtant l&#8217;\u00c9glise en Iran se d\u00e9veloppe plus rapidement que partout ailleurs dans le monde.<\/figcaption><\/figure>\n\n<div class=\"wp-block-buttons is-layout-flex wp-block-buttons-is-layout-flex\">\n<div class=\"wp-block-button\"><a class=\"wp-block-button__link has-white-color has-vivid-red-background-color has-text-color has-background has-link-color wp-element-button\" href=\"https:\/\/transformiran.com\/fr\/inscription-au-bulletin-dinformation\/\"><strong>D\u00e9veloppez votre foi : Recevez chaque mois des t\u00e9moignages de l&#8217;Eglise pers\u00e9cut\u00e9e en Iran<\/strong><\/a><\/div>\n<\/div>\n\n<p><\/p>\n\n<h2 class=\"wp-block-heading has-text-color has-link-color wp-elements-72be30901f6b1df3cc30abfcbb8d0d5a\" style=\"color:#b38e44\">Le mouvement iranien des \u00e9glises de maison<\/h2>\n\n<p>Transform Iran offre une gamme compl\u00e8te de <a href=\"https:\/\/transformiran.com\/fr\/notre-travail\/les-medias\/\">m\u00e9dias<\/a> qui pr\u00e9sentent l&#8217;\u00c9vangile aux demandeurs et les invitent \u00e0 un contact personnel avec notre \u00e9quipe de suivi d\u00e9vou\u00e9e. Des conseillers form\u00e9s prient pour ceux qui sont dans le besoin, conduisent les demandeurs vers le Christ et proposent une <a href=\"https:\/\/transformiran.com\/fr\/notre-travail\/formation-de-disciple\/\">formation de disciple<\/a> 1:1.   <\/p>\n\n<p><\/p>\n\n<p>Tout au long de ce parcours de formation, les th\u00e8mes abord\u00e9s seront l&#8217;\u00e9vang\u00e9lisation, l&#8217;apolog\u00e9tique et l&#8217;implantation d&#8217;\u00e9glises &#8211; car souvent, au cours de ce processus, la personne form\u00e9e devient involontairement un implanteur d&#8217;\u00e9glises.<\/p>\n\n<p><\/p>\n\n<blockquote class=\"wp-block-quote is-layout-flow wp-block-quote-is-layout-flow\">\n<p>Souvent, le conseiller est au t\u00e9l\u00e9phone et la personne dit : &#8220;J&#8217;ai dit \u00e0 tous mes amis et \u00e0 ma famille ce que vous m&#8217;avez dit, et maintenant, j&#8217;esp\u00e8re que cela ne vous d\u00e9range pas, je vous ai mis sur haut-parleur et nous sommes 30 dans la pi\u00e8ce et nous voulons tous savoir&#8221;. C&#8217;est ainsi que quelqu&#8217;un qui est devenu croyant il y a seulement quatre ou cinq mois implante par inadvertance une nouvelle \u00e9glise de maison. <\/p>\n<\/blockquote>\n\n<p><br\/>Au fur et \u00e0 mesure que la relation \u00e9volue, nous commen\u00e7ons \u00e0 les encadrer pour qu&#8217;ils s&#8217;occupent de cette &#8220;\u00e9glise de maison&#8221;. La plupart des \u00e9glises en Iran sont implant\u00e9es de cette mani\u00e8re. De vraies personnes vivant des vies authentiques brillent pour J\u00e9sus et cela se propage et de nouvelles \u00e9glises sont implant\u00e9es.  <\/p>\n\n<p><\/p>\n\n<figure class=\"wp-block-embed is-type-video is-provider-youtube wp-block-embed-youtube wp-embed-aspect-16-9 wp-has-aspect-ratio\"><div class=\"wp-block-embed__wrapper\">\n<iframe title=\"Jesus Makes Himself Known to Muslims (90-Second Reel)\" width=\"500\" height=\"281\" src=\"https:\/\/www.youtube.com\/embed\/6ppYVjwmtwA?feature=oembed\" frameborder=\"0\" allow=\"accelerometer; autoplay; clipboard-write; encrypted-media; gyroscope; picture-in-picture; web-share\" referrerpolicy=\"strict-origin-when-cross-origin\" allowfullscreen><\/iframe>\n<\/div><figcaption class=\"wp-element-caption\">La plupart des t\u00e9moignages de conversion de musulmans au christianisme sont dus \u00e0 une rencontre surnaturelle avec J\u00e9sus.<\/figcaption><\/figure>\n\n<h2 class=\"wp-block-heading has-text-color has-link-color wp-elements-ba972fa01c9626b928e68caf07dc18ba\" style=\"color:#b38e44\">L&#8217;\u00c9glise pers\u00e9cut\u00e9e d&#8217;Iran : Une lumi\u00e8re dans les t\u00e9n\u00e8bres<\/h2>\n\n<p><\/p>\n\n<p>&#8220;La lumi\u00e8re brille dans les t\u00e9n\u00e8bres, et les t\u00e9n\u00e8bres ne l&#8217;ont pas vaincue. Jean 1:5 <\/p>\n\n<p><\/p>\n\n<p>L&#8217;Iran est recouvert d&#8217;une \u00e9paisse obscurit\u00e9 de pers\u00e9cution, d&#8217;oppression, de propagande et de contr\u00f4le religieux. Ainsi, lorsque la lumi\u00e8re de J\u00e9sus brille, elle est particuli\u00e8rement \u00e9clatante. L\u00e0 o\u00f9 r\u00e8gnent l&#8217;agitation et le d\u00e9sespoir, les chr\u00e9tiens connaissent une paix qui d\u00e9passe l&#8217;entendement ; l\u00e0 o\u00f9 r\u00e8gne le d\u00e9sespoir, les chr\u00e9tiens connaissent la joie. Lorsque les communaut\u00e9s sont t\u00e9moins de vies transform\u00e9es de mani\u00e8re surnaturelle et authentique par J\u00e9sus, elles ne peuvent s&#8217;emp\u00eacher de demander \u00e0 comprendre comment.   <\/p>\n\n<p><\/p>\n\n<p>Les punitions pour avoir quitt\u00e9 l&#8217;islam sont s\u00e9v\u00e8res. Les chr\u00e9tiens iraniens risquent donc tout pour suivre J\u00e9sus et leur foi est mise \u00e0 l&#8217;\u00e9preuve au-del\u00e0 de tout ce que nous pouvons comprendre en Occident. Leur relation avec J\u00e9sus devient vraiment pr\u00e9cieuse et inestimable, elle vaut la peine que l&#8217;on meure pour elle. Il n&#8217;y a pas de chr\u00e9tiens ti\u00e8des en Iran.   <\/p>\n\n<p><\/p>\n\n<p><a href=\"https:\/\/transformiran.com\/fr\/notre-travail\/eglise-numerique\/\">D\u00e9couvrez notre \u00e9glise num\u00e9rique qui relie chaque mois plus de 20 000 Iraniens \u00e0 une communaut\u00e9 chr\u00e9tienne s\u00fbre.<\/a><\/p>\n\n<p><\/p>\n\n<h2 class=\"wp-block-heading has-text-color has-link-color wp-elements-8912aaef03d9c132e2cbe502099ebb4f\" style=\"color:#b38e44\">\u00c9glise en mission : Un eccl\u00e9siastique musulman se tourne vers le Christ<\/h2>\n\n<blockquote class=\"wp-block-quote is-layout-flow wp-block-quote-is-layout-flow\">\n<p>J&#8217;\u00e9tais un mollah qui donnait des cours de religion. Il y a deux ans, j&#8217;ai appris que j&#8217;avais un cancer du sein. J&#8217;ai \u00e9t\u00e9 mise en contact avec l&#8217;un des pasteurs qui m&#8217;a pr\u00e9sent\u00e9 J\u00e9sus et, malgr\u00e9 ma maladie, une lueur d&#8217;espoir s&#8217;est allum\u00e9e dans mon c\u0153ur, celle d&#8217;\u00eatre gu\u00e9rie. Pendant mon traitement, l&#8217;\u00e9glise m&#8217;a beaucoup aid\u00e9e par ses enseignements, ses pri\u00e8res et son aide \u00e9motionnelle et financi\u00e8re.  <\/p>\n\n\n\n<p>Aujourd&#8217;hui, je suis compl\u00e8tement gu\u00e9ri et, avec l&#8217;aide du minist\u00e8re, je suis un cours universitaire pour devenir enseignant et pr\u00e9senter J\u00e9sus \u00e0 la jeune g\u00e9n\u00e9ration.  <\/p>\n\n\n\n<p>Depuis deux ans que je connais Dieu, j&#8217;ai r\u00e9alis\u00e9 qu&#8217;il est mon pourvoyeur et qu&#8217;il est un Dieu grand et aimant. J&#8217;ai senti sa pr\u00e9sence tous les jours dans ma vie, m\u00eame si j&#8217;\u00e9tais un religieux musulman, je n&#8217;ai jamais eu ce sentiment de la pr\u00e9sence de Dieu que j&#8217;ai maintenant. Mon Seigneur J\u00e9sus Christ me guide et m&#8217;enseigne et m&#8217;a donn\u00e9 une nouvelle vie, et maintenant je suis tr\u00e8s heureuse de l&#8217;avoir dans ma vie, je sens sa pr\u00e9sence chaque jour et partout et je suis si heureuse qu&#8217;il m&#8217;ait choisie pour conna\u00eetre le vrai Dieu.<\/p>\n<\/blockquote>\n\n<div class=\"wp-block-buttons is-layout-flex wp-block-buttons-is-layout-flex\">\n<div class=\"wp-block-button\"><a class=\"wp-block-button__link has-white-color has-vivid-red-background-color has-text-color has-background has-link-color has-text-align-center wp-element-button\" href=\"https:\/\/transformiran.com\/fr\/inscription-au-bulletin-dinformation\/\"><strong>D\u00e9veloppez votre foi : Recevez chaque mois des t\u00e9moignages de l&#8217;Eglise pers\u00e9cut\u00e9e en Iran<\/strong><\/a><\/div>\n<\/div>\n\n<p><\/p>\n\n<p><\/p>\n","protected":false},"excerpt":{"rendered":"<p>&#8220;Je b\u00e2tirai mon \u00c9glise, et les portes du s\u00e9jour des morts[c] ne l&#8217;emporteront pas sur elle. Matthieu 16:18 Foi et croissance de l&#8217;\u00c9glise en Iran Au fond, Transform Iran est un minist\u00e8re d&#8217;implantation d&#8217;\u00e9glises. L&#8217;\u00c9glise est l&#8217;\u00c9pouse du Christ et un magnifique reflet de la gloire, de l&#8217;amour et de la puissance du Christ pour [&hellip;]<\/p>\n","protected":false},"author":1,"featured_media":0,"parent":14016,"menu_order":0,"comment_status":"closed","ping_status":"closed","template":"page-work.php","meta":{"_acf_changed":false,"give_campaign_id":0,"om_disable_all_campaigns":false,"_mi_skip_tracking":false,"footnotes":""},"class_list":["post-13938","page","type-page","status-publish","hentry"],"acf":[],"yoast_head":"<!-- This site is optimized with the Yoast SEO plugin v27.2 - https:\/\/yoast.com\/product\/yoast-seo-wordpress\/ -->\n<title>Implantation d&#039;une \u00e9glise - Transform Iran<\/title>\n<meta name=\"robots\" content=\"index, follow, max-snippet:-1, max-image-preview:large, max-video-preview:-1\" \/>\n<link rel=\"canonical\" href=\"https:\/\/transformiran.com\/fr\/notre-travail\/church-planting\/\" \/>\n<meta property=\"og:locale\" content=\"fr_FR\" \/>\n<meta property=\"og:type\" content=\"article\" \/>\n<meta property=\"og:title\" content=\"Implantation d&#039;une \u00e9glise - Transform Iran\" \/>\n<meta property=\"og:description\" content=\"&#8220;Je b\u00e2tirai mon \u00c9glise, et les portes du s\u00e9jour des morts[c] ne l&#8217;emporteront pas sur elle. Matthieu 16:18 Foi et croissance de l&#8217;\u00c9glise en Iran Au fond, Transform Iran est un minist\u00e8re d&#8217;implantation d&#8217;\u00e9glises. L&#8217;\u00c9glise est l&#8217;\u00c9pouse du Christ et un magnifique reflet de la gloire, de l&#8217;amour et de la puissance du Christ pour [&hellip;]\" \/>\n<meta property=\"og:url\" content=\"https:\/\/transformiran.com\/fr\/notre-travail\/church-planting\/\" \/>\n<meta property=\"og:site_name\" content=\"Transform Iran\" \/>\n<meta property=\"article:publisher\" content=\"https:\/\/www.facebook.com\/222MinistriesUSAInc\" \/>\n<meta property=\"article:modified_time\" content=\"2025-04-02T09:56:52+00:00\" \/>\n<meta property=\"og:image\" content=\"https:\/\/transformiran.com\/app\/uploads\/2024\/09\/LeadDev09_19-26-scaled.jpeg\" \/>\n\t<meta property=\"og:image:width\" content=\"3000\" \/>\n\t<meta property=\"og:image:height\" content=\"2562\" \/>\n\t<meta property=\"og:image:type\" content=\"image\/jpeg\" \/>\n<meta name=\"twitter:card\" content=\"summary_large_image\" \/>\n<meta name=\"twitter:site\" content=\"@222minint\" \/>\n<meta name=\"twitter:label1\" content=\"Est. reading time\" \/>\n\t<meta name=\"twitter:data1\" content=\"6 minutes\" \/>\n<script type=\"application\/ld+json\" class=\"yoast-schema-graph\">{\"@context\":\"https:\/\/schema.org\",\"@graph\":[{\"@type\":\"WebPage\",\"@id\":\"https:\/\/transformiran.com\/fr\/notre-travail\/church-planting\/\",\"url\":\"https:\/\/transformiran.com\/fr\/notre-travail\/church-planting\/\",\"name\":\"Implantation d'une \u00e9glise - Transform Iran\",\"isPartOf\":{\"@id\":\"https:\/\/transformiran.com\/fr\/#website\"},\"primaryImageOfPage\":{\"@id\":\"https:\/\/transformiran.com\/fr\/notre-travail\/church-planting\/#primaryimage\"},\"image\":{\"@id\":\"https:\/\/transformiran.com\/fr\/notre-travail\/church-planting\/#primaryimage\"},\"thumbnailUrl\":\"https:\/\/transformiran.com\/app\/uploads\/2024\/09\/LeadDev09_19-26-scaled.jpeg\",\"datePublished\":\"2022-11-03T12:18:06+00:00\",\"dateModified\":\"2025-04-02T09:56:52+00:00\",\"breadcrumb\":{\"@id\":\"https:\/\/transformiran.com\/fr\/notre-travail\/church-planting\/#breadcrumb\"},\"inLanguage\":\"fr-FR\",\"potentialAction\":[{\"@type\":\"ReadAction\",\"target\":[\"https:\/\/transformiran.com\/fr\/notre-travail\/church-planting\/\"]}]},{\"@type\":\"ImageObject\",\"inLanguage\":\"fr-FR\",\"@id\":\"https:\/\/transformiran.com\/fr\/notre-travail\/church-planting\/#primaryimage\",\"url\":\"https:\/\/transformiran.com\/app\/uploads\/2024\/09\/LeadDev09_19-26-scaled.jpeg\",\"contentUrl\":\"https:\/\/transformiran.com\/app\/uploads\/2024\/09\/LeadDev09_19-26-scaled.jpeg\"},{\"@type\":\"BreadcrumbList\",\"@id\":\"https:\/\/transformiran.com\/fr\/notre-travail\/church-planting\/#breadcrumb\",\"itemListElement\":[{\"@type\":\"ListItem\",\"position\":1,\"name\":\"Home\",\"item\":\"https:\/\/transformiran.com\/fr\/home\/\"},{\"@type\":\"ListItem\",\"position\":2,\"name\":\"Notre travail\",\"item\":\"https:\/\/transformiran.com\/fr\/notre-travail\/\"},{\"@type\":\"ListItem\",\"position\":3,\"name\":\"Implantation d&#8217;une \u00e9glise\"}]},{\"@type\":\"WebSite\",\"@id\":\"https:\/\/transformiran.com\/fr\/#website\",\"url\":\"https:\/\/transformiran.com\/fr\/\",\"name\":\"Transform Iran\",\"description\":\"Bringing the love and power of Christ to Iran - and beyond\",\"publisher\":{\"@id\":\"https:\/\/transformiran.com\/fr\/#organization\"},\"potentialAction\":[{\"@type\":\"SearchAction\",\"target\":{\"@type\":\"EntryPoint\",\"urlTemplate\":\"https:\/\/transformiran.com\/fr\/?s={search_term_string}\"},\"query-input\":{\"@type\":\"PropertyValueSpecification\",\"valueRequired\":true,\"valueName\":\"search_term_string\"}}],\"inLanguage\":\"fr-FR\"},{\"@type\":\"Organization\",\"@id\":\"https:\/\/transformiran.com\/fr\/#organization\",\"name\":\"Transform Iran\",\"url\":\"https:\/\/transformiran.com\/fr\/\",\"logo\":{\"@type\":\"ImageObject\",\"inLanguage\":\"fr-FR\",\"@id\":\"https:\/\/transformiran.com\/fr\/#\/schema\/logo\/image\/\",\"url\":\"https:\/\/transformiran.com\/app\/uploads\/2022\/11\/logo_grey.jpg\",\"contentUrl\":\"https:\/\/transformiran.com\/app\/uploads\/2022\/11\/logo_grey.jpg\",\"width\":528,\"height\":90,\"caption\":\"Transform Iran\"},\"image\":{\"@id\":\"https:\/\/transformiran.com\/fr\/#\/schema\/logo\/image\/\"},\"sameAs\":[\"https:\/\/www.facebook.com\/222MinistriesUSAInc\",\"https:\/\/x.com\/222minint\",\"https:\/\/www.instagram.com\/222ministriesinternational\/\"]}]}<\/script>\n<!-- \/ Yoast SEO plugin. -->","yoast_head_json":{"title":"Implantation d'une \u00e9glise - Transform Iran","robots":{"index":"index","follow":"follow","max-snippet":"max-snippet:-1","max-image-preview":"max-image-preview:large","max-video-preview":"max-video-preview:-1"},"canonical":"https:\/\/transformiran.com\/fr\/notre-travail\/church-planting\/","og_locale":"fr_FR","og_type":"article","og_title":"Implantation d'une \u00e9glise - Transform Iran","og_description":"&#8220;Je b\u00e2tirai mon \u00c9glise, et les portes du s\u00e9jour des morts[c] ne l&#8217;emporteront pas sur elle. Matthieu 16:18 Foi et croissance de l&#8217;\u00c9glise en Iran Au fond, Transform Iran est un minist\u00e8re d&#8217;implantation d&#8217;\u00e9glises. L&#8217;\u00c9glise est l&#8217;\u00c9pouse du Christ et un magnifique reflet de la gloire, de l&#8217;amour et de la puissance du Christ pour [&hellip;]","og_url":"https:\/\/transformiran.com\/fr\/notre-travail\/church-planting\/","og_site_name":"Transform Iran","article_publisher":"https:\/\/www.facebook.com\/222MinistriesUSAInc","article_modified_time":"2025-04-02T09:56:52+00:00","og_image":[{"width":3000,"height":2562,"url":"https:\/\/transformiran.com\/app\/uploads\/2024\/09\/LeadDev09_19-26-scaled.jpeg","type":"image\/jpeg"}],"twitter_card":"summary_large_image","twitter_site":"@222minint","twitter_misc":{"Est. reading time":"6 minutes"},"schema":{"@context":"https:\/\/schema.org","@graph":[{"@type":"WebPage","@id":"https:\/\/transformiran.com\/fr\/notre-travail\/church-planting\/","url":"https:\/\/transformiran.com\/fr\/notre-travail\/church-planting\/","name":"Implantation d'une \u00e9glise - Transform Iran","isPartOf":{"@id":"https:\/\/transformiran.com\/fr\/#website"},"primaryImageOfPage":{"@id":"https:\/\/transformiran.com\/fr\/notre-travail\/church-planting\/#primaryimage"},"image":{"@id":"https:\/\/transformiran.com\/fr\/notre-travail\/church-planting\/#primaryimage"},"thumbnailUrl":"https:\/\/transformiran.com\/app\/uploads\/2024\/09\/LeadDev09_19-26-scaled.jpeg","datePublished":"2022-11-03T12:18:06+00:00","dateModified":"2025-04-02T09:56:52+00:00","breadcrumb":{"@id":"https:\/\/transformiran.com\/fr\/notre-travail\/church-planting\/#breadcrumb"},"inLanguage":"fr-FR","potentialAction":[{"@type":"ReadAction","target":["https:\/\/transformiran.com\/fr\/notre-travail\/church-planting\/"]}]},{"@type":"ImageObject","inLanguage":"fr-FR","@id":"https:\/\/transformiran.com\/fr\/notre-travail\/church-planting\/#primaryimage","url":"https:\/\/transformiran.com\/app\/uploads\/2024\/09\/LeadDev09_19-26-scaled.jpeg","contentUrl":"https:\/\/transformiran.com\/app\/uploads\/2024\/09\/LeadDev09_19-26-scaled.jpeg"},{"@type":"BreadcrumbList","@id":"https:\/\/transformiran.com\/fr\/notre-travail\/church-planting\/#breadcrumb","itemListElement":[{"@type":"ListItem","position":1,"name":"Home","item":"https:\/\/transformiran.com\/fr\/home\/"},{"@type":"ListItem","position":2,"name":"Notre travail","item":"https:\/\/transformiran.com\/fr\/notre-travail\/"},{"@type":"ListItem","position":3,"name":"Implantation d&#8217;une \u00e9glise"}]},{"@type":"WebSite","@id":"https:\/\/transformiran.com\/fr\/#website","url":"https:\/\/transformiran.com\/fr\/","name":"Transform Iran","description":"Bringing the love and power of Christ to Iran - and beyond","publisher":{"@id":"https:\/\/transformiran.com\/fr\/#organization"},"potentialAction":[{"@type":"SearchAction","target":{"@type":"EntryPoint","urlTemplate":"https:\/\/transformiran.com\/fr\/?s={search_term_string}"},"query-input":{"@type":"PropertyValueSpecification","valueRequired":true,"valueName":"search_term_string"}}],"inLanguage":"fr-FR"},{"@type":"Organization","@id":"https:\/\/transformiran.com\/fr\/#organization","name":"Transform Iran","url":"https:\/\/transformiran.com\/fr\/","logo":{"@type":"ImageObject","inLanguage":"fr-FR","@id":"https:\/\/transformiran.com\/fr\/#\/schema\/logo\/image\/","url":"https:\/\/transformiran.com\/app\/uploads\/2022\/11\/logo_grey.jpg","contentUrl":"https:\/\/transformiran.com\/app\/uploads\/2022\/11\/logo_grey.jpg","width":528,"height":90,"caption":"Transform Iran"},"image":{"@id":"https:\/\/transformiran.com\/fr\/#\/schema\/logo\/image\/"},"sameAs":["https:\/\/www.facebook.com\/222MinistriesUSAInc","https:\/\/x.com\/222minint","https:\/\/www.instagram.com\/222ministriesinternational\/"]}]}},"campaignId":"","_links":{"self":[{"href":"https:\/\/transformiran.com\/fr\/wp-json\/wp\/v2\/pages\/13938","targetHints":{"allow":["GET"]}}],"collection":[{"href":"https:\/\/transformiran.com\/fr\/wp-json\/wp\/v2\/pages"}],"about":[{"href":"https:\/\/transformiran.com\/fr\/wp-json\/wp\/v2\/types\/page"}],"author":[{"embeddable":true,"href":"https:\/\/transformiran.com\/fr\/wp-json\/wp\/v2\/users\/1"}],"replies":[{"embeddable":true,"href":"https:\/\/transformiran.com\/fr\/wp-json\/wp\/v2\/comments?post=13938"}],"version-history":[{"count":0,"href":"https:\/\/transformiran.com\/fr\/wp-json\/wp\/v2\/pages\/13938\/revisions"}],"up":[{"embeddable":true,"href":"https:\/\/transformiran.com\/fr\/wp-json\/wp\/v2\/pages\/14016"}],"wp:attachment":[{"href":"https:\/\/transformiran.com\/fr\/wp-json\/wp\/v2\/media?parent=13938"}],"curies":[{"name":"wp","href":"https:\/\/api.w.org\/{rel}","templated":true}]}}