{"id":13941,"date":"2022-11-04T11:02:40","date_gmt":"2022-11-04T11:02:40","guid":{"rendered":"https:\/\/transformiran.com\/notre-histoire\/"},"modified":"2026-04-02T02:19:21","modified_gmt":"2026-04-02T01:19:21","slug":"notre-histoire","status":"publish","type":"page","link":"https:\/\/transformiran.com\/fr\/notre-histoire\/","title":{"rendered":"Notre histoire"},"content":{"rendered":"\n<p>Lazarus et Maggie Yeghnazar sont n\u00e9s et ont grandi en Iran et ont servi l&#8217;\u00c9glise iranienne toute leur vie. En 1988, ils ont ressenti l&#8217;appel de Dieu \u00e0 d\u00e9placer leur jeune famille vers l&#8217;ouest. Ils ont d\u00fb se battre pour prendre cette d\u00e9cision, car leur c\u0153ur \u00e9tait attach\u00e9 \u00e0 l&#8217;Iran et \u00e0 l&#8217;\u00c9glise qui y est de plus en plus pers\u00e9cut\u00e9e. Selon leurs propres termes, &#8220;nous ne voulions pas abandonner notre troupeau&#8221;. Cependant, par une s\u00e9rie d&#8217;interventions surnaturelles, Dieu leur a fait comprendre, ainsi qu&#8217;aux pasteurs qu&#8217;ils respectent, qu&#8217;il avait un autre plan pour eux. Par ob\u00e9issance, ils sont partis pour l&#8217;Europe en 1988. Apr\u00e8s leur d\u00e9m\u00e9nagement, Dieu a parl\u00e9 :<\/p>\n\n<p>&#8220;L&#8217;\u00c9glise en Iran sera bient\u00f4t r\u00e9duite \u00e0 la clandestinit\u00e9. Mais un jour, l&#8217;Iran sera ouvert \u00e0 l&#8217;\u00c9vangile. Votre mission est d&#8217;aider l&#8217;\u00c9glise iranienne \u00e0 se pr\u00e9parer \u00e0 cette ouverture et \u00e0 la moisson qu&#8217;elle apportera. \u00c9levez des leaders qui peuvent passer le relais et en \u00e9lever d&#8217;autres. Pr\u00e9parez les ouvriers. Pr\u00e9parez les gens !&#8221;<\/p>\n\n<p>Ils ont commenc\u00e9 par rassembler le nombre croissant de chr\u00e9tiens iraniens \u00e9migr\u00e9s \u00e0 l&#8217;ouest, en les r\u00e9unissant et en les r\u00e9orientant vers leur pays, l&#8217;Iran. En 1991, ils ont rassembl\u00e9 un grand nombre de chr\u00e9tiens iraniens dispers\u00e9s pour une conf\u00e9rence au Danemark. C&#8217;est devenu un moment important de communion et de formation de disciples, car ils ont pri\u00e9 et entendu Dieu ensemble. Au fur et \u00e0 mesure que la communaut\u00e9 s&#8217;est d\u00e9velopp\u00e9e, Lazarus et Maggie ont ressenti le besoin d&#8217;\u00e9tablir un nom commun pour unir toutes les parties. Alors qu&#8217;ils priaient, ils ont senti Dieu imprimer &#8220;2, 2, 2&#8221; sur leur c\u0153ur. Ils ont cherch\u00e9 dans la Bible et ont d\u00e9couvert que 2 Timoth\u00e9e 2:2 \u00e9non\u00e7ait clairement la vision du minist\u00e8re qui leur avait \u00e9t\u00e9 confi\u00e9 :<\/p>\n\n<p>&#8220;&#8230;et ce que vous m&#8217;avez entendu dire en pr\u00e9sence de nombreux t\u00e9moins, confiez-le \u00e0 des hommes dignes de foi, qui aient aussi la capacit\u00e9 de l&#8217;enseigner \u00e0 d&#8217;autres&#8221;. Il s&#8217;agissait d&#8217;un minist\u00e8re qui voyait, envisageait, mandatait et \u00e9quipait des personnes pour qu&#8217;elles exercent un minist\u00e8re aupr\u00e8s de l&#8217;Iran. Des personnes qui feraient ensuite la m\u00eame chose pour d&#8217;autres &#8211; et c&#8217;est ainsi que l&#8217;\u0153uvre a \u00e9t\u00e9 baptis\u00e9e &#8220;222 Ministries&#8221;.<\/p>\n\n<p>Pendant plus de trois d\u00e9cennies, ils ont travaill\u00e9 et servi ensemble en tant que 222 Ministries, se d\u00e9veloppant en termes d&#8217;impact et de vision. En 2022, il est devenu clair que, bien que le discipulat et le d\u00e9veloppement du leadership soient toujours au c\u0153ur du travail, la vision s&#8217;\u00e9tait \u00e9largie pour voir la transformation dans tout l&#8217;Iran. En novembre 2022, &#8220;222 Ministries&#8221; est devenu &#8220;Transform Iran&#8221; et les plus de 100 \u00e9glises du r\u00e9seau se sont regroup\u00e9es sous la banni\u00e8re de &#8220;222 Churches&#8221;, se souvenant du mandat de former des disciples qui formeront d&#8217;autres disciples au fur et \u00e0 mesure de l&#8217;expansion de l&#8217;\u00c9glise. <\/p>\n\n<p>Transform Iran continue \u00e0 former des leaders pour implanter des \u00e9glises qui visent \u00e0 transformer la nation iranienne. Gr\u00e2ce \u00e0 ce minist\u00e8re et \u00e0 la gr\u00e2ce de Dieu, des \u00e9glises ont \u00e9t\u00e9 \u00e9tablies dans 17 pays, dont des centaines d&#8217;\u00e9glises clandestines en Iran et sept en Afghanistan.   <strong>Plus de 100 000 personnes sont devenues des disciples du Christ, des milliers ont \u00e9t\u00e9 directement form\u00e9s et des milliers de responsables ont \u00e9t\u00e9 form\u00e9s et lib\u00e9r\u00e9s dans le cadre de leur minist\u00e8re.<\/strong><\/p>\n\n<p>Transform Iran a \u00e9t\u00e9 \u00e0 l&#8217;origine de nombreuses initiatives strat\u00e9giques et a l&#8217;honneur d&#8217;avoir ouvert la voie \u00e0 de nombreux autres minist\u00e8res qui, ensemble, servent la nation iranienne. Il s&#8217;agit notamment de la t\u00e9l\u00e9vision chr\u00e9tienne en langue farsi, de l&#8217;\u00e9glise num\u00e9rique en langue farsi, de l&#8217;apolog\u00e9tique en langue farsi, des nouvelles chr\u00e9tiennes en langue farsi, ainsi que d&#8217;un large \u00e9ventail d&#8217;autres activit\u00e9s qui garantissent que tous les aspects de la soci\u00e9t\u00e9 iranienne sont touch\u00e9s par le puissant message de l&#8217;\u00c9vangile.<\/p>\n\n<h2 class=\"wp-block-heading\">Rencontrez les fondateurs<\/h2>\n\n<h3 class=\"wp-block-heading\">Lazare<\/h3>\n\n<figure class=\"wp-block-image size-full\"><img decoding=\"async\" width=\"1024\" height=\"683\" src=\"https:\/\/transformiran.com\/app\/uploads\/2022\/11\/laz2.jpeg\" alt=\"\" class=\"wp-image-6653\" srcset=\"https:\/\/transformiran.com\/app\/uploads\/2022\/11\/laz2.jpeg 1024w, https:\/\/transformiran.com\/app\/uploads\/2022\/11\/laz2-300x200.jpeg 300w, https:\/\/transformiran.com\/app\/uploads\/2022\/11\/laz2-768x512.jpeg 768w\" sizes=\"(max-width: 1024px) 100vw, 1024px\" \/><\/figure>\n\n<p>Lazarus Yeghnazar est n\u00e9 \u00e0 T\u00e9h\u00e9ran, en Iran, en 1949, dans une famille chr\u00e9tienne arm\u00e9nienne. \u00c0 l&#8217;\u00e2ge de six ans, il a eu une vision de J\u00e9sus et a engag\u00e9 sa vie \u00e0 son service. \u00c0 21 ans, Lazare a \u00e9t\u00e9 ordonn\u00e9 ancien de l&#8217;\u00c9glise centrale Jamaate Rabani \u00e0 T\u00e9h\u00e9ran et nomm\u00e9 membre de la direction g\u00e9n\u00e9rale de ces \u00e9glises dans tout l&#8217;Iran.<\/p>\n\n<p>\u00c0 23 ans, bien qu&#8217;il ait appris l&#8217;anglais en autodidacte, Lazarus est devenu le chef du service de traduction du minist\u00e8re de la guerre en Iran et le traducteur officiel du vice-ministre de la guerre en Iran.<\/p>\n\n<p>Il a \u00e9t\u00e9 emprisonn\u00e9 deux fois avant l&#8217;\u00e2ge de 25 ans pour avoir pr\u00each\u00e9 l&#8217;\u00c9vangile dans diff\u00e9rentes villes d&#8217;Iran (\u00e0 l&#8217;\u00e9poque du Shah). Il a \u00e9t\u00e9 re\u00e7u en audience officielle par le roi et la reine d&#8217;Iran \u00e0 l&#8217;\u00e2ge de 27 ans. Des ann\u00e9es plus tard, sur invitation sp\u00e9ciale, il a rencontr\u00e9 le prince couronn\u00e9 Reza Pahlavi (alors en exil) et a pri\u00e9 avec lui.<\/p>\n\n<p>Apr\u00e8s la r\u00e9volution islamique, lorsque les otages ont \u00e9t\u00e9 captur\u00e9s \u00e0 l&#8217;ambassade am\u00e9ricaine, il a \u00e9t\u00e9 le seul \u00e0 \u00eatre appel\u00e9 \u00e0 diriger les services de No\u00ebl et de P\u00e2ques pour les otages.<\/p>\n\n<p>M. Lazarus a \u00e9galement cr\u00e9\u00e9 Pars Link, l&#8217;une des premi\u00e8res soci\u00e9t\u00e9s d&#8217;ing\u00e9nierie \u00e9lectronique en Iran, et est devenu un homme d&#8217;affaires international prosp\u00e8re. \u00c0 30 ans, il a fond\u00e9 et dirig\u00e9 la premi\u00e8re section de T\u00e9h\u00e9ran de l&#8217;association Full Gospel Businessmen&#8217;s Fellowship International.<\/p>\n\n<p>En 1988, apr\u00e8s la fin de la guerre de huit ans entre l&#8217;Iran et l&#8217;Irak, Lazare et Maggie ont senti que Dieu les poussait \u00e0 quitter l&#8217;Iran et \u00e0 s&#8217;installer en Europe. En 1991, ils ont cr\u00e9\u00e9 222 Ministries en ob\u00e9issant \u00e0 l&#8217;appel de Dieu. En 2022, &#8220;222 Ministries&#8221; est devenu &#8220;Transform Iran&#8221; pour mieux communiquer la vision \u00e9largie qu&#8217;ils ont re\u00e7ue du Seigneur. En 2026, Lazare a transmis la direction de Transform Iran \u00e0 sa fille, Lana, tout en continuant \u00e0 servir en tant que superviseur de 222 Churches. Dans ses nouvelles fonctions, Lazarus consacre son temps \u00e0 susciter, former, encadrer et lib\u00e9rer des pasteurs dou\u00e9s et \u00e0 superviser les centaines d&#8217;\u00e9glises du r\u00e9seau Transform Iran. <\/p>\n\n<p>Lazare a un esprit strat\u00e9gique de pionnier. Il voit ce qui se passe et ce qui doit \u00eatre fait, et il a le courage et la voix pour mener l\u00e0 o\u00f9 d&#8217;autres h\u00e9sitent \u00e0 aller.<\/p>\n\n<h3 class=\"wp-block-heading\">Maggie<\/h3>\n\n<figure class=\"wp-block-image size-full\"><img decoding=\"async\" width=\"1024\" height=\"683\" src=\"https:\/\/transformiran.com\/app\/uploads\/2022\/11\/mag2.jpeg\" alt=\"\" class=\"wp-image-6654\" srcset=\"https:\/\/transformiran.com\/app\/uploads\/2022\/11\/mag2.jpeg 1024w, https:\/\/transformiran.com\/app\/uploads\/2022\/11\/mag2-300x200.jpeg 300w, https:\/\/transformiran.com\/app\/uploads\/2022\/11\/mag2-768x512.jpeg 768w\" sizes=\"(max-width: 1024px) 100vw, 1024px\" \/><\/figure>\n\n<p>Maggie Yeghnazar (n\u00e9e Minassian) est n\u00e9e \u00e0 T\u00e9h\u00e9ran, en Iran, en 1953, dans une famille arm\u00e9nienne, nominalement chr\u00e9tienne. \u00c0 l&#8217;\u00e2ge de dix ans, elle a accept\u00e9 J\u00e9sus comme son Seigneur et Sauveur et s&#8217;est investie dans tous les aspects de la vie spirituelle et du service dans l&#8217;\u00c9glise iranienne nouvellement \u00e9tablie \u00e0 T\u00e9h\u00e9ran.<\/p>\n\n<p>D\u00e8s son adolescence, Maggie s&#8217;est engag\u00e9e \u00e0 servir partout o\u00f9 il y avait un besoin. Sa principale passion a toujours \u00e9t\u00e9 d&#8217;\u00e9tudier et d&#8217;enseigner la parole de Dieu &#8211; un domaine dans lequel elle est tr\u00e8s dou\u00e9e. Elle a enseign\u00e9 dans diverses \u00e9coles bibliques, conf\u00e9rences et programmes t\u00e9l\u00e9vis\u00e9s, tant en Iran qu&#8217;\u00e0 l&#8217;\u00e9tranger. Elle a r\u00e9dig\u00e9 et traduit d&#8217;innombrables ouvrages destin\u00e9s \u00e0 l&#8217;\u00e9dification de l&#8217;\u00c9glise et a mis au point des cours de formation de disciples strat\u00e9giques et novateurs \u00e0 l&#8217;intention de l&#8217;\u00c9glise grandissante en Iran.<\/p>\n\n<p>Elle-m\u00eame ministre ordonn\u00e9e, elle est l&#8217;une des premi\u00e8res voix f\u00e9minines de l&#8217;\u00c9glise iranienne et a ouvert la voie \u00e0 de nombreuses femmes pour qu&#8217;elles se l\u00e8vent et se fassent entendre au sein de la mission. Elle continue d&#8217;inspirer et d&#8217;encadrer des hommes et des femmes \u00e0 travers l&#8217;Iran et la diaspora iranienne pour qu&#8217;ils suivent l&#8217;appel de Dieu dans leur vie.<\/p>\n\n<p>En 1991, elle a cofond\u00e9 222 Ministries avec Lazarus, o\u00f9 elle a \u00e9t\u00e9 membre du conseil d&#8217;administration, directrice du coll\u00e8ge biblique, directrice des femmes et directrice des publications. Aujourd&#8217;hui, elle est directrice de la th\u00e9ologie et des programmes d&#8217;\u00e9tudes, veillant \u00e0 ce que tous les produits et programmes en expansion de Transform Iran continuent d&#8217;\u00eatre profond\u00e9ment enracin\u00e9s dans un enseignement biblique pr\u00e9cis. <\/p>\n\n<p>Maggie est titulaire d&#8217;une licence en litt\u00e9rature anglaise du Damavand College de T\u00e9h\u00e9ran, en Iran, et d&#8217;une licence en Bible et th\u00e9ologie.<\/p>\n\n<p>Elle est une dirigeante, une enseignante et une mentor dou\u00e9e, innovante et pionni\u00e8re, passionn\u00e9e par la Parole de Dieu.<\/p>\n","protected":false},"excerpt":{"rendered":"<p>Lazarus et Maggie Yeghnazar sont n\u00e9s et ont grandi en Iran et ont servi l&#8217;\u00c9glise iranienne toute leur vie. En 1988, ils ont ressenti l&#8217;appel de Dieu \u00e0 d\u00e9placer leur jeune famille vers l&#8217;ouest. Ils ont d\u00fb se battre pour prendre cette d\u00e9cision, car leur c\u0153ur \u00e9tait attach\u00e9 \u00e0 l&#8217;Iran et \u00e0 l&#8217;\u00c9glise qui y [&hellip;]<\/p>\n","protected":false},"author":1,"featured_media":13949,"parent":0,"menu_order":0,"comment_status":"closed","ping_status":"closed","template":"page-basic.php","meta":{"_acf_changed":false,"give_campaign_id":0,"om_disable_all_campaigns":false,"_mi_skip_tracking":false,"footnotes":""},"class_list":["post-13941","page","type-page","status-publish","has-post-thumbnail","hentry"],"acf":[],"yoast_head":"<!-- This site is optimized with the Yoast SEO plugin v27.2 - https:\/\/yoast.com\/product\/yoast-seo-wordpress\/ -->\n<title>Notre histoire - Transform Iran<\/title>\n<meta name=\"robots\" content=\"index, follow, max-snippet:-1, max-image-preview:large, max-video-preview:-1\" \/>\n<link rel=\"canonical\" href=\"https:\/\/transformiran.com\/fr\/notre-histoire\/\" \/>\n<meta property=\"og:locale\" content=\"fr_FR\" \/>\n<meta property=\"og:type\" content=\"article\" \/>\n<meta property=\"og:title\" content=\"Notre histoire - Transform Iran\" \/>\n<meta property=\"og:description\" content=\"Lazarus et Maggie Yeghnazar sont n\u00e9s et ont grandi en Iran et ont servi l&#8217;\u00c9glise iranienne toute leur vie. En 1988, ils ont ressenti l&#8217;appel de Dieu \u00e0 d\u00e9placer leur jeune famille vers l&#8217;ouest. Ils ont d\u00fb se battre pour prendre cette d\u00e9cision, car leur c\u0153ur \u00e9tait attach\u00e9 \u00e0 l&#8217;Iran et \u00e0 l&#8217;\u00c9glise qui y [&hellip;]\" \/>\n<meta property=\"og:url\" content=\"https:\/\/transformiran.com\/fr\/notre-histoire\/\" \/>\n<meta property=\"og:site_name\" content=\"Transform Iran\" \/>\n<meta property=\"article:publisher\" content=\"https:\/\/www.facebook.com\/222MinistriesUSAInc\" \/>\n<meta property=\"article:modified_time\" content=\"2026-04-02T01:19:21+00:00\" \/>\n<meta property=\"og:image\" content=\"https:\/\/transformiran.com\/app\/uploads\/2022\/11\/Our-story-cropped.jpg\" \/>\n\t<meta property=\"og:image:width\" content=\"1920\" \/>\n\t<meta property=\"og:image:height\" content=\"555\" \/>\n\t<meta property=\"og:image:type\" content=\"image\/jpeg\" \/>\n<meta name=\"twitter:card\" content=\"summary_large_image\" \/>\n<meta name=\"twitter:site\" content=\"@222minint\" \/>\n<meta name=\"twitter:label1\" content=\"Est. reading time\" \/>\n\t<meta name=\"twitter:data1\" content=\"7 minutes\" \/>\n<script type=\"application\/ld+json\" class=\"yoast-schema-graph\">{\"@context\":\"https:\/\/schema.org\",\"@graph\":[{\"@type\":\"WebPage\",\"@id\":\"https:\/\/transformiran.com\/fr\/notre-histoire\/\",\"url\":\"https:\/\/transformiran.com\/fr\/notre-histoire\/\",\"name\":\"Notre histoire - Transform Iran\",\"isPartOf\":{\"@id\":\"https:\/\/transformiran.com\/fr\/#website\"},\"primaryImageOfPage\":{\"@id\":\"https:\/\/transformiran.com\/fr\/notre-histoire\/#primaryimage\"},\"image\":{\"@id\":\"https:\/\/transformiran.com\/fr\/notre-histoire\/#primaryimage\"},\"thumbnailUrl\":\"https:\/\/transformiran.com\/app\/uploads\/2022\/11\/Our-story-cropped.jpg\",\"datePublished\":\"2022-11-04T11:02:40+00:00\",\"dateModified\":\"2026-04-02T01:19:21+00:00\",\"breadcrumb\":{\"@id\":\"https:\/\/transformiran.com\/fr\/notre-histoire\/#breadcrumb\"},\"inLanguage\":\"fr-FR\",\"potentialAction\":[{\"@type\":\"ReadAction\",\"target\":[\"https:\/\/transformiran.com\/fr\/notre-histoire\/\"]}]},{\"@type\":\"ImageObject\",\"inLanguage\":\"fr-FR\",\"@id\":\"https:\/\/transformiran.com\/fr\/notre-histoire\/#primaryimage\",\"url\":\"https:\/\/transformiran.com\/app\/uploads\/2022\/11\/Our-story-cropped.jpg\",\"contentUrl\":\"https:\/\/transformiran.com\/app\/uploads\/2022\/11\/Our-story-cropped.jpg\",\"width\":1920,\"height\":555},{\"@type\":\"BreadcrumbList\",\"@id\":\"https:\/\/transformiran.com\/fr\/notre-histoire\/#breadcrumb\",\"itemListElement\":[{\"@type\":\"ListItem\",\"position\":1,\"name\":\"Home\",\"item\":\"https:\/\/transformiran.com\/fr\/home\/\"},{\"@type\":\"ListItem\",\"position\":2,\"name\":\"Notre histoire\"}]},{\"@type\":\"WebSite\",\"@id\":\"https:\/\/transformiran.com\/fr\/#website\",\"url\":\"https:\/\/transformiran.com\/fr\/\",\"name\":\"Transform Iran\",\"description\":\"Bringing the love and power of Christ to Iran - and beyond\",\"publisher\":{\"@id\":\"https:\/\/transformiran.com\/fr\/#organization\"},\"potentialAction\":[{\"@type\":\"SearchAction\",\"target\":{\"@type\":\"EntryPoint\",\"urlTemplate\":\"https:\/\/transformiran.com\/fr\/?s={search_term_string}\"},\"query-input\":{\"@type\":\"PropertyValueSpecification\",\"valueRequired\":true,\"valueName\":\"search_term_string\"}}],\"inLanguage\":\"fr-FR\"},{\"@type\":\"Organization\",\"@id\":\"https:\/\/transformiran.com\/fr\/#organization\",\"name\":\"Transform Iran\",\"url\":\"https:\/\/transformiran.com\/fr\/\",\"logo\":{\"@type\":\"ImageObject\",\"inLanguage\":\"fr-FR\",\"@id\":\"https:\/\/transformiran.com\/fr\/#\/schema\/logo\/image\/\",\"url\":\"https:\/\/transformiran.com\/app\/uploads\/2022\/11\/logo_grey.jpg\",\"contentUrl\":\"https:\/\/transformiran.com\/app\/uploads\/2022\/11\/logo_grey.jpg\",\"width\":528,\"height\":90,\"caption\":\"Transform Iran\"},\"image\":{\"@id\":\"https:\/\/transformiran.com\/fr\/#\/schema\/logo\/image\/\"},\"sameAs\":[\"https:\/\/www.facebook.com\/222MinistriesUSAInc\",\"https:\/\/x.com\/222minint\",\"https:\/\/www.instagram.com\/222ministriesinternational\/\"]}]}<\/script>\n<!-- \/ Yoast SEO plugin. -->","yoast_head_json":{"title":"Notre histoire - Transform Iran","robots":{"index":"index","follow":"follow","max-snippet":"max-snippet:-1","max-image-preview":"max-image-preview:large","max-video-preview":"max-video-preview:-1"},"canonical":"https:\/\/transformiran.com\/fr\/notre-histoire\/","og_locale":"fr_FR","og_type":"article","og_title":"Notre histoire - Transform Iran","og_description":"Lazarus et Maggie Yeghnazar sont n\u00e9s et ont grandi en Iran et ont servi l&#8217;\u00c9glise iranienne toute leur vie. En 1988, ils ont ressenti l&#8217;appel de Dieu \u00e0 d\u00e9placer leur jeune famille vers l&#8217;ouest. Ils ont d\u00fb se battre pour prendre cette d\u00e9cision, car leur c\u0153ur \u00e9tait attach\u00e9 \u00e0 l&#8217;Iran et \u00e0 l&#8217;\u00c9glise qui y [&hellip;]","og_url":"https:\/\/transformiran.com\/fr\/notre-histoire\/","og_site_name":"Transform Iran","article_publisher":"https:\/\/www.facebook.com\/222MinistriesUSAInc","article_modified_time":"2026-04-02T01:19:21+00:00","og_image":[{"width":1920,"height":555,"url":"https:\/\/transformiran.com\/app\/uploads\/2022\/11\/Our-story-cropped.jpg","type":"image\/jpeg"}],"twitter_card":"summary_large_image","twitter_site":"@222minint","twitter_misc":{"Est. reading time":"7 minutes"},"schema":{"@context":"https:\/\/schema.org","@graph":[{"@type":"WebPage","@id":"https:\/\/transformiran.com\/fr\/notre-histoire\/","url":"https:\/\/transformiran.com\/fr\/notre-histoire\/","name":"Notre histoire - Transform Iran","isPartOf":{"@id":"https:\/\/transformiran.com\/fr\/#website"},"primaryImageOfPage":{"@id":"https:\/\/transformiran.com\/fr\/notre-histoire\/#primaryimage"},"image":{"@id":"https:\/\/transformiran.com\/fr\/notre-histoire\/#primaryimage"},"thumbnailUrl":"https:\/\/transformiran.com\/app\/uploads\/2022\/11\/Our-story-cropped.jpg","datePublished":"2022-11-04T11:02:40+00:00","dateModified":"2026-04-02T01:19:21+00:00","breadcrumb":{"@id":"https:\/\/transformiran.com\/fr\/notre-histoire\/#breadcrumb"},"inLanguage":"fr-FR","potentialAction":[{"@type":"ReadAction","target":["https:\/\/transformiran.com\/fr\/notre-histoire\/"]}]},{"@type":"ImageObject","inLanguage":"fr-FR","@id":"https:\/\/transformiran.com\/fr\/notre-histoire\/#primaryimage","url":"https:\/\/transformiran.com\/app\/uploads\/2022\/11\/Our-story-cropped.jpg","contentUrl":"https:\/\/transformiran.com\/app\/uploads\/2022\/11\/Our-story-cropped.jpg","width":1920,"height":555},{"@type":"BreadcrumbList","@id":"https:\/\/transformiran.com\/fr\/notre-histoire\/#breadcrumb","itemListElement":[{"@type":"ListItem","position":1,"name":"Home","item":"https:\/\/transformiran.com\/fr\/home\/"},{"@type":"ListItem","position":2,"name":"Notre histoire"}]},{"@type":"WebSite","@id":"https:\/\/transformiran.com\/fr\/#website","url":"https:\/\/transformiran.com\/fr\/","name":"Transform Iran","description":"Bringing the love and power of Christ to Iran - and beyond","publisher":{"@id":"https:\/\/transformiran.com\/fr\/#organization"},"potentialAction":[{"@type":"SearchAction","target":{"@type":"EntryPoint","urlTemplate":"https:\/\/transformiran.com\/fr\/?s={search_term_string}"},"query-input":{"@type":"PropertyValueSpecification","valueRequired":true,"valueName":"search_term_string"}}],"inLanguage":"fr-FR"},{"@type":"Organization","@id":"https:\/\/transformiran.com\/fr\/#organization","name":"Transform Iran","url":"https:\/\/transformiran.com\/fr\/","logo":{"@type":"ImageObject","inLanguage":"fr-FR","@id":"https:\/\/transformiran.com\/fr\/#\/schema\/logo\/image\/","url":"https:\/\/transformiran.com\/app\/uploads\/2022\/11\/logo_grey.jpg","contentUrl":"https:\/\/transformiran.com\/app\/uploads\/2022\/11\/logo_grey.jpg","width":528,"height":90,"caption":"Transform Iran"},"image":{"@id":"https:\/\/transformiran.com\/fr\/#\/schema\/logo\/image\/"},"sameAs":["https:\/\/www.facebook.com\/222MinistriesUSAInc","https:\/\/x.com\/222minint","https:\/\/www.instagram.com\/222ministriesinternational\/"]}]}},"campaignId":"","_links":{"self":[{"href":"https:\/\/transformiran.com\/fr\/wp-json\/wp\/v2\/pages\/13941","targetHints":{"allow":["GET"]}}],"collection":[{"href":"https:\/\/transformiran.com\/fr\/wp-json\/wp\/v2\/pages"}],"about":[{"href":"https:\/\/transformiran.com\/fr\/wp-json\/wp\/v2\/types\/page"}],"author":[{"embeddable":true,"href":"https:\/\/transformiran.com\/fr\/wp-json\/wp\/v2\/users\/1"}],"replies":[{"embeddable":true,"href":"https:\/\/transformiran.com\/fr\/wp-json\/wp\/v2\/comments?post=13941"}],"version-history":[{"count":2,"href":"https:\/\/transformiran.com\/fr\/wp-json\/wp\/v2\/pages\/13941\/revisions"}],"predecessor-version":[{"id":36985,"href":"https:\/\/transformiran.com\/fr\/wp-json\/wp\/v2\/pages\/13941\/revisions\/36985"}],"wp:featuredmedia":[{"embeddable":true,"href":"https:\/\/transformiran.com\/fr\/wp-json\/wp\/v2\/media\/13949"}],"wp:attachment":[{"href":"https:\/\/transformiran.com\/fr\/wp-json\/wp\/v2\/media?parent=13941"}],"curies":[{"name":"wp","href":"https:\/\/api.w.org\/{rel}","templated":true}]}}