{"id":13953,"date":"2022-11-03T12:18:35","date_gmt":"2022-11-03T12:18:35","guid":{"rendered":"https:\/\/transformiran.com\/eglise-numerique\/"},"modified":"2025-09-16T00:10:04","modified_gmt":"2025-09-15T23:10:04","slug":"eglise-numerique","status":"publish","type":"page","link":"https:\/\/transformiran.com\/fr\/notre-travail\/eglise-numerique\/","title":{"rendered":"\u00c9glise num\u00e9rique"},"content":{"rendered":"\n<h2 class=\"wp-block-heading\"><mark style=\"background-color:rgba(0, 0, 0, 0);color:#b38e44\" class=\"has-inline-color\">La n\u00e9cessit\u00e9 d&#8217;une \u00e9glise num\u00e9rique<\/mark><\/h2>\n\n<p class=\"has-medium-font-size\">La vision de l&#8217;\u00e9glise num\u00e9rique ne remplace pas la communaut\u00e9 &#8220;en personne&#8221;. Cependant, il peut s&#8217;agir d&#8217;un premier pas anonyme plus facile pour les chercheurs et les nouveaux croyants en Iran, et parfois d&#8217;une n\u00e9cessit\u00e9 pour ceux qui sont physiquement incapables d&#8217;assister aux r\u00e9unions en personne (limitations g\u00e9ographiques ou linguistiques ou m\u00eame menace pour la vie).<\/p>\n\n<h2 class=\"wp-block-heading\"><mark style=\"background-color:rgba(0, 0, 0, 0);color:#b38e44\" class=\"has-inline-color\">Comment fonctionne l&#8217;\u00e9glise num\u00e9rique ?<\/mark><\/h2>\n\n<p>N\u00e9e en avril 2018, l&#8217;\u00c9glise communautaire persane (PCC) offre une famille, une communaut\u00e9 et une fraternit\u00e9 aux chr\u00e9tiens iraniens isol\u00e9s, ainsi qu&#8217;un moyen pour eux de grandir dans leur foi et d&#8217;\u00eatre \u00e9quip\u00e9s et visionn\u00e9s pour atteindre d&#8217;autres personnes pour le Christ. Les r\u00e9unions sont interactives et les participants sont encourag\u00e9s \u00e0 se joindre au culte et \u00e0 la pri\u00e8re, ainsi qu&#8217;\u00e0 prendre part aux discussions.<\/p>\n\n<p>Le PCC attend \u00e9galement avec impatience le moment o\u00f9 les portes seront ouvertes \u00e0 l&#8217;Iran, o\u00f9 l&#8217;\u00c9glise de toute la nation pourra se connecter et \u00eatre \u00e9difi\u00e9e en aidant les n\u00e9cessiteux et en attirant des centaines de milliers d&#8217;autres personnes vers l&#8217;amour du Christ. La PCC met en relation plus de 20 000 croyants et chercheurs chaque mois.<\/p>\n\n<p><\/p>\n\n<p><a href=\"https:\/\/transformiran.com\/fr\/notre-travail\/church-planting\/\">D\u00e9couvrez notre vision : implanter, nourrir et d\u00e9velopper des \u00e9glises prosp\u00e8res et reproductives dans chaque ville et village d&#8217;Iran.<\/a><\/p>\n\n<p><\/p>\n\n<figure class=\"wp-block-embed is-type-video is-provider-youtube wp-block-embed-youtube wp-embed-aspect-16-9 wp-has-aspect-ratio\"><div class=\"wp-block-embed__wrapper\">\n<iframe title=\"Creating Christian Community in Iran - A Safe Space to Learn and Grow\" width=\"500\" height=\"281\" src=\"https:\/\/www.youtube.com\/embed\/tI5OgWB3ul4?feature=oembed\" frameborder=\"0\" allow=\"accelerometer; autoplay; clipboard-write; encrypted-media; gyroscope; picture-in-picture; web-share\" referrerpolicy=\"strict-origin-when-cross-origin\" allowfullscreen><\/iframe>\n<\/div><figcaption class=\"wp-element-caption\">Transform IranL&#8217;\u00e9glise num\u00e9rique de l&#8217;Union europ\u00e9enne cr\u00e9e un espace s\u00fbr pour des individus ou des groupes de croyants afin qu&#8217;ils puissent interagir, apprendre et grandir ensemble.<\/figcaption><\/figure>\n\n<p><\/p>\n\n<figure class=\"wp-block-embed is-type-video is-provider-youtube wp-block-embed-youtube wp-embed-aspect-16-9 wp-has-aspect-ratio\"><div class=\"wp-block-embed__wrapper\">\n<iframe title=\"Leading a Church in Secret: A Pastor\u2019s Testimony from Iran\" width=\"500\" height=\"281\" src=\"https:\/\/www.youtube.com\/embed\/M1g4JpTK9zk?feature=oembed\" frameborder=\"0\" allow=\"accelerometer; autoplay; clipboard-write; encrypted-media; gyroscope; picture-in-picture; web-share\" referrerpolicy=\"strict-origin-when-cross-origin\" allowfullscreen><\/iframe>\n<\/div><figcaption class=\"wp-element-caption\">\u00c9coutez la voix d&#8217;un pasteur qui dirige une \u00e9glise clandestine en secret et qui risque tout pour l&#8217;\u00c9vangile.<\/figcaption><\/figure>\n\n<p><\/p>\n\n<h2 class=\"wp-block-heading\"><mark style=\"background-color:rgba(0, 0, 0, 0);color:#b38e44\" class=\"has-inline-color\">Pri\u00e8re interactive gr\u00e2ce \u00e0 l&#8217;\u00e9glise num\u00e9rique<\/mark><\/h2>\n\n<p><\/p>\n\n<p>En 2020, Transform Iran a lanc\u00e9 le <strong>Meeting Tent<\/strong>, les salles de pri\u00e8re num\u00e9riques du PCC, offrant aux croyants et aux chercheurs iraniens un espace s\u00fbr et accessible pour prier, se connecter et exp\u00e9rimenter la pr\u00e9sence de Dieu. La Meeting Tent est ouverte tous les jours (sauf le dimanche) pendant <strong>quatre heures par jour<\/strong>, offrant des opportunit\u00e9s constantes de pri\u00e8re et de communion. <\/p>\n\n<h3 class=\"wp-block-heading\">Pri\u00e8re intime en petits groupes<\/h3>\n\n<p>Meeting Tent accueille des <strong>r\u00e9unions plus petites et plus cibl\u00e9es<\/strong> o\u00f9 les participants peuvent faire part de leurs besoins sp\u00e9cifiques, prier ensemble et rencontrer Dieu de mani\u00e8re profond\u00e9ment personnelle. Ces sessions intimes sont des salles de pri\u00e8re num\u00e9riques pour l&#8217;\u00e9glise souterraine, construisant la communaut\u00e9, renfor\u00e7ant la foi et inspirant des rencontres qui changent la vie.   <\/p>\n\n<h3 class=\"wp-block-heading\">R\u00e9unions de pri\u00e8re en commun<\/h3>\n\n<p>En plus des petits groupes, Meeting Tent organise des <strong>\u00e9v\u00e9nements de pri\u00e8re et de je\u00fbne \u00e0 plus grande \u00e9chelle<\/strong>, concentr\u00e9s sur plusieurs jours ou semaines. Par exemple, en octobre 2022, apr\u00e8s la mort de Mahsa Amini, Meeting Tent a organis\u00e9 <strong>deux semaines de pri\u00e8re et de je\u00fbne<\/strong>, dont le point culminant a \u00e9t\u00e9 une journ\u00e9e enti\u00e8re d&#8217;<strong>intercession cibl\u00e9e pour l&#8217;Iran<\/strong>. Ces rassemblements permettent \u00e0 des milliers de personnes de s&#8217;unir, d&#8217;\u00e9lever la nation devant Dieu et de t\u00e9moigner de la puissance du mouvement de l&#8217;Esprit.  <\/p>\n\n<h3 class=\"wp-block-heading\">Impact et port\u00e9e de la salle de pri\u00e8re<\/h3>\n\n<p>Les t\u00e9moignages de <strong>pri\u00e8res exauc\u00e9es, de gu\u00e9risons et de sauvetages<\/strong> sont fr\u00e9quents. Des milliers de participants se r\u00e9unissent chaque mois, construisant une communaut\u00e9 et une foi, et voyant le mouvement de Dieu grandir en Iran. Meeting Tent offre un <strong>acc\u00e8s gratuit et facile<\/strong> \u00e0 la pri\u00e8re intime et collective pour les chr\u00e9tiens iraniens et les chercheurs du monde entier, dans plusieurs langues du c\u0153ur de l&#8217;Iran, et pr\u00e9voit de s&#8217;\u00e9tendre \u00e0 d&#8217;autres langues.  <\/p>\n\n<p><\/p>\n\n<p><a href=\"https:\/\/transformiran.com\/fr\/impact-fr\/miracles-a-huis-clos-en-iran\/\">Lisez quelques t\u00e9moignages puissants recueillis dans les salles de pri\u00e8re de nos tentes de r\u00e9union.<\/a><\/p>\n\n<div class=\"wp-block-buttons is-content-justification-center is-layout-flex wp-container-core-buttons-is-layout-16018d1d wp-block-buttons-is-layout-flex\">\n<div class=\"wp-block-button\"><a class=\"wp-block-button__link has-white-color has-vivid-red-background-color has-text-color has-background has-link-color wp-element-button\" href=\"https:\/\/transformiran.com\/fr\/inscription-au-bulletin-dinformation\/\">Recevez des informations sur le minist\u00e8re et les \u00e9v\u00e9nements de pri\u00e8re \u00e0 venir<\/a><\/div>\n<\/div>\n\n<p><\/p>\n\n<h2 class=\"wp-block-heading\"><mark style=\"background-color:rgba(0, 0, 0, 0);color:#b38e44\" class=\"has-inline-color\">L&#8217;\u00e9glise num\u00e9rique dans les langues du c\u0153ur des peuples non atteints<\/mark><\/h2>\n\n<p>Transform Iran s&#8217;est engag\u00e9 \u00e0 implanter des \u00e9glises dans toutes les langues de c\u0153ur de l&#8217;Iran et une plateforme d&#8217;\u00e9glise num\u00e9rique est un moyen strat\u00e9gique de commencer \u00e0 rassembler des croyants tr\u00e8s dispers\u00e9s d&#8217;un groupe de personnes qui, jusqu&#8217;\u00e0 pr\u00e9sent, n&#8217;ont pu apprendre, prier et c\u00e9l\u00e9brer en farsi que dans leurs \u00e9glises locales parlant le farsi (persan). Imaginez le jour o\u00f9 un croyant gilaki recevra pour la premi\u00e8re fois une Bible en gilaki et sera invit\u00e9 \u00e0 prier avec d&#8217;autres gilakis dans la langue de leur c\u0153ur, dans la nouvelle &#8220;\u00e9glise communautaire gilaki&#8221;. Ces r\u00eaves deviennent peu \u00e0 peu des r\u00e9alit\u00e9s. Un \u00e0 un, par la gr\u00e2ce de Dieu, chaque groupe de population en Iran pourra se rassembler et adorer le Seigneur dans sa propre langue.<\/p>\n\n<blockquote class=\"wp-block-quote is-layout-flow wp-block-quote-is-layout-flow\">\n<p>L&#8217;\u00c9glise communautaire persane a cr\u00e9\u00e9 une plate-forme o\u00f9 je peux vivre la fraternit\u00e9 et avoir le sentiment d&#8217;appartenir \u00e0 un corps du Christ plus large dans le monde entier. Nous nous rencontrons le dimanche et nous adorons J\u00e9sus. Cela me fait beaucoup de bien.<\/p>\n<\/blockquote>\n\n<blockquote class=\"wp-block-quote is-layout-flow wp-block-quote-is-layout-flow\">\n<p>J&#8217;ai grandi dans une famille musulmane fanatique, je n&#8217;ai jamais eu d&#8217;ami chr\u00e9tien, je ne suis jamais all\u00e9 dans une \u00e9glise. Au milieu d&#8217;une trag\u00e9die personnelle, je me suis souvenu de J\u00e9sus et je l&#8217;ai appel\u00e9 : &#8220;S&#8217;il te pla\u00eet, d\u00e9livre-moi de cette honte et de cette trag\u00e9die ! D\u00e9livrez-moi de cette honte et de cette trag\u00e9die&#8221;. Il est venu \u00e0 ma rencontre dans ma douleur et a chang\u00e9 ma vie. Je n&#8217;avais pas encore donn\u00e9 ma vie au Christ, mais je cherchais d\u00e9sesp\u00e9r\u00e9ment \u00e0 le conna\u00eetre.<\/p>\n\n\n\n<p>Je cherchais un pasteur chr\u00e9tien et j&#8217;ai trouv\u00e9 le lien vers Persian Community Church et l&#8217;un des responsables m&#8217;a aid\u00e9 \u00e0 confier ma vie au Christ. Un an et six mois se sont \u00e9coul\u00e9s. Chaque dimanche et chaque vendredi, je participe \u00e0 la Persian Community Church. J&#8217;ai beaucoup grandi dans ma foi.  <mark style=\"background-color:rgba(0, 0, 0, 0);color:#e62d31\" class=\"has-inline-color\">La partie la plus belle de ce voyage est que tous les membres de ma famille et mes amis qui ont vu la transformation de ma vie &#8211; douze d&#8217;entre eux &#8211; se sont int\u00e9ress\u00e9s et ont parl\u00e9 avec le m\u00eame pasteur et ils ont tous engag\u00e9 leur vie avec le Christ. Aujourd&#8217;hui, nous nous r\u00e9unissons chaque semaine avec lui pour faire du discipulat.<\/mark><\/p>\n<\/blockquote>\n\n<div class=\"wp-block-buttons is-content-justification-center is-layout-flex wp-container-core-buttons-is-layout-16018d1d wp-block-buttons-is-layout-flex\">\n<div class=\"wp-block-button\"><a class=\"wp-block-button__link has-white-color has-vivid-red-background-color has-text-color has-background has-link-color wp-element-button\" href=\"https:\/\/transformiran.com\/fr\/donate\/\">Soutenez l&#8217;\u00c9glise num\u00e9rique en Iran aujourd&#8217;hui<\/a><\/div>\n<\/div>\n\n<p><a href=\"https:\/\/transformiran.com\/fr\/impact-fr\/une-histoire-de-guerison-de-foi-et-de-communaute-ecclesiale-numerique\/\">Lisez un t\u00e9moignage de gu\u00e9rison et trouvez la foi gr\u00e2ce \u00e0 notre communaut\u00e9 eccl\u00e9siale num\u00e9rique interactive.<\/a><\/p>\n\n<p><\/p>\n","protected":false},"excerpt":{"rendered":"<p>La n\u00e9cessit\u00e9 d&#8217;une \u00e9glise num\u00e9rique La vision de l&#8217;\u00e9glise num\u00e9rique ne remplace pas la communaut\u00e9 &#8220;en personne&#8221;. Cependant, il peut s&#8217;agir d&#8217;un premier pas anonyme plus facile pour les chercheurs et les nouveaux croyants en Iran, et parfois d&#8217;une n\u00e9cessit\u00e9 pour ceux qui sont physiquement incapables d&#8217;assister aux r\u00e9unions en personne (limitations g\u00e9ographiques ou linguistiques [&hellip;]<\/p>\n","protected":false},"author":1,"featured_media":0,"parent":14016,"menu_order":0,"comment_status":"closed","ping_status":"closed","template":"page-work.php","meta":{"_acf_changed":false,"give_campaign_id":0,"om_disable_all_campaigns":false,"_mi_skip_tracking":false,"footnotes":""},"class_list":["post-13953","page","type-page","status-publish","hentry"],"acf":[],"yoast_head":"<!-- This site is optimized with the Yoast SEO plugin v27.3 - https:\/\/yoast.com\/product\/yoast-seo-wordpress\/ -->\n<title>\u00c9glise num\u00e9rique - Transform Iran<\/title>\n<meta name=\"robots\" content=\"index, follow, max-snippet:-1, max-image-preview:large, max-video-preview:-1\" \/>\n<link rel=\"canonical\" href=\"https:\/\/transformiran.com\/fr\/notre-travail\/eglise-numerique\/\" \/>\n<meta property=\"og:locale\" content=\"fr_FR\" \/>\n<meta property=\"og:type\" content=\"article\" \/>\n<meta property=\"og:title\" content=\"\u00c9glise num\u00e9rique - Transform Iran\" \/>\n<meta property=\"og:description\" content=\"La n\u00e9cessit\u00e9 d&#8217;une \u00e9glise num\u00e9rique La vision de l&#8217;\u00e9glise num\u00e9rique ne remplace pas la communaut\u00e9 &#8220;en personne&#8221;. Cependant, il peut s&#8217;agir d&#8217;un premier pas anonyme plus facile pour les chercheurs et les nouveaux croyants en Iran, et parfois d&#8217;une n\u00e9cessit\u00e9 pour ceux qui sont physiquement incapables d&#8217;assister aux r\u00e9unions en personne (limitations g\u00e9ographiques ou linguistiques [&hellip;]\" \/>\n<meta property=\"og:url\" content=\"https:\/\/transformiran.com\/fr\/notre-travail\/eglise-numerique\/\" \/>\n<meta property=\"og:site_name\" content=\"Transform Iran\" \/>\n<meta property=\"article:publisher\" content=\"https:\/\/www.facebook.com\/222MinistriesUSAInc\" \/>\n<meta property=\"article:modified_time\" content=\"2025-09-15T23:10:04+00:00\" \/>\n<meta name=\"twitter:card\" content=\"summary_large_image\" \/>\n<meta name=\"twitter:site\" content=\"@222minint\" \/>\n<meta name=\"twitter:label1\" content=\"Est. reading time\" \/>\n\t<meta name=\"twitter:data1\" content=\"6 minutes\" \/>\n<script type=\"application\/ld+json\" class=\"yoast-schema-graph\">{\"@context\":\"https:\\\/\\\/schema.org\",\"@graph\":[{\"@type\":\"WebPage\",\"@id\":\"https:\\\/\\\/transformiran.com\\\/fr\\\/notre-travail\\\/eglise-numerique\\\/\",\"url\":\"https:\\\/\\\/transformiran.com\\\/fr\\\/notre-travail\\\/eglise-numerique\\\/\",\"name\":\"\u00c9glise num\u00e9rique - Transform Iran\",\"isPartOf\":{\"@id\":\"https:\\\/\\\/transformiran.com\\\/fr\\\/#website\"},\"datePublished\":\"2022-11-03T12:18:35+00:00\",\"dateModified\":\"2025-09-15T23:10:04+00:00\",\"breadcrumb\":{\"@id\":\"https:\\\/\\\/transformiran.com\\\/fr\\\/notre-travail\\\/eglise-numerique\\\/#breadcrumb\"},\"inLanguage\":\"fr-FR\",\"potentialAction\":[{\"@type\":\"ReadAction\",\"target\":[\"https:\\\/\\\/transformiran.com\\\/fr\\\/notre-travail\\\/eglise-numerique\\\/\"]}]},{\"@type\":\"BreadcrumbList\",\"@id\":\"https:\\\/\\\/transformiran.com\\\/fr\\\/notre-travail\\\/eglise-numerique\\\/#breadcrumb\",\"itemListElement\":[{\"@type\":\"ListItem\",\"position\":1,\"name\":\"Home\",\"item\":\"https:\\\/\\\/transformiran.com\\\/fr\\\/home\\\/\"},{\"@type\":\"ListItem\",\"position\":2,\"name\":\"Notre travail\",\"item\":\"https:\\\/\\\/transformiran.com\\\/fr\\\/notre-travail\\\/\"},{\"@type\":\"ListItem\",\"position\":3,\"name\":\"\u00c9glise num\u00e9rique\"}]},{\"@type\":\"WebSite\",\"@id\":\"https:\\\/\\\/transformiran.com\\\/fr\\\/#website\",\"url\":\"https:\\\/\\\/transformiran.com\\\/fr\\\/\",\"name\":\"Transform Iran\",\"description\":\"Bringing the love and power of Christ to Iran - and beyond\",\"publisher\":{\"@id\":\"https:\\\/\\\/transformiran.com\\\/fr\\\/#organization\"},\"potentialAction\":[{\"@type\":\"SearchAction\",\"target\":{\"@type\":\"EntryPoint\",\"urlTemplate\":\"https:\\\/\\\/transformiran.com\\\/fr\\\/?s={search_term_string}\"},\"query-input\":{\"@type\":\"PropertyValueSpecification\",\"valueRequired\":true,\"valueName\":\"search_term_string\"}}],\"inLanguage\":\"fr-FR\"},{\"@type\":\"Organization\",\"@id\":\"https:\\\/\\\/transformiran.com\\\/fr\\\/#organization\",\"name\":\"Transform Iran\",\"url\":\"https:\\\/\\\/transformiran.com\\\/fr\\\/\",\"logo\":{\"@type\":\"ImageObject\",\"inLanguage\":\"fr-FR\",\"@id\":\"https:\\\/\\\/transformiran.com\\\/fr\\\/#\\\/schema\\\/logo\\\/image\\\/\",\"url\":\"https:\\\/\\\/transformiran.com\\\/app\\\/uploads\\\/2022\\\/11\\\/logo_grey.jpg\",\"contentUrl\":\"https:\\\/\\\/transformiran.com\\\/app\\\/uploads\\\/2022\\\/11\\\/logo_grey.jpg\",\"width\":528,\"height\":90,\"caption\":\"Transform Iran\"},\"image\":{\"@id\":\"https:\\\/\\\/transformiran.com\\\/fr\\\/#\\\/schema\\\/logo\\\/image\\\/\"},\"sameAs\":[\"https:\\\/\\\/www.facebook.com\\\/222MinistriesUSAInc\",\"https:\\\/\\\/x.com\\\/222minint\",\"https:\\\/\\\/www.instagram.com\\\/222ministriesinternational\\\/\"]}]}<\/script>\n<!-- \/ Yoast SEO plugin. -->","yoast_head_json":{"title":"\u00c9glise num\u00e9rique - Transform Iran","robots":{"index":"index","follow":"follow","max-snippet":"max-snippet:-1","max-image-preview":"max-image-preview:large","max-video-preview":"max-video-preview:-1"},"canonical":"https:\/\/transformiran.com\/fr\/notre-travail\/eglise-numerique\/","og_locale":"fr_FR","og_type":"article","og_title":"\u00c9glise num\u00e9rique - Transform Iran","og_description":"La n\u00e9cessit\u00e9 d&#8217;une \u00e9glise num\u00e9rique La vision de l&#8217;\u00e9glise num\u00e9rique ne remplace pas la communaut\u00e9 &#8220;en personne&#8221;. Cependant, il peut s&#8217;agir d&#8217;un premier pas anonyme plus facile pour les chercheurs et les nouveaux croyants en Iran, et parfois d&#8217;une n\u00e9cessit\u00e9 pour ceux qui sont physiquement incapables d&#8217;assister aux r\u00e9unions en personne (limitations g\u00e9ographiques ou linguistiques [&hellip;]","og_url":"https:\/\/transformiran.com\/fr\/notre-travail\/eglise-numerique\/","og_site_name":"Transform Iran","article_publisher":"https:\/\/www.facebook.com\/222MinistriesUSAInc","article_modified_time":"2025-09-15T23:10:04+00:00","twitter_card":"summary_large_image","twitter_site":"@222minint","twitter_misc":{"Est. reading time":"6 minutes"},"schema":{"@context":"https:\/\/schema.org","@graph":[{"@type":"WebPage","@id":"https:\/\/transformiran.com\/fr\/notre-travail\/eglise-numerique\/","url":"https:\/\/transformiran.com\/fr\/notre-travail\/eglise-numerique\/","name":"\u00c9glise num\u00e9rique - Transform Iran","isPartOf":{"@id":"https:\/\/transformiran.com\/fr\/#website"},"datePublished":"2022-11-03T12:18:35+00:00","dateModified":"2025-09-15T23:10:04+00:00","breadcrumb":{"@id":"https:\/\/transformiran.com\/fr\/notre-travail\/eglise-numerique\/#breadcrumb"},"inLanguage":"fr-FR","potentialAction":[{"@type":"ReadAction","target":["https:\/\/transformiran.com\/fr\/notre-travail\/eglise-numerique\/"]}]},{"@type":"BreadcrumbList","@id":"https:\/\/transformiran.com\/fr\/notre-travail\/eglise-numerique\/#breadcrumb","itemListElement":[{"@type":"ListItem","position":1,"name":"Home","item":"https:\/\/transformiran.com\/fr\/home\/"},{"@type":"ListItem","position":2,"name":"Notre travail","item":"https:\/\/transformiran.com\/fr\/notre-travail\/"},{"@type":"ListItem","position":3,"name":"\u00c9glise num\u00e9rique"}]},{"@type":"WebSite","@id":"https:\/\/transformiran.com\/fr\/#website","url":"https:\/\/transformiran.com\/fr\/","name":"Transform Iran","description":"Bringing the love and power of Christ to Iran - and beyond","publisher":{"@id":"https:\/\/transformiran.com\/fr\/#organization"},"potentialAction":[{"@type":"SearchAction","target":{"@type":"EntryPoint","urlTemplate":"https:\/\/transformiran.com\/fr\/?s={search_term_string}"},"query-input":{"@type":"PropertyValueSpecification","valueRequired":true,"valueName":"search_term_string"}}],"inLanguage":"fr-FR"},{"@type":"Organization","@id":"https:\/\/transformiran.com\/fr\/#organization","name":"Transform Iran","url":"https:\/\/transformiran.com\/fr\/","logo":{"@type":"ImageObject","inLanguage":"fr-FR","@id":"https:\/\/transformiran.com\/fr\/#\/schema\/logo\/image\/","url":"https:\/\/transformiran.com\/app\/uploads\/2022\/11\/logo_grey.jpg","contentUrl":"https:\/\/transformiran.com\/app\/uploads\/2022\/11\/logo_grey.jpg","width":528,"height":90,"caption":"Transform Iran"},"image":{"@id":"https:\/\/transformiran.com\/fr\/#\/schema\/logo\/image\/"},"sameAs":["https:\/\/www.facebook.com\/222MinistriesUSAInc","https:\/\/x.com\/222minint","https:\/\/www.instagram.com\/222ministriesinternational\/"]}]}},"campaignId":"","_links":{"self":[{"href":"https:\/\/transformiran.com\/fr\/wp-json\/wp\/v2\/pages\/13953","targetHints":{"allow":["GET"]}}],"collection":[{"href":"https:\/\/transformiran.com\/fr\/wp-json\/wp\/v2\/pages"}],"about":[{"href":"https:\/\/transformiran.com\/fr\/wp-json\/wp\/v2\/types\/page"}],"author":[{"embeddable":true,"href":"https:\/\/transformiran.com\/fr\/wp-json\/wp\/v2\/users\/1"}],"replies":[{"embeddable":true,"href":"https:\/\/transformiran.com\/fr\/wp-json\/wp\/v2\/comments?post=13953"}],"version-history":[{"count":2,"href":"https:\/\/transformiran.com\/fr\/wp-json\/wp\/v2\/pages\/13953\/revisions"}],"predecessor-version":[{"id":32897,"href":"https:\/\/transformiran.com\/fr\/wp-json\/wp\/v2\/pages\/13953\/revisions\/32897"}],"up":[{"embeddable":true,"href":"https:\/\/transformiran.com\/fr\/wp-json\/wp\/v2\/pages\/14016"}],"wp:attachment":[{"href":"https:\/\/transformiran.com\/fr\/wp-json\/wp\/v2\/media?parent=13953"}],"curies":[{"name":"wp","href":"https:\/\/api.w.org\/{rel}","templated":true}]}}