{"id":13955,"date":"2022-11-04T11:14:43","date_gmt":"2022-11-04T11:14:43","guid":{"rendered":"https:\/\/transformiran.com\/faire-un-don-avec-amazon-smile\/"},"modified":"2025-04-02T11:05:28","modified_gmt":"2025-04-02T10:05:28","slug":"faire-un-don-avec-amazon-smile","status":"publish","type":"page","link":"https:\/\/transformiran.com\/fr\/donate\/faire-un-don-avec-amazon-smile\/","title":{"rendered":"Faire un don avec Amazon Smile"},"content":{"rendered":"\n<h2 class=\"wp-block-heading\">Qu&#8217;est-ce qu&#8217;AmazonSmile ?<\/h2>\n\n<p>AmazonSmile est un moyen simple de soutenir votre organisation caritative pr\u00e9f\u00e9r\u00e9e \u00e0 chaque fois que vous faites des achats, sans frais pour vous. AmazonSmile est disponible sur smile.amazon.com ou smile.amazon.co.uk sur votre navigateur web et peut \u00eatre activ\u00e9 dans l&#8217;application Amazon Shopping pour les t\u00e9l\u00e9phones iOS et Android. Lorsque vous faites vos achats sur AmazonSmile, vous trouvez exactement les m\u00eames prix bas, la m\u00eame vaste s\u00e9lection et la m\u00eame exp\u00e9rience d&#8217;achat pratique que sur Amazon.com ou Amazon.co.uk, avec l&#8217;avantage suppl\u00e9mentaire qu&#8217;AmazonSmile reversera 0,5 % de vos achats \u00e9ligibles \u00e0 Transform Iran.<\/p>\n\n<p>Il vous suffit de visiter <a href=\"http:\/\/smile.amazon.com\/charitylists\" target=\"_blank\" rel=\"noreferrer noopener\">smile.amazon.com\/charitylists<\/a> ou <a href=\"http:\/\/smile.amazon.com\/charitylists\" target=\"_blank\" rel=\"noreferrer noopener\">smile.amazon.co.uk\/charitylists<\/a> ou d&#8217;appuyer sur Charity Lists dans le menu &#8220;Programs &amp; Features&#8221; de l&#8217;application Amazon Shopping sur votre t\u00e9l\u00e9phone portable, puis de rechercher et de s\u00e9lectionner Transform Iran. (AmazonSmile est disponible pour les clients d&#8217;Amazon disposant de la derni\u00e8re version de l&#8217;application Amazon Shopping sur leur t\u00e9l\u00e9phone portable, y compris les appareils Android avec la version 7.0+ ou les appareils iOS avec la version 12+. Pour activer AmazonSmile dans l&#8217;application Amazon Shopping, appuyez simplement sur &#8220;AmazonSmile&#8221; dans le menu Programmes et fonctionnalit\u00e9s ou Param\u00e8tres et suivez les instructions \u00e0 l&#8217;\u00e9cran).<\/p>\n\n<p>Votre exp\u00e9rience d&#8217;achat ne changera pas et vous n&#8217;aurez pas besoin de cr\u00e9er un nouveau compte &#8211; mais cette simple action vous permettra d&#8217;aider \u00e0 transformer l&#8217;Iran \u00e0 chaque achat que vous ferez !<\/p>\n\n<p>Lors de votre premi\u00e8re visite sur AmazonSmile, vous serez invit\u00e9 \u00e0 s\u00e9lectionner une organisation caritative qui recevra les dons de vos futurs achats AmazonSmile \u00e9ligibles. Amazon se souviendra de l&#8217;association caritative que vous avez choisie \u00e0 chaque fois que vous ferez des achats. AmazonSmile vous contactera occasionnellement pour vous informer du montant des dons vers\u00e9s \u00e0 l&#8217;organisme de bienfaisance que vous avez choisi ou pour vous parler du programme.<\/p>\n","protected":false},"excerpt":{"rendered":"<p>Qu&#8217;est-ce qu&#8217;AmazonSmile ? AmazonSmile est un moyen simple de soutenir votre organisation caritative pr\u00e9f\u00e9r\u00e9e \u00e0 chaque fois que vous faites des achats, sans frais pour vous. AmazonSmile est disponible sur smile.amazon.com ou smile.amazon.co.uk sur votre navigateur web et peut \u00eatre activ\u00e9 dans l&#8217;application Amazon Shopping pour les t\u00e9l\u00e9phones iOS et Android. Lorsque vous faites vos [&hellip;]<\/p>\n","protected":false},"author":1,"featured_media":0,"parent":13972,"menu_order":0,"comment_status":"closed","ping_status":"closed","template":"page-basic.php","meta":{"_acf_changed":false,"give_campaign_id":0,"om_disable_all_campaigns":false,"_mi_skip_tracking":false,"footnotes":""},"class_list":["post-13955","page","type-page","status-publish","hentry"],"acf":[],"yoast_head":"<!-- This site is optimized with the Yoast SEO plugin v27.2 - https:\/\/yoast.com\/product\/yoast-seo-wordpress\/ -->\n<title>Faire un don avec Amazon Smile - Transform Iran<\/title>\n<meta name=\"robots\" content=\"index, follow, max-snippet:-1, max-image-preview:large, max-video-preview:-1\" \/>\n<link rel=\"canonical\" href=\"https:\/\/transformiran.com\/fr\/donate\/faire-un-don-avec-amazon-smile\/\" \/>\n<meta property=\"og:locale\" content=\"fr_FR\" \/>\n<meta property=\"og:type\" content=\"article\" \/>\n<meta property=\"og:title\" content=\"Faire un don avec Amazon Smile - Transform Iran\" \/>\n<meta property=\"og:description\" content=\"Qu&#8217;est-ce qu&#8217;AmazonSmile ? AmazonSmile est un moyen simple de soutenir votre organisation caritative pr\u00e9f\u00e9r\u00e9e \u00e0 chaque fois que vous faites des achats, sans frais pour vous. AmazonSmile est disponible sur smile.amazon.com ou smile.amazon.co.uk sur votre navigateur web et peut \u00eatre activ\u00e9 dans l&#8217;application Amazon Shopping pour les t\u00e9l\u00e9phones iOS et Android. Lorsque vous faites vos [&hellip;]\" \/>\n<meta property=\"og:url\" content=\"https:\/\/transformiran.com\/fr\/donate\/faire-un-don-avec-amazon-smile\/\" \/>\n<meta property=\"og:site_name\" content=\"Transform Iran\" \/>\n<meta property=\"article:publisher\" content=\"https:\/\/www.facebook.com\/222MinistriesUSAInc\" \/>\n<meta property=\"article:modified_time\" content=\"2025-04-02T10:05:28+00:00\" \/>\n<meta name=\"twitter:card\" content=\"summary_large_image\" \/>\n<meta name=\"twitter:site\" content=\"@222minint\" \/>\n<meta name=\"twitter:label1\" content=\"Est. reading time\" \/>\n\t<meta name=\"twitter:data1\" content=\"2 minutes\" \/>\n<script type=\"application\/ld+json\" class=\"yoast-schema-graph\">{\"@context\":\"https:\/\/schema.org\",\"@graph\":[{\"@type\":\"WebPage\",\"@id\":\"https:\/\/transformiran.com\/fr\/donate\/faire-un-don-avec-amazon-smile\/\",\"url\":\"https:\/\/transformiran.com\/fr\/donate\/faire-un-don-avec-amazon-smile\/\",\"name\":\"Faire un don avec Amazon Smile - Transform Iran\",\"isPartOf\":{\"@id\":\"https:\/\/transformiran.com\/fr\/#website\"},\"datePublished\":\"2022-11-04T11:14:43+00:00\",\"dateModified\":\"2025-04-02T10:05:28+00:00\",\"breadcrumb\":{\"@id\":\"https:\/\/transformiran.com\/fr\/donate\/faire-un-don-avec-amazon-smile\/#breadcrumb\"},\"inLanguage\":\"fr-FR\",\"potentialAction\":[{\"@type\":\"ReadAction\",\"target\":[\"https:\/\/transformiran.com\/fr\/donate\/faire-un-don-avec-amazon-smile\/\"]}]},{\"@type\":\"BreadcrumbList\",\"@id\":\"https:\/\/transformiran.com\/fr\/donate\/faire-un-don-avec-amazon-smile\/#breadcrumb\",\"itemListElement\":[{\"@type\":\"ListItem\",\"position\":1,\"name\":\"Home\",\"item\":\"https:\/\/transformiran.com\/fr\/home\/\"},{\"@type\":\"ListItem\",\"position\":2,\"name\":\"Faire un don\",\"item\":\"https:\/\/transformiran.com\/fr\/donate\/\"},{\"@type\":\"ListItem\",\"position\":3,\"name\":\"Faire un don avec Amazon Smile\"}]},{\"@type\":\"WebSite\",\"@id\":\"https:\/\/transformiran.com\/fr\/#website\",\"url\":\"https:\/\/transformiran.com\/fr\/\",\"name\":\"Transform Iran\",\"description\":\"Bringing the love and power of Christ to Iran - and beyond\",\"publisher\":{\"@id\":\"https:\/\/transformiran.com\/fr\/#organization\"},\"potentialAction\":[{\"@type\":\"SearchAction\",\"target\":{\"@type\":\"EntryPoint\",\"urlTemplate\":\"https:\/\/transformiran.com\/fr\/?s={search_term_string}\"},\"query-input\":{\"@type\":\"PropertyValueSpecification\",\"valueRequired\":true,\"valueName\":\"search_term_string\"}}],\"inLanguage\":\"fr-FR\"},{\"@type\":\"Organization\",\"@id\":\"https:\/\/transformiran.com\/fr\/#organization\",\"name\":\"Transform Iran\",\"url\":\"https:\/\/transformiran.com\/fr\/\",\"logo\":{\"@type\":\"ImageObject\",\"inLanguage\":\"fr-FR\",\"@id\":\"https:\/\/transformiran.com\/fr\/#\/schema\/logo\/image\/\",\"url\":\"https:\/\/transformiran.com\/app\/uploads\/2022\/11\/logo_grey.jpg\",\"contentUrl\":\"https:\/\/transformiran.com\/app\/uploads\/2022\/11\/logo_grey.jpg\",\"width\":528,\"height\":90,\"caption\":\"Transform Iran\"},\"image\":{\"@id\":\"https:\/\/transformiran.com\/fr\/#\/schema\/logo\/image\/\"},\"sameAs\":[\"https:\/\/www.facebook.com\/222MinistriesUSAInc\",\"https:\/\/x.com\/222minint\",\"https:\/\/www.instagram.com\/222ministriesinternational\/\"]}]}<\/script>\n<!-- \/ Yoast SEO plugin. -->","yoast_head_json":{"title":"Faire un don avec Amazon Smile - Transform Iran","robots":{"index":"index","follow":"follow","max-snippet":"max-snippet:-1","max-image-preview":"max-image-preview:large","max-video-preview":"max-video-preview:-1"},"canonical":"https:\/\/transformiran.com\/fr\/donate\/faire-un-don-avec-amazon-smile\/","og_locale":"fr_FR","og_type":"article","og_title":"Faire un don avec Amazon Smile - Transform Iran","og_description":"Qu&#8217;est-ce qu&#8217;AmazonSmile ? AmazonSmile est un moyen simple de soutenir votre organisation caritative pr\u00e9f\u00e9r\u00e9e \u00e0 chaque fois que vous faites des achats, sans frais pour vous. AmazonSmile est disponible sur smile.amazon.com ou smile.amazon.co.uk sur votre navigateur web et peut \u00eatre activ\u00e9 dans l&#8217;application Amazon Shopping pour les t\u00e9l\u00e9phones iOS et Android. Lorsque vous faites vos [&hellip;]","og_url":"https:\/\/transformiran.com\/fr\/donate\/faire-un-don-avec-amazon-smile\/","og_site_name":"Transform Iran","article_publisher":"https:\/\/www.facebook.com\/222MinistriesUSAInc","article_modified_time":"2025-04-02T10:05:28+00:00","twitter_card":"summary_large_image","twitter_site":"@222minint","twitter_misc":{"Est. reading time":"2 minutes"},"schema":{"@context":"https:\/\/schema.org","@graph":[{"@type":"WebPage","@id":"https:\/\/transformiran.com\/fr\/donate\/faire-un-don-avec-amazon-smile\/","url":"https:\/\/transformiran.com\/fr\/donate\/faire-un-don-avec-amazon-smile\/","name":"Faire un don avec Amazon Smile - Transform Iran","isPartOf":{"@id":"https:\/\/transformiran.com\/fr\/#website"},"datePublished":"2022-11-04T11:14:43+00:00","dateModified":"2025-04-02T10:05:28+00:00","breadcrumb":{"@id":"https:\/\/transformiran.com\/fr\/donate\/faire-un-don-avec-amazon-smile\/#breadcrumb"},"inLanguage":"fr-FR","potentialAction":[{"@type":"ReadAction","target":["https:\/\/transformiran.com\/fr\/donate\/faire-un-don-avec-amazon-smile\/"]}]},{"@type":"BreadcrumbList","@id":"https:\/\/transformiran.com\/fr\/donate\/faire-un-don-avec-amazon-smile\/#breadcrumb","itemListElement":[{"@type":"ListItem","position":1,"name":"Home","item":"https:\/\/transformiran.com\/fr\/home\/"},{"@type":"ListItem","position":2,"name":"Faire un don","item":"https:\/\/transformiran.com\/fr\/donate\/"},{"@type":"ListItem","position":3,"name":"Faire un don avec Amazon Smile"}]},{"@type":"WebSite","@id":"https:\/\/transformiran.com\/fr\/#website","url":"https:\/\/transformiran.com\/fr\/","name":"Transform Iran","description":"Bringing the love and power of Christ to Iran - and beyond","publisher":{"@id":"https:\/\/transformiran.com\/fr\/#organization"},"potentialAction":[{"@type":"SearchAction","target":{"@type":"EntryPoint","urlTemplate":"https:\/\/transformiran.com\/fr\/?s={search_term_string}"},"query-input":{"@type":"PropertyValueSpecification","valueRequired":true,"valueName":"search_term_string"}}],"inLanguage":"fr-FR"},{"@type":"Organization","@id":"https:\/\/transformiran.com\/fr\/#organization","name":"Transform Iran","url":"https:\/\/transformiran.com\/fr\/","logo":{"@type":"ImageObject","inLanguage":"fr-FR","@id":"https:\/\/transformiran.com\/fr\/#\/schema\/logo\/image\/","url":"https:\/\/transformiran.com\/app\/uploads\/2022\/11\/logo_grey.jpg","contentUrl":"https:\/\/transformiran.com\/app\/uploads\/2022\/11\/logo_grey.jpg","width":528,"height":90,"caption":"Transform Iran"},"image":{"@id":"https:\/\/transformiran.com\/fr\/#\/schema\/logo\/image\/"},"sameAs":["https:\/\/www.facebook.com\/222MinistriesUSAInc","https:\/\/x.com\/222minint","https:\/\/www.instagram.com\/222ministriesinternational\/"]}]}},"campaignId":"","_links":{"self":[{"href":"https:\/\/transformiran.com\/fr\/wp-json\/wp\/v2\/pages\/13955","targetHints":{"allow":["GET"]}}],"collection":[{"href":"https:\/\/transformiran.com\/fr\/wp-json\/wp\/v2\/pages"}],"about":[{"href":"https:\/\/transformiran.com\/fr\/wp-json\/wp\/v2\/types\/page"}],"author":[{"embeddable":true,"href":"https:\/\/transformiran.com\/fr\/wp-json\/wp\/v2\/users\/1"}],"replies":[{"embeddable":true,"href":"https:\/\/transformiran.com\/fr\/wp-json\/wp\/v2\/comments?post=13955"}],"version-history":[{"count":0,"href":"https:\/\/transformiran.com\/fr\/wp-json\/wp\/v2\/pages\/13955\/revisions"}],"up":[{"embeddable":true,"href":"https:\/\/transformiran.com\/fr\/wp-json\/wp\/v2\/pages\/13972"}],"wp:attachment":[{"href":"https:\/\/transformiran.com\/fr\/wp-json\/wp\/v2\/media?parent=13955"}],"curies":[{"name":"wp","href":"https:\/\/api.w.org\/{rel}","templated":true}]}}