{"id":13960,"date":"2023-03-29T14:50:45","date_gmt":"2023-03-29T13:50:45","guid":{"rendered":"https:\/\/transformiran.com\/leadership-development\/"},"modified":"2025-10-16T23:07:40","modified_gmt":"2025-10-16T22:07:40","slug":"leadership-development","status":"publish","type":"page","link":"https:\/\/transformiran.com\/fr\/notre-travail\/leadership-development\/","title":{"rendered":"D\u00e9veloppement du leadership"},"content":{"rendered":"\n<p><\/p>\n\n<h2 class=\"wp-block-heading\">\u00c9lever des leaders pour Transform Iran<\/h2>\n\n<p><\/p>\n\n<p class=\"has-medium-font-size\">Transform Iran s&#8217;engage \u00e0 former des dirigeants qui transformeront l&#8217;Iran et la r\u00e9gion environnante. Notre travail est ax\u00e9 sur les trois piliers fondamentaux que sont l&#8217;\u00e9vang\u00e9lisation, la formation de disciples et la transformation.  <\/p>\n\n<p><\/p>\n\n<p><strong>Le d\u00e9veloppement du leadership est au c\u0153ur de notre mod\u00e8le de formation de disciples<\/strong>. Nous croyons qu&#8217;un v\u00e9ritable discipulat m\u00e8ne toujours \u00e0 la multiplication &#8211; chaque disciple est appel\u00e9 \u00e0 diriger d&#8217;une mani\u00e8re ou d&#8217;une autre et \u00e0 avoir un impact sur les autres pour le Royaume de Dieu. <\/p>\n\n<p><\/p>\n\n<h3 class=\"wp-block-heading\">Un discipulat qui se reproduit<\/h3>\n\n<p><\/p>\n\n<p>Nous croyons que chaque disciple de J\u00e9sus est charg\u00e9 d&#8217;exercer une influence :<\/p>\n\n<p><strong>&#8220;<em>Et ce que vous m&#8217;avez entendu dire en pr\u00e9sence de nombreux t\u00e9moins, confiez-le \u00e0 des personnes dignes de confiance, qui auront aussi la capacit\u00e9 de l&#8217;enseigner \u00e0 d&#8217;autres<\/em>.<\/strong> 2 Timoth\u00e9e 2:2<\/p>\n\n<p><\/p>\n\n<p><strong>Tous<\/strong> ne sont pas appel\u00e9s \u00e0 des r\u00f4les traditionnels de direction, mais <strong>tous sont appel\u00e9s \u00e0 grandir tout au long de leur vie, \u00e0 atteindre la maturit\u00e9 spirituelle et \u00e0 avoir un impact fructueux<\/strong>. C&#8217;est pourquoi nos pasteurs principaux posent toujours la question suivante : &#8220;Quelle est la vocation de cette personne ? Quelle est la vocation de cette personne ? Comment puis-je l&#8217;aider \u00e0 devenir tout ce que Dieu l&#8217;a appel\u00e9e \u00e0 \u00eatre ? Comment puis-je les \u00e9quiper et les lib\u00e9rer dans leur propre champ de mission ?   <\/p>\n\n<p><\/p>\n\n<h2 class=\"wp-block-heading\">Le d\u00e9veloppement du leadership en action<\/h2>\n\n<p><\/p>\n\n<p>C&#8217;est ainsi que le discipulat s&#8217;inscrit dans le d\u00e9veloppement du leadership. Les disciples font des disciples. Les leaders suscitent des leaders.  Chacun m\u00fbrit et transmet ce qu&#8217;il a appris aux autres. C&#8217;est ainsi que nous voyons le Royaume de Dieu progresser.<\/p>\n\n<p><\/p>\n\n<p>Transform Iran offre un <strong>d\u00e9veloppement strat\u00e9gique du leadership<\/strong> aux leaders \u00e9mergents et chevronn\u00e9s. Notre mod\u00e8le comprend un mentorat personnalis\u00e9, une formation immersive et un ensemble d&#8217;outils et de ressources pratiques qui \u00e9quipent les leaders pour un minist\u00e8re fructueux, \u00e0 mesure qu&#8217;ils grandissent en onction et en maturit\u00e9. <\/p>\n\n<p><\/p>\n\n<h3 class=\"wp-block-heading\">Mentorat<\/h3>\n\n<p><\/p>\n\n<p>Les pasteurs principaux accompagnent les leaders 1:1, les formant et les \u00e9quipant pour diriger des minist\u00e8res, implanter des \u00e9glises et multiplier d&#8217;autres leaders.<\/p>\n\n<p><\/p>\n\n<h3 class=\"wp-block-heading\">\u00c9v\u00e9nements de formation au leadership<\/h3>\n\n<p><\/p>\n\n<p>Les leaders \u00e9mergents et les leaders des \u00e9glises de maison clandestines sont invit\u00e9s \u00e0 des semaines de formation intensive au cours desquelles ils se plongent dans la Parole, acqui\u00e8rent des comp\u00e9tences essentielles en mati\u00e8re de leadership et construisent une communaut\u00e9 avec d&#8217;autres personnes servant \u00e0 travers le r\u00e9seau Transform Iran. Ces \u00e9v\u00e9nements de formation et d&#8217;\u00e9quipement permettent de construire, de soutenir et de faire grandir l&#8217;\u00e9glise clandestine en Iran et sont organis\u00e9s dans des lieux s\u00e9curis\u00e9s au Moyen-Orient. Des milliers de personnes ont \u00e9t\u00e9 form\u00e9es et d\u00e9velopp\u00e9es de cette mani\u00e8re.<\/p>\n\n<p><\/p>\n\n<blockquote class=\"wp-block-quote is-layout-flow wp-block-quote-is-layout-flow\">\n<p>Cette formation a \u00e9largi ma vision, approfondi ma passion et m&#8217;a donn\u00e9 des mesures pratiques pour servir les autres et les guider vers la foi. Je suis plus motiv\u00e9e que jamais pour aider \u00e0 former des disciples fid\u00e8les et engag\u00e9s du Christ. <\/p>\n<\/blockquote>\n\n<div class=\"wp-block-columns is-layout-flex wp-container-core-columns-is-layout-9d6595d7 wp-block-columns-is-layout-flex\">\n<div class=\"wp-block-column is-layout-flow wp-block-column-is-layout-flow\">\n<figure class=\"wp-block-image size-large\"><img decoding=\"async\" width=\"1024\" height=\"547\" src=\"https:\/\/transformiran.com\/app\/uploads\/2025\/05\/Leaders-Meeting-4-1024x547.jpeg\" alt=\"\" class=\"wp-image-31109\" style=\"aspect-ratio:1;object-fit:cover\" srcset=\"https:\/\/transformiran.com\/app\/uploads\/2025\/05\/Leaders-Meeting-4-1024x547.jpeg 1024w, https:\/\/transformiran.com\/app\/uploads\/2025\/05\/Leaders-Meeting-4-300x160.jpeg 300w, https:\/\/transformiran.com\/app\/uploads\/2025\/05\/Leaders-Meeting-4-768x410.jpeg 768w, https:\/\/transformiran.com\/app\/uploads\/2025\/05\/Leaders-Meeting-4-1536x820.jpeg 1536w, https:\/\/transformiran.com\/app\/uploads\/2025\/05\/Leaders-Meeting-4-2048x1093.jpeg 2048w\" sizes=\"(max-width: 1024px) 100vw, 1024px\" \/><\/figure>\n<\/div>\n\n\n\n<div class=\"wp-block-column is-layout-flow wp-block-column-is-layout-flow\">\n<figure class=\"wp-block-image size-large\"><img decoding=\"async\" width=\"1024\" height=\"576\" src=\"https:\/\/transformiran.com\/app\/uploads\/2025\/05\/DSC04956-1024x576.jpg\" alt=\"\" class=\"wp-image-31130\" style=\"aspect-ratio:1;object-fit:cover\" srcset=\"https:\/\/transformiran.com\/app\/uploads\/2025\/05\/DSC04956-1024x576.jpg 1024w, https:\/\/transformiran.com\/app\/uploads\/2025\/05\/DSC04956-300x169.jpg 300w, https:\/\/transformiran.com\/app\/uploads\/2025\/05\/DSC04956-768x432.jpg 768w, https:\/\/transformiran.com\/app\/uploads\/2025\/05\/DSC04956-1536x864.jpg 1536w, https:\/\/transformiran.com\/app\/uploads\/2025\/05\/DSC04956-2048x1152.jpg 2048w\" sizes=\"(max-width: 1024px) 100vw, 1024px\" \/><\/figure>\n<\/div>\n\n\n\n<div class=\"wp-block-column is-layout-flow wp-block-column-is-layout-flow\">\n<figure class=\"wp-block-image size-large\"><img decoding=\"async\" width=\"1024\" height=\"576\" src=\"https:\/\/transformiran.com\/app\/uploads\/2025\/05\/DSC05071-LY-teaching-1024x576.jpg\" alt=\"\" class=\"wp-image-31116\" style=\"aspect-ratio:1;object-fit:cover\" srcset=\"https:\/\/transformiran.com\/app\/uploads\/2025\/05\/DSC05071-LY-teaching-1024x576.jpg 1024w, https:\/\/transformiran.com\/app\/uploads\/2025\/05\/DSC05071-LY-teaching-300x169.jpg 300w, https:\/\/transformiran.com\/app\/uploads\/2025\/05\/DSC05071-LY-teaching-768x432.jpg 768w, https:\/\/transformiran.com\/app\/uploads\/2025\/05\/DSC05071-LY-teaching-1536x864.jpg 1536w, https:\/\/transformiran.com\/app\/uploads\/2025\/05\/DSC05071-LY-teaching-2048x1152.jpg 2048w\" sizes=\"(max-width: 1024px) 100vw, 1024px\" \/><\/figure>\n<\/div>\n<\/div>\n\n<p><\/p>\n\n<h3 class=\"wp-block-heading\">Coll\u00e8ge biblique en ligne<\/h3>\n\n<p><\/p>\n\n<p>Un cours biblique en ligne gratuit en farsi, notre <a href=\"http:\/\/www.222bc.com\/\">coll\u00e8ge biblique<\/a> en ligne (avec pr\u00e8s de 1 000 \u00e9tudiants actifs inscrits) \u00e9limine les obstacles financiers \u00e0 une \u00e9tude approfondie de la Parole, et offre des le\u00e7ons th\u00e9ologiques claires, bien pr\u00e9par\u00e9es et approfondies, afin d&#8217;aider les chr\u00e9tiens de langue farsi \u00e0 m\u00fbrir dans leur foi et \u00e0 s&#8217;\u00e9quiper pour le minist\u00e8re.  <\/p>\n\n<p><\/p>\n\n<h2 class=\"wp-block-heading\">Des outils pour \u00e9quiper et renforcer les dirigeants<\/h2>\n\n<p><\/p>\n\n<h3 class=\"wp-block-heading\">Apolog\u00e9tique : Porpasokh<\/h3>\n\n<p><\/p>\n\n<p><em>Porpasokh<\/em>&#8216; signifie &#8216;Question &amp; R\u00e9ponse&#8217; et c&#8217;est le c\u0153ur de notre centre d&#8217;apolog\u00e9tique. Transform IranLe site <em>Porpasokh<\/em> attire des dizaines de milliers de visiteurs chaque mois et r\u00e9pond directement aux questions de ceux qui essaient encore de comprendre certains aspects de la foi et de la th\u00e9ologie. Les r\u00e9ponses sont publi\u00e9es sur le site pour que d&#8217;autres puissent en profiter. \u00c0 ce jour, plus de 5 900 r\u00e9ponses ont \u00e9t\u00e9 publi\u00e9es et de nombreuses personnes ont ainsi \u00e9t\u00e9 confort\u00e9es dans leur foi. Outil puissant d&#8217;\u00e9vang\u00e9lisation, <em>Porpasokh<\/em> soutient \u00e9galement les jeunes pasteurs qui s&#8217;appuient sur cette ressource pour r\u00e9pondre aux questions que leur posent leurs convertis.  <\/p>\n\n<p><\/p>\n\n<p><a href=\"https:\/\/transformiran.com\/fr\/notre-travail\/centre-dapologetique\/\">En savoir plus sur notre minist\u00e8re de l&#8217;Apolog\u00e9tique<\/a><\/p>\n\n<p><\/p>\n\n<h3 class=\"wp-block-heading\">La libert\u00e9 dans le Christ<\/h3>\n\n<p><\/p>\n\n<p>Nous nous sommes associ\u00e9s aux merveilleux auteurs du cours Freedom in Christ, nous avons traduit le mat\u00e9riel en farsi et nous l&#8217;avons adapt\u00e9 et d\u00e9velopp\u00e9 pour un public iranien. Il s&#8217;agit d&#8217;un outil biblique essentiel de formation de disciples et de d\u00e9livrance pour les chr\u00e9tiens, qui permet aux \u00e9glises de se d\u00e9velopper sainement gr\u00e2ce \u00e0 la perc\u00e9e personnelle, \u00e0 la libert\u00e9 et \u00e0 la f\u00e9condit\u00e9 des croyants. \u00c0 ce jour, plus de 1 600 d&#8217;entre eux l&#8217;ont termin\u00e9. Tous les responsables du site Transform Iran suivent ce cours dans le cadre de leur d\u00e9veloppement personnel.<\/p>\n\n<p><\/p>\n\n<h3 class=\"wp-block-heading\">222 Publications<\/h3>\n\n<p><\/p>\n\n<p>Transform Iran prot\u00e8ge l&#8217;int\u00e9grit\u00e9 doctrinale de l&#8217;\u00c9glise en Iran en fournissant un large \u00e9ventail de ressources bibliques (imprim\u00e9es et num\u00e9riques) par l&#8217;interm\u00e9diaire de sa maison d&#8217;\u00e9dition, <a href=\"http:\/\/www.222publications.com\/\">222 Publications<\/a>. 222 Publications identifie les lacunes dans les m\u00e9dias imprim\u00e9s et num\u00e9riques pour l&#8217;\u00e9glise de langue farsi et publie le mat\u00e9riel n\u00e9cessaire pour combler ces lacunes pour une \u00e9glise mondiale en pleine croissance. 222 Publications s&#8217;efforce d&#8217;\u00eatre aussi proche que possible du prix de revient afin de garantir un acc\u00e8s maximal \u00e0 ces ressources pour ceux qui en ont besoin.  <\/p>\n\n<p><\/p>\n\n<h2 class=\"wp-block-heading\">Traduction de la Bible : Une base pour le leadership<\/h2>\n\n<p><\/p>\n\n<p>Quelque 26 millions d&#8217;Iraniens n&#8217;ont toujours pas acc\u00e8s \u00e0 la Parole de Dieu dans la langue de leur <em>c\u0153ur<\/em>. Si l&#8217;objectif premier de notre travail de traduction de la Bible est l \u00ab \u00e9vang\u00e9lisation et la formation des premiers disciples, les Ecritures en langue maternelle jouent \u00e9galement un r\u00f4le essentiel dans le d\u00e9veloppement du leadership. Lorsque les croyants peuvent saisir pleinement la profondeur et le sens de la Parole de Dieu dans leur langue maternelle, ils sont mieux \u00e9quip\u00e9s pour l \u00bb \u00e9tudier en profondeur, l&#8217;enseigner efficacement et diriger les autres avec confiance. Il en r\u00e9sulte des \u00e9glises plus fortes et plus durables qui apportent une r\u00e9elle transformation \u00e0 leurs communaut\u00e9s.     <\/p>\n\n<p><\/p>\n\n<p><a href=\"https:\/\/transformiran.com\/fr\/notre-travail\/bible-translation\/\">En savoir plus sur notre travail de traduction de la Bible<\/a><\/p>\n\n<p><\/p>\n\n<h2 class=\"wp-block-heading\">Engagement \u00e0 vie pour la croissance du Royaume<\/h2>\n\n<p><\/p>\n\n<p>A Transform Iran, le leadership n&#8217;est pas une question de titres ou de postes &#8211; il s&#8217;agit de vies transform\u00e9es, d&#8217;\u00e9glises implant\u00e9es et de nations impact\u00e9es pour J\u00e9sus.<\/p>\n\n<p><\/p>\n\n<blockquote class=\"wp-block-quote is-layout-flow wp-block-quote-is-layout-flow\">\n<p>Je vous remercie de votre pr\u00e9sence dans ma vie et de votre soutien tout au long de ces ann\u00e9es. Je suis \u00e0 jamais reconnaissant et je m&#8217;engage \u00e0 servir Dieu au mieux de mes capacit\u00e9s.<\/p>\n<\/blockquote>\n\n<p><\/p>\n\n<h2 class=\"wp-block-heading\">Histoires d&#8217;impact<\/h2>\n\n<p><\/p>\n\n<blockquote class=\"wp-block-quote is-layout-flow wp-block-quote-is-layout-flow\">\n<p class=\"has-off-white-background-color has-background\">Parce que Transform offre des opportunit\u00e9s \u00e0 de nombreuses personnes, des personnes qui auraient pu \u00eatre &#8220;petites&#8221; aux yeux des autres ont la possibilit\u00e9 de servir et de grandir ici. Le r\u00e9sultat est un merveilleux r\u00e9seau de leaders puissants qui, ensemble, font une \u00e9norme diff\u00e9rence !<\/p>\n<\/blockquote>\n\n<p><\/p>\n\n<blockquote class=\"wp-block-quote is-layout-flow wp-block-quote-is-layout-flow\">\n<p class=\"has-light-gold-background-color has-background\">J&#8217;ai vu dans l&#8217;\u00e9glise et dans les conf\u00e9rences que les gens ne sont pas tenus \u00e0 l&#8217;\u00e9cart. On leur fait confiance en leur donnant l&#8217;espace n\u00e9cessaire pour se d\u00e9velopper l\u00e0 o\u00f9 ils sont. Et RAPIDEMENT, ces jeunes disciples se transforment en leaders potentiels. J&#8217;en ai moi-m\u00eame b\u00e9n\u00e9fici\u00e9 ! J&#8217;ai appris \u00e0 conna\u00eetre le Seigneur, j&#8217;ai \u00e9t\u00e9 form\u00e9, et deux ans plus tard, j&#8217;avais implant\u00e9 une \u00e9glise. Aujourd&#8217;hui, je sers en tant que pasteur superviseur et responsable du minist\u00e8re. Dieu soit lou\u00e9 !<\/p>\n<\/blockquote>\n\n<p><\/p>\n\n<blockquote class=\"wp-block-quote is-layout-flow wp-block-quote-is-layout-flow\">\n<p class=\"has-off-white-background-color has-background\">Les dirigeants font preuve de z\u00e8le et d&#8217;int\u00e9grit\u00e9. Personne ne construit des royaumes individuels. Nous sommes unis pour une cause, mais il ne s&#8217;agit pas seulement du travail que nous accomplissons, mais aussi de la relation d&#8217;amour que nous entretenons avec Dieu et les uns avec les autres. Il s&#8217;agit v\u00e9ritablement d&#8217;une communaut\u00e9 en mission ensemble.<\/p>\n<\/blockquote>\n\n<p><\/p>\n\n<p><\/p>\n","protected":false},"excerpt":{"rendered":"<p>\u00c9lever des leaders pour Transform Iran Transform Iran s&#8217;engage \u00e0 former des dirigeants qui transformeront l&#8217;Iran et la r\u00e9gion environnante. Notre travail est ax\u00e9 sur les trois piliers fondamentaux que sont l&#8217;\u00e9vang\u00e9lisation, la formation de disciples et la transformation. Le d\u00e9veloppement du leadership est au c\u0153ur de notre mod\u00e8le de formation de disciples. Nous croyons [&hellip;]<\/p>\n","protected":false},"author":4,"featured_media":0,"parent":14016,"menu_order":0,"comment_status":"closed","ping_status":"closed","template":"page-work.php","meta":{"_acf_changed":false,"give_campaign_id":0,"om_disable_all_campaigns":false,"_mi_skip_tracking":false,"footnotes":""},"class_list":["post-13960","page","type-page","status-publish","hentry"],"acf":[],"yoast_head":"<!-- This site is optimized with the Yoast SEO plugin v27.2 - https:\/\/yoast.com\/product\/yoast-seo-wordpress\/ -->\n<title>D\u00e9veloppement du leadership - Transform Iran<\/title>\n<meta name=\"description\" content=\"Transform Iran s&#039;engage \u00e0 former des leaders qui transformeront la nation iranienne et la r\u00e9gion environnante.\" \/>\n<meta name=\"robots\" content=\"index, follow, max-snippet:-1, max-image-preview:large, max-video-preview:-1\" \/>\n<link rel=\"canonical\" href=\"https:\/\/transformiran.com\/fr\/notre-travail\/leadership-development\/\" \/>\n<meta property=\"og:locale\" content=\"fr_FR\" \/>\n<meta property=\"og:type\" content=\"article\" \/>\n<meta property=\"og:title\" content=\"D\u00e9veloppement du leadership - Transform Iran\" \/>\n<meta property=\"og:description\" content=\"Transform Iran s&#039;engage \u00e0 former des leaders qui transformeront la nation iranienne et la r\u00e9gion environnante.\" \/>\n<meta property=\"og:url\" content=\"https:\/\/transformiran.com\/fr\/notre-travail\/leadership-development\/\" \/>\n<meta property=\"og:site_name\" content=\"Transform Iran\" \/>\n<meta property=\"article:publisher\" content=\"https:\/\/www.facebook.com\/222MinistriesUSAInc\" \/>\n<meta property=\"article:modified_time\" content=\"2025-10-16T22:07:40+00:00\" \/>\n<meta property=\"og:image\" content=\"https:\/\/transformiran.com\/app\/uploads\/2025\/05\/Leaders-Meeting-4-scaled.jpeg\" \/>\n\t<meta property=\"og:image:width\" content=\"3000\" \/>\n\t<meta property=\"og:image:height\" content=\"1601\" \/>\n\t<meta property=\"og:image:type\" content=\"image\/jpeg\" \/>\n<meta name=\"twitter:card\" content=\"summary_large_image\" \/>\n<meta name=\"twitter:site\" content=\"@222minint\" \/>\n<meta name=\"twitter:label1\" content=\"Est. reading time\" \/>\n\t<meta name=\"twitter:data1\" content=\"7 minutes\" \/>\n<script type=\"application\/ld+json\" class=\"yoast-schema-graph\">{\"@context\":\"https:\/\/schema.org\",\"@graph\":[{\"@type\":\"WebPage\",\"@id\":\"https:\/\/transformiran.com\/fr\/notre-travail\/leadership-development\/\",\"url\":\"https:\/\/transformiran.com\/fr\/notre-travail\/leadership-development\/\",\"name\":\"D\u00e9veloppement du leadership - Transform Iran\",\"isPartOf\":{\"@id\":\"https:\/\/transformiran.com\/fr\/#website\"},\"primaryImageOfPage\":{\"@id\":\"https:\/\/transformiran.com\/fr\/notre-travail\/leadership-development\/#primaryimage\"},\"image\":{\"@id\":\"https:\/\/transformiran.com\/fr\/notre-travail\/leadership-development\/#primaryimage\"},\"thumbnailUrl\":\"https:\/\/transformiran.com\/app\/uploads\/2025\/05\/Leaders-Meeting-4-1024x547.jpeg\",\"datePublished\":\"2023-03-29T13:50:45+00:00\",\"dateModified\":\"2025-10-16T22:07:40+00:00\",\"description\":\"Transform Iran s'engage \u00e0 former des leaders qui transformeront la nation iranienne et la r\u00e9gion environnante.\",\"breadcrumb\":{\"@id\":\"https:\/\/transformiran.com\/fr\/notre-travail\/leadership-development\/#breadcrumb\"},\"inLanguage\":\"fr-FR\",\"potentialAction\":[{\"@type\":\"ReadAction\",\"target\":[\"https:\/\/transformiran.com\/fr\/notre-travail\/leadership-development\/\"]}]},{\"@type\":\"ImageObject\",\"inLanguage\":\"fr-FR\",\"@id\":\"https:\/\/transformiran.com\/fr\/notre-travail\/leadership-development\/#primaryimage\",\"url\":\"https:\/\/transformiran.com\/app\/uploads\/2025\/05\/Leaders-Meeting-4-1024x547.jpeg\",\"contentUrl\":\"https:\/\/transformiran.com\/app\/uploads\/2025\/05\/Leaders-Meeting-4-1024x547.jpeg\"},{\"@type\":\"BreadcrumbList\",\"@id\":\"https:\/\/transformiran.com\/fr\/notre-travail\/leadership-development\/#breadcrumb\",\"itemListElement\":[{\"@type\":\"ListItem\",\"position\":1,\"name\":\"Home\",\"item\":\"https:\/\/transformiran.com\/fr\/home\/\"},{\"@type\":\"ListItem\",\"position\":2,\"name\":\"Notre travail\",\"item\":\"https:\/\/transformiran.com\/fr\/notre-travail\/\"},{\"@type\":\"ListItem\",\"position\":3,\"name\":\"D\u00e9veloppement du leadership\"}]},{\"@type\":\"WebSite\",\"@id\":\"https:\/\/transformiran.com\/fr\/#website\",\"url\":\"https:\/\/transformiran.com\/fr\/\",\"name\":\"Transform Iran\",\"description\":\"Bringing the love and power of Christ to Iran - and beyond\",\"publisher\":{\"@id\":\"https:\/\/transformiran.com\/fr\/#organization\"},\"potentialAction\":[{\"@type\":\"SearchAction\",\"target\":{\"@type\":\"EntryPoint\",\"urlTemplate\":\"https:\/\/transformiran.com\/fr\/?s={search_term_string}\"},\"query-input\":{\"@type\":\"PropertyValueSpecification\",\"valueRequired\":true,\"valueName\":\"search_term_string\"}}],\"inLanguage\":\"fr-FR\"},{\"@type\":\"Organization\",\"@id\":\"https:\/\/transformiran.com\/fr\/#organization\",\"name\":\"Transform Iran\",\"url\":\"https:\/\/transformiran.com\/fr\/\",\"logo\":{\"@type\":\"ImageObject\",\"inLanguage\":\"fr-FR\",\"@id\":\"https:\/\/transformiran.com\/fr\/#\/schema\/logo\/image\/\",\"url\":\"https:\/\/transformiran.com\/app\/uploads\/2022\/11\/logo_grey.jpg\",\"contentUrl\":\"https:\/\/transformiran.com\/app\/uploads\/2022\/11\/logo_grey.jpg\",\"width\":528,\"height\":90,\"caption\":\"Transform Iran\"},\"image\":{\"@id\":\"https:\/\/transformiran.com\/fr\/#\/schema\/logo\/image\/\"},\"sameAs\":[\"https:\/\/www.facebook.com\/222MinistriesUSAInc\",\"https:\/\/x.com\/222minint\",\"https:\/\/www.instagram.com\/222ministriesinternational\/\"]}]}<\/script>\n<!-- \/ Yoast SEO plugin. -->","yoast_head_json":{"title":"D\u00e9veloppement du leadership - Transform Iran","description":"Transform Iran s'engage \u00e0 former des leaders qui transformeront la nation iranienne et la r\u00e9gion environnante.","robots":{"index":"index","follow":"follow","max-snippet":"max-snippet:-1","max-image-preview":"max-image-preview:large","max-video-preview":"max-video-preview:-1"},"canonical":"https:\/\/transformiran.com\/fr\/notre-travail\/leadership-development\/","og_locale":"fr_FR","og_type":"article","og_title":"D\u00e9veloppement du leadership - Transform Iran","og_description":"Transform Iran s'engage \u00e0 former des leaders qui transformeront la nation iranienne et la r\u00e9gion environnante.","og_url":"https:\/\/transformiran.com\/fr\/notre-travail\/leadership-development\/","og_site_name":"Transform Iran","article_publisher":"https:\/\/www.facebook.com\/222MinistriesUSAInc","article_modified_time":"2025-10-16T22:07:40+00:00","og_image":[{"width":3000,"height":1601,"url":"https:\/\/transformiran.com\/app\/uploads\/2025\/05\/Leaders-Meeting-4-scaled.jpeg","type":"image\/jpeg"}],"twitter_card":"summary_large_image","twitter_site":"@222minint","twitter_misc":{"Est. reading time":"7 minutes"},"schema":{"@context":"https:\/\/schema.org","@graph":[{"@type":"WebPage","@id":"https:\/\/transformiran.com\/fr\/notre-travail\/leadership-development\/","url":"https:\/\/transformiran.com\/fr\/notre-travail\/leadership-development\/","name":"D\u00e9veloppement du leadership - Transform Iran","isPartOf":{"@id":"https:\/\/transformiran.com\/fr\/#website"},"primaryImageOfPage":{"@id":"https:\/\/transformiran.com\/fr\/notre-travail\/leadership-development\/#primaryimage"},"image":{"@id":"https:\/\/transformiran.com\/fr\/notre-travail\/leadership-development\/#primaryimage"},"thumbnailUrl":"https:\/\/transformiran.com\/app\/uploads\/2025\/05\/Leaders-Meeting-4-1024x547.jpeg","datePublished":"2023-03-29T13:50:45+00:00","dateModified":"2025-10-16T22:07:40+00:00","description":"Transform Iran s'engage \u00e0 former des leaders qui transformeront la nation iranienne et la r\u00e9gion environnante.","breadcrumb":{"@id":"https:\/\/transformiran.com\/fr\/notre-travail\/leadership-development\/#breadcrumb"},"inLanguage":"fr-FR","potentialAction":[{"@type":"ReadAction","target":["https:\/\/transformiran.com\/fr\/notre-travail\/leadership-development\/"]}]},{"@type":"ImageObject","inLanguage":"fr-FR","@id":"https:\/\/transformiran.com\/fr\/notre-travail\/leadership-development\/#primaryimage","url":"https:\/\/transformiran.com\/app\/uploads\/2025\/05\/Leaders-Meeting-4-1024x547.jpeg","contentUrl":"https:\/\/transformiran.com\/app\/uploads\/2025\/05\/Leaders-Meeting-4-1024x547.jpeg"},{"@type":"BreadcrumbList","@id":"https:\/\/transformiran.com\/fr\/notre-travail\/leadership-development\/#breadcrumb","itemListElement":[{"@type":"ListItem","position":1,"name":"Home","item":"https:\/\/transformiran.com\/fr\/home\/"},{"@type":"ListItem","position":2,"name":"Notre travail","item":"https:\/\/transformiran.com\/fr\/notre-travail\/"},{"@type":"ListItem","position":3,"name":"D\u00e9veloppement du leadership"}]},{"@type":"WebSite","@id":"https:\/\/transformiran.com\/fr\/#website","url":"https:\/\/transformiran.com\/fr\/","name":"Transform Iran","description":"Bringing the love and power of Christ to Iran - and beyond","publisher":{"@id":"https:\/\/transformiran.com\/fr\/#organization"},"potentialAction":[{"@type":"SearchAction","target":{"@type":"EntryPoint","urlTemplate":"https:\/\/transformiran.com\/fr\/?s={search_term_string}"},"query-input":{"@type":"PropertyValueSpecification","valueRequired":true,"valueName":"search_term_string"}}],"inLanguage":"fr-FR"},{"@type":"Organization","@id":"https:\/\/transformiran.com\/fr\/#organization","name":"Transform Iran","url":"https:\/\/transformiran.com\/fr\/","logo":{"@type":"ImageObject","inLanguage":"fr-FR","@id":"https:\/\/transformiran.com\/fr\/#\/schema\/logo\/image\/","url":"https:\/\/transformiran.com\/app\/uploads\/2022\/11\/logo_grey.jpg","contentUrl":"https:\/\/transformiran.com\/app\/uploads\/2022\/11\/logo_grey.jpg","width":528,"height":90,"caption":"Transform Iran"},"image":{"@id":"https:\/\/transformiran.com\/fr\/#\/schema\/logo\/image\/"},"sameAs":["https:\/\/www.facebook.com\/222MinistriesUSAInc","https:\/\/x.com\/222minint","https:\/\/www.instagram.com\/222ministriesinternational\/"]}]}},"campaignId":"","_links":{"self":[{"href":"https:\/\/transformiran.com\/fr\/wp-json\/wp\/v2\/pages\/13960","targetHints":{"allow":["GET"]}}],"collection":[{"href":"https:\/\/transformiran.com\/fr\/wp-json\/wp\/v2\/pages"}],"about":[{"href":"https:\/\/transformiran.com\/fr\/wp-json\/wp\/v2\/types\/page"}],"author":[{"embeddable":true,"href":"https:\/\/transformiran.com\/fr\/wp-json\/wp\/v2\/users\/4"}],"replies":[{"embeddable":true,"href":"https:\/\/transformiran.com\/fr\/wp-json\/wp\/v2\/comments?post=13960"}],"version-history":[{"count":3,"href":"https:\/\/transformiran.com\/fr\/wp-json\/wp\/v2\/pages\/13960\/revisions"}],"predecessor-version":[{"id":33470,"href":"https:\/\/transformiran.com\/fr\/wp-json\/wp\/v2\/pages\/13960\/revisions\/33470"}],"up":[{"embeddable":true,"href":"https:\/\/transformiran.com\/fr\/wp-json\/wp\/v2\/pages\/14016"}],"wp:attachment":[{"href":"https:\/\/transformiran.com\/fr\/wp-json\/wp\/v2\/media?parent=13960"}],"curies":[{"name":"wp","href":"https:\/\/api.w.org\/{rel}","templated":true}]}}