{"id":13964,"date":"2022-11-03T12:16:01","date_gmt":"2022-11-03T12:16:01","guid":{"rendered":"https:\/\/transformiran.com\/evangelisation\/"},"modified":"2025-12-08T21:40:39","modified_gmt":"2025-12-08T21:40:39","slug":"evangelisation","status":"publish","type":"page","link":"https:\/\/transformiran.com\/fr\/notre-travail\/evangelisation\/","title":{"rendered":"Evang\u00e9lisation"},"content":{"rendered":"\n<h2 class=\"wp-block-heading\"><mark style=\"background-color:rgba(0, 0, 0, 0);color:#b38e44\" class=\"has-inline-color\">La faim surnaturelle des Iraniens pour l&#8217;\u00c9vangile<\/mark><\/h2>\n\n<p>L&#8217;Iran b\u00e9n\u00e9ficie d&#8217;une gr\u00e2ce surnaturelle, comme jamais auparavant. Les gens ont faim de la v\u00e9rit\u00e9 et sont ouverts \u00e0 l&#8217;\u00e9vangile. Mais l&#8217;\u00e9vangile doit \u00eatre partag\u00e9, car <strong><em>&#8220;comment croiront-ils en celui dont ils n&#8217;ont pas entendu parler ?<\/em><\/strong> Romains 10:14  <\/p>\n\n<p>Transform Iran pr\u00eache l&#8217;\u00c9vangile aux Iraniens par le biais d&#8217;un large \u00e9ventail de m\u00e9dias et en personne. Notre \u00e9quipe de suivi form\u00e9e est pr\u00eate \u00e0 s&#8217;engager 1:1 avec les demandeurs.  <\/p>\n\n<p>Nous lan\u00e7ons des initiatives qui garantiront que chaque groupe de population en Iran, ind\u00e9pendamment de son statut social, de son \u00e9ducation ou de son appartenance ethnique, aura la possibilit\u00e9 d&#8217;entendre l&#8217;\u00c9vangile dans la langue de son c\u0153ur et d&#8217;\u00eatre transform\u00e9 par l&#8217;amour du Christ. Ces initiatives comprennent la <mark style=\"background-color:rgba(0, 0, 0, 0);color:#b38e44\" class=\"has-inline-color\">traduction de la Bible<\/mark> (s&#8217;assurer que nous communiquons dans une langue qui touche le c\u0153ur), les <mark style=\"background-color:rgba(0, 0, 0, 0);color:#b38e44\" class=\"has-inline-color\">m\u00e9dias<\/mark> (s&#8217;assurer que l&#8217;\u00c9vangile est largement accessible par le biais d&#8217;un \u00e9ventail de m\u00e9dias), l&#8217;<mark style=\"background-color:rgba(0, 0, 0, 0);color:#b38e44\" class=\"has-inline-color\">apolog\u00e9tique<\/mark> (r\u00e9pondre aux questions que les Iraniens se posent), et bien plus encore.<\/p>\n\n<p><\/p>\n\n<div class=\"wp-block-buttons is-content-justification-center is-layout-flex wp-container-core-buttons-is-layout-16018d1d wp-block-buttons-is-layout-flex\">\n<div class=\"wp-block-button\"><a class=\"wp-block-button__link has-white-color has-vivid-red-background-color has-text-color has-background has-link-color wp-element-button\" href=\"https:\/\/transformiran.com\/fr\/inscription-au-bulletin-dinformation\/\">Priez pour la propagation de l&#8217;Evangile en Iran &#8211; recevez des courriels mensuels pour vous guider<\/a><\/div>\n<\/div>\n\n<figure class=\"wp-block-image size-large\"><img decoding=\"async\" width=\"1024\" height=\"174\" src=\"https:\/\/transformiran.com\/app\/uploads\/2024\/08\/man-casting-net-landscape-lite-1024x174.jpeg\" alt=\"lancer un filet de p&#xEA;che\" class=\"wp-image-24918\" srcset=\"https:\/\/transformiran.com\/app\/uploads\/2024\/08\/man-casting-net-landscape-lite-1024x174.jpeg 1024w, https:\/\/transformiran.com\/app\/uploads\/2024\/08\/man-casting-net-landscape-lite-300x51.jpeg 300w, https:\/\/transformiran.com\/app\/uploads\/2024\/08\/man-casting-net-landscape-lite-768x131.jpeg 768w, https:\/\/transformiran.com\/app\/uploads\/2024\/08\/man-casting-net-landscape-lite.jpeg 1280w\" sizes=\"(max-width: 1024px) 100vw, 1024px\" \/><\/figure>\n\n<h2 class=\"wp-block-heading\"><mark style=\"background-color:rgba(0, 0, 0, 0);color:#b38e44\" class=\"has-inline-color\">Comment Transform Iran permet aux Iraniens d&#8217;acc\u00e9der au message de l&#8217;\u00c9vangile et de le comprendre<\/mark><\/h2>\n\n<h3 class=\"wp-block-heading\"><strong>Le besoin critique de traduction de la Bible en Iran<\/strong><\/h3>\n\n<p>Quelque 26 millions d&#8217;Iraniens n&#8217;ont pas la parole de Dieu dans la langue de leur c\u0153ur. Transform Iran s&#8217;efforce de rem\u00e9dier \u00e0 cette pauvret\u00e9 biblique afin que l&#8217;\u00e9vang\u00e9lisation des groupes ethniques iraniens soit plus efficace et que les \u00e9glises implant\u00e9es soient durables et se d\u00e9veloppent. En savoir plus sur la <a data-type=\"page\" data-id=\"6304\" href=\"https:\/\/transformiran.com\/fr\/notre-travail\/bible-translation\/\">traduction de la Bible<\/a>.  <\/p>\n\n<h3 class=\"wp-block-heading\"><strong>Utiliser les m\u00e9dias pour transmettre l&#8217;\u00c9vangile \u00e0 des millions d&#8217;Iraniens<\/strong><\/h3>\n\n<p>Nous diffusons des pr\u00e9sentations de l&#8217;\u00c9vangile en direct et en diff\u00e9r\u00e9 par le biais de la t\u00e9l\u00e9vision par satellite, de la radio et des m\u00e9dias sociaux. Des millions de personnes ont entendu l&#8217;\u00c9vangile gr\u00e2ce \u00e0 nos <a data-type=\"page\" data-id=\"6302\" href=\"https:\/\/transformiran.com\/fr\/notre-travail\/les-medias\/\">minist\u00e8res des m\u00e9dias<\/a>.  <\/p>\n\n<h3 class=\"wp-block-heading\"><strong>Apolog\u00e9tique : R\u00e9pondre aux questions que se posent les Iraniens<\/strong><\/h3>\n\n<p>Porpasokh&#8217; signifie &#8216;Question &amp; R\u00e9ponse&#8217; et c&#8217;est le c\u0153ur de notre centre d&#8217;apolog\u00e9tique. Transform IranLe site Porpasokh attire des dizaines de milliers de visiteurs chaque mois et r\u00e9pond directement aux questions des chercheurs. Les r\u00e9ponses sont publi\u00e9es sur le site pour que d&#8217;autres puissent en profiter. \u00c0 ce jour, environ 7 000 questions ont trouv\u00e9 une r\u00e9ponse sur le site et de nombreuses personnes ont ainsi trouv\u00e9 le salut. Pour <a data-type=\"page\" data-id=\"6306\" href=\"https:\/\/transformiran.com\/fr\/notre-travail\/centre-dapologetique\/\">en savoir plus, cliquez ici<\/a>. Afin de pouvoir r\u00e9pondre aux questions individuelles \u00e0 grande \u00e9chelle et d&#8217;entamer un dialogue intelligent avec les demandeurs, nous avons d\u00e9velopp\u00e9 <g id=\"gid_1\">Kairos<\/g>. Kairos est un outil de discipulat et d&#8217;\u00e9vang\u00e9lisation bas\u00e9 sur l&#8217;IA, qui permet aux Iraniens de poser leurs questions sur la foi &#8220;\u00e0 tout moment et en tout lieu&#8221;, de recevoir des r\u00e9ponses interactives en temps r\u00e9el, tout en conservant leur besoin d&#8217;anonymat par crainte d&#8217;un gouvernement vigilant.  <\/p>\n\n<h3 class=\"wp-block-heading\"><strong>Atteindre les victimes de traumatismes, d&#8217;abus et de d\u00e9pendances<\/strong><\/h3>\n\n<p>Les millions de personnes qui, en Iran, sont confront\u00e9es \u00e0 des traumatismes pass\u00e9s et pr\u00e9sents, \u00e0 des abus et \u00e0 des d\u00e9pendances, \u00e9prouvent un sentiment particuli\u00e8rement profond d&#8217;indignit\u00e9 et de d\u00e9sespoir. Le minist\u00e8re &#8221; <a data-type=\"page\" data-id=\"6308\" href=\"https:\/\/transformiran.com\/fr\/notre-travail\/perle-de-perse\/\">Pearl of Persia<\/a> &#8221; de Transform Iran travaille sp\u00e9cifiquement avec ces personnes en t\u00eate, cr\u00e9ant une \u00e9vang\u00e9lisation sur mesure qui parle d&#8217;espoir, de gu\u00e9rison et d&#8217;identit\u00e9.  <\/p>\n\n<h3 class=\"wp-block-heading\"><strong>Sensibilisation en personne en Iran<\/strong><\/h3>\n\n<p>Les croyants en Iran sont passionn\u00e9s par le fait de voir d&#8217;autres personnes conna\u00eetre la puissance du Christ qui change leur vie et la partager activement avec d&#8217;autres. Nombre d&#8217;entre eux se d\u00e9placent m\u00eame d&#8217;un endroit \u00e0 l&#8217;autre avec le message d&#8217;espoir qu&#8217;ils portent. Nous apportons notre soutien \u00e0 distance par le biais de la formation, de la fourniture de bibles et de programmes de <a data-type=\"page\" data-id=\"6294\" href=\"https:\/\/transformiran.com\/fr\/notre-travail\/formation-de-disciple\/\">formation de disciples<\/a> pour ceux qui sont venus \u00e0 la foi.  <\/p>\n\n<p><\/p>\n\n<figure class=\"wp-block-embed is-type-video is-provider-youtube wp-block-embed-youtube wp-embed-aspect-16-9 wp-has-aspect-ratio\"><div class=\"wp-block-embed__wrapper\">\n<iframe title=\"The Risk of Sharing Your Faith in Iran (60-Second Reel)\" width=\"500\" height=\"281\" src=\"https:\/\/www.youtube.com\/embed\/C2pdLblzp2Q?feature=oembed\" frameborder=\"0\" allow=\"accelerometer; autoplay; clipboard-write; encrypted-media; gyroscope; picture-in-picture; web-share\" referrerpolicy=\"strict-origin-when-cross-origin\" allowfullscreen><\/iframe>\n<\/div><figcaption class=\"wp-element-caption\">Bien qu&#8217;il soit ill\u00e9gal de partager la foi chr\u00e9tienne en Iran, les rencontres surnaturelles avec J\u00e9sus entra\u00eenent une croissance organique de l&#8217;\u00c9glise.<\/figcaption><\/figure>\n\n<h3 class=\"wp-block-heading\"><strong>Sensibilisation en personne via la Turquie<\/strong><\/h3>\n\n<p>Transform Iran organise chaque ann\u00e9e des actions de sensibilisation cibl\u00e9es en Turquie, la destination touristique la plus populaire pour les Iraniens. Chaque ann\u00e9e, plus de 2 millions d&#8217;Iraniens se rendent en Turquie. Les Iraniens se rendent aussi r\u00e9guli\u00e8rement en Turquie pour affaires et ach\u00e8tent des milliers de biens immobiliers chaque ann\u00e9e.   Nos \u00e9vang\u00e9listes form\u00e9s se rendent dans des r\u00e9gions populaires aupr\u00e8s des Iraniens et partagent l&#8217;\u00c9vangile avec eux. Beaucoup ont \u00e9t\u00e9 sauv\u00e9s de cette mani\u00e8re et sont retourn\u00e9s en Iran o\u00f9 ils ont implant\u00e9 des \u00e9glises de maison. Notre \u00e9quipe de suivi soutient ensuite ces \u00e9glises \u00e0 distance (voir <a data-type=\"page\" data-id=\"6294\" href=\"https:\/\/transformiran.com\/fr\/notre-travail\/formation-de-disciple\/\">Formation de disciples<\/a>).<\/p>\n\n<p><\/p>\n\n<blockquote class=\"wp-block-quote is-layout-flow wp-block-quote-is-layout-flow\">\n<p>Je faisais partie d&#8217;une \u00e9quipe de sensibilisation dans la ville d&#8217;Istanbul. Nous recherchions des touristes iraniens. Nous avons rencontr\u00e9 une famille et nous avons partag\u00e9 la bonne nouvelle avec elle. Nous leur avons \u00e9galement offert des cadeaux leur permettant d&#8217;acc\u00e9der gratuitement \u00e0 la Bible et \u00e0 d&#8217;autres ressources chr\u00e9tiennes en ligne.<\/p>\n\n\n\n<p><em>Le p\u00e8re m&#8217;a dit qu&#8217;il croyait en J\u00e9sus et qu&#8217;il voulait devenir chr\u00e9tien, mais qu&#8217;il ne savait pas par o\u00f9 commencer ni quoi faire.<\/em><\/p>\n\n\n\n<p>C&#8217;\u00e9tait le dernier jour de leur voyage \u00e0 Istanbul &#8211; ils devaient retourner en Iran l&#8217;apr\u00e8s-midi m\u00eame. Sa femme \u00e9tait \u00e9galement de plus en plus joyeuse en nous \u00e9coutant. Elle \u00e9tait impatiente de donner son c\u0153ur \u00e0 J\u00e9sus-Christ, ce qu&#8217;elle a fait imm\u00e9diatement, et elle est devenue croyante.<\/p>\n\n\n\n<p>Son mari l&#8217;a vue confier sa vie \u00e0 J\u00e9sus et il a confess\u00e9 son amour pour J\u00e9sus lui aussi, s&#8217;est repenti de son p\u00e9ch\u00e9 et a donn\u00e9 son c\u0153ur \u00e0 J\u00e9sus. Ils \u00e9taient si heureux de ce moment ! Ils voulaient nous emmener manger une glace pour f\u00eater l&#8217;\u00e9v\u00e9nement !<\/p>\n\n\n\n<p>Ils sont maintenant de retour en Iran et je suis en contact avec la femme, que j&#8217;aide \u00e0 grandir dans sa foi.<\/p>\n<\/blockquote>\n\n<div class=\"wp-block-buttons is-content-justification-center is-layout-flex wp-container-core-buttons-is-layout-16018d1d wp-block-buttons-is-layout-flex\">\n<div class=\"wp-block-button\"><a class=\"wp-block-button__link has-white-color has-vivid-red-background-color has-text-color has-background has-link-color wp-element-button\" href=\"https:\/\/transformiran.com\/fr\/inscription-au-bulletin-dinformation\/\">Priez pour la propagation de l&#8217;Evangile en Iran &#8211; recevez des courriels mensuels pour vous guider<\/a><\/div>\n<\/div>\n\n<p><\/p>\n","protected":false},"excerpt":{"rendered":"<p>La faim surnaturelle des Iraniens pour l&#8217;\u00c9vangile L&#8217;Iran b\u00e9n\u00e9ficie d&#8217;une gr\u00e2ce surnaturelle, comme jamais auparavant. Les gens ont faim de la v\u00e9rit\u00e9 et sont ouverts \u00e0 l&#8217;\u00e9vangile. Mais l&#8217;\u00e9vangile doit \u00eatre partag\u00e9, car &#8220;comment croiront-ils en celui dont ils n&#8217;ont pas entendu parler ? Romains 10:14 Transform Iran pr\u00eache l&#8217;\u00c9vangile aux Iraniens par le biais [&hellip;]<\/p>\n","protected":false},"author":1,"featured_media":0,"parent":14016,"menu_order":0,"comment_status":"closed","ping_status":"closed","template":"page-work.php","meta":{"_acf_changed":false,"give_campaign_id":0,"om_disable_all_campaigns":false,"_mi_skip_tracking":false,"footnotes":""},"class_list":["post-13964","page","type-page","status-publish","hentry"],"acf":[],"yoast_head":"<!-- This site is optimized with the Yoast SEO plugin v27.3 - https:\/\/yoast.com\/product\/yoast-seo-wordpress\/ -->\n<title>Evang\u00e9lisation - Transform Iran<\/title>\n<meta name=\"robots\" content=\"index, follow, max-snippet:-1, max-image-preview:large, max-video-preview:-1\" \/>\n<link rel=\"canonical\" href=\"https:\/\/transformiran.com\/fr\/notre-travail\/evangelisation\/\" \/>\n<meta property=\"og:locale\" content=\"fr_FR\" \/>\n<meta property=\"og:type\" content=\"article\" \/>\n<meta property=\"og:title\" content=\"Evang\u00e9lisation - Transform Iran\" \/>\n<meta property=\"og:description\" content=\"La faim surnaturelle des Iraniens pour l&#8217;\u00c9vangile L&#8217;Iran b\u00e9n\u00e9ficie d&#8217;une gr\u00e2ce surnaturelle, comme jamais auparavant. Les gens ont faim de la v\u00e9rit\u00e9 et sont ouverts \u00e0 l&#8217;\u00e9vangile. Mais l&#8217;\u00e9vangile doit \u00eatre partag\u00e9, car &#8220;comment croiront-ils en celui dont ils n&#8217;ont pas entendu parler ? Romains 10:14 Transform Iran pr\u00eache l&#8217;\u00c9vangile aux Iraniens par le biais [&hellip;]\" \/>\n<meta property=\"og:url\" content=\"https:\/\/transformiran.com\/fr\/notre-travail\/evangelisation\/\" \/>\n<meta property=\"og:site_name\" content=\"Transform Iran\" \/>\n<meta property=\"article:publisher\" content=\"https:\/\/www.facebook.com\/222MinistriesUSAInc\" \/>\n<meta property=\"article:modified_time\" content=\"2025-12-08T21:40:39+00:00\" \/>\n<meta property=\"og:image\" content=\"https:\/\/transformiran.com\/app\/uploads\/2024\/08\/man-casting-net-landscape-lite.jpeg\" \/>\n\t<meta property=\"og:image:width\" content=\"1280\" \/>\n\t<meta property=\"og:image:height\" content=\"218\" \/>\n\t<meta property=\"og:image:type\" content=\"image\/jpeg\" \/>\n<meta name=\"twitter:card\" content=\"summary_large_image\" \/>\n<meta name=\"twitter:site\" content=\"@222minint\" \/>\n<meta name=\"twitter:label1\" content=\"Est. reading time\" \/>\n\t<meta name=\"twitter:data1\" content=\"5 minutes\" \/>\n<script type=\"application\/ld+json\" class=\"yoast-schema-graph\">{\"@context\":\"https:\\\/\\\/schema.org\",\"@graph\":[{\"@type\":\"WebPage\",\"@id\":\"https:\\\/\\\/transformiran.com\\\/fr\\\/notre-travail\\\/evangelisation\\\/\",\"url\":\"https:\\\/\\\/transformiran.com\\\/fr\\\/notre-travail\\\/evangelisation\\\/\",\"name\":\"Evang\u00e9lisation - Transform Iran\",\"isPartOf\":{\"@id\":\"https:\\\/\\\/transformiran.com\\\/fr\\\/#website\"},\"primaryImageOfPage\":{\"@id\":\"https:\\\/\\\/transformiran.com\\\/fr\\\/notre-travail\\\/evangelisation\\\/#primaryimage\"},\"image\":{\"@id\":\"https:\\\/\\\/transformiran.com\\\/fr\\\/notre-travail\\\/evangelisation\\\/#primaryimage\"},\"thumbnailUrl\":\"https:\\\/\\\/transformiran.com\\\/app\\\/uploads\\\/2024\\\/08\\\/man-casting-net-landscape-lite-1024x174.jpeg\",\"datePublished\":\"2022-11-03T12:16:01+00:00\",\"dateModified\":\"2025-12-08T21:40:39+00:00\",\"breadcrumb\":{\"@id\":\"https:\\\/\\\/transformiran.com\\\/fr\\\/notre-travail\\\/evangelisation\\\/#breadcrumb\"},\"inLanguage\":\"fr-FR\",\"potentialAction\":[{\"@type\":\"ReadAction\",\"target\":[\"https:\\\/\\\/transformiran.com\\\/fr\\\/notre-travail\\\/evangelisation\\\/\"]}]},{\"@type\":\"ImageObject\",\"inLanguage\":\"fr-FR\",\"@id\":\"https:\\\/\\\/transformiran.com\\\/fr\\\/notre-travail\\\/evangelisation\\\/#primaryimage\",\"url\":\"https:\\\/\\\/transformiran.com\\\/app\\\/uploads\\\/2024\\\/08\\\/man-casting-net-landscape-lite-1024x174.jpeg\",\"contentUrl\":\"https:\\\/\\\/transformiran.com\\\/app\\\/uploads\\\/2024\\\/08\\\/man-casting-net-landscape-lite-1024x174.jpeg\"},{\"@type\":\"BreadcrumbList\",\"@id\":\"https:\\\/\\\/transformiran.com\\\/fr\\\/notre-travail\\\/evangelisation\\\/#breadcrumb\",\"itemListElement\":[{\"@type\":\"ListItem\",\"position\":1,\"name\":\"Home\",\"item\":\"https:\\\/\\\/transformiran.com\\\/fr\\\/home\\\/\"},{\"@type\":\"ListItem\",\"position\":2,\"name\":\"Notre travail\",\"item\":\"https:\\\/\\\/transformiran.com\\\/fr\\\/notre-travail\\\/\"},{\"@type\":\"ListItem\",\"position\":3,\"name\":\"Evang\u00e9lisation\"}]},{\"@type\":\"WebSite\",\"@id\":\"https:\\\/\\\/transformiran.com\\\/fr\\\/#website\",\"url\":\"https:\\\/\\\/transformiran.com\\\/fr\\\/\",\"name\":\"Transform Iran\",\"description\":\"Bringing the love and power of Christ to Iran - and beyond\",\"publisher\":{\"@id\":\"https:\\\/\\\/transformiran.com\\\/fr\\\/#organization\"},\"potentialAction\":[{\"@type\":\"SearchAction\",\"target\":{\"@type\":\"EntryPoint\",\"urlTemplate\":\"https:\\\/\\\/transformiran.com\\\/fr\\\/?s={search_term_string}\"},\"query-input\":{\"@type\":\"PropertyValueSpecification\",\"valueRequired\":true,\"valueName\":\"search_term_string\"}}],\"inLanguage\":\"fr-FR\"},{\"@type\":\"Organization\",\"@id\":\"https:\\\/\\\/transformiran.com\\\/fr\\\/#organization\",\"name\":\"Transform Iran\",\"url\":\"https:\\\/\\\/transformiran.com\\\/fr\\\/\",\"logo\":{\"@type\":\"ImageObject\",\"inLanguage\":\"fr-FR\",\"@id\":\"https:\\\/\\\/transformiran.com\\\/fr\\\/#\\\/schema\\\/logo\\\/image\\\/\",\"url\":\"https:\\\/\\\/transformiran.com\\\/app\\\/uploads\\\/2022\\\/11\\\/logo_grey.jpg\",\"contentUrl\":\"https:\\\/\\\/transformiran.com\\\/app\\\/uploads\\\/2022\\\/11\\\/logo_grey.jpg\",\"width\":528,\"height\":90,\"caption\":\"Transform Iran\"},\"image\":{\"@id\":\"https:\\\/\\\/transformiran.com\\\/fr\\\/#\\\/schema\\\/logo\\\/image\\\/\"},\"sameAs\":[\"https:\\\/\\\/www.facebook.com\\\/222MinistriesUSAInc\",\"https:\\\/\\\/x.com\\\/222minint\",\"https:\\\/\\\/www.instagram.com\\\/222ministriesinternational\\\/\"]}]}<\/script>\n<!-- \/ Yoast SEO plugin. -->","yoast_head_json":{"title":"Evang\u00e9lisation - Transform Iran","robots":{"index":"index","follow":"follow","max-snippet":"max-snippet:-1","max-image-preview":"max-image-preview:large","max-video-preview":"max-video-preview:-1"},"canonical":"https:\/\/transformiran.com\/fr\/notre-travail\/evangelisation\/","og_locale":"fr_FR","og_type":"article","og_title":"Evang\u00e9lisation - Transform Iran","og_description":"La faim surnaturelle des Iraniens pour l&#8217;\u00c9vangile L&#8217;Iran b\u00e9n\u00e9ficie d&#8217;une gr\u00e2ce surnaturelle, comme jamais auparavant. Les gens ont faim de la v\u00e9rit\u00e9 et sont ouverts \u00e0 l&#8217;\u00e9vangile. Mais l&#8217;\u00e9vangile doit \u00eatre partag\u00e9, car &#8220;comment croiront-ils en celui dont ils n&#8217;ont pas entendu parler ? Romains 10:14 Transform Iran pr\u00eache l&#8217;\u00c9vangile aux Iraniens par le biais [&hellip;]","og_url":"https:\/\/transformiran.com\/fr\/notre-travail\/evangelisation\/","og_site_name":"Transform Iran","article_publisher":"https:\/\/www.facebook.com\/222MinistriesUSAInc","article_modified_time":"2025-12-08T21:40:39+00:00","og_image":[{"width":1280,"height":218,"url":"https:\/\/transformiran.com\/app\/uploads\/2024\/08\/man-casting-net-landscape-lite.jpeg","type":"image\/jpeg"}],"twitter_card":"summary_large_image","twitter_site":"@222minint","twitter_misc":{"Est. reading time":"5 minutes"},"schema":{"@context":"https:\/\/schema.org","@graph":[{"@type":"WebPage","@id":"https:\/\/transformiran.com\/fr\/notre-travail\/evangelisation\/","url":"https:\/\/transformiran.com\/fr\/notre-travail\/evangelisation\/","name":"Evang\u00e9lisation - Transform Iran","isPartOf":{"@id":"https:\/\/transformiran.com\/fr\/#website"},"primaryImageOfPage":{"@id":"https:\/\/transformiran.com\/fr\/notre-travail\/evangelisation\/#primaryimage"},"image":{"@id":"https:\/\/transformiran.com\/fr\/notre-travail\/evangelisation\/#primaryimage"},"thumbnailUrl":"https:\/\/transformiran.com\/app\/uploads\/2024\/08\/man-casting-net-landscape-lite-1024x174.jpeg","datePublished":"2022-11-03T12:16:01+00:00","dateModified":"2025-12-08T21:40:39+00:00","breadcrumb":{"@id":"https:\/\/transformiran.com\/fr\/notre-travail\/evangelisation\/#breadcrumb"},"inLanguage":"fr-FR","potentialAction":[{"@type":"ReadAction","target":["https:\/\/transformiran.com\/fr\/notre-travail\/evangelisation\/"]}]},{"@type":"ImageObject","inLanguage":"fr-FR","@id":"https:\/\/transformiran.com\/fr\/notre-travail\/evangelisation\/#primaryimage","url":"https:\/\/transformiran.com\/app\/uploads\/2024\/08\/man-casting-net-landscape-lite-1024x174.jpeg","contentUrl":"https:\/\/transformiran.com\/app\/uploads\/2024\/08\/man-casting-net-landscape-lite-1024x174.jpeg"},{"@type":"BreadcrumbList","@id":"https:\/\/transformiran.com\/fr\/notre-travail\/evangelisation\/#breadcrumb","itemListElement":[{"@type":"ListItem","position":1,"name":"Home","item":"https:\/\/transformiran.com\/fr\/home\/"},{"@type":"ListItem","position":2,"name":"Notre travail","item":"https:\/\/transformiran.com\/fr\/notre-travail\/"},{"@type":"ListItem","position":3,"name":"Evang\u00e9lisation"}]},{"@type":"WebSite","@id":"https:\/\/transformiran.com\/fr\/#website","url":"https:\/\/transformiran.com\/fr\/","name":"Transform Iran","description":"Bringing the love and power of Christ to Iran - and beyond","publisher":{"@id":"https:\/\/transformiran.com\/fr\/#organization"},"potentialAction":[{"@type":"SearchAction","target":{"@type":"EntryPoint","urlTemplate":"https:\/\/transformiran.com\/fr\/?s={search_term_string}"},"query-input":{"@type":"PropertyValueSpecification","valueRequired":true,"valueName":"search_term_string"}}],"inLanguage":"fr-FR"},{"@type":"Organization","@id":"https:\/\/transformiran.com\/fr\/#organization","name":"Transform Iran","url":"https:\/\/transformiran.com\/fr\/","logo":{"@type":"ImageObject","inLanguage":"fr-FR","@id":"https:\/\/transformiran.com\/fr\/#\/schema\/logo\/image\/","url":"https:\/\/transformiran.com\/app\/uploads\/2022\/11\/logo_grey.jpg","contentUrl":"https:\/\/transformiran.com\/app\/uploads\/2022\/11\/logo_grey.jpg","width":528,"height":90,"caption":"Transform Iran"},"image":{"@id":"https:\/\/transformiran.com\/fr\/#\/schema\/logo\/image\/"},"sameAs":["https:\/\/www.facebook.com\/222MinistriesUSAInc","https:\/\/x.com\/222minint","https:\/\/www.instagram.com\/222ministriesinternational\/"]}]}},"campaignId":"","_links":{"self":[{"href":"https:\/\/transformiran.com\/fr\/wp-json\/wp\/v2\/pages\/13964","targetHints":{"allow":["GET"]}}],"collection":[{"href":"https:\/\/transformiran.com\/fr\/wp-json\/wp\/v2\/pages"}],"about":[{"href":"https:\/\/transformiran.com\/fr\/wp-json\/wp\/v2\/types\/page"}],"author":[{"embeddable":true,"href":"https:\/\/transformiran.com\/fr\/wp-json\/wp\/v2\/users\/1"}],"replies":[{"embeddable":true,"href":"https:\/\/transformiran.com\/fr\/wp-json\/wp\/v2\/comments?post=13964"}],"version-history":[{"count":2,"href":"https:\/\/transformiran.com\/fr\/wp-json\/wp\/v2\/pages\/13964\/revisions"}],"predecessor-version":[{"id":33977,"href":"https:\/\/transformiran.com\/fr\/wp-json\/wp\/v2\/pages\/13964\/revisions\/33977"}],"up":[{"embeddable":true,"href":"https:\/\/transformiran.com\/fr\/wp-json\/wp\/v2\/pages\/14016"}],"wp:attachment":[{"href":"https:\/\/transformiran.com\/fr\/wp-json\/wp\/v2\/media?parent=13964"}],"curies":[{"name":"wp","href":"https:\/\/api.w.org\/{rel}","templated":true}]}}